{"id":21362,"date":"2025-08-11T10:52:23","date_gmt":"2025-08-11T07:52:23","guid":{"rendered":"https:\/\/tuzlahortum.com.tr\/urun\/buhar-170\/"},"modified":"2025-08-20T15:55:19","modified_gmt":"2025-08-20T12:55:19","slug":"buhar-170","status":"publish","type":"product","link":"https:\/\/tuzlahortum.com.tr\/en\/product\/buhar-170\/","title":{"rendered":"STEAM 170"},"content":{"rendered":"<p>&nbsp;<\/p>\n<div class=\"report-container\">\n<div class=\"report-header\">\n<div class=\"standard-text\">Product Name: STEAM 170<\/div>\n<div class=\"standard-text\">Product Code: ST511<\/div>\n<\/div>\n<div class=\"product-image-container\">\n<div class=\"key-feature\">Textile Steam<\/div>\n<\/div>\n<div class=\"horizontal-line\"><\/div>\n<div class=\"product-details\">\n<div class=\"detail-row\">\n<div class=\"detail-label\">Area of Use<\/div>\n<div class=\"detail-value\">: For General Saturated Steam Services with a Maximum Operating Pressure of 7 Bar (102 PSI).<\/div>\n<\/div>\n<div class=\"detail-row\">\n<div class=\"detail-label\">Substrate<\/div>\n<div class=\"detail-value\">: EPDM rubber resistant to saturated vapor.<\/div>\n<\/div>\n<div class=\"detail-row\">\n<div class=\"detail-label\">Reinforcement Layer<\/div>\n<div class=\"detail-value\">: High Strength Synthetic Textile.<\/div>\n<\/div>\n<div class=\"detail-row\">\n<div class=\"detail-label\">Top Layer<\/div>\n<div class=\"detail-value\">: Special micro perforated synthetic rubber resistant to abrasion, heat, steam, ozone and weathering.<\/div>\n<\/div>\n<\/div>\n<div class=\"datasheet_table\"><img decoding=\"async\" class=\"alignnone size-full\" src=\"https:\/\/tuzlahortum.com.tr\/wp-content\/uploads\/2025\/08\/datasheet222.svg\" alt=\"\" title=\"\"><\/div>\n<div class=\"table-notes\"><\/div>\n<div class=\"horizontal-line\"><\/div>\n<div class=\"footer\">\n<div class=\"standards-section\">\n<div class=\"standard-item\" style=\"margin-top: 9px;\"><\/div>\n<div class=\"standard-info\"><\/div>\n<\/div>\n<div class=\"temperature-section\">\n<div class=\"temp-icon\"><img decoding=\"async\" src=\"data:image\/svg+xml;base64,PD94bWwgdmVyc2lvbj0iMS4wIiBlbmNvZGluZz0iVVRGLTgiPz4KPHN2ZyBpZD0ia2F0bWFuXzIiIGRhdGEtbmFtZT0ia2F0bWFuIDIiIHhtbG5zPSJodHRwOi8vd3d3LnczLm9yZy8yMDAwL3N2ZyIgdmlld0JveD0iMCAwIDcyLjI3IDE2Ljk4Ij4KICA8ZGVmcz4KICAgIDxzdHlsZT4KICAgICAgLmNscy0xIHsKICAgICAgICBzdHJva2Utd2lkdGg6IC41OXB4OwogICAgICB9CgogICAgICAuY2xzLTEsIC5jbHMtMiwgLmNscy0zLCAuY2xzLTQgewogICAgICAgIGZpbGw6IG5vbmU7CiAgICAgICAgc3Ryb2tlLW1pdGVybGltaXQ6IDMuODY7CiAgICAgIH0KCiAgICAgIC5jbHMtMSwgLmNscy0zLCAuY2xzLTQgewogICAgICAgIHN0cm9rZTogI2E3YTlhYjsKICAgICAgfQoKICAgICAgLmNscy01IHsKICAgICAgICBmaWxsOiAjYTdhOWFiOwogICAgICB9CgogICAgICAuY2xzLTIgewogICAgICAgIHN0cm9rZTogI2ZmZjsKICAgICAgfQoKICAgICAgLmNscy0zIHsKICAgICAgICBzdHJva2Utd2lkdGg6IDIuMDZweDsKICAgICAgfQoKICAgICAgLmNscy00IHsKICAgICAgICBzdHJva2Utd2lkdGg6IC4ycHg7CiAgICAgIH0KICAgIDwvc3R5bGU+CiAgPC9kZWZzPgogIDxnIGlkPSJrYXRtYW5fMSIgZGF0YS1uYW1lPSJrYXRtYW4gMSI+CiAgICA8Zz4KICAgICAgPHBhdGggY2xhc3M9ImNscy0zIiBkPSJNMTEuMzQsMTEuNTdjLS45NCwxLjcxLTIuNzEsMi42Ni00LjgsMi42Ni0zLjA1LDAtNS41MS0yLjQ3LTUuNTEtNS41MlMzLjUsMy4xOSw2LjU1LDMuMTljMS45NCwwLDMuNjUsMSw0LjYzLDIuNTIiLz4KICAgICAgPGNpcmNsZSBjbGFzcz0iY2xzLTUiIGN4PSI2LjU1IiBjeT0iOC42NiIgcj0iMi40Ii8+CiAgICAgIDxjaXJjbGUgY2xhc3M9ImNscy0yIiBjeD0iNi41NSIgY3k9IjguNjYiIHI9IjIuNCIvPgogICAgICA8bGluZSBjbGFzcz0iY2xzLTMiIHgxPSI2OC4zNCIgeTE9IjExLjc2IiB4Mj0iOS45MiIgeTI9IjExLjc2Ii8+CiAgICAgIDxsaW5lIGNsYXNzPSJjbHMtMyIgeDE9IjY4Ljc4IiB5MT0iNS41MSIgeDI9IjkuNzMiIHkyPSI1LjUxIi8+CiAgICAgIDxsaW5lIGNsYXNzPSJjbHMtMyIgeDE9IjU0LjA3IiB5MT0iOC43NSIgeDI9IjguNjQiIHkyPSI4Ljc1Ii8+CiAgICAgIDxwYXRoIGNsYXNzPSJjbHMtMyIgZD0iTTY4LjE1LDUuNTVjMS43MSwwLDMuMDksMS4zOSwzLjA5LDMuMDlzLTEuOTIsMy4wNi0zLjYyLDMuMDYiLz4KICAgICAgPHBhdGggY2xhc3M9ImNscy01IiBkPSJNNTMuOTEsOC43NWMwLS4xNC4xMi0uMjYuMjYtLjI2cy4yNy4xMi4yNy4yNi0uMTIuMjctLjI3LjI3LS4yNi0uMTItLjI2LS4yN1oiLz4KICAgICAgPHBhdGggY2xhc3M9ImNscy0zIiBkPSJNNTMuOTEsOC43NWMwLS4xNC4xMi0uMjYuMjYtLjI2cy4yNy4xMi4yNy4yNi0uMTIuMjctLjI3LjI3LS4yNi0uMTItLjI2LS4yN1oiLz4KICAgICAgPGxpbmUgY2xhc3M9ImNscy0xIiB4MT0iMzYuNDMiIHkxPSIxNi45OCIgeDI9IjM2LjQzIiB5Mj0iMTQuMjQiLz4KICAgICAgPGxpbmUgY2xhc3M9ImNscy0xIiB4MT0iMjguMDUiIHkxPSIxNi45OCIgeDI9IjI4LjA1IiB5Mj0iMTQuMjQiLz4KICAgICAgPGxpbmUgY2xhc3M9ImNscy0xIiB4MT0iMTkuNTkiIHkxPSIxNi45OCIgeDI9IjE5LjU5IiB5Mj0iMTQuMjQiLz4KICAgICAgPGxpbmUgY2xhc3M9ImNscy0xIiB4MT0iNDEuNTciIHkxPSIyLjc0IiB4Mj0iNDEuNTciLz4KICAgICAgPGxpbmUgY2xhc3M9ImNscy0xIiB4MT0iMzMuMjgiIHkxPSIyLjc0IiB4Mj0iMzMuMjgiLz4KICAgICAgPGxpbmUgY2xhc3M9ImNscy0xIiB4MT0iMjQuOTkiIHkxPSIyLjc0IiB4Mj0iMjQuOTkiLz4KICAgICAgPGxpbmUgY2xhc3M9ImNscy0xIiB4MT0iMTYuMDgiIHkxPSIyLjc0IiB4Mj0iMTYuMDgiLz4KICAgICAgPGxpbmUgY2xhc3M9ImNscy0xIiB4MT0iNDQuNjMiIHkxPSIxNi45OCIgeDI9IjQ0LjYzIiB5Mj0iMTQuMjQiLz4KICAgICAgPGxpbmUgY2xhc3M9ImNscy0xIiB4MT0iNDkuNDkiIHkxPSIyLjc0IiB4Mj0iNDkuNDkiLz4KICAgICAgPGxpbmUgY2xhc3M9ImNscy00IiB4MT0iNDAuODgiIHkxPSIxNi45OCIgeDI9IjQwLjg4IiB5Mj0iMTQuMjQiLz4KICAgICAgPGxpbmUgY2xhc3M9ImNscy00IiB4MT0iMzIuMzMiIHkxPSIxNi45OCIgeDI9IjMyLjMzIiB5Mj0iMTQuMjQiLz4KICAgICAgPGxpbmUgY2xhc3M9ImNscy00IiB4MT0iMjMuNzkiIHkxPSIxNi45OCIgeDI9IjIzLjc5IiB5Mj0iMTQuMjQiLz4KICAgICAgPGxpbmUgY2xhc3M9ImNscy00IiB4MT0iMjAuNTkiIHkxPSIyLjc0IiB4Mj0iMjAuNTkiLz4KICAgICAgPGxpbmUgY2xhc3M9ImNscy00IiB4MT0iMjkuMTMiIHkxPSIyLjc0IiB4Mj0iMjkuMTMiLz4KICAgICAgPGxpbmUgY2xhc3M9ImNscy00IiB4MT0iMzcuMTYiIHkxPSIyLjc0IiB4Mj0iMzcuMTYiLz4KICAgICAgPGxpbmUgY2xhc3M9ImNscy00IiB4MT0iNDUuNzEiIHkxPSIyLjc0IiB4Mj0iNDUuNzEiLz4KICAgIDwvZz4KICA8L2c+Cjwvc3ZnPg==\" alt=\"S\u0131cakl\u0131k\" width=\"100\" title=\"\"><\/div>\n<div class=\"temp-values\">\n<div>-40\u00b0C \/ +165\u00b0C<\/div>\n<div>-40\u00b0F \/ +329\u00b0F<\/div>\n<\/div>\n<\/div>\n<div class=\"marking-section\">\n<div class=\"detail-row\">\n<div class=\"detail-label\">Branding<\/div>\n<div class=\"detail-value\">: Transfer Band or Embossed<\/div>\n<\/div>\n<p><img decoding=\"async\" class=\"marking-image\" src=\"data:image\/png;base64,iVBORw0KGgoAAAANSUhEUgAABf0AAAAoCAYAAABEkVAiAAAACXBIWXMAACE3AAAhNwEzWJ96AAAgAElEQVR4nO3dfWhbZ54v8K8sx3Wb+DCBZQbHB7bpTlN8oDPgFqSZ7ia7NNIf45l7wRZMQuDi6GaSycDaGsgL3MbZJc4sNAnU8YXJJBMUs2xoBmRfmE56QWrZ6etK0DFMCzKZlqR\/HMfc+SflJG1dO7bvH9Lz+OjonKN3Hcn+fiAk1svRc14US7\/n9\/x+vr\/726f\/FcC\/gIiIiIiIiIiIiIiI2lqH1wMgIiIiIiIiIiIiIqL6YNCfiIiIiIiIiIiIiGiTYNCfiIiIiIiIiIiIiGiT6KzlyYFgEMORYfSpar3GU7P5bBbnz00AyI0vEAzK+2YTCei67tXQ6mYiqGDXDr\/XwyDakmLvfoGHy+teD4OIiIiIiIiIiMhW1UH\/QDCIm7der+dY6i4QDGI0NiZ\/zqTTbR\/0\/yf1Cfy3Z570ehhEW9LNO18x4E9ERERERERERC2t6vI+5gx6ap5TL\/R4PQSiLenh8jqufPLI62EQERERERERERG5Yk3\/NnL8+R3YtZ1lfYi8cOWTR8zyJyIiIiIiIiKilldTTX+z2UQCM4mZem2uaoZheD2Ehujp8uHQc095PQyiLen+l6u4eecrr4dBRFvESDSKh4aBmUTC66G0pNFYDPPZLFLJpNdDISIiIiKq2s1br7dFJZWpycuYmpy0ve+zz+81eTTVOXTgIDLpdNHt7T5+N3UL+s8kZip+cSrfqYEe9HT5vB4G0ZY0nt6ck4lE1HoURcFobAyKomyKXkT1FgqHMRobw4KuM+hPRERERETkoG5B\/1rVqzFwJp3GoQMH6zCi1vHczs62ad7bOTCIzhcGnR\/w9SOsfHgLq3fnXJ+79Ntf2D69o3cPun4cAwAs\/2ESa4t\/kfd1\/+zXtrfbvcba\/U+xfPs1133Z9tIB+LW9WLs7h+W3r7s+tmvwl+jY9azj\/Wv3P8XK29exvvTQdTt22zPvj3n\/3V7Lbt+6Xj6CzpcOwNe9AwCw\/mARKx\/+Disf3CprTFvVR39dxkf\/b9nrYVRtOBLBSPQw+jUNQG411FvJJG7Eb2A+m5WPGYoMl7W92cQMZhIJnDk7Lrfpxu3\/Y\/G6qWQK0\/G44+P6NQ1nzo5jQddx6sRJ19cLhcMYiR7GfDaL8+cmSm7T7XFifGKf7YzGYhiODKNPVQEAqWQSU5OX5bG1oygKRqLRgueJAObU5OWiFWvlnp\/z5yaKXldRFFy5dhUAcPrEyaIAsqqqePXSRcd9FOfZ7RiYH2dnQdcxNXm5quB1qeus1LjcPlcs6HrB+6BVjESjUBQFhmEUXAsj0ShC4RAA+\/eVuKZFppBhGJiO33DMyOnXNFy4dFEeX\/FeKJXAIV7HSalzEggGMRI9jFA4LG9LJZOYTczYBvHFORT7PJ\/NwjAM9KkqhiMRroYgIiIiIiqT+E5Y7vf5VrOg6\/L7+6uXLkJRFI9HVJlmj79lgv7krJ2a93bs7IV\/94DrY\/zaXqy8fb0okF7Oc31P7pCP8T25o3C7DrdX+hrCth\/+FL6dvej4Vm\/JoH\/Hrmddt+vfPYDOFwax9NtfOE5IAICvuwdPRMbh1\/Zu3GbaH\/P+V+KJyDg6BwonY3w7e9E1GIOve0fJ\/dvKxv+rfbP8L1y6iKFIpOA2RVEwFIlgKBKRS\/T6VLXsJYWZdAZALvBX6zLEocgwAsEgFEVxDforiiJfq1TwWGyzFPM2nYjjIvbZyu74hsJhhMJhHD96zDaAqSgKbt56vegDVp+qYiQaxVAkgtMnThY8t9zzY\/eBwTAM9GsaFEVBn6oWHTvztu2Cp6FwGH2qitkS5ftKXQ\/7w2EcOnCw4gB7qe06nRuh1HEbikSqWibZKLkJocMAgF+dm5BBf7trzUxVVdy89XrBNbCxYqCnaGKrX9OKHi9u+8mPBktOWrkd10AwiEAwYDtBNxyJ4NVLF4tuF++bVDKJ0ydOFkx2WF9L13VMx29gNDaG0dgYg\/5ERERERGXIpNPys\/PU5GWZHNZOZkyJQoFEACPRqMcjqkyzx89Gvi3un9Qn8OK3u7weRsXWlx5h9d5cwZ\/1pUfy\/m0vH4H\/mcqD183i29kL385e+e+O3j21b7N7R8ks\/W0v\/bQg4F8PHb17ZMDffF7ka758BL7u9plYaqabd77C\/S9XvR5GVQLBYEGQMJNOI5NOFwTzRqKHPZsZNwcO+zUNaj7jvZT9puxgu22GXO6vp9FYrOj4LpgC6k6z9iPRaMGqC3FexHPNQd96EefcLlBrPgd2xEqEbI3Z8Iqi4DcefqgUx1n8MQeVL9gEob0SCoehKAoWdF1+ILe+l+2IckBA7nyb93EkGi16f505Oy4fb\/1\/wS2Lv1xDkQiGbSYcXzFtW4zTPOESCofLyjgSk4R9qtq09zwRERERUTsTyWAAEAgG2rInaiAYAJD7btGvaW23D80ef90y\/fs1ra6ZcoZhVLXkvtWW6deqnbL8zdYW\/2JboqdzYBBPRMblv+3K\/LSCTm2f5ee9WHbJ0BfsVjD4unvQ9eMYOgcG4d89gI7ePa7Z\/gCwtvgpOnqdywUBwJf\/qzCA99TJ\/wPfzl6s3f+0cOymgL95pYH\/mQF0H8mVRPJre\/F47nbJ\/dtKHi6v48onj0o\/sEWJwPGCruPQgYMFGd6BYBBXrl2VmcRTk5NFJUBEM5vvPr3b9XWqzZK2BqADwSD0MjJ2hyPDjqsCmhn8E8d3PpvF8aPH5PEdiUZlQHUkGi06ruJ5dhnN4rmnHUoYuTVPcjOfzSIQDEJV+4ru69f6AeQ+dKiWlQDmc1Tu71a760HslwjQVlOH3brdd95\/D32qWjDRUur5VqOxGEZjY6YVHd5n++\/Pl++xO0aziYRj8F9MhpmvEUVR8Mf334OiKNgfDsv3jXn1xOkTJ+XkgjgeYvVNqQ+gduUUVVXFlWtX0a9pGIkeLsjCH4pE5JcM6\/kUzxMTAaUYhiGPRygcYm1\/IiIiIqISFEXB3Md\/xoKuI5vNYuB734eiKHjjzdsy2avVBYJBzH38ZwC57z6HDhxEv6bhjTfbI57V7PHXLeh\/5ux4xdlhqWQSx48es71vPpvddLX5K3Xouaewa7vf62HU1eO52+jU9sGv7ZWZ9K1IZNuL4Ltf2wdUWQJnfekhlv8wKYPvbhMI60uP8E1iAutfLMqAfDnMKxPMWfwAZG+A1ew7BZMNq3fn5P51tPC58MrNO1\/h4fK618OomgiAnz83UVTSJZNO4x\/\/\/h88nRUXM9zz2Sz6NQ37w6GyynSIVQF2JX5EwLTRRDY2AJyy1Mmfjsehaf0yGGkO0otgKoCigL947mwiUffzMp+dBwDbD3KaKavaWv5HZIfXGgyfjscxHBnOB5sDNQdoRakioLYVCFOTk7KvQqsE\/cX7dsZSTun8uQlMx+O2QX9FUeR1NWt6D4n+HUORSMGEjwj4m1cTALnzNBobA1B9Ioee798gAv\/myQPRj2A6Hi\/atq7r+MmPBitaeZRKpjAUidRcZoyIiIiIaCvpU1X5fcMwDOi63jZBfwAFK5zNf7eLZo7f0\/I+5S7j3op6unw4\/rxzbfp2VirL3Wu+7h5ZN180xO3ofbamSYr1pYdYW8xn4LuU0ln54JZrxv3618XleQAU1Plfc1g9sf5g0XZcpca0Fd3\/crWts\/zNnAJ3Xi+DC5kyk4HStdfN7Er8NLO0j7nxqd0v6FQyVfA4K9GI1E4jzosI5FuPsTl4bne\/uclwrUodEyfWUjXAxjirXRFoVk5z4UrKT5mfU2npLKf9yqTTJRtdC9b90fWFosfMZ7P5FQGXCx5br2vPPKljd77d+jBUMgbxOn2qWvH5ISIiIiLaykLhEALBIELhMFRVxXQ8Xpfvfc00nO\/nNxKNYkHXMR2Pex7nqEQzxl91pn+9ZiKcvhSLhnKVms9mixrWtaPjz+9AT5fP62FsSR35XgPrDxYLsuH9uwfw+EHtS27cGg2X4lQ2SfQcWFv8dCOQXwGxGoByLvyp8mPYqsop09FsqqqiT1VhGAZSySQW8pkF\/ZpW1u8WuxI\/IuBvGEbD+xSIrGmnsVqDntbHNbuPgrWMiggMWwOyotSPIFZjZPMrBbxg9\/vcPOnSSKOxWEHfiwVdx\/lzE0UrFQLBIG7eeh2ZdBrHjx4raNQ8HY+X\/ZlEPKfRKw6sdfStrw\/UZ6LHST2vf7FSqF\/TyprAISIiIiKiwpjr8aPHkEomMTV5WZaeaQdDkYhcCT3wve\/ne+Zl2qZBcTPGX3XQP5VM4vy5Cblcu1wi2FOKucnjVrNrux+HnnvK62E0jDmo3oo686V9RDb96t05dPQ+i05tX9V1733dPbJGfyP2WzRFbvVVFO3go78u4z\/1b7weRt0MRSJV1YFvJJGpLwKPqWQSI9EoQuGwayDXHOCzlvgRpX1EOZNGEr\/DRBa1G7sApxflZOyCo+J37NTkZYzGxgpK\/QAb5X1abbmkmIxwyxgvl1Og\/cKli0XXUV++7rxbHwtzwB\/ITUaVG\/TfmEzyZpLFvNKgkQH0ochwWaW8ymG+rlnXn4iIiIiociJJsNWSBSvR7vvQqPHXVN5nOh7HoQMHK\/pjrVNLxSZ+0Nws0Gbp6N2DrpePyFI0Kx\/8zuMR2fPnm\/g+zr4LYCP4LyYrqrHtpZ\/Kf68ufuryyMqZJxRatTFyO9ksWf4iADYaG8OFSxdbqpSaNWgr\/ha3OxErA4DCEj\/m0j6ijEwrMpepuXLtKkZjsaaVJbHL7heZ\/aJMUZ+qykkKc+mfegT9RYJAPbYlgtO1bKtf03Dl2lUoioIFXS8K4m9cm2lZCkecO6f+RYFgEP2ahtlEQvZmsJbQKTUmwLsPqofzTabfqjF4bi6zZT5H4r0pVkbUoxxXORNvRERERETtYmrysuz\/ZhgGTp84Kb9TzGezMisfyH3nP33iZMHPx48ek5\/Bp+NxnD5xUpaXtW5L\/Hzm7DhGYzFcuXa1aBuVKmfMTmO02\/\/z5yZw\/tyELIFqt61UMim\/X585O16wja02fqu6NfKl+njxO1148dtdXg+jZv7dA9j+b\/aZkOtLj7D8h9calpXeNfhLxxI3Hd9yr8vf0bsHvu5c+R1RG381+w4AwNe9A35tn\/zZTufAYNHkgDXL3+351TC\/nrXWP1Xm93e\/xp0Hj70eRl1Mx2\/IoJpYNiYae84kZuqWZX7m7LjjLyOnZuwiaCvGIP4WjW7dfrm9lUwhFA4XlPjZCPgnK\/7F6FZKrhEB+en4DYzGxqAoCkZjYxiNjWFB15FKJjEdv+GaYZ2r+Wc\/MXL+3ESJVRLz+T46GyV8NK2wN4HImM6k0zIAvaDrNX\/YGI3FTBn1tWXnm1cAVnINf\/b5PdvbF3QdPz96rOj2mUQCmXS64Hxk0mmZye90nYqGuwCgqperypj3YmXFaCwmJ3kqmaiwUlVVTopYe1fMJhLy2g8Eg\/JcppJJvJVM1ZT9X2rCkIiIiIio1eUSjjZW6eca7uY+I6tqn\/wen0om8dnn92RgOJVMIvRxGMfz32sMw8CZs+NyxbFhGOjXtIJtpZIpGXwOBAMYjY0BAL779G75nGpKrk\/HbziO+Z3333Md40j0sNz\/XEJaj+m7VW7M5m2Z9\/+zz+8hFA4XHMM+VZX7tVXGb9WyQf9qa\/O361IOYSK4ObP8zdbuzmE1n0XfCCLAXo3OgUEAxbXxV7Pvwq\/thX\/3gGvQ3rezF36Xhr\/fzNS\/34RYObH+YLFlSya1g4fL67gwtzmy\/IHcB4bTJ07i1UsX5W2KosgJAFF\/vNb\/MytdQSAC+wu6LoObYta7X9MQCAZdy3Skkkm8YowXlPjZKO1TeZZ\/s0vJTU1OQlX7CkrH9KkqRqJRjESjrjXg+1zK45Wqk54LkI\/JiQyRyS9KuWSz8xgCZNkhcV4rDVq7fTAUkxu1qOdkBADMJGYcg+zWfRcrNRRFkZMjVuZeE+1SY15RFIzks\/xnE4myxx0IBh0nU4DcB2YzwzBw6MBB3Lz1esH1GgqHEQqHMRobw88rzCoS1zURERERUbszJ531qaos\/yl+Nq\/KFrcZ+RXb4nbxfUX8MQyjaFu5kq8L8ruZ+XXN26huHwrHrKoqMvnt9pjGZDdG82sqSk\/Bd1+7bYnvZNbxm7fRquMXPQ3rPX6rlg365xoYNK\/ecSs49NxT2LXd7\/Uw6mL9waJt\/fvOgUH4tb148p\/\/HV\/\/7\/9RVdPZRhK18a2B\/dV7c\/Bre9Gp7cXy7dcq3u7a4qf4JjHRkNUNcszM8q\/JzTtf4eHyutfDqCuRrbw\/HEYgGJABdyAXsHv10kU5U90s1ix\/QQSaQ+GQa2BYrFYYikSwPxzGbCJRkOnfSmWMnJw6cRI38isxxHkRRqJR6PpCUaPiWi1YyvtYm+GKv8VKAPFhpx5184HcebPLqK\/URmmoyj4fWLPXFaVHBppVtQ+nTpwsazvz2azjJFGr9T4o15mz4\/LDai1Z\/maziYRt5v58Not\/\/Pt\/KLj2xYfhPlXFb65dxU9+NNj2CRxERERERJXqU1W88\/570HVdfucwf3\/r1zSMZA\/LIPHNW6\/L5DkAeOPN29B1Xa5MFj87bSsQDOQC0ek0ZhIz6Ne0gm1UYygSKXidQDCIocgw1HxQvNQY33jzNgzDKPhZbCsUDhds68q1q3L\/xcr34chw0TZacfwAGjJ+q5YN+m81PV0+HH9+h9fDqJu1Lxax\/Pb1ottXPvgdun\/2a3T0PottLx+pKoBeytL1XzjWtu96+Qi2vXzE9j7fzl65SuCxZSWC2J5vZy98O3sdM+pX3r5esN\/dP\/s1\/LsH4Ove0bByRmLMa3XuFbCV3P9yFVc+eeT1MBpC13VMx+MFpXBGY2Pyl461IW6l3Jqa2hG13a3B5Ew6g5FotKxfbKlkCkORCIYjw3iYDw5WU9on97ppxzJEo7FYzcvpnIiSOsBGT4JX8sHXw9HDtkH\/XG356poy6\/nMeJGlvjH5slG7Htgo+WOdFKhkv6znYT6bLaiJXwsxvmyFzW7tjtvU5GX88f33MBSJ4Eb8RsG+qvmllPvD4bKzXNoxUK2qqlx1Uqq8lJVYoWO9bTYxU3LibsY0KdCvaRiNjSEUDqNPVREKh+vW6JeIiIiIqJ1YV3ebg+\/WVerWn63PddsWsJGQJ2rOZ9JpnDk77ri6vFxOr1PNGN22JfZ\/Ppst+P5881YEtWj38Zu5Bv37Nc2xYV21yq2R7FZn2Y1bWSC32tOlzCZmGvol9PjzO9DT5WvY9lvF+tJDrHxwC09ExqvOmm8UUSYHADq1vYC21\/Zxndo+rHxwq6xtPv7T7VzQf2cv\/M8M1L3Rrt9cz59NfKu2WZr3liOVTCKTTuOP778nf8noTQqwiYAzkMvY7itYxpZbuiaWvbkFH0WAv1\/TZFmSakr7tAoRBNV1HTdvvV7WMaiGyFJXVVVm9JsnbESWgfk8VTqG8+cmGrZKTzV9oKrHa5hXjYTC4YIAtjgPm50o\/2UYRsWrS+azWccJs0q3c\/zoMdy89Xq+1n+g7M9bzSzNRURERES0mWTSaVkCeDoeb4tV82YiCUnNl8oxr3poB80Yv2vQv9m1jhv92rUcvHqVOLCza7sfh557qmHbbzXrX+Sy5H2W2vfrS5VlWq\/VuX59p7ZP\/ttpNQAA+LW95Qf9526j68e\/hK97B7b98ED9g\/6inv\/So4atJNjsPvrrMv5T\/8brYTSV+OViLq3RDKIMD4CCmvZW+8PhkgFIEazdaBDbvHJwG8HzPtv7zZnhlUw0m\/ehrwFB\/0w6g0AwKPshAIWZ\/Oa+CmIfWqlkjfl3eL3GpesLAAobwQ5HIvJ9MR2PwzAemu4bbvh7RtR6bDRzM91f5bN7vCSuz2qObyM\/oxERERERbTbmVeRvvHm77gnfzXD86DE5cTH38Z+9Hk7FmjH+joZstUzm8gZb2cQPNn\/z3nKYg9bWCQF5+7c2bq9301q\/Q2Z\/0eN2D8DXXX5Djcd\/ui2377Rf1erIZ\/qv1TiZUOvz29lWyvL3mjmwWuvjUqbM\/vlstqlNU0UQ2Gki2Txh3Uq\/4zbq+vejX9OKmuGKkjli9USr9dWptp5\/pcwB\/\/PnJjA1OSn\/NPI6E9dKsybiLuSz\/Bd0vW3L6ThNvBERERERkbMF0\/car5N\/qiX2geN35llN\/9lEQtaN2spe\/E4XXvx2l9fDaCp\/\/z7b29fub9Sk3zYwaNsToCufgV\/v+vV+U5b\/0n+cBhwaDHcf+XX+8XttGxXbWfnwFra99FMAzvtVLZHpX06Wf0fvnuLbvlXfSYh28\/u7X+POg8deD6MhRqJRzCYStv\/Hmsu3NDMoLYLhU5OXbQO3oqSceUWAE1HiR1EUzCRm6j5WN7mxj8mseOu+DEWGAdgf29FYzLEuf6MnC7L5bYrjm7W8xkYz39y1sdDEiZRybKzqqF9Wt+gxYbev5gz\/ZtiYTOqv6Hnm608sC934WZRxKjxm5tUMTiUR6y0UDkPXdcdrW0zqVHLt99msWCEiIiIiInsiRvBKvna\/ovS0VcnMXFnSG+jX+nHl2lWkkqmKvz95KdcDLYE+VW3K+F2D\/pl0Gt99enfDXrzRryUy81rZRHDrZPn7unvQ+cKgDICvWprlri89xGr2Xfi1vdj28hGsLz2SZXR83T3o+nFMZsqXG3AvlyyT82ARq9l3HB+3tvgpOnqfhf+ZgbLHsP5gEav35uDfPYDOlw7ULehfUM\/\/nnOm\/trd3Gv7tb3o6N0jJwg6Bwbl8ax3qaR28HB5HRfmNmeWfyAYxJmz4xiODBfVWFcUBWfyDWOB5gXL+jVNBuhm8\/XrrUTjIAC2wXQrUeLnLZemoY2QSaexoOvyF\/WhAwflcRyNxWRQ3ToZIRoD92v9+NW5iYJjoKqq3HdrBn69WM\/1vKUZrjje4tqwa5YrJozsmrhWStToX9D1sjLoxYfRelyziqLIhtaA\/USCXRZ5uX2JqiEmk7QqShGK63E0NobjR48BgGzWLe4XFEXBK\/lrLZNOuzbdrRdFUWT\/gF+dmyhaWWBu4m29Lt2I5zRzpQ8RERERUTuaTSRw6sRJ+fNobMzD0VTH\/F3ijTdvt90+NHv8nmX6E3Douaewa7vf62E0hH\/3ALb\/m3vAbuXD4rr4Kx\/ekmV2ugZj6BqMFT1mfemRLJlTL53513xsmYiwWs2+kwv6a\/sAlJ8dKRv6du9A58BgXSYtzI2H3XoFrMzdlj0Knvznf5erJDp6nwWQO57WCZit4Oadr\/Bwed3rYTSECISJhujmAK15Ft8p+F6JUg3XxWSuOWDr9pqZdBqBYBChcKhk0P\/UiZMFH1qa6Ub8hpw8eePN4vezmME3E5nMoXAYoXBYBrvNKy+A3EoIO6OxMdcPBYcOHCx5zMzNgewea77fLrgurqlMOl1zE9ehSASjsbGCepJOzNdtNeV9Pvv8nuN9hmEUBL7Ffou+E+a6\/40svWMu71NpI+eZxAxGY2MIhcN45\/33oOt6wTEz799QJCIndgLBoO2xKedaqoRoEA3kmge\/eumi3L75vkpKDYn9q8cEFBERERER0WbDoL9Herp8OP78Dq+H4ZmVt6\/bBqpX787hm8QEnojYNxFZX3qEpd\/+AusO5Xeq0dG7R2a8u2XMi\/u3AfB17yjImi+loKHvSwfqEvQX5XpKjXn9wSJWPvidXGEhgv3C8h9eq+vxbAf3v1zFlU8qaxzdTqYmJ6EoPRiJRgHYN0afz2abVtYD2CijUiqQKJp5tvoSw+l4HJrWb9uQ2DAMHDpwsChb\/\/jRY7hy7arct758prvZbCLR0PrqpYL6pe73irnkUD1XQdidq1QyKY+D9fyKklKNIILX\/ZpWVjNrs+l4XDYZtl5XU5OXC\/avUeN3k0mncfrESbxiWmVkfY8bhoGf51cplGM4X0ar2St9iIiIiIjakfm7jd332Hbwytlx2aPOqcdeK2v2+F2D\/qK+MuXUmtVodvz5Hejp8tVte61iLV\/Kxsn6g0U8nrvtmpn+eO421r9YxLYfHkDHM7nseFEiZ\/nt644NfMXrrn\/tHMwV4zP3D\/Dt7JXPLdXQdvXunHxsR++zMugvtudWJmfl7etyFYNvZ69rI+L1rx+VtT+r9+bKWvWwfPs1rC3+BZ0vDMoVAqvZd7Hy4S3Xc7FZbYXmvefPTSCVTGE4MoxAMCiDgLlyHqmSAcVyMsYrJV7bTSqZLGrkaxgGMul0Wa9Z7mPLedyCrstSPnZOnTiJTDqDkehhWfLmrWQSU5OXbbO0RYB5OBLB\/nAIgWAQiqLIscwmZmxLrYhxlFJOMDyTzsiSOnaPF\/cbhmF7v9NxEz9XEpAvdXzNFEVBJp2uuJ6\/23Gbz2YxHb9he64OHTiIM2fH5XtnPpvF1ORlBIIBea6FSq7PUmYSMzhzVsPh6GHb96jT\/hiGgZ\/8aBBnzo5jfzgMRVHkmK3XVDnXk9t5rHZ\/ZxIJZNJpjEQPIxAMFkwuZdLposkJwW6siqJgf750Uan\/U4iIiIiIKKddg\/2CoigyubEdNXv8vr\/726f\/FcC\/2N0ZCAZLlm7YSurVc2DXdj\/+73\/\/m7psi4gq89Ffl\/E\/33rg9TCIiIooioK5j\/8MADh94mRDV320s5FoFGfOjsMwDAx87\/teD4eIiIiIqCrDkUhDS4jWSy4Byz5xaDRWXJa7FTmVN2738btheR8PTPxg6zTvJWo1WyHLn4jak+gFIfodMOhfTDRhBoDp+A2PR0NEREREVL3N8Hm\/VH+2Vtfu43fT4fUAtpoXv9OFF7\/d5fUwiLak39\/9GncePPZ6GEREjkQj5z5VbfneFl4wl8WqpO8BERERERHRVuKa6Z9Jp+tW0oZydm334zeffOn1MIi2pP+4w\/ceEbU2Xddl4L+cXg5bTSqZxGwigUw6U9emzkRERERERJuJa01\/IiIiIiIiIiIiIiJqHyzvQ0RERERERERERES0STDoT0RERERERERERES0STDoT0RERERERJ1yj0QAAAAhSURBVERERES0SXQCmAbwR2+HQUREREREREREREREtfr\/GPEpIuKewnQAAAAASUVORK5CYII=\" alt=\"Markalama G\u00f6rseli\" title=\"\"><\/p>\n<\/div>\n<div>\n<table style=\"width: 100%;\" cellspacing=\"0\" cellpadding=\"0\">\n<tbody>\n<tr>\n<td style=\"width: 120px; font-weight: bold;\">Norm<\/td>\n<td style=\"width: 400px; text-align: left;\">ISO 1307<\/td>\n<td style=\"width: 120px; font-weight: bold;\">Colour<\/td>\n<td style=\"width: 400px;\">\n<div class=\"color-icons\"><img decoding=\"async\" src=\"data:image\/svg+xml;base64,PHN2ZyB2aWV3Qm94PSIwIDAgMTAwIDEwMCIgeG1sbnM9Imh0dHA6Ly93d3cudzMub3JnLzIwMDAvc3ZnIj4KICA8Y2lyY2xlIGN4PSI1MCIgY3k9IjUwIiByPSI0OSIgZmlsbD0iIzAwMDAwMCIgc3Ryb2tlPSJibGFjayIgc3Ryb2tlLXdpZHRoPSIwLjUiLz4KICA8Y2lyY2xlIGN4PSI1MCIgY3k9IjUwIiByPSIzOCIgZmlsbD0id2hpdGUiIHN0cm9rZT0iYmxhY2siIHN0cm9rZS13aWR0aD0iMC41Ii8+CiAgPGNpcmNsZSBjeD0iNTAiIGN5PSI1MCIgcj0iMzMiIGZpbGw9IiMwMDAwMDAiIHN0cm9rZT0iYmxhY2siIHN0cm9rZS13aWR0aD0iMC41Ii8+CiAgPGNpcmNsZSBjeD0iNTAiIGN5PSI1MCIgcj0iMjIiIGZpbGw9IndoaXRlIiBzdHJva2U9ImJsYWNrIiBzdHJva2Utd2lkdGg9IjAuNSIvPgo8L3N2Zz4=\" alt=\"\" title=\"\"><\/div>\n<\/td>\n<\/tr>\n<\/tbody>\n<\/table>\n<\/div>\n<\/div>\n<\/div>","protected":false},"excerpt":{"rendered":"<p>&nbsp; \u00dcr\u00fcn Ad\u0131: BUHAR 170 \u00dcr\u00fcn Kodu: ST511 Tekstil Buhar Kullanim Alan\u0131 : Maksimum \u00c7al\u0131\u015fma Bas\u0131nc\u0131 7 Bar (102 PSI) Olan Genel Doymu\u015f Buhar Hizmetleri \u0130\u00e7in. Alt Katman : Doymu\u015f buhara dayan\u0131kl\u0131 EPDM kau\u00e7uk. Takviye Katman\u0131 : Y\u00fcksek Mukavemetli Sentetik Tekstil. \u00dcst Katman : A\u015f\u0131nmaya, \u0131s\u0131ya, buhara, ozona ve hava ko\u015fullar\u0131na dayan\u0131kl\u0131, mikro delikli \u00f6zel [&#8230;]\n","protected":false},"featured_media":22248,"comment_status":"open","ping_status":"closed","template":"","meta":{"jetpack_post_was_ever_published":false},"product_brand":[],"product_cat":[2358],"product_tag":[],"class_list":{"0":"post-21362","1":"product","2":"type-product","3":"status-publish","4":"has-post-thumbnail","6":"product_cat-sel_buhar_hortumlari","8":"first","9":"instock","10":"taxable","11":"shipping-taxable","12":"product-type-simple"},"jetpack-related-posts":[],"jetpack_sharing_enabled":true,"jetpack_likes_enabled":true,"_links":{"self":[{"href":"https:\/\/tuzlahortum.com.tr\/en\/wp-json\/wp\/v2\/product\/21362","targetHints":{"allow":["GET"]}}],"collection":[{"href":"https:\/\/tuzlahortum.com.tr\/en\/wp-json\/wp\/v2\/product"}],"about":[{"href":"https:\/\/tuzlahortum.com.tr\/en\/wp-json\/wp\/v2\/types\/product"}],"replies":[{"embeddable":true,"href":"https:\/\/tuzlahortum.com.tr\/en\/wp-json\/wp\/v2\/comments?post=21362"}],"wp:featuredmedia":[{"embeddable":true,"href":"https:\/\/tuzlahortum.com.tr\/en\/wp-json\/wp\/v2\/media\/22248"}],"wp:attachment":[{"href":"https:\/\/tuzlahortum.com.tr\/en\/wp-json\/wp\/v2\/media?parent=21362"}],"wp:term":[{"taxonomy":"product_brand","embeddable":true,"href":"https:\/\/tuzlahortum.com.tr\/en\/wp-json\/wp\/v2\/product_brand?post=21362"},{"taxonomy":"product_cat","embeddable":true,"href":"https:\/\/tuzlahortum.com.tr\/en\/wp-json\/wp\/v2\/product_cat?post=21362"},{"taxonomy":"product_tag","embeddable":true,"href":"https:\/\/tuzlahortum.com.tr\/en\/wp-json\/wp\/v2\/product_tag?post=21362"}],"curies":[{"name":"wp","href":"https:\/\/api.w.org\/{rel}","templated":true}]}}