{"id":21347,"date":"2025-08-11T10:50:50","date_gmt":"2025-08-11T07:50:50","guid":{"rendered":"https:\/\/tuzlahortum.com.tr\/urun\/isi-10\/"},"modified":"2025-08-20T15:55:30","modified_gmt":"2025-08-20T12:55:30","slug":"isi-10","status":"publish","type":"product","link":"https:\/\/tuzlahortum.com.tr\/en\/product\/isi-10\/","title":{"rendered":"TEMPERATURE -10"},"content":{"rendered":"<p>&nbsp;<\/p>\n<div class=\"report-container\">\n<div class=\"report-header\">\n<div class=\"standard-text\">Product Name: ISI-10<\/div>\n<div class=\"standard-text\">Product Code: HWD160<\/div>\n<\/div>\n<div class=\"product-image-container\">\n<div class=\"key-feature\">Hot water<\/div>\n<\/div>\n<div class=\"horizontal-line\"><\/div>\n<div class=\"product-details\">\n<div class=\"detail-row\">\n<div class=\"detail-label\">Area of Use<\/div>\n<div class=\"detail-value\">: For transportation of hot water with very light chemical content in industrial applications.<\/div>\n<\/div>\n<div class=\"detail-row\">\n<div class=\"detail-label\">Substrate<\/div>\n<div class=\"detail-value\">: EPDM Rubber.<\/div>\n<\/div>\n<div class=\"detail-row\">\n<div class=\"detail-label\">Reinforcement Layer<\/div>\n<div class=\"detail-value\">: High Strength Synthetic Textile.<\/div>\n<\/div>\n<div class=\"detail-row\">\n<div class=\"detail-label\">Top Layer<\/div>\n<div class=\"detail-value\">: Abrasion, Heat, Oxygen and Weather Resistant, EPDM Rubber.<\/div>\n<\/div>\n<\/div>\n<div class=\"datasheet_table\"><img decoding=\"async\" class=\"alignnone size-full\" src=\"https:\/\/tuzlahortum.com.tr\/wp-content\/uploads\/2025\/08\/datasheet216.svg\" alt=\"\" title=\"\"><\/div>\n<div class=\"table-notes\"><\/div>\n<div class=\"horizontal-line\"><\/div>\n<div class=\"footer\">\n<div class=\"standards-section\">\n<div class=\"standard-item\" style=\"margin-top: 9px;\"><\/div>\n<div class=\"standard-info\"><\/div>\n<\/div>\n<div class=\"temperature-section\">\n<div class=\"temp-icon\"><img decoding=\"async\" src=\"data:image\/svg+xml;base64,PD94bWwgdmVyc2lvbj0iMS4wIiBlbmNvZGluZz0iVVRGLTgiPz4KPHN2ZyBpZD0ia2F0bWFuXzIiIGRhdGEtbmFtZT0ia2F0bWFuIDIiIHhtbG5zPSJodHRwOi8vd3d3LnczLm9yZy8yMDAwL3N2ZyIgdmlld0JveD0iMCAwIDcyLjI3IDE2Ljk4Ij4KICA8ZGVmcz4KICAgIDxzdHlsZT4KICAgICAgLmNscy0xIHsKICAgICAgICBzdHJva2Utd2lkdGg6IC41OXB4OwogICAgICB9CgogICAgICAuY2xzLTEsIC5jbHMtMiwgLmNscy0zLCAuY2xzLTQgewogICAgICAgIGZpbGw6IG5vbmU7CiAgICAgICAgc3Ryb2tlLW1pdGVybGltaXQ6IDMuODY7CiAgICAgIH0KCiAgICAgIC5jbHMtMSwgLmNscy0zLCAuY2xzLTQgewogICAgICAgIHN0cm9rZTogI2E3YTlhYjsKICAgICAgfQoKICAgICAgLmNscy01IHsKICAgICAgICBmaWxsOiAjYTdhOWFiOwogICAgICB9CgogICAgICAuY2xzLTIgewogICAgICAgIHN0cm9rZTogI2ZmZjsKICAgICAgfQoKICAgICAgLmNscy0zIHsKICAgICAgICBzdHJva2Utd2lkdGg6IDIuMDZweDsKICAgICAgfQoKICAgICAgLmNscy00IHsKICAgICAgICBzdHJva2Utd2lkdGg6IC4ycHg7CiAgICAgIH0KICAgIDwvc3R5bGU+CiAgPC9kZWZzPgogIDxnIGlkPSJrYXRtYW5fMSIgZGF0YS1uYW1lPSJrYXRtYW4gMSI+CiAgICA8Zz4KICAgICAgPHBhdGggY2xhc3M9ImNscy0zIiBkPSJNMTEuMzQsMTEuNTdjLS45NCwxLjcxLTIuNzEsMi42Ni00LjgsMi42Ni0zLjA1LDAtNS41MS0yLjQ3LTUuNTEtNS41MlMzLjUsMy4xOSw2LjU1LDMuMTljMS45NCwwLDMuNjUsMSw0LjYzLDIuNTIiLz4KICAgICAgPGNpcmNsZSBjbGFzcz0iY2xzLTUiIGN4PSI2LjU1IiBjeT0iOC42NiIgcj0iMi40Ii8+CiAgICAgIDxjaXJjbGUgY2xhc3M9ImNscy0yIiBjeD0iNi41NSIgY3k9IjguNjYiIHI9IjIuNCIvPgogICAgICA8bGluZSBjbGFzcz0iY2xzLTMiIHgxPSI2OC4zNCIgeTE9IjExLjc2IiB4Mj0iOS45MiIgeTI9IjExLjc2Ii8+CiAgICAgIDxsaW5lIGNsYXNzPSJjbHMtMyIgeDE9IjY4Ljc4IiB5MT0iNS41MSIgeDI9IjkuNzMiIHkyPSI1LjUxIi8+CiAgICAgIDxsaW5lIGNsYXNzPSJjbHMtMyIgeDE9IjU0LjA3IiB5MT0iOC43NSIgeDI9IjguNjQiIHkyPSI4Ljc1Ii8+CiAgICAgIDxwYXRoIGNsYXNzPSJjbHMtMyIgZD0iTTY4LjE1LDUuNTVjMS43MSwwLDMuMDksMS4zOSwzLjA5LDMuMDlzLTEuOTIsMy4wNi0zLjYyLDMuMDYiLz4KICAgICAgPHBhdGggY2xhc3M9ImNscy01IiBkPSJNNTMuOTEsOC43NWMwLS4xNC4xMi0uMjYuMjYtLjI2cy4yNy4xMi4yNy4yNi0uMTIuMjctLjI3LjI3LS4yNi0uMTItLjI2LS4yN1oiLz4KICAgICAgPHBhdGggY2xhc3M9ImNscy0zIiBkPSJNNTMuOTEsOC43NWMwLS4xNC4xMi0uMjYuMjYtLjI2cy4yNy4xMi4yNy4yNi0uMTIuMjctLjI3LjI3LS4yNi0uMTItLjI2LS4yN1oiLz4KICAgICAgPGxpbmUgY2xhc3M9ImNscy0xIiB4MT0iMzYuNDMiIHkxPSIxNi45OCIgeDI9IjM2LjQzIiB5Mj0iMTQuMjQiLz4KICAgICAgPGxpbmUgY2xhc3M9ImNscy0xIiB4MT0iMjguMDUiIHkxPSIxNi45OCIgeDI9IjI4LjA1IiB5Mj0iMTQuMjQiLz4KICAgICAgPGxpbmUgY2xhc3M9ImNscy0xIiB4MT0iMTkuNTkiIHkxPSIxNi45OCIgeDI9IjE5LjU5IiB5Mj0iMTQuMjQiLz4KICAgICAgPGxpbmUgY2xhc3M9ImNscy0xIiB4MT0iNDEuNTciIHkxPSIyLjc0IiB4Mj0iNDEuNTciLz4KICAgICAgPGxpbmUgY2xhc3M9ImNscy0xIiB4MT0iMzMuMjgiIHkxPSIyLjc0IiB4Mj0iMzMuMjgiLz4KICAgICAgPGxpbmUgY2xhc3M9ImNscy0xIiB4MT0iMjQuOTkiIHkxPSIyLjc0IiB4Mj0iMjQuOTkiLz4KICAgICAgPGxpbmUgY2xhc3M9ImNscy0xIiB4MT0iMTYuMDgiIHkxPSIyLjc0IiB4Mj0iMTYuMDgiLz4KICAgICAgPGxpbmUgY2xhc3M9ImNscy0xIiB4MT0iNDQuNjMiIHkxPSIxNi45OCIgeDI9IjQ0LjYzIiB5Mj0iMTQuMjQiLz4KICAgICAgPGxpbmUgY2xhc3M9ImNscy0xIiB4MT0iNDkuNDkiIHkxPSIyLjc0IiB4Mj0iNDkuNDkiLz4KICAgICAgPGxpbmUgY2xhc3M9ImNscy00IiB4MT0iNDAuODgiIHkxPSIxNi45OCIgeDI9IjQwLjg4IiB5Mj0iMTQuMjQiLz4KICAgICAgPGxpbmUgY2xhc3M9ImNscy00IiB4MT0iMzIuMzMiIHkxPSIxNi45OCIgeDI9IjMyLjMzIiB5Mj0iMTQuMjQiLz4KICAgICAgPGxpbmUgY2xhc3M9ImNscy00IiB4MT0iMjMuNzkiIHkxPSIxNi45OCIgeDI9IjIzLjc5IiB5Mj0iMTQuMjQiLz4KICAgICAgPGxpbmUgY2xhc3M9ImNscy00IiB4MT0iMjAuNTkiIHkxPSIyLjc0IiB4Mj0iMjAuNTkiLz4KICAgICAgPGxpbmUgY2xhc3M9ImNscy00IiB4MT0iMjkuMTMiIHkxPSIyLjc0IiB4Mj0iMjkuMTMiLz4KICAgICAgPGxpbmUgY2xhc3M9ImNscy00IiB4MT0iMzcuMTYiIHkxPSIyLjc0IiB4Mj0iMzcuMTYiLz4KICAgICAgPGxpbmUgY2xhc3M9ImNscy00IiB4MT0iNDUuNzEiIHkxPSIyLjc0IiB4Mj0iNDUuNzEiLz4KICAgIDwvZz4KICA8L2c+Cjwvc3ZnPg==\" alt=\"S\u0131cakl\u0131k\" width=\"100\" title=\"\"><\/div>\n<div class=\"temp-values\">\n<div>-40\u00b0C \/ +125\u00b0C<\/div>\n<div>-40\u00b0F \/ +257\u00b0F<\/div>\n<\/div>\n<\/div>\n<div class=\"marking-section\">\n<div class=\"detail-row\">\n<div class=\"detail-label\">Branding<\/div>\n<div class=\"detail-value\">: Transfer Band or Embossed<\/div>\n<\/div>\n<p><img decoding=\"async\" class=\"marking-image\" src=\"data:image\/png;base64,iVBORw0KGgoAAAANSUhEUgAABf4AAAAoCAYAAACvpushAAAACXBIWXMAACE3AAAhNwEzWJ96AAAf3ElEQVR4nO3db2wb93kH8K8kR1Fi6zC\/WSDrgNXZkkAEsgFqAHJt\/qIWX0Rth4kEZsMtIHFtEueFxAF2DCySXljuC1sCJmtABbsBJWAV7BeUCsSTX5DJ0iwpcARSYW0AcmkKu8BONto3KU5xLCuWtRfk73R3vOPfI+8ofT+AYVsUjw\/vD3V6fs\/v+bX99V9942UAH4CIiIiIiIiIiIiIiFrdK+1eR0BERERERERERERERO5h4p+IiIiIiIiIiIiIaA9h4p+IiIiIiIiIiIiIaA85UM+TJUnCUDQKSZLciscVK8kkVFUFAIzG4\/rX11UVy8mkV2G55rknOnHq2YNeh0G0L\/3X\/93H0mdfeR0GERERERERERGRo7oS\/\/NXLiMYCrkVi2syimJI\/I+Zvr4XEv9TIQlHDnZ4HQbRvrOxtYP4f\/\/Z6zCIiIiIiIiIiIhKqqvVjx+T\/nvdyWceZ9KfyCNLn32Fja0dr8MgIiIiIiIiIiIqiT3+W0h3ZxtOPXvI6zCI9qXbd7cx\/+mXXodBRERERERERERUVl2tfow0TcPZ02egaZpbm6xZLpv1OoSGOPXsIXR3tnkdBtG+dPHXG16HQERE5IqLM9NYSCzs2XtmN8xfuYyfnJvS24cSERERuW00Hje1KPezv\/nGUduvL1272hIdYTKKgpPHTxR9vdXjL8e1xH8um0U6lXJrc2Rx5GAHTj7zuNdhEO1Ln\/xpCx+o970Og4iIqG7BUAhD0SiCoRBeev4Fr8PxpfHJCQyEw9jQNLx1+ozX4RARERER1cS1xL8b3BplOXn8BDKK4kJE\/jH195LXITRd149\/CgDY+s9ZPLzzu6LH27q60fndODqO9qPtcA8AYGfzS2xnP8TW++9g54s7VW+zUu09T6Pzu3EAwMPbn2Nr9d+Kvqcj8BIeHYybYnvw61V8\/f472Nlk9XgraYVq\/75AAOOTE8hlszh\/bsr2eyLRKIaiEawkl20XOpckCeOTEzgWDkOSJGiahvdSKZw\/N2WazSW2Uwnra0mShPkrlwEAZ0+fKaqklGUZF2amHWMcn5xAXyDg+DiQ\/1kCAKdee912Fpp4vBInj5\/Q92051phKvc66qmJu9lJFlaTiPVvlj0\/acT\/UG3el1QR259XFmWn0ynLJ42SMTxyrWmIu95yMksFiImE6F+avXIYkSSWvBXGezs1esr2nEMfl\/Lkpx6rpcvtyIBzGaHxMP765bBZzs5fKFlJEolEMx0b054lr1a6Cu9bzQBiOxTAQHkBGyWBudrbo8dF4HMFQ0PY9Gl+71PlU6jNF0zQsJhZqvq+TZRlvT06UPN6j8TiGYyOQpPy9VkZRSh5Xody+FcfTD7NhjURVmfXzRxxroPz1X+68KPdzotz+rfecqOUaMf78zCgZDMdiGIpGK\/6sJiIiIvK7jKJgbvZSxb8j+NFiIoF0Ko1INIKhaNTrcKomfr9sVvy+SvyTveee6MRzf9npdRhN13G0HwDQ9ljxugbtPU+j68c\/RVuX+bG2rkM40D+IA\/2D+Pr9d7D1\/jsVb7PiuAIv4dHoRNFrGx3oH8SjUfOHaFvXITzy7X9C+5GnsPmzN2t+fWqud2\/ew2dfPPA6jLIkSSo7cNorywiGQsgoGdvnL127akowS5KEoWgUx8JhfP\/VQT3xIbZTCetrieSuJEnoleWiZIpx23YJuoFwWE8o2wmGQvrzg6GQbQK12gHmSvYtUPxeyz3Hul+d9AUCjtsaCIcxHBvByeMnipKLjYrbyum8KnUcgXzswVAI66qqx15LzOWeEwyFMBAewPdeHdS\/tq6qGIjFIMuy43kWDIWgaZpjclIcF5EsdnptJ5FoFBdmpou2OX\/lMhYTCccBvIsz00U3iOJaFUlKYyK21vOg0vcRDAX1686aiA0U9tF6mXO83GfKQDiMs6fPOJ5LTvoCASxdu2pI6Be\/x\/HJCQzHYqavBUMhLF27Wvb6rOTcG4pG8fLzL\/gm+W\/8jDxrqGS3O69KGYmNlPwsLndMS103lTy\/1DnhxjWSTqWQURQEQyGMxsdY9U9ERER7gkg6ZxRFv59rNeL3pHVVbdHEf\/4+tFnxc3HfFjAV2n\/V\/uV0\/eCCnnjf2fwS27fWsH1rzVTlf+Dbx9HW1d3Q13bS+d1\/0f+tx7aZXxi242g\/OgIvuR4XuW9jawcX1\/xf7e+G+SuXTZWRGUUxJWOtCcp6iESqXVJHfM2uwh2AfmOSdUjGimpV67\/9yK392hcIuHp83CASrKUSd32BvsL3Nn6GXl8ggNF4XP\/\/YmIBQP58sjvXRKXxe6lUQxK2wVDIdMxy2axpgGE4FnO8Pow3h+Km3fzckbJJ1WqUul6NX7fbj+Wu12pcmJmGXOUvJuOFSn8nsizrSX\/xuSferyRJFfdbFc81\/hHETCq\/iBTO7ZVkUh\/UsJ5X5QRDIfTKMjRNq3owxk1254Sb14j4nBiKRl29poiIiIi8Iu7Z+wIB\/X6u1Yj3cCwcBoCWew\/Njt+1in9ZlvXWEG6pNRnQage9lJPPPI4jBzu8DsNXOgIv6e1zHqyt4n7SXBV5oH8Qnd\/9l4a21NnZ\/BK4t6HHURRfYWDgfnIKD9ZWAeRbEz321i\/ysxICL2I7+2FDYiP3LH32FTa2drwOo+GMFeUryaTe2kckrEQvaFHROzc7W9Ta4fd\/uAXAecEfo1w2i2AoBFnutYklnwyWJAmyZUaAMfHoVIVt\/B6nRKU1RrGgkrUK1KrWxXTs9omoSM3vh+KZD3asbexkWdYHbAbCYfQFArb7pda462GM0ykucXzsqrBridnuOcaZLJFoRD++qqoil83qXz9\/bjc+2VBpvFBI\/LltODYCIH+\/cuq11\/X9FQyF9DZEo\/ExnDyu2D5vXVVx8viJoutDLEZqdx9U63lgPHbWc9WY7A8Url2jYChY2EauoteyuwaN+2Q4NuI4E8KJSMoPFG6sjYw328aqfPGZkH+8fKV3Lpu1PfcuzExjIBzGUDTqm4px8Z7TqXTRYyvJZEUDABHDwFg55T5Xa3l+qXOinmvEKp1KYV1V0SvLGAiHPR3kICIiInLD+OSEXun\/vVcHkctmMRyL+apQpZzrN1b1GcX9f\/t30DQN81cu297v+1Gz43et4r9XlrH229\/g93+4VfGftd\/+xrGqE8gnOWr5U64na6vo7mzDqWdrb0mzV4l2PTtf3ClK+gP5wYB7\/\/5DfP2raw15\/e1ba7h38R\/x8M\/FawgAQEfPU3p8IukPADubG3jw68IggM2AAfnL7bvbmP\/0S6\/DaAqRxFlXVVM\/f62wqKH4oeRWBb1IAtpNKwwYfiZYHxeVnU6DwpIkoS8QgKZperKm1M8YLxkTVbWubaMWElvieEUqXHehGVRV1c8bu\/cn2j0Bja341zQNc7OXAOTPJ2N1sLGa10gkRtcLgwNukyRJv6mzrh+QURT8pHBu2LUREs87f26qaLAooyh4+fkXXE9OiusJKL4mS12vQPlrthIZRcFK4T1Ve63ksll8\/9VBx4EHMfhondkhXk+SpJorvTVN048lUPt17iZxTmmaVtQG7fy5qYoHJ0oNHjRDqXPC7WtE7CcxiEVERETU6kSlv\/hdpxVzqL2yjGw2q9\/DV1po5BfNjN\/TVj\/VTKPej049ewjdnW1eh+E77UfyifXtW2uO32O3sK9bNn\/2ZkUzCWwHBgrPa0QLInJXKyzo6xaRHE87tDURiQ+3kuiqQ0JY9P0XrI+Lx5z6hYuEj7HVhh+SbXZEFTJgnzCtZjsrhkVu\/US8P7tKcJEwXlfVhi+aaUxwGve1ON+NiXgg37scaFy1v\/E4rdgkII3xOh1Tp0R6o2Y8Ol2zfYZja3etlbtmKyUSzNWe43bJXyOxPVVdN33daVZDtSo9t8utFeH0nGrtzrIxnz8ZRcFiIlHRNgYMi7+XW4S6kcqdE25dI+J1\/PqzhIiIiKgW+ZmT+faikWgEuWzW03u7WuTXcgvra7qlU6mWGsRoVvx1tfoRFZX1KPWLztK1qzVt8\/y5qZY62HaOHOzAyWce9zoMapD2wqwA8qdP\/rSFD9T7XofRNKIq12mUOZ1KYzgWcy2xbG1XI5Jj1u33WRLGouIy6xCneDyjZLChaYVWOsGKE1qtKqNkXD0+bskoGb2dkdXusWp8f38nmqbhvVQKQ9GofqMlel0C9kl5N8iGZLhdElIMCgVDIfQFArb7yO3WiuVklIxte67iazZQtCaApmkNH9xpRcZWakJGUWzvYY3tyNKplL5gsZhVUGkF++66Gs4LOZcjZn5V0uZHEO2zVFVt2jXv1jUijkVvA1qaEhEREXlJtPfJKAq+9+qg\/jWxBpbfSZKE+SuXAZjbQ16\/seq7343tNCv+uhL\/b7z2OkbjYw2rUqq1umYvLMD11jdZEe7k4e3P9QVy27pmG9bHn\/av+U\/veh1CU4lEZ7nknNsLhvYFAugLBIqqiedmL2E0PmZqIwIYByjsB3aPGSr+11UVFzDt6z5\/xsWU62FchNlPjDManHrD15OArJTxpsm6r5eTyxiKRnEsHIYkTentkpxmv7ih0usNcD6mQ9FoXX3TqyWuOesNqN01K7633PW6Hxj3l3XBX7H2hFEwFMLStaum9QaMZLlXT\/qL7QRDwYoT\/24ck2rb\/AyEB0yze3PZLE699nrDB4PcukasreO8HKwkIiIiagTjfaemtWZ+zfweWq9Qo5Hx15X4Fzfv1RKLQJK9557oxCvyo16H4VsP7\/wOANDWdQiPvfULfP3+O3iQ\/bCh7X1o\/3j35j188sctr8PY81RV1RP\/u62E8tWouWxWHxgQFZbGNkB2SSvj9xp7FYqFi\/2WrBmOxZrS495Los+\/SJiJRJ9YiwEAsk1ICouko\/HcEMQgkVi8U1RfrySXGx5XLdKpFAbCYYzGxyDLvVhILDQlsW43K0f8W1yv+a\/1GR7fvZ7rJarMW2kQQRwnoHj2iDgX+wIBrCSTUNV1SFK3\/rkwGh+zXcR4KBqFpmlYTCT0c1asYVGJegcb7dr8iMGfnKFHqd1rGv9\/YWa67gXHnc6JRlwjqgsznImIiIgqkctmsZhYwLHwAAbCYaRTKbyXSmM4NoK+QABzs5egaZp+nzk3e0m\/fxSzQfsCfRiOxWy3tZJcxmh8DH2BABYTCeSyOQzHRjA+OQFN20AkGsHZ02f0bdTCGrN4nbcLMwxKxVjJ+19XVX1b4l54JDZSWJ+rG5Ik4ezpM\/o2aonfbj+1SvxWdSX+qTHe6me1fykP1lbxyLePo73nKbR1HULnYBydg3HsfHEH27fW8GBtFds3nfv\/EznZ2Npp+Wr\/vkDAsU2a7KPERS6bw0A4bEoUBiyJRDEwkFEUPXnk1B7Frne1eN5AeMCV5HqpfbuSXHasurU+x5j4btQCska1xu2GjKLoLZesiUK7RLxQS8x2z5FlWU\/YObUmWUgsYHxyAm9PTkCSJKyralX9LfM3yc2pKllMLOg3f0PRqJ4Ifi+VwnJyueR5Xs95YDxOop2P9XoVjxm\/L\/94fQtVBUMh\/ZcOvw6SBUMhx6IW0b7H6q3TZzA3e8lU+a5pGxiNj5Wc8Xry+AnTrIpaKudr\/cwZKsyIMV5L4pw6efyE4\/HJ9yvNIRgKIhgK6X9qPZ6lzol6rpFKXtev5yARERHtDefPTSGjKFhOJvH7P9zSi61VVUUkGtFnNIoiMtHWVpK6kcvm9Ht6kWQW2\/rw44\/0bWmahvHJCf0eVdM0veXM2dNnTNuopROLMWZjQUuvLGNdVR1jvH5jVZ8Zan3\/GUXBhZlp\/f3n2zB26+9flnv1wZCXn3\/BtI1a4xcDLK0Wv5WvE\/+1VgO1UkWY1feffAzPHPb1YfGFzZ+9ia4f\/9TUK7\/tcA8OHB7Egf5BbN9aw\/3\/OMs2QFSVpc++wu27216HUZd86wf\/L0KYT56M6YMRoqJf9APPZnMYwm6iZXcRTqeFfUXf6d32E6L3vVv7o9S+LdWyptTrv1HDrLlq1Rq3G+z6\/O+2+XFOoNUSc6nnrKuqbfIVyCcxxwtJfwBVL2rVzP6RGUXB2dNncGFmWv+aJEl6gjOjKDj12uu2AxH1ngdi3QFZlgsDc\/lBu2w2B7UwIGd3nKtJTI\/Gx0xtYawWG7TgcqPkq\/MXHAeGrPsmnUrplUV2Mopiusdt5toJxkWwl6uYESPOSeHDjz9Cb6HnfyVJ9GrPiXquEef3kGmJn6tERETU+owtHcXf1hnwAGzX3jK26ZEL7VYzhW10S5JpW5Lh\/8btGgvzam0la32d3a93A4bXkiTJFGNvoWhLVVU9TyAKXcR6S8ZtGeM2v4f8bPNGx2\/dx36J38rXGeb9VlXT3dnGav8K7Wxu4N6\/\/xDtPU\/jQP8g2o88hY6j\/frjHUf78egPL2DzZ296GCW1ktt3t\/Hzz1q72r+VrFtahxjbhhj\/Fjce4sbGKUHpVPEvtl1rZWyjrKsq3njt9ZYeqK5E1qYS3LgIczOUS\/SphQp\/kdT0e3J5OZlERlFwLBzWK6jFTWEwFMKFmema2jCWY7xmxULIgPmaFQsSrxtuVN26lzt7+oyvrmGjfOWPORkuy704Fg5j\/splU+VUKeU+D7z8vBDXx3qFC\/TOzc7a9thPp1KFAdlg3TE5nRNeXSNERERE9bowM43h7IieOL5+Y1VvkytJEq7fWDUV3Bh\/n87Pqgzqs54vzExjKBqBXEg6221L\/F\/cG41PTuiP11rgVC7mYCiob98a4\/yVy\/rsfwB498aqqQ2wdVvXb6zqr3vy+AnIhfdt3IeNit9uH\/shfitfJ\/73mx88cxDdnW1eh9FSHt75HbZWRc\/\/bnQEXkTnd36EtsM96Djaj\/aep\/U1AUrp+vFPTQMHVnf\/lZVee938p3exsbXjdRh1yyiK42yp0Xi8ZOVkM4kKYfEDfzdxnyn8nU8sBRwGBoyMCSlz24zdPtrBUAhqnS1tSu3bUv7mG0f1f49PTugtKpqVxKs1bjeIvt+i2lxUjYu4nNQSs\/U512+s6knoctW9K8llvSdjtcnlUi1OGrWmkaqqWEwk9Kmhoqd5vrVV2Hagq97zQMzCEYNx1uMoqqIDhZtaoPpz3HoNi681ay2DWqmqapvkDoaWsXTtKt6enChK\/Ofb1YxU1bfTy8XWjhVmVVU7I8aq2vdQ6zlRyzVCRERE5DXrLF1RRS7YrZ9kZJ2lWGpb4v9zs5cM6+4F6s4ZlIu5VIzW92\/9v9P7F7+TZZBvT1nPbM1Wj9+qbOJfjPZ4wakXbTnnz005Lv5Y6zaB2lsPVeLIwQ688ezBhm1\/P9jZ3Mj397+1hsfP\/AIAcCDwIrYqSPzT\/vbJn7bw7s17Xoex74gKYVmW9WSiMYFqHBkv1TbEWDk6Go\/bvlYwFGxoL\/tKLSYWMByL6Qtz1ptEawUZRcFAOGy6eSnV398ti4mFQgVGFOfPTZVM\/ovHmtWr323pVAoZRcEvP\/5Iv7msd6DLythX3q5dk3GWTnch8V9tYnU5uWybQG9VxsWjja1tZFmu63602Wpt8+MGt86Jeq4RN2YnEBEREfmNKLDoC\/Tp7W1a7b5HFJqJdf3qmanghWbEXzbxX+tiDm6o9XWd+iD5uff1W99kix+3iEV+S1XwWz28\/XkDIyK\/a\/UFfeslEuyiP52V+Ex1OykqKoTFa4tYrHEZ2zSUqvjvlWXH6oRj4TCAM67GXwu10CYjGAphKBpxJfHfqOPjloySKST+g3qMzWjll06l8LY2off3FpW\/XjMm0J3UckzFYEowFDJVqLjF2joLKL5exeO7X6tvYd+9QLVJ\/IvPKbEGgFEzZmVVW+1unFXl55kX5dR7jey3FqRERES0d62rKr736iA0TUMkGsXab3\/jdUhVS6dSeouiizPTDZtt3SjNit\/zVj9+76XbDM890YlX5Ee9DmNf21r9t6a+3vattaa+Hjl79+Y9fPLHLa\/D8JRILhoX8jESo\/5uJ3x2e4b32bZkEa1FhmMjAOyTLrJlGp4TMXLuh6TVSnIZwVDItXYTjTo+bjEmjHcT\/43v769pGt5LpTAUjWIkNuKbxL\/YB2KBJ2ty31jl4bdjKqrXh6IRAObEvt0Cv0yU2hOfWWdPnyka\/Gtk4l8MpvZW+bkj4u2VZcdfSJauXTW1vRLngahiamVu9VclIiIi8gtN01p+1vO6pc1vq2lW\/O0N23IZ66qKU6+9vi\/aHJTDBX2r0\/FkPw70Dzo+3tbVjfaepwEAO5tfNiusIiIGo7bDPR5EQk42tnb2fbU\/sJuEHYpGi2ZMGVs8uJ2EFAu\/iu1nLdu3VhCv27b5CemPnTx+wvZPzvI6XkunUvoP9qFotK5tiWp2wH9JYsHa5x9oXkJYtCURFdd+YHzvYr0HI+M5YT2mw7FYyVmNjR4wcOOa9RPx2Wcd9DTOWqjnXDWe83b7otm\/oOwO8jZ++vNofAxL164Wfe6KhdobdW404hrptZnhQkRERNSKctks5mYv6QvR+mkdwEqlUyksJhIYikYxPjmB0Xi87t+rm6nZ8Zet+G\/mgoCNeC3joop+9P0nH8Mzhz2feNEy2rq68WhkAm2He9B+uAdfr61i54s7u48f7kHXDy6iresQAOBB9sOmx7h9aw2PAGjrOoRHvn0cX\/\/qGoD8QEBH4CUAMMVM3ln67CvcvrvtdRieW0kmMRofgyRJetWmSNRemJnWkx5u93a2JlGsbUFEwk0kcbI2bUPEgpMZRXFM0KVT6ULLIH\/0KzRWokeikZr7VwdDIYxPTuj7p9m9t6sh+vyLCvdmLmwsqtQj0YhvKtBXkkkMRaMYjY9hXVX19SfEAqSAeYAI2D3ekWgE589Nmd6LJEmmc6FR+zeXzZkSudbXEe27xHG2X5PDncEfkcSt53wSyeeBcNg0I0gcg3qS07Is48LMtP5\/pxlLGcv\/G2l3AWb72V3Oz1Mw5\/AxJfbVSjJp2l+ipc5ofEw\/l\/sCAf2XGrvP83o14hoR56uxKo6IiIioVYnf9VeSSfzy4498UxxXqVw2q7fHyWVzpvvtVuBF\/Mw4e6i7s43V\/lVqP\/KUXjX\/yHd+hEe+8yM8vPM5djY3CpX+T+nfu539b08S7Ns317DzxR20He5B52Acj3zrn\/Dwz3dMaw48WFttelxkdvvuNn7+Gav9gXyLjnQqpSe\/7Pr7ZRSlIclE0XpCvEapx+1eXyRl0qm042vktztmSkjWIhgKley7Nzd7qeIk\/nJyGUPRaFWL\/JZaDHQxkXA8PrXGXeo5GUWparBe9PkXzy3H7X09Gh+raJHfZllILOgJ0Asz07Y3fNZWiOJc7wsEsHTtqinhbZzNsJJMOibc692nxnPM6Xq1+7eROI\/rLcwQ+6Hac9HIuA7E9RuryCiKqX1YpbNSy+3bjKKYjolIir89OYG+QB80bQMAECm0UGoUu\/OlEqUGVkXifzm5bHqPxoXMf\/nxR\/p7FlYasNh6vddIqW36ZdCQiIiIiKganrX6IeAHzxxEd2eb12G0lO2ba9j8+VlTC5\/2nqfQcbTflPR\/eOdz3E9OeREiAOD+6m7ypO1wT1HSf\/sme\/x7bf7Tu9jY2vE6DN84e\/qMY6LOOCrttnKJwlKPGxf9LZWUMT7mp3Yvu9XGA3VtK51KYW72khthNYzxGDR7wVdjgtEvFS25bBZnTzsvNn329Jmic3pudta0ToFoI2M8p3PZLM6fa9zPvnquVz\/SNM107RgXfbU+Viu7z8\/FxII+q2o4FsNofAyj8TF0O7SocYs4p3plueHtflRV1c9XY8sjAA0bgGvENSIGY94rMbhMRERE1Cqu31jFaDxesqjMz0SBx\/jkBN6enPA6nKp5EX\/Ziv\/xyYmm9AJtBefPTbn2i+yRgx1449mDrmxrrxIL4O7cM\/fp385+iHsX13Dgm4PoCLyI9p6n0dZ1CDubX+Lhnd\/hwa9XHSvqnbZZi4e3Pzf9bY1x85038ci3jqP9yX60dR3Cwzuf4+tfXWO1vw988qctvHvzntdhuErTtLJV+euqako4W59\/8vgJDMdiiEQj6JXlQguSZSwmEmWTNLVWQ2aUjP5adq8hHrdrsyDLsv5+ysW3mEigLxCw7f1car8Au\/u2HOvzyz1nIbGAgfBA2cWJnY6pOD5Or9OouK0xldt\/4vvFdktVUdcSc7lzX1VVrCSThWSnfYuTSq4fK\/G9pc69Uu9luVB1PBwb0Qck8v0eFxyfd\/7cFNKpNCLRiClJnVEUpFNp2wWMaz0P7KiFY52PtTgRanzcaQFnu1gqOYesqjlmpba\/mEhgXVUxGh\/TWwe9l0pVlJwut2\/TqTRWksmi7aiFNUlG47szkcQA3rjNLwC17B+neMXsrpHYCN6yGXyq9rNcfL\/dvsrvww39Z4roKVvJTIpa33M914jd4HK1sz+IiIiI\/KxXlluup7+VtbCj1TQ7\/ra\/\/qtvvAzgA6dvWLp2taV3qJtOHj\/h2lTf2Rf\/Aq\/Ij7qyLSKqzj+\/\/wU++eOW12EQERE11UA4jPkrlwEALz\/\/QsUtb\/aj+SuX9VZsjZr1RkRERPtbKyWxndqCRgotbP3OuLaaUavHX8Yr7PHvgeee6GTSn8gj7968x6Q\/ERHtS+lUSl\/wejQ+Zlv1T\/lfwsVMHOt6G0RERERuKbWWUquoIRntK60efzns8e8BLuhL5I2NrR3Mf8oFfYmIaP8SaxccC4dt25\/R7tore+GXcSIiIiLav8q2+iF3HTnYgX948jGvwyDal\/73i6\/xgXrf6zCIiIg8tXTtKuZmLzGp7UCSJCxdu4pTr73OdkhERERE1KpeYeKfiIiIiIiIiIiIiGjveIWtfoiIiIiIiIiIiIiI9hAm\/omIiIiIiIiIiIiI9hAm\/omIiIiIiIiIiIiI9pADAP4HwCteB0JERERERERERERERHX7n\/8Hd9guE1oTjUwAAAAASUVORK5CYII=\" alt=\"Markalama G\u00f6rseli\" title=\"\"><\/p>\n<\/div>\n<div>\n<table style=\"width: 100%;\" cellspacing=\"0\" cellpadding=\"0\">\n<tbody>\n<tr>\n<td style=\"width: 120px; font-weight: bold;\">Norm<\/td>\n<td style=\"width: 400px; text-align: left;\">ISO 1307<\/td>\n<td style=\"width: 120px; font-weight: bold;\">Colour<\/td>\n<td style=\"width: 400px;\">\n<div class=\"color-icons\"><img decoding=\"async\" src=\"data:image\/svg+xml;base64,PHN2ZyB2aWV3Qm94PSIwIDAgMTAwIDEwMCIgeG1sbnM9Imh0dHA6Ly93d3cudzMub3JnLzIwMDAvc3ZnIj4KICA8Y2lyY2xlIGN4PSI1MCIgY3k9IjUwIiByPSI0OSIgZmlsbD0iIzAwMDAwMCIgc3Ryb2tlPSJibGFjayIgc3Ryb2tlLXdpZHRoPSIwLjUiLz4KICA8Y2lyY2xlIGN4PSI1MCIgY3k9IjUwIiByPSIzOCIgZmlsbD0id2hpdGUiIHN0cm9rZT0iYmxhY2siIHN0cm9rZS13aWR0aD0iMC41Ii8+CiAgPGNpcmNsZSBjeD0iNTAiIGN5PSI1MCIgcj0iMzMiIGZpbGw9IiMwMDAwMDAiIHN0cm9rZT0iYmxhY2siIHN0cm9rZS13aWR0aD0iMC41Ii8+CiAgPGNpcmNsZSBjeD0iNTAiIGN5PSI1MCIgcj0iMjIiIGZpbGw9IndoaXRlIiBzdHJva2U9ImJsYWNrIiBzdHJva2Utd2lkdGg9IjAuNSIvPgo8L3N2Zz4=\" alt=\"\" title=\"\"><\/div>\n<\/td>\n<\/tr>\n<\/tbody>\n<\/table>\n<\/div>\n<\/div>\n<\/div>","protected":false},"excerpt":{"rendered":"<p>&nbsp; \u00dcr\u00fcn Ad\u0131: ISI-10 \u00dcr\u00fcn Kodu: HWD160 S\u0131cak Su Kullanim Alan\u0131 : End\u00fcstriyel uygulamalarda \u00e7ok hafif kimyasal i\u00e7erikli s\u0131cak suyun ta\u015f\u0131nmas\u0131 i\u00e7in. Alt Katman : EPDM Kau\u00e7uk. Takviye Katman\u0131 : Y\u00fcksek Mukavemetli Sentetik Tekstil. \u00dcst Katman : A\u015f\u0131nmaya, Is\u0131ya, Oksijene ve Hava Ko\u015fullar\u0131na Dayan\u0131kl\u0131, EPDM Kau\u00e7uk. -40\u00b0C \/ +125\u00b0C -40\u00b0F \/ +257\u00b0F Markalama : Transfer [&#8230;]\n","protected":false},"featured_media":22238,"comment_status":"open","ping_status":"closed","template":"","meta":{"jetpack_post_was_ever_published":false},"product_brand":[],"product_cat":[2357],"product_tag":[],"class_list":{"0":"post-21347","1":"product","2":"type-product","3":"status-publish","4":"has-post-thumbnail","6":"product_cat-sel_sicak_su_hortumlari","8":"first","9":"instock","10":"taxable","11":"shipping-taxable","12":"product-type-simple"},"jetpack-related-posts":[],"jetpack_sharing_enabled":true,"jetpack_likes_enabled":true,"_links":{"self":[{"href":"https:\/\/tuzlahortum.com.tr\/en\/wp-json\/wp\/v2\/product\/21347","targetHints":{"allow":["GET"]}}],"collection":[{"href":"https:\/\/tuzlahortum.com.tr\/en\/wp-json\/wp\/v2\/product"}],"about":[{"href":"https:\/\/tuzlahortum.com.tr\/en\/wp-json\/wp\/v2\/types\/product"}],"replies":[{"embeddable":true,"href":"https:\/\/tuzlahortum.com.tr\/en\/wp-json\/wp\/v2\/comments?post=21347"}],"wp:featuredmedia":[{"embeddable":true,"href":"https:\/\/tuzlahortum.com.tr\/en\/wp-json\/wp\/v2\/media\/22238"}],"wp:attachment":[{"href":"https:\/\/tuzlahortum.com.tr\/en\/wp-json\/wp\/v2\/media?parent=21347"}],"wp:term":[{"taxonomy":"product_brand","embeddable":true,"href":"https:\/\/tuzlahortum.com.tr\/en\/wp-json\/wp\/v2\/product_brand?post=21347"},{"taxonomy":"product_cat","embeddable":true,"href":"https:\/\/tuzlahortum.com.tr\/en\/wp-json\/wp\/v2\/product_cat?post=21347"},{"taxonomy":"product_tag","embeddable":true,"href":"https:\/\/tuzlahortum.com.tr\/en\/wp-json\/wp\/v2\/product_tag?post=21347"}],"curies":[{"name":"wp","href":"https:\/\/api.w.org\/{rel}","templated":true}]}}