{"id":21285,"date":"2025-08-11T10:44:25","date_gmt":"2025-08-11T07:44:25","guid":{"rendered":"https:\/\/tuzlahortum.com.tr\/urun\/long-komp20-bar\/"},"modified":"2025-08-20T16:00:28","modified_gmt":"2025-08-20T13:00:28","slug":"long-komp20-bar","status":"publish","type":"product","link":"https:\/\/tuzlahortum.com.tr\/en\/product\/long-komp20-bar\/","title":{"rendered":"LONG-KOMP20 BAR"},"content":{"rendered":"<p>&nbsp;<\/p>\n<div class=\"report-container\">\n<div class=\"report-header\">\n<div class=\"standard-text\">Product Name: LONG-KOMP20 BAR<\/div>\n<div class=\"standard-text\">Product Code: LL\/ALDO84<\/div>\n<\/div>\n<div class=\"product-image-container\">\n<div class=\"key-feature\">Medium Duty Air<\/div>\n<\/div>\n<div class=\"horizontal-line\"><\/div>\n<div class=\"product-details\">\n<div class=\"detail-row\">\n<div class=\"detail-label\">Area of Use<\/div>\n<div class=\"detail-value\">: Air and Pneumatic Tools for Medium Duty Service, Especially for Mines, Quarries and Construction.<\/div>\n<\/div>\n<div class=\"detail-row\">\n<div class=\"detail-label\">Substrate<\/div>\n<div class=\"detail-value\">: Oil Mist Resistant Natural and Synthetic Rubber.<\/div>\n<\/div>\n<div class=\"detail-row\">\n<div class=\"detail-label\">Reinforcement Layer<\/div>\n<div class=\"detail-value\">: High Strength Synthetic Textile.<\/div>\n<\/div>\n<div class=\"detail-row\">\n<div class=\"detail-label\">Top Layer<\/div>\n<div class=\"detail-value\">: Abrasion, Ozone and Weather Resistant Smooth Natural and Synthetic Rubber.<\/div>\n<\/div>\n<\/div>\n<div class=\"datasheet_table\"><img decoding=\"async\" class=\"alignnone size-full\" src=\"https:\/\/tuzlahortum.com.tr\/wp-content\/uploads\/2025\/08\/datasheet195.svg\" alt=\"\" title=\"\"><\/div>\n<div class=\"table-notes\">On Demand : Antistatic coating<\/div>\n<div class=\"horizontal-line\"><\/div>\n<div class=\"footer\">\n<div class=\"standards-section\">\n<div class=\"standard-item\" style=\"margin-top: 9px;\"><\/div>\n<div class=\"standard-info\"><\/div>\n<\/div>\n<div class=\"temperature-section\">\n<div class=\"temp-icon\"><img decoding=\"async\" src=\"data:image\/svg+xml;base64,PD94bWwgdmVyc2lvbj0iMS4wIiBlbmNvZGluZz0iVVRGLTgiPz4KPHN2ZyBpZD0ia2F0bWFuXzIiIGRhdGEtbmFtZT0ia2F0bWFuIDIiIHhtbG5zPSJodHRwOi8vd3d3LnczLm9yZy8yMDAwL3N2ZyIgdmlld0JveD0iMCAwIDcyLjI3IDE2Ljk4Ij4KICA8ZGVmcz4KICAgIDxzdHlsZT4KICAgICAgLmNscy0xIHsKICAgICAgICBzdHJva2Utd2lkdGg6IC41OXB4OwogICAgICB9CgogICAgICAuY2xzLTEsIC5jbHMtMiwgLmNscy0zLCAuY2xzLTQgewogICAgICAgIGZpbGw6IG5vbmU7CiAgICAgICAgc3Ryb2tlLW1pdGVybGltaXQ6IDMuODY7CiAgICAgIH0KCiAgICAgIC5jbHMtMSwgLmNscy0zLCAuY2xzLTQgewogICAgICAgIHN0cm9rZTogI2E3YTlhYjsKICAgICAgfQoKICAgICAgLmNscy01IHsKICAgICAgICBmaWxsOiAjYTdhOWFiOwogICAgICB9CgogICAgICAuY2xzLTIgewogICAgICAgIHN0cm9rZTogI2ZmZjsKICAgICAgfQoKICAgICAgLmNscy0zIHsKICAgICAgICBzdHJva2Utd2lkdGg6IDIuMDZweDsKICAgICAgfQoKICAgICAgLmNscy00IHsKICAgICAgICBzdHJva2Utd2lkdGg6IC4ycHg7CiAgICAgIH0KICAgIDwvc3R5bGU+CiAgPC9kZWZzPgogIDxnIGlkPSJrYXRtYW5fMSIgZGF0YS1uYW1lPSJrYXRtYW4gMSI+CiAgICA8Zz4KICAgICAgPHBhdGggY2xhc3M9ImNscy0zIiBkPSJNMTEuMzQsMTEuNTdjLS45NCwxLjcxLTIuNzEsMi42Ni00LjgsMi42Ni0zLjA1LDAtNS41MS0yLjQ3LTUuNTEtNS41MlMzLjUsMy4xOSw2LjU1LDMuMTljMS45NCwwLDMuNjUsMSw0LjYzLDIuNTIiLz4KICAgICAgPGNpcmNsZSBjbGFzcz0iY2xzLTUiIGN4PSI2LjU1IiBjeT0iOC42NiIgcj0iMi40Ii8+CiAgICAgIDxjaXJjbGUgY2xhc3M9ImNscy0yIiBjeD0iNi41NSIgY3k9IjguNjYiIHI9IjIuNCIvPgogICAgICA8bGluZSBjbGFzcz0iY2xzLTMiIHgxPSI2OC4zNCIgeTE9IjExLjc2IiB4Mj0iOS45MiIgeTI9IjExLjc2Ii8+CiAgICAgIDxsaW5lIGNsYXNzPSJjbHMtMyIgeDE9IjY4Ljc4IiB5MT0iNS41MSIgeDI9IjkuNzMiIHkyPSI1LjUxIi8+CiAgICAgIDxsaW5lIGNsYXNzPSJjbHMtMyIgeDE9IjU0LjA3IiB5MT0iOC43NSIgeDI9IjguNjQiIHkyPSI4Ljc1Ii8+CiAgICAgIDxwYXRoIGNsYXNzPSJjbHMtMyIgZD0iTTY4LjE1LDUuNTVjMS43MSwwLDMuMDksMS4zOSwzLjA5LDMuMDlzLTEuOTIsMy4wNi0zLjYyLDMuMDYiLz4KICAgICAgPHBhdGggY2xhc3M9ImNscy01IiBkPSJNNTMuOTEsOC43NWMwLS4xNC4xMi0uMjYuMjYtLjI2cy4yNy4xMi4yNy4yNi0uMTIuMjctLjI3LjI3LS4yNi0uMTItLjI2LS4yN1oiLz4KICAgICAgPHBhdGggY2xhc3M9ImNscy0zIiBkPSJNNTMuOTEsOC43NWMwLS4xNC4xMi0uMjYuMjYtLjI2cy4yNy4xMi4yNy4yNi0uMTIuMjctLjI3LjI3LS4yNi0uMTItLjI2LS4yN1oiLz4KICAgICAgPGxpbmUgY2xhc3M9ImNscy0xIiB4MT0iMzYuNDMiIHkxPSIxNi45OCIgeDI9IjM2LjQzIiB5Mj0iMTQuMjQiLz4KICAgICAgPGxpbmUgY2xhc3M9ImNscy0xIiB4MT0iMjguMDUiIHkxPSIxNi45OCIgeDI9IjI4LjA1IiB5Mj0iMTQuMjQiLz4KICAgICAgPGxpbmUgY2xhc3M9ImNscy0xIiB4MT0iMTkuNTkiIHkxPSIxNi45OCIgeDI9IjE5LjU5IiB5Mj0iMTQuMjQiLz4KICAgICAgPGxpbmUgY2xhc3M9ImNscy0xIiB4MT0iNDEuNTciIHkxPSIyLjc0IiB4Mj0iNDEuNTciLz4KICAgICAgPGxpbmUgY2xhc3M9ImNscy0xIiB4MT0iMzMuMjgiIHkxPSIyLjc0IiB4Mj0iMzMuMjgiLz4KICAgICAgPGxpbmUgY2xhc3M9ImNscy0xIiB4MT0iMjQuOTkiIHkxPSIyLjc0IiB4Mj0iMjQuOTkiLz4KICAgICAgPGxpbmUgY2xhc3M9ImNscy0xIiB4MT0iMTYuMDgiIHkxPSIyLjc0IiB4Mj0iMTYuMDgiLz4KICAgICAgPGxpbmUgY2xhc3M9ImNscy0xIiB4MT0iNDQuNjMiIHkxPSIxNi45OCIgeDI9IjQ0LjYzIiB5Mj0iMTQuMjQiLz4KICAgICAgPGxpbmUgY2xhc3M9ImNscy0xIiB4MT0iNDkuNDkiIHkxPSIyLjc0IiB4Mj0iNDkuNDkiLz4KICAgICAgPGxpbmUgY2xhc3M9ImNscy00IiB4MT0iNDAuODgiIHkxPSIxNi45OCIgeDI9IjQwLjg4IiB5Mj0iMTQuMjQiLz4KICAgICAgPGxpbmUgY2xhc3M9ImNscy00IiB4MT0iMzIuMzMiIHkxPSIxNi45OCIgeDI9IjMyLjMzIiB5Mj0iMTQuMjQiLz4KICAgICAgPGxpbmUgY2xhc3M9ImNscy00IiB4MT0iMjMuNzkiIHkxPSIxNi45OCIgeDI9IjIzLjc5IiB5Mj0iMTQuMjQiLz4KICAgICAgPGxpbmUgY2xhc3M9ImNscy00IiB4MT0iMjAuNTkiIHkxPSIyLjc0IiB4Mj0iMjAuNTkiLz4KICAgICAgPGxpbmUgY2xhc3M9ImNscy00IiB4MT0iMjkuMTMiIHkxPSIyLjc0IiB4Mj0iMjkuMTMiLz4KICAgICAgPGxpbmUgY2xhc3M9ImNscy00IiB4MT0iMzcuMTYiIHkxPSIyLjc0IiB4Mj0iMzcuMTYiLz4KICAgICAgPGxpbmUgY2xhc3M9ImNscy00IiB4MT0iNDUuNzEiIHkxPSIyLjc0IiB4Mj0iNDUuNzEiLz4KICAgIDwvZz4KICA8L2c+Cjwvc3ZnPg==\" alt=\"S\u0131cakl\u0131k\" width=\"100\" title=\"\"><\/div>\n<div class=\"temp-values\">\n<div>-25\u00b0C \/ +70\u00b0C<\/div>\n<div>-13\u00b0F \/ +158\u00b0F<\/div>\n<\/div>\n<\/div>\n<div class=\"marking-section\">\n<div class=\"detail-row\">\n<div class=\"detail-label\">Branding<\/div>\n<div class=\"detail-value\">: Embossed or Inkjet<\/div>\n<\/div>\n<p><img decoding=\"async\" class=\"marking-image\" src=\"data:image\/png;base64,iVBORw0KGgoAAAANSUhEUgAABf0AAAAsCAYAAADfABI0AAAACXBIWXMAACE3AAAhNwEzWJ96AAAX5UlEQVR4nO3dPW\/bWLoH8P9ebLv8Aiaws9htxC8gFQlmikjFDGYLi4UDN7aKZKexVSSTYm0Da2eKxC5kN9mkkN0YdkG52MFMIQe4EySF1AwwU9BNgKSgvgD3A9xbSA9NUXw5pEhLlv8\/QEBgvZA8POcoes45z\/nDX\/\/8xVcgIiIiIiIiIiIiIqLb7vMfAfzvrM+CiIiIiIiIiIiIiIim9q\/\/mfUZEBERERERERERERFRPhj0JyIiIiIiIiIiIiJaEAz6ExEREREREREREREtCAb9iYiIiIiIiIiIiIgWBIP+REREREREREREREQLgkF\/IiIiIiIiIiIiIqIFwaA\/EREREREREREREdGC+GPWN2qaho3mJkqGken9A8eB4wyUXtexLJQrFZQrFQDAUauV6ZhERERERERERERERIssc9B\/rdHAWqOR57mE6vd6XtB\/o7kJgEF\/IqI0NppNnLTbcF131qdCI5qmYa3R4PfZDJQMA4ZhoGNZsz6VuTRN+Sxy2bLNEhERERHRbZI56E\/hdF3Hkq6PVjI4C3tMFZqmoWQYcF0XV7Y969MhupPWGg1sNDdRrVXx7dffzPp0aOTVm9coVypwXRcn7Xaq907b50vfDABXtn2nBoM0TcO\/37zGkq7DdV1cdrtjz6cp20UsR03TcHp+Bk3TYNt2qu\/upLK97aZps0RERERERDctl5z+3379Df72xV8KeayuPMzjFJWdnp\/h4+dPXiohVdVaDe8+vMcvH97j9PwMv3x4j3cf3kd+zkaziY+fP+HlwX7kZ8prTs\/PlI95en6WOeWS38fPn\/Dx86fQ53Rdx6+\/\/4aPnz9ha2d74vmSYeD0\/Ay\/\/v4bTs\/P8OPPP+HX33+LXBlSrlTw8fMnvPvwPvG8Xh7s4+PnT9hoNsf+LmUV9nj34f3E62dxHv6Hv15EvefX33\/zggxh5H3Bc0iqw3Kdwfubx\/UHybmE3ZOXB\/vQdT32farXEHWcuEe1Vgv9bClXlXLwl0VYWwj73DR15tfff8PLg31omqZ0LkGShg0AOlYn02dQMS67lwCAjeam8v0tGcZUfb6maXh5sO\/1zdJPJ9Xd4Xkmf2eJdx\/eh7bfuHb6488\/RbZJv7ppeq\/PYq3R8IL6\/V7P+3uass2jHOPae1S\/6Je231HtX1zX9cpF5Xr8\/GXrOE7qvtbfr8c94r53VOtH0rFevXk9ce+ztFkiIiIiIqJZySXon2Ym2NbOtvcjWeWR9kfnLNRNE69Gs9v8lnQdp+dnsYGMZdNMPcAQd8xypZJb4D\/Ki1GQ4Mq28Xx3b+w5CfgHr0nTNGztbMfezyVdjy0LTdPwQCEoFPa5G81NpWBVkeeRlqZpqNZqOD0\/Q900Cz+euInrX9J1LJsm\/vPzT4XW1TAXo7QTa4310OfrZh0AcNQ6VPo8KQuVgGVamqZh2TQjB\/6SrDUaXlvlzNT5ctJuo9\/reSlDkuij75OwPv\/fb14rBSFfHOxjOaQvGa4GSR4YBYb1Pe5Y5Upl4hxVlAwDr968TuzrHtSq3utVguN+w7Ietvvnu3vezPy0ZZtHOUadn\/SLSfczj34nqn959uQpXNcd20tJ5bP8ZXtl27n3tSqmqR9+8t3r\/4y0bZaIiIiIiGiWbjy9T8kwMgW555Wu63gxCiZf2TaOWodwXdcLci+Nnu\/f60Uu\/d9obmJ1pRf6nOoxHceBYRj45862t8T+y3v3p7\/AiXNtesvbv3v0eOJ5CZC4rosfdve89AgbzU2UKxWsNRq47F6OzbD0q5v1yOeqCcEmYBjQDc5olv0glk0T\/V5fKddwEefhFzZQFnyPrutYa6yjZBh4cbAPJzAztUjTXn+QBIFEyTC82ZKn52f46t79qVJjPN\/dGzunulnHsmmGDkwNHMcbbNN1fSyFR900U6Wm8JfFkq6jZBiZU1nF1d2SYaBumqnzZEuwLc+gGuXnqHWI0\/MK1hrriXnCpb0MHAffP3mKfq+HtUbD+56p1mqx9UMfvQYYthcJyG7tbGPZNJXOAbgejIw6lgRy4wT7A2BYV6u12vD7stcLTa0jxxYParVUg1nLpukNgvnbd5qyzasc49q7rNAJ9l0iS7+Tpn8Zpq85xkZzE2uNdaXvnbCyPWodZuprw\/ptv0FE2qUs9SPsWLque\/+X2mhu4vsnT73n0rRZIiIiIiKiWcplpv80s6luOwmqDRwHqysPcdntot\/r4bLbxbdff+MNAITNChTlSiXVTO6wY17ZNjqW5aVDWtL13GeHS6AWGM4EDAZlqrWaN1NydeUhOpaFfq+Hfq+H1ZWHXuAgatYfcB04CBP3PuE4A++Y8jhqtbyggswCTFLEefgfYQHu4HvkfkowRyWYlpdprz\/oyrbHru2k3cbqykOvfUw7Sz74+Y4zAHCdqmL8OcerD1Kfg9d20j5WGoSojupTHvcoqu5KUHE55WdLYHDgu16aL\/1eDwPHUWoDMrP7qHXo9aUn7bZ3b5Nm18uKmoHjeJs6u67rBTQ1TVMekI\/qA5K+60SwvfZ7PTx78tQL5katJJIyytre5PUn7eOxv6cp27zKMaq9S5A6bgVUln4nbf8if1cd5A0r26x9bVi\/HezDw2SpH2HH6lgWfhgNBATrc5o2S0RERERENEu5BP1\/GeXvTZs\/ex5z+qclP8yPI364yg\/ncqUc+n55T\/AHscoxO1Zn4piSxqPf6+FPOeacldUDwDAYEBZElPOSQYggCQYkBUTCgkYlw5gqDczFaIZjmgGqIs4jLZlxCUQHwopS9PVf2TbephyMyYuUqX9wo1ypeBtPq84elnsiAb8igkAygJF2dYX0OQz4D+mjtFXSB8iqs2B9lqBtuVKJLHN\/2pO410cdw0\/uTzWhDZy0j8eC0uK\/iitk5BzCAqZpVxBF9QMqAf8o\/hnfur4U+hrpJ45ahxg4TqoULv5Nd4NtIk3Z5lmOYSRvfJw8+52o\/sVxHO97POnzk8oWmL6vVTFN\/Qjy399g2ai2WSIiIiIiolnKJeivIixAsNFsJj5uMpd5FhL4iVpa77r\/BRAdsDtpH2PgOKO882q5gKUsowIMz3f3sLryMNcf0xvNTSzpeuyyewkyXtlXoc\/LAEVUWcjz6yGzSOVvWVPAyPtUck0XeR5ZSPDhpjYOvMnrzxrQnpbM6ATg5WaWWaFvu13FWf41L53FlW177bioQaG0ZX7dT\/SLOJ1bR3KXL5smXh7s48eff\/I2Gpf9PkqG4W3gKpu5ht1PeT7u9VHHCJIgb1K9OWq1cNRqTQSb5TvopvqkYvvp4fdlWD\/tn1ntb7+qg6FSvle2PXF+81K2QPLAdFH9Ttg1XtfNUux748o2j75WxbT1I07wHFXbLBERERER0SxlzumvGlCOm8GuMrtdllovsue7e3j15jXWGuteuoA4Nx0grdZq3o91\/+aHebuybei67m0kKz\/a\/RvHXlhWpg30gukQZnUet8Fduf6T9vEotVYdF5blzVJWzX8vdUryZF92u1hrNFA363i+my2vfxgZTMsa9M+6x8Ciqpv1iaDysmnCdd2JtFZJe04EN3mV1\/vrk\/8YjjOYyAMu9ydLANG\/ae7bG1rR8bbbxbJpjjb0vf4+kHORwG+WvXuu++nJgWMJ6F6OAsWX3UssmybqZl3p\/yNp28Msyta\/Ge5FxJ4wefc7cf2Lat1MKttp+1oV09aPoLgBn2naLBERERER0U3JHPR3XVdpE7M0aWvuKtkHoFypYGtne2zTOFUSpPVzXXfqgJ+mad6mwQDGgsBFOG4fY2tne2wjWZnZeGFZ3kzQNEqG4QUZVFIn5HEe5Uo5cuXGbdj8r4j7MG8uu11vluwrX+qqqHzRQTIAIgHBjtXBWqOBaq0WuwlllLA6U66UveBTMA95EglGq17PvJKNw+P6spJhQNM0pb5pSde9PUYkSF8yjNEm4108e\/IUruuibpp4cbDvpe8JS5Nk27a3d4v\/9WuNRugxqrXqRPvPOoiqaZq3eiBNvZ2W4wxw2e2iWquNbXDrz+medv+J4fvNyBQxwHXqlrejPlyCu5LCJen6r9vDIPFcbqJs62Z9Iu2ftPXhprvhkx2y9jtZ+hfVuplUtmn7Wj1m5WPU+7LWj7Bj6fqS93+GacqFiIiIiIholjIH\/fOgkq\/\/rvy4er67hx9\/\/gnLponj9nHqYP2yaU4MsMgGutOQIJb8YFddjZDVhWVha2cby6bprSqQmY8dq5M4e3SjuRk50OTfY6Ho8\/Dn\/A66DUH\/aa\/\/tjhqHeLFwf7Y3hwq\/JvkSjBJZjhLqo20bTiuzlyMNsW+i07PzxL7sq2dbZQrFfzti78kfp4MsgLwNmD98eefAIxvKtqxLDyoVVGt1VAyjNBA9FHrMPT1\/vQi\/mOozJhWrTeScs113UyDTNO4sDqjFWDr6FiWt4Gv5OVPCvqfnp9FPtfv9SbKIJi6xf\/aaq2GB7VaIensiizbpZCBemB4TVH90DT9zjT9Sx4z2tP0tcN0h+Hf42Eb+U5TP+KOJXskxcnS1xMREREREd2EG8vpH0YCI3GPu\/Jj6sq2vYD01s52IceQTSXDHlEpg6q1GgaOg9WVh3BdF5qmFXZ+wHhgfnk087NkGBg4zlRBT\/813MR5yOvCHrdBUfdh3nQsC4NRAClNfyMpNoKBYJl9W88w09lfZ\/zn8ezJ00yrfxaVSnqzuNcEU8f4yzpYt6P2Jwl7r\/\/1wX0UVOuVauq2cqXipdf6ocCUa1Fk5rb0CzIretoc7f1eD989ejzxdwnoXtn2WMBXZnVnaW9RbqpsLywLqysPxx4n7TbKlYq3MiRomn5nmv4lj5SCafpa13Ujvz\/D7sc09SN4LHFhWd4qnjg3nW6RiIiIiIhIldJM\/5JhFBLojZvtJ8I2jlV5HzCcjXib9gN4vruHB7UaypWK9yNWlWxECMALGgTJbNgwkooizD8ePYbjODhpH2OjuYll08RR67CwdBIdq4Nl08R6Yx3GaAPBTkR+46DhD\/frgJukBckSqJ7mPDpW51bM6I8zzfXfJs5oFUuaDW8lxUawPCSPdJYUP\/46o2kafvnwHpqmKW0+vWjefXgP27a9oJ2kzKmbdVzZNr5\/8hQvR7OGO1bHC7zVTRMPalUYhoEv792f5SVkohJg9qeemeWeNx2rg43mJtYb6973imr\/MEzRcp0KZuA4sEcb04Z5EMhjLy67XbzAvnKKnyQ3WbaOM5j4XhrOYh9ga2cbG83NiQGQafqdafqX\/DZuV+trr2w71SrFaepH8Fin52dj+zkkuSurUYmIiIiI6PZRCvpLTuO8Zf1M1felCeLNg+E+CYfY2tnG1s525gBrnvfq+e6eF4g5abex1liHpmnYaG4WNvu43+t56YT8G8eqvbefW7B9mvOYB0kzEJOCFfNw\/dNeQxEkxQYALy1MUNYUP8J1XW+QrW7Wb\/0AUhr6KNgmOeMBGXgeznyWey5lLH8H4O0\/MnCcXILAN02lvvhTzzyb4QqQC8vCRnNztKGvlmoVUMfqKL\/Wn7pFvhvD5JHiZx7K9m23i62d7YmB\/zz7nbT9yzyvuMy7fhy1DnF6PlwBqdKHzHPZEBERERHR3XYj6X0uLCvXfLvzRAIXUYF2XV8CoB6cPGm3vUBr1JJ0+ZEZlWdX0\/4UeszVlYf42xd\/CX1EBWD8900GJYDrlC9+MsgS3JxQSDBPpSwk36+mabjsdmcWvJuH80hTbn5R90Hum0qwoujrT2ofeVxD3iTFRpJpU45I2xv2BWbq90uZ5pGP+yY5joMv793H6srDsft72e3iq9HfgWF\/9tW9+2OpTmTW7pf37t+agL+eYiWHP\/VMnqutsqQocRwHl92u917V\/TDSUl31ltTerttDKfT5PMq2yFQvefc7Kv2Lat1MKtsi5VU\/hD\/1UFSu\/zRtloiIiIiIaFaUZvr3ez2lDRJVZN1Y1p++Zp5c2TbKlQrqZn1ig1vdN0Na0lSo+P7JU5yen0UuL7+ybZQMA+uNdVxY1tgxZUPFtMdUddJuY72xjiVdx9bO9tj9lB\/K5UoldLahbAT7NmRDzCDZSHb479mllJn1eciqCkCt3IBhqgdJEeXfaFQ+b310H1QC5kVe\/3gu8PG6muc15E3atH8VjF+5UsFGczNTih8\/2VdBNulOm2pE+ibjlm40KYOfspdI2KxbZzSjH4C3menglgT7hQzKJM18D6aeSTuQLnUgGLDUNC3zwJBs6Dv8dzGrgCR1y4Vlha5+0zQNr968TkzxI9dvhFxrmrItohz9HkQEsfPud1T6Fwniq6TjAcLLtmh51Q+\/k\/YxXhzsR6YyVG2zREREREREs6QU9L+Lkn68y4+9k\/Yx1hoNLOk6Ts\/PvAClruvYaG5C0zS4rjux8V7SZ\/d7vcjVA0etQyyb5sQxJUCc5ZhpHLUO8eJg39sEWMpCNneU8\/phdw+O44zyca97ZaqStkhWFZSMUmHXoSLreej6UmyapSvbnpjdHnyPDOzI4I\/qTNq33a6XpiKsfsjnnSh8Xl73IdieqrWqF\/AfjGYMF3UNefKn2IgKDF7ZtneO06T4Acbbet00UwX++73+qI2Wb9XeJuKfO9vQNA3fPXqMcqWMtUYDa43GWLmvNRooGQZO2m30e328evMa\/9zZDt0Mdl7JapakeuKv9xdWZ6J\/kf1LgOHeBsPc6debk8pzS7qOlwf7OGod4k++ATTZ0DSNy24Xl90uruyrQlJt+VO3xKUEkoHwuBQu8t4lXZ8I\/qYp27zKMew7YrjaYH10Htdttqh+J6l\/kfNL+qy4ss0iKaXkwHG8\/1vkVT\/8OqPUVUuj\/8cFUxmqtlkiIiIiIqJZUgr6R20MO+\/6vV7mlQVJGxfLygfHcfDsyVO8GG0q+erN64nXPnvyNHVA5NmTp\/jlw\/vQ54o6pqrgD+LVlesf2v949Bin52fQNM3Lr+03DM6pBZbmZWVHlvNYNk0vqB0mbOPkuPc8e\/JUOcDgOA5+2N2LrR9p0lfkcR+i2pPruvjHo8cTdTXva8iLBHviBkAkQFgyDNTNOp7vZg8MSQqVaq2GtcZ6quD95WjgZDhDeHa537PSNA39Xg+X3S76vR6WTXMifYoMcMqgUL\/XKzTFShEkaJk0m1pSzwAI7Vv933fLZh3lSgVHreuA7HAz9jbWGo3QvibrAFqRAywS+E0KpPd7Pa+9xQV1pS0Fg79pyjavcozr7\/2p9IDi+p24\/kUfDR4AajPao8o2i5JhxP6f86h1iKNWK\/f64XfcPsbWzjaWTRPPd\/fGvqNU2ywREREREdEs3UhO\/0XXsSx89+jxRFoJCRRkmSEtgYW0x5Sc1kXPjpeZb5KCJXj84A\/wwWigYpp0J3eNpF9YXXmYeqZ2VP2Q+zDrAZXBqH7\/\/etvIgcz5vEaqorpumQ1i2q+6TgSRCwZRqpNuq9sG4PRbNgsewLM2urKQy+g7Louvrp3f+KeH7Va+OrefS8g992jx5kHemdBZuSHrXYpwvPdvYnvFQkwz7pPCCN57JNSm0l7kxQuUaTdyqz8rIoqR+nz\/\/71N2MDmkX2O1H9i6SVC6YQjJJX2aaRd\/3w81+3f1DoptssERERERFRVn\/465+\/+L+kF5UMI3Hm+zy6su0bDzJLXt+w9C2LdExV5UrFW4pPsyH14zbfh0W4hlmomyZeHOxj4Dj49utv5q5\/uOvefXiPJV2fSdC9XKmMpa25K6TMwwL3WSxiOeq67q00DBvEj5J32c6jWbZZIiIiIiKiFP6lFPQnIqLbSYJUJ+02V9rMkY1mExvNTQ7I3DAZCHNdd2JGPQ2dnp+hXKngsttNlb5p0cuWbZaIiIiIiG6RfzG9DxHRAvOn4qL5oetLADCRL5yK1bEsb++H4AbjNFxVJXtl\/JBykHDRy5ZtloiIiIiIbhPO9CciWnB108Rlt8tA1Zyp1mrMCz4DmqahWqul3ivlrpCgvWpan+B7F7ls2WaJiIiIiOiWYHofIiIiIiIiIiIiIqIFwfQ+RERERERERERERESLgkF\/IiIiIiIiIiIiIqIFwaA\/EREREREREREREdGCYNCfiIiIiIiIiIiIiGhBMOhPRERERERERERERLQgGPQnIiIiIiIiIiIiIiIiIiIiIiIiIiIiIiIiIiIiIiIiIiIiIiIiIiIiIiIiIiIiIiIiIiIiIiIiIiIiooX2\/\/E5EU3VurzHAAAAAElFTkSuQmCC\" alt=\"Markalama G\u00f6rseli\" title=\"\"><\/p>\n<\/div>\n<div>\n<table style=\"width: 100%;\" cellspacing=\"0\" cellpadding=\"0\">\n<tbody>\n<tr>\n<td style=\"width: 120px; font-weight: bold;\">Norm<\/td>\n<td style=\"width: 400px; text-align: left;\">ISO 1307<\/td>\n<td style=\"width: 120px; font-weight: bold;\">Colour<\/td>\n<td style=\"width: 400px;\">\n<div class=\"color-icons\"><img decoding=\"async\" src=\"data:image\/svg+xml;base64,PHN2ZyB2aWV3Qm94PSIwIDAgMTAwIDEwMCIgeG1sbnM9Imh0dHA6Ly93d3cudzMub3JnLzIwMDAvc3ZnIj4KICA8Y2lyY2xlIGN4PSI1MCIgY3k9IjUwIiByPSI0OSIgZmlsbD0iIzAwMDAwMCIgc3Ryb2tlPSJibGFjayIgc3Ryb2tlLXdpZHRoPSIwLjUiLz4KICA8Y2lyY2xlIGN4PSI1MCIgY3k9IjUwIiByPSIzOCIgZmlsbD0id2hpdGUiIHN0cm9rZT0iYmxhY2siIHN0cm9rZS13aWR0aD0iMC41Ii8+CiAgPGNpcmNsZSBjeD0iNTAiIGN5PSI1MCIgcj0iMzMiIGZpbGw9IiMwMDAwMDAiIHN0cm9rZT0iYmxhY2siIHN0cm9rZS13aWR0aD0iMC41Ii8+CiAgPGNpcmNsZSBjeD0iNTAiIGN5PSI1MCIgcj0iMjIiIGZpbGw9IndoaXRlIiBzdHJva2U9ImJsYWNrIiBzdHJva2Utd2lkdGg9IjAuNSIvPgo8L3N2Zz4=\" alt=\"\" title=\"\"><br \/>\n<img decoding=\"async\" src=\"data:image\/svg+xml;base64,PHN2ZyB2aWV3Qm94PSIwIDAgMTAwIDEwMCIgeG1sbnM9Imh0dHA6Ly93d3cudzMub3JnLzIwMDAvc3ZnIj4KICA8Y2lyY2xlIGN4PSI1MCIgY3k9IjUwIiByPSI0OSIgZmlsbD0iI0ZGRDcwMCIgc3Ryb2tlPSJibGFjayIgc3Ryb2tlLXdpZHRoPSIwLjUiLz4KICA8Y2lyY2xlIGN4PSI1MCIgY3k9IjUwIiByPSIzOCIgZmlsbD0id2hpdGUiIHN0cm9rZT0iYmxhY2siIHN0cm9rZS13aWR0aD0iMC41Ii8+CiAgPGNpcmNsZSBjeD0iNTAiIGN5PSI1MCIgcj0iMzMiIGZpbGw9IiMwMDAwMDAiIHN0cm9rZT0iYmxhY2siIHN0cm9rZS13aWR0aD0iMC41Ii8+CiAgPGNpcmNsZSBjeD0iNTAiIGN5PSI1MCIgcj0iMjIiIGZpbGw9IndoaXRlIiBzdHJva2U9ImJsYWNrIiBzdHJva2Utd2lkdGg9IjAuNSIvPgo8L3N2Zz4=\" alt=\"\" title=\"\"><\/div>\n<\/td>\n<\/tr>\n<\/tbody>\n<\/table>\n<\/div>\n<\/div>\n<\/div>","protected":false},"excerpt":{"rendered":"<p>&nbsp; \u00dcr\u00fcn Ad\u0131: LONG-KOMP20 BAR \u00dcr\u00fcn Kodu: LL\/ALDO84 Orta Hizmet Hava Kullanim Alan\u0131 : Orta Y\u00fck Hizmeti \u0130\u00e7in Hava ve Pn\u00f6matik Aletler, \u00d6zellikle Madenler, Ta\u015f Ocaklar\u0131 ve \u0130n\u015faatlar \u0130\u00e7in. Alt Katman : Ya\u011f Sisine Dayan\u0131kl\u0131 Do\u011fal ve Sentetik Kau\u00e7uk. Takviye Katman\u0131 : Y\u00fcksek Mukavemetli Sentetik Tekstil. \u00dcst Katman : A\u015f\u0131nma, Ozon ve Hava Ko\u015fullar\u0131na Dayan\u0131kl\u0131 [&#8230;]\n","protected":false},"featured_media":22201,"comment_status":"open","ping_status":"closed","template":"","meta":{"jetpack_post_was_ever_published":false},"product_brand":[],"product_cat":[2355],"product_tag":[],"class_list":{"0":"post-21285","1":"product","2":"type-product","3":"status-publish","4":"has-post-thumbnail","6":"product_cat-sel_hava_gaz_hartumlari","8":"first","9":"instock","10":"taxable","11":"shipping-taxable","12":"product-type-simple"},"jetpack-related-posts":[{"id":21288,"url":"https:\/\/tuzlahortum.com.tr\/en\/product\/long-komp-a-s\/","url_meta":{"origin":21285,"position":0},"title":"LONG-KOMP A\/S","author":"admin","date":"11 August 2025","format":false,"excerpt":"\u00a0 \u00dcr\u00fcn Ad\u0131: LONG-KOMP A\/S \u00dcr\u00fcn Kodu: LL\/AS084 Orta Hizmet Hava ANT\u0130STAT\u0130K Kullanim Alan\u0131 : Madenlerde, ta\u015f ocaklar\u0131nda ve in\u015faatta \u00f6zellikle hava ve pn\u00f6matik aletler i\u00e7in orta hizmet tipi kullan\u0131m. Alt Katman : Ya\u011f - Sise Dayan\u0131kl\u0131 Do\u011fal ve Sentetik Antistatik Kau\u00e7uk. Takviye Katman\u0131 : Y\u00fcksek Mukavemetli Sentetik Tekstil. \u00dcst\u2026","rel":"","context":"Similar post","block_context":{"text":"Similar post","link":""},"img":{"alt_text":"","src":"https:\/\/i0.wp.com\/tuzlahortum.com.tr\/wp-content\/uploads\/2025\/08\/longkompas-p.png?fit=552%2C552&ssl=1&resize=350%2C200","width":350,"height":200,"srcset":"https:\/\/i0.wp.com\/tuzlahortum.com.tr\/wp-content\/uploads\/2025\/08\/longkompas-p.png?fit=552%2C552&ssl=1&resize=350%2C200 1x, https:\/\/i0.wp.com\/tuzlahortum.com.tr\/wp-content\/uploads\/2025\/08\/longkompas-p.png?fit=552%2C552&ssl=1&resize=525%2C300 1.5x"},"classes":[]},{"id":21282,"url":"https:\/\/tuzlahortum.com.tr\/en\/product\/long-komp10-bar\/","url_meta":{"origin":21285,"position":1},"title":"LONG-KOMP10 BAR","author":"admin","date":"11 August 2025","format":false,"excerpt":"\u00a0 \u00dcr\u00fcn Ad\u0131: LONG-KOMP10 BAR \u00dcr\u00fcn Kodu: LL\/ALDO81 Hafif Hizmet Hava Kullanim Alan\u0131 : Pn\u00f6matik Ekipman ve Aletler \u0130\u00e7in. Alt Katman : Ya\u011f Sisine Dayan\u0131kl\u0131 Do\u011fal ve Sentetik Kau\u00e7uk. Takviye Katman\u0131 : Y\u00fcksek Mukavemetli Sentetik Tekstil. \u00dcst Katman : A\u015f\u0131nma, Ozon ve Hava Ko\u015fullar\u0131na Dayan\u0131kl\u0131 P\u00fcr\u00fczs\u00fcz Do\u011fal ve Sentetik Kau\u00e7uk.\u2026","rel":"","context":"Similar post","block_context":{"text":"Similar post","link":""},"img":{"alt_text":"","src":"https:\/\/i0.wp.com\/tuzlahortum.com.tr\/wp-content\/uploads\/2025\/08\/longkomp10-p.png?fit=552%2C552&ssl=1&resize=350%2C200","width":350,"height":200,"srcset":"https:\/\/i0.wp.com\/tuzlahortum.com.tr\/wp-content\/uploads\/2025\/08\/longkomp10-p.png?fit=552%2C552&ssl=1&resize=350%2C200 1x, https:\/\/i0.wp.com\/tuzlahortum.com.tr\/wp-content\/uploads\/2025\/08\/longkomp10-p.png?fit=552%2C552&ssl=1&resize=525%2C300 1.5x"},"classes":[]},{"id":21300,"url":"https:\/\/tuzlahortum.com.tr\/en\/product\/sky-20\/","url_meta":{"origin":21285,"position":2},"title":"SKY-20","author":"admin","date":"11 August 2025","format":false,"excerpt":"\u00a0 \u00dcr\u00fcn Ad\u0131: SKY-20 \u00dcr\u00fcn Kodu: AMDO84 Orta Hizmet Hava Kullanim Alan\u0131 : Madenlerde, ta\u015f ocaklar\u0131nda ve in\u015faatlarda \u00f6zellikle hava ve pn\u00f6matik aletler i\u00e7in orta hizmet tipi kullan\u0131m. Alt Katman : Ya\u011f Sisine Dayan\u0131kl\u0131 Do\u011fal ve Sentetik Kau\u00e7uk. Takviye Katman\u0131 : Y\u00fcksek Mukavemetli Sentetik Tekstil. \u00dcst Katman : A\u015f\u0131nmaya, Oksijene\u2026","rel":"","context":"Similar post","block_context":{"text":"Similar post","link":""},"img":{"alt_text":"","src":"https:\/\/i0.wp.com\/tuzlahortum.com.tr\/wp-content\/uploads\/2025\/08\/sky20-p.png?fit=548%2C548&ssl=1&resize=350%2C200","width":350,"height":200,"srcset":"https:\/\/i0.wp.com\/tuzlahortum.com.tr\/wp-content\/uploads\/2025\/08\/sky20-p.png?fit=548%2C548&ssl=1&resize=350%2C200 1x, https:\/\/i0.wp.com\/tuzlahortum.com.tr\/wp-content\/uploads\/2025\/08\/sky20-p.png?fit=548%2C548&ssl=1&resize=525%2C300 1.5x"},"classes":[]},{"id":21303,"url":"https:\/\/tuzlahortum.com.tr\/en\/product\/sky-25\/","url_meta":{"origin":21285,"position":3},"title":"SKY-25","author":"admin","date":"11 August 2025","format":false,"excerpt":"\u00a0 \u00dcr\u00fcn Ad\u0131: SKY-25 \u00dcr\u00fcn Kodu: AHD225 A\u011f\u0131r Hizmet Hava Kullanim Alan\u0131 : Maden ocaklar\u0131, ta\u015f ocaklar\u0131 ve in\u015faatlarda \u00f6zellikle hava ve pn\u00f6matik aletler i\u00e7in a\u011f\u0131r hizmet kullan\u0131m\u0131. Alt Katman : Ya\u011f Buhar\u0131na Dayan\u0131kl\u0131 Do\u011fal ve Sentetik Kau\u00e7uk. Takviye Katman\u0131 : Y\u00fcksek Mukavemetli Sentetik Tekstil. \u00dcst Katman : A\u015f\u0131nmaya, Oksijene\u2026","rel":"","context":"Similar post","block_context":{"text":"Similar post","link":""},"img":{"alt_text":"","src":"https:\/\/i0.wp.com\/tuzlahortum.com.tr\/wp-content\/uploads\/2025\/08\/sky25-p.png?fit=548%2C548&ssl=1&resize=350%2C200","width":350,"height":200,"srcset":"https:\/\/i0.wp.com\/tuzlahortum.com.tr\/wp-content\/uploads\/2025\/08\/sky25-p.png?fit=548%2C548&ssl=1&resize=350%2C200 1x, https:\/\/i0.wp.com\/tuzlahortum.com.tr\/wp-content\/uploads\/2025\/08\/sky25-p.png?fit=548%2C548&ssl=1&resize=525%2C300 1.5x"},"classes":[]},{"id":21309,"url":"https:\/\/tuzlahortum.com.tr\/en\/product\/mars\/","url_meta":{"origin":21285,"position":4},"title":"MARS","author":"admin","date":"11 August 2025","format":false,"excerpt":"\u00a0 \u00dcr\u00fcn Ad\u0131: MARS \u00dcr\u00fcn Kodu: ADS240 Hava ve Toz Emme Kullanim Alan\u0131 : Hava, toz, tah\u0131l, toz madde vb. emi\u015f ve transferi i\u00e7in. Alt Katman : Do\u011fal ve Sentetik Kau\u00e7uk. Takviye Katman\u0131 : Sentetik Tekstil ve \u00c7elik Tel Spiral \u00dcst Katman : A\u015f\u0131nma, Ozon, Is\u0131 ve Hava Ko\u015fullar\u0131na Dayan\u0131kl\u0131\u2026","rel":"","context":"Similar post","block_context":{"text":"Similar post","link":""},"img":{"alt_text":"","src":"https:\/\/i0.wp.com\/tuzlahortum.com.tr\/wp-content\/uploads\/2025\/08\/mars-p.png?fit=539%2C539&ssl=1&resize=350%2C200","width":350,"height":200,"srcset":"https:\/\/i0.wp.com\/tuzlahortum.com.tr\/wp-content\/uploads\/2025\/08\/mars-p.png?fit=539%2C539&ssl=1&resize=350%2C200 1x, https:\/\/i0.wp.com\/tuzlahortum.com.tr\/wp-content\/uploads\/2025\/08\/mars-p.png?fit=539%2C539&ssl=1&resize=525%2C300 1.5x"},"classes":[]},{"id":21323,"url":"https:\/\/tuzlahortum.com.tr\/en\/product\/nitro-20\/","url_meta":{"origin":21285,"position":5},"title":"NITRO-20","author":"admin","date":"11 August 2025","format":false,"excerpt":"\u00a0 \u00dcr\u00fcn Ad\u0131: NITRO-20 \u00dcr\u00fcn Kodu: NH225 Azot Hortumu Kullanim Alan\u0131 : Azot Transferi \u0130\u00e7in. Alt Katman : Azota Dayan\u0131kl\u0131 Do\u011fal ve Sentetik Kau\u00e7uk. Takviye Katman\u0131 : Y\u00fcksek Mukavemetli Sentetik Tekstil. \u00dcst Katman : A\u015f\u0131nmaya, Oksijene ve Hava Ko\u015fullar\u0131na Dayan\u0131kl\u0131 Sentetik Kau\u00e7uk. -40\u00b0C \/ +70\u00b0C -40\u00b0F \/ +158\u00b0F Markalama :\u2026","rel":"","context":"Similar post","block_context":{"text":"Similar post","link":""},"img":{"alt_text":"","src":"https:\/\/i0.wp.com\/tuzlahortum.com.tr\/wp-content\/uploads\/2025\/08\/nitro20-p.png?fit=548%2C548&ssl=1&resize=350%2C200","width":350,"height":200,"srcset":"https:\/\/i0.wp.com\/tuzlahortum.com.tr\/wp-content\/uploads\/2025\/08\/nitro20-p.png?fit=548%2C548&ssl=1&resize=350%2C200 1x, https:\/\/i0.wp.com\/tuzlahortum.com.tr\/wp-content\/uploads\/2025\/08\/nitro20-p.png?fit=548%2C548&ssl=1&resize=525%2C300 1.5x"},"classes":[]}],"jetpack_sharing_enabled":true,"jetpack_likes_enabled":true,"_links":{"self":[{"href":"https:\/\/tuzlahortum.com.tr\/en\/wp-json\/wp\/v2\/product\/21285","targetHints":{"allow":["GET"]}}],"collection":[{"href":"https:\/\/tuzlahortum.com.tr\/en\/wp-json\/wp\/v2\/product"}],"about":[{"href":"https:\/\/tuzlahortum.com.tr\/en\/wp-json\/wp\/v2\/types\/product"}],"replies":[{"embeddable":true,"href":"https:\/\/tuzlahortum.com.tr\/en\/wp-json\/wp\/v2\/comments?post=21285"}],"wp:featuredmedia":[{"embeddable":true,"href":"https:\/\/tuzlahortum.com.tr\/en\/wp-json\/wp\/v2\/media\/22201"}],"wp:attachment":[{"href":"https:\/\/tuzlahortum.com.tr\/en\/wp-json\/wp\/v2\/media?parent=21285"}],"wp:term":[{"taxonomy":"product_brand","embeddable":true,"href":"https:\/\/tuzlahortum.com.tr\/en\/wp-json\/wp\/v2\/product_brand?post=21285"},{"taxonomy":"product_cat","embeddable":true,"href":"https:\/\/tuzlahortum.com.tr\/en\/wp-json\/wp\/v2\/product_cat?post=21285"},{"taxonomy":"product_tag","embeddable":true,"href":"https:\/\/tuzlahortum.com.tr\/en\/wp-json\/wp\/v2\/product_tag?post=21285"}],"curies":[{"name":"wp","href":"https:\/\/api.w.org\/{rel}","templated":true}]}}