{"id":21267,"date":"2025-08-11T10:42:35","date_gmt":"2025-08-11T07:42:35","guid":{"rendered":"https:\/\/tuzlahortum.com.tr\/urun\/knidos-c\/"},"modified":"2025-08-20T16:06:00","modified_gmt":"2025-08-20T13:06:00","slug":"knidos-c","status":"publish","type":"product","link":"https:\/\/tuzlahortum.com.tr\/en\/product\/knidos-c\/","title":{"rendered":"KNIDOS\/C"},"content":{"rendered":"<p>&nbsp;<\/p>\n<div class=\"report-container\">\n<div class=\"report-header\">\n<div class=\"standard-text\">Product Name: KNIDOS\/C<\/div>\n<div class=\"standard-text\">Product Code: TSX32<\/div>\n<\/div>\n<div class=\"product-image-container\">\n<div class=\"key-feature\">Superelastic Medium Duty Suction &amp; Delivery Glanded (-40\u00b0C)<\/div>\n<\/div>\n<div class=\"horizontal-line\"><\/div>\n<div class=\"product-details\">\n<div class=\"detail-row\">\n<div class=\"detail-label\">Area of Use<\/div>\n<div class=\"detail-value\">: Suitable for suction and transfer of medium loads of water, light chemicals, liquids such as mud, slurry, waste materials, sand and gravel in agriculture, industrial applications, construction, canal cleaning. Especially designed for use in extremely cold climates.<\/div>\n<\/div>\n<div class=\"detail-row\">\n<div class=\"detail-label\">Reinforcement Layer<\/div>\n<div class=\"detail-value\">: Strong, Flexible and Smooth Special Superelastic Material. Impact Resistant PVC Spiral.<\/div>\n<\/div>\n<\/div>\n<div class=\"datasheet_table\"><img decoding=\"async\" class=\"alignnone size-full\" src=\"https:\/\/tuzlahortum.com.tr\/wp-content\/uploads\/2025\/08\/datasheet188.svg\" alt=\"\" title=\"\"><\/div>\n<div class=\"table-notes\"><\/div>\n<div class=\"horizontal-line\"><\/div>\n<div class=\"footer\">\n<div class=\"standards-section\">\n<div class=\"standard-item\" style=\"margin-top: 9px;\"><\/div>\n<div class=\"standard-info\"><\/div>\n<\/div>\n<div class=\"temperature-section\">\n<div class=\"temp-icon\"><img decoding=\"async\" src=\"data:image\/svg+xml;base64,PD94bWwgdmVyc2lvbj0iMS4wIiBlbmNvZGluZz0iVVRGLTgiPz4KPHN2ZyBpZD0ia2F0bWFuXzIiIGRhdGEtbmFtZT0ia2F0bWFuIDIiIHhtbG5zPSJodHRwOi8vd3d3LnczLm9yZy8yMDAwL3N2ZyIgdmlld0JveD0iMCAwIDcyLjI3IDE2Ljk4Ij4KICA8ZGVmcz4KICAgIDxzdHlsZT4KICAgICAgLmNscy0xIHsKICAgICAgICBzdHJva2Utd2lkdGg6IC41OXB4OwogICAgICB9CgogICAgICAuY2xzLTEsIC5jbHMtMiwgLmNscy0zLCAuY2xzLTQgewogICAgICAgIGZpbGw6IG5vbmU7CiAgICAgICAgc3Ryb2tlLW1pdGVybGltaXQ6IDMuODY7CiAgICAgIH0KCiAgICAgIC5jbHMtMSwgLmNscy0zLCAuY2xzLTQgewogICAgICAgIHN0cm9rZTogI2E3YTlhYjsKICAgICAgfQoKICAgICAgLmNscy01IHsKICAgICAgICBmaWxsOiAjYTdhOWFiOwogICAgICB9CgogICAgICAuY2xzLTIgewogICAgICAgIHN0cm9rZTogI2ZmZjsKICAgICAgfQoKICAgICAgLmNscy0zIHsKICAgICAgICBzdHJva2Utd2lkdGg6IDIuMDZweDsKICAgICAgfQoKICAgICAgLmNscy00IHsKICAgICAgICBzdHJva2Utd2lkdGg6IC4ycHg7CiAgICAgIH0KICAgIDwvc3R5bGU+CiAgPC9kZWZzPgogIDxnIGlkPSJrYXRtYW5fMSIgZGF0YS1uYW1lPSJrYXRtYW4gMSI+CiAgICA8Zz4KICAgICAgPHBhdGggY2xhc3M9ImNscy0zIiBkPSJNMTEuMzQsMTEuNTdjLS45NCwxLjcxLTIuNzEsMi42Ni00LjgsMi42Ni0zLjA1LDAtNS41MS0yLjQ3LTUuNTEtNS41MlMzLjUsMy4xOSw2LjU1LDMuMTljMS45NCwwLDMuNjUsMSw0LjYzLDIuNTIiLz4KICAgICAgPGNpcmNsZSBjbGFzcz0iY2xzLTUiIGN4PSI2LjU1IiBjeT0iOC42NiIgcj0iMi40Ii8+CiAgICAgIDxjaXJjbGUgY2xhc3M9ImNscy0yIiBjeD0iNi41NSIgY3k9IjguNjYiIHI9IjIuNCIvPgogICAgICA8bGluZSBjbGFzcz0iY2xzLTMiIHgxPSI2OC4zNCIgeTE9IjExLjc2IiB4Mj0iOS45MiIgeTI9IjExLjc2Ii8+CiAgICAgIDxsaW5lIGNsYXNzPSJjbHMtMyIgeDE9IjY4Ljc4IiB5MT0iNS41MSIgeDI9IjkuNzMiIHkyPSI1LjUxIi8+CiAgICAgIDxsaW5lIGNsYXNzPSJjbHMtMyIgeDE9IjU0LjA3IiB5MT0iOC43NSIgeDI9IjguNjQiIHkyPSI4Ljc1Ii8+CiAgICAgIDxwYXRoIGNsYXNzPSJjbHMtMyIgZD0iTTY4LjE1LDUuNTVjMS43MSwwLDMuMDksMS4zOSwzLjA5LDMuMDlzLTEuOTIsMy4wNi0zLjYyLDMuMDYiLz4KICAgICAgPHBhdGggY2xhc3M9ImNscy01IiBkPSJNNTMuOTEsOC43NWMwLS4xNC4xMi0uMjYuMjYtLjI2cy4yNy4xMi4yNy4yNi0uMTIuMjctLjI3LjI3LS4yNi0uMTItLjI2LS4yN1oiLz4KICAgICAgPHBhdGggY2xhc3M9ImNscy0zIiBkPSJNNTMuOTEsOC43NWMwLS4xNC4xMi0uMjYuMjYtLjI2cy4yNy4xMi4yNy4yNi0uMTIuMjctLjI3LjI3LS4yNi0uMTItLjI2LS4yN1oiLz4KICAgICAgPGxpbmUgY2xhc3M9ImNscy0xIiB4MT0iMzYuNDMiIHkxPSIxNi45OCIgeDI9IjM2LjQzIiB5Mj0iMTQuMjQiLz4KICAgICAgPGxpbmUgY2xhc3M9ImNscy0xIiB4MT0iMjguMDUiIHkxPSIxNi45OCIgeDI9IjI4LjA1IiB5Mj0iMTQuMjQiLz4KICAgICAgPGxpbmUgY2xhc3M9ImNscy0xIiB4MT0iMTkuNTkiIHkxPSIxNi45OCIgeDI9IjE5LjU5IiB5Mj0iMTQuMjQiLz4KICAgICAgPGxpbmUgY2xhc3M9ImNscy0xIiB4MT0iNDEuNTciIHkxPSIyLjc0IiB4Mj0iNDEuNTciLz4KICAgICAgPGxpbmUgY2xhc3M9ImNscy0xIiB4MT0iMzMuMjgiIHkxPSIyLjc0IiB4Mj0iMzMuMjgiLz4KICAgICAgPGxpbmUgY2xhc3M9ImNscy0xIiB4MT0iMjQuOTkiIHkxPSIyLjc0IiB4Mj0iMjQuOTkiLz4KICAgICAgPGxpbmUgY2xhc3M9ImNscy0xIiB4MT0iMTYuMDgiIHkxPSIyLjc0IiB4Mj0iMTYuMDgiLz4KICAgICAgPGxpbmUgY2xhc3M9ImNscy0xIiB4MT0iNDQuNjMiIHkxPSIxNi45OCIgeDI9IjQ0LjYzIiB5Mj0iMTQuMjQiLz4KICAgICAgPGxpbmUgY2xhc3M9ImNscy0xIiB4MT0iNDkuNDkiIHkxPSIyLjc0IiB4Mj0iNDkuNDkiLz4KICAgICAgPGxpbmUgY2xhc3M9ImNscy00IiB4MT0iNDAuODgiIHkxPSIxNi45OCIgeDI9IjQwLjg4IiB5Mj0iMTQuMjQiLz4KICAgICAgPGxpbmUgY2xhc3M9ImNscy00IiB4MT0iMzIuMzMiIHkxPSIxNi45OCIgeDI9IjMyLjMzIiB5Mj0iMTQuMjQiLz4KICAgICAgPGxpbmUgY2xhc3M9ImNscy00IiB4MT0iMjMuNzkiIHkxPSIxNi45OCIgeDI9IjIzLjc5IiB5Mj0iMTQuMjQiLz4KICAgICAgPGxpbmUgY2xhc3M9ImNscy00IiB4MT0iMjAuNTkiIHkxPSIyLjc0IiB4Mj0iMjAuNTkiLz4KICAgICAgPGxpbmUgY2xhc3M9ImNscy00IiB4MT0iMjkuMTMiIHkxPSIyLjc0IiB4Mj0iMjkuMTMiLz4KICAgICAgPGxpbmUgY2xhc3M9ImNscy00IiB4MT0iMzcuMTYiIHkxPSIyLjc0IiB4Mj0iMzcuMTYiLz4KICAgICAgPGxpbmUgY2xhc3M9ImNscy00IiB4MT0iNDUuNzEiIHkxPSIyLjc0IiB4Mj0iNDUuNzEiLz4KICAgIDwvZz4KICA8L2c+Cjwvc3ZnPg==\" alt=\"S\u0131cakl\u0131k\" width=\"100\" title=\"\"><\/div>\n<div class=\"temp-values\">\n<div>-40\u00b0C \/ +50\u00b0C<\/div>\n<div>-40\u00b0F \/ +113\u00b0F<\/div>\n<\/div>\n<\/div>\n<div class=\"marking-section\">\n<div class=\"detail-row\">\n<div class=\"detail-label\">Branding<\/div>\n<div class=\"detail-value\">: Inkjet<\/div>\n<\/div>\n<p><img decoding=\"async\" class=\"marking-image\" src=\"data:image\/png;base64,iVBORw0KGgoAAAANSUhEUgAABf0AAAAoCAYAAABEkVAiAAAACXBIWXMAACE3AAAhNwEzWJ96AAAX1ElEQVR4nO3db2wb530H8G+8puNVSKpT4CC8vqJuwEaT2CCJwhpBajcN0gsZkgN5lYwaqB14Q2o4LzwvGOoudpc6bYrCC\/JigeNiAqQXXm2vDmoZEQYJUNtQoFOIpt6QJvaC4rAhxyBBdWoG9Zikwfbi9JyOxyPF\/+RZ3w9QNBR5z\/1I8Ujr9zzP7\/fYT2\/97J9ARERERERERERERERe98svAPheu6MgIiIiIiIiIiIiIqL6HWp3AERERERERERERERE1BhM+hMRERERERERERERPSK+UO8ATz99uBFxNMzOzg52dn4HAJC7u\/H4Fx+37vvww4\/aFRYRERERERERERERUdPVnPT\/g0OH8B\/v3MOvfvGLRsZTt4uXLqPriScBANFf\/QI3b9wAAPz5V7+Kyem\/bmdoRERERERERERERERNVXN5n\/9MP+y4hD8RERERERERERER0UFWc9I\/nzcaGQcREREREREREREREdWp7pr+wnPT0\/BJUqOGq5ksy\/j095+3OwwiOiBymga\/orQ7jI41d\/0aAODMC2fbHEl1cpoGWZY74nuNiIiIiIiIiKgaDUn6B48cwdDI1\/HpZ581Yri6MOFPRK2S3cxg7q1rOHnqNIKhcLvD6TjpVBLZTMZzkyJ5w8Dbt2\/Cr3wF0zOz7Q6HiIiIiIiIiKgqDUn6P\/nkk3Un\/H2+P8RvPvqo7lieOnwY+fwndY\/zqNjWdej6FmS5B92yXHR\/3jCQy2kAUPCY\/Y6zH+vzSUVJvexmBgAQ6FULfp7TNNfSUG5jlHtOD1NJ5A0DPknCkVC4ZIyljgMAv6LUlKjNaRrSqSQA8zXri0SqHoMeDasrywCARDz+yCX9K\/kM2E824\/450OnSqRRymoacpmF0bLzm509ERERERETUKbKbmaryb51G5CHryVO0U6vjb1h5n3r95qOP8NqV79c9zsVLl9H1xJMNiOjRkIivY3VlGaNj4xgdGy+6f3VlGbG1KHyShBfPXyg6LqCqJcty5HIa5t665vqYubfMkh6v\/vhqwc+X7t21EoFOstyDiampssnTjXgcd27fLBxz8W7J52d\/TGwtWvRznyTh+MxsxQnbt2\/fQiK+XvCz1ZVlfPPUac9+aFJtspsZ671c7r3nVft9dlRCTP4Fw96aEOmLRJB4sI5sJoPVlWWu9iciIiIiIiJPi61FsbR4FwBw7vwFT+aw7ty+hXQqCZ8k4eVXrrQ7nKq1Ov6aG\/mS9+U0zUqEDw2PuM4yZTMZK3HXbLq+hRsL89Yqeie3hL8gJi+qvS9vGLixMG+t2C7HLeEv4p67fs3aQUAHQyxqvqf6I4Oe\/LIEzGtq7vo164u\/kfKGgZxm7iLy2kp\/YG8iJxFfx7autzkaIiIiIiIiotrZc1bb+lYbI6mdqBySNwxP5uBaHX\/HrPSn1lu6Zyb6\/IpSdiXv6spyw5tw9kcGCyYZtnXdSqjfuX0LL31HLWigmTcMvLMbr0+SMDQ8goCqIpvJILYWRd4wsLqyjP6BSNFxIuEvyz1mqY4e87z2Y\/db6Z\/dzFjx2ceJRaNI75YMWrq3yBXBB0TeMKzJqWeHR9ocTe10favkzpt6WSW+VO8l\/AFzokKWe6DrW3iYSmLIw79nIiIiIiIiOtjE37Q+SUK33IMbC\/Poj0Q8Vap4YvIY0qkk\/Iqym6eLY3Rs3DMLMVsdf0OS\/r9+7z0EQ+Gqg5R7nirZC+Dff\/5z6Nu\/rTqWnZ0d7Oz8rurjDhrRYBMAJqaOlX1sNpNBTtMa+ibsi0SKVv8GelXcuX1zN6GaKqiVn06lrFmwk6dOW8cGelUEQ2G8+cbryBsGEg\/iBck5cZxPknDm22cLJhrEsdnN\/RuNbsTjAMwPx3Pn\/86aWAj0qtYOgER8HROTUwWTDvRoSqdSAMwJIK98ubSaeI289A8Ip2dHRrC0eBdpJv2JiIiIiIjIw3ySZC34\/efXfghd30I6lSwqy93J\/IoCv6JgW9dx9bUfADBXzzd6oXKztDr+hq30n5\/716qPOX3mb\/BHf\/wnrvfp27\/Fhx\/W39iXiuUNA0uLiwDMFfeVlN64vxZt+ip2ex3th6lkQdL\/4e6q6mAoXBSvaMgrJjLsyTl9d8tSoFd1LV8kLrj9iAmSoeGRoqT+xOSU1SA4u5nxdJKTKmPVqg+F2hxJ5\/JqE1+7I6EwlhZL9yEhIiIiIiIi8ppnFAW6vuXZRavdsgyfJJmLfH3eew6tir+t5X3e\/5\/\/Lpn0l7u\/XNOYXOm\/v9ha1Lq4Jyanyj5WlNBJxNfNkjZN7i4dDIWRzWSK6ouJulelEvRHdpP+peqS1bsa25o8cClV4pMkHJ085ukPzGbZiMeh61vojwzC5\/NhdWUZuq4joKqOHRlJJOJxyLKMvhI18hs5Vr1y2vsA3N8Poj\/E6Ng4cpqG+7vlpYKhUMGEUGzNLA0V6FVdJ5PsNuJxZDczMAwDAVUtKmNV7bntYwLA9pZulsdylN2yqybebV23rgfx+ovY3M4hmiLLck\/BZJ+4L51MWr\/rUs9dnDcRXzd37\/gVBMPFk4T28wVUFYFe1XpuwVC4YHz7F3F2M+PpCQwiIiIiIiIiADg+M4tcbgR+v4KlxbtIPIjj6OSxor\/HO9mL5y9A17fg9yuYu34N21s6vnnqtGeqMbQi\/pqT\/uE\/\/TMENzaQfviw5pN\/\/PHHJe\/7xnPP1TTmxUuX0fXEk7WG9Mjb1nUr+XZ08ti+SWqR5MpmMlhdWW76an\/x5hYNQAVr1XCJ+uCiTr\/zOCGdSpbtW1COfcxSST8vfTC2kti54VcUrK4sW69lOpXEB5qG6ZnZogbNsbUoznz7bNFr3cix6lWuQa24voKhcEGD50R8HcdnTqAvEiloCi16S7z0ne+6Xo9z168VrDRPp5JWnw3nl0G5cw8NjxSU8hKvJ2BOaq2uLCOguu+IcYv3xfMXSk4QuK3yz2ma1QfBeS1uxONWjH3Yu5aczbPTqSQ24us488LZotfK+bsXcfZHBos+t8Tn2SjGrXOLn2czGZw8ddp6rF9RrBJnTPoTERERERGR1\/kkCYFeFdu6bvXBTDxY91Ruq1uW0S3L5oLG3RyEqJfvBa2I\/1DNRz52CM\/\/7Qv4yfxCVf97bnq6YcFT9d5Z3GveW+nFLBJ0ifg6tnW9abE1gyz3ADATjuKDrFpilwHVbmlxsWhCJhFfL0rUCm\/futWSsWphP3e5SbN\/W5gv6sb+zr27iK1FCxLZAKxG0E6rK8uupWXyhoG3XZ5ruXPH1qI1Xb\/2pLj9\/GKCwY0ox3XEtrtATNiJ3QV2bpN6bucF3K9le6Nvp0R83ZpscHI7xxHHjgiR6He+nkRERERERESNtK3rBX97OnMf9tt5wyi6bf+bf7+xspsZdMuylWQOhsJFY9Riv5idMVYTs9vzD6gqfJJkTmSoatEYBy1+u7rK+3z62WdV191n+ZP2yW5mrOSXvvsmquT3EehV4VcU5DStJav9GykYClnlOZYW7+J+NIpgKISAqrL2fgvp+hYmpo6hfyCC7GYGd27fQt4wcOf2TfgVBdMzJyBJElZXlpGIr0PXt0o2j27kWLXYr9SUYOQNq+l04kEcS4t3rfdhf2QQo2PjMHaT9zlNw8NUEtMovLZEctvteYmV827vY7dzA7DKdAFm1\/j7uxMQfkXBxNQx+P3ur\/fQ8AhGx8ah67oVbyK+XvKzQCT27Un8UvXxRSkgAI7yR+9az12s7F9dWcbqyjJia9GC3QI+ScKZF87i\/u7Pu2UZecPA3PVru7HGXV8nUS5qYnIKuq7j\/lq05GSo1yY8iYiIiIiIyDvSqSRuLMzDJ0l48fwFxKLvIrYWhV9RcO78Bav57tDwCIZGvoZ\/eeN15A0DE1PHEOhV8eYbrwOAtXP9xsI8AODc+QvYiK8XjCUqCgRUFefOXwBg\/s179Uc\/RN4w8wm15MyWFu8WnOfNN15HTtOsmEXzWrcYs5sZLC3eLXr+styDv7\/43YKxRsfGrVhHx8bx8itXrNfw6ls\/sMaotkR5ufj7IoNlX+NS8fskCS+\/cqUl8Tu1taZ\/Od86fRqffvZZ1cfJsoxPf\/95EyLyPvuK57xhIPEgXlALvZyh4a\/hzu2beJhKYsKY8szkjai3L1aA6\/oWYmtR68IbGh7Ztz451a8\/Mmi918y66RkroT09c8JKoE\/PzBY0RXZLrDdyrHrs9545OnnM+pIcGh7Bxm6i3idJVrK8W5YxPXMCb+5+WdsnJ3KaZs3unjz1vPVhPz0zi5z2PnKahpymuX4RO8\/9wW6S3r7K3q8o1phia58bWe6xygL5JQknTz1vfVG71bkXcctyT8EXVLcsQ5Z7oOtbBZMVbqv8t3XdmgE\/eep567UeHRu3ejs4z21OjOxNQvgkCaNj47ixMO+6u0A8N3GM3\/Z7cT4G2OvrQURERERERNRo4m\/gvGGYixdzmvXznKZZf5PmcuZ\/i3yBc2Gd24p++1j2Y+zHivyJeFwtSX\/neaz\/z2lWRYBSMYpYnM9fLOS0j5XL7eVL7H\/vJ+LxgjGqTZqXi7\/bdp5q4he5nlbE79SxSf\/hv\/jLqncRAGDCv4TYWnQvEdcjI5vJ4H40WnHSvy8S2W2culW0yrbT9UUi8Em+gjrwwF6JknQqac1sUnM840i4B8PhglXsdqKGeqntTI0cq5mK4gyFXXcc2G\/bS0mJ\/3Ymz+1jlUpmO8\/tvF0NZx8Ne3NbN26r\/O1j6fEtZDOZvaT\/ZnH9f\/GPGfvEhBAMhRBbi5qrEvapsb9faZ5KXhfRL4SIiIiIiIioWYKhMLKbGchyD\/x+xcrX+f0K\/Ip5O5fTMDo2jkCviv7IIHR9C6Nj45Bl2Uo690cGAewlpvsHIpB85kI68Tfy8ZkTSDxYR\/\/AoLX7\/kgoXDRGtfoHBgvOMzo2juxmBv0DgwiGQmVjDPSqyOfNvGWgV8Xo2DhWsVz0\/IeGRxDoVa3bE5PHzMWHeXPVvH2Mgxa\/U8cm\/amxRNJrenYW21s6spkMdH0LG\/F4VbX979y+idha5ZMFnSIYClv1ycwyRylrFlPUCPfac\/KSRq6y90pTlkbFWUvSudzEQtXnd5lZFpMpbkQJsWAoVHRfMBQq2nGwX5Nu58RGPp8vGau9WXAlvPJeIiIiIiIiokebKG0riDyWIHbgC86d6qLkjNvtvkikIPcnbm\/rurWTvz8yWDRGtZzncS4YLhejf7dsrxDoVQtuO5+\/uG3v73h85kTBMQctfqeySf+uri+hq6urYScDgC8+\/nhFj5O7v1zT+Ds7O9jZ+Z3rfU8\/fbimMQFgW9+uqdxQJwmGwuZMUS+sVfvVdOd2rvYvlaTrZD5Jsj44J4wpq+Z3OpVk0p+oAawkvsustPiZKAGUz+etVf1uj89pGubeuuZ6HmeNfVGTsNG2t1jLn4iIiIiIiB49hm1XvNGGCgmNYNgqJtj\/2yuaGX\/ZpP+HH3yA1658v6EnrNQ3nnuupuMuXrqMrieeLPr5r997D79+772a4\/nJ\/EJN5YY6hU+ScNQ2qyRW7WczGde63KXYV\/u3MulfrpxIPWNaNb\/LJAt9Ptb7J6qEWJXvVxTXngeiG302Y+62EWr5LLHX2N+Ix5uS8LefR9T2JyIiIiIiIvKy2FoU6VQSgV4VJ0+dRk7Tai7p0y5v375lNTYWq+b7Bypb1NwJWhF\/W8v7yHU2JKDK9Q9ECsp0BEMhK5G+EY9XnPS3r\/bf2G0w0UiiHlap2uyl6niXOm4\/lTTwtY9ZaoJkafEucjkN\/QODFe+cIG8Sk0DNSjJ7WTppltYp93kS6FWtyUb7z1wfq6oVbW1LPFgHYG5HdG5xfPkfXtr3+ErU20CHiIiIiIiIqBMsLd4FYOY1Xv3x1Zqa9rZTdjODRHzdut3Ikjit0Kr4DzVl1Ar0Dwzg63811q7THzjO5LZPkqxyNon4elGpjHKeHdk7rtFEPe5ux6pascq2VONSkYB1HgeUbuJpv2+\/5L84v0hqOscQjUV9kq\/sOOR9BY13W7D9zdkV3n7eTtuFIq7PYLj0PxisBr6Zve72pf6BUW1pnWZMuInnVMkEIREREREREVGnE6v6vZbsF0RzXMCbz6FV8Zdd6f\/U4cO4eOlyw08qyzLw2KGCGvmNOtdThw8jn\/8EwF735EbY2dlpyDidpD8yiNWVZQBALPpuUVOJkscNmKv9G53wtJfoOOJ40wd6VbMBaCZT1HzYbMybdD0uthbFRnwdZ14465q0i61FAey\/QyCgqtDjW0g8iKMvMljw+KV7iwB2S5c06P1GnU2We6DrW8jltKb9zsVEk2g+Lc6TNwyrNE4nNaIVTbGB8iv9RekfUTbHJ0nFO3v85m1d3yraXZPTNMiy3LIkvJh46KTXmoiIiIiIiKgaomGsX1Fw7vyFol3yXvD27VtIxNcxNDyCc+cvtDucqrU6\/rJJ\/3z+E9f6+PX69PefA\/i8KecSCX9xnkbFX6o5sJd1yzL6I4NIxNeReBDH6Nh4RYk0sUtATBjUwlmDO7u5t+pXlnsQDIUKHt8XieCde3eRNwzcuX0TOe19qzyRSNybTXr3jssbhjU5cfVHPzQngVQVPknC9paOxIN165z9A+Vrlz07PIJEfB15w8Dc9WsYGh6BLPcUjDE0PMLVwAfEM4piJqRLlJtqhG5ZtiYXbizM4+jkMfgkH2JrUSth3qgZ4e0tHasry+iPDNZcxkasiK+kPn+gV7Um6txeP3vt\/xsL8xgdG4dfUZBOJpF4EIdfUQq2v4kdD7FoFH7\/Xj+Bej6jALNZsHitxUQEERERERERkdeIsrg5Tauqt2cnERVHYmvRihcud5JWx9\/Wmv7UfvZkdmwtitGx8YqOGxoeQWwtWvNq\/3KlgaZnZ12T58dnZnFjYR7A3gp9OzMpunecT5JwJBQueH5ux\/kVZd+yIH5FKXjOzmSiuJ8OhoBqJq3TqWTF10wtJqamcGNh3prscsZQ7+rzgKoCK+aK+tWVZQRUteakv9h9UMlExJFQeC\/pX2KSYHRsHHOZa8gbhlVvUMhpGrZ13YpVjJdOJfHq94pLcNVKTOiVakxMRERERERE5AX9A4PIaRr8iuLJhD+wl4tsZh6mmVodf9mkf1fXl9DV1dWSQDrdzs7OI7na368o1orajXi84jdeI1b7OwVUFROTx0omMoOhMI7PnLBW\/NtjOTp5zDVxPz0zi2cUpWQ5InPMyrY0iVk458SBWHXMpODBcSQUNps3O5LPjRYMha0vBTu\/ouDkt07XPX6gV7Wu\/3qJMSr5x4M90V+yiW+v6nq9y3IPvnnqdMFr3heJFDXCAWDtZKpVbO3d3fHL7wQiIiIiIiIi6mR9kUhT+uC10sTUMU+u8BdaHf9jP731s\/8rdefO\/36M1658v2XBdLKLly43pdRRs4nyFLLcUzIx6Sxh4ZOkio7LGwZyOQ0+X3FNbqvUhyOhl9M05PPFyfdy53E7bzqVsuILhkIVJdydJYRqXdW8ret4mEoibxgIqKpnZ0hbQfy+7SVXgL33DlD6PeJ8TzRyrEaYu34N2UwG\/ZHBglp4pd774poqd704n5v92Erec6XOXe5aLXX+cp8Bzt\/Ftq7j6ms\/gE+S8PIrV1xjc8bz6vcuVfR4+\/XuV5SyOwnENsW8YSAYCsOvKK6vSSWfbzlNw5tvvA4AeOniPzZtYoeIiIiIiIiIqMFeYdK\/Ql5N+hNRc4gmOACTwuK1CIbCOHnq9L6PT6eSuLEwX\/Hj20FM6gRUtaB\/ABERERERERFRh3vlULsjICLyor5IBLLcAwB4x1Fz\/qB5uFuf\/0iFjYVF\/f9KH99q9l1BXq0VSEREREREREQHV9ma\/k8dPoyLly63KpaO9tThw8jnP2l3GETUQUSj3U5NXreKVUKnRFNe++PSyaRVZ3+\/x7eLLPfAJ0lmzwOW7yIiIiIiIiIijymb9M\/nP2FJm11M+BORk2gu7fVmOPUSJXr2K3GUzWSspsTN6LPQKN2yjDMvnIXE5txERERERERE5EFlk\/5ERFTeQU\/4A8WNg\/fjkyRMz87u\/8A2cmt4TERERERERETkBUz6ExFRSwRUFSeV0\/ArX+nYVf5ERERERERERF7HpD8REbUE6+MTERERERERETXfFwD8st1BEBERERERERERERFR3f7r\/wFWqacVfu23DQAAAABJRU5ErkJggg==\" alt=\"Markalama G\u00f6rseli\" title=\"\"><\/p>\n<\/div>\n<div>\n<table style=\"width: 100%;\" cellspacing=\"0\" cellpadding=\"0\">\n<tbody>\n<tr>\n<td style=\"width: 120px; font-weight: bold;\">Norm<\/td>\n<td style=\"width: 400px; text-align: left;\">ISO 1307<\/td>\n<td style=\"width: 120px; font-weight: bold;\">Colour<\/td>\n<td style=\"width: 400px;\">\n<div class=\"color-icons\"><img decoding=\"async\" src=\"data:image\/svg+xml;base64,PHN2ZyB2aWV3Qm94PSIwIDAgMTAwIDEwMCIgeG1sbnM9Imh0dHA6Ly93d3cudzMub3JnLzIwMDAvc3ZnIj4KICA8Y2lyY2xlIGN4PSI1MCIgY3k9IjUwIiByPSI0OSIgZmlsbD0iI0E0QTlBRCIgc3Ryb2tlPSJibGFjayIgc3Ryb2tlLXdpZHRoPSIwLjUiLz4KICA8Y2lyY2xlIGN4PSI1MCIgY3k9IjUwIiByPSIzOCIgZmlsbD0id2hpdGUiIHN0cm9rZT0iYmxhY2siIHN0cm9rZS13aWR0aD0iMC41Ii8+Cjwvc3ZnPg==\" alt=\"\" title=\"\"><\/div>\n<\/td>\n<\/tr>\n<\/tbody>\n<\/table>\n<\/div>\n<\/div>\n<\/div>","protected":false},"excerpt":{"rendered":"<p>&nbsp; \u00dcr\u00fcn Ad\u0131: KNIDOS\/C \u00dcr\u00fcn Kodu: TSX32 Superelastic Medium Duty Suction &amp; Delivery Bo\u011fumlu (-40\u00b0C) Kullanim Alan\u0131 : Tar\u0131m, end\u00fcstriyel uygulamalar, in\u015faat, kanal temizleme, \u00e7amur, bulama\u00e7, at\u0131k maddeler, kum ve \u00e7ak\u0131l gibi orta y\u00fckte su, hafif kimyasallar, s\u0131v\u0131lar\u0131n emi\u015f ve transferi i\u00e7in uygundur. \u00d6zellikle a\u015f\u0131r\u0131 so\u011fuk iklimlerde kullan\u0131m i\u00e7in tasarlanm\u0131\u015ft\u0131r. Takviye Katman\u0131 : G\u00fc\u00e7l\u00fc, Esnek [&#8230;]\n","protected":false},"featured_media":22189,"comment_status":"open","ping_status":"closed","template":"","meta":{"jetpack_post_was_ever_published":false},"product_brand":[],"product_cat":[2353],"product_tag":[],"class_list":{"0":"post-21267","1":"product","2":"type-product","3":"status-publish","4":"has-post-thumbnail","6":"product_cat-sel_kanal_hortumlari","8":"first","9":"instock","10":"taxable","11":"shipping-taxable","12":"product-type-simple"},"jetpack-related-posts":[{"id":21842,"url":"https:\/\/tuzlahortum.com.tr\/en\/product\/lagina-c-2\/","url_meta":{"origin":21267,"position":0},"title":"LAGINA \/ C","author":"admin","date":"11 August 2025","format":false,"excerpt":"\u00a0 \u00dcr\u00fcn Ad\u0131: LAGINA \/ C \u00dcr\u00fcn Kodu: TSC22 S\u00fcperelastik Orta Hizmet Al\u0131c\u0131\/Verici Bo\u011fumlu (-30\u00b0C) Kullanim Alan\u0131 : Tar\u0131msal, end\u00fcstriyel uygulamalar, in\u015faatlar, kanalizasyon temizleme, \u00e7amur, bulama\u00e7, at\u0131k madde, kum ve \u00e7ak\u0131l vb. i\u00e7in orta hizmet su, tuzlu su, hafif kimyasallar, s\u0131v\u0131lar vb. emme ve iletimi i\u00e7in. \u00d6zellikle \u00e7ok so\u011fuk iklimlerde\u2026","rel":"","context":"Similar post","block_context":{"text":"Similar post","link":""},"img":{"alt_text":"","src":"https:\/\/i0.wp.com\/tuzlahortum.com.tr\/wp-content\/uploads\/2025\/08\/PVC_31.png?fit=491%2C491&ssl=1&resize=350%2C200","width":350,"height":200},"classes":[]},{"id":21836,"url":"https:\/\/tuzlahortum.com.tr\/en\/product\/lagina\/","url_meta":{"origin":21267,"position":1},"title":"LAGINA","author":"admin","date":"11 August 2025","format":false,"excerpt":"\u00a0 \u00dcr\u00fcn Ad\u0131: LAGINA \u00dcr\u00fcn Kodu: TSC20 S\u00fcperelastik Orta Hizmet Al\u0131c\u0131\/Verici (30\u00b0C) Kullanim Alan\u0131 : Tar\u0131msal, end\u00fcstriyel uygulamalar, in\u015faatlar, kanalizasyon temizleme, \u00e7amur, bulama\u00e7, at\u0131k madde, kum ve \u00e7ak\u0131l vb. i\u00e7in orta hizmet su, tuzlu su, hafif kimyasallar, s\u0131v\u0131lar vb. emme ve iletimi i\u00e7in. \u00d6zellikle \u00e7ok so\u011fuk iklimlerde kullan\u0131m i\u00e7in. Alt\u2026","rel":"","context":"Similar post","block_context":{"text":"Similar post","link":""},"img":{"alt_text":"","src":"https:\/\/i0.wp.com\/tuzlahortum.com.tr\/wp-content\/uploads\/2025\/08\/PVC_29.png?fit=448%2C448&ssl=1&resize=350%2C200","width":350,"height":200},"classes":[]},{"id":21848,"url":"https:\/\/tuzlahortum.com.tr\/en\/product\/knidos\/","url_meta":{"origin":21267,"position":2},"title":"KNIDOS","author":"admin","date":"11 August 2025","format":false,"excerpt":"\u00a0 \u00dcr\u00fcn Ad\u0131: KNIDOS \u00dcr\u00fcn Kodu: TSX30 S\u00fcperelastik Orta Hizmet Al\u0131c\u0131\/Verici (-40\u00b0C) Kullanim Alan\u0131 : Tar\u0131msal, end\u00fcstriyel uygulamalar, in\u015faatlar, kanalizasyon temizleme, \u00e7amur, bulama\u00e7, at\u0131k madde, kum ve \u00e7ak\u0131l vb. i\u00e7in orta hizmet su, tuzlu su, hafif kimyasallar, s\u0131v\u0131lar vb. emme ve iletimi i\u00e7in. \u00d6zellikle a\u015f\u0131r\u0131 so\u011fuk iklimlerde kullan\u0131m i\u00e7in. Alt\u2026","rel":"","context":"Similar post","block_context":{"text":"Similar post","link":""},"img":{"alt_text":"","src":"https:\/\/i0.wp.com\/tuzlahortum.com.tr\/wp-content\/uploads\/2025\/08\/PVC_33.png?fit=469%2C469&ssl=1&resize=350%2C200","width":350,"height":200},"classes":[]},{"id":21839,"url":"https:\/\/tuzlahortum.com.tr\/en\/product\/lagina-lc\/","url_meta":{"origin":21267,"position":3},"title":"LAGINA \/ LC","author":"admin","date":"11 August 2025","format":false,"excerpt":"\u00a0 \u00dcr\u00fcn Ad\u0131: LAGINA \/ LC \u00dcr\u00fcn Kodu: TSC21 S\u00fcperelastik Orta Hizmet Al\u0131c\u0131\/Verici Hafif Bo\u011fumlu (-30\u00b0C) Kullanim Alan\u0131 : Tar\u0131msal, end\u00fcstriyel uygulamalar, in\u015faatlar, kanalizasyon temizleme, \u00e7amur, bulama\u00e7, at\u0131k madde, kum ve \u00e7ak\u0131l vb. i\u00e7in orta hizmet su, tuzlu su, hafif kimyasallar, s\u0131v\u0131lar vb. emme ve iletimi i\u00e7in. \u00d6zellikle \u00e7ok so\u011fuk\u2026","rel":"","context":"Similar post","block_context":{"text":"Similar post","link":""},"img":{"alt_text":"","src":"https:\/\/i0.wp.com\/tuzlahortum.com.tr\/wp-content\/uploads\/2025\/08\/PVC_30.png?fit=490%2C490&ssl=1&resize=350%2C200","width":350,"height":200},"classes":[]},{"id":21917,"url":"https:\/\/tuzlahortum.com.tr\/en\/product\/bosphorus-2\/","url_meta":{"origin":21267,"position":4},"title":"BOSPHORUS +","author":"admin","date":"11 August 2025","format":false,"excerpt":"\u00a0 \u00dcr\u00fcn Ad\u0131: BOSPHORUS + \u00dcr\u00fcn Kodu: TWS20 Yo\u011fun Kullan\u0131m \u0130\u00e7in \u00c7elik Sarmal (Dar Hatveli) Kullanim Alan\u0131 : Tersanelerde, sanayilerde, binalarda, tar\u0131m ve sanayi makinelerinde end\u00fcstriyel s\u0131v\u0131lar\u0131n emi\u015fi ve transferi i\u00e7in. Alt Katman : G\u00fc\u00e7l\u00fc, \u00e7ok esnek ve p\u00fcr\u00fczs\u00fcz \u015feffaf plastikle\u015ftirilmi\u015f PVC. Darbeye dayan\u0131kl\u0131 galvanizli \u00e7elik spiral tel. \u00dcst Katman\u2026","rel":"","context":"Similar post","block_context":{"text":"Similar post","link":""},"img":{"alt_text":"","src":"https:\/\/i0.wp.com\/tuzlahortum.com.tr\/wp-content\/uploads\/2025\/08\/PVC_61.png?fit=449%2C449&ssl=1&resize=350%2C200","width":350,"height":200},"classes":[]},{"id":21845,"url":"https:\/\/tuzlahortum.com.tr\/en\/product\/ecostar\/","url_meta":{"origin":21267,"position":5},"title":"ECOSTAR","author":"admin","date":"11 August 2025","format":false,"excerpt":"\u00a0 \u00dcr\u00fcn Ad\u0131: ECOSTAR \u00dcr\u00fcn Kodu: TCS17 S\u00fcperelastik Standart Hizmet Su Al\u0131c\u0131\/Verici (-40\u00b0C) Kullanim Alan\u0131 : Tar\u0131m, end\u00fcstriyel uygulamalar ve in\u015faatlarda su ve hafif kimyasallar\u0131n standart g\u00f6rev teslimat\u0131 i\u00e7in. \u00d6zellikle so\u011fuk iklimlerde kullan\u0131m i\u00e7in uygundur. Alt Katman : G\u00fc\u00e7l\u00fc, Esnek ve P\u00fcr\u00fczs\u00fcz \u00d6zel S\u00fcperelastik Malzeme. Takviye Katman\u0131 : Darbeye Dayan\u0131kl\u0131\u2026","rel":"","context":"Similar post","block_context":{"text":"Similar post","link":""},"img":{"alt_text":"","src":"https:\/\/i0.wp.com\/tuzlahortum.com.tr\/wp-content\/uploads\/2025\/08\/PVC_32.png?fit=444%2C444&ssl=1&resize=350%2C200","width":350,"height":200},"classes":[]}],"jetpack_sharing_enabled":true,"jetpack_likes_enabled":true,"_links":{"self":[{"href":"https:\/\/tuzlahortum.com.tr\/en\/wp-json\/wp\/v2\/product\/21267","targetHints":{"allow":["GET"]}}],"collection":[{"href":"https:\/\/tuzlahortum.com.tr\/en\/wp-json\/wp\/v2\/product"}],"about":[{"href":"https:\/\/tuzlahortum.com.tr\/en\/wp-json\/wp\/v2\/types\/product"}],"replies":[{"embeddable":true,"href":"https:\/\/tuzlahortum.com.tr\/en\/wp-json\/wp\/v2\/comments?post=21267"}],"wp:featuredmedia":[{"embeddable":true,"href":"https:\/\/tuzlahortum.com.tr\/en\/wp-json\/wp\/v2\/media\/22189"}],"wp:attachment":[{"href":"https:\/\/tuzlahortum.com.tr\/en\/wp-json\/wp\/v2\/media?parent=21267"}],"wp:term":[{"taxonomy":"product_brand","embeddable":true,"href":"https:\/\/tuzlahortum.com.tr\/en\/wp-json\/wp\/v2\/product_brand?post=21267"},{"taxonomy":"product_cat","embeddable":true,"href":"https:\/\/tuzlahortum.com.tr\/en\/wp-json\/wp\/v2\/product_cat?post=21267"},{"taxonomy":"product_tag","embeddable":true,"href":"https:\/\/tuzlahortum.com.tr\/en\/wp-json\/wp\/v2\/product_tag?post=21267"}],"curies":[{"name":"wp","href":"https:\/\/api.w.org\/{rel}","templated":true}]}}