{"id":21264,"date":"2025-08-11T10:42:16","date_gmt":"2025-08-11T07:42:16","guid":{"rendered":"https:\/\/tuzlahortum.com.tr\/urun\/lagina-c\/"},"modified":"2025-08-20T16:06:01","modified_gmt":"2025-08-20T13:06:01","slug":"lagina-c","status":"publish","type":"product","link":"https:\/\/tuzlahortum.com.tr\/en\/product\/lagina-c\/","title":{"rendered":"LAGINA\/C"},"content":{"rendered":"<p>&nbsp;<\/p>\n<div class=\"report-container\">\n<div class=\"report-header\">\n<div class=\"standard-text\">Product Name: LAGINA\/C<\/div>\n<div class=\"standard-text\">Product Code: TSC22<\/div>\n<\/div>\n<div class=\"product-image-container\">\n<div class=\"key-feature\">Super Flexible Medium Load Capacity Transceiver\/Transmitter Choke (-30\u00b0C)<\/div>\n<\/div>\n<div class=\"horizontal-line\"><\/div>\n<div class=\"product-details\">\n<div class=\"detail-row\">\n<div class=\"detail-label\">Area of Use<\/div>\n<div class=\"detail-value\">: Suitable for agriculture, industrial applications, construction, channel cleaning, suction and transfer of medium loads of water, brine, light chemicals, liquids such as mud, slurry, waste materials, sand and gravel, especially for use in very cold climates.<\/div>\n<\/div>\n<div class=\"detail-row\">\n<div class=\"detail-label\">Reinforcement Layer<\/div>\n<div class=\"detail-value\">: Strong, Flexible and Smooth Special Superelastic Material. Shock Resistant PVC Spiral. Crush, Chemicals, Abrasion and Weather Resistant, Curved Sliding Outer Surface.<\/div>\n<\/div>\n<\/div>\n<div class=\"datasheet_table\"><img decoding=\"async\" class=\"alignnone size-full\" src=\"https:\/\/tuzlahortum.com.tr\/wp-content\/uploads\/2025\/08\/datasheet187.svg\" alt=\"\" title=\"\"><\/div>\n<div class=\"table-notes\"><\/div>\n<div class=\"horizontal-line\"><\/div>\n<div class=\"footer\">\n<div class=\"standards-section\">\n<div class=\"standard-item\" style=\"margin-top: 9px;\"><\/div>\n<div class=\"standard-info\"><\/div>\n<\/div>\n<div class=\"temperature-section\">\n<div class=\"temp-icon\"><img decoding=\"async\" src=\"data:image\/svg+xml;base64,PD94bWwgdmVyc2lvbj0iMS4wIiBlbmNvZGluZz0iVVRGLTgiPz4KPHN2ZyBpZD0ia2F0bWFuXzIiIGRhdGEtbmFtZT0ia2F0bWFuIDIiIHhtbG5zPSJodHRwOi8vd3d3LnczLm9yZy8yMDAwL3N2ZyIgdmlld0JveD0iMCAwIDcyLjI3IDE2Ljk4Ij4KICA8ZGVmcz4KICAgIDxzdHlsZT4KICAgICAgLmNscy0xIHsKICAgICAgICBzdHJva2Utd2lkdGg6IC41OXB4OwogICAgICB9CgogICAgICAuY2xzLTEsIC5jbHMtMiwgLmNscy0zLCAuY2xzLTQgewogICAgICAgIGZpbGw6IG5vbmU7CiAgICAgICAgc3Ryb2tlLW1pdGVybGltaXQ6IDMuODY7CiAgICAgIH0KCiAgICAgIC5jbHMtMSwgLmNscy0zLCAuY2xzLTQgewogICAgICAgIHN0cm9rZTogI2E3YTlhYjsKICAgICAgfQoKICAgICAgLmNscy01IHsKICAgICAgICBmaWxsOiAjYTdhOWFiOwogICAgICB9CgogICAgICAuY2xzLTIgewogICAgICAgIHN0cm9rZTogI2ZmZjsKICAgICAgfQoKICAgICAgLmNscy0zIHsKICAgICAgICBzdHJva2Utd2lkdGg6IDIuMDZweDsKICAgICAgfQoKICAgICAgLmNscy00IHsKICAgICAgICBzdHJva2Utd2lkdGg6IC4ycHg7CiAgICAgIH0KICAgIDwvc3R5bGU+CiAgPC9kZWZzPgogIDxnIGlkPSJrYXRtYW5fMSIgZGF0YS1uYW1lPSJrYXRtYW4gMSI+CiAgICA8Zz4KICAgICAgPHBhdGggY2xhc3M9ImNscy0zIiBkPSJNMTEuMzQsMTEuNTdjLS45NCwxLjcxLTIuNzEsMi42Ni00LjgsMi42Ni0zLjA1LDAtNS41MS0yLjQ3LTUuNTEtNS41MlMzLjUsMy4xOSw2LjU1LDMuMTljMS45NCwwLDMuNjUsMSw0LjYzLDIuNTIiLz4KICAgICAgPGNpcmNsZSBjbGFzcz0iY2xzLTUiIGN4PSI2LjU1IiBjeT0iOC42NiIgcj0iMi40Ii8+CiAgICAgIDxjaXJjbGUgY2xhc3M9ImNscy0yIiBjeD0iNi41NSIgY3k9IjguNjYiIHI9IjIuNCIvPgogICAgICA8bGluZSBjbGFzcz0iY2xzLTMiIHgxPSI2OC4zNCIgeTE9IjExLjc2IiB4Mj0iOS45MiIgeTI9IjExLjc2Ii8+CiAgICAgIDxsaW5lIGNsYXNzPSJjbHMtMyIgeDE9IjY4Ljc4IiB5MT0iNS41MSIgeDI9IjkuNzMiIHkyPSI1LjUxIi8+CiAgICAgIDxsaW5lIGNsYXNzPSJjbHMtMyIgeDE9IjU0LjA3IiB5MT0iOC43NSIgeDI9IjguNjQiIHkyPSI4Ljc1Ii8+CiAgICAgIDxwYXRoIGNsYXNzPSJjbHMtMyIgZD0iTTY4LjE1LDUuNTVjMS43MSwwLDMuMDksMS4zOSwzLjA5LDMuMDlzLTEuOTIsMy4wNi0zLjYyLDMuMDYiLz4KICAgICAgPHBhdGggY2xhc3M9ImNscy01IiBkPSJNNTMuOTEsOC43NWMwLS4xNC4xMi0uMjYuMjYtLjI2cy4yNy4xMi4yNy4yNi0uMTIuMjctLjI3LjI3LS4yNi0uMTItLjI2LS4yN1oiLz4KICAgICAgPHBhdGggY2xhc3M9ImNscy0zIiBkPSJNNTMuOTEsOC43NWMwLS4xNC4xMi0uMjYuMjYtLjI2cy4yNy4xMi4yNy4yNi0uMTIuMjctLjI3LjI3LS4yNi0uMTItLjI2LS4yN1oiLz4KICAgICAgPGxpbmUgY2xhc3M9ImNscy0xIiB4MT0iMzYuNDMiIHkxPSIxNi45OCIgeDI9IjM2LjQzIiB5Mj0iMTQuMjQiLz4KICAgICAgPGxpbmUgY2xhc3M9ImNscy0xIiB4MT0iMjguMDUiIHkxPSIxNi45OCIgeDI9IjI4LjA1IiB5Mj0iMTQuMjQiLz4KICAgICAgPGxpbmUgY2xhc3M9ImNscy0xIiB4MT0iMTkuNTkiIHkxPSIxNi45OCIgeDI9IjE5LjU5IiB5Mj0iMTQuMjQiLz4KICAgICAgPGxpbmUgY2xhc3M9ImNscy0xIiB4MT0iNDEuNTciIHkxPSIyLjc0IiB4Mj0iNDEuNTciLz4KICAgICAgPGxpbmUgY2xhc3M9ImNscy0xIiB4MT0iMzMuMjgiIHkxPSIyLjc0IiB4Mj0iMzMuMjgiLz4KICAgICAgPGxpbmUgY2xhc3M9ImNscy0xIiB4MT0iMjQuOTkiIHkxPSIyLjc0IiB4Mj0iMjQuOTkiLz4KICAgICAgPGxpbmUgY2xhc3M9ImNscy0xIiB4MT0iMTYuMDgiIHkxPSIyLjc0IiB4Mj0iMTYuMDgiLz4KICAgICAgPGxpbmUgY2xhc3M9ImNscy0xIiB4MT0iNDQuNjMiIHkxPSIxNi45OCIgeDI9IjQ0LjYzIiB5Mj0iMTQuMjQiLz4KICAgICAgPGxpbmUgY2xhc3M9ImNscy0xIiB4MT0iNDkuNDkiIHkxPSIyLjc0IiB4Mj0iNDkuNDkiLz4KICAgICAgPGxpbmUgY2xhc3M9ImNscy00IiB4MT0iNDAuODgiIHkxPSIxNi45OCIgeDI9IjQwLjg4IiB5Mj0iMTQuMjQiLz4KICAgICAgPGxpbmUgY2xhc3M9ImNscy00IiB4MT0iMzIuMzMiIHkxPSIxNi45OCIgeDI9IjMyLjMzIiB5Mj0iMTQuMjQiLz4KICAgICAgPGxpbmUgY2xhc3M9ImNscy00IiB4MT0iMjMuNzkiIHkxPSIxNi45OCIgeDI9IjIzLjc5IiB5Mj0iMTQuMjQiLz4KICAgICAgPGxpbmUgY2xhc3M9ImNscy00IiB4MT0iMjAuNTkiIHkxPSIyLjc0IiB4Mj0iMjAuNTkiLz4KICAgICAgPGxpbmUgY2xhc3M9ImNscy00IiB4MT0iMjkuMTMiIHkxPSIyLjc0IiB4Mj0iMjkuMTMiLz4KICAgICAgPGxpbmUgY2xhc3M9ImNscy00IiB4MT0iMzcuMTYiIHkxPSIyLjc0IiB4Mj0iMzcuMTYiLz4KICAgICAgPGxpbmUgY2xhc3M9ImNscy00IiB4MT0iNDUuNzEiIHkxPSIyLjc0IiB4Mj0iNDUuNzEiLz4KICAgIDwvZz4KICA8L2c+Cjwvc3ZnPg==\" alt=\"S\u0131cakl\u0131k\" width=\"100\" title=\"\"><\/div>\n<div class=\"temp-values\">\n<div>-30\u00b0C \/ +50\u00b0C<\/div>\n<div>-22\u00b0F \/ +122\u00b0F<\/div>\n<\/div>\n<\/div>\n<div class=\"marking-section\">\n<div class=\"detail-row\">\n<div class=\"detail-label\">Branding<\/div>\n<div class=\"detail-value\">: Inkjet<\/div>\n<\/div>\n<p><img decoding=\"async\" class=\"marking-image\" src=\"data:image\/png;base64,iVBORw0KGgoAAAANSUhEUgAABf0AAAAoCAYAAABEkVAiAAAACXBIWXMAACE3AAAhNwEzWJ96AAATcElEQVR4nO3dPXPbxroH8P\/JpM1+AWLm2HPcEEUyk4Yo7DkpTBT2+BYiCmnUUCzs44ZiIdnFkXRvJKVw7IJik5sUlBqNVUBqMklBusidpACbzCQF2HjGLqAvgHyAcwtyVyAE8AUEXyD9fzOZWBII7IIAKD27+zx\/+8ff7\/wPiIiIiIiIiIiIiIgo6375FMB\/L7oVREREREREREREREQ0vU8W3QAiIiIiIiIiIiIiIkoHg\/5ERERERERERERERDfEp9O8WNM05DQtrbak4tLz4HkeACCv6xBCqJ91HGdRzSIiIiIiIiIiIiIimrnEQf+iaeLVm9cDQfVl0KgfoVGvAwB29nZRMAz1s3t37i6qWUREREREREREREREM5c4vU+5srF0AX8iIiIiIiIiIiIiotuMOf2JiIiIiIiIiIiIiG6IqXL6B7VbLXTdblq7S4x5+4loXvK6jq7rLroZSymv69jZ20XXdXG4f7Do5kykYBj8LCEiIiIiIiKizEot6P\/86bO0dkVEtPSqtRrKlQ3816PHqng4XSlZJRQMI3ODInldx3c\/fI9v9g9wbtuLbg4RERERERER0cRSC\/pPq2AYA0V3k+o4DmdoBmiahpym4dLzEgcm5fsyyXnN6zqKpgkAuPS8ocGzuDYKIZDXdfi+PzRwOG77kvQjbJJ+0c0lhFB1TR6aJk6azUU3KVV5XYcQAl3Xhe\/7ifZxdb910mzazG3039dqbZP3NxEREREREd0YeV3HX76f6YmLcnJh0ljFos2z\/UsV9K\/WNqfeT6POFD9BK5aFam0TjfoRGvX6xK\/XNA2nZ28BAE8ePR5r1u63b15jxbIGvletbeJfT59Fvj6ujXldx+nZW\/i+j6\/uP4i9IWT77t25m2o\/pu0X3VzlSgVCCFx6Hi5uYGB4Z28XBcPA+upaouepHLADeqnfsuRw\/wAPTRM5TUPJshj4JyIiIiIioszL6zp+\/PknAMCXn3+RyaB5uVJRaYSfPHq86OZMbN7tZyFfGiq4+mKclRhRgXEAyPWD7kKIidvQm1Vdmfh1QZP2I2wW\/aLsKlc2AACN+lEmPyiBXmD\/9OwtShHX9bTSWFWzKL7v46R5DACpDEQTEREREREREc0bg\/401EOzqP5dDPw7SsEwVGD80vPwcmsb66traqavEAI7e7uJ2iFTqSQ1ST\/CZtkvyp6iaUIIAd\/3Mz0LPK\/rKBgGcpqW+r4LRgFA9lL7SHL1Rk7T1IoFIiIiIiIioqySs8u\/uv+gn9K2lrm\/d0+aTayvrmF9dQ1F00S1VsvUJNxg+3sZb2bb\/tTS+\/z4808TzXj1fR+N+lFsWpTD\/YNEKVMuM5yXahmFZ8jLYGeUklUC0Htvnzx6rLbrOI6aKb9iWWjUjybOHyaEwIplJc6dPkk\/wsbt1+H+QWZnfdP45KDRu4ylrZknWfcia6l9JM\/z0G61UDRNFE2T6buIiIiIiIgo8+TftjKWVTAKWF9dW3CrJiMzCuzs7apJjEnSmS+KbP+3b17PvP2pBf2TjA4JIWIvrq7rZjI1xE0SLuYpiy3HBfJkYP2keXwt+H24f6BmyxcMA16CGdIblY1EQf9J+xE2ql8P+zO\/J9knZZe8Htqt9oJbspxkYe5RBbiX3btWG0XTVKsWiIiIiIiIiG6CdquNFcvK7Op8oDfJcMWyMht3mEf7Ewf905jRPCy3etIlJpeel+kq1MtEztbtOA58\/69+sLwQG9iWI1RRgzW+7+Pl1jZymjbx+9N1XeT6gcQkhTUn7UfYqH59s3+ggpx0pWRZyGkaLmwbvu+jWttETtPQcToDgzdF08SKVcKl5+HcPo984FVrNQC90c+8rmOjn1O\/3WoPvI\/lSgVFs6iOkfZ7IoQYej2k3U65wqVgFPCX76PjdCKvf03TsGJZ\/XNojzyn1VoNWr8fBaOAaq0WO7LcW\/YX\/d5FCefzl22T5yVMXicdx7l2Tkv9vvf2F9334HGLZhF5XUfH6eDCtiOfNXHX5btWe2D\/bv+cJakBQkRERERERLSs2q0W7t25C6AXHygYhcQZVxblcP8Ah\/sHAIDvfvgeAPByazszsbl5tD9x0L9RP1JpUmYhaY70Rv0oU8s6lplMY9JxOvA8D9XaJoqmqS7KoOAgTdwKjaT5z33fR7t5jGptE9XaZoKg\/\/j9CJtlv266FauEgmGg67qo1jbVuSyaJnQ9jxdb2yhZFl69ea1eU65UsL66du1cy4Kq7VZroHDyimXh5dY2zm17oNhywTBQrmzgq\/sPUn1gyj7IVSNhabZT6xeJDubcX7EslCsbWF9dG9g+p2mo1jbVeQuf0+dPnw0MOgQL1MqVL1HPTSEETs\/eDrx3Jas0tMp8OJ+\/53mqJkdUYF8G3Z8\/vfrlInxc2feCUcCLre1rxwwX2u7lxttU5zxo2HX5mRBqUCP4y05e1zP1yw8RERERERHROEpWCTlNy2xqW63fdgA40Y8zlzVmlu1PXMi367r48vMvcO\/O3Yn+y9rJv62EECoY1nEcFeTMaZqaIRzefpbkbGg5239ck\/Yj6vU0nZ293Wsrd1Ys61rAX\/o24nvS\/\/7w\/bX35N97uyhXKgNBX2A2BZZlP0YNJKTRzleB\/G7hNgSD9kGapkWe06TnIeq9y+v60HvwYf\/DKljzQD73w7PmZSqg4DZxxwVk4H9wH8FC22H\/3tuNvc+jjhGu0yDbxOcAERERERER3USN+hHarVZm01V7noeTZhMXtp3JQYtZtj9x0J9uNhlYC85ojgvczYPv+7joz9iNC3hGWbZ+3EY5TcPh\/gG+\/PwLPH\/6TL0Pr968HqgeL9\/fnKbFpvf6TAg8f\/oMX37+hVqpIYPmF7aNr+4\/wJNHj9WDUgag0yKDv6MexNO2M6\/r6vqM2r5cqUQGonOaFntOg9f7+uqa2teFbcfWVslpGl5ubePenbsD791Kv7h1mKyfEU6z9q5f\/yCcHz+YCkjuW6Y0km27d+cuvvz8C\/ULSLmfMknqOA5ebm2jUT9SA9Gy4LYQIvYakNel7NuwAuPjDBASERERERERJZXXdbz\/+AG\/\/\/kHgF5q2vcfP6jUL6dnb\/H+4wc1K\/zHn3\/C+48fVBaW3\/\/8A7\/\/+Qe0\/iRX+bUQAuVKZWBfO3u7eP\/xA3b2dnFu23j+9BkuPW9gH0mEj\/Ptm9d4\/\/GDimEMa2PBMPD+4wf8+PNPAHqr8d9\/\/IDTs7cAeilw5L6C\/ZeZPF5sbatzKPdx29oflloh37T18jFfTvw6riRIx1VKnKvz2XE6KJomHprFsVPaRM2m7bruWKl1wk6axyhXKiqAOc57nVY\/KLkL21YpU9qtFgp2QT3kXmxtq+Dzi63tgaLIUYH1b\/YPVPD3pNlEySohr+vwfX8g7cuLrW38+PNPaqVH2qOlvv\/X0J9P204ZDL\/0vIHt11fX1C8Avdz11++B50+fqeD1i61tFAzj2j0TDLJ73mXsvXRh2+oeabdaEPsCr968jh0wC+fzl4IDbUIIdexwKiDgqgZHsO+ydkbRNNXPg8L3cdd1cWHbKFcqKBiFyDoE4esyalbDZf88Rq24ICIiIiIiIkqLnNgn\/y\/\/DpVfy0B8XtfRbrVUrC2v67j0vNjXCSFi9x38Wze4XZJ6nKP6EN5\/eLtg\/4L\/1yL6E9eH8D5uW\/vDljbof26fM4C\/QDJ41+7P0AWSzZAPzlielud5uLBtrFgWqrVNrK+Ovj7S6gcl57rdga\/brbYK+oeD8V3XHVorxA1t3261I4P6wa8XkZpl2nbKf4efgb7vo+M4Kg9\/1M\/DH8xuvxB2EsFgvNzXMFFBfKB37156nhp8kAH2qEEC2dZwEN7zPHRdVz1TRn0+dJxO7IqIXl+6kd8fPObkA89EREREREREk5Kr2OXf9DLNtUxDu766hoemqVb0r6+uQdM0tFst+L6vvpZ\/K8t9yfQxwX19s3+ArtvFhW2rSYgdx7m2j0mFj\/OyP7nzwrZj2+j7Prquq+Ijcf0P7gvoTXjM6zoubBuapuEzIdSEwCQDFjeh\/WFLG\/SnxYnLsy1T5MiZ2IsYlGnUj1Re71FtWOZ+3CZpzrLPSn62tNo5adA56rhdtxs5O3684w9+0IzqlzxO1Kz5dqulZt63W63Y+1OS9+e4iqY5MBquabmh22flWiIiIiIiIqLbIbiK3ff9gVXrMngvdRwHwel24a9H7atRrwMA\/u+3X1X625NmE4NT+CYzaZvDq\/Yn7r\/jQNM0\/PLbrwCAJ48eT5XRI+vtDxsa9JeB1TSNmxeqZJUSHVuetCjVWm3i\/Um9dEPpjLQsO5kDO+o8dhwHRdMcO1gezBVerdUmyscfZZLZ\/mn2g4iGi6qfESRn3svt4lIBSSuWFVugV9M09UGraRpOz97OJAXPqIEDIiIiIiIiIqJlNDLoP22QNqm4YM8ojXp8EGmavnQc59YE\/WWKDlmEIkrRLKpRwXkLzvYflucqjX5EBS+J6LpRQXw5+z+v69A0LTYV0DiCAf5qbXNmOfflfi9vybOfiIiIiIiIbr6iaaJc2cCFfY4njx4jp2mZWw1frdVQMAo43D\/AV\/cfAEgvLc48zKP9n6S6twll7YK6LcZJBZLX9YFc2cFAX1wgXs6anTaAJmf7A8BGZSN2uyT9CAteo3ErT3b2dnF69halhANVlB3hArR05apodnwQP1hPY9QgQaN+hHt37kb+FxyokwPEL7e2B7YJrjKaVpZ+cSAiIiIiIiIaplzZQMEwsGKVVE76rKnWNlEwDBRNU9UuyJJ5tH9hOf27rosXW9uLOjzFCAa244JxMlBeNM1r+apkHu6oB4ZMtzNOAc1RjpvHQ9N\/TNOPMFmAtGgWr+1LCKGK0p40jyftBmWMvK7nVRw4r+evfU8ee5lWocjCP0B0Pn+p3WqrXyxymqYKE0eZNLVOmnnvJPkcWaZzTURERERERDSNRv0I1Vq241iH+weqZmAWzaP9Q4P+F7Y9s3zn4f2mdazgLPLD\/YPUgnNZHPVK4mq2rhM7U\/bbN6\/76XUKA4E2mSe\/WttUla2laq2m3ot3KVzQXddFx3FiZ99P04+wjuOoAYZz+3zgWtjZ2wWAocFLujnk82VYWqk0j1MwDAgh1L2U13V17GV6Jo2atS8FZ\/rHbS\/79dA0IcTBwHNknjU4gvVnlulcExEREREREU1KpnDvui4O9w+G1shcVuVKBUWziAv7HCfN5kBh3CyYd\/uHBv3nuTxiFsdioOZKwSgMLWQsCxXLYFy71Y7dtuN0VE79oJPmMYqmCSEEfvntV5w0j9F1XRTNopqRn2ZthEb9CKdn0UH\/afoRJlcVCCFwevYWJ81jXHoeVgLFpk+ax5wNfAt4njewomXWg6LymmvUjyCEUHVJ0hxkks+GaWp0jJufXxb5lQOAUdt3HEdtI+833\/fVc6RRPxpoq9w22IfeCpz41F\/j9emqMDERERERERFRlsk0uwXDwOH+waKbk0jRLKq\/1Wex2n\/W5t3+haX3ofkK5tCOIgOIchbxsICi\/FlO05DXdRUU6zgOLmxbBcjDhZN930\/1wdJxnMjZ\/lq\/XUn7EdZ1XZw0myhXKpH9kj+n20GuaIlK95QWz\/PUNZfXdXz3w\/cDP09jCV7H6Qx86E8T9Jf1M8ZZlvau1RoYBAzzfR8nzWNUa5vI6zpevXkdOtZg8W25v2ptM9XC81cDGdmb\/UBEREREREQUJONWWZ7Ydrh\/gKJpZjqlzzzbPzTor2kacoEUB7fZZQaLQkwqmL962EPA8zyV5z6cv\/\/F1jZ831d57qVLz8O\/nj5L\/eESNds\/jX6EycGKcL+6rov11TXO8r9F3rXa\/aC\/OdPR8Ub9CHldvzaodWHbUwXopd6gwsbUKdDk58S4xX\/kCpth2zfqdQjx2bX7reM4eP702cD3DvcPBtIeSXIAMgkhhHrtuX2eaB9EREREREREy8L3\/VRiCYvUdd1MD1rMu\/1\/+8ff7\/wn7ofVWi3VmZNZFk4pkRXjDtx0XRdCiLGDd7IIbtxgiKZp\/ZzcAl3XHTqKJdsY3pcsDjqqPeH84JMEIUf1Y1i\/5EoDiibPrUzpIgWLvobPX9z7EZcDfth7HUzPkuagjExfJYTAy63tgSVZs2hnXtdRNE2V0ifqmh52r8TdX8HXhdsc995F9bFkWXj15jXarda1gHyUomniux++H2v74P3WbrVGPgcKhgHf9\/Gu1YLv+5HnZFjfpHKlgp29XVx6Hv55\/8HIPhERERERERERLZGvGfQfU1aD\/kSUPlkEmkHhq3NxuH8wVpqrnb1dlCuVsbeft+CgDp\/7RERERERERJRBX3+y6BYQEWVNo34EoFcPIpyC5rZ52M\/n\/27MnHTFCbefN1m7o1dbYPkGJYiIiIiIiIiIRhma07\/jOGhwkiMAFnMkoiuy0O6KZd3qZ8Mk6bFKloWHZjE21dCykKmAGvUj1uogIiIiIiIiokwamt6HiIiiCSFQMIzMVo1Pw7h1NwDg9OytqgdwYdt4sbU9jyYmUjTNW\/2+EhEREREREVGmDc\/pT0RElAYZ9L\/0PDx59Jiz6ImIiIiIiIiIZoNBfyIimr2SZcHzPHRdlwF\/IiIiIiIiIqLZYdCfiIiIiIiIiIiIiOiG+PpTAL8suhVERERERERERERERDS1j\/8PRdT78erBuAAAAAAASUVORK5CYII=\" alt=\"Markalama G\u00f6rseli\" title=\"\"><\/p>\n<\/div>\n<div>\n<table style=\"width: 100%;\" cellspacing=\"0\" cellpadding=\"0\">\n<tbody>\n<tr>\n<td style=\"width: 120px; font-weight: bold;\">Norm<\/td>\n<td style=\"width: 400px; text-align: left;\">ISO 1307<\/td>\n<td style=\"width: 120px; font-weight: bold;\">Colour<\/td>\n<td style=\"width: 400px;\">\n<div class=\"color-icons\"><img decoding=\"async\" src=\"data:image\/svg+xml;base64,PHN2ZyB2aWV3Qm94PSIwIDAgMTAwIDEwMCIgeG1sbnM9Imh0dHA6Ly93d3cudzMub3JnLzIwMDAvc3ZnIj4KICA8Y2lyY2xlIGN4PSI1MCIgY3k9IjUwIiByPSI0OSIgZmlsbD0iI2JsYWNrIiBzdHJva2U9ImJsYWNrIiBzdHJva2Utd2lkdGg9IjAuNSIvPgogIDxjaXJjbGUgY3g9IjUwIiBjeT0iNTAiIHI9IjM4IiBmaWxsPSJ3aGl0ZSIgc3Ryb2tlPSJibGFjayIgc3Ryb2tlLXdpZHRoPSIwLjUiLz4KPC9zdmc+\" alt=\"\" title=\"\"><\/div>\n<\/td>\n<\/tr>\n<\/tbody>\n<\/table>\n<\/div>\n<\/div>\n<\/div>","protected":false},"excerpt":{"rendered":"<p>&nbsp; \u00dcr\u00fcn Ad\u0131: LAGINA\/C \u00dcr\u00fcn Kodu: TSC22 S\u00fcper Esnek Orta Y\u00fck Kapasiteli Al\u0131c\u0131\/Verici Bo\u011fumlu (-30\u00b0C) Kullanim Alan\u0131 : Tar\u0131m, end\u00fcstriyel uygulamalar, in\u015faat, kanal temizleme, \u00e7amur, bulama\u00e7, at\u0131k maddeler, kum ve \u00e7ak\u0131l gibi orta y\u00fckte su, tuzlu su, hafif kimyasallar, s\u0131v\u0131lar\u0131n emi\u015f ve transferi i\u00e7in, \u00f6zellikle \u00e7ok so\u011fuk iklimlerde kullan\u0131m i\u00e7in uygundur. Takviye Katman\u0131 : G\u00fc\u00e7l\u00fc, [&#8230;]\n","protected":false},"featured_media":22187,"comment_status":"open","ping_status":"closed","template":"","meta":{"jetpack_post_was_ever_published":false},"product_brand":[],"product_cat":[2353],"product_tag":[],"class_list":{"0":"post-21264","1":"product","2":"type-product","3":"status-publish","4":"has-post-thumbnail","6":"product_cat-sel_kanal_hortumlari","8":"first","9":"instock","10":"taxable","11":"shipping-taxable","12":"product-type-simple"},"jetpack-related-posts":[{"id":21830,"url":"https:\/\/tuzlahortum.com.tr\/en\/product\/medusa-se-c\/","url_meta":{"origin":21264,"position":0},"title":"MEDUSA SE\/C","author":"admin","date":"11 August 2025","format":false,"excerpt":"\u00a0 \u00dcr\u00fcn Ad\u0131: MEDUSA SE\/C \u00dcr\u00fcn Kodu: TSG09 S\u00fcperelastik Orta Hizmet Al\u0131c\u0131\/Verici Bo\u011fumlu (-20\u00b0C) Kullanim Alan\u0131 : Tar\u0131m, sanayi uygulamalar\u0131, in\u015faat, kanal temizleme, \u00e7amur, bulama\u00e7, at\u0131k maddeler, kum ve \u00e7ak\u0131l gibi alanlarda orta y\u00fckte su, tuzlu su, hafif kimyasallar, s\u0131v\u0131lar vb. emme ve iletimi i\u00e7in, \u00f6zellikle so\u011fuk iklimlerde kullan\u0131m i\u00e7in\u2026","rel":"","context":"Similar post","block_context":{"text":"Similar post","link":""},"img":{"alt_text":"","src":"https:\/\/i0.wp.com\/tuzlahortum.com.tr\/wp-content\/uploads\/2025\/08\/PVC_27.png?fit=441%2C441&ssl=1&resize=350%2C200","width":350,"height":200},"classes":[]},{"id":21854,"url":"https:\/\/tuzlahortum.com.tr\/en\/product\/knidos-c-2\/","url_meta":{"origin":21264,"position":1},"title":"KNIDOS \/ C","author":"admin","date":"11 August 2025","format":false,"excerpt":"\u00a0 \u00dcr\u00fcn Ad\u0131: KNIDOS \/ C \u00dcr\u00fcn Kodu: TSX32 S\u00fcperelastik Orta Hizmet Al\u0131c\u0131\/Verici Bo\u011fumlu (-40\u00b0C) Kullanim Alan\u0131 : Tar\u0131m, end\u00fcstriyel uygulamalar, in\u015faat, kanal temizleme, \u00e7amur, bulama\u00e7lar, at\u0131k maddeler, kum ve \u00e7ak\u0131l gibi alanlarda su, tuzlu su, hafif kimyasallar, s\u0131v\u0131lar vb. i\u00e7in orta y\u00fckte emme ve iletim. \u00d6zellikle a\u015f\u0131r\u0131 so\u011fuk iklimlerde\u2026","rel":"","context":"Similar post","block_context":{"text":"Similar post","link":""},"img":{"alt_text":"","src":"https:\/\/i0.wp.com\/tuzlahortum.com.tr\/wp-content\/uploads\/2025\/08\/PVC_35.png?fit=469%2C469&ssl=1&resize=350%2C200","width":350,"height":200},"classes":[]},{"id":21809,"url":"https:\/\/tuzlahortum.com.tr\/en\/product\/medusa-md\/","url_meta":{"origin":21264,"position":2},"title":"MEDUSA MD","author":"admin","date":"11 August 2025","format":false,"excerpt":"\u00a0 \u00dcr\u00fcn Ad\u0131: MEDUSA MD \u00dcr\u00fcn Kodu: TSG07 Orta Hizmet Emme ve Basma Kullanim Alan\u0131 : Tar\u0131m, sanayi uygulamalar\u0131 ve in\u015faatlarda orta y\u00fckte su, tuzlu su, hafif kimyasallar, s\u0131v\u0131lar vb. emi\u015f ve transferi i\u00e7in uygundur. Alt Katman : G\u00fc\u00e7l\u00fc, Esnek ve P\u00fcr\u00fczs\u00fcz Plastikle\u015ftirilmi\u015f PVC. Takviye Katman\u0131 : Darbeye Dayan\u0131kl\u0131 PVC\u2026","rel":"","context":"Similar post","block_context":{"text":"Similar post","link":""},"img":{"alt_text":"","src":"https:\/\/i0.wp.com\/tuzlahortum.com.tr\/wp-content\/uploads\/2025\/08\/PVC_17.png?fit=443%2C443&ssl=1&resize=350%2C200","width":350,"height":200},"classes":[]},{"id":21827,"url":"https:\/\/tuzlahortum.com.tr\/en\/product\/medusa-se\/","url_meta":{"origin":21264,"position":3},"title":"MEDUSA SE","author":"admin","date":"11 August 2025","format":false,"excerpt":"\u00a0 \u00dcr\u00fcn Ad\u0131: MEDUSA SE \u00dcr\u00fcn Kodu: TSG08 S\u00fcperelastik Orta Hizmet Al\u0131c\u0131\/Verici (-20\u00b0C) Kullanim Alan\u0131 : Tar\u0131m, sanayi uygulamalar\u0131, in\u015faat, kanal temizleme, \u00e7amur, bulama\u00e7, at\u0131k maddeler, kum ve \u00e7ak\u0131l gibi alanlarda orta y\u00fckte su, tuzlu su, hafif kimyasallar, s\u0131v\u0131lar vb. emi\u015f ve transferi i\u00e7in, \u00f6zellikle so\u011fuk iklimlerde kullan\u0131m i\u00e7in uygundur.\u2026","rel":"","context":"Similar post","block_context":{"text":"Similar post","link":""},"img":{"alt_text":"","src":"https:\/\/i0.wp.com\/tuzlahortum.com.tr\/wp-content\/uploads\/2025\/08\/PVC_26.png?fit=499%2C499&ssl=1&resize=350%2C200","width":350,"height":200},"classes":[]},{"id":21842,"url":"https:\/\/tuzlahortum.com.tr\/en\/product\/lagina-c-2\/","url_meta":{"origin":21264,"position":4},"title":"LAGINA \/ C","author":"admin","date":"11 August 2025","format":false,"excerpt":"\u00a0 \u00dcr\u00fcn Ad\u0131: LAGINA \/ C \u00dcr\u00fcn Kodu: TSC22 S\u00fcperelastik Orta Hizmet Al\u0131c\u0131\/Verici Bo\u011fumlu (-30\u00b0C) Kullanim Alan\u0131 : Tar\u0131msal, end\u00fcstriyel uygulamalar, in\u015faatlar, kanalizasyon temizleme, \u00e7amur, bulama\u00e7, at\u0131k madde, kum ve \u00e7ak\u0131l vb. i\u00e7in orta hizmet su, tuzlu su, hafif kimyasallar, s\u0131v\u0131lar vb. emme ve iletimi i\u00e7in. \u00d6zellikle \u00e7ok so\u011fuk iklimlerde\u2026","rel":"","context":"Similar post","block_context":{"text":"Similar post","link":""},"img":{"alt_text":"","src":"https:\/\/i0.wp.com\/tuzlahortum.com.tr\/wp-content\/uploads\/2025\/08\/PVC_31.png?fit=491%2C491&ssl=1&resize=350%2C200","width":350,"height":200},"classes":[]},{"id":21836,"url":"https:\/\/tuzlahortum.com.tr\/en\/product\/lagina\/","url_meta":{"origin":21264,"position":5},"title":"LAGINA","author":"admin","date":"11 August 2025","format":false,"excerpt":"\u00a0 \u00dcr\u00fcn Ad\u0131: LAGINA \u00dcr\u00fcn Kodu: TSC20 S\u00fcperelastik Orta Hizmet Al\u0131c\u0131\/Verici (30\u00b0C) Kullanim Alan\u0131 : Tar\u0131msal, end\u00fcstriyel uygulamalar, in\u015faatlar, kanalizasyon temizleme, \u00e7amur, bulama\u00e7, at\u0131k madde, kum ve \u00e7ak\u0131l vb. i\u00e7in orta hizmet su, tuzlu su, hafif kimyasallar, s\u0131v\u0131lar vb. emme ve iletimi i\u00e7in. \u00d6zellikle \u00e7ok so\u011fuk iklimlerde kullan\u0131m i\u00e7in. Alt\u2026","rel":"","context":"Similar post","block_context":{"text":"Similar post","link":""},"img":{"alt_text":"","src":"https:\/\/i0.wp.com\/tuzlahortum.com.tr\/wp-content\/uploads\/2025\/08\/PVC_29.png?fit=448%2C448&ssl=1&resize=350%2C200","width":350,"height":200},"classes":[]}],"jetpack_sharing_enabled":true,"jetpack_likes_enabled":true,"_links":{"self":[{"href":"https:\/\/tuzlahortum.com.tr\/en\/wp-json\/wp\/v2\/product\/21264","targetHints":{"allow":["GET"]}}],"collection":[{"href":"https:\/\/tuzlahortum.com.tr\/en\/wp-json\/wp\/v2\/product"}],"about":[{"href":"https:\/\/tuzlahortum.com.tr\/en\/wp-json\/wp\/v2\/types\/product"}],"replies":[{"embeddable":true,"href":"https:\/\/tuzlahortum.com.tr\/en\/wp-json\/wp\/v2\/comments?post=21264"}],"wp:featuredmedia":[{"embeddable":true,"href":"https:\/\/tuzlahortum.com.tr\/en\/wp-json\/wp\/v2\/media\/22187"}],"wp:attachment":[{"href":"https:\/\/tuzlahortum.com.tr\/en\/wp-json\/wp\/v2\/media?parent=21264"}],"wp:term":[{"taxonomy":"product_brand","embeddable":true,"href":"https:\/\/tuzlahortum.com.tr\/en\/wp-json\/wp\/v2\/product_brand?post=21264"},{"taxonomy":"product_cat","embeddable":true,"href":"https:\/\/tuzlahortum.com.tr\/en\/wp-json\/wp\/v2\/product_cat?post=21264"},{"taxonomy":"product_tag","embeddable":true,"href":"https:\/\/tuzlahortum.com.tr\/en\/wp-json\/wp\/v2\/product_tag?post=21264"}],"curies":[{"name":"wp","href":"https:\/\/api.w.org\/{rel}","templated":true}]}}