{"id":21237,"date":"2025-08-11T10:39:30","date_gmt":"2025-08-11T07:39:30","guid":{"rendered":"https:\/\/tuzlahortum.com.tr\/urun\/terkos\/"},"modified":"2025-08-20T16:05:40","modified_gmt":"2025-08-20T13:05:40","slug":"terkos","status":"publish","type":"product","link":"https:\/\/tuzlahortum.com.tr\/en\/product\/terkos\/","title":{"rendered":"TERKOS"},"content":{"rendered":"<p>&nbsp;<\/p>\n<div class=\"report-container\">\n<div class=\"report-header\">\n<div class=\"standard-text\">Product Name: TERKOS<\/div>\n<div class=\"standard-text\">Product Code: TCH115<\/div>\n<\/div>\n<div class=\"product-image-container\">\n<div class=\"key-feature\">Tank Cleaning Hose<\/div>\n<\/div>\n<div class=\"horizontal-line\"><\/div>\n<div class=\"product-details\">\n<div class=\"detail-row\">\n<div class=\"detail-label\">Area of Use<\/div>\n<div class=\"detail-value\">: For Tank Cleaning Applications.<\/div>\n<\/div>\n<div class=\"detail-row\">\n<div class=\"detail-label\">Substrate<\/div>\n<div class=\"detail-value\">: Detergent Resistant EPDM Rubber<\/div>\n<\/div>\n<div class=\"detail-row\">\n<div class=\"detail-label\">Reinforcement Layer<\/div>\n<div class=\"detail-value\">: High Strength Synthetic Textile and 2 Antistatic Copper Wires.<\/div>\n<\/div>\n<div class=\"detail-row\">\n<div class=\"detail-label\">Top Layer<\/div>\n<div class=\"detail-value\">: Weather and Detergent Resistant EPDM Rubber.<\/div>\n<\/div>\n<\/div>\n<div class=\"datasheet_table\"><img decoding=\"async\" class=\"alignnone size-full\" src=\"https:\/\/tuzlahortum.com.tr\/wp-content\/uploads\/2025\/08\/datasheet176.svg\" alt=\"\" title=\"\"><\/div>\n<div class=\"table-notes\">On request: With 2 stainless steel helical wires protruding from both ends.<\/div>\n<div class=\"horizontal-line\"><\/div>\n<div class=\"footer\">\n<div class=\"standards-section\">\n<div class=\"standard-item\" style=\"margin-top: 9px;\"><\/div>\n<div class=\"standard-info\"><\/div>\n<\/div>\n<div class=\"temperature-section\">\n<div class=\"temp-icon\"><img decoding=\"async\" src=\"data:image\/svg+xml;base64,PD94bWwgdmVyc2lvbj0iMS4wIiBlbmNvZGluZz0iVVRGLTgiPz4KPHN2ZyBpZD0ia2F0bWFuXzIiIGRhdGEtbmFtZT0ia2F0bWFuIDIiIHhtbG5zPSJodHRwOi8vd3d3LnczLm9yZy8yMDAwL3N2ZyIgdmlld0JveD0iMCAwIDcyLjI3IDE2Ljk4Ij4KICA8ZGVmcz4KICAgIDxzdHlsZT4KICAgICAgLmNscy0xIHsKICAgICAgICBzdHJva2Utd2lkdGg6IC41OXB4OwogICAgICB9CgogICAgICAuY2xzLTEsIC5jbHMtMiwgLmNscy0zLCAuY2xzLTQgewogICAgICAgIGZpbGw6IG5vbmU7CiAgICAgICAgc3Ryb2tlLW1pdGVybGltaXQ6IDMuODY7CiAgICAgIH0KCiAgICAgIC5jbHMtMSwgLmNscy0zLCAuY2xzLTQgewogICAgICAgIHN0cm9rZTogI2E3YTlhYjsKICAgICAgfQoKICAgICAgLmNscy01IHsKICAgICAgICBmaWxsOiAjYTdhOWFiOwogICAgICB9CgogICAgICAuY2xzLTIgewogICAgICAgIHN0cm9rZTogI2ZmZjsKICAgICAgfQoKICAgICAgLmNscy0zIHsKICAgICAgICBzdHJva2Utd2lkdGg6IDIuMDZweDsKICAgICAgfQoKICAgICAgLmNscy00IHsKICAgICAgICBzdHJva2Utd2lkdGg6IC4ycHg7CiAgICAgIH0KICAgIDwvc3R5bGU+CiAgPC9kZWZzPgogIDxnIGlkPSJrYXRtYW5fMSIgZGF0YS1uYW1lPSJrYXRtYW4gMSI+CiAgICA8Zz4KICAgICAgPHBhdGggY2xhc3M9ImNscy0zIiBkPSJNMTEuMzQsMTEuNTdjLS45NCwxLjcxLTIuNzEsMi42Ni00LjgsMi42Ni0zLjA1LDAtNS41MS0yLjQ3LTUuNTEtNS41MlMzLjUsMy4xOSw2LjU1LDMuMTljMS45NCwwLDMuNjUsMSw0LjYzLDIuNTIiLz4KICAgICAgPGNpcmNsZSBjbGFzcz0iY2xzLTUiIGN4PSI2LjU1IiBjeT0iOC42NiIgcj0iMi40Ii8+CiAgICAgIDxjaXJjbGUgY2xhc3M9ImNscy0yIiBjeD0iNi41NSIgY3k9IjguNjYiIHI9IjIuNCIvPgogICAgICA8bGluZSBjbGFzcz0iY2xzLTMiIHgxPSI2OC4zNCIgeTE9IjExLjc2IiB4Mj0iOS45MiIgeTI9IjExLjc2Ii8+CiAgICAgIDxsaW5lIGNsYXNzPSJjbHMtMyIgeDE9IjY4Ljc4IiB5MT0iNS41MSIgeDI9IjkuNzMiIHkyPSI1LjUxIi8+CiAgICAgIDxsaW5lIGNsYXNzPSJjbHMtMyIgeDE9IjU0LjA3IiB5MT0iOC43NSIgeDI9IjguNjQiIHkyPSI4Ljc1Ii8+CiAgICAgIDxwYXRoIGNsYXNzPSJjbHMtMyIgZD0iTTY4LjE1LDUuNTVjMS43MSwwLDMuMDksMS4zOSwzLjA5LDMuMDlzLTEuOTIsMy4wNi0zLjYyLDMuMDYiLz4KICAgICAgPHBhdGggY2xhc3M9ImNscy01IiBkPSJNNTMuOTEsOC43NWMwLS4xNC4xMi0uMjYuMjYtLjI2cy4yNy4xMi4yNy4yNi0uMTIuMjctLjI3LjI3LS4yNi0uMTItLjI2LS4yN1oiLz4KICAgICAgPHBhdGggY2xhc3M9ImNscy0zIiBkPSJNNTMuOTEsOC43NWMwLS4xNC4xMi0uMjYuMjYtLjI2cy4yNy4xMi4yNy4yNi0uMTIuMjctLjI3LjI3LS4yNi0uMTItLjI2LS4yN1oiLz4KICAgICAgPGxpbmUgY2xhc3M9ImNscy0xIiB4MT0iMzYuNDMiIHkxPSIxNi45OCIgeDI9IjM2LjQzIiB5Mj0iMTQuMjQiLz4KICAgICAgPGxpbmUgY2xhc3M9ImNscy0xIiB4MT0iMjguMDUiIHkxPSIxNi45OCIgeDI9IjI4LjA1IiB5Mj0iMTQuMjQiLz4KICAgICAgPGxpbmUgY2xhc3M9ImNscy0xIiB4MT0iMTkuNTkiIHkxPSIxNi45OCIgeDI9IjE5LjU5IiB5Mj0iMTQuMjQiLz4KICAgICAgPGxpbmUgY2xhc3M9ImNscy0xIiB4MT0iNDEuNTciIHkxPSIyLjc0IiB4Mj0iNDEuNTciLz4KICAgICAgPGxpbmUgY2xhc3M9ImNscy0xIiB4MT0iMzMuMjgiIHkxPSIyLjc0IiB4Mj0iMzMuMjgiLz4KICAgICAgPGxpbmUgY2xhc3M9ImNscy0xIiB4MT0iMjQuOTkiIHkxPSIyLjc0IiB4Mj0iMjQuOTkiLz4KICAgICAgPGxpbmUgY2xhc3M9ImNscy0xIiB4MT0iMTYuMDgiIHkxPSIyLjc0IiB4Mj0iMTYuMDgiLz4KICAgICAgPGxpbmUgY2xhc3M9ImNscy0xIiB4MT0iNDQuNjMiIHkxPSIxNi45OCIgeDI9IjQ0LjYzIiB5Mj0iMTQuMjQiLz4KICAgICAgPGxpbmUgY2xhc3M9ImNscy0xIiB4MT0iNDkuNDkiIHkxPSIyLjc0IiB4Mj0iNDkuNDkiLz4KICAgICAgPGxpbmUgY2xhc3M9ImNscy00IiB4MT0iNDAuODgiIHkxPSIxNi45OCIgeDI9IjQwLjg4IiB5Mj0iMTQuMjQiLz4KICAgICAgPGxpbmUgY2xhc3M9ImNscy00IiB4MT0iMzIuMzMiIHkxPSIxNi45OCIgeDI9IjMyLjMzIiB5Mj0iMTQuMjQiLz4KICAgICAgPGxpbmUgY2xhc3M9ImNscy00IiB4MT0iMjMuNzkiIHkxPSIxNi45OCIgeDI9IjIzLjc5IiB5Mj0iMTQuMjQiLz4KICAgICAgPGxpbmUgY2xhc3M9ImNscy00IiB4MT0iMjAuNTkiIHkxPSIyLjc0IiB4Mj0iMjAuNTkiLz4KICAgICAgPGxpbmUgY2xhc3M9ImNscy00IiB4MT0iMjkuMTMiIHkxPSIyLjc0IiB4Mj0iMjkuMTMiLz4KICAgICAgPGxpbmUgY2xhc3M9ImNscy00IiB4MT0iMzcuMTYiIHkxPSIyLjc0IiB4Mj0iMzcuMTYiLz4KICAgICAgPGxpbmUgY2xhc3M9ImNscy00IiB4MT0iNDUuNzEiIHkxPSIyLjc0IiB4Mj0iNDUuNzEiLz4KICAgIDwvZz4KICA8L2c+Cjwvc3ZnPg==\" alt=\"S\u0131cakl\u0131k\" width=\"100\" title=\"\"><\/div>\n<div class=\"temp-values\">\n<div>-40\u00b0C \/ +125\u00b0C<\/div>\n<div>-40\u00b0F \/ +257\u00b0F<\/div>\n<\/div>\n<\/div>\n<div class=\"marking-section\">\n<div class=\"detail-row\">\n<div class=\"detail-label\">Branding<\/div>\n<div class=\"detail-value\">: Transfer Band or Embossed<\/div>\n<\/div>\n<p><img decoding=\"async\" class=\"marking-image\" src=\"data:image\/png;base64,iVBORw0KGgoAAAANSUhEUgAABf4AAAAoCAYAAACvpushAAAACXBIWXMAACE3AAAhNwEzWJ96AAAgAElEQVR4nO2dXYwTZ5rv\/4PY9KLQFZJhMui4oukELtaONPRmpNgzCTtEi81RcrJK2nXRCCm4fQGHrNTtRA1cpLtJgFzwcRJ3rzYcuHB3skKgI7s3M5xGwkZKZ2EydqTJ0CPF3ot8sEpZy8zmA6qJmJ6D0Lkovy+v7apylb\/K7n5+Ugu67Xrrqaq3vv7v8\/6fH2z8Sd86AP0gCIIgCIIgCIIgCIIgCGJZMvg\/FtcdefUbRxrg2Fs\/vHru\/\/beaFVMBEG0jKuroYv+H7gdCUEQBEEQBEEQBEEQBEEQreFL9a\/asgxBEB3BM6vcjoAgCIIgCIIgCIIgCIIgCIIgiOZBwj9BEARBEARBEARBEARBEARBLCNWux0A4Zy7Pauw9HCP22EQxIrkr27+P6zW7rgdBkEQBEEQBEEQBEEQBEGY0pDwH1YUvDYxDkmSmhVPU9g5uAO5bBb+QABnzp3lf5+KT2IqHncxsubwp\/\/+I3y\/6X63wyCIFcl\/+z\/\/ScI\/QRAEQRAEQRAEQRAE0dHULfzLsoyjJ443MxbCBrcfWUOiP0G4RO+ni1jz1W23wyAIgiAIgiAIgiAIgiAIS+r2+PfIcjPjIGzyzdYfuh0CQaxIVi3dxUMffed2GARBEARBEARBEARBEARRk6Z6\/BfyeWia1swm66ITYmgFi4\/3Yunh+9wOgyBWJOs+uUkWPwRBEATRAJIkLdvn9E6C2bDSviYIgiCIzsYfCMAfCLgdRk2KqopUMmn4WVhRuiI5PJfNIpfNVv292+OvRdOE\/9lkEvtH9zWrOaKCuz2r8PUzlO1PEG6wWruDB3530+0wCIIgCKJrCYZCOHriOHYO7kAhn3c7nGXN2MQ4ANC7GUEQBEF0OP5AAMOxEbfDqEkumzUV\/geUcFcMXkzFYSicd3v8tWia8K+qxYbbaNaO7pSZB83k5s8ewN2eup2ZiA6kT9qAvt4fAwCuLf4R17Trtpdd17MW\/es38t\/niwtNj4+4x0MffYdVS3fdDoNoEl6fj2dDLsf7xXJEfD6o52Gn3ciyzLNGNE2rS+QU2wC6Y7uXE93W5zodSZJw9MRxSJKE\/336FH759BbD73h9PgD1nzdOEM+xoqpCVdWWrs8OYr+rN6bhWAwDigIAyKQzyKTTTYuPIAiCIIjuJ5fNdoXQbYamaSiqKn9u7DbaHX9TrX4a5cy5s01pZ+fgjmX1knZHWo1vf\/6g22G0jNf9u3DwyZdsf\/+Z2VcxX1zABwNvYatns61lfvBPf8\/\/X2u5q19\/jlf+7Z8NxXQW63xxAc\/Mvmq4PGv\/xtIt\/O25PVWC\/rqetfjX5w5VxTBfXMCLcxO4sXTLNLY+aQOmt+2vWvbG0i1MLswifjVluTzhnDVf\/Rm9ny66HYYpZ86ddXzTtrpGHjtxHAOKAk3T8MRPa59f\/kCAX7un4pOYisfr\/u5n174EoD+I7BzcYdiG1+fD+QtzAPQb5tant9gW7oOhEMYmxqum8c0mk5iKT5oKLHbiMsPp8al1\/5JlGfNXLgMAjhw6jJlEwnYMdvaXGO+mvkfLPmvG8XP63eFYDJHoEB+oAfTjzo5Zo4M2TuJgmTiV+0XE6\/NhbGK86pgXVRVT8UnTLJnKdYWVsOF0U6u+2uy+JiIee6t+x2KwavuTPyxAkiRb\/URcrxn6tOOU5bXHCWFFwWsT44Z97sihw3XFCNjf36xPWpHLZjEVn+yqZ90xYZ8a7cexiXFEotGyvxVVFftH99neTta3iqpqOLDAkCQJJ0+fqjpfctksDozusy222znnMuk0puKTloMYXp8Pw7ERBEOhqs+srh1m1+SZRIJfN4+eOI7c01ka4CYIgiAIAsC9Z1K7z7CdhvhOK76jdQtuxE8p5F0AWfy0l\/71G\/HBwFt44bGnHC\/7wmNPcVH+jY\/fMxT9zQYetno248tdZ7CuZ61pXL8fPGW47LqetTj45Ev4\/eCpspkAROM8+NuVVdB3W0l4kCTJUISwolKgbTYsU5Sxd\/ce22LGsRPHcfL0KUMxdUBR8OsLc12RMbBNOCZhJexoWUmSqoS1VtAMn0pJknD+whyGYyNVfYptx5lzZ1va35wSVhScvzBnuO0eWcbRE8dx7MRxyzaOnTiO4diIqcfkgKJg\/splDMdiTYnZLqLw6vN5Tb\/Htt3s+MuyzI9ZLptrSmweWcZwbATnL8w13B\/CisKz0kVYn6t1\/NoFe1ELl7K6Ox1ZloUM9HRVBvqxE8cNr00eWcaZc2dtXZvDisKP21R80vR7kiSZCvZsvzbzuhIMhXD+wpzpsfL6fDhz7qzp\/ZZdO847uEdpmoY3S4Mr7bruEwRBEATRHbBkhG61XSyqKtcAuikJhiHG365j0FEZ\/0Q1tx9Zg+833e92GC3lmna9Kru+f\/1GrOtZi2vadVxb\/GPZZ5UZ7UbfsbveyuVEC523t7yM97\/4je321vWsxfS2\/QD07P341VTVd6a37eftX9Ou8\/ZfeOwp9EkbeBsvzk1ULfv23\/0jHxS4+vXn+FVp2Qfuux8R73as61mLPmkDbvzle9sxE9b0frqINV\/ddjsMS4xuFqJ9gdHN0EwsD4ZCZYJHMBR0ZBEgSRLGJsZb5iksCqJOsl2DoRAXnQB9n2XSGUhSLwZKYhEbVHj+2edalhlpJ95a6xbFfq\/PB1mWHVlBDMdGMJtMttzS4tiJ45YZt7UYjo2UiVyZdBqFfAGy7OHH0uvz4eTpU45nYbQCWZbxWslTG9Af6DLpNDRtEcFQkG\/LgKIgl80ZZu+K9hzAvW0GAEnqRTAU4v1fknot42lGX6ukkM\/D6\/OZio+ikOoP+A2\/Iy7r9EHXzPaErZdlTRtlk9tBkqSyY6ifJ8WyPjegKJhOTJvGbmXN4nR\/68W7ygdHZNkDfyDA+8HRE8eRy2Y7wqLGCjGT6c2K4+MPBPj+ZTMrNG0R\/oCfH9vh2Aj27t5jax1WhecAIBKN8n7IZosA4LNsPKVBCjuzqUSMzjnxXvzaxHjVsWKDEOy+K143AMDr8\/IBAY8sY9FBH0olk\/yeGVbCTZsRQxAEQRBEdzM2MY5UMoWwEubPu61O4GsmXp8PkWgUhXwew7ER\/szWLYkOYvyR6FBb4m+a8O808xCoXZHYKmPHimKHvwA54Zutyz\/bf6ZwETOFi2V\/Y1nx7\/57Gq\/n3rVc3s53nCwX6w\/j7S0vo0\/agBcee8q2+P\/2lpe5MP\/Kv\/1z1eesPUAX7p+ZfZUPYrzx8Xv4YOAt9K\/fyAcBxNkCfdIGnuk\/U7iIoUvHytp+4+P38PaWl\/EfDmsFEOasWrqLhz7q\/Gx\/I5FLnDLmRBQNhoJlv+vZ5c5E\/FrCWL0EQyF+M9RtLuyLGGOCmHdgdF+ZKDQVn+QZpR5ZRiQabZlA0qhALctylei6LRRyLFC9NjFeU0RrFLYvncYG6NvJjrWmaVWFQKcT01wsY7ML3M72EGcmzCaTZYNfU\/E4zyRn3zUSJtlzlNE2A\/q5HolGSyKe9fNRKwZDctksF\/4lSaoSssuFf+OMf7H\/Oj1mZnY+LGOaZTbXawE1IGSMV9oZ5fMFfh0JhkKm17dmWg7lsjnTtpglG1DfNaDdsJlKmXS6apAiEh3i\/6\/s9ywzv9bsM3FQjAn5ZrD1FVW1bKB3JpHA\/JXLpdluQcf71OycY8dK759DZfdscbC98rrBkEsZ\/5l0xvEAz1R8EkdPHIdHlhEMhcjrnyAIgiAIDCgKBhQFhXwezz\/7HAD9uehoh8xstQN7Lp9JJPizFXve6QaM4pckqSwJrJk0TfhnU62dMWLpebrSs1MWH+\/F0sP3uR3GiiN+NYW3t7wMAOj\/0SZbwv9Wz2ZEvNsB6CL81a8\/r\/qOaB1U6eV\/Y+kWXpybwJe7zgAAIt7tZYMSor3PK5ffqWr7xtKtqsEAojHWfXITq7U7bofRVpg4o\/sDR7ndj1OxYGxivKnCI\/MpBnRR1IlozQR9QBedKgVXJrIywaeTMyPZ8dE0DZfSaQwoCsJK2LFAFQyF2iKWs9kFTkVY0c7IyBu7kM9j7+493JMyEh1yXfhnMRdV1XAwLpVMwh\/wY0BR4JHlqv0vZgbPJpOmwvJMIuGayMtmHwD6eVW5z70VFkBGfYzNBBCnuDYeVx4ziWn+DOoPBOoSOMWBz8p9PJNI8Ad0s9kM7eTIocP8xcAf8He08F8ubleL8myQSJ\/hUt7vc9lc2YwOs\/OCifmaplnuC7Gw+3RiuqwPsmLC\/kCgqbZvRw4dxrbSPqgcEBP7ktlMFVVV676fZtJpvKaN88EMEv4JgiAIgjDCzGa0m+iWGQtmtPIY1O3x36wXtm6uJN1K7vasIm9\/F2HWQz\/p\/bGt7zOLn6tff246++CXJfF+vrhgmJUvWh5trvDp75M28PapeG\/rWa3dwQO\/u+l2GG1FFGdSyRQXWCpnAVjBlmmGx7vIydOneGxOfP1ZLAwj0QnQ72fMOkhV1Y59aGAZ4blsFpl0BsA9ux87iGJrK4sIsX5Qr7e0KIbNmlh26Psg7brgD+h9jPUZ3abDuH+KmciV54f4oMeObach7mszf3QRI\/GU\/S3f5BlBYmz1irZHDh3GzsEdPPOpkxH7mNX1Si5lPg3HYgiGQpbXCnEGDWuTzb4JK4rt60wl4vlsJDw\/8dPN2NT3aM0BXbPtFO83MxVifiWFfB6b+h7Fpr5HLQcImnkPYAMKQHXfFC35WmExp2kaPzfofYsgCIIgCBE2a\/bYieMIK2Hs3b3H8bu227AaXCwhbOfgjrptP92gXfHXnfFfyOe532ur+Ozal3UtZzWLoFu4+bMHcLeHai+7RV9J8Lcjsr\/u38WF+aHMUdPvcX\/+\/\/rM9DtX\/+szbPVsNi3w22dzIIJojIc++g6rlu66HUZbYQJ\/UVVRyOe5rYcTux9mKyBJUsMe74xINCqIOgnH13ZRwLFa1s1MajuINj+X0pmybbFr9aGqKnLZHIZjI\/AHAggriqUXdr1k0hlomgZ\/IFBXTQF2zAr5vOWDZ6vtiurBqmCt3b5rlE3fCailgSNJkqqy+8VMavZsWJmJ3orCvs3Eyp5MnDZcK\/awosAf8ENVizX95puBkb0ls4cxEntnk0kcOXS46txiL3+A\/hwdDAWrBu4qrdLswK5bjfZps+VFq1GzgcJmratVtPJdKpfNcSskpzVhCIIgCIJY3rBnxan4JE\/QCKaDLbOcaQUsVqYD57JZDEWHumYWQzvib0hZfv7Z57BzcIejn24afXGLO9JqfPvzB90OY8XSJ23gQv7NGoVy+9dvxMEnXwJgbvFTiVWbZp\/Nq1cB6IMHr\/t31VwHUT9rvvozej9ddDuMtiN6MAP3spOZ3Y8dNE3jhRs9gk97vbBinYAuyjV6\/+im7IVKRPsbllXOjpWTGjtT8TgXCkVf+mZzQPCqFgumOqEbj5fdmCvtYkTRubKwcSfBBFFfRXyiwMzqD1jNAGh2DRCxH7ei34gzn6zsUoZjIzha8nRn\/z9\/Ya7p55l4ba0ciJAkCb++MGea4T0g1Jswb3\/I8Ppdj2jM4nA62MOs1\/RljYV4uVSIF0DDRcv1war6Yq0FO\/6VfVOcHXWsRb664rnWLS\/ABEEQBEG0F5bUY2RN2C2wdw3R6rebaGX8DaeUsxEJuz\/NftlbjpDFj3us61nL\/f0B4P3Pr1h+\/+2\/+8dWhwSg3OLn4JMv4fc7TiPWH0Z\/hSUQ0TgP\/rbzC\/o2G9Hmh9mMFPJ5LhA7sftJCf7kjQrLx0qzB4DuFIGbiSiAsX1xqQ67HwBlBZAaHZwxQ1VVnu3NagoQ5oiWHJIk4fyFOZw8fQphRemoQQDm8+8RsvcBwFd6WRCf8\/SZAfdib6Swby3EArHNbtsfCHBxuZ7nWK\/Ph5OnTzleryx7uI0N+wkrCsYmxnm9gVw2a1i3hE3Tnk0meeLN3t17BAs363MyGAohl83iwOg+HBjdh1w2W9eMq8q47DAci2FsYhznL8zBI8vQNM100Fe0LNM0DWfOneXnjR1kWcZwLFY2xVqvGdG82V9izYDK\/Sfaeg0oCj68chljE+NldkuNIvbXTrqWEARBEARhzN7de7Cp71E+Q3Pr01uwqe9RZNJpZNJpPPHTzXjip5tRVFVk0mls6nsUW5\/ewp+ZNvU9yq0r2e\/s2VBsq6iqvC1JkvDhlcuYv3IZqWSqrA2nVK4nl82WxTwVnzSNEdATzMXtZ7\/PJpNVbYnbPxwbwfkLczh\/YQ47B3fwNtyMX\/ydPUu3On4jmlbctxXU+4LRzQLR7UfW4PtN97sdRldx8MmXeNZ9JfPFBTwz+6rj5diyVhn8sf5wWdHdkc0Dpv7+jXJj6RZeufwOryXQv34j+ksDFDeWbuH9L36DNz5+z7B2AGGf3k8Xsear226H0XaYsC+Kj4B+DR5QFEd2P4B+8ztz7iwkScJwbKSuG9bYxHiZSMGEr060QLGLlX1dLps1LeAo2vyIQlE9dj96G\/oDjD8QQCQ61HCmrBlT8UkMKAokScLYxHjD3ulidm8ljW6DPxCo216wWYjnDaCLr8GKgs6pZMrWOVBvX6uFvm5dbBUticRMaVVVUVRVeGQZPqEgK5vlUO85zITwSiLRIWH9zU0wqczEZrMZrDhy6DAK+TwvSi565zvZ9gFFMe3vehHbadNznr1UVFLI5zF\/5TIA4+LL4vJiH0klk3UJ0eLxsntcRDGfFfI2OrclSSqbCSUOYgZDIUSiQ9g5uMPyncAjy2XrM7NBsoNR35RluWzG00xiuuzzXDaL2WSSH2c2GMu2pZDPI5VM1VUknWG3HgRBEARBEJ0Bm106k0ggGAry56CZxDT8gQC\/t+fzef5soZbsetnzFrNMZc+KmXQakfxQWVthJczbymVz8MfuPU+LbTh9fijk86Yxi+8yRjGyv7N\/xW1KJVNVbbFERbb94juB+K8b8Vcmv+t2uIstj9+Ijhb+630x7Wa+2UrZ\/p3ANe06hi4dM\/18Xc9aPmhw9evP0b9+I9b1rEXEux0zhYstiYm1e\/DJl7gVEYsl4t2OiHc7hi4da9n6lzurlu7ioY9WXrY\/cM9G5lKFhUUmneHCbTAUsrS4EGGFV3XxJYqZxLQjUVa0XBBryTSrbkC3IYpb4jFiDwhenw9hJewoS\/XIocPcgmQ4NoL9o\/YHduzCiiazQZxGawpUinQirDBzN1PI57FzcAeGYyNV9lqSJHEheDaZbMnxshsjgwnHsiyXFSll\/w6UvO7ZMWfncb3CvJUQzmi2neRwbIRvm1nGuzhgOptMlfVxbbfGM8mbOXApSRJk2eN4OfGaUWk3JWJkdeNGUo3X58PRE8cNC82JM9XMlo1Eo5iKx22vb0BRLGcYWMGOsxlmxcj3j+6DqhYRVsJV07q9Ph\/GJnTLu52DO2jWNEEQBEGsACLRKC6l06Vn6QCCoRAK+Twi0SHIsozZZBIeWebvy0VV5e\/PYUV\/1mPv8MOxGE8y8Pp8ZW3piSm6+BwMBXniSlgJl7XhlMr1+Hy+MotaWfaYxsi2fzaZRFgJG26\/2BZ7DveUEuVYnULWxpAwK7jd8Q+V9nG74zeio4X\/lcbi471Yevg+t8PoOq5p13Ft8Y+Gn1kV0q1cjmXvzxcX8OLchGVhX2axc\/Xrz\/G3Z3fju92\/4oMBrRTeZwoXMVO4iP71G\/HCxqexef1GvPDYU\/zz6W37MV9coMz\/Olj3yU2s1u64HUbbMbL5YTAveV34D9oW\/gHgzUOHuXh59MRxRwO5YpHQnYM7cPL0KfgDAXhkuWUFaduBlehnJegwmx8x+4CRSqYwNuHjdj92xe9CPs8fUAYUxXYmuVNmEglenOi1iXHepzoNTdMsj4EobrcSluHMssSZQCtmE9sRJ+vta7Vg+8nr83EvUDG2e8J\/jr+sAK0v7FtUVewf3ddUYVSfERPl7Ztl+7PrlBHicbAS2o2YTSZ5rRURVvuEvcBZZbXX22\/dnFnF9qUueuu2N0z8FxH352wyian4JDRNQyQa5QOEkeiQpfAvHruwEsaAoiASjUJVi021+5lJJCxni0zF45iKx\/lLu8\/n5fc8QL8nnjl3Fv\/w7HNdP8BJEARBEIQ1oq0jgCrLSDZ7EyifIQxUJ8oMx0bKEqcq22KJCzOJBH+3+PDKZXzyh4W645ckqWo95y\/M2Y6x1vaLbXlwb3\/s3b0HmXQasixjvmSfuBLjN6Km8O\/1+Zo6NdSJv2S9nsDmRcCMp4nboZYo0Ch3e1aRt3+dvPvv6bosdiqXm962HxHvdvSv32gp+osMZY4CACYXZnkmfiuz\/hlXv\/6c2xCt61mLWH+Yz0AY2TyAVy6\/09L1LzdWa3fwwO9uuh2GK4j+\/UbXzlw2i2Ao5NjuRy0JZcOxEW5z4QRN07B\/dB\/PGj9zTl9+ODbStcJ\/PbPYRJsfs+PDcGL3A+jZ0dtKAz96RmlrxL79o\/u4hY3TDFyRSoGVCXXNwEq8BXTfcbPZBq2AFW8WB9si0Sh\/ANT346Sp4NvKGZNM+GcFfr2Cvz8jX3pe8sgyZCEjiS1fD\/p02epBg0I+72hQ0g6VFj\/sWlQPzFbLKapaND3nc9kszl+YM81qD4ZCGJsY78rCZuKsEXZtCoZCVQObbNvYIBg7PlPxOGTZw7OwvILdVCXibA2WbeUPBDAUHXIs\/BsJ+8yiy8mArBirLMs4efoUfxeLRIeaPquFIAiCIAhC0xb5\/9WSZWe3wZ4FuzVJopXx1xT+WbaNG9SaNmvGpr5HDf9uZ5q4GY144trh5s8ewN2ehmstEw3wbuEiIt7tti173vj4PS6+x6+mMLJ5oC1Z\/5XcWLqF13Pv4peezdjq2Yz+H21q27qXCw999B1WLd11OwxX2CZ4iBsVoJSFjEMndj+AnjkQiQ5xEc2JPcmbJZ9s4J7QxTIgdfug5mVjdjKizY8\/ELC8Lzq1+2E+4Wxwxm5BTKeIx284NoLZOgduKmtQdHPB4GIdD3QziQQXQoFyj\/12wrL5WYFf0d+fIXqCirMDNE2r+2E2l83VPWjkFDsWP25SyOf5OVU5k8AfCNRVTLgViP28niQisaaEPxCAKlw7RDu4ykEZ1kedrjeXzfH7jJMZVABa0jdVVcXOwR2Yv3K5qlg2QRAEQRBEI2iahjdLyRMDShjBUKjMQqgbKOTzmIpP8gQJ4N5s+W6gXfG7rjR34pT\/dnNHWo0bTzzgdhgrHtEiZ6Tf+mS7pl0vmy1wY+kWJhdmAYBn\/ZuxuWQT5PSzWnxYrH861kqm509\/Qe+ni7W\/uAwRbX7EApTijzjaL84OsAN7mABQsumxdxPTCxqWi8NiNuVwbKThQpNGn+lZ3TE+2NEJiPuM2UBU\/oifO419Kh7n4lwrM9oPCIM+dtdTa1tEj\/NOEWathDlxe1S1WFf7nbCd+Xy5z7\/ZjJR7hX\/9lrNWOg27Fj+dQuV1TbxmHBjdh52DO8p+2ukTLwrn9YjWYn8xyzwz2p76B5dqr6\/dNDrjWLzuUI0AgiAIgiAY7J07k06jkC\/g5OlTTbWXaQeZdAaZdBqpZJJbIzZrRng7aFf8rgr\/zGN4pfPtLx6kbP8OgYn3\/es3ch9\/I4xqCsSvprhF0C4D4Z\/VG2C1BIxgn1nVJiCayw\/nv3E7BNdwKuRvqyg4aodUMsnFBrs3MaMB4Vw2y+8XzDLGDpXFSM1g3nzDsZGOmR4o2vzYpZ5jdEQYnGlVhoeqqnw2Qq1+wAYiWNatGWJBKzcR+5jVOSUeG7djbgQxwzoiFJyqFv71GQDiAFUhX2hTlPVRj8WPOGhoRLuztJlgzV4i2Iwb9tPuhBvW142KEXt9Ppw5dxZnzp01vPbY2XdG3zEbGA4rCl+f0XeWY0a9OIBByVYEQRAEQTDEGlxsdm63weKWJKmjkvfs0q74a1r9zCZTLSvEZpXR2ax1NKvNVr2k335kDRYf721J24RzZgoX8faWlwHoWf9Dl47ZXvbG0i3MFC4i1h\/G1pLtzryQhf9hcQGx\/jD35I9fLS\/axz5j3xXpX78R08EDeGb2VcP6A+t61mLX3+iiEhX2tc\/9n32PNV\/ddjsM12BCZCGfx\/PPPmf6PeYtXo\/dD6ALy\/Vat4lMxSe5aBwpeTDXEjJEMTISHcJsMlkl7IeFIqSdNBgtCsWs2I8Zn\/xhAZIkObb7AXSBsF4fciew41drtoZo02FWGDoSjXJBy+0scrHgrT8QMDxHRIseAIafnzx9ClPxScvtEYV2N0W8Qj5fJuhb1Z8QxVS3j1UtRIsfdl7UghXbBe7ZWjH8gUBLihqzvsbWaUSnDC7l83l4LAYx2XaEFbVqW3zCMpXbw65ZzP9ePB\/EAThxuV7BmioYClW9h\/iEl9527D\/93uMvq1FQiXis6znnjYpvEwRBEASxcjly6DAupdMYjo3g\/IU5aJrWVckPmqZh7+490DQNx04cx\/kLc5AkqWNma9bCjfhrCv\/tLKLYbH9Mvbhke\/xg6+W7nz\/odghdz096f2yZRQ+gTIC3gon3Ee92RLzb8crld2wX+gX0GQOxkk3QQf8uzM++yj97\/4vf4Jp2HX3SBry95WWs61mLefUqAGCr3M+L817TruP9L35T1u508AD612\/E7wdPYXJhlrcFAC889hQO+nehT9oAAPhVxbKEOes\/WLnZ\/qIglUqmLL97KZ3m0\/6CoaBj4T+XzSKTTiNYRza6iKqqmE0muXg8NjFes26A7mOfQCQahSRJ+PWFObx56DBy2Sx6SwMZoiBrNVgs+plbYSau2FlWzKZm4hUr9GrFpXQaA4rC7X6czlo4cugwzl+Yc7SMU1ih5lpTSFPJJBdgWV2DmcQ0ctksvD4fgqFg2YyPTrBimYpPcl\/1SgFfluUye6rZZLJKwGP1lM6cC2A2mUQmnSnLzg6GQtx7E9D7mJVth9O+5hTmhS7+btR+9XLG50a4VDPAKCmkEWRZ5oNIRoN+IsFQqKxfzSZThvux0npFvD6ePGDoqVIAAAcYSURBVH0KB0b3IZNOwx8IlPV1p6KrLHsM169bEd0bAMqkM6bbU1kA2o1sqFw2h2AoZHhtKuTzKJYKyA0oClS1yM+PYCiE1yz2H+uDkiTh6InjgkftvXpeRVUtW594rFjbmXQakiRZLtcKvD4fXisNqPsDAUyXrnGsb8myjG0V96eZxLTj9bD7CNn8EARBEASRy2Z5klgqmdLrdrkck1PYeyGgPwe30q62FbgRf03hn2gdi4\/34vYjf+12GF0PE+mt+ME\/\/b3t9liRX0DPwhe9\/GtxTbvOBw6Msv5fufwO\/vW5QwCAg0++xMV+kVcuv1P2O5sFAIAPGrBZCZXMFxeqBg0IYx767XdYrd1xOwzXEDMiawlSqqryjGY9C91+kV7Gm4cONyz8A7rAuq1Um2BAUTAVn6wp0EzFJ8syQ48KVh4iRw4dtmyL2VLUwqzAvJ1ldw7uQC6brSiaWlswzKQzXLTaFgo5zvpn1nut9kScSSQwFB2qmdGwf3Qf31+VtQxEah2zdpFJp8v2n\/4AV\/0QV1RVbq1khihAGqFpWs02nPS1eqgUEc3aEWeSWAmPA0oY\/kAAuWy2qcK\/pzTowmKx6iuimA7AtEBuLpstm4XCbKzY4KLRcpUzAexQqx8A+j6tPNfZgIVHljF\/5XLZfmfXwHYibrfRtUk815ndWiVGgzZi8fhgKGR4f6k8T9TSTGA2EHf0xHEcRfX9oN2DiR5ZrjkgOluybXKCaBdH2f4EQRAEQbB34kI+79j2t1MQZ7j7A36Xo3GOG\/HXFP67qaJzq2kkO66Suz2r8O0vKNu\/E2FFfvukDdj1NyFHwj8AvPHxe3zgwCjrf+jSMUxv22+47NClY1XC\/Y2lW3hm9lUcfPIlPpvALO4X5yYcxbpSWbV0Fw\/87qbbYbgKE0mKJVG\/FizbWpIk\/rDgBFFwaQRdZJvm7QzHRmxl\/e8c3IGTp0+ZZvC+eehwW2e41UIUsS6ZZPSKlNuL+B0L\/4Aukm0TCj63ClHoM4OJqydPnzKN58ihw3VtZ6tgfvBm9Sdy2SwOmHjG7x\/dh1w2V2Y1Y0RRVfE\/d+9xPXvXrJBv9fdyjgawupUjhw7DI8uG4nMhn8fe3Xuavs5cNmvYbiqZhD\/g5zOjxGuepmk8w75diFn9QyWLNhF2XpgNyOayWcOBLnZdN\/Prn0kkDGdKTcXjkGWP6aDKTCLRlntBIZ\/HPzz7HIZjIzUHeGYSiZqDfUaI7daa2UcQBEEQxMqg1bO8W41HlvHJH+w5enQibsRfU\/hvhi\/zcqGR7LhKbv7sAdyRaMKFGe8WLuLD4gK3wrH6TivaHrp0DFvlfgB6lj2z1WHLWPnoX9OuY+jSMW69s65nbZld0EzhIuaLC4h4t+OXJYuiD4sLmClcNG33xtItvHL5HUwuzOKFx57C5vUbeftsW+zaGRG6xc+qpbtuh9EyctkspixcziRJ4iKAXQFxJjENTVvkyzPEWiq1PJFFwcfoWlpPO3ZhIlEwFII\/4IfX54Omachlc7iUTltmAjeS\/em0Tg7bdmaLA1T7wRuhaRoOjO4zFPRYDLX2K2vDzONRPNZWx6\/WfZIJeZIkWcaUy2ax9ekt\/Jh5ZNn2MbOL3T5X65xi6IMR0xgoeXcD+jmWy+ZqHsdUMolUMsltUbw+b5k\/fCGft2yj3r5WD2L\/tGpHrJlh1S\/M+mitPlcLJ9cnu\/vPrJ29u\/eUMs+D3LYol805FpFrXW\/0c8Da6mn\/6D5k0hl+rQP0PjSbTPLZAFb7utn+9tOJaYxNjMMjywgrStU+YUWInZ43hXweW5\/eggFFKbO0YVZZZuwf3YdUMoVgKFi2fzLptKNBtUbroKmqiv2j+\/hMNln28HiKqop8vmB5rbM6PyRJ4rNYavUXgiAIgiAIYvnyg40\/6dsK4AOzL3x27cv2RdPhNEv4vyOtxlcvybjbs6oJUREE4YSeP\/0F8r+4bw1CEARBECsBSZIwf+UyH+x7\/tnnXC1OvRIYmxjns4+ambhEEARBdD\/+\/j\/jzFvmiYxG7Hx1A3JXyaaaILqQZ0h5doFvf\/Egif4E4RI\/nF+5BX0JgiAIot2IM0TEugtEa9ALQOuifz31JQiCIAiCIIjlQ02vGXpYvEczspOWHr4Pi4\/3NiEagiCccv9n32PNV7fdDoMgCIIgVhQziQSCoSD8gUDbCwyvNOSS5RuzbyMIgiAIgiBWLjWF\/52DO9oRx4qh509\/wcb\/9YXbYRAEQRAEQRBE2zgwug+R6FBdhWoJ+4g1FJpRC4UgCIIgCILoXqi6LEEQBEEQBEEQLUVVVRL924TTotIEQRAEQRDE8oSM5gmCIAiCIAiCIAiCIAiCIAhiGUHCP0EQBEEQBEEQBEEQBEEQBEEsI8jqhyAIgiAIgiAIgiAIgiCWOdqtVcgt\/LXjZQiC6E7+P0cBHfrjAftYAAAAAElFTkSuQmCC\" alt=\"Markalama G\u00f6rseli\" title=\"\"><\/p>\n<\/div>\n<div>\n<table style=\"width: 100%;\" cellspacing=\"0\" cellpadding=\"0\">\n<tbody>\n<tr>\n<td style=\"width: 120px; font-weight: bold;\">Norm<\/td>\n<td style=\"width: 400px; text-align: left;\"><\/td>\n<td style=\"width: 120px; font-weight: bold;\">Colour<\/td>\n<td style=\"width: 400px;\">\n<div class=\"color-icons\"><img decoding=\"async\" src=\"data:image\/svg+xml;base64,PHN2ZyB2aWV3Qm94PSIwIDAgMTAwIDEwMCIgeG1sbnM9Imh0dHA6Ly93d3cudzMub3JnLzIwMDAvc3ZnIj4KICA8Y2lyY2xlIGN4PSI1MCIgY3k9IjUwIiByPSI0OSIgZmlsbD0iIzAwMDAwMCIgc3Ryb2tlPSJibGFjayIgc3Ryb2tlLXdpZHRoPSIwLjUiLz4KICA8Y2lyY2xlIGN4PSI1MCIgY3k9IjUwIiByPSIzOCIgZmlsbD0id2hpdGUiIHN0cm9rZT0iYmxhY2siIHN0cm9rZS13aWR0aD0iMC41Ii8+CiAgPGNpcmNsZSBjeD0iNTAiIGN5PSI1MCIgcj0iMzMiIGZpbGw9IiMwMDAwMDAiIHN0cm9rZT0iYmxhY2siIHN0cm9rZS13aWR0aD0iMC41Ii8+CiAgPGNpcmNsZSBjeD0iNTAiIGN5PSI1MCIgcj0iMjIiIGZpbGw9IndoaXRlIiBzdHJva2U9ImJsYWNrIiBzdHJva2Utd2lkdGg9IjAuNSIvPgo8L3N2Zz4=\" alt=\"\" title=\"\"><\/div>\n<\/td>\n<\/tr>\n<\/tbody>\n<\/table>\n<\/div>\n<\/div>\n<\/div>","protected":false},"excerpt":{"rendered":"<p>&nbsp; \u00dcr\u00fcn Ad\u0131: TERKOS \u00dcr\u00fcn Kodu: TCH115 Tank Temizleme Hortumu Kullanim Alan\u0131 : Tank Temizleme Uygulamalar\u0131 \u0130\u00e7in. Alt Katman : Deterjana Dayan\u0131kl\u0131 EPDM Kau\u00e7uk Takviye Katman\u0131 : Y\u00fcksek Mukavemetli Sentetik Tekstil ve 2 Antistatik Bak\u0131r Tel. \u00dcst Katman : Hava ve Deterjana Dayan\u0131kl\u0131 EPDM Kau\u00e7uk. Talep \u00dczerine: Her iki u\u00e7tan \u00e7\u0131k\u0131nt\u0131 yapan 2 paslanmaz \u00e7elik [&#8230;]\n","protected":false},"featured_media":22170,"comment_status":"open","ping_status":"closed","template":"","meta":{"jetpack_post_was_ever_published":false},"product_brand":[],"product_cat":[2349],"product_tag":[],"class_list":{"0":"post-21237","1":"product","2":"type-product","3":"status-publish","4":"has-post-thumbnail","6":"product_cat-sel_su_hortumlari","8":"first","9":"instock","10":"taxable","11":"shipping-taxable","12":"product-type-simple"},"jetpack-related-posts":[],"jetpack_sharing_enabled":true,"jetpack_likes_enabled":true,"_links":{"self":[{"href":"https:\/\/tuzlahortum.com.tr\/en\/wp-json\/wp\/v2\/product\/21237","targetHints":{"allow":["GET"]}}],"collection":[{"href":"https:\/\/tuzlahortum.com.tr\/en\/wp-json\/wp\/v2\/product"}],"about":[{"href":"https:\/\/tuzlahortum.com.tr\/en\/wp-json\/wp\/v2\/types\/product"}],"replies":[{"embeddable":true,"href":"https:\/\/tuzlahortum.com.tr\/en\/wp-json\/wp\/v2\/comments?post=21237"}],"wp:featuredmedia":[{"embeddable":true,"href":"https:\/\/tuzlahortum.com.tr\/en\/wp-json\/wp\/v2\/media\/22170"}],"wp:attachment":[{"href":"https:\/\/tuzlahortum.com.tr\/en\/wp-json\/wp\/v2\/media?parent=21237"}],"wp:term":[{"taxonomy":"product_brand","embeddable":true,"href":"https:\/\/tuzlahortum.com.tr\/en\/wp-json\/wp\/v2\/product_brand?post=21237"},{"taxonomy":"product_cat","embeddable":true,"href":"https:\/\/tuzlahortum.com.tr\/en\/wp-json\/wp\/v2\/product_cat?post=21237"},{"taxonomy":"product_tag","embeddable":true,"href":"https:\/\/tuzlahortum.com.tr\/en\/wp-json\/wp\/v2\/product_tag?post=21237"}],"curies":[{"name":"wp","href":"https:\/\/api.w.org\/{rel}","templated":true}]}}