{"id":21234,"date":"2025-08-11T10:39:11","date_gmt":"2025-08-11T07:39:11","guid":{"rendered":"https:\/\/tuzlahortum.com.tr\/urun\/van\/"},"modified":"2025-08-20T16:05:41","modified_gmt":"2025-08-20T13:05:41","slug":"van","status":"publish","type":"product","link":"https:\/\/tuzlahortum.com.tr\/en\/product\/van\/","title":{"rendered":"VAN"},"content":{"rendered":"<p>&nbsp;<\/p>\n<div class=\"report-container\">\n<div class=\"report-header\">\n<div class=\"standard-text\">Product Name: VAN<\/div>\n<div class=\"standard-text\">Product Code: WSDR126<\/div>\n<\/div>\n<div class=\"product-image-container\">\n<div class=\"key-feature\">Water Receiver\/Transmitter DUCTED<\/div>\n<\/div>\n<div class=\"horizontal-line\"><\/div>\n<div class=\"product-details\">\n<div class=\"detail-row\">\n<div class=\"detail-label\">Area of Use<\/div>\n<div class=\"detail-value\">: Water suction and discharge in industrial and construction applications.<\/div>\n<\/div>\n<div class=\"detail-row\">\n<div class=\"detail-label\">Substrate<\/div>\n<div class=\"detail-value\">: Natural and Synthetic Rubber.<\/div>\n<\/div>\n<div class=\"detail-row\">\n<div class=\"detail-label\">Reinforcement Layer<\/div>\n<div class=\"detail-value\">: High Strength Synthetic Textile and Steel Wire Spiral.<\/div>\n<\/div>\n<div class=\"detail-row\">\n<div class=\"detail-label\">Top Layer<\/div>\n<div class=\"detail-value\">: Abrasion and Weather Resistant Synthetic Rubber - Duct<\/div>\n<\/div>\n<\/div>\n<div class=\"datasheet_table\"><img decoding=\"async\" class=\"alignnone size-full\" src=\"https:\/\/tuzlahortum.com.tr\/wp-content\/uploads\/2025\/08\/datasheet175.svg\" alt=\"\" title=\"\"><\/div>\n<div class=\"table-notes\"><\/div>\n<div class=\"horizontal-line\"><\/div>\n<div class=\"footer\">\n<div class=\"standards-section\">\n<div class=\"standard-item\" style=\"margin-top: 9px;\"><\/div>\n<div class=\"standard-info\"><\/div>\n<\/div>\n<div class=\"temperature-section\">\n<div class=\"temp-icon\"><img decoding=\"async\" src=\"data:image\/svg+xml;base64,PD94bWwgdmVyc2lvbj0iMS4wIiBlbmNvZGluZz0iVVRGLTgiPz4KPHN2ZyBpZD0ia2F0bWFuXzIiIGRhdGEtbmFtZT0ia2F0bWFuIDIiIHhtbG5zPSJodHRwOi8vd3d3LnczLm9yZy8yMDAwL3N2ZyIgdmlld0JveD0iMCAwIDcyLjI3IDE2Ljk4Ij4KICA8ZGVmcz4KICAgIDxzdHlsZT4KICAgICAgLmNscy0xIHsKICAgICAgICBzdHJva2Utd2lkdGg6IC41OXB4OwogICAgICB9CgogICAgICAuY2xzLTEsIC5jbHMtMiwgLmNscy0zLCAuY2xzLTQgewogICAgICAgIGZpbGw6IG5vbmU7CiAgICAgICAgc3Ryb2tlLW1pdGVybGltaXQ6IDMuODY7CiAgICAgIH0KCiAgICAgIC5jbHMtMSwgLmNscy0zLCAuY2xzLTQgewogICAgICAgIHN0cm9rZTogI2E3YTlhYjsKICAgICAgfQoKICAgICAgLmNscy01IHsKICAgICAgICBmaWxsOiAjYTdhOWFiOwogICAgICB9CgogICAgICAuY2xzLTIgewogICAgICAgIHN0cm9rZTogI2ZmZjsKICAgICAgfQoKICAgICAgLmNscy0zIHsKICAgICAgICBzdHJva2Utd2lkdGg6IDIuMDZweDsKICAgICAgfQoKICAgICAgLmNscy00IHsKICAgICAgICBzdHJva2Utd2lkdGg6IC4ycHg7CiAgICAgIH0KICAgIDwvc3R5bGU+CiAgPC9kZWZzPgogIDxnIGlkPSJrYXRtYW5fMSIgZGF0YS1uYW1lPSJrYXRtYW4gMSI+CiAgICA8Zz4KICAgICAgPHBhdGggY2xhc3M9ImNscy0zIiBkPSJNMTEuMzQsMTEuNTdjLS45NCwxLjcxLTIuNzEsMi42Ni00LjgsMi42Ni0zLjA1LDAtNS41MS0yLjQ3LTUuNTEtNS41MlMzLjUsMy4xOSw2LjU1LDMuMTljMS45NCwwLDMuNjUsMSw0LjYzLDIuNTIiLz4KICAgICAgPGNpcmNsZSBjbGFzcz0iY2xzLTUiIGN4PSI2LjU1IiBjeT0iOC42NiIgcj0iMi40Ii8+CiAgICAgIDxjaXJjbGUgY2xhc3M9ImNscy0yIiBjeD0iNi41NSIgY3k9IjguNjYiIHI9IjIuNCIvPgogICAgICA8bGluZSBjbGFzcz0iY2xzLTMiIHgxPSI2OC4zNCIgeTE9IjExLjc2IiB4Mj0iOS45MiIgeTI9IjExLjc2Ii8+CiAgICAgIDxsaW5lIGNsYXNzPSJjbHMtMyIgeDE9IjY4Ljc4IiB5MT0iNS41MSIgeDI9IjkuNzMiIHkyPSI1LjUxIi8+CiAgICAgIDxsaW5lIGNsYXNzPSJjbHMtMyIgeDE9IjU0LjA3IiB5MT0iOC43NSIgeDI9IjguNjQiIHkyPSI4Ljc1Ii8+CiAgICAgIDxwYXRoIGNsYXNzPSJjbHMtMyIgZD0iTTY4LjE1LDUuNTVjMS43MSwwLDMuMDksMS4zOSwzLjA5LDMuMDlzLTEuOTIsMy4wNi0zLjYyLDMuMDYiLz4KICAgICAgPHBhdGggY2xhc3M9ImNscy01IiBkPSJNNTMuOTEsOC43NWMwLS4xNC4xMi0uMjYuMjYtLjI2cy4yNy4xMi4yNy4yNi0uMTIuMjctLjI3LjI3LS4yNi0uMTItLjI2LS4yN1oiLz4KICAgICAgPHBhdGggY2xhc3M9ImNscy0zIiBkPSJNNTMuOTEsOC43NWMwLS4xNC4xMi0uMjYuMjYtLjI2cy4yNy4xMi4yNy4yNi0uMTIuMjctLjI3LjI3LS4yNi0uMTItLjI2LS4yN1oiLz4KICAgICAgPGxpbmUgY2xhc3M9ImNscy0xIiB4MT0iMzYuNDMiIHkxPSIxNi45OCIgeDI9IjM2LjQzIiB5Mj0iMTQuMjQiLz4KICAgICAgPGxpbmUgY2xhc3M9ImNscy0xIiB4MT0iMjguMDUiIHkxPSIxNi45OCIgeDI9IjI4LjA1IiB5Mj0iMTQuMjQiLz4KICAgICAgPGxpbmUgY2xhc3M9ImNscy0xIiB4MT0iMTkuNTkiIHkxPSIxNi45OCIgeDI9IjE5LjU5IiB5Mj0iMTQuMjQiLz4KICAgICAgPGxpbmUgY2xhc3M9ImNscy0xIiB4MT0iNDEuNTciIHkxPSIyLjc0IiB4Mj0iNDEuNTciLz4KICAgICAgPGxpbmUgY2xhc3M9ImNscy0xIiB4MT0iMzMuMjgiIHkxPSIyLjc0IiB4Mj0iMzMuMjgiLz4KICAgICAgPGxpbmUgY2xhc3M9ImNscy0xIiB4MT0iMjQuOTkiIHkxPSIyLjc0IiB4Mj0iMjQuOTkiLz4KICAgICAgPGxpbmUgY2xhc3M9ImNscy0xIiB4MT0iMTYuMDgiIHkxPSIyLjc0IiB4Mj0iMTYuMDgiLz4KICAgICAgPGxpbmUgY2xhc3M9ImNscy0xIiB4MT0iNDQuNjMiIHkxPSIxNi45OCIgeDI9IjQ0LjYzIiB5Mj0iMTQuMjQiLz4KICAgICAgPGxpbmUgY2xhc3M9ImNscy0xIiB4MT0iNDkuNDkiIHkxPSIyLjc0IiB4Mj0iNDkuNDkiLz4KICAgICAgPGxpbmUgY2xhc3M9ImNscy00IiB4MT0iNDAuODgiIHkxPSIxNi45OCIgeDI9IjQwLjg4IiB5Mj0iMTQuMjQiLz4KICAgICAgPGxpbmUgY2xhc3M9ImNscy00IiB4MT0iMzIuMzMiIHkxPSIxNi45OCIgeDI9IjMyLjMzIiB5Mj0iMTQuMjQiLz4KICAgICAgPGxpbmUgY2xhc3M9ImNscy00IiB4MT0iMjMuNzkiIHkxPSIxNi45OCIgeDI9IjIzLjc5IiB5Mj0iMTQuMjQiLz4KICAgICAgPGxpbmUgY2xhc3M9ImNscy00IiB4MT0iMjAuNTkiIHkxPSIyLjc0IiB4Mj0iMjAuNTkiLz4KICAgICAgPGxpbmUgY2xhc3M9ImNscy00IiB4MT0iMjkuMTMiIHkxPSIyLjc0IiB4Mj0iMjkuMTMiLz4KICAgICAgPGxpbmUgY2xhc3M9ImNscy00IiB4MT0iMzcuMTYiIHkxPSIyLjc0IiB4Mj0iMzcuMTYiLz4KICAgICAgPGxpbmUgY2xhc3M9ImNscy00IiB4MT0iNDUuNzEiIHkxPSIyLjc0IiB4Mj0iNDUuNzEiLz4KICAgIDwvZz4KICA8L2c+Cjwvc3ZnPg==\" alt=\"S\u0131cakl\u0131k\" width=\"100\" title=\"\"><\/div>\n<div class=\"temp-values\">\n<div>-25\u00b0C \/ +70\u00b0C<\/div>\n<div>-13\u00b0F \/ +158\u00b0F<\/div>\n<\/div>\n<\/div>\n<div class=\"marking-section\">\n<div class=\"detail-row\">\n<div class=\"detail-label\">Branding<\/div>\n<div class=\"detail-value\">: Transfer Band or Embossed<\/div>\n<\/div>\n<p><img decoding=\"async\" class=\"marking-image\" src=\"data:image\/png;base64,iVBORw0KGgoAAAANSUhEUgAABf4AAAAoCAYAAACvpushAAAACXBIWXMAACE3AAAhNwEzWJ96AAAgAElEQVR4nO3dXYwTV5o38P8idgg7Q5EPhs27rmgZyMVrjzSNcjG2QiKIRDujXa0Gta0VCGnS+IIoN91eiY+LdHdmgLmAbmm7++JFcGF6doXgwt3KCIESN9IS5UP2Sm8EK619k2SRUr2KEmYDRSLSI4T2wj6nj8tV5bJddrnc\/58Upekul0+V68vPec5z\/mLX3+7YDeCfQUREREREREREREREYfdPGwE8DWBfwA0hIiIiIiIiIiIiIqLOPb0h6BYQEREREREREREREZF\/GPgnIiIiIiIiIiIiIhogGztdQSqdRkTX\/WiLb5byeRiGAV3XMZJOy9+XikWUisUAW+aPRy9sxg8vPBV0M4jWpb\/67Hts+vrPQTeDiIiIiIiIiIjIUUeB\/2s3riMai\/nVFt+UikUYhoGIrmMsOy5\/Pz+LgQj8f\/2rn+Kx1nGfDRG1aMPqE2z9\/w+CbgYREREREREREZGrtkv9xBOJvgz6D7pvX36GQX+igDz7ybfYsPok6GYQERERERERERG5Yo3\/EHmyaQPuv7Q16GYQrUsbzcfY+imz\/YmIiIiIiIiIqP\/5ljpumiYWcpf8Wl1HVgwj6CZ0xb3XnsOTTeyrIQrC9ve+CboJtM6MZjKYmJoEALy442cBt4aIyJ2maRjNZDA\/Oxt0U9alsWyW+56IiChkUuk0RtKpoJvRVKVcxplTp23\/NjE1GYqKMEv5RSzm8w2\/D3v7m\/Et8L+Qu8SHzS5a3f4jPPz5lqCbQbQubf7yB2z+8lHQzaB1JlV7AFwuFAJuCRFRc2dnpjGcTELXIzhx7HjQzVlXzs1MYySdBgB+HyMiIgqRiK4jnkgE3YyORGOxUGxDqViy\/X3Y299MXxWLv3z1ii\/rOXPqNCrlsi\/r6hd\/2rct6CaEzmj0dezQnsdd8yssVN53XG5fZAj79N0AgN+W\/uC43G\/jbwAAZm8v4v7qd47L7dCex2j09abLqsu5vS8Fb\/t7XwfdBFdj2SyAai+8U5A4nkggnkigVCw6TnI+nEzKnu5mgQPxnsuFguP1Vtd1GYjwasUwZC+2eA+v1DZ7eW\/TNHGzUIDh4yix4WQS8US8LmOg+rkstzS5vK7rch03C8vyd27b1O72qOt1Oz6AakZKRNfrPic7mqZhJJ3GcHJY\/q5SLmMhd8lz+3Rdx\/7a\/tQ0DUB1G0vFEpbyeZimafu6To6bZsT2V0c55hzbPZJOu+6jaCyG4WQSALCUzzfdJ+L8deN2\/g8ykWUOwHWf2x2T1eUXWzo3vRxfzc6jQTScTMpjekvtfBW8fkZWXu5t4px008p7uvFyX1kxDCwXCo7XJ1U79wv1WiCuHZqmyXWMZcdd78tERES0vlWfU0uIJ+KhCHbbqT4DrWA0c0R+TwwT0f5UOtX0OdYPfRX49+ugC+MH7+b7F3+MRy88FXQzQmdvZAij0debBv7fib+BfZEh3Fq547jMgZ178M4vfwMAuP3NZ3j3i48dl92x5a\/lsoBzUF9djoH\/\/rX10wfYaD4OuhmuxA2jVCy6BEdSGEmnsZSPOAYURjNHEE8ksGIYrsHQ4WQSY9lxAHDN7IzoulzOq1KxqAT+W3ut2mav7z0xNYmTx453HBTSNA2Xr16xHSIYTyQwmsmgVCx67pjeXwugAWsZ\/162aWJqEsuFAk4eO+4p8GRd7\/wsXAOWI+mU7EBy2mfDySTOzkw33IvFfljI5RyHiQqpdBpnZ6Yd1z+WHXccadjJcdNMPBGXgT+nwH88kcBYdtw12KieQ0sejj2xzmYq5TJOHDu+boJ+8UQC5y9ekMea03EZjcVw+eoV2+fDkXS6pWuAt+NrHKViEW8dfdPzeRh2oiyZaZo4qdwTvH5GVql0Wu7rt46+6bicuCa58fqezXi9r7xtVu8rTvfjTu4X6rWgVCzCMAyYpokTx47j2o3rAKqfxeGDh1rdPCIiIloHxPOppmn49D+cY2D9SnzfET+fv3gh4Ba1Joj2s2B8CNx77bmgmxBKH9QC+Tu057FDe95xuX2Robrl7eytLQMAv965x3MbxodG8PSmn3henvrLhtUnePaTb4NuRlPlWmDALfgh\/uZlmXKToKGaMasGqMNKlKdol1sQRxVPJHDtxnVPndNiH3vNHK1\/bdIxyNlt1iCfHXXuAjtuQX9B0zSMZcdd19MN5XJF\/ux0LsUTcQDVIKHukMEhljFN09cRJ24B7kHTyraes+mIUp2dmXb8rNoVTyR8G8na79Ss+9+fOi2vWZ0cj6LWrcigDxNN03D+4gXba0Q37hdA9Yuj6ESMJxKhqFNLREREvSeeLcL6fUFtdxi3IYj2+5bxr+sRv1ZFim9ffgaPtb4amBEaagb\/vsgQFsyvGpbZpwT0bxm3Hdd1QAn2H9i5B0c8tuHpTT9BdneKGf0h9ewn32LD6pOgm9FUqViSgetoLNaQIajrugzKiGCkNdioBgma1Y5Tg\/2apmE4mbQNzFTKZdusQxEMW8rnsZhfrPubXZDbbSIhL+zeB6jPnDw7M43lX7QXXBpJp+X+q5TLmJ+dq9sfw8mkHE0xPzvXNJCvaZoMGIkyP162KRqLYSw7Lss+nJ2Zds2U7YZzSsB+uVDA\/OwcKuWyLJEh9nc189++7M\/bSjB\/fnaurhSOWM9o5oj8u5NOjxs76miIaCxmOzpCDfbFEwkYDhno1vV5ZZcFLDpCorEYNE3DxNTkwNdYV8s\/qf+2isZidefnW0fflMfTxNSkLEEzlh1vaZ\/Nz841jBbRazVa356alOeh0\/VxkIjz0TrKxetnZKXWWbW7djtxynLvxqgLp\/vKaOaIvB+fm5nG3lderfu73\/cL1fzsnByRdCRzZOCvAURERNS6y1evyFKBhw8ewoph4PzFC6FJGojoOq7duC6fkfa98ioiut40+axfBNF+3yLK4kG2lQfUFcPAGSUzyOrFHT\/zq3mh9GTTBtx\/aWvQzQitu+ZXuH3vc+zetgt7I0O25X5EbX8AjqV+dm\/bJUcM3F\/9Dk9v+gl2b9uF2\/c+99SO8aGRpvMCUP\/ZaD7G1k8fBN0MT9QgYDyRaAgKWm\/idsHImKXGsJPhZFLekFYMAxFdx3By2DawVa3H7hzYNIwVT4HPZutpxul9SsUiorGo3CZRwqZVIjvfNE0cPnio4Z62XChguVBAKp32VG5CHX3g1B67bSoVi1jK53HtxvXa55K07eTpluFkUnYwiTIna+2tlo8yTVNm6dsFWuOJhDy+7AKrYj1L+byste+k0+PGTv25Fm8o96NpWl2dxngi3vCZ67out7GijCBopQ1Ox\/Otjz6Epmm1zrnBD\/qVikWcPHYcZ2emHUdgqOfTiWPH686HM6dOy+PWjy87hmHAqHVUiQ7OeCI+0IF\/dT4Su0C4l8\/I6khmLb3CSyks9b16xe2+cvnqFcQTCXlcqdcNv+8X9W2qjo4YTibXzTWAiIiIWhOpJQWqc1It5C41HXHdT9bmJZyrPn8bBm4WCi3PLxiUXrff11I\/IkPH638j6XRoPpgg3HvtOTzZxGpMnRBZ\/Gpmv2po267qci5lfkTnwLtffCyXe6M2Ka8XIuufwmX7e98E3QTP1OBDLBZt+LsoKyJEbZZRf+cWPBFBi0q5jEu5SwDCXe5Hzahvd56Ztex897I8XoM4+5V93GrQ3jTNuiz4Xn42agkop0z7hVwOK7Vtstvf6u\/cAn6GYQQ2eap435hDfW6VXTC5fnSNf9tgmqbcZ+pkn4NKjChq5Ryx69QUr\/dzf1lHhgwy9RpjPWfb+YzWOq6qQfBedVz6aaF2bwQarwl+3y+slmqdL+rIMSIiIiKraCwmS13uTw5jpTZvUJjEE3Fomiafe8I2z1mv2t92xv+KTw\/ibkMZxrLZttaplgUIq9XtP8LDn28Juhmh98HKHWR3p2Sd\/7uWcj+iQ+CPLpP1ipr+H6zcwf3V73Bg5566kQJuFirvYzT6OrP+Q2bzlz9g85ePgm5GS0rFomNdX\/HlX0ziYxcMUEsPuBEBGTVDwK3cT7\/z817hx4OS2JdAayUuVMuFAs6imrHRyzJ8ItPdNE3X46hULGJEqQnupF8fPEvFkszm1TStrp1q7X4RfLcuE\/U4uqYdpvlQ\/hyGoa6d6Nfjw6t4IoFUOiVLEVXKZVn6xem6tFYmbRHLhQJGMxmk0ils0TSUikVZWquXxDG\/UstWUrXzGamjytQAeit6OdLJjrrdTudht45ftdOp3VFsRERENPg0TcOtjz4EUP3+uPeVV6Fpmhw9HgbxREJOUHzm1Gks5HKIxmK4duN6wC3zplftbzvwb9TK9Ih6wt0gagG3qlQshj7w\/6d924JuwkBwq\/O\/e9suOfGuU33\/pzf9RHYO3DJu4\/6fv5evtetIsPrdv\/8LDuzcw1r\/IbP9va+DbkLLKuWybeBfzfxdyucxmsnYBiNFZ4B7tv9aQGYxv4hKudy03E+\/U\/dXux3aIsg7nEy2XJPZSi1LcrPN\/ekUZO6VZoFHw1iRP1sDdGrbR9LphlI6\/UDdPmudfzWbd79SQko9N0SgtFIuhz54TfbUiYLt5kxR5xYQRAfASDqNt46+aXs9XbtOlxomiBXXZ6c6990iRr74FWAWz\/4rbYzqOTczXTeSeCmfdy0pGgQ\/7xdO66+Uy7VR2PHmLyAiIqJ1T5QfFaVSw1iZRXxHU2MUYdLN9ndUR2Yhl8NLvxjCizt+5vm\/Xn8hCaPvX\/wxHr3wVNDNGAj3V7+Ttfj3Wsr9iKx9dRkrMamvmC\/grvmVDPY7lQ9S3TW\/wtydJQDVWv+io4H619ZPH2Cj+TjoZrRMDS6pGf1qYMip\/EB9BrJzzXFRymXFMOSNSQSnwljuR9O0ulrS5TYzZUVwKqLruHz1Sl3wvlVqUDjsHdheWB9o1EDfxNQkxrLZuiBqP7AL9Atrk\/aW5DnSWGrL2+iadqjvFbahroNC0zScv3gBQH35JfXv1nJPpWKx7vM6OzPtmlQzmjki59VSX+f3ZNZeiHNY7dBrlxhJA0CWkmuF9UvqSDqNy1ev9Hz0i3pdsJ6Hft4vnIh7x6CP+iEiIhpEK4aB+dk5mZRWKhaxkMvJZIGlfF5+BzdNEwu5nHy+EP8Wzx\/N1rVcKGApn0cqncJwMonhZBLxRKJuHe2wa7N4Jm7WRvFv8Vq3dQGQ2z+WHUc8kZDJNZ0kWIS9\/Va+Te5L\/rn32nNBN2Gg3DJuY\/e2Xdj90xfrfi86Atzq+9st8+4XHyO7O4Vf79xjO2Gw1eztRRn0Z9Z\/f9uw+gTPfvJt0M1oi1MWsghAiDIMakkg8cAQ81hzXC3zIywXljGayXS13I+u666l39SyQ3biibjt61PpVN1ktO0+3CzkLsngTTQWw\/mLF2RArlQsYblQ8LzutdrWy02W7A6nfSV0OwgvJq4Vx+1Ydhxj2XFZBkXsTy8PQZ0eN05M05RZGOrcGGqwr1QsIqLrDaNw1Il97TLBO5FKp+tG7vRTlvMgSqVTDZ06em2yNKB6nPz+1Gnb8jeHDx7CaCaDm5Ya9qOZDCamJqFpmuuIF03T5HBg8b5B1DVVrwd+vHcqvTYfkvhCFE8kZIkjuwm\/rcQ5LUa2RWMxjGYyTV\/nl+r7VTuU7SYY9\/N+4aRSrmA4mRz4+SWIiIgG0T\/83d\/L5JHLV6\/I5OlKuYJoLCoTPa7duI6F3CU5L9AHH32IM6dOY7lQgKZp+PQ\/7si5lpbyeZy\/eKFuXSPpFN46+iaAasKVSFwRI09FKaBWEwnEHE\/ifeKJOE4cOy7\/vlxYdmzjrY8+lNtfKZcxMTXpuP1ANfFEPONdu3FdPjO+9Ish+Rwmfrde2m+nrwP\/6gSFrfBr\/oEgfPvyM3is9fXHEjp\/rAXqRWkfUWdfZOx\/4BL4P6DU9xfEvAHib83cX\/0Oc3eW8M4vf8Na\/33u2U++xYbVJ0E3oy1GbTIeTdPqJvgVgSkRfBD1ydWAlQhemqbpmGWulvlRg9IiwFgN\/Hen3E9E111Lv83PundYiAnlnZim2VGmbKlYxMljx3F2Zlr+TpR4iScSGMuOY6VWHs9t\/9Tv42DKJjXbV73w1tE3G8qYqGVQzmLaUwmPTo8bN+VyGRFdr+s0s+tkA8YdR9e0O8JkYmqyYbutWeTtPj+RdxElyG8lgvtuAVy7oP5CLidLaNpN1C5UyuW61xuGAaPNyWA7oW5\/px1Nuq7LjP2lfL6t9Z08dlx++Y3GYjLbfzRzxPfAv13HD1DfAbiQu9SwHX7dL4iIiGjwuT0P2SWXiOWtr7NbT7NnLb+SiJzWo7ZXXa7ftiHs7Qf6PvDfm+ycfvFk0wbcf2lr0M0YONY6\/+9+8XFdff93HSb23RcZsl1G\/fnAzj2Or1cx67\/\/bTQfY+unD4JuRkdKxWJDlp9aE1os4xSMdK\/vXy3zY5pmQzDiZqGAkXS6lq1+3ObV\/atULOLMqdMdZ1gu5vMoFYvYn0xiODncEDyP6DrOX7xQF5iysiultB6Zpol\/+Lu\/rw03Ha4r\/yGMpNOIxmI4fPBQIJntpWIJw8lk3QS\/jZ1sjZNsinOt2QTIbppl8c7PznFCzx6wm8wWWMs0v3bjuuv57kTM1+JW13MQrw9qmZ5WyvycOXVanoPqfqmUy3JeG03TfJ\/w163jB0BtsmX77zF+3C+IiIhoMJ2\/eKH2XWNYjg6slCtyRKEgyvKIUcjRWAznZqaxmF+UiX3nL17AcmFZruvczDQMYwWjmSPQNA0TU5NyXfOzc9C0LZiYmqwlXUXbKhto9z7CSG2Esrp+tY0AcPnqFbn94pnIbvtH0mnsryUg6noEQPV7UDQWrduH6639dvo68L\/e3HvtOTzZ1NG0C+Tg1sod7IsMYW8t8C\/q+6s1+61+Xcvov33v84YMfev6mrHL+qf+sv29b4JuQsesw\/utpUfU\/4u\/q2VV3Or725X5EZYLyxhJp7tW7qdSLrtm5Dcb5bWUz2Mxv3bOjWaOyFIL87NzvgXRDMPAQi4nM3Grkysm6gI7Z2emHSegXyvzE1yWp3VfWYkHwV5YLhTkvljLiI3LYy0ai2FiarJu6KWq0+PGjV1pLWsnW\/Xnoszkrf4cb3i9X5YLBSzkLjHo3yOL+UXHwK6YZPbszLQy+qNetTRTvCF47OX88qOefr8RZX5EWS+v3JZV72kRnwP\/bu1Rh9076fR+QURERIPJOgJb1N4XRA14oPodSR3hbB3xLEZNC9b5kNR68uK5NhqLuY6a9sLpfby0sd3tP3zwkHzm\/uzuf3U0ij3s7bdqGvhPpdO+ziYsejK8cKvN68bpi1iz2sVuVgyjq1k3j7WNePjzLV1b\/3r3QS1QLwL+Xur7i2Vvf\/NZw0S+d82vgMgQDuzcg3\/68P95aoM16\/+WcbudTaEu2PzlD9j85aOgm9Exkc0PoK62uDUztVIuyyBD4+sbqSVoVgzD9SbUjXI\/dnWSW2EYKw2vFzffsew4Dh\/sTqBUBLAWcjkZCASqAX5rmY94IiH3sVvgvdvs9pUqqLrxYqTJcqGAxfyiLOHhNsqk0+PGjbUDTd0v6t9E9rYI+Nt1DrRKfSik\/nTi2HGZgTWaOVL3eWma1lDKar1Tv2sstDGpr5NuBsy9zDfQilbuF0RERER+qZbtXYtFtpPlHyRRdli0m+1v1DTwP5JOBVbvt91eJufAf\/u1i0vFYlcD\/1\/\/anvX1k3VCX7f+eVvZImfZvX9d2jPY\/e2XQCA0ejrGI2+7rrc7XufN22DNev\/9jeftbk15Lfnbt0Lugm+UINL1cB+vOH34t9ieJoasHTKnFSHmI1mMnW91FZhKPcjJnUV9wS\/S0DYOXPqtAzk2N3Mu1XmJ4g5b1p5WGkngG0t4RGUtYmy184jaydbqVjCaCbTkAkyiKVaqJ5RmwA6ZgnwizJVgH25IFEqKAys95x2O6RGatn+dqXk1qNm9wuvOME3EREROVkxDDkR7fmLF2RiVZiSU5YLBbx19E2ZWDOaOQLdx8T1butV+wMv9cMvv8CjFzbj0QtPBd2MgXZr5Q7ur34ns+1F7X6njH+vE\/cC1ZEBXgL\/QH3W\/\/julOf3oO7Z8p8PsenrPwfdDN+IbP5YLOqYXSyCkfFEAg9rgYFKuewYJNivDE1rplvlfvy2kLsk989YdtyxXIxfmgVghl1KKbVK7eDuZUkQsY0icOm0zX7UKjTNhx2vo1Mim18N7Np1sgHV80KUMrFbjgaXddSs2sm395VXG5a\/fPVK4BNst6OTALW6vecvXnBcbyqdgqZt8TwZe1g6UKw6Ddh3s6QYERERDQbDMOQzR6Vc6bi8TxBEWUcx0W7YnqF71f7AAv+maWJ+dq7vg0O98PWvfhp0E9aFWyt3cGDnHowPjQBwr+8vSgHdvvc5\/uhQw39vZAj7IkN4I\/q655r9ata\/tXwQ9d6G1SfY9m9\/CroZvhLZ\/GrpGLdgpAjqO2f7r5X5WS4UXOcBEA8L3Sj347flQgErtYzckXQa87NzbWf9R2MxrCgPTnbceu6jsZgMDi4Xlttqg0qdOKiXgR8x4W21DRnb0Xdq5rvTMSLq4btppWxgt4gONDWwa+1kExOORmMxmcHb7Fih7nEb3eP36Bhxzjutt9+vkV6tjZ6Kd7wuMZeHk+rkdfVZaJ\/d\/S8AwEIu19AhoLYpiNFPdjq9X3jR7NgjIiKi9UuMOI3GYhhOJmGapm+TyPaK+I47nBxGqVgM3UiFXre\/aeD\/zKnTXcmYsftSf\/jgIV\/fo1Iu+7bObn1Jf\/DSVjzWAh94sS58UAv8i2x\/t0l5Rcb\/HyrvOwb1R6OvY19kSJYPsk4A7OS3pT\/gjf+bxA7t+Ra3gPz29KcPsGH1SdDN8JUIzEeUL\/7WQJcajFzrHLCvOa4+BPz+1GnX4PhwchjRWCwU5X6Aao3mszPTANrP+hfD8h6aJk4cO257b9M0rS6L1bpMyqcyF5qmYWJqUgbfVwyjp8HFm4UCJqYmAVT3Z6Vcrnt\/Xddxrra\/q8s3dnKMZbMYy45jIZfD\/Oyc7b03lU7LIHqQmfNqp4o43+zaIzrjnDriqLvU4Ge1k2+tQ0qd66TsUyeZOA\/djgmgcSRAWImRL518WXE7J9QvQnal0NSOtcX8ovy7pmnyOmGaZl9MkOvH\/aIZXdflsVV26agnIiKi9cc0TVneJ5VON4y0DINSsSjjvKJEUZio7T83M92T9jeNOPc2W9DfL8PdnNjPD082bcD\/vPxM0M1YN6yT6TrV91fL\/Lh1Drz7xccQU9Ad2LkHC5X3Pbfld\/\/+L7i0\/4Tn5cl\/G83HeOaTb4Nuhu+swSuna6AIlji9ThBBsUq53DRwsphfxMRUzPdyP9FYzNMNsdWO3uVCAW+bkzJAdObU6ZY7eSemJuVkPJevXsGKYaBULMoSO9FYVAbigbX5BVTi7zdb2F+pdKohw9aaKeu1HIZfDMPA\/OycHPlx\/uKFuhJSavsq5XLDvDm6rsvXirkkqvur2imlaVswnEzWBUznZ+cc29Ot40YQw2PVia\/tzhHrKBm3YJzIXvZ74lDRoQIAL+74mW\/rDQP1PB\/LjiOeiKNULEHXI3VlzOw6otzYnYNAY43+S5bJakVHxHAyibFstmGi6LANURYjXzq57rudg\/FEQp7Hi\/nFhvNiIXcJZ2em5TX4ZqEA0zQxkk7Lz8HPCYM74cf9opn9ltcTERERCeqow35IimiHGqOulCt1z05hoLa\/V2V5mWoeoP95+Rk82bQh6GasG7fvfS7r\/APO9f1\/XQv8u5UCAqple27f+xy7t+3C3shQS4H\/hcr7eOeXv2HWf4AGrcSPIAKtzTL5S8VSXTakXSevWoLGSwChPoAV9y3w36z8Q7tM08RC7lJdsLnVYOuZU6cR0XXZPlE6yE6lXMZbR9+s+52andlKmZ+I8jor0zTx+1OnAyklMj87C12PyH1glwW8YhgN+wGoPnyePHYcb9eCY4B7IPSkQ8as0K3jRlUqFpvOz+BUaot6Q5wPYnSP3TFVKhYbOqKacTsHhZPHjjdcW+dn57C\/VkKteu0JXz1VlXo8B1HmbTGfx\/7ksCxLZ73+VsplLORyPW2Tk07vF16IEWR+TxRPRERE4ReNxTCWzaJSLoeypj9QHcErEqvUErdhEUT7mwb+x7LZXrQjFJbyed96xR5rG\/Hgpa2+rIu8E3X+RSeAHVF736ljoG59xm3s3rYLB3buQaunLLP+g7P5yx\/w48++D7oZXSNKLwDegpFOwQF1MtLFfPN5LCrlsqybP5xM9jzjvB0LuZwS+D+ChVyupax\/0zRx+OAhxBMJjGaO2GYcrBgGFvOLtutWszM7DZhVymWUikUs5C4FmsFRLWFRwlh2vC4wapomlvJ5xxI+QDWIt1woYDSTQSqdsg2sLhcKWMhd6osAuppl4tTJZhiGPC+qr2EwrtcW83mYpllXggeoPyb9IkabOh2jhmHg8MFDODcz3dAxtpDL1ZUfCgOxD0dqJbg6mS+lXW8dfRMTU5N1Wf5A9bm9nZFc3dLp\/aIZteSSl3s2ERERrT9hDfgLmqbJhJ4wCqL9f7Hrb3fsA\/BvTguIYedUHYrsV6Dhv\/\/xb\/Dohad8WRcRtUb\/VwObvv5z0M2gAaVm8aulbuxcu3Ed0VgMy4VCW9md\/U7sC6dRJV6IIGgn6yAS\/Dgm\/aLWr++Hjqx2qeV4lvL5tuZL8bMtQHj2Zyv3i2YuX72CeCIB0zSx75VX+6bDg4iIiJxV5y9LNV8wYJVy2TGxb2JqMhST6y7lF21H+Ya9\/U28xsB\/C\/wK\/D96YTP++x\/\/jw8tIqJWbfnPh9j+3jdBN4MIuq7j1kcfAqiWBGnjJk5E1BdE0BnwN1GGvBnNZOTk6n7PEUJEREREofUaC8wH4Otf\/TToJhCtSxtWnwxsbX8KHz\/L\/BARBenkseMyw1wEoKk31uaLqJYK6pc5DYiIiIgoeE1r\/B8+eKgX7QgFP4aEr27\/Ef7ywXj8PmQAAAClSURBVGP85YPHPrSIiFrx48++x4bVJ0E3gwhAdSJMoBr0Z0kGIgozwzAwPzuHsex4oKV+1iN1AusTSgcMEREREVHTUj9ERERERETN6Loe6OTi6xn3PRERERFZsNQPERERERF1joHn4HDfExEREZEVA\/9ERERERERERERERAOEgX8iIiIiIiIiIiIiogGyEcBdAL8LuB1ERERERERERERERNS5u\/8LBvcfwZWT5I4AAAAASUVORK5CYII=\" alt=\"Markalama G\u00f6rseli\" title=\"\"><\/p>\n<\/div>\n<div>\n<table style=\"width: 100%;\" cellspacing=\"0\" cellpadding=\"0\">\n<tbody>\n<tr>\n<td style=\"width: 120px; font-weight: bold;\">Norm<\/td>\n<td style=\"width: 400px; text-align: left;\"><\/td>\n<td style=\"width: 120px; font-weight: bold;\">Colour<\/td>\n<td style=\"width: 400px;\">\n<div class=\"color-icons\"><img decoding=\"async\" src=\"data:image\/svg+xml;base64,PHN2ZyB2aWV3Qm94PSIwIDAgMTAwIDEwMCIgeG1sbnM9Imh0dHA6Ly93d3cudzMub3JnLzIwMDAvc3ZnIj4KICA8Y2lyY2xlIGN4PSI1MCIgY3k9IjUwIiByPSI0OSIgZmlsbD0iIzAwMDAwMCIgc3Ryb2tlPSJibGFjayIgc3Ryb2tlLXdpZHRoPSIwLjUiLz4KICA8Y2lyY2xlIGN4PSI1MCIgY3k9IjUwIiByPSIzOCIgZmlsbD0id2hpdGUiIHN0cm9rZT0iYmxhY2siIHN0cm9rZS13aWR0aD0iMC41Ii8+CiAgPGNpcmNsZSBjeD0iNTAiIGN5PSI1MCIgcj0iMzMiIGZpbGw9IiMwMDAwMDAiIHN0cm9rZT0iYmxhY2siIHN0cm9rZS13aWR0aD0iMC41Ii8+CiAgPGNpcmNsZSBjeD0iNTAiIGN5PSI1MCIgcj0iMjIiIGZpbGw9IndoaXRlIiBzdHJva2U9ImJsYWNrIiBzdHJva2Utd2lkdGg9IjAuNSIvPgo8L3N2Zz4=\" alt=\"\" title=\"\"><\/div>\n<\/td>\n<\/tr>\n<\/tbody>\n<\/table>\n<\/div>\n<\/div>\n<\/div>","protected":false},"excerpt":{"rendered":"<p>&nbsp; \u00dcr\u00fcn Ad\u0131: VAN \u00dcr\u00fcn Kodu: WSDR126 Su Al\u0131c\u0131\/Verici KANALLI Kullanim Alan\u0131 : End\u00fcstriyel ve in\u015faat uygulamalar\u0131nda su emi\u015f ve de\u015farj\u0131. Alt Katman : Do\u011fal ve Sentetik Kau\u00e7uk. Takviye Katman\u0131 : Y\u00fcksek Mukavemetli Sentetik Tekstil ve \u00c7elik Tel Spiral. \u00dcst Katman : A\u015f\u0131nma ve Hava Ko\u015fullar\u0131na Dayan\u0131kl\u0131 Sentetik Kau\u00e7uk &#8211; Kanal\u0131 -25\u00b0C \/ + 70\u00b0C [&#8230;]\n","protected":false},"featured_media":22168,"comment_status":"open","ping_status":"closed","template":"","meta":{"jetpack_post_was_ever_published":false},"product_brand":[],"product_cat":[2349],"product_tag":[],"class_list":{"0":"post-21234","1":"product","2":"type-product","3":"status-publish","4":"has-post-thumbnail","6":"product_cat-sel_su_hortumlari","8":"first","9":"instock","10":"taxable","11":"shipping-taxable","12":"product-type-simple"},"jetpack-related-posts":[{"id":21210,"url":"https:\/\/tuzlahortum.com.tr\/en\/product\/ege-7\/","url_meta":{"origin":21234,"position":0},"title":"EGE-7","author":"admin","date":"11 August 2025","format":false,"excerpt":"\u00a0 \u00dcr\u00fcn Ad\u0131: EGE-7 \u00dcr\u00fcn Kodu: WLP110 D\u00fc\u015f\u00fck Bas\u0131n\u00e7 Su Kullanim Alan\u0131 : Bah\u00e7e ve Genel Su Tahliye Hizmetleri Alt Katman : Do\u011fal ve Sentetik Kau\u00e7uk Takviye Katman\u0131 : Sentetik Kau\u00e7uk \u00dcst Katman : Hava ve Oksijene Dayan\u0131kl\u0131 P\u00fcr\u00fczs\u00fcz Sentetik Kau\u00e7uk -25\u00b0C \/ + 70\u00b0C -13\u00b0F \/ +158\u00b0F Markalama :\u2026","rel":"","context":"Similar post","block_context":{"text":"Similar post","link":""},"img":{"alt_text":"","src":"https:\/\/i0.wp.com\/tuzlahortum.com.tr\/wp-content\/uploads\/2025\/08\/ege7-p.png?fit=511%2C511&ssl=1&resize=350%2C200","width":350,"height":200},"classes":[]},{"id":21207,"url":"https:\/\/tuzlahortum.com.tr\/en\/product\/long-su\/","url_meta":{"origin":21234,"position":1},"title":"LONG-SU","author":"admin","date":"11 August 2025","format":false,"excerpt":"\u00a0 \u00dcr\u00fcn Ad\u0131: LONG-SU \u00dcr\u00fcn Kodu: LL\/W111 Su Kullanim Alan\u0131 : Bah\u00e7e ve Genel Su Tahliye Hizmetleri. Alt Katman : Do\u011fal ve Sentetik Kau\u00e7uk. Takviye Katman\u0131 : Y\u00fcksek Mukavemetli Sentetik Tekstil. \u00dcst Katman : A\u015f\u0131nmaya ve Hava Ko\u015fullar\u0131na Dayan\u0131kl\u0131 P\u00fcr\u00fczs\u00fcz Sentetik Kau\u00e7uk. -25\u00b0C \/ + 70\u00b0C -13\u00b0F \/ +158\u00b0F Markalama\u2026","rel":"","context":"Similar post","block_context":{"text":"Similar post","link":""},"img":{"alt_text":"","src":"https:\/\/i0.wp.com\/tuzlahortum.com.tr\/wp-content\/uploads\/2025\/08\/longsu-p.png?fit=511%2C511&ssl=1&resize=350%2C200","width":350,"height":200},"classes":[]},{"id":21216,"url":"https:\/\/tuzlahortum.com.tr\/en\/product\/flat-5\/","url_meta":{"origin":21234,"position":2},"title":"FLAT-5","author":"admin","date":"11 August 2025","format":false,"excerpt":"\u00dcr\u00fcn Ad\u0131: FLAT \u00dcr\u00fcn Kodu: WLF131 Yass\u0131 Su Verici Kullanim Alan\u0131 : Tar\u0131m ve end\u00fcstriyel uygulamalarda su tahliyesi i\u00e7in. Alt Katman : Do\u011fal ve Sentetik Kau\u00e7uk. Takviye Katman\u0131 : Y\u00fcksek Mukavemetli Sentetik Tekstil. \u00dcst Katman : Hava Ko\u015fullar\u0131na Dayan\u0131kl\u0131 Sentetik Kau\u00e7uk. -25\u00b0C \/ + 70\u00b0C -13\u00b0F \/ +158\u00b0F Markalama :\u2026","rel":"","context":"Similar post","block_context":{"text":"Similar post","link":""},"img":{"alt_text":"","src":"https:\/\/i0.wp.com\/tuzlahortum.com.tr\/wp-content\/uploads\/2025\/08\/flat-p-2.png?fit=516%2C516&ssl=1&resize=350%2C200","width":350,"height":200},"classes":[]},{"id":21219,"url":"https:\/\/tuzlahortum.com.tr\/en\/product\/flat-10\/","url_meta":{"origin":21234,"position":3},"title":"FLAT-10","author":"admin","date":"11 August 2025","format":false,"excerpt":"\u00dcr\u00fcn Ad\u0131: FLAT \u00dcr\u00fcn Kodu: WLF-136 Y\u00fcksek Bas\u0131n\u00e7l\u0131 Yass\u0131 \/ D\u00fcz Su Kullanim Alan\u0131 : Tar\u0131m ve sanayi uygulamalar\u0131nda su tahliyesi i\u00e7in. Alt Katman : Do\u011fal ve Sentetik Kau\u00e7uk. Takviye Katman\u0131 : Y\u00fcksek Mukavemetli Sentetik Tekstil. \u00dcst Katman : Hava, Oksijen ve A\u015f\u0131nmaya Dayan\u0131kl\u0131 Sentetik Kau\u00e7uk. -25\u00b0C \/ + 70\u00b0C\u2026","rel":"","context":"Similar post","block_context":{"text":"Similar post","link":""},"img":{"alt_text":"","src":"https:\/\/i0.wp.com\/tuzlahortum.com.tr\/wp-content\/uploads\/2025\/08\/flat-p-2.png?fit=516%2C516&ssl=1&resize=350%2C200","width":350,"height":200},"classes":[]},{"id":21222,"url":"https:\/\/tuzlahortum.com.tr\/en\/product\/karadeniz-10\/","url_meta":{"origin":21234,"position":4},"title":"BLACK SEA-10","author":"admin","date":"11 August 2025","format":false,"excerpt":"\u00a0 \u00dcr\u00fcn Ad\u0131: KARADENIZ-10 \u00dcr\u00fcn Kodu: WSD141 Su Al\u0131c\u0131\/Verici Kullanim Alan\u0131 : End\u00fcstriyel ve \u0130n\u015faat Hizmetlerinde Su Emme ve De\u015farj. Alt Katman : Do\u011fal ve Sentetik Kau\u00e7uk. Takviye Katman\u0131 : Y\u00fcksek Mukavemetli Sentetik Tekstil ve \u00c7elik Tel Spiral. \u00dcst Katman : A\u015f\u0131nmaya ve Hava Ko\u015fullar\u0131na Dayan\u0131kl\u0131 Sentetik Kau\u00e7uk. -25\u00b0C \/\u2026","rel":"","context":"Similar post","block_context":{"text":"Similar post","link":""},"img":{"alt_text":"","src":"https:\/\/i0.wp.com\/tuzlahortum.com.tr\/wp-content\/uploads\/2025\/08\/karadeniz10-p.png?fit=511%2C511&ssl=1&resize=350%2C200","width":350,"height":200},"classes":[]},{"id":21766,"url":"https:\/\/tuzlahortum.com.tr\/en\/product\/flat-20\/","url_meta":{"origin":21234,"position":5},"title":"FLAT-20","author":"admin","date":"11 August 2025","format":false,"excerpt":"\u00a0 \u00dcr\u00fcn Ad\u0131: FLAT \u00dcr\u00fcn Kodu: WLF-138 Y\u00fcksek Bas\u0131n\u00e7l\u0131 Yass\u0131 \/ D\u00fcz Su Kullanim Alan\u0131 : Tar\u0131m ve end\u00fcstriyel uygulamalarda su tahliyesi i\u00e7in. Alt Katman : Do\u011fal ve Sentetik Kau\u00e7uk. Takviye Katman\u0131 : Y\u00fcksek Mukavemetli Sentetik Tekstil. \u00dcst Katman : Hava Ko\u015fullar\u0131na Dayan\u0131kl\u0131 Sentetik Kau\u00e7uk. -25\u00b0C \/ + 70\u00b0C -13\u00b0F\u2026","rel":"","context":"Similar post","block_context":{"text":"Similar post","link":""},"img":{"alt_text":"","src":"https:\/\/i0.wp.com\/tuzlahortum.com.tr\/wp-content\/uploads\/2025\/08\/flat-p-2.png?fit=516%2C516&ssl=1&resize=350%2C200","width":350,"height":200},"classes":[]}],"jetpack_sharing_enabled":true,"jetpack_likes_enabled":true,"_links":{"self":[{"href":"https:\/\/tuzlahortum.com.tr\/en\/wp-json\/wp\/v2\/product\/21234","targetHints":{"allow":["GET"]}}],"collection":[{"href":"https:\/\/tuzlahortum.com.tr\/en\/wp-json\/wp\/v2\/product"}],"about":[{"href":"https:\/\/tuzlahortum.com.tr\/en\/wp-json\/wp\/v2\/types\/product"}],"replies":[{"embeddable":true,"href":"https:\/\/tuzlahortum.com.tr\/en\/wp-json\/wp\/v2\/comments?post=21234"}],"wp:featuredmedia":[{"embeddable":true,"href":"https:\/\/tuzlahortum.com.tr\/en\/wp-json\/wp\/v2\/media\/22168"}],"wp:attachment":[{"href":"https:\/\/tuzlahortum.com.tr\/en\/wp-json\/wp\/v2\/media?parent=21234"}],"wp:term":[{"taxonomy":"product_brand","embeddable":true,"href":"https:\/\/tuzlahortum.com.tr\/en\/wp-json\/wp\/v2\/product_brand?post=21234"},{"taxonomy":"product_cat","embeddable":true,"href":"https:\/\/tuzlahortum.com.tr\/en\/wp-json\/wp\/v2\/product_cat?post=21234"},{"taxonomy":"product_tag","embeddable":true,"href":"https:\/\/tuzlahortum.com.tr\/en\/wp-json\/wp\/v2\/product_tag?post=21234"}],"curies":[{"name":"wp","href":"https:\/\/api.w.org\/{rel}","templated":true}]}}