{"id":21231,"date":"2025-08-11T10:38:52","date_gmt":"2025-08-11T07:38:52","guid":{"rendered":"https:\/\/tuzlahortum.com.tr\/urun\/adriatic\/"},"modified":"2025-08-20T16:05:43","modified_gmt":"2025-08-20T13:05:43","slug":"adriatic","status":"publish","type":"product","link":"https:\/\/tuzlahortum.com.tr\/en\/product\/adriatic\/","title":{"rendered":"ADRIATIC"},"content":{"rendered":"<p>&nbsp;<\/p>\n<div class=\"report-container\">\n<div class=\"report-header\">\n<div class=\"standard-text\">Product Name: ADRIATIC<\/div>\n<div class=\"standard-text\">Product Code: WSDFC125<\/div>\n<\/div>\n<div class=\"product-image-container\">\n<div class=\"key-feature\">Water Receiver\/Transmitter FLAT NECKLED<\/div>\n<\/div>\n<div class=\"horizontal-line\"><\/div>\n<div class=\"product-details\">\n<div class=\"detail-row\">\n<div class=\"detail-label\">Area of Use<\/div>\n<div class=\"detail-value\">: Water extraction and transmission in agricultural, industrial and construction applications.<\/div>\n<\/div>\n<div class=\"detail-row\">\n<div class=\"detail-label\">Substrate<\/div>\n<div class=\"detail-value\">: Natural and Synthetic Rubber.<\/div>\n<\/div>\n<div class=\"detail-row\">\n<div class=\"detail-label\">Reinforcement Layer<\/div>\n<div class=\"detail-value\">: High Strength Synthetic Textile and Steel Wire Spiral.<\/div>\n<\/div>\n<div class=\"detail-row\">\n<div class=\"detail-label\">Top Layer<\/div>\n<div class=\"detail-value\">: Abrasion and weather resistant, straight knuckle synthetic rubber.<\/div>\n<\/div>\n<\/div>\n<div class=\"datasheet_table\"><img decoding=\"async\" class=\"alignnone size-full\" src=\"https:\/\/tuzlahortum.com.tr\/wp-content\/uploads\/2025\/08\/datasheet174.svg\" alt=\"\" title=\"\"><\/div>\n<div class=\"table-notes\"><\/div>\n<div class=\"horizontal-line\"><\/div>\n<div class=\"footer\">\n<div class=\"standards-section\">\n<div class=\"standard-item\" style=\"margin-top: 9px;\"><\/div>\n<div class=\"standard-info\"><\/div>\n<\/div>\n<div class=\"temperature-section\">\n<div class=\"temp-icon\"><img decoding=\"async\" src=\"data:image\/svg+xml;base64,PD94bWwgdmVyc2lvbj0iMS4wIiBlbmNvZGluZz0iVVRGLTgiPz4KPHN2ZyBpZD0ia2F0bWFuXzIiIGRhdGEtbmFtZT0ia2F0bWFuIDIiIHhtbG5zPSJodHRwOi8vd3d3LnczLm9yZy8yMDAwL3N2ZyIgdmlld0JveD0iMCAwIDcyLjI3IDE2Ljk4Ij4KICA8ZGVmcz4KICAgIDxzdHlsZT4KICAgICAgLmNscy0xIHsKICAgICAgICBzdHJva2Utd2lkdGg6IC41OXB4OwogICAgICB9CgogICAgICAuY2xzLTEsIC5jbHMtMiwgLmNscy0zLCAuY2xzLTQgewogICAgICAgIGZpbGw6IG5vbmU7CiAgICAgICAgc3Ryb2tlLW1pdGVybGltaXQ6IDMuODY7CiAgICAgIH0KCiAgICAgIC5jbHMtMSwgLmNscy0zLCAuY2xzLTQgewogICAgICAgIHN0cm9rZTogI2E3YTlhYjsKICAgICAgfQoKICAgICAgLmNscy01IHsKICAgICAgICBmaWxsOiAjYTdhOWFiOwogICAgICB9CgogICAgICAuY2xzLTIgewogICAgICAgIHN0cm9rZTogI2ZmZjsKICAgICAgfQoKICAgICAgLmNscy0zIHsKICAgICAgICBzdHJva2Utd2lkdGg6IDIuMDZweDsKICAgICAgfQoKICAgICAgLmNscy00IHsKICAgICAgICBzdHJva2Utd2lkdGg6IC4ycHg7CiAgICAgIH0KICAgIDwvc3R5bGU+CiAgPC9kZWZzPgogIDxnIGlkPSJrYXRtYW5fMSIgZGF0YS1uYW1lPSJrYXRtYW4gMSI+CiAgICA8Zz4KICAgICAgPHBhdGggY2xhc3M9ImNscy0zIiBkPSJNMTEuMzQsMTEuNTdjLS45NCwxLjcxLTIuNzEsMi42Ni00LjgsMi42Ni0zLjA1LDAtNS41MS0yLjQ3LTUuNTEtNS41MlMzLjUsMy4xOSw2LjU1LDMuMTljMS45NCwwLDMuNjUsMSw0LjYzLDIuNTIiLz4KICAgICAgPGNpcmNsZSBjbGFzcz0iY2xzLTUiIGN4PSI2LjU1IiBjeT0iOC42NiIgcj0iMi40Ii8+CiAgICAgIDxjaXJjbGUgY2xhc3M9ImNscy0yIiBjeD0iNi41NSIgY3k9IjguNjYiIHI9IjIuNCIvPgogICAgICA8bGluZSBjbGFzcz0iY2xzLTMiIHgxPSI2OC4zNCIgeTE9IjExLjc2IiB4Mj0iOS45MiIgeTI9IjExLjc2Ii8+CiAgICAgIDxsaW5lIGNsYXNzPSJjbHMtMyIgeDE9IjY4Ljc4IiB5MT0iNS41MSIgeDI9IjkuNzMiIHkyPSI1LjUxIi8+CiAgICAgIDxsaW5lIGNsYXNzPSJjbHMtMyIgeDE9IjU0LjA3IiB5MT0iOC43NSIgeDI9IjguNjQiIHkyPSI4Ljc1Ii8+CiAgICAgIDxwYXRoIGNsYXNzPSJjbHMtMyIgZD0iTTY4LjE1LDUuNTVjMS43MSwwLDMuMDksMS4zOSwzLjA5LDMuMDlzLTEuOTIsMy4wNi0zLjYyLDMuMDYiLz4KICAgICAgPHBhdGggY2xhc3M9ImNscy01IiBkPSJNNTMuOTEsOC43NWMwLS4xNC4xMi0uMjYuMjYtLjI2cy4yNy4xMi4yNy4yNi0uMTIuMjctLjI3LjI3LS4yNi0uMTItLjI2LS4yN1oiLz4KICAgICAgPHBhdGggY2xhc3M9ImNscy0zIiBkPSJNNTMuOTEsOC43NWMwLS4xNC4xMi0uMjYuMjYtLjI2cy4yNy4xMi4yNy4yNi0uMTIuMjctLjI3LjI3LS4yNi0uMTItLjI2LS4yN1oiLz4KICAgICAgPGxpbmUgY2xhc3M9ImNscy0xIiB4MT0iMzYuNDMiIHkxPSIxNi45OCIgeDI9IjM2LjQzIiB5Mj0iMTQuMjQiLz4KICAgICAgPGxpbmUgY2xhc3M9ImNscy0xIiB4MT0iMjguMDUiIHkxPSIxNi45OCIgeDI9IjI4LjA1IiB5Mj0iMTQuMjQiLz4KICAgICAgPGxpbmUgY2xhc3M9ImNscy0xIiB4MT0iMTkuNTkiIHkxPSIxNi45OCIgeDI9IjE5LjU5IiB5Mj0iMTQuMjQiLz4KICAgICAgPGxpbmUgY2xhc3M9ImNscy0xIiB4MT0iNDEuNTciIHkxPSIyLjc0IiB4Mj0iNDEuNTciLz4KICAgICAgPGxpbmUgY2xhc3M9ImNscy0xIiB4MT0iMzMuMjgiIHkxPSIyLjc0IiB4Mj0iMzMuMjgiLz4KICAgICAgPGxpbmUgY2xhc3M9ImNscy0xIiB4MT0iMjQuOTkiIHkxPSIyLjc0IiB4Mj0iMjQuOTkiLz4KICAgICAgPGxpbmUgY2xhc3M9ImNscy0xIiB4MT0iMTYuMDgiIHkxPSIyLjc0IiB4Mj0iMTYuMDgiLz4KICAgICAgPGxpbmUgY2xhc3M9ImNscy0xIiB4MT0iNDQuNjMiIHkxPSIxNi45OCIgeDI9IjQ0LjYzIiB5Mj0iMTQuMjQiLz4KICAgICAgPGxpbmUgY2xhc3M9ImNscy0xIiB4MT0iNDkuNDkiIHkxPSIyLjc0IiB4Mj0iNDkuNDkiLz4KICAgICAgPGxpbmUgY2xhc3M9ImNscy00IiB4MT0iNDAuODgiIHkxPSIxNi45OCIgeDI9IjQwLjg4IiB5Mj0iMTQuMjQiLz4KICAgICAgPGxpbmUgY2xhc3M9ImNscy00IiB4MT0iMzIuMzMiIHkxPSIxNi45OCIgeDI9IjMyLjMzIiB5Mj0iMTQuMjQiLz4KICAgICAgPGxpbmUgY2xhc3M9ImNscy00IiB4MT0iMjMuNzkiIHkxPSIxNi45OCIgeDI9IjIzLjc5IiB5Mj0iMTQuMjQiLz4KICAgICAgPGxpbmUgY2xhc3M9ImNscy00IiB4MT0iMjAuNTkiIHkxPSIyLjc0IiB4Mj0iMjAuNTkiLz4KICAgICAgPGxpbmUgY2xhc3M9ImNscy00IiB4MT0iMjkuMTMiIHkxPSIyLjc0IiB4Mj0iMjkuMTMiLz4KICAgICAgPGxpbmUgY2xhc3M9ImNscy00IiB4MT0iMzcuMTYiIHkxPSIyLjc0IiB4Mj0iMzcuMTYiLz4KICAgICAgPGxpbmUgY2xhc3M9ImNscy00IiB4MT0iNDUuNzEiIHkxPSIyLjc0IiB4Mj0iNDUuNzEiLz4KICAgIDwvZz4KICA8L2c+Cjwvc3ZnPg==\" alt=\"S\u0131cakl\u0131k\" width=\"100\" title=\"\"><\/div>\n<div class=\"temp-values\">\n<div>-25\u00b0C \/ +70\u00b0C<\/div>\n<div>-13\u00b0F \/ +158\u00b0F<\/div>\n<\/div>\n<\/div>\n<div class=\"marking-section\">\n<div class=\"detail-row\">\n<div class=\"detail-label\">Branding<\/div>\n<div class=\"detail-value\">: Transfer Band or Embossed<\/div>\n<\/div>\n<p><img decoding=\"async\" class=\"marking-image\" src=\"data:image\/png;base64,iVBORw0KGgoAAAANSUhEUgAABf4AAAAoCAYAAACvpushAAAACXBIWXMAACE3AAAhNwEzWJ96AAAgAElEQVR4nO2db2wTZ77vvwehk6KSgXapio6nahZ4cTyVNlFXqr2lnKYSNketqnJj6wqEVIJfgNijm5gVf16UpG2gLyDRNom0RXAlJ62E4IWdQw8CqTZX0KVs7Uq7N6xU+w1Qzu34itNlCwxUnKxQznlhP0+esWfGHnvssZPfR6pK\/OeZ34yfGY+\/v9\/z\/f3d+he7egB8DIIgCIIgCIIgCIIgCIIgCIIg2p19ywGsBtDrciAEQRAEQRAEQRAEQRAEQRAEQdTP6mVuR0AQBEEQBEEQBEEQBEEQBEEQhHOQ8E8QBEEQBEEQBEEQBEEQBEEQi4jl9bxZkiT0hcOQJMmpeBxhJh6HqqqQZRl94TB\/PJNOI5NOuxiZM\/y04Wk8eHmV22EQxJJk1Z8e4OkbP7kdBkEQBEEQBEEQBEEQBEGYUpfwf\/rsGXgVxalYHCOTTkNVVXhkGQPRQf745DjaXvif71iGH\/75Ocx30GINgmg2y7UnWPH9Y7fDIAiCIAiCIAiCIAiCIAhLalaPfX5\/S4r+i50Hv1xFoj9BuMSzf7iHZXPzbodBEARBEARBEARBEARBEJaQgtxGPJGW48dfPeN2GASxJFnx\/X+i89uHbodBEARBEARBEARBEARBEBWpy+pHJK+qODpyBJqmOTVkzeSyWbdDaAh33\/iZ2yEQxJLlma\/vuR0CscToj0RweHgIALCh6+cuR0MQRK0MRKOYjsVa4h55seHz+wG0v5UnQRAEQRBLk4FoVGdR3qpk0mns2Lbd8LnTZ8\/we7JWZnJ8ApPj42WPt3v8lXBM+E\/EE0glk04NR5Tw+IUV+GnD026HQRBLks5vH5K3P9F0QuEQANB3K0G0Mf2RCAaigwgEA9ixbTuJ\/w7iVRScOHUSAND72iY6tgRBEARBEARRgmPCvxOcPnvGkXGOjhxZdFX\/95aoxU+\/dwu6pLU4d\/MrzN69afnaD3w7TZ+7os7iSv666fO9nm70yj2mz9\/W7uDcrWu4P\/eo7LkuaS36vVsKMWQ+tYyRvfb+3COMzyYMX8P2uVo+yHxadQy9nm7sFMaf\/csNTFyfwW3tTtXbW4o8+4fWrvYfiEYBFFY7mYnEPr8fPr8fmXTatDIyEAzy3i2VMslsm6lk0vR6K8sy+sLhqvaBkVdVJOJx3TaqRYy5mm1rmoZLySRUVbW1HSsCwSB8fp+uB07hc0nZqkiVZZmPcSmZ4o9Z7VOt+yOOazU\/ACAUDsMjy7rPyQhJktAXDiMQDPDHctkspmNTVccnyzI2F4+nJEkACvuYSWcwE4+binz1zJtKsP3XNA3TsZhp3H3hsOUx8ioKAsEgAGAmHq94TNj5a4XV+W8XSZLQH4kAgOV+GH3OhdcnbM33aj6zSnOzFZFlmVdwsTks0h+J8MernYfVzEHA2WNaaSw71x42931+H38sr6rIpDOm88zsGqUoCj9+x8ZGsXf3norbJwiCIAiCWMqkkklMx6bQH9nFf4+0G5PjE8hlsxiIDrZl79lmx99Swr9TSyuMfly1Mw9f6sTjF55yO4yms7pjJaY2HwQArPr7pzF79RPL17\/\/yruWz83evYldqWOGCYReucfy\/QDwvnYH\/+PCcNn7uzqf5++tJPwPdvch2lOo4p3OfWGYSNjp3YJeT7flOCIfZD6tKoZ+7xZ+PBm9nm70e7dg39VPMJ37ouptLiWe\/foelmtP3A7DklA4BI8sI5NOmwp\/oXAIfeEwZuIeU6GnP7ILPr8feVW1FKECwSAXs2TZg4P7Dxi+ziOIXtWSSacF4d\/ee8WYq9324eEhHNp\/wFLErgZJknD67BnDL26f34\/+SASZdLrqxPRm4SaMfabV7NPh4SGkkkkc2n+g6upXcdzJcWvLjL5wiCeQzI5ZIBjEsbHRsu9idhymYzEcHTliGVMoHMaxsVHT8Qeig5iOTRnO03rmTSV8fh8XIM1EV5\/fj4HooKVgLp5DM1XMPTZmJXLZLA7uP1BX8YPP78eJUyf552f2WXsVBafPnjG85+oLh22dV9V9ZoPIpNPYu3tP21R2D0QH+fE5KJyTsizjxKmTuutFNfNQlmV+XliJ\/mzblah0vtsZ6\/DwUMXlx8fHRk2Tl33hMAaigzg6cqTse8zsGpWIx7E5GEAgGCwmE\/xtlxwiCIIgCIJoJux3Yi6bReDP7Sf857JZ3f0mW\/3ZLrgRPzX3bXHmO5bhx1eXZrW\/KH5vXbex7vF61qzH5b7f2qqmF+mS1uJf3xqpKwZxVYET+1QtW9dtLBP9Gas7VuLjTb9Gz5r1TYunXVg2N49Vf3zgdhgVyRZFPqvkKXuumtdkK4iGYnXv5jatEhA5NjZaV7WDlegv4vP7cf7ihaqS0+wYp5JJ2yJnIBg0FWQbTalobITYu8AIK9GfIUkSBqKDluM0gmw2x\/9tdi6xSmaPLEOWZcvXaJrm6IoTKzHe6fcfN0juiBwbGzXd\/1rx+f2OrQ5tNGKV+kw8rhOk\/+3ihZqqe0TRfDo2VX+QDjMQHTRdHWAl+jM8xYSInevxR0ISsT+yq+r3EQRBEARBLEU8xftzj8P36c1CkiT+G6Qd98GN+B2r+Jdlj1NDEQIPfrkKT6SWWpjRNN4RhPEuaS161qyvaPcDAPuufoLZv9zgf6\/uWInBnhB6Pd1Y3bES77\/yLnZdOm743tm7N7Hv978re3ywJ4St6zZyS51aquPZPjDeWbfRcJx9v\/8dVnes1D12ue+3hvtWLR9v+vXC+EJ1f7QnhPdfebcg\/v\/Tv+CNmd\/YHnsxs+byX7Fsbt7tMCqSSWe4UOJVlLJqX1mWdV\/wsiyXiY2iCJVJZyy3J4r9kiQhEAwarjTIZbOGDYCYcDcTjyMR11teGYncuWy2YoW4FUbbAfRV1MfGRpH6RW02KX3hMD9+hQz+hO54BIJBvppicnyiopAvSRIXlZnNTzX75FUUXmHsVRRXrC+OC4J9KpnkyxiZCMqOd6Hy39j25z1BzJ8cn9BZ4bBxmMA3OT5hGku988YIUbz1KophdbGYEPD5\/VBNquVLx6sWo1UjLBHiLVqfHB4eMl2JY4VoqST+XYpXUXRzfu\/uPfwzOjw8xG2CBqKDtuIwqhiXZRk+vx\/vDQ\/xuW12zWklRBG6dJ6y45pXVVs3\/GzMTDpddcLI6jzI20w6mY0lXksHooNl9lVeReGiv6Zp+KhY1c\/mmVdRsCuyC33hsOXKNSNUVcVMPF60nAoafr8RBEEQBEEQBU6fPcN\/n7EeSfUWwjUTjyzj\/MUL\/H7v5V9080K8dkgEuBG\/Y4pyXzhs28u50pLtDV0\/dyK0tuWJtBz3X17ldhiuwSri7889wuqOleiVe6oS\/mf\/cqPMz\/\/crWv417dGsHXdRvR7t+DDbz4z9LW\/P\/fIsBfAlfx1fLfzNLqktaaCve39MbHzsdpHo32rZrtslcO+q5\/oegswW6D3X3kXvZ7uqpMrS4GOH\/6Gzm8fuh1GVYgioM\/vLxMFSytLjcRIpcST3oxAMFgmWgWCAUOhpuDHbi5sqmq+KuGz0jiVMNtOJp2GV\/HyfarVJoJV52uaZti8M5VMIpVMIhQOV2V9It50mcVjtE+ZdBoz8TjOX7xQ\/FyaK4IFgkF+s8K+3xfiLdhHaZrGq\/SNRGGf3y94npeLwGycmXic+5ybUe+8MUJ\/rvnK7FYkSdLdsPn8vrLPXJZlvo85YQWBnRjM5vOVr65CkqRics6+8M\/GObT\/AI6NjZquahDn6MH9B3Rz7OjIET4XnPCsVFUValFIZklDn9\/X8sI\/O0ZGIn1eVXFw\/4GqLZyAwkoYNm9mDBKZZjh5HpiNxR5j+7I5GNSdG+J82bt7T9kYzKIqEU\/YTkYAwFRsiv8GKd02QRAEQRAEsYD4u5fdo15KptpG+AcK4rlHlnlRHbtHtatJu0Wz43fV6sfn97fNB+MGP776DOY7lqYbU8+a9VjdsRL35x7hw28+A1Dwvq+HfUKPgFpsbZjgXlqNXy2vF4X+D7\/5jIv\/zbD7Yds1ayg8PpvgvQa2rn+t4fG0Cz+78le3Q6gaUURRFG\/Z82ITRQDwGrxGfMxKJGIidy6bxVTRaqKd7X7Eivpa+8wsVOdb2\/JU63e+WTjGdkV7TdN01cXN\/GxECyizCuPpWIwLe0bHW3zMyvteVVXXvLzFxqKllO6TkfCtX13j3D5omsaPGauMtwtbpWNn3hklCtn7nWxWVbraopXxKgpPABmJ9G+\/+Zbtz74vXOgPpGla3T1JGoEotpd+57C\/8xXOWzsrGURy2Syfh+J1iCAIgiAIgjDGqyi86GpzMIBcNltTAYabBIIByEVHA5bMaJdeYEDz4q+54r+exnEiVv6wZj6hlShdYtyOPH5hBR6+1Ol2GK7BBOgr+es4d+sa96BnyYBauK3d4YJ7z3MbcO7WNVvv\/\/eH\/wGgtqQBsFDxf0WdRfea9ej3bsHrnm7bcdil57kNAMxXEtyfe4Q3Zn6D1R0rcbu4j0udp2\/8hBXfP3Y7DFtk0mn4\/H7T5rJAQTASbWRERNsOKzYLVaxMwLGy+2l1nPyucOJLmh1LAIb2RNWQSiZxDAXLnWba8DGhkzWLMoNVM1RaytiqN22ZdAY+vx+eYuW+GKfo3c\/E99LXeKtcXVMLmrawSqkWn\/9WPebV4vP7EQqHuBURE4QnxydMz\/UF67EEUskk+iMRhMIhdEoSMuk0t6uyGwfDSOi2e5zZjwGgdm\/\/UhsnpxHHNZt7jZxfhRVcSs0JXIIgCIIgiKUEs5cBChrq22++BQA4X2MvKjfwKgqufHUVQKFpcSIehyRJ+NOf7blkuEWz4q9Z+Nc0DYf2H+AVSNVipwqt2uXPpdRaMdRK3PvV0mzoy2D+\/l\/mr+O2dge3tTvoktZia402O4zZuzdNLXYqwSrna7HCEW1+Zu\/exJf56+j3bsHWdRt1KxEayZcWFkFk76NnzeX2qfZn5LJZQ+FfvObOxOPoj0QMxUgmllhX+y\/Y\/CTiCV4VYGX30+qIx6vWCgcm8gaCwao8\/K0Ql1heqvF4monMzaKSSKqqef7vUisiMfa+cLglLTvE\/Sv1+RdXf2wWLKTEc4MlB3LZbNsL7c1EbBRs1IdE7C3AYAmAvnAYe3fvMbxGLVz7MmVNutk1z6hXiRVs5VVeVR25HxXvh61WwhghyzJOnz2jSwBPx6bKbLQaiejlb9SHxgky6Qz\/\/Gu1bSMIgiAIgliKiL\/Pctls2wj\/IuyeW9M02320WoFGxl+Xj0wiHseObdtt\/ed0o73FyMOXOvH4hafcDsM1xCa4rBqe2ey8XqNo70RMLGFg1BugEiyRUbo\/XdJa7r9PtAbPfn0Py7UnbodhG1EIEysexS9tsVLU7DVWnuPMQiGvqly4YUJaO9r9SJKEXUIDzmyNYhQTmDxFga0ef0RRFG73BHY1lN7QiGLd4eEhDESjOsG3FTAS+hkLTXsz\/Bwpt9qqbnVNLYjbasT4biFJEk6cOglAb2kkPl9qoZRJp3XH4NjYqOUqiP7ILngVpWzFSi33rWxeO3EOL\/RsKFxv7Y7pEVYLsPEGooO6RtxOIG6jdO6J30+nz57R9StwCvG4OD02QRAEQRBEs2CrVcXf26IX\/HQsxu+Fmc0r+02eV1VMjk\/w3ytWYwEFq8bpWAyhcAihcBihcBg+v183Ri2YbaeaGNmKW1aUZzUW2\/+ZeByHh4cQCAZxeHio2BduoubCvnaPvxTHmvsSzjDfsQw\/vrq0q\/1FgZ2J7J\/fusYr5HdZvblOujqfxwe+nWWP7\/zHBSHv0xpWHLB9YlX3t7U7mL17Ez1r1mPruo2G3vtE81k2N49Vf3zgdhg1YVaFzMQYVnkqWgKxGwRFqc5zXLT5YaSSKfRHIg21+5Fl2dL6TbQdMsLn9xm+PxQO6ZrR1iqUTsemuNjvVRScOHWSi4eZdAapZLLqsRcEvlSFVzYGs2PFaLQIzxrXsnk7EB3EQHSQW7aw41lNpXy988YMsQpD7I1Rau\/CBFdRkBYb+xpVrdcDu1Fn22\/H1QShcKgsUSIXm18BhWP\/0ciRMvGbNdbuj0RwqUQc749EcHh4CJIkWa4ikSQJR0eO8OeZvU4t1wV2njiRfBFXWon9Am7c\/g5A4bOutCJBTGawOdIXDiMRTzhSGS9JEm\/aDZRfv2bicQxEByFJEiRJwrGxURzDKL\/usvO6Hkq\/A9txBRpBEARBEMSObdt5ocuJUyexd\/ceAIXf817Fy4tSOiUJl5Ip3vvp\/MULuiTAjdvfYe\/uPVBVFdOxGE6fPaMba3MwoCtwOVYsChFXyf7pz9dtF1TkslnTmCVJQiqZ0o0vxsj+Zs1uj4+N8rEKDgc+3VjZbI7fu5+\/eIEXCr38i25omoZUMonzFy8sqfiNaGnh3+7SakY7V7k9+OUqPJFa+mNpOKw6\/opgTSM21u31dOuec5IuaS3ef+Vd0+fP3bpme9s9a9bzqn7dPqmz6FmzHu+Q8N8yrLn8Vyybm3c7jJpQVZVbzig6MbIgojFxh\/mTi+IaEy81TTOtJhXFJ1HUYQJjQfhvjN2PR5Ytrd8mx60TFoX9Nfd91jStrtVomXQah\/Yf4DdLALjFi8\/vx0B0EHlVxdGRI5bHR3+M3RGtKh2rZrB3954yyxXRsuUYRjETj+PoyBFLcbveeWNFNpuFR5Z1STOjJBswaLq6ptYVJoeHh8r2u7TiXWzw3E54BJG\/FCbuW93jGYn607EYF52Nmp8zctms7v2qqkKtsYnuQqLiYYVXVobN4byq1nRdKD1uoXCYX6v6I7tsnQNeReFesKWPLyS0yhNqLIbTZ8\/ofjyy601\/JOKKBRFBEARBEES7UlqQJd5jlYr1tayGbPQKSlYQYra9Vt+Hdoq\/pRXmpebP+URajvsvr3I7DNdhfvifC01v7889wpX8dfR6uvHOuo0NE\/6tGJ9N4MNvPrP9PtaoePbuTZ1N0Oe3riHaE0Kvp7uupsWEM3T88Dd0flu\/SOMmmXQagWBQJwCK\/tXsNWZipLW\/f8Hmh2WeRS4lk+gLh4vV6gec2JWmkUmncXTkSN0J40Q8jkw6jc3BIALBQJl47pFlnDh1kjftMcLISmkpomka3n7zLQSEY1kqBveFw\/AqCq+IaTaZdAaBYFDX4Lc8yaa3BGLNR4HKDZCtqOS5We\/SXDcx88RnwvL5ixcszyEzWA8UK6\/MVjznxJinbDb1ZcUzpcc0EY9zWyPFpn+rWXN4Rl5VcWi\/8XdALptF72ubEAgGsbl4Xpf+WBqIDkKWPThoMgZBEARBEMRi5\/zFC0jEE3x1+umzZ5DLZtFXtEqUJAmdxaKf94aH4FW88CoKPLKMY2Oj8MV9\/H7t9NkzlmMx60evomDv7j1lY9QiPLNCkdKYAXDNwCxGcf\/7I7t4A2LTsTQNsuyBV1GgFgvtQuGQboylFr8RLS38LzV+fPUZzHfU1Xah7WGiP4Aycf\/LovDfK\/c0bPuzd29i3+9\/x\/8e7Alh67qNuD\/3CB9+81lN4jxfwaDO6h4X96\/X0839\/wl3+NmV9mvoW0oum9MJ\/6XWI+L\/2fOirYqVv7+RzQ8jlUzxL7JG2P3kslnLivxK3ncz8TgSgkVGf2QXt+YR\/fjqhS3xY1XDXkWBz+\/XJQKOjY2aNqAXfbzdovRYlXJ4eKhpzZ5SySQ\/FgsrKHx8rnkVBYeHh0xFwnrnjRVG1lqlSbbCv9O8qrnwb1\/Z+50ilUxiOjbVtqI\/UGgablbxfXxstLDiY2xUWFGhp2B35CsT+KuZs2JTs1aB\/YAA7Df1tZoHrGmbU03D8qqKRDyB6VjMMhGnaRoS8ThP3DA7JXZeA4UfQZl0xnZyhyAIgiAIYjFQumq5dEU2u2cCCr+R+iMR07+rHUu0CAoEA7oxasFOzKUx1rr\/O7Zt5ytPb9z+znLl92KPv5SKwr\/TP\/LtZIyMlhNXg5lFkJF3bLVUEhDq5fELK\/Dwpc6Gjd8usOa9zP9ehInuzDqnlia7lWArC8S\/t67biNUdK7F13UZM2\/T3X92xku\/Hvz\/8D+71z2D7+c66jST8u8jTN37Ciu8fux1G3bBqfgA6b\/HSik8m+pRWbpoJRaIFTV5VLSs+G2H3wzzyakVV82XvZ8L\/QHQQO7Y1RihlvvTTsRgXLYGCwF9qSSJWVFgJ743G6FiJuOUbz1aapJJJJOIJbhlitcqk3nljRWkCTTwu4nOs0pzdexglB+zCbgqXGgf3H+AV8KUWNayapllJqWYgyzK\/ZszE446ee7UmOarpJ2AvjoKdUmHFVIZbEG0OBkj4JwiCIAiCaDB5bhe8oEU2uqeb0+SyWV0lPcVfTkXh30gcahZOb9fKO9Zt7v1qaTf0ZbCK\/54163G577eWr6vFF391x0pbr5+9e5OL8++\/8q5t4V9cwfDxpl9bvq6RTYsB4MXO5xu8hfZlzeX2r\/YH9IJj4drtK3uc\/V3wTPfqxCSzKmRmQQMUGmVaVQC0g90Py6Sz7Lssy6a9DZzi6MgRLuIZJcAbZfNTT1V7rdhJ8NciYOeyWczE47yptFssNMpeOI9Kk2yZdAb9kQjvUcBoRVuZdkAtNlUutahh1k+AsV2Q6EHfDMS5UStiNZCbycBmIVoQ1ftZtWNja4IgCIIgiGaSy2bx9ptvASisrD1\/8QIkSWpZzdSI6ViMF2h\/+dVVfi\/ZLjQrftd9ZZZi1VopD1\/qxOMXnnI7DNcRm+BW4vWSyvlqEKvv7Vj2TBQTDF3S2rKK\/Uq8Iwj\/1cbmNHylxHMbTF\/zf7efwn\/9r\/9jmZxYrDz79T0s1564HYZjMEFRUbym1cXsb5\/fz5td5rJZU7GEWdBUA7P7aXWmBb9sJ5fRmVFJiApYWCnZRUyaN9O+hO1jJeFOTCTVvi33+3EsnGvWSTagcF6Iti1071MfpT9IxMTZ669two5t23X\/uZVoqUfAFleoDkQHcfrsGd1\/DLOGu9ZxteYK03oEe\/G6R4k1giAIgiAIa8T7LlXNO2oD2SzE34Rq0ZnAzcIwuzQrftc8\/vPFxgVL\/cfvfMcy\/PgqVfsD4N799+ceYeL6jOFrXux8Hv3eLdx+x46A3+\/dwv9d6rdvxblb1\/Dx3COs7liJnd4tthoLs0TBuVvXcP3uTcPX7PzHILqktdjp3YLZq59UPXa1fJm\/jq3rNqJnzXr0rFmP2ZI4ej3dPOnwpQtNk91k2dw8Vv3xgdthOAqr5he\/NKzESCbqm1f7L9j8pJJJyz4ATEBvhN2P06SSSeSL1cN94TAmxydqrvr3KgpfJmmG1ZI98SYrlUzVFIOI2ASomQIYa3hbiCFi6NUuVr6bzRHmh2+FLHvqjLZ+WDW\/eINcmmRjTXy9isIruCvNlXbDasWM0ytO2HlkNm6rXHcy6UyZn2c9WI1j1HDX5\/fzZMDe3XvKjgt7fbNWBLHqsUrXo3qWNovvdWOlE0EQBEEQRDvAVsfKsoxQOAxN03QFSu0AK1oMBAPcKsctp5paaHb8FYV\/J708K7Gh6+eOjpdJpx0f02ke\/HIVnkjUYxkQmuDmr+ODzKeGr+mS1nIB305D3K3rNuL9V94FANzW7pSJ31bcn3uEc7euod+7Bf3eLfjwm8+q6i\/Q6+nm1kIfZj413eaLnc+jX1rbsKbF525d45X8U4FDeGPmNzxh0iWtxdTmgwAW9nMpsebyX7Fsbt7tMByFCfMeQSArFeVEMXIhOWDsOS5WZ380csRSHA8EA\/AqSlvY\/QCFJkbMU3ogOmjaJNYK5i3+UNNwcP8BQ8FakiScOHWS\/136GnajxXzsa0WSJBweHuLie15VmyqEXkomcXh4CEDheOayWd32ZVnG8eLxLry+PMkxEI1iIDqI6VgMk+MThgJ5KBzmIrqbxQOiiMnON6N4WDLOLBHXjojCaiFxtpDkES0isw4lntjctjrOQPlKALcobf5cSwKu0nvYMWbXc7P3DkQHkUmn+bkk9n9x6vOpxIlTJ+FVFEyOT5T1N2EcHxsVPl\/7PTDYCglN0xpu3UYQBEEQBNGOaJqGt998qyj2h\/lv4XZC7Dl1fGxU9zu7HXAjflKcXeSJtBz3X17ldhgtweqOlbw6\/nML8ZmJ9lYNcT\/+p3\/RrQTo6nxeZyG0r4aq+onZBE849Hu3mCYmRFgio1Ki4fNiUqFRTYtva3cwnfuCb+O7nadx7tY1fsx5cuKbzxzdbqvT8cPf0Pmt+3YhTlMq5JgJZEz4N3sfg4lLuWy2opiSiCdweFjhdj9Oic7VWlnYTVSnkkm8pw1BkiT0hcM4OnLEdiX24eEh3ozn9NkzyKsqMuk0t9jxKl6d9RHrLyDCnr9k43gZNasvrRJoZEN6I1RVxeT4BF\/5ceLUSZ2FVKkVR2nzTlmW+XtZL4nC8SqIgJLUiUAwqBN3J8cnTONp1LxhqLwZ1kLja6NzpHSVTNZi1cyN298BKOyX0YqJWmEJFcCZIgvx3BmIDsLn9yGTzkCWPTprMKPkjhVG8xoot4+aEqy6gIVERCAYxEA0WtZ8udkVQOL2Q+EQjo7YF9grnb9sruSy2bI5rGkaZuJx3vvg\/MULSCWT\/FrHmC45jo0gFA7z4394eIgnIth5weYM+3w1TTNNDlix2UG7NIIgCIIgiMXIQ03jv83adQWyWIDUjvvgRvwk\/LvIj68+g\/kO19sstARiE9xKVjpX1Fn0rFlv6rdv5ZW\/7+onNVW1i01+B7v7qhL+tworGKwQn+\/1dGPaYeEfKOx3z3Mb0LNmPVZ3rNTZHgHAdO6LmpoltzM\/u7I4GvqWwoTWSpX8mXSGC0BGFaOA3oKmGjFFL7b5HBP+G7X0rSAwTenEZrti69GRI\/DIMo+PWQcZkctmsXf3Ht1jstB03o7Nj1Wzek3T8NHIEVdsTybHxyHLHn4MjJoT5VW17DgABSH90P4DeK+YTAGsRdtDJissGM1Y8plJpyv2ZzCz2mpn2BxjVUJGn1MmnS5L7lTCamNtAlkAAAQLSURBVF4zDu0\/UHa9mhyf4OJx4XxufN8OK8RVVYFgsOlJOKBwbfL5\/fyYljZln4nHmzIXE\/E4vIqXb58lho16wWiahh3bttv+ESRa0tlNNhEEQRAEQSwVPLJcLM7KOdJ3zQ36ivZEmvbQ9Hd3K+NG\/BWF\/4FotBlxtAUz8bhjy4cfv7ACD19qzeZqbsCa9d7W7lSseP8yfx3RnhC6pLWGnvWl3J97hCv565iYTdjy5y9lYjaBqc0HuXA+nfvC9LVd0lq+yqCSb\/79uUe6VQxW49bK\/blHeGPmN\/h40691oj\/rp1BNImMx8fSNn7Di+8duh9Ewctms0Ni3shhpZikhev0l4pUTQ7lslvvmuyV22WU6FhOE\/12YjsVsiU5MqPL5\/eiP7DIUs\/KqikQ8YTi2WB1dr1Cfy2aRSacxHZty1eqiYHmUwUB0UCfisipkMwsfoCASppJJ9EciCIVDhiJwKpnEdGyqJQT0wk0zE\/6Nk2yqqvLzovCexdF4NBGPQ9M0nQUPoP+cnULTND63jT53VVWxY9t2HB8bLUs2TcdiOvuhZjEdm8Kxon1NKBy2nQSpF7aU+9jYqO66xBKeTq4oqcTRkSM8ySpW94sxXUoma+61wvqa1GuXRhAEQRAEsdgxK8BoJ0oLWtqNZsf\/d+tf7OoFcNnsBWwpMVGwA3BKaPj\/\/\/Mf8PiFpxwZiyDs0uvp5gmHpciL\/\/v\/Ybn2xO0wiEWKWMUvWt0Ycf7iBXgVBalk0rAKvt1hx8JsVUk1WHmZE62BE5+zU0iSxMV\/N5NDkiThyldXIUkS8qqK11\/b5GosXkVpic9HjAcwt8iqFrGRsdMWWQRBEARBEI3GDVvKWigUsxkXsoTC4ZbptWWFke0u0P7xV+ANEv5t4JTw\/\/ClTvzwz885EBFBEHZ59ut7eOYP99wOgyAgyzKufHUVQMG+pNkVwQRBNBaxtwKJ0s4jSRLOX7zAk069r21qS69XgiAIgiAIgmgQb5DBfJOZ71iGH199xu0wCGJJsmxuHqv++MDtMAgCgLM2PwRBtB6T4+O8wn4gOlhmcUPUR38kwquzrCzECIIgCIIgCGKpUtHjf8e27c2Ioy1wYnn0fMcySN8+dCAagiDs8tT3\/4llc\/Nuh0EQAMAbKqWSSRKsCGKRcnD\/AZy\/eAGH9h+g89xhpmMxBIKBYt+CmNvhEARBEARBEETLUdHqhyAIgiAIgiCI2pBl2dWG24sZtoqCkioEQRAEQRAEUcYbFSv+CYIgCIIgCIKoDRL9GwcJ\/gRBEARBEARhDnn8EwRBEARBEARBEARBEARBEMQigoR\/giAIgiAIgiAIgiAIgiAIglhELAdwG8CHLsdBEARBEARBEARBEARBEARBEET93P5vJ0reySon1lMAAAAASUVORK5CYII=\" alt=\"Markalama G\u00f6rseli\" title=\"\"><\/p>\n<\/div>\n<div>\n<table style=\"width: 100%;\" cellspacing=\"0\" cellpadding=\"0\">\n<tbody>\n<tr>\n<td style=\"width: 120px; font-weight: bold;\">Norm<\/td>\n<td style=\"width: 400px; text-align: left;\">ISO 1307<\/td>\n<td style=\"width: 120px; font-weight: bold;\">Colour<\/td>\n<td style=\"width: 400px;\">\n<div class=\"color-icons\"><img decoding=\"async\" src=\"data:image\/svg+xml;base64,PHN2ZyB2aWV3Qm94PSIwIDAgMTAwIDEwMCIgeG1sbnM9Imh0dHA6Ly93d3cudzMub3JnLzIwMDAvc3ZnIj4KICA8Y2lyY2xlIGN4PSI1MCIgY3k9IjUwIiByPSI0OSIgZmlsbD0iIzAwMDAwMCIgc3Ryb2tlPSJibGFjayIgc3Ryb2tlLXdpZHRoPSIwLjUiLz4KICA8Y2lyY2xlIGN4PSI1MCIgY3k9IjUwIiByPSIzOCIgZmlsbD0id2hpdGUiIHN0cm9rZT0iYmxhY2siIHN0cm9rZS13aWR0aD0iMC41Ii8+CiAgPGNpcmNsZSBjeD0iNTAiIGN5PSI1MCIgcj0iMzMiIGZpbGw9IiMwMDAwMDAiIHN0cm9rZT0iYmxhY2siIHN0cm9rZS13aWR0aD0iMC41Ii8+CiAgPGNpcmNsZSBjeD0iNTAiIGN5PSI1MCIgcj0iMjIiIGZpbGw9IndoaXRlIiBzdHJva2U9ImJsYWNrIiBzdHJva2Utd2lkdGg9IjAuNSIvPgo8L3N2Zz4=\" alt=\"\" title=\"\"><\/div>\n<\/td>\n<\/tr>\n<\/tbody>\n<\/table>\n<\/div>\n<\/div>\n<\/div>","protected":false},"excerpt":{"rendered":"<p>&nbsp; \u00dcr\u00fcn Ad\u0131: ADRIATIC \u00dcr\u00fcn Kodu: WSDFC125 Su Al\u0131c\u0131\/Verici D\u00dcZ BO\u011eUMLU Kullanim Alan\u0131 : Tar\u0131m, sanayi ve in\u015faat uygulamalar\u0131nda su emi\u015f ve iletimi. Alt Katman : Do\u011fal ve Sentetik Kau\u00e7uk. Takviye Katman\u0131 : Y\u00fcksek Mukavemetli Sentetik Tekstil ve \u00c7elik Tel Spiral. \u00dcst Katman : A\u015f\u0131nmaya ve hava ko\u015fullar\u0131na dayan\u0131kl\u0131, d\u00fcz bo\u011fumlu sentetik kau\u00e7uk. -25\u00b0C \/ [&#8230;]\n","protected":false},"featured_media":22166,"comment_status":"open","ping_status":"closed","template":"","meta":{"jetpack_post_was_ever_published":false},"product_brand":[],"product_cat":[2349],"product_tag":[],"class_list":{"0":"post-21231","1":"product","2":"type-product","3":"status-publish","4":"has-post-thumbnail","6":"product_cat-sel_su_hortumlari","8":"first","9":"instock","10":"taxable","11":"shipping-taxable","12":"product-type-simple"},"jetpack-related-posts":[],"jetpack_sharing_enabled":true,"jetpack_likes_enabled":true,"_links":{"self":[{"href":"https:\/\/tuzlahortum.com.tr\/en\/wp-json\/wp\/v2\/product\/21231","targetHints":{"allow":["GET"]}}],"collection":[{"href":"https:\/\/tuzlahortum.com.tr\/en\/wp-json\/wp\/v2\/product"}],"about":[{"href":"https:\/\/tuzlahortum.com.tr\/en\/wp-json\/wp\/v2\/types\/product"}],"replies":[{"embeddable":true,"href":"https:\/\/tuzlahortum.com.tr\/en\/wp-json\/wp\/v2\/comments?post=21231"}],"wp:featuredmedia":[{"embeddable":true,"href":"https:\/\/tuzlahortum.com.tr\/en\/wp-json\/wp\/v2\/media\/22166"}],"wp:attachment":[{"href":"https:\/\/tuzlahortum.com.tr\/en\/wp-json\/wp\/v2\/media?parent=21231"}],"wp:term":[{"taxonomy":"product_brand","embeddable":true,"href":"https:\/\/tuzlahortum.com.tr\/en\/wp-json\/wp\/v2\/product_brand?post=21231"},{"taxonomy":"product_cat","embeddable":true,"href":"https:\/\/tuzlahortum.com.tr\/en\/wp-json\/wp\/v2\/product_cat?post=21231"},{"taxonomy":"product_tag","embeddable":true,"href":"https:\/\/tuzlahortum.com.tr\/en\/wp-json\/wp\/v2\/product_tag?post=21231"}],"curies":[{"name":"wp","href":"https:\/\/api.w.org\/{rel}","templated":true}]}}