{"id":21222,"date":"2025-08-11T10:37:56","date_gmt":"2025-08-11T07:37:56","guid":{"rendered":"https:\/\/tuzlahortum.com.tr\/urun\/karadeniz-10\/"},"modified":"2025-08-20T16:05:50","modified_gmt":"2025-08-20T13:05:50","slug":"karadeniz-10","status":"publish","type":"product","link":"https:\/\/tuzlahortum.com.tr\/en\/product\/karadeniz-10\/","title":{"rendered":"BLACK SEA-10"},"content":{"rendered":"<p>&nbsp;<\/p>\n<div class=\"report-container\">\n<div class=\"report-header\">\n<div class=\"standard-text\">Product Name: KARADENIZ-10<\/div>\n<div class=\"standard-text\">Product Code: WSD141<\/div>\n<\/div>\n<div class=\"product-image-container\">\n<div class=\"key-feature\">Water Receiver\/Transmitter<\/div>\n<\/div>\n<div class=\"horizontal-line\"><\/div>\n<div class=\"product-details\">\n<div class=\"detail-row\">\n<div class=\"detail-label\">Area of Use<\/div>\n<div class=\"detail-value\">: Water Intake and Discharge in Industrial and Construction Services.<\/div>\n<\/div>\n<div class=\"detail-row\">\n<div class=\"detail-label\">Substrate<\/div>\n<div class=\"detail-value\">: Natural and Synthetic Rubber.<\/div>\n<\/div>\n<div class=\"detail-row\">\n<div class=\"detail-label\">Reinforcement Layer<\/div>\n<div class=\"detail-value\">: High Strength Synthetic Textile and Steel Wire Spiral.<\/div>\n<\/div>\n<div class=\"detail-row\">\n<div class=\"detail-label\">Top Layer<\/div>\n<div class=\"detail-value\">: Abrasion and Weather Resistant Synthetic Rubber.<\/div>\n<\/div>\n<\/div>\n<div class=\"datasheet_table\"><img decoding=\"async\" class=\"alignnone size-full\" src=\"https:\/\/tuzlahortum.com.tr\/wp-content\/uploads\/2025\/08\/datasheet171.svg\" alt=\"\" title=\"\"><\/div>\n<div class=\"table-notes\"><\/div>\n<div class=\"horizontal-line\"><\/div>\n<div class=\"footer\">\n<div class=\"standards-section\">\n<div class=\"standard-item\" style=\"margin-top: 9px;\"><\/div>\n<div class=\"standard-info\"><\/div>\n<\/div>\n<div class=\"temperature-section\">\n<div class=\"temp-icon\"><img decoding=\"async\" src=\"data:image\/svg+xml;base64,PD94bWwgdmVyc2lvbj0iMS4wIiBlbmNvZGluZz0iVVRGLTgiPz4KPHN2ZyBpZD0ia2F0bWFuXzIiIGRhdGEtbmFtZT0ia2F0bWFuIDIiIHhtbG5zPSJodHRwOi8vd3d3LnczLm9yZy8yMDAwL3N2ZyIgdmlld0JveD0iMCAwIDcyLjI3IDE2Ljk4Ij4KICA8ZGVmcz4KICAgIDxzdHlsZT4KICAgICAgLmNscy0xIHsKICAgICAgICBzdHJva2Utd2lkdGg6IC41OXB4OwogICAgICB9CgogICAgICAuY2xzLTEsIC5jbHMtMiwgLmNscy0zLCAuY2xzLTQgewogICAgICAgIGZpbGw6IG5vbmU7CiAgICAgICAgc3Ryb2tlLW1pdGVybGltaXQ6IDMuODY7CiAgICAgIH0KCiAgICAgIC5jbHMtMSwgLmNscy0zLCAuY2xzLTQgewogICAgICAgIHN0cm9rZTogI2E3YTlhYjsKICAgICAgfQoKICAgICAgLmNscy01IHsKICAgICAgICBmaWxsOiAjYTdhOWFiOwogICAgICB9CgogICAgICAuY2xzLTIgewogICAgICAgIHN0cm9rZTogI2ZmZjsKICAgICAgfQoKICAgICAgLmNscy0zIHsKICAgICAgICBzdHJva2Utd2lkdGg6IDIuMDZweDsKICAgICAgfQoKICAgICAgLmNscy00IHsKICAgICAgICBzdHJva2Utd2lkdGg6IC4ycHg7CiAgICAgIH0KICAgIDwvc3R5bGU+CiAgPC9kZWZzPgogIDxnIGlkPSJrYXRtYW5fMSIgZGF0YS1uYW1lPSJrYXRtYW4gMSI+CiAgICA8Zz4KICAgICAgPHBhdGggY2xhc3M9ImNscy0zIiBkPSJNMTEuMzQsMTEuNTdjLS45NCwxLjcxLTIuNzEsMi42Ni00LjgsMi42Ni0zLjA1LDAtNS41MS0yLjQ3LTUuNTEtNS41MlMzLjUsMy4xOSw2LjU1LDMuMTljMS45NCwwLDMuNjUsMSw0LjYzLDIuNTIiLz4KICAgICAgPGNpcmNsZSBjbGFzcz0iY2xzLTUiIGN4PSI2LjU1IiBjeT0iOC42NiIgcj0iMi40Ii8+CiAgICAgIDxjaXJjbGUgY2xhc3M9ImNscy0yIiBjeD0iNi41NSIgY3k9IjguNjYiIHI9IjIuNCIvPgogICAgICA8bGluZSBjbGFzcz0iY2xzLTMiIHgxPSI2OC4zNCIgeTE9IjExLjc2IiB4Mj0iOS45MiIgeTI9IjExLjc2Ii8+CiAgICAgIDxsaW5lIGNsYXNzPSJjbHMtMyIgeDE9IjY4Ljc4IiB5MT0iNS41MSIgeDI9IjkuNzMiIHkyPSI1LjUxIi8+CiAgICAgIDxsaW5lIGNsYXNzPSJjbHMtMyIgeDE9IjU0LjA3IiB5MT0iOC43NSIgeDI9IjguNjQiIHkyPSI4Ljc1Ii8+CiAgICAgIDxwYXRoIGNsYXNzPSJjbHMtMyIgZD0iTTY4LjE1LDUuNTVjMS43MSwwLDMuMDksMS4zOSwzLjA5LDMuMDlzLTEuOTIsMy4wNi0zLjYyLDMuMDYiLz4KICAgICAgPHBhdGggY2xhc3M9ImNscy01IiBkPSJNNTMuOTEsOC43NWMwLS4xNC4xMi0uMjYuMjYtLjI2cy4yNy4xMi4yNy4yNi0uMTIuMjctLjI3LjI3LS4yNi0uMTItLjI2LS4yN1oiLz4KICAgICAgPHBhdGggY2xhc3M9ImNscy0zIiBkPSJNNTMuOTEsOC43NWMwLS4xNC4xMi0uMjYuMjYtLjI2cy4yNy4xMi4yNy4yNi0uMTIuMjctLjI3LjI3LS4yNi0uMTItLjI2LS4yN1oiLz4KICAgICAgPGxpbmUgY2xhc3M9ImNscy0xIiB4MT0iMzYuNDMiIHkxPSIxNi45OCIgeDI9IjM2LjQzIiB5Mj0iMTQuMjQiLz4KICAgICAgPGxpbmUgY2xhc3M9ImNscy0xIiB4MT0iMjguMDUiIHkxPSIxNi45OCIgeDI9IjI4LjA1IiB5Mj0iMTQuMjQiLz4KICAgICAgPGxpbmUgY2xhc3M9ImNscy0xIiB4MT0iMTkuNTkiIHkxPSIxNi45OCIgeDI9IjE5LjU5IiB5Mj0iMTQuMjQiLz4KICAgICAgPGxpbmUgY2xhc3M9ImNscy0xIiB4MT0iNDEuNTciIHkxPSIyLjc0IiB4Mj0iNDEuNTciLz4KICAgICAgPGxpbmUgY2xhc3M9ImNscy0xIiB4MT0iMzMuMjgiIHkxPSIyLjc0IiB4Mj0iMzMuMjgiLz4KICAgICAgPGxpbmUgY2xhc3M9ImNscy0xIiB4MT0iMjQuOTkiIHkxPSIyLjc0IiB4Mj0iMjQuOTkiLz4KICAgICAgPGxpbmUgY2xhc3M9ImNscy0xIiB4MT0iMTYuMDgiIHkxPSIyLjc0IiB4Mj0iMTYuMDgiLz4KICAgICAgPGxpbmUgY2xhc3M9ImNscy0xIiB4MT0iNDQuNjMiIHkxPSIxNi45OCIgeDI9IjQ0LjYzIiB5Mj0iMTQuMjQiLz4KICAgICAgPGxpbmUgY2xhc3M9ImNscy0xIiB4MT0iNDkuNDkiIHkxPSIyLjc0IiB4Mj0iNDkuNDkiLz4KICAgICAgPGxpbmUgY2xhc3M9ImNscy00IiB4MT0iNDAuODgiIHkxPSIxNi45OCIgeDI9IjQwLjg4IiB5Mj0iMTQuMjQiLz4KICAgICAgPGxpbmUgY2xhc3M9ImNscy00IiB4MT0iMzIuMzMiIHkxPSIxNi45OCIgeDI9IjMyLjMzIiB5Mj0iMTQuMjQiLz4KICAgICAgPGxpbmUgY2xhc3M9ImNscy00IiB4MT0iMjMuNzkiIHkxPSIxNi45OCIgeDI9IjIzLjc5IiB5Mj0iMTQuMjQiLz4KICAgICAgPGxpbmUgY2xhc3M9ImNscy00IiB4MT0iMjAuNTkiIHkxPSIyLjc0IiB4Mj0iMjAuNTkiLz4KICAgICAgPGxpbmUgY2xhc3M9ImNscy00IiB4MT0iMjkuMTMiIHkxPSIyLjc0IiB4Mj0iMjkuMTMiLz4KICAgICAgPGxpbmUgY2xhc3M9ImNscy00IiB4MT0iMzcuMTYiIHkxPSIyLjc0IiB4Mj0iMzcuMTYiLz4KICAgICAgPGxpbmUgY2xhc3M9ImNscy00IiB4MT0iNDUuNzEiIHkxPSIyLjc0IiB4Mj0iNDUuNzEiLz4KICAgIDwvZz4KICA8L2c+Cjwvc3ZnPg==\" alt=\"S\u0131cakl\u0131k\" width=\"100\" title=\"\"><\/div>\n<div class=\"temp-values\">\n<div>-25\u00b0C \/ +70\u00b0C<\/div>\n<div>-13\u00b0F \/ +158\u00b0F<\/div>\n<\/div>\n<\/div>\n<div class=\"marking-section\">\n<div class=\"detail-row\">\n<div class=\"detail-label\">Branding<\/div>\n<div class=\"detail-value\">: Transfer Band or Embossed<\/div>\n<\/div>\n<p><img decoding=\"async\" class=\"marking-image\" src=\"data:image\/png;base64,iVBORw0KGgoAAAANSUhEUgAABf0AAAAoCAYAAABEkVAiAAAACXBIWXMAACE3AAAhNwEzWJ96AAAgAElEQVR4nO2dX2wb57nmnxre6hixxnaO2xqrCarauThkgEibAiFbJ1sVR6QXMdK4IrGwYSCmeJE0WRyJOfCfi9pyLLkXsY2E0sHWtReg5ACGfUHquDVsIJQPIq+dhAyQHukAoXoRJ9rNcOGcdRJ75CBV13D3gvw+fTOcfySHHNJ+f4CQmBp+887Mx9Hw+d73eb+z5YfdfSAIgiAIgiAIgiAIgiAIgiAIot1ZXA3gXa+jIAiCIAiCIAiCIAiCIAiCIAiibo6s8joCgiAIgiAIgiAIgiAIgiAIgiDcgUR\/giAIgiAIgiAIgiAIgiAIgnhAINGfIAiCIAiCIAiCIAiCIAiCIB4QVtf6Rp\/fj4MjhxAIBt2Mp25279yFfC4HAPhk8TP+ej6Xw+6du7wKyzWWnujEv\/+X73kdBkE8lDz6wdfY8P7XXodBEARBEARBEARBEARBEKbULPr\/7vQpdMmym7EQNtzvWIVbP\/9br8MgiIeS1eo9rPvojtdhEARBEARBEARBEARBEIQlNdv7kODffO78eB3ud5AjE0F4waPvf41Vy\/e9DoMgCIIgCIIgCIIgCIIgLKk5059oLvek1fjqJxu8DoMgHkrWfP5ndH685HUYxEOEJEmIxeMAgOl0GoqieBwRQRBOkCQJqqp6HcYDiSzLdC8kCIIgCOKBQZIk+Px+r8NwBLNR1yPLclskhauqioVCoeL1do\/fDldE\/6Ki4PnnttOXnAZCtj4E4R0bPiAff6K5hMJhDCWGAZREf4IgWh\/W62r3zl30TOwyPr8fvzt9Cr966eWavvAQBEEQBEG0Gj6\/H2fPn\/M6DEc83v0jw9cHolH+vbWVMevz2u7x2+GK6K8oSt1fbnx+PyRJqjuWhULhgfui9e1ja\/DN4494HQZBOKavq4f\/\/9ytG7i9fNfDaOqj8+MlrPn8W6\/DINoIscF9UVFqykztD4cAlP6mtWtmq\/h3vdbzII5Ra3YD4R76TBizjJ+HkUAwyKtzDo4cwv69+zyOqDVwY85IkoSz589BkiQcO3Eczz+33c0QCYIgCIIgCOKBpGXsfVh2VL3s3rnrgfsS+mVf47P8\/\/oP\/wIA+Pn0P2K2OF\/x+76uHrw78CYAIDmXwWvXfms61mT\/fsR823Dh0\/fwy0sjlvt9d+BNjUCsZ+7WDbz2P\/+7YUx6uqVN+GzPWQDAfzr3EuZu3TDdVjwePbeX72K2OI8j+TOmY9jFLfKdf\/r7ivfNFufx8+l\/NH0P2+7Ih2\/j9fwZ\/vrrgT04\/PSLFe+3Oh4Ru\/1a0btxC94deBPrO9YC0B6XuM0\/bx9Ft7RJ87r+ONqFVcv38ej7rZ3lf\/b8OQSCQaiqiqeeNJ6TgWAQZ8+fs1wdjsXjODhyCID9ffTq9WvokmXMZLN45aWXLfdZDWJ87Licoo\/5k8XPbN8zk81iIjnuipDs8\/sxlBhGKByu+F1RUTCRHEfGYca+JEl8nEw6w1+3O6aZbBbT6QxmstkqIl8Z1y57YCiR4FkQZpkeQKlK4eDIoYoyyXwuh4nkuO3faEmScHDkEPrD4YpkAFVVMZWaxFQqZbjAX++8EWHnxWqes3MykRzHRDJpuM3J06f49bQ6b\/r9mqGqKq5kszg6OuZKwsWxE8d5WbHZ+fD5\/YbPaaqq4jejY47ntjiHzLC7xq3KsRPHAZTin0iO89clScIbJ47zOWA1V0Qi0SjeKI9pNU+dnFPA2dxzMtZCoYCJ5LjtfWYokUAkGjEsl55OpzGRHDdcCBQ\/wyxmNieGEsPle23C0TkkCIIgCIIgVphKpXB0dAw+vx8XL1\/yOpyaeOWllzGTzWr0i3ai2fFTV9gWZ+mJTix\/\/7teh4G3\/vN\/AwAsqjdx5MO3LbfdsXkrADgWxa1gQjMb08l+AaBP7q15n+s71mLH5q34112nEfNtq3kcK\/q6elw5P80i5tumEfyN6JY24d2BNysEfwA4\/PSLSPRGGhliQ1j\/xztYrd7zOgxL8rk8gJKwJJt40TEBxUoM9ft9wpjmoqzP7+ciTshAlG0nQuEwzp4\/V7ePIivLNBL8gVLj+zdOHMfFy5cc7Usc50oVAn4oHMbJ06e4+OgFx04cx8nTpwyFPrYQFIlGTd\/PMnoHolHDuSVJEoYSw5i9fs30fLsF+xz4La5ZIBjQ\/NcI9n63EhIkScJANIrZ69fqmruRaNTR\/GfXxOj+oRe03YBdY5bZ3Q5EolE+50Uxm32hquX8xOKDAEqLhq2UzOLz+23vM8dOHMdQYtjUH5XN36FEwvF+J5JJFMvnNRYfbJu5QRAEQRAE0SrMZGcAlJI4Wun5shpY4slUKuVxJLXR7PhbJtOfqOR+x6qW8PJ\/PbAHvRu3AAAGrxyztGrp3biFC8NMPL\/w6Xu2+1hUb2Jx6QvNa+s71vL9vvXsq7bj\/EwQ0ff4tiE5l7HYegV9FUF35w+4cD3Zvx+zxXksqjcdx+2Uw4E9mK0x614Pq04wQjyPZsdhxx7fNkvBHwCGewb4Nhc+fQ\/zt25g3XcfQaz83uGeAcfXpBVYrd7Duo\/ueB2GLWKWus\/vN8ycFAXJQDBomsmrH8+ISFS7eBMKhw2zfFVVNdwPEw6N7F7M9u3kgcQsI9iuYY8kSfjd6VM196URbSeA0nHNZLNQ1VLjZ5\/fxwW\/LlnGkoN9sOtlZu1jdEyihcZANApVVXF0dKzq46mHUDiMAUHQXygUMJOdgSR1IhQO8\/jeOHEc+VzO8NhOnj7F5yLLaFeUIgBAlrt49r8Twa+eecPiDwSDfJ4YbWu3oCZJEj\/uaitKzOYuszyq1+pkIBpxdB6HEsOa+c2qT8S5fXDkUNUVJmI2PCMQDPBzyaoL2sEmh2XHFxVF8wAvzvtqCASD\/HMwmZp0\/D43LS6NxhKbzQ1Eo5jJzlRc96FEQnMfmMlmsVBYKL9fey+QpM6qYppIjuONE8d5NZTTChOCIAiCIAiilDihqioCwSBkWcZUKmWabNWqxOJx5HM5DMYHkc\/lUFQUzbNnqzOUSGAmm21a\/K6I\/j6\/H6FwuKovGnbevNPpNP+iXw3FNvU+NuLOj9fhfoe3xRjd0iYcfvpFACUh185mZ48uM\/5nXT2ORP8zf8oa2r8keiN469lX0S1tslxAYAsMDLb44MRL3sjuhu0XKGWpD145VlXcTmDZ\/k6si+yYu3XD1LZHXLSxq9KwYlG9iblbN0yrLtjrelun+Vs3MNm\/H93SJvRu3GJpu9RKPPr+11i1fN\/rMGwRhc1AMGAovImCpJ3obyeU6jNW+8MhQ+FloVAwtIph1iWZdMaxPUMtDWvs4gBWbCS6ZLlmAUmsdphOpw0FSrmc6T+TnXHka99fPscsE0OP2TGFwmEuiMXicWTSmaZ64IvliQf27tOcz6OjYzh24jh\/oBlKDFecK1mW+Vxlx1gpOo7xDGI7kbmeeQOUqmiYR3sgGKzYn17oN\/psiVn0rCrHKWbXmS00+fx+\/vxVreDOYCK+laUL+8wXFaVicYxd067ytasmY8js888qZyRJKn8WWlv0F6ufjAR6ZvdTTfmuuLhaTSPvo6NjrmVtmY0l2g4NJYYr5h6LXVVV7N65q+IedHR0DLF4HJFoxHDhx4pMOs0\/\/7H4IIn+BEEQBEEQVRAKh\/mz\/VNP9pQT9fI4efqUx5E5hz1TLxQKPPlJVVX+va3VGUoMYygx3LT4XRH9JUmqaZLoRQGRTDrTtuUmbnBPWo2vfrLB6zAw2b8fQCmT3Ez4FmG2Ohc+fQ87Nm\/Fjs1bLf3\/7UjOZbj43vu9x01Ff2aVs6jexO2\/fIPejVuwY\/NWTC28U\/N+ezZuQcy3DTHfNkfHXgtuZvsbwTLsAWBq4Z2aM\/1\/\/+l7mFp4B4neiKnoz6ojzujO+dTCO3we2VULtAprPv8zOj9e8joMR6iqiqKioEuWDW069K8Z2ZCI4iXLyDRCFLemUinE4nEuereT9zZjIjmOs+dZpnagJgFJPJ9mmfWKojgWoMVFhGqF3JlsFtKoxAW5SDSCo6PNEf3FuTGTzRqey\/179\/FFloFotEL0F+fhRHLccE41s4JBX0Wjvx6Vn61K0Vv72XLnWrBzwHpmmC322cH6P5SOw1z0F6+r\/ppk0hm+kOPz+115blsoFDCdTiMWj\/PM8lZu4Gwl0C8UCvjFc9uhKIpj0Z\/ZN7HxWu3emkmnMRCN8GoE8f4vVhxNp9Om120qlaq5pJktUvn8fsiy3LaNzgmCIAiCILyEPb+12rOmU8S4WZV9O9Gs+D1NIx+Itp\/Hd7NoBVufmG8bF9PtbH0A8ExuAFzoF1+rFZYJ\/8POH5hu84KQZT6rzGleqxVRvK73GPQw8b3R3v6J3ggX2sfrsNZJzmUcVU0AsNzOyO+\/FdnwQWs379XDhDYjixH9a3YLAwULcU3M4BQzNBvtrd4oRIGyFgsO8X35XM6VB6ZQOASglFVdi9CZEUTCensVVIM4B6bT5vcasTGxfm6K16DWzHU3URSFVw8aL5ZpX\/MJfTH0r6mq6qo4Kc7dWq9zpkpB2e5h1M2yYHFfVuMGgkHE4nHE4nHbBs6skkTcjjWFrac\/CRvP6B4wk81Wfd3F8t6MxWfJS8SqFXH+aT\/DxpVK9SLeG6pp2k0QBEEQBEGscPL0KQwlEjg4cggTyXEc2LuvrRYAAsEgDo4cwlAigUg0ggN791VdReolzYq\/5kz\/mWy2oUIPy2Crlt07d7V9hcC3j63BN48\/4mkM6zvW8gz7C5++58iih4nXc7duYFG9idnifEnUlnvrsnTpLov9VmIy2\/fV4jxuL99FojdSt5guxux2hvqZP2Wx5+\/CJfukBmX7i1n+s8X5lrDVaQfRv\/PjJaz5\/Fuvw6iKQmEBA+X\/12fFiv7wLCtTv41fECathGZ2z79SzvhlY5pZ\/LQ6boqUbgnsK9Y+tYvezIu+maK\/iNXf4NLvzLPKGa2S3V0oFEyraEQrIp\/fbyhAut3E92HEyLYxFo9reg2I2x4dHTP8\/AxEo9zG6Kkne3Dy9CnNNTOzo7FjxRqtOvsmMwbLDXxrabDGrL38fh8UpYh8LufZ3HOr8kMP6zUgSVLNFVoEQRAEQRAPO8zqJ5\/LcdvNLlm2tP1sNZglzkRynD8Tij3CWp1mxF+z6H9g7z5cCc9UnR3ZThPIK77s8z7Lf7J\/P\/fEd2ptwzLrWab91bLo\/8LmrTU3cO2WNnGh+M5fvjHcpnfjFr7NbFn0B0qidz2e+U4z22tl8MoxvDvwpqve\/iI7Nm\/lixVHauw78LCxavk+Hn2\/vbL8Aa2g6K8Q\/Ut\/MFjWJRMn9dYlgLX9iNa+pTRWJp3BwRF\/21r8iAvXtQp2TGBnTVXraTrKxgHcyfD1qiGT03mgt8MR59+xE8cNPf2bTT6X5\/NbtBJhC2hA6SHt5OlTFQtq2ia+5rZZtSBeW6\/PkdtIksSriowafg8lEqbPkl2yjJPlxtxW97M3Thw3fJiuti+UOIYbArfY5Haqiga+jEqrzWHTXiP1IDbgFeefeM6HEsPI53INWbwTm2wTBEEQBEEQtSN+rxCf8doJMe52akrMaGT8Ndv7qKqKTDqNiWSyqh\/CmqUnOrH8\/e96GkNfV4+pb7sV7D2\/L1cFXLhxnY9XS6a8WG0gjlex3y3PANAK\/qwyoV6Ln0YyW5znQv\/hwB7Xx2cNmMX9ENas\/+MdrFbveR1G1WgF\/BWLEVmW+R8NUXyptCWxz1QVfatZFu0VIZu23Sx+AsEgfi14bNcq2IkWFgPRKK5ev4aDI4c0Ar5T6rX2aXdEexSf34\/Z69dw7MRxhMJhyB6Je0aLY8BKBj9Q+jys2AAFDbd3O+NZbPTkVoZ5s2FWO+LPUCKBs+fPcTHXSKyeSqUwnU6jqCg4sHcfdu\/chd07d2nKYe3880PhMKbTabzy0ss4OjrGx6pnAcWNxZcBwUKN3WfZeRlKJGr6HJQqHBJ1x8YQew7oq8NKzeByfLuLly\/h5OlTiESjrlYesX16Vc1EEARBEATRCKbTaTz1ZA\/vYXZ0dAxPPdnD+zzt3rkLfc88i4VCAUVFQd8zz6LvmWf598e+Z57liVMz2SyeerIHr7z0csVYAPDKSy\/jqSd7oCgKLl6+hLPnzyEQDGrGqAWrmM1iZP3v9Mc\/kRzHU0\/28H5v+uN\/\/rnt6HvmWYTCYZw9fw4XL1\/CQqGgGeNhi1+PK418CXe437HKcy9\/vdC+vmMtYr5ttpn64iIBE5jnbt3A7eW7WN+x1rap7uGnX+QitRFW9jRM2L8qCNtXi\/OuNBK2wyru2eI8fm5j23MkfwZ9Dcj2j\/m2mTbWJYxZrd7Duo\/ueB1GzeRzuQpLF30WqlxuoOq32MaMkIHtDPM875Llhlr8fLL4menv8rmcZZPcQDBo+X42Rq2ibD6Xw3Q6zUWwLlnmHuNASZzKpDOOGnKyc+yVHYeTc9VIVFXFb0bHeCNiJi6yc1tUFMxks5hKTTrySa9n3ojbMcRmvmzhjP0+n8uVP1sri271ZoGX7EuM+3SwTHdVVSuax7YLVjaOpTLjccPzpqqq4WJA6R7XhYFo1LYkdiI5rklEqbVhrpuNmmVZrrBQY\/tg1zufy1nOfVVV+eKFz+\/nix+x+CCmUqmqjtFIUJckSWOrZFSNwJpMs21Y6TiL70o2i0w6U9d9jvV8aMdMLoIgCIIgCDMy6QxUVcVUKoXB8vMbUHp27ZJl\/vzEEs\/YcyGrElfKVbILhQKmUpNcmM7nchVjse81U6lJ\/lw+kRzXjFGLzYxZzFOpSXSVK6f1MbLv4+Lxl3oNJMtjJREIBirGYs\/fmXSGPy8fHR3TjPGwxa\/H00a+VuzeuQuPd\/+o6p929s298+N1uN\/h7SUZ7o2gW9qE28t3ebNZ5gtvhdhIV4T9+2d1+OsvqjdNLYbERsFiJQDbr2gP1Io0KtufLUQsqjctF1uIFR59\/2usWr7vdRg1s5LFv\/KH2UiYBErCNMsYFYUdM9FKtPa5omvOyB4W6mmE6SULhQLPfqiV\/eWmO0bWIEx4m71+zTIr1cg+6WEkU86+NpqLbEFl9vo1RIRmp43GqEJmpXlrXvNfbaa\/T\/P+avH5\/Th7\/lzFj2htw7JGHjTEKqVqED87Vl9S9M+KrXAOY2UvfwBVNfEqKgr\/orF75y7NFzs2DrOeqoaDI4cq5t7J06f4OEVF4V+KRBYKBR6HHraQd\/b8ORwrL+4RBEEQBEEQJdjzK\/tuyBIn+suVz5IklZ\/rfAiFQ\/zfoXCIf\/eQy9\/1WaU+s\/dlY\/eHw5pkQbGiXz9GPcfQHw7D5\/fzcfodxMhiYmOw73yxeFwTU384hEg0ojn+lWPQjtGs+NmP1\/HroUz\/FuGetBpf\/WSD12Hw5reDV46hW9qEt559Fd3SJsR82yzFY7GRrsjV4jxivm3YsXkrBo3eWGZRvYnFpS8qxpstzuOXl0ZM\/fXZdreX72oqARbVm1hUb6Jb2oQddfQUsEMft8jc\/\/3E0RhuZ\/uLWf5HPnzbdLv1HWv5gokRi0tf8IWfB501n\/8ZnR8veR1GXeRzeZ5dznzF9cKkmJkfCAahpNM8M5k1RzTCyNqHkUln+H5D4XBDsv2tFnPtBFW9\/YQsy4Jndsq1sjlmYcceWPx+n8ZzWpIknD1\/Dr94brthpm7EwNaj2dg1chbPXSOZyWYxk81CLs9TX\/lciqLlGyeO256reuaNfhzxIU48D2YLaoqiNLSJr6qqmEiOG4qu7YJRpUVJFI4gFA7j5OlTOLB3n+U9Rf8w7HR+tmKCCKtoscvm15NJp03Pkdg4W99Dox7yuZylHRJbTGXVKqX7orYp2UA0ClVVXbsHEwRBEARBtDtDiWFNgo++X9Mf\/23e9N8+v19T6SxWTAOVVbYXL18CUErkeOrJHqiqirPnz9Vd+a3fz+z1a5p\/W8V4cOSQJrv9jRPHeRW40Vjs+GeyWTz\/3HZIkoTZst1uu8Z\/8fIlVzL8GST6twhe2\/qIXPj0PVz49D2s71iLw0+\/yP9rJvqLjXT1mf5MwGYCs5lFz5k\/ZfG60Gx2sn8\/Yr5t6N24xbKhrlmFAdt3TNqEn3X1NEz018ddCyzbv6+rB4cDezBrYwlkxx7fNgD2Wf69G7fg3YE3TX9\/5MO36z62dmHDB+3XvFePKGL6\/X4u7gNagatQKJRF\/wAy6TQXYaxEUJZhYLQwwF6TJKlhFj9ObFjMYFmnDJ\/fzx9wGuEHzbz+GHK5sShr\/BqLDxqKXKKth1foz5UeqwaqjUBRFCjCfJIkCQdHDvEHq6HEsKXoX8+8EWFNeFkzXyOvfkVR+OcgEAwCuVzdTXyLimLY0JnZHLVCdno9mAnQM9ksTp4+hVA4jF+PHKo4Vv08eBCIRKO8smHahSbejHpE\/ul0GopSrHh9Jpt1vGjGFubEz2ksHhdsh+IPbLUKQRAEQRBEOyA+a+dzedcyzJsJe35mSWztdgxi\/Iqg47iBpejPGjl4gZXXqxW7d+4y\/JJTr1fx490\/qvm9dnz72Bp88\/gjDRu\/Gm4v3+VWOreX72J8fhqHn37RMtu\/T+7l\/z\/Zv9907D2+bZhz6K9\/ZuEdxHzbeE8BM\/GaZfr3dfVUCNjdnT8AUOo3sL5jreXigdfos\/1rRXz\/mT95Jx62E50fL2HN5996HUbdiFn8Pr9PI6KI98R8Lo9QuVRNkiT+B6VgIkyKtjMsW90MZvHTygLOQqHA+x+wDNRGNs1VFAW7d+7C7PVrphYbYub4w2TtY2SHZAXzcu\/iFQDNaeKp9\/XX22aJ25U+W9rPX6HG+aUoisZ3\/mFiKjXJ7yc+v19zrk+ePtUyD\/LiHK7n3sesfVRVbVhvlGqp13ffjKlUivcGAFBxfQmCIAiCIIjGU0rkWEAgGEAoHIaqqpoK\/3ag1LNqCbH4oDYBq01oRvyeZvq3sjDUTL7sa50s\/9eu\/VYjjifnMhjuGbDM9meZ5QAsBWtxccCO2eI8t+cZ7o0Y7peJ+YC9d39fV49hNYAVVtY3bqPP9q8V9t7by3dtqxsWl76wtP+ZVeZqjsOMVlt4WbV8H4++3\/5Z\/gyWxW+Uiaz\/N7OhMduOIf7h73Jg79Ioix83mUiO4+z50rEPxgcNm4K6iV3GQX85yx+otE+qBdmgwqOZWC2kiN6Q1ViYiDQ7A0XM4hc\/N8w2S4wrVPbIZI1G7SyTCHtEWxpm+QSsNPsVEZvXNgNxDtcqXovWUWxBUkSWuzTbFsvNw9oZ0XaoFtg5oc8WQRAEQRBE9RQVhfe1CwSDNSdde8l0Os0r6IcSibY7hmbF75noz\/xoH3aWnujE8ve\/63UYHL2Huz7bX+85b+cLL8JsgJz6xI\/PT+OtZ19F78YthtZA1TQHfmHz1qpFf3GRwsyWyE3EbP9axHExy398ftp2jEX1ZtPte5z2OWgW6\/94B6vVe16H4Rqi6Ci+JiLa8YhWLWbiSUgQpJ3QKIsfN8nncrwqYiAaxURy3FMRjS2suCX4s4WZZi6si\/MnFA6bzqd+oUlRtZn+XsKy+APBgEag1W8DOGuOTdSGuOh4dHTM8\/MrzmFZlpG32NYMsWFxKBy2vOceHDkESZI0FSCRaBRdsly2g9Lee5tVDdNsvLjHEQRBEARBPCh0lhvIqqpac8NerxG\/F4hJMu1Cs+K3FP0b9WVqoVDAVGpSI7K4tS8zS4tW5H7HKnz1U++b99qRnMvg8NMvAkCF5\/yOsqc+AGw4\/YKp0PzXf\/gXvr1Tf\/2phXfw1rOvAgCGeyPcdki\/7+RcBq+Z2Aa9HtiDw0+\/aNtIWA+rbABKgn8zMtRni\/O48Ol7mgqGamAVF06y\/BvB7eW7WN+xFi9s3qpZGGpmxUQ1rFq+j3Uf3fE6DFcR76NiNqyeFRsS60ajorWPXdNb5sHdDhY\/QCnbnzXVGUoM15ztH4lGEQgGcHR0zPSYxexw\/TaiR\/yVOq19JEnSNHuqd7xqEOdQLD5Y9gPXivqBYFDTH0L\/e5alfWDvPtNFGEmSNE2Pm8VCYcFgQS2n26agqQgobVOLDNyahMKhCrsh8UuCm89czO7GatxWWDTSVoH4PImhPxziJdn6\/gfiAkIznonZPWgiOW65P\/H61vI5Nqu2IQiCIAiCIMyZTqeRSWcQiUZw8fIlKIrSdkkiLPHn4MghXLx8CaqqtpWlT7PjtxT9rQQet2nEvtxq4tco7vx4He5Jrd9L+fbyXUyVPfZZNjkTdVm2vZ0wzsTsaprqivuN+bZprIdEO5+rxXnTMS7cuM6bEZs1EtZbEvV+73H+HgAYt4j3h50\/sPXgn7WIT89r136rWUhxCuu5AJSuhZXQXk081TBbnMeOzVsR823D1fICRre0CZOhA3ybZlRMOGXju19i1fJ9r8NwFTOBXw8TMFe2MRZOxG2MGoqKXMnO8O3dtvhx8kfQqMmwFZl0Gr8uZ83Wmu3v8\/v5GIFgEJOpSeRzOb74Issy+sNhTUXFVGpSM0Yt1j5GXn8+vx+D8UG+SGOU9dtIVFXFVCqFWDwOSZLwh8uX8JvRMX5OA8GgRujTnwdJknDsxHH4\/H784fIlTKfTmMnO8PkrSRJC4TBiwjHqx9Dj5rzR25GYCZp6Gyez7VhPCQCu+\/YPJRJ8324IvTPZLF8kHEokyt6TKm+0y6g2ecPo+rBm1+IimdkxDESjmEqlNK958aWFLaKGwuGanmXtGmhHohHetPjo6FhFs29272U9V\/bv3YeFQgGRaFTTK6AZVREHRw6VS8SDms8w+4yFwmEMRCP8b4V4v3SK+HfJ60oPgiAIgiCIdoIlquVzOXyy+JmrDWObQSmBvPT8f3R0rO0sfbyIv\/UV5weUe9Jq3H5qnddhOObIh29zUVnM9mcC9e9trHOulgXhagVt1tAXABK9EW5HI45jZdvDFiPWd6zFji3PGIrO+gbAIhc+fc+0iTAAviBhxXf+6e8tfy+yqN7kCx3VENP1VeizOKZq4qmG8bkMrxwqo1MAAAXzSURBVFL45+2jFb+fWninZTz9O\/79L+j8eMnrMBrCQqFgm8GvFzDNrX1KVixOBKOZbBZvoJQ577bFj5M\/hmZN3K2YSk1yQb4k\/NcuvnbJsq2X+HQ6XREjO8f6DF0rfH6\/5TlRVRW\/Kns0NpOJ5DhvsCtJEq+k0DOTzVrOj5LwG0csHjfdRnxgMsPNeaOf\/2YLZfp+A2afm0AwyOee+6I\/G9ed7G7WVJeNLS5irWyTqjpj28n1OaCrwBGtuQ6OHEIkGuH7NWuU3WiYrRrrp1KtEG21sAGgYj7pFycz6TRi8UHeG+Di5UsVY0ylJptefTUQjfLFCiNUVa1pkSQkWIS1ekUvQRAEQRBEK8F6ULVTZrxIlyxzV4F2PAYv4l\/VlL0QFXz10w2439E+p5+J0cCKd3xfVw\/Phrdr+ir+vhrhnzX0BYA9f7eS3fVCeQwnWetsmxeqXHBIzmXwy0sjVb3HDaya67Yys8V50wWSuVs3TC2YvOBvZ7\/0OoSGIYog5sKksRe5iNZ2xj4DXVwYaJc\/wKJQGYsPary1nbBQKOAXz23HtIMFjqlUqsJCSMzYd8uKJ5\/L4RfPbfckA1ZVVVsRfSqVqhByxfdOJMdtxcl8LofdO3c1VcTUL3xZL6iVqLb6pFXJ53KG10z8vds9mlRVxYG9+wyrX3710sv8vDLrLLbY5MW8F++Pg\/FqjATd45WXXjY99ul02vWFJTP2792HA3v32VovFRUFu3fuqvp6SZLEq6OqWSglCIIgCIIgSkk37KcdkSQJs9ev4eLlS4aJSK2OF\/FbZvqfPX+ubcSbRjORHHftS9O3j63B0hOdrozlFkxoXlz6wnKb\/1X+\/fqOtbi9fJe\/z058n7t1g28rZnufWXgHV4vzlosGg1eO8aa6rBHw1eK87fsY43MZzOsy\/BeXvjAV1xfVm5rFBiNY3NXi5HgX1ZsYvHIM3dKmiu3Yv\/WxOTkPbmC3n8Erx3Bm4R28sHkrer\/3OG4v38Xvbaolms0jn3yDNZ9\/63UYDWMmOwNVLVUxWInRB\/bus2yG2ClJXMhzajtzdHSM\/82QZdnQLoeNaZehOZ3OVOXXrBeZ2H6sxCdVVfGb0TF+HrpkGWqVIpSiKNi\/dx8mkuPoD4chy118saSoKCgUFnAlmzU8F9X6bVsJq0VFQT6Xq6khsZNzBTBx13osJt6X\/PtDGm\/7mWzWUuRTVRUTySSmUimeOR0IBvjvFgoLtmPUO2+smEpN8rliJfo7OZ9W59Lp9TDD6WeMUVQU231mylUqA+UeFkBpUYNdV6c4mUOlcXOmgi5bbOsvN1aWJKk8\/\/M8RqNjcbLvWlAUhVsgWVmFVXtdGGLcZtdHKYvooXAY\/eEQJEnCQqGgschya192ZNJpZNJpbgnl8\/v4gmo+ly\/HZT5nrD7DzD4MsLf3IgiCIAiCICppd41XkiRIbdaHQKTZ8X9nyw+7\/2r2SxL9V3BT9P8\/\/\/U\/4tvH\/saVsQiCqI4f\/o\/\/jdXqPa\/DIAje\/HihUMDzz233OhyCIGqk5GNfypiayWbxigf2Wg86sizjD5cvQZIkXu1DEARBEATRznhlT1kLZokksiy3RW8AM8vido\/fhiPk6d9klp7oJMGfIDzi0Q++JsGfaAlYY1rAvkkyQRCtTT6X49n+7KeaCgjCnjdOHOdZ\/m7bSREEQRAEQXiBXW+ndkBRlJqqzVuFdo\/fDkvR3wtv1Fal1jJnkfsdq\/DVTze4EA1BENWyavk+1n10x+swCAKA1trHSc8EgiBamwN79yFwPVgq2a2yPwhhjXhOp1Kptv9yTBAEQRAEQRDNwNLeh3CX+x2rsPz9Dq\/DIIiHkv9w5\/9Rlj\/RMrDmo6qqYiqV8jocgiBcIBQOQ5IkZBw09yaqQ5IkHBw5hKOjY9TAlyAIgiAIgiDsOUKiP0EQBEEQBEEQBEEQBEEQBEE8GBxZ5XUEBEEQBEEQBEEQBEEQBEEQBEG4A4n+BEEQBEEQBEEQBEEQBEEQBPGAQKI\/QRAEQRAEQRAEQRAEQRAEQTwg\/H9PE0Qn\/hdNFAAAAABJRU5ErkJggg==\" alt=\"Markalama G\u00f6rseli\" title=\"\"><\/p>\n<\/div>\n<div>\n<table style=\"width: 100%;\" cellspacing=\"0\" cellpadding=\"0\">\n<tbody>\n<tr>\n<td style=\"width: 120px; font-weight: bold;\">Norm<\/td>\n<td style=\"width: 400px; text-align: left;\"><\/td>\n<td style=\"width: 120px; font-weight: bold;\">Colour<\/td>\n<td style=\"width: 400px;\">\n<div class=\"color-icons\"><img decoding=\"async\" src=\"data:image\/svg+xml;base64,PHN2ZyB2aWV3Qm94PSIwIDAgMTAwIDEwMCIgeG1sbnM9Imh0dHA6Ly93d3cudzMub3JnLzIwMDAvc3ZnIj4KICA8Y2lyY2xlIGN4PSI1MCIgY3k9IjUwIiByPSI0OSIgZmlsbD0iIzAwMDAwMCIgc3Ryb2tlPSJibGFjayIgc3Ryb2tlLXdpZHRoPSIwLjUiLz4KICA8Y2lyY2xlIGN4PSI1MCIgY3k9IjUwIiByPSIzOCIgZmlsbD0id2hpdGUiIHN0cm9rZT0iYmxhY2siIHN0cm9rZS13aWR0aD0iMC41Ii8+CiAgPGNpcmNsZSBjeD0iNTAiIGN5PSI1MCIgcj0iMzMiIGZpbGw9IiMwMDAwMDAiIHN0cm9rZT0iYmxhY2siIHN0cm9rZS13aWR0aD0iMC41Ii8+CiAgPGNpcmNsZSBjeD0iNTAiIGN5PSI1MCIgcj0iMjIiIGZpbGw9IndoaXRlIiBzdHJva2U9ImJsYWNrIiBzdHJva2Utd2lkdGg9IjAuNSIvPgo8L3N2Zz4=\" alt=\"\" title=\"\"><\/div>\n<\/td>\n<\/tr>\n<\/tbody>\n<\/table>\n<\/div>\n<\/div>\n<\/div>","protected":false},"excerpt":{"rendered":"<p>&nbsp; \u00dcr\u00fcn Ad\u0131: KARADENIZ-10 \u00dcr\u00fcn Kodu: WSD141 Su Al\u0131c\u0131\/Verici Kullanim Alan\u0131 : End\u00fcstriyel ve \u0130n\u015faat Hizmetlerinde Su Emme ve De\u015farj. Alt Katman : Do\u011fal ve Sentetik Kau\u00e7uk. Takviye Katman\u0131 : Y\u00fcksek Mukavemetli Sentetik Tekstil ve \u00c7elik Tel Spiral. \u00dcst Katman : A\u015f\u0131nmaya ve Hava Ko\u015fullar\u0131na Dayan\u0131kl\u0131 Sentetik Kau\u00e7uk. -25\u00b0C \/ + 70\u00b0C -13\u00b0F \/ +158\u00b0F [&#8230;]\n","protected":false},"featured_media":22160,"comment_status":"open","ping_status":"closed","template":"","meta":{"jetpack_post_was_ever_published":false},"product_brand":[],"product_cat":[2349],"product_tag":[],"class_list":{"0":"post-21222","1":"product","2":"type-product","3":"status-publish","4":"has-post-thumbnail","6":"product_cat-sel_su_hortumlari","8":"first","9":"instock","10":"taxable","11":"shipping-taxable","12":"product-type-simple"},"jetpack-related-posts":[],"jetpack_sharing_enabled":true,"jetpack_likes_enabled":true,"_links":{"self":[{"href":"https:\/\/tuzlahortum.com.tr\/en\/wp-json\/wp\/v2\/product\/21222","targetHints":{"allow":["GET"]}}],"collection":[{"href":"https:\/\/tuzlahortum.com.tr\/en\/wp-json\/wp\/v2\/product"}],"about":[{"href":"https:\/\/tuzlahortum.com.tr\/en\/wp-json\/wp\/v2\/types\/product"}],"replies":[{"embeddable":true,"href":"https:\/\/tuzlahortum.com.tr\/en\/wp-json\/wp\/v2\/comments?post=21222"}],"wp:featuredmedia":[{"embeddable":true,"href":"https:\/\/tuzlahortum.com.tr\/en\/wp-json\/wp\/v2\/media\/22160"}],"wp:attachment":[{"href":"https:\/\/tuzlahortum.com.tr\/en\/wp-json\/wp\/v2\/media?parent=21222"}],"wp:term":[{"taxonomy":"product_brand","embeddable":true,"href":"https:\/\/tuzlahortum.com.tr\/en\/wp-json\/wp\/v2\/product_brand?post=21222"},{"taxonomy":"product_cat","embeddable":true,"href":"https:\/\/tuzlahortum.com.tr\/en\/wp-json\/wp\/v2\/product_cat?post=21222"},{"taxonomy":"product_tag","embeddable":true,"href":"https:\/\/tuzlahortum.com.tr\/en\/wp-json\/wp\/v2\/product_tag?post=21222"}],"curies":[{"name":"wp","href":"https:\/\/api.w.org\/{rel}","templated":true}]}}