{"id":20878,"date":"2025-08-11T10:01:48","date_gmt":"2025-08-11T07:01:48","guid":{"rendered":"https:\/\/tuzlahortum.com.tr\/urun\/forcestream1at\/"},"modified":"2025-08-20T16:49:54","modified_gmt":"2025-08-20T13:49:54","slug":"forcestream1at","status":"publish","type":"product","link":"https:\/\/tuzlahortum.com.tr\/en\/product\/forcestream1at\/","title":{"rendered":"FORCESTREAM\u00ae1AT"},"content":{"rendered":"<p>&nbsp;<\/p>\n<div class=\"report-container\">\n<div class=\"report-header\">\n<div class=\"standard-text\">Product Name: FORCESTREAM\u00ae 1SN<\/div>\n<div class=\"standard-text\">Product Code: HWB313<\/div>\n<div class=\"standard-text\">Standard: EN 853 1SN \/ SAE 100 R1 AT<\/div>\n<\/div>\n<div class=\"product-image-container\">\n<div class=\"key-feature\">Single Layer Steel Wire Mesh<\/div>\n<\/div>\n<div class=\"horizontal-line\"><\/div>\n<div class=\"product-details\">\n<div class=\"detail-row\">\n<div class=\"detail-label\">Area of Use<\/div>\n<div class=\"detail-value\">: For medium\/high pressure hydraulic systems in industry and agriculture.<\/div>\n<\/div>\n<div class=\"detail-row\">\n<div class=\"detail-label\">Substrate<\/div>\n<div class=\"detail-value\">: Special Synthetic Rubber Resistant to Mineral, Vegetable and Hydraulic Oils<\/div>\n<\/div>\n<div class=\"detail-row\">\n<div class=\"detail-label\">Reinforcement Layer<\/div>\n<div class=\"detail-value\">: Single Layer High Strength Steel Wire Mesh<\/div>\n<\/div>\n<div class=\"detail-row\">\n<div class=\"detail-label\">Top Layer<\/div>\n<div class=\"detail-value\">: Special Synthetic Rubber Resistant to Oil, Abrasion and Weather Conditions<\/div>\n<\/div>\n<\/div>\n<div class=\"datasheet_table\"><img decoding=\"async\" class=\"alignnone size-full\" src=\"https:\/\/tuzlahortum.com.tr\/wp-content\/uploads\/2025\/08\/datasheet22.svg\" alt=\"\" title=\"\"><\/div>\n<div class=\"table-notes\">This hose size is not specified by the EN\/SAE standard.<\/div>\n<div class=\"horizontal-line\"><\/div>\n<div class=\"footer\">\n<div class=\"standards-section\">\n<div class=\"standard-item\" style=\"margin-top: 9px;\"><img data-recalc-dims=\"1\" width=\"1020\" decoding=\"async\" style=\"margin-right: 10px;\" src=\"https:\/\/i0.wp.com\/tuzlahortum.com.tr\/wp-content\/uploads\/2025\/04\/dnv_gl_logo-1.png?fit=1020%2C40&#038;ssl=1\" height=\"40\" alt=\"\" title=\"\"><br \/>\n<img data-recalc-dims=\"1\" width=\"1020\" decoding=\"async\" style=\"margin-right: 10px;\" src=\"https:\/\/i0.wp.com\/tuzlahortum.com.tr\/wp-content\/uploads\/2025\/04\/abs-2.png?fit=1020%2C40&#038;ssl=1\" height=\"40\" alt=\"\" title=\"\"><br \/>\n<img data-recalc-dims=\"1\" width=\"1020\" decoding=\"async\" style=\"margin-right: 10px;\" src=\"https:\/\/i0.wp.com\/tuzlahortum.com.tr\/wp-content\/uploads\/2025\/04\/msha-1.png?fit=1020%2C40&#038;ssl=1\" height=\"40\" alt=\"\" title=\"\"><br \/>\n<img data-recalc-dims=\"1\" width=\"1020\" decoding=\"async\" style=\"margin-right: 10px;\" src=\"https:\/\/i0.wp.com\/tuzlahortum.com.tr\/wp-content\/uploads\/2025\/04\/dumen-1.png?fit=1020%2C40&#038;ssl=1\" height=\"40\" alt=\"\" title=\"\"><br \/>\n<img data-recalc-dims=\"1\" width=\"1020\" decoding=\"async\" style=\"margin-right: 10px;\" src=\"https:\/\/i0.wp.com\/tuzlahortum.com.tr\/wp-content\/uploads\/2025\/04\/tse-1.png?fit=1020%2C40&#038;ssl=1\" height=\"40\" alt=\"\" title=\"\"><\/div>\n<div class=\"standard-info\">-03 &gt; -16 Smooth Coating<\/div>\n<\/div>\n<div class=\"horizontal-line\"><\/div>\n<div class=\"temperature-section\">\n<div class=\"temp-icon\"><img decoding=\"async\" src=\"data:image\/svg+xml;base64,PD94bWwgdmVyc2lvbj0iMS4wIiBlbmNvZGluZz0iVVRGLTgiPz4KPHN2ZyBpZD0ia2F0bWFuXzIiIGRhdGEtbmFtZT0ia2F0bWFuIDIiIHhtbG5zPSJodHRwOi8vd3d3LnczLm9yZy8yMDAwL3N2ZyIgdmlld0JveD0iMCAwIDcyLjI3IDE2Ljk4Ij4KICA8ZGVmcz4KICAgIDxzdHlsZT4KICAgICAgLmNscy0xIHsKICAgICAgICBzdHJva2Utd2lkdGg6IC41OXB4OwogICAgICB9CgogICAgICAuY2xzLTEsIC5jbHMtMiwgLmNscy0zLCAuY2xzLTQgewogICAgICAgIGZpbGw6IG5vbmU7CiAgICAgICAgc3Ryb2tlLW1pdGVybGltaXQ6IDMuODY7CiAgICAgIH0KCiAgICAgIC5jbHMtMSwgLmNscy0zLCAuY2xzLTQgewogICAgICAgIHN0cm9rZTogI2E3YTlhYjsKICAgICAgfQoKICAgICAgLmNscy01IHsKICAgICAgICBmaWxsOiAjYTdhOWFiOwogICAgICB9CgogICAgICAuY2xzLTIgewogICAgICAgIHN0cm9rZTogI2ZmZjsKICAgICAgfQoKICAgICAgLmNscy0zIHsKICAgICAgICBzdHJva2Utd2lkdGg6IDIuMDZweDsKICAgICAgfQoKICAgICAgLmNscy00IHsKICAgICAgICBzdHJva2Utd2lkdGg6IC4ycHg7CiAgICAgIH0KICAgIDwvc3R5bGU+CiAgPC9kZWZzPgogIDxnIGlkPSJrYXRtYW5fMSIgZGF0YS1uYW1lPSJrYXRtYW4gMSI+CiAgICA8Zz4KICAgICAgPHBhdGggY2xhc3M9ImNscy0zIiBkPSJNMTEuMzQsMTEuNTdjLS45NCwxLjcxLTIuNzEsMi42Ni00LjgsMi42Ni0zLjA1LDAtNS41MS0yLjQ3LTUuNTEtNS41MlMzLjUsMy4xOSw2LjU1LDMuMTljMS45NCwwLDMuNjUsMSw0LjYzLDIuNTIiLz4KICAgICAgPGNpcmNsZSBjbGFzcz0iY2xzLTUiIGN4PSI2LjU1IiBjeT0iOC42NiIgcj0iMi40Ii8+CiAgICAgIDxjaXJjbGUgY2xhc3M9ImNscy0yIiBjeD0iNi41NSIgY3k9IjguNjYiIHI9IjIuNCIvPgogICAgICA8bGluZSBjbGFzcz0iY2xzLTMiIHgxPSI2OC4zNCIgeTE9IjExLjc2IiB4Mj0iOS45MiIgeTI9IjExLjc2Ii8+CiAgICAgIDxsaW5lIGNsYXNzPSJjbHMtMyIgeDE9IjY4Ljc4IiB5MT0iNS41MSIgeDI9IjkuNzMiIHkyPSI1LjUxIi8+CiAgICAgIDxsaW5lIGNsYXNzPSJjbHMtMyIgeDE9IjU0LjA3IiB5MT0iOC43NSIgeDI9IjguNjQiIHkyPSI4Ljc1Ii8+CiAgICAgIDxwYXRoIGNsYXNzPSJjbHMtMyIgZD0iTTY4LjE1LDUuNTVjMS43MSwwLDMuMDksMS4zOSwzLjA5LDMuMDlzLTEuOTIsMy4wNi0zLjYyLDMuMDYiLz4KICAgICAgPHBhdGggY2xhc3M9ImNscy01IiBkPSJNNTMuOTEsOC43NWMwLS4xNC4xMi0uMjYuMjYtLjI2cy4yNy4xMi4yNy4yNi0uMTIuMjctLjI3LjI3LS4yNi0uMTItLjI2LS4yN1oiLz4KICAgICAgPHBhdGggY2xhc3M9ImNscy0zIiBkPSJNNTMuOTEsOC43NWMwLS4xNC4xMi0uMjYuMjYtLjI2cy4yNy4xMi4yNy4yNi0uMTIuMjctLjI3LjI3LS4yNi0uMTItLjI2LS4yN1oiLz4KICAgICAgPGxpbmUgY2xhc3M9ImNscy0xIiB4MT0iMzYuNDMiIHkxPSIxNi45OCIgeDI9IjM2LjQzIiB5Mj0iMTQuMjQiLz4KICAgICAgPGxpbmUgY2xhc3M9ImNscy0xIiB4MT0iMjguMDUiIHkxPSIxNi45OCIgeDI9IjI4LjA1IiB5Mj0iMTQuMjQiLz4KICAgICAgPGxpbmUgY2xhc3M9ImNscy0xIiB4MT0iMTkuNTkiIHkxPSIxNi45OCIgeDI9IjE5LjU5IiB5Mj0iMTQuMjQiLz4KICAgICAgPGxpbmUgY2xhc3M9ImNscy0xIiB4MT0iNDEuNTciIHkxPSIyLjc0IiB4Mj0iNDEuNTciLz4KICAgICAgPGxpbmUgY2xhc3M9ImNscy0xIiB4MT0iMzMuMjgiIHkxPSIyLjc0IiB4Mj0iMzMuMjgiLz4KICAgICAgPGxpbmUgY2xhc3M9ImNscy0xIiB4MT0iMjQuOTkiIHkxPSIyLjc0IiB4Mj0iMjQuOTkiLz4KICAgICAgPGxpbmUgY2xhc3M9ImNscy0xIiB4MT0iMTYuMDgiIHkxPSIyLjc0IiB4Mj0iMTYuMDgiLz4KICAgICAgPGxpbmUgY2xhc3M9ImNscy0xIiB4MT0iNDQuNjMiIHkxPSIxNi45OCIgeDI9IjQ0LjYzIiB5Mj0iMTQuMjQiLz4KICAgICAgPGxpbmUgY2xhc3M9ImNscy0xIiB4MT0iNDkuNDkiIHkxPSIyLjc0IiB4Mj0iNDkuNDkiLz4KICAgICAgPGxpbmUgY2xhc3M9ImNscy00IiB4MT0iNDAuODgiIHkxPSIxNi45OCIgeDI9IjQwLjg4IiB5Mj0iMTQuMjQiLz4KICAgICAgPGxpbmUgY2xhc3M9ImNscy00IiB4MT0iMzIuMzMiIHkxPSIxNi45OCIgeDI9IjMyLjMzIiB5Mj0iMTQuMjQiLz4KICAgICAgPGxpbmUgY2xhc3M9ImNscy00IiB4MT0iMjMuNzkiIHkxPSIxNi45OCIgeDI9IjIzLjc5IiB5Mj0iMTQuMjQiLz4KICAgICAgPGxpbmUgY2xhc3M9ImNscy00IiB4MT0iMjAuNTkiIHkxPSIyLjc0IiB4Mj0iMjAuNTkiLz4KICAgICAgPGxpbmUgY2xhc3M9ImNscy00IiB4MT0iMjkuMTMiIHkxPSIyLjc0IiB4Mj0iMjkuMTMiLz4KICAgICAgPGxpbmUgY2xhc3M9ImNscy00IiB4MT0iMzcuMTYiIHkxPSIyLjc0IiB4Mj0iMzcuMTYiLz4KICAgICAgPGxpbmUgY2xhc3M9ImNscy00IiB4MT0iNDUuNzEiIHkxPSIyLjc0IiB4Mj0iNDUuNzEiLz4KICAgIDwvZz4KICA8L2c+Cjwvc3ZnPg==\" alt=\"S\u0131cakl\u0131k\" width=\"100\" title=\"\"><\/div>\n<div class=\"temp-values\">\n<div>-40\u00b0C \/ +100\u00b0C (+125\u00b0C Short Term)<\/div>\n<div>-40\u00b0F \/ +212\u00b0F (257\u00b0F Short Term)<\/div>\n<\/div>\n<\/div>\n<div class=\"marking-section\">\n<div class=\"detail-row\">\n<div class=\"detail-label\">Branding<\/div>\n<div class=\"detail-value\">: Transfer Tape, Embossed or Inkjet<\/div>\n<\/div>\n<p><img decoding=\"async\" class=\"marking-image\" src=\"data:image\/png;base64,iVBORw0KGgoAAAANSUhEUgAAAfAAAAANCAYAAABW1zyVAAAABmJLR0QA\/wD\/AP+gvaeTAAAa00lEQVR4nO2cd1jT1\/rAP0kIYUVmkIioVSSAoqxWEHGi4qyzzrpQwVHrqtaJs1at1lGtt9VaO7S4cGsVcdSB4hYrKDJEprIEAiEh+f0RG6Wot457e+\/98XmePA\/fc877ft9zQnLOO74RONetd41qqqmmmmqqqea\/CiMdNH22wcrKig7BHREKhX9JQWlpKSejT9AhOJgdERFvZEx7LVi+kYb\/bW4L4Jbg77aimmqq+f+CSCTCTiYjOyvr7zalmudg9OeGTp07M3P2LK5cufqXFBQU5HP799+ZOy\/8jTZwDy18rHlt8f95yoEx4r\/bimqqqeb\/Cz6+vsyaMwdTUxPOnzvP8mXLKFUq31ivSCTCz9\/vleUy0jNITk7GytqaRo3cX1k+IT6BR48e0ahxY6ysXs1VVKlUXIq99Mr3\/FdTZQMXCoXExsYyYuiwKoMnTJyItbV1pbaiosdvbIQQCKl4fp9ZgD+2E8YZrgt\/2cHjfQewDRuFRYd2qDOzyJ4VTkVuHvbhs5C4uwFQkZtLzoIlaLKyMG8ViM24UARCEQ8\/W0rplWvU\/GwBxg3qG\/RmTZ6GSGaH7JPJCMzMKNwWQcnps8hXf1HJnpx5i7CfMwNEIgDK79wlZ\/4iavTpTY2e3Q3jCjb\/QNGRowjNzXD8Zj0F2yIoOnAYodQCx40bUJ4+Q+66DdTo3hXLQf3JmbcI1e34F65RpAiyX8P7Hj\/hI0Sip2\/zubNnKClREtwpmDWrVqPRaOjStSs6dBw6cPDpupubERzcCY1Gw6GDB9FoNHh5e+MgdwAg+V4S8fHxeHl74+PrQ+zFWK5fq5qNsbOzQ2Zvz+3ffwegRWAgbdq2pbCwgN27dvMgLY2g9u1xkMv56YcfABg5ehSXL13m6pUrBj1CoZBhI0bw3caNL5xrMz8\/jIxE3Eu8R6cuXdi8aVOVMY09PJBKpZSXl9O2XTsASkuVHDpwkKSkJNzc3OjctQtrV6+hvLyc4E6dEIvF7N+371WW\/Y3oN6A\/hw4cpKioyNBmZ2fH8JAQUpKT2bF9O6ZmZoz\/6CMePszh++82v9Z9TE1NGT9hAr9s20ba\/ftMnjqF306fJvZiLIMGDyYzM4Po49EAWFlbM2r0aADUajU3blwnOur4m08WEIvFTJw8GQCNRsPNGzc4HhWFTqd7JT0Ocge0Wh052dlvxa7+Awfg5FQHgKysTPbsjqSoqAg3d3d69OyBWqPh6JEj3Lh+Ax9fXxQKBVt\/\/vmt3PvvxMramk+mTaOhS0MWzp9PSUkx\/s2bs2P3Lj5f\/BlnfvvtjfSbmZmx5aefXjqmpKSEE9HRdO3WzdC2ZfP3LJw\/nyZNmvDdlu9fKp+UlMTDnBya+T09KEya8DH79+1jxqyZ+Pn7v1R+146ddO\/xPmKx3mvKzMwk0L\/5P5nZv5\/nxskdHOR06tLZ8Apq3x6RkYhefXrjWLs2Wq32mderfcieR3stOL9AjVmzdxGamaE8fQbl6TOo4uOxnzsTaY9uFB04jMRVgf3sTwGo0aM75Ql3UP52FtN3fbEIaoOptye1Nqyl5MQpNFlZOKxcBgIBlr17UnYzzqBXW1KC0w\/fUXzsOKWxl6i5cB4CIxHK02cwksnQqVQoT59BYCTCzO89lKfPUHoxFuthHyKuVw+Ltq3RlpQ8tfNuIgCW\/T\/AvE0rTDz1mQqJS0PM\/Jsh8WgEgPWIoZgHBlCRl\/\/C9SkQwK6\/ltGowriPPsLP3x9nZ2ecnZ2xtrbBReHC2PHj6TdgAABt2ralTZu2leSWLltO1+7d6Nm7FwsXLwLg05kzmD5jBtOmT6d1mzY09fRk8w9baNrUk60Rv1C3Xl2DvFAoxMvbm5WrV9GrT28AvH18+PofGxCJhHg0acKefXuxtLQkoEULwufPo2lT\/Rr1GzCARo0bV7KnS9euODk5vXSuzs7ONHRxwdzcnGZ+zXivWbMqY2bOnkVu7iM8mngwcPAg6tSpQ9du3dgRuRv7mjVp4OzMmHHjGDR4MACtWreiXfugV1nyN8bU1JRhI4ZXarO2sSF0TBgTJk0EwMPDg9FhofTu0+e171NaWkrX7t3wb+6PXC5n7PjxdO2uP4ROmDSRGpZPvRRLyxqEjgnDReGCm5sbX2\/YQJu2bV+k+pUQG4sJHRNGk6ZNcG7ozPKVKxgzbtw\/F\/wTXbp2Q6NWvxWbALp17067oHbUqVOHUaGhLFvxBXZ2dkTs2IGNjS0ymYyInTvxaOKBj68PAwYNfGv3\/jsQCoX07N2LiJ07SLt\/n5Bhw\/mgfz+mfjKNjPQMxoaGETJqJIuXLEEqlf5LbRGLxQiFQiJ37X4tealUSnJSMlcuX34t+Tp16\/D1unWvJfvvpIoHfufOHVQqFaFhYYY2Vzc3Puit\/xKuqNCgfuZDolaXv5EBpjoY9ALvG0CiUFB0+Ah5678BQFxLjmXfXiQFtKUiPx91RiZ2kycgsrbGyF7Gwy++RPu4CGmnjqgzMrGdNIFHK1aTv3Ez4lpybMaGIq4lR2BqwqNlK9GV6+03a+6HTqulOCoazaNcyq7fRP0gndx1G5D26Ebhtu0UHf4VaXAHVHcTyV23AZGlJTZjRlOR8xCJqwvZ4QspOXHqqfEiETYhwyj+9RjimjWfzMcFdXIKArEY43p1EVpZUlFYiOYlXsMWESjfIPe9Yf16Tp08abju0asnZWVlhI0dw+5du54r4+XtzagRIzASG7Fk2TIAHB1r061LZ8rKVJQqlbzfowdbf\/qZZZ9\/zpFjR3FxUZCakgqAsbExEydPxtnZmYSEBAB8fH1ITLzH\/PB5CAQC5oSHGyI6SqWSSVOnMOzDIc+1J2TUSGZ+OuOl84yPj0coFFJQUMD2iAhCRo7k4oULhv6mTZtibGzMnYQ7NA8IIDMjk4\/GjcPY2Jgjx47Sf8AAku7do7y8nJGjR7H9DVJCH0+ahFAopHlAcy5fuoxYLMbP35\/lS5dy\/fo1Vq1Zy+VLsbRu05ZtW7fS94O+PH78mAnjxxO5azdHo4\/z9br1aDSV80rq8nIc5A54+\/hwP\/U+AAKBgGmffoqfvz9JSfdYOH8BzQOaExzciamTJ\/PlmtXs2rnzuR7zxZgLuLm5k5OdQ1JSEgqFKzKZDFtbWy6cj6kyPnz2HDIyMtj8wxaaNG3Kiejo116jP\/PlipVcuXyZ+YsWonBVADDuo\/G0C2pPRkY6C+bNRyaTMWbsWBITE4m9eIGzZ84a5K1trMnLy3tr9gAcOXyEVStXEty5E3PDw3Fzd0er0zJn1izKyspITUlFKq3xVu\/5dyCXy1m24guys7IJGTqM9f\/YgKu7GyqVii3fbyYvN4\/Va9fyy7ataLU6dkbuZvnSZUQdO\/YvscfY2JigoCCOR0Vz4MABunbt+kryMpmM4M6d2L1rF2Zm5ri6ub6S\/LvvvYetnR2fLVrEzNmzX0n230mVDTz24kV6du9eqS3mUixCoT5kXKNGDWQymaHP2Nj4jQzoVwE2L3HiJa4uSLt1xn72DIoOHaHkt7MoYy5Skf\/UY9WpypEoGoJWi+O3X2NkZ4s67QHKczHU3rSBrCnTAVBnZJI9ex7mbVsjMDJCkaLfWHIWLaEwYic6tZoGF36j9Op1cubpvU5EIiQN6qNKuKOfr6sL4lq1cIr4CYlzAx6tXI22rAxxvbo4\/fw9ACWnz5DW\/0OknTuiLVPxeM9+rAbrvV1jhQuq2wkIzEyp0acXqvgEKvILXjj\/ZAEcf03v+w9mzZ1j8NxmTtevRWFBAWfPnGHosGHPlfll21bWbfgaI7GYjd98g1QqxU5mx7HoaMRiMSOHD2fvnj0ALP1iORYWUs6fO2eQLysrY+jgwSxZttTQdu7sOT6eNInzsRc5e+YMB\/btJyUl5UnfWWo7OeHfvGqYysbGBheFgoQEfYrhvWbNeJiTQ3JyMhKJhE5dOrNndySXLz3NUcXdjGP1muaIRCIqKvQnxFZtWhN382YV\/eXl5dy8eRMnJyeS7t2juLiY6OhoQkaNfO7aPHtP0Ie8I7b9UmmMq5srtZ2c2LVjB7PnzmXzpk0kJyUxdPgwPp02nYAWAdyKi6OgIJ\/pMz5l4bz5hC+Yj5+\/P9FRxyksLMSjSZNKaYQ\/5uXp5YWnlydxcTepX78+rm5udH+\/O2NCQ5k+YwY9e\/Zkx\/btzJ03jzXrvsLV1ZXJH0987lwuXrhArz59yM7OZs\/uSIYMG4p7o0akpqSSmZlZZbzvu+9SWlqKh4dHpZTLn3l2TXr06snhg4dQqVS88847yOztKx2s\/uDz5ctQlZXR0MWFiRMm4OjoyLDhIxgTOprRoWEMHDSI2IsXaN+xA2qNmj27n3pnYrEYjbpqEc0H\/fux\/Rf9QaxjcDAx589TWFhITQcHFAoFp0\/pD9x9+\/V7bg2PUx0nAloE8H6PHqSnpxMXdxOlUsmFy5c4f+4cUUePcSEmhsYejavI\/jfh0aQJderW5dt\/fMODBw+I3LWbc+fOkpaWxjcbN7Jq5UrMzM24FXeLW3Fx2NnZsWTpUm7evPnaBW4zP52BrZ0t1lbW1KghJfdRHqn3U7GQWiCztcNWJiM\/N48aVjU4e+ZMJdmC\/HzWr19PcVExlpaW1KlbB6FQSHZWNllZWZiamlKvXj0aODuzf\/8+rG0qp343fbsRc3MLlEolBYX5PHr4CHt7exzkDqhVKh4XFZGenkHomDCWL13G4CEfvvba\/isxbODujRpVCoE+i0QiMfx9+dIlrl+\/brguKy0F9IUJfw41atSaSp7fn3HQQXfti40TGBsjrlePtEHDqMjNo+LRI6yGfYj6fpphjIlnE0qvXMVY4UJZfAJF+w9i0SEIdDqM7GXotFo0OQ8BEDvWQqepQKJoSMmp33i4ZDkA6vtpVBQUkOTfElNfH2QzPsEmbCTpIy9jXLcOCIWo7+u9HYnCBeW5GErOnkM8agRUaDF2boBOWUrqB4MADIcLm9Ej0Tx8iFlgAEYOTz1wZcwFzPz9sAhqgzLmItqXbOD\/EMFLlugv8dup09y5oz+sPHr4yNC+dtVqdu3dw80bNyh4xgaRSES\/AQPYERGBnUzGgIED2bM7kjmzZhO5axcLP1vM8JAQYi\/GAvr\/ifYdOuDt42P4Qnwet+LiaNuyFQGBLWjVujXfbNrI6BD9JqnValm98ks+mT4dAZXDDTUdHMjJyaFCU0HLVq0YHRaKUlnKyuXLGRUaiourAlMTU7Zt3WqQycnOxkgsxsrKitzcXL2emg6kpqY81zYrK2vuJDytQVi7eg37Dx3k+rXrKJUlhnaJRMJnn3+Oi6sCExMTpFIpvXr3plHjxoTPnlMpb3v8WBTbIyKYPXcuP\/34I4EtW9HlGU\/iu40b6dO3LwB79+xhzLixmJmaAZCRno68lpyrlfdv4uJu4uXlRePGHmz9+Wfq16\/PnYQENm3cxJRPpuHp5UXsxViKi4tZt3Yt4fPnM2H8eFQq1XPnHRMTw6y5c3iYk0PEL9vISG9Pm7ZtuBBT1fsGmDp9GhUaDSdPnGTf3r1V+gUCAQsWL8LX1xepVIqyRMmAwYMIDGzJt998w+SpUzE3N2PD+q\/57fTpSrJRR49x\/34qwZ06075DB349fIRVX37JuI8+wtfXl4yMdEAf+p86abLhYAbg6eVZpQZjTng4fv7+1KxZk7S0ND4cOpSu3bqxZtUqJn8yFWtrG0xMTGjm50czfz8cHGqydvWaSjpat2mDt7c3BQWFhM+ZTX5ePh3bBRHQogX+Ac2Zv2ghdjIZWu1Lwoj\/BRz99VduxcWx8LPFvN+jBzu2byc7K5tp06dz+tQpFApXfj18mBaBgXw6cwapKam0b9eOgvwXp\/7+GZ99vuSl\/eXl5RyPOk55uYqAFi1IfJKWBH2efuasWS+VLywo5Ocff6Rnjx7UfBIB\/YMXHc6f5f79+2zeuJHwBQuee5j9T8CwgQe2DKRT587PHXT1yhVSkpNJSU6hY3AwHYODDX3Z2dnMmTWLlOQUpkz9pJJccXHRSzfwERXwMv\/duEF9dCoVJSdPw5Mvxor8fKSdg\/Uh6IbOWA3qz\/1e\/bAaMhjlb2cp+GkbQqkFJk2boCstRWhigsTVBU3OQ5y2\/0z27HlIFApUv8ejfhKC1JaWUnfPDvI2baZo\/yHKbt4yhNYlChdUdxPRafQfUImLCw+XfkHx0Sgs2rVBp1IhUbhQnpRs0KdTqzH19cHYuT5lN+KQKBpi5ODwRF9D8r\/bgu2YUB7vO4DxO\/X083sOZ4UQ94beN8DpU6ee+z6kp6dz6MBBBg\/5kL2Rewzt9vb2yOVyIndHIpfLGTBwILa2tqjKytBoNGRnZSOXy2nfoQOWlpZs\/yWCoPYd8PTyfOkG3rlrF1xcFKxauZLIXbtxc3fHsXZtQ3\/UsWOEjR1Dnbp1KsmVl5djZ2eHQCDg7JkzfDx5Eo8fPyY+Pp7k5CSatwioEsqzsrJCLBZTWlZqaCsrK8PW1raKXbWdnGjq2ZStP\/1kKFrJyc5mz+7dDA8J4dDBp56mSqUiJSUZ\/4DmHD8WhVQqJWzsWG7f+r1K0ZVWq33m76phpj\/6nx33B7Z2dpSVlVVpj7sZx5JlS8nPzzNsyq3btmHk6FGMDhlJ2NgxhrFe3t5UPCk+PHTgoCGv+Oxmnnb\/PoWFhTRvEUD43Dn8fusWnbt2ZfGChYD+wPLsvPr36UtGRobh+s86dTodv8fdonOXLkRHHaeoqIjxH08gJSWZ+Nu3KS9XYW8v49y5p6HvP4g6dowrly9jbGxM\/wED8X33XSZPncKIocMYOHhQpffg2c0b9FGZLZu\/r9R2+fIlevftw4noE6SmpDBx8mQux8Zy9+5dCgoKqFevHqdOnsRIbETvvn0MBXvP8uOWH1i1cqXh2tPLiwGDBjJj2nSOHD6MtZU1jrUdSXtywP9vJj09nZBhw+narRsLFi9izZeriNwdSWDLQHYd3smHQ4cS3CmY+eHzqkSG3jZqtZoL589TWqqk15P07atQUFBAdNRx\/AOa4+zi8srySffusScykvAFC15Z9t+JYQPf+O23bN703UsHjw4JeWFfj2eqBf8K7jrw\/yeupcRVgSohwbB5AxTtO4jt2DBcEm6AyIic8AWo4u8gUbhQuH0nAMZ16qDNL0Dz8BHFUSeod1hfQVywNYKSE6eQTZuCSVMPbMaMAuDBkBBKL19FvuoL7GdOB5GI1G69n9jgQvmT8LlAbISx89NwuriOExX5BUjcXTHxbELD23oPIO\/b7xDXdiTvqw3krtuAkb0M52sXETvWwsjeHtWduwilFjzesw\/5iqXk\/aNqZbUG+L5KguP1WLxkCcpS\/eMfRw4dIikpydD31Zo19O5buRAqOzublOQUFi\/5DGtra44cOkyFVsviz5fQrn0QAQEBfLZoMWVlZSxfuYImnk1pEdiCH75\/eTV0SnIKy1eswN3dHZ1Oh9xBzulTp2jQoIFhzNIln7Nte+VQ5oM0fcRFJpNRVFTEqhUrMbcwRyAQcCfhDmEjRyExMakkU9vJiczMTJQlTx97Sbx7l5atWxmu36n\/DidOn0Jeqxbnzp4lKuoYnTo9PcRu+PprQ6HfsyTEJzBmdCgSiQQjsRGD+vXH0al2lXFvgpOTE\/cSE6u0JyYmYmNtzblnQooSiQSpVMqgwYNoERhIRno6Pr6+dOrcmfFjx7F2\/Tp2bd9Brz69aeDsTMiwygVyF2JieK9ZM\/Lz8rkVF0f\/gQOIeeKBr1j1Jbm5uS+s\/p\/yyScoXBUMHzLU0Jadk82gfv0RG4sxNjYmbNQoatVyRCAQsG\/PXsrLy5FIJCg1lR9J+mr9OlQqFfJatVixfDkSiQQzMzP6D+hPu6AgjkdFvXC9zM0tKC4urtRW9LiIPj17YW5mhomJCVMmTkJmr0\/\/nYw+wYF9+zAxMaHocRF9e\/XG1NTkeaorcT81lZatWrE1IoLMzAzaBrUjbNRo3F\/jsab\/RHQ6Hfv37SPm\/HlmzZ2DmZk5eyMj+W7L9+zds5fePXpWOTz9K8jLyyMrO5u+H3zwWvL3EhORyx3w8vZ+Lfmjvx5l0pQpryX770TQoG49HejzmG9S0foiGru6VfEkhMBK9Ysrzw3jakgRSiRongn7AohsrDHxaIzqzl00mfr8i7iWHE1ePrqyMkQ21iAUUvEoF4FYjJnfe6gzsyhPvKcf61gLjJ7ujprMLHRqNWbv+QJQeuUauieFeiIba9A9CYuLRIhrO+pD+DodRnIHtEVFCCQShBYWBn3a\/AKEljXQZOfoPXmBQL\/Z5+QgsrNDnZ6B2Kk26rQHiGs7osnMRPen\/N0Okb547U1p36EDItFTRWlpaRTk56NwVRg8Dh9fXzRqdaXUiJ2dHb379qGkRMnO7dspKyujUePGtAtqx7Wr1wyedkCLAHx8fbl44SIx589Xub9HEw80mgrDY2QKVwUdg4MpKVESHRVFcnIy7o0aYWJiYqgYbRvUjnuJiYaCOIA1X33Fgf37Ofrrr39p3oOHDKFuvboGTxLAvmZNtu\/aSZvAltStWxe3J1+6JcUlnDt7Fo1Gg1wux71xI44f028WXt7e6HQ6rl39a7+L8AfePj4UFRWRlHSPDh07cvLESeztZcjltbh29Spt2rXl+LEonJycsLax5lLsJQJbtiTx7l0spFJWrl5Ft2cOExYWFgS2akl01HHea9aMjIwMtBUVONZ2JOZ8DB8OGUJxSQk3rl\/Dysqa0lIlZmbmxJw\/T8tWrXiYk4NWp8XCQlqpVgCgfv36yOztuRATg52dHV7e3hw7ehSApp6elJeXk5qaQqvWrTkZfYLS0qdRDYWr4rk6XwWRkYgOHTsCoNPqSE1J4fbt2wiFQgYM0nveF2JicHBwIP72bZp6eRrenz9o5uf3wrD\/69LMz4+8vDzu3rlTqV0ul\/N+jx4IhELOnzvHtatXeeeddwwHwf8l2rUPIigoiNWrVpGV+XZ+zKX6OfC3h2EDt7KywtTU9K3fICsrq0po0QRwffOnz\/6niRdA1QDq\/18aNW7M6LBQPh7\/0V8a\/+PWn5k2ZWqV3NXiJUvYt3fvW\/+yf5tMnDyZxLt3ObB\/\/99tSjXVVPMfjKD6t9Cr+W+hkYeHya2bN\/\/puUYoFKJwdTW5\/fvvVcZaWVmJzC0shOkPHry9B4bfMq5u7pK7dxLKKyoqqo+51VRTzQv5PwP+wQ7jI4KjAAAAAElFTkSuQmCC\" alt=\"Markalama G\u00f6rseli\" title=\"\"><\/p>\n<\/div>\n<div>\n<table style=\"width: 100%;\" cellspacing=\"0\" cellpadding=\"0\">\n<tbody>\n<tr>\n<td style=\"width: 120px; font-weight: bold;\">Norm<\/td>\n<td style=\"width: 400px; text-align: left;\">ISO 1436<br \/>\nSAE 100 R1 AT-R1 AT-R1 AT Type S<br \/>\nDIN EN 853 1 SEC<br \/>\nTS 6387 EN 853 1 SEC<\/td>\n<td style=\"width: 120px; font-weight: bold;\">Colour<\/td>\n<td style=\"width: 400px;\">\n<div class=\"color-icons\"><img decoding=\"async\" src=\"data:image\/svg+xml;base64,PHN2ZyB2aWV3Qm94PSIwIDAgMTAwIDEwMCIgeG1sbnM9Imh0dHA6Ly93d3cudzMub3JnLzIwMDAvc3ZnIj4KICA8Y2lyY2xlIGN4PSI1MCIgY3k9IjUwIiByPSI0OSIgZmlsbD0iIzAwMDAwMCIgc3Ryb2tlPSJibGFjayIgc3Ryb2tlLXdpZHRoPSIwLjUiLz4KICA8Y2lyY2xlIGN4PSI1MCIgY3k9IjUwIiByPSIzOCIgZmlsbD0id2hpdGUiIHN0cm9rZT0iYmxhY2siIHN0cm9rZS13aWR0aD0iMC41Ii8+CiAgPGNpcmNsZSBjeD0iNTAiIGN5PSI1MCIgcj0iMzMiIGZpbGw9IiMwMDAwMDAiIHN0cm9rZT0iYmxhY2siIHN0cm9rZS13aWR0aD0iMC41Ii8+CiAgPGNpcmNsZSBjeD0iNTAiIGN5PSI1MCIgcj0iMjIiIGZpbGw9IndoaXRlIiBzdHJva2U9ImJsYWNrIiBzdHJva2Utd2lkdGg9IjAuNSIvPgo8L3N2Zz4=\" alt=\"\" title=\"\"><\/div>\n<\/td>\n<\/tr>\n<\/tbody>\n<\/table>\n<\/div>\n<\/div>\n<\/div>","protected":false},"excerpt":{"rendered":"<p>&nbsp; \u00dcr\u00fcn Ad\u0131: FORCESTREAM\u00ae 1SN \u00dcr\u00fcn Kodu: HWB313 Standart: EN 853 1SN \/ SAE 100 R1 AT Tek Kat \u00c7elik Tel \u00d6rg\u00fc Kullanim Alan\u0131 : Sanayi ve tar\u0131mda orta\/y\u00fcksek bas\u0131n\u00e7l\u0131 hidrolik sistemler i\u00e7in. Alt Katman : Mineral, Bitkisel ve Hidrolik Ya\u011fa Dayan\u0131kl\u0131 \u00d6zel Sentetik Kau\u00e7uk Takviye Katman\u0131 : Tek Kat Y\u00fcksek Mukavemetli \u00c7elik Tel \u00d6rg\u00fc [&#8230;]\n","protected":false},"featured_media":20882,"comment_status":"open","ping_status":"closed","template":"","meta":{"jetpack_post_was_ever_published":false},"product_brand":[],"product_cat":[2387],"product_tag":[],"class_list":{"0":"post-20878","1":"product","2":"type-product","3":"status-publish","4":"has-post-thumbnail","6":"product_cat-orgulu_tel_hidrolik","8":"first","9":"instock","10":"taxable","11":"shipping-taxable","12":"product-type-simple"},"jetpack-related-posts":[{"id":20938,"url":"https:\/\/tuzlahortum.com.tr\/en\/product\/coldstream-1sn\/","url_meta":{"origin":20878,"position":0},"title":"COLDSTREAM 1SN","author":"admin","date":"11 August 2025","format":false,"excerpt":"\u00a0 \u00dcr\u00fcn Ad\u0131: COLDSTREAM 1SN \u00dcr\u00fcn Kodu: CS-HWB313 Standart: EN 853 1SN - SAE 100 R1 AT Tek Kat \u00c7elik Tel \u00d6rg\u00fc - D\u00fc\u015f\u00fck S\u0131cakl\u0131k -50\u00b0C Kullanim Alan\u0131 : Sanayi ve tar\u0131mda a\u015f\u0131r\u0131 d\u00fc\u015f\u00fck s\u0131cakl\u0131klarda d\u00fc\u015f\u00fck-orta bas\u0131n\u00e7l\u0131 hidrolik sistemler i\u00e7in. Alt Katman : Mineral, Bitkisel ve Hidrolik Ya\u011fa Dayan\u0131kl\u0131 \u00d6zel\u2026","rel":"","context":"Similar post","block_context":{"text":"Similar post","link":""},"img":{"alt_text":"","src":"https:\/\/i0.wp.com\/tuzlahortum.com.tr\/wp-content\/uploads\/2025\/08\/HYD_44.png?fit=572%2C572&ssl=1&resize=350%2C200","width":350,"height":200,"srcset":"https:\/\/i0.wp.com\/tuzlahortum.com.tr\/wp-content\/uploads\/2025\/08\/HYD_44.png?fit=572%2C572&ssl=1&resize=350%2C200 1x, https:\/\/i0.wp.com\/tuzlahortum.com.tr\/wp-content\/uploads\/2025\/08\/HYD_44.png?fit=572%2C572&ssl=1&resize=525%2C300 1.5x"},"classes":[]},{"id":20971,"url":"https:\/\/tuzlahortum.com.tr\/en\/product\/super-abra-1sn\/","url_meta":{"origin":20878,"position":1},"title":"SUPER ABRA 1SN","author":"admin","date":"11 August 2025","format":false,"excerpt":"\u00a0 \u00dcr\u00fcn Ad\u0131: SUPER ABRA 1SN \u00dcr\u00fcn Kodu: SA-HWB313 Standart: SAE 100 R1 AT\/DIN - EN 853 1 SN S\u00fcper Y\u00fcksek A\u015f\u0131nma, Tek Kat \u00c7elik Tel \u00d6rg\u00fc Kullanim Alan\u0131 : End\u00fcstri ve tar\u0131mda d\u00fc\u015f\u00fck-orta bas\u0131n\u00e7l\u0131 hidrolik sistemler i\u00e7in. Alt Katman : Mineral, Bitkisel ve Hidrolik Ya\u011fa Dayan\u0131kl\u0131 \u00d6zel Sentetik Kau\u00e7uk\u2026","rel":"","context":"Similar post","block_context":{"text":"Similar post","link":""},"img":{"alt_text":"","src":"https:\/\/i0.wp.com\/tuzlahortum.com.tr\/wp-content\/uploads\/2025\/08\/HYD_76.png?fit=569%2C569&ssl=1&resize=350%2C200","width":350,"height":200,"srcset":"https:\/\/i0.wp.com\/tuzlahortum.com.tr\/wp-content\/uploads\/2025\/08\/HYD_76.png?fit=569%2C569&ssl=1&resize=350%2C200 1x, https:\/\/i0.wp.com\/tuzlahortum.com.tr\/wp-content\/uploads\/2025\/08\/HYD_76.png?fit=569%2C569&ssl=1&resize=525%2C300 1.5x"},"classes":[]},{"id":20899,"url":"https:\/\/tuzlahortum.com.tr\/en\/product\/forcestreamr5\/","url_meta":{"origin":20878,"position":2},"title":"FORCESTREAM\u00aeR5","author":"admin","date":"11 August 2025","format":false,"excerpt":"\u00a0 \u00dcr\u00fcn Ad\u0131: FORCESTREAM\u00aeR5 Standart: SAE J517 100 R5 Tek Kat \u00c7elik Tel \u00d6rg\u00fc Kullanim Alan\u0131 : End\u00fcstri ve Tar\u0131mda D\u00fc\u015f\u00fck-Orta Bas\u0131n\u00e7l\u0131 Hidrolik Sistemler \u0130\u00e7in Alt Katman : Mineral, bitkisel ve hidrolik ya\u011fa dayan\u0131kl\u0131 \u00f6zel sentetik kau\u00e7uk. Takviye Katman\u0131 : Sentetik Tekstil ve Tek Kat Y\u00fcksek Mukavemetli \u00c7elik Tel \u00d6rg\u00fc\u2026","rel":"","context":"Similar post","block_context":{"text":"Similar post","link":""},"img":{"alt_text":"","src":"https:\/\/i0.wp.com\/tuzlahortum.com.tr\/wp-content\/uploads\/2025\/08\/HYD_31.png?fit=576%2C576&ssl=1&resize=350%2C200","width":350,"height":200,"srcset":"https:\/\/i0.wp.com\/tuzlahortum.com.tr\/wp-content\/uploads\/2025\/08\/HYD_31.png?fit=576%2C576&ssl=1&resize=350%2C200 1x, https:\/\/i0.wp.com\/tuzlahortum.com.tr\/wp-content\/uploads\/2025\/08\/HYD_31.png?fit=576%2C576&ssl=1&resize=525%2C300 1.5x"},"classes":[]},{"id":20872,"url":"https:\/\/tuzlahortum.com.tr\/en\/product\/forcestream1a\/","url_meta":{"origin":20878,"position":3},"title":"FORCESTREAM\u00ae1A","author":"admin","date":"11 August 2025","format":false,"excerpt":"\u00dcr\u00fcn Ad\u0131: FORCESTREAM\u00ae 1ST \u00dcr\u00fcn Kodu: HWB312 Standart: SAE 100 R1 A\/DIN-EN 853 1ST Tek Kat \u00c7elik Tel \u00d6rg\u00fc Kullanim Alan\u0131 : Sanayi ve tar\u0131mda d\u00fc\u015f\u00fck-orta bas\u0131n\u00e7l\u0131 hidrolik sistemler i\u00e7in. Alt Katman : Mineral, Bitkisel ve Hidrolik Ya\u011fa Dayan\u0131kl\u0131 \u00d6zel Sentetik Kau\u00e7uk Takviye Katman\u0131 : Tek Kat Y\u00fcksek Mukavemetli \u00c7elik\u2026","rel":"","context":"Similar post","block_context":{"text":"Similar post","link":""},"img":{"alt_text":"","src":"https:\/\/i0.wp.com\/tuzlahortum.com.tr\/wp-content\/uploads\/2025\/08\/HYD_16-1.png?fit=580%2C580&ssl=1&resize=350%2C200","width":350,"height":200,"srcset":"https:\/\/i0.wp.com\/tuzlahortum.com.tr\/wp-content\/uploads\/2025\/08\/HYD_16-1.png?fit=580%2C580&ssl=1&resize=350%2C200 1x, https:\/\/i0.wp.com\/tuzlahortum.com.tr\/wp-content\/uploads\/2025\/08\/HYD_16-1.png?fit=580%2C580&ssl=1&resize=525%2C300 1.5x"},"classes":[]},{"id":20902,"url":"https:\/\/tuzlahortum.com.tr\/en\/product\/forcestreamr17-one-wire\/","url_meta":{"origin":20878,"position":4},"title":"FORCESTREAM\u00aeR17 ONE WIRE","author":"admin","date":"11 August 2025","format":false,"excerpt":"\u00a0 \u00dcr\u00fcn Ad\u0131: FORCESTREAM\u00aeR17 ONE WIRE \u00dcr\u00fcn Kodu: HWBR17\/31C Standart: SAE 100 R17 1 veya 2 Kat \u00c7elik Tel \u00d6rg\u00fc Kullanim Alan\u0131 : End\u00fcstri ve Tar\u0131mda Orta Bas\u0131n\u00e7l\u0131 Hidrolik Sistemler \u0130\u00e7in. Alt Katman : Mineral, bitkisel ve hidrolik ya\u011fa dayan\u0131kl\u0131 \u00f6zel sentetik kau\u00e7uk. Takviye Katman\u0131 : Tek Kat Y\u00fcksek Mukavemetli\u2026","rel":"","context":"Similar post","block_context":{"text":"Similar post","link":""},"img":{"alt_text":"","src":"https:\/\/i0.wp.com\/tuzlahortum.com.tr\/wp-content\/uploads\/2025\/08\/HYD_30-1.png?fit=580%2C580&ssl=1&resize=350%2C200","width":350,"height":200,"srcset":"https:\/\/i0.wp.com\/tuzlahortum.com.tr\/wp-content\/uploads\/2025\/08\/HYD_30-1.png?fit=580%2C580&ssl=1&resize=350%2C200 1x, https:\/\/i0.wp.com\/tuzlahortum.com.tr\/wp-content\/uploads\/2025\/08\/HYD_30-1.png?fit=580%2C580&ssl=1&resize=525%2C300 1.5x"},"classes":[]},{"id":20884,"url":"https:\/\/tuzlahortum.com.tr\/en\/product\/forcestream1sc\/","url_meta":{"origin":20878,"position":5},"title":"FORCESTREAM\u00ae1SC","author":"admin","date":"11 August 2025","format":false,"excerpt":"\u00a0 \u00dcr\u00fcn Ad\u0131: FORCESTREAM\u00ae1SC \u00dcr\u00fcn Kodu: HWB315 Standart: EN 857 1SC Tek Kat \u00c7elik Tel \u00d6rg\u00fc Kullanim Alan\u0131 : Hidrolik Ya\u011flar, Mineral ve Bitkisel Ya\u011flay\u0131c\u0131lar Kullanan D\u00fc\u015f\u00fck-Orta Bas\u0131n\u00e7l\u0131 Hidrolik Sistemler \u0130\u00e7in Alt Katman : Mineral, Bitkisel ve Hidrolik Ya\u011fa Dayan\u0131kl\u0131 \u00d6zel Sentetik Kau\u00e7uk Takviye Katman\u0131 : Tek Kat Y\u00fcksek Mukavemetli\u2026","rel":"","context":"Similar post","block_context":{"text":"Similar post","link":""},"img":{"alt_text":"","src":"https:\/\/i0.wp.com\/tuzlahortum.com.tr\/wp-content\/uploads\/2025\/08\/HYD_18-1.png?fit=569%2C569&ssl=1&resize=350%2C200","width":350,"height":200,"srcset":"https:\/\/i0.wp.com\/tuzlahortum.com.tr\/wp-content\/uploads\/2025\/08\/HYD_18-1.png?fit=569%2C569&ssl=1&resize=350%2C200 1x, https:\/\/i0.wp.com\/tuzlahortum.com.tr\/wp-content\/uploads\/2025\/08\/HYD_18-1.png?fit=569%2C569&ssl=1&resize=525%2C300 1.5x"},"classes":[]}],"jetpack_sharing_enabled":true,"jetpack_likes_enabled":true,"_links":{"self":[{"href":"https:\/\/tuzlahortum.com.tr\/en\/wp-json\/wp\/v2\/product\/20878","targetHints":{"allow":["GET"]}}],"collection":[{"href":"https:\/\/tuzlahortum.com.tr\/en\/wp-json\/wp\/v2\/product"}],"about":[{"href":"https:\/\/tuzlahortum.com.tr\/en\/wp-json\/wp\/v2\/types\/product"}],"replies":[{"embeddable":true,"href":"https:\/\/tuzlahortum.com.tr\/en\/wp-json\/wp\/v2\/comments?post=20878"}],"wp:featuredmedia":[{"embeddable":true,"href":"https:\/\/tuzlahortum.com.tr\/en\/wp-json\/wp\/v2\/media\/20882"}],"wp:attachment":[{"href":"https:\/\/tuzlahortum.com.tr\/en\/wp-json\/wp\/v2\/media?parent=20878"}],"wp:term":[{"taxonomy":"product_brand","embeddable":true,"href":"https:\/\/tuzlahortum.com.tr\/en\/wp-json\/wp\/v2\/product_brand?post=20878"},{"taxonomy":"product_cat","embeddable":true,"href":"https:\/\/tuzlahortum.com.tr\/en\/wp-json\/wp\/v2\/product_cat?post=20878"},{"taxonomy":"product_tag","embeddable":true,"href":"https:\/\/tuzlahortum.com.tr\/en\/wp-json\/wp\/v2\/product_tag?post=20878"}],"curies":[{"name":"wp","href":"https:\/\/api.w.org\/{rel}","templated":true}]}}