{"id":20872,"date":"2025-08-11T10:01:12","date_gmt":"2025-08-11T07:01:12","guid":{"rendered":"https:\/\/tuzlahortum.com.tr\/urun\/forcestream1a\/"},"modified":"2025-08-21T08:35:12","modified_gmt":"2025-08-21T05:35:12","slug":"forcestream1a","status":"publish","type":"product","link":"https:\/\/tuzlahortum.com.tr\/en\/product\/forcestream1a\/","title":{"rendered":"FORCESTREAM\u00ae1A"},"content":{"rendered":"<p><!DOCTYPE html><\/p>\n<div class=\"report-container\">\n<div class=\"report-header\">\n<div class=\"standard-text\">Product Name: FORCESTREAM\u00ae 1ST<\/div>\n<div class=\"standard-text\">Product Code: HWB312<\/div>\n<div class=\"standard-text\">Standard: SAE 100 R1 A\/DIN-EN 853 1ST<\/div>\n<\/p><\/div>\n<div class=\"product-image-container\">\n<div class=\"key-feature\" >\n      Single Layer Steel Wire Mesh\n      <\/div>\n<\/p><\/div>\n<div class=\"horizontal-line\"><\/div>\n<div class=\"product-details\">\n<div class=\"detail-row\">\n<div class=\"detail-label\">Area of Use<\/div>\n<div class=\"detail-value\">: For low-medium pressure hydraulic systems in industry and agriculture.<\/div>\n<\/p><\/div>\n<div class=\"detail-row\">\n<div class=\"detail-label\">Substrate<\/div>\n<div class=\"detail-value\">: Special Synthetic Rubber Resistant to Mineral, Vegetable and Hydraulic Oils<\/div>\n<\/p><\/div>\n<div class=\"detail-row\">\n<div class=\"detail-label\">Reinforcement Layer<\/div>\n<div class=\"detail-value\">: Single Layer High Strength Steel Wire Mesh<\/div>\n<\/p><\/div>\n<div class=\"detail-row\">\n<div class=\"detail-label\">Top Layer<\/div>\n<div class=\"detail-value\">: Special Synthetic Rubber Resistant to Oil, Abrasion and Weather Conditions<\/div>\n<\/p><\/div>\n<\/p><\/div>\n<div class=\"datasheet_table\">\n        <img decoding=\"async\" class=\"alignnone size-full\" src=\"https:\/\/tuzlahortum.com.tr\/wp-content\/uploads\/2025\/08\/datasheet19.svg\">\n    <\/div>\n<div class=\"table-notes\"><\/div>\n<div class=\"horizontal-line\"><\/div>\n<div class=\"footer\">\n<div class=\"standards-section\">\n<div class=\"standard-item\" style=\"margin-top: 9px;\">\n                    <img data-recalc-dims=\"1\" width=\"1020\" decoding=\"async\" src=\"https:\/\/i0.wp.com\/tuzlahortum.com.tr\/wp-content\/uploads\/2025\/04\/msha-1.png?fit=1020%2C40&#038;ssl=1\" height=\"40\" style=\"margin-right:10px;\" alt=\"\" title=\"\"><br \/>\n                    <img data-recalc-dims=\"1\" width=\"1020\" decoding=\"async\" src=\"https:\/\/i0.wp.com\/tuzlahortum.com.tr\/wp-content\/uploads\/2025\/04\/tse-1.png?fit=1020%2C40&#038;ssl=1\" height=\"40\" style=\"margin-right:10px;\" alt=\"\" title=\"\">\n                  <\/div>\n<div class=\"standard-info\"><\/div>\n<\/p><\/div>\n<div class=\"horizontal-line\"><\/div>\n<div class=\"temperature-section\">\n<div class=\"temp-icon\">\n          <img decoding=\"async\" src=\"data:image\/svg+xml;base64,PD94bWwgdmVyc2lvbj0iMS4wIiBlbmNvZGluZz0iVVRGLTgiPz4KPHN2ZyBpZD0ia2F0bWFuXzIiIGRhdGEtbmFtZT0ia2F0bWFuIDIiIHhtbG5zPSJodHRwOi8vd3d3LnczLm9yZy8yMDAwL3N2ZyIgdmlld0JveD0iMCAwIDcyLjI3IDE2Ljk4Ij4KICA8ZGVmcz4KICAgIDxzdHlsZT4KICAgICAgLmNscy0xIHsKICAgICAgICBzdHJva2Utd2lkdGg6IC41OXB4OwogICAgICB9CgogICAgICAuY2xzLTEsIC5jbHMtMiwgLmNscy0zLCAuY2xzLTQgewogICAgICAgIGZpbGw6IG5vbmU7CiAgICAgICAgc3Ryb2tlLW1pdGVybGltaXQ6IDMuODY7CiAgICAgIH0KCiAgICAgIC5jbHMtMSwgLmNscy0zLCAuY2xzLTQgewogICAgICAgIHN0cm9rZTogI2E3YTlhYjsKICAgICAgfQoKICAgICAgLmNscy01IHsKICAgICAgICBmaWxsOiAjYTdhOWFiOwogICAgICB9CgogICAgICAuY2xzLTIgewogICAgICAgIHN0cm9rZTogI2ZmZjsKICAgICAgfQoKICAgICAgLmNscy0zIHsKICAgICAgICBzdHJva2Utd2lkdGg6IDIuMDZweDsKICAgICAgfQoKICAgICAgLmNscy00IHsKICAgICAgICBzdHJva2Utd2lkdGg6IC4ycHg7CiAgICAgIH0KICAgIDwvc3R5bGU+CiAgPC9kZWZzPgogIDxnIGlkPSJrYXRtYW5fMSIgZGF0YS1uYW1lPSJrYXRtYW4gMSI+CiAgICA8Zz4KICAgICAgPHBhdGggY2xhc3M9ImNscy0zIiBkPSJNMTEuMzQsMTEuNTdjLS45NCwxLjcxLTIuNzEsMi42Ni00LjgsMi42Ni0zLjA1LDAtNS41MS0yLjQ3LTUuNTEtNS41MlMzLjUsMy4xOSw2LjU1LDMuMTljMS45NCwwLDMuNjUsMSw0LjYzLDIuNTIiLz4KICAgICAgPGNpcmNsZSBjbGFzcz0iY2xzLTUiIGN4PSI2LjU1IiBjeT0iOC42NiIgcj0iMi40Ii8+CiAgICAgIDxjaXJjbGUgY2xhc3M9ImNscy0yIiBjeD0iNi41NSIgY3k9IjguNjYiIHI9IjIuNCIvPgogICAgICA8bGluZSBjbGFzcz0iY2xzLTMiIHgxPSI2OC4zNCIgeTE9IjExLjc2IiB4Mj0iOS45MiIgeTI9IjExLjc2Ii8+CiAgICAgIDxsaW5lIGNsYXNzPSJjbHMtMyIgeDE9IjY4Ljc4IiB5MT0iNS41MSIgeDI9IjkuNzMiIHkyPSI1LjUxIi8+CiAgICAgIDxsaW5lIGNsYXNzPSJjbHMtMyIgeDE9IjU0LjA3IiB5MT0iOC43NSIgeDI9IjguNjQiIHkyPSI4Ljc1Ii8+CiAgICAgIDxwYXRoIGNsYXNzPSJjbHMtMyIgZD0iTTY4LjE1LDUuNTVjMS43MSwwLDMuMDksMS4zOSwzLjA5LDMuMDlzLTEuOTIsMy4wNi0zLjYyLDMuMDYiLz4KICAgICAgPHBhdGggY2xhc3M9ImNscy01IiBkPSJNNTMuOTEsOC43NWMwLS4xNC4xMi0uMjYuMjYtLjI2cy4yNy4xMi4yNy4yNi0uMTIuMjctLjI3LjI3LS4yNi0uMTItLjI2LS4yN1oiLz4KICAgICAgPHBhdGggY2xhc3M9ImNscy0zIiBkPSJNNTMuOTEsOC43NWMwLS4xNC4xMi0uMjYuMjYtLjI2cy4yNy4xMi4yNy4yNi0uMTIuMjctLjI3LjI3LS4yNi0uMTItLjI2LS4yN1oiLz4KICAgICAgPGxpbmUgY2xhc3M9ImNscy0xIiB4MT0iMzYuNDMiIHkxPSIxNi45OCIgeDI9IjM2LjQzIiB5Mj0iMTQuMjQiLz4KICAgICAgPGxpbmUgY2xhc3M9ImNscy0xIiB4MT0iMjguMDUiIHkxPSIxNi45OCIgeDI9IjI4LjA1IiB5Mj0iMTQuMjQiLz4KICAgICAgPGxpbmUgY2xhc3M9ImNscy0xIiB4MT0iMTkuNTkiIHkxPSIxNi45OCIgeDI9IjE5LjU5IiB5Mj0iMTQuMjQiLz4KICAgICAgPGxpbmUgY2xhc3M9ImNscy0xIiB4MT0iNDEuNTciIHkxPSIyLjc0IiB4Mj0iNDEuNTciLz4KICAgICAgPGxpbmUgY2xhc3M9ImNscy0xIiB4MT0iMzMuMjgiIHkxPSIyLjc0IiB4Mj0iMzMuMjgiLz4KICAgICAgPGxpbmUgY2xhc3M9ImNscy0xIiB4MT0iMjQuOTkiIHkxPSIyLjc0IiB4Mj0iMjQuOTkiLz4KICAgICAgPGxpbmUgY2xhc3M9ImNscy0xIiB4MT0iMTYuMDgiIHkxPSIyLjc0IiB4Mj0iMTYuMDgiLz4KICAgICAgPGxpbmUgY2xhc3M9ImNscy0xIiB4MT0iNDQuNjMiIHkxPSIxNi45OCIgeDI9IjQ0LjYzIiB5Mj0iMTQuMjQiLz4KICAgICAgPGxpbmUgY2xhc3M9ImNscy0xIiB4MT0iNDkuNDkiIHkxPSIyLjc0IiB4Mj0iNDkuNDkiLz4KICAgICAgPGxpbmUgY2xhc3M9ImNscy00IiB4MT0iNDAuODgiIHkxPSIxNi45OCIgeDI9IjQwLjg4IiB5Mj0iMTQuMjQiLz4KICAgICAgPGxpbmUgY2xhc3M9ImNscy00IiB4MT0iMzIuMzMiIHkxPSIxNi45OCIgeDI9IjMyLjMzIiB5Mj0iMTQuMjQiLz4KICAgICAgPGxpbmUgY2xhc3M9ImNscy00IiB4MT0iMjMuNzkiIHkxPSIxNi45OCIgeDI9IjIzLjc5IiB5Mj0iMTQuMjQiLz4KICAgICAgPGxpbmUgY2xhc3M9ImNscy00IiB4MT0iMjAuNTkiIHkxPSIyLjc0IiB4Mj0iMjAuNTkiLz4KICAgICAgPGxpbmUgY2xhc3M9ImNscy00IiB4MT0iMjkuMTMiIHkxPSIyLjc0IiB4Mj0iMjkuMTMiLz4KICAgICAgPGxpbmUgY2xhc3M9ImNscy00IiB4MT0iMzcuMTYiIHkxPSIyLjc0IiB4Mj0iMzcuMTYiLz4KICAgICAgPGxpbmUgY2xhc3M9ImNscy00IiB4MT0iNDUuNzEiIHkxPSIyLjc0IiB4Mj0iNDUuNzEiLz4KICAgIDwvZz4KICA8L2c+Cjwvc3ZnPg==\" alt=\"S\u0131cakl\u0131k\" width=\"100\" title=\"\">\n        <\/div>\n<div class=\"temp-values\">\n<div>-40\u00b0C \/ +100\u00b0C (+125\u00b0C Short Term)<\/div>\n<div>-40\u00b0F \/ +212\u00b0F (257\u00b0F Short Term)<\/div>\n<\/p><\/div>\n<\/p><\/div>\n<div class=\"marking-section\">\n<div class=\"detail-row\">\n<div class=\"detail-label\">Branding<\/div>\n<div class=\"detail-value\">: Transfer Tape, Embossed or Inkjet<\/div>\n<\/p><\/div>\n<p>                <img decoding=\"async\" src=\"data:image\/png;base64,iVBORw0KGgoAAAANSUhEUgAAAfAAAAANCAYAAABW1zyVAAAABmJLR0QA\/wD\/AP+gvaeTAAAY7ElEQVR4nO2cd1SUR9fAf7sLu3SpSrXRlmJEFLFiQVQ0+iavxhaT2JGIXYRorFHTYzSxR2Nv2DURrIgIKIqdpjRFQXoTXJbd\/f7ArCJoLPmOeRN+5zznsDP3ztyZfXZm7p0ZBHZNml6hnnrqqaeeeur5n0JDBS2fTjA0NKRn714IhcKXKqCiooLwU6fp2bs3Ibt2vZExPkpo8EYl\/LNJEMBNwdu2op566qmnnr8DGs8m+Pbpw6zPZxMXd\/mlCigqKiQhPp658+e90QTeQgmTq15b\/R9PJeCv+batqKeeev7pCATVXoJKpXrLlrw8jlJHTE1NX0lHoVASEx0NQBuPNkgkklfSLyoq5uaNG5iamuIodXwlXYCbN+MpKix8Zb2nqTWBC4VCYmNjGfXJiFrCk6ZMwcjIqEZaaWnJGxkAIARGK2qna3u0wXTGFPXnkn0HKA7Zh\/G40ej37klVTi4PPp9HVU4uZrOD0HqnBQCKwkJyF32FPPMeOh3bYzJpAgINDXK\/\/o6KCxdptHAuYkcHdbkPgmYjNDDAbOY0BLq6FO\/aQ9mJk1iuWFbDntwvvsQ0aDoCsRiAytsp5Mz\/Av3+79Jg0EC1XNG2HZQe+g2BlhZWa1dQsu8gJQcOIZBIsN68noqY8+Qt\/Ql9314YjviI3CVf8+jq9Rf20X4RPHhF71ssFuM\/YYL688OHZWzdvIWJkyezft06CgoKGDx0CPE3b3L92pP6u3t3x8jImEMHDyKXy+nWvTta2looFUrCQkNp2rQp3j4+xERHc\/PGjVr1tvX05ML58wD07uNL27aeJCUlErJrN718e+Pg8ORlT09P4+D+A7XKaOnmhkKh4Mb1uvulracnAPYODmzbsqVGnoaGBgMHfUB0VBSDBg8BoLCwgN07d1FSUsKYcWOJjqq2vUvXrkgkEo6Fhb1st74WH370US07AyZNpLCgkG1bt9K8eXMGfPABx8LCuHrl1Xa1TE1NGTF6FD98+x3vtGyJR1sP1q1ZS3fv7oglEkJ\/PwpAZy8v2rVvjwoVGWnp7Nu7F4Wijh\/eKzBjZiACgZCKinKO\/n6UlNu3X1rXyNgIiURCdlb2G9kwaswYTExMkMvlREdFcT4mhoaNGvHxJx8DsDdkD2lpaQwZNpTYC7GvZOO\/jZYtW\/L5vLmIxWLmfj7nld\/Ft0XAxEn49u3zQpkjR47QtWtX9PT0AJDJZLg4SgFYunw5FhYWL9TftXMng4cMUX+OiY5m+NBhtO\/QgaXLl71AE+Jv3qRSLsfNzU2dNuqTEUScOfNCvT+jzji5ubkFvn37qJ8ePj6INET8d+AArKytUSqVTz1vvkrzUYJdHcXoeLRGZGBAeUQk5RGRyG4mYBY8gwaDBlL6eyji5k1pOG82AAb936UyJZXys+fQdmuJXi8ftFxdsFq\/mvIzZ5HfzcRy2ffVsu\/1RxafoC5XUVyC9eb1lJ0KpzwqhkaL5yPQFFMeEYnI2AiqqiiPiESlVKLr1ZnyiEgqYs5jOHwYEgcH9Lp2QfVIpi6vMjEZgAYf\/Be9Ht3Rdq\/+0iR2tui091QvNAxHfIRu544oCote2D9FAtj7cjsaNRCLxUycPAknZyfs7Oxo1qw5EokEP\/\/xfDJyJAD9+vdHKnVS6\/Tq3ZvpgTPx9unB7DmfIxAI+P7HpcwMCmLq9GloaWmxfddOWrm3YvO2rejr66t1GzZqxKQpk5k6fToAnu3a8cWixVRVyfH\/9FMmTAzAvJE5dnZ2TJw8CdcWrlhaWtVpe2DQTPLycp\/bNltbW2xtbXF1dcGjrUeNvHf798PU1BQrK2s++vhjGjduzMcjRqh\/ZIOHDiUwKAioXgh07uL16p37iri2cKWNR5saaR+PGMGkqdULVK+uXRg33g9nZ+dXLruoqIgRI0diZW2NT8+eTJk2DZFIxMBBg7AwfzIoebT1oO+7fWnSuAkzgmby4UfD36xRwNhx45A6SXFv3Zr9Bw9iYmLy0rpeXbog4M33hAYNHoR769Y4OzuzaesWrKysWLVmNY5SKRaWluzauwcdXR2GDB2KnZ3dG9f3T0RfX5+58+czd+ECFi1YyGdBwQTPmsXM4GC0tbXftnl\/CdaWlqxbs+a1IwvW1tasWbX6tXQNjYy4fvUa8fHxr6X\/PGp54MnJychkMvzGj1enSZ2cGDRgAAAKRRVyuVydJ5dXvpEB2ir48DlOgFjqSNmx4+SvqO40jUYNMfxoGGldfKjKyaUyNY2G82Yj1NNF09qK\/KXLqcrNQ9e7G1X3szCZEkDB8pXkr1yDRkMzTKdNRmRqgsjYiLxvl6IsL6+2waMNApGIshOnqMrKRpaYSFVWFvkrVqPXuydFu0IoPfQbut27UpmWRv6K1Qj1dDH290P+4AFiqQP53y+jNPTYE+MFAozHjKQ09Bga5uaP2+OAPC0dgaYmmlaWaJiZoSwvR55574V9tEkE5W8wzgXPDFKHaho0qD5lMGDgQNaurv0ytninBSG7dxF+6jRff\/ctZg0bcuH8eebMmk1ubi7WNjZcjL3IpIAAwk6ewNLKkqTEJAB69OiBT8+elJU9BMDZxYXIyLMsWbSYsNAwXFu4sunXjfy6YQO3+6Yxf85c7t2r3XZbW1uAF3pmSUnVdWZkZDBk2DBiL8Sq84YMHUZwYCCWVlbk5uYyccIELCwsCI88qw6ztW7tTovHC6lXwcLCgs9mz6biUQUSiYTMzEy8vLwInD4dK2tr2rVrR4t3WhJ5NoKWLd0QS8T4j\/PjyKFDDBk6jIuxF2uUV1FRgbmFOS4urtzLzATArVUrgmfN4uHDMubNmYunpyfNmjcjLDSUcX7jmTJ5EoqqJz+aqqoqbt64gb29HXZ2djzIzsbK2hpbOzvWrl5To76oc1HMCg5m3Hg\/nJyc+CtYMG8+dzIyOH\/pIuYWFjRr3ozAoCBKSkqY9\/kcHKVSWrq5YWllyczpM57qS0uysrL+EhtWrVhBxJkz7D14AEepFKmTE3169SIjPYOZwcE0MKg\/XfM83u3Xj0lTp7Bl0yYWL\/qCXzZsQEdHh9EjRjJoyBB2793Dgnnzar27\/2u4ubtjYmbGooVfMGfe3FfW79ipExItLdasWo2f\/\/g\/V3gKS0tLevfxZe\/u3ejr6WHTuPEr118XtSbw2AsXeL9\/\/xppMRdjEQpFABgYGGBmZqbOEz8OJ78ugxVg\/JwFkUTqQIOB72MaOI2yE6co\/T2MR3FXqMp54pmpKiuRONgDYPHzj4iMjVDk5lF26jQWy38gZ\/4iAKpycskO\/hydju1BKMTh9k0Acr\/5nqKNW1E+fIhtTASPrlwjZ0G1DgIBEns7KpNuqe3RaGiGza6tiJs3o2DVGpRFRUjsbLHaUD1Qlsdc4M5\/B6Pn4w0aGpSE7MPYf2y1vqMDsoQkhMaGGAx4H1lyMqpHj0CpfG7\/pAng5Gt430+zactmqhQKzkfHsGbVKgDCQkMZNvzDWrKHDx1i6\/YdDBs+nM0bN2FjY0PHTp04dSac0KOhBE6fzqSAAGYGByMQCLj9VDhy+7Zt3L9\/Hz9\/f6A6xDQzOAjnky4cP3aMTRt+fSl7PTzbqhcFDRo0oKWbGxFnzmBkbISrawvORkQQd+kSAMbGxupwOoBEIsFR6khGRgaWVk+8+6ysLPJyc2nStCkAu3buwm+8PxkZGbXqf7dfP44cPgxURygOHzqkztPR0cG3bx\/mz5nLtMAZhB0NJScnh37\/+Q9Z97Pw7duXTb\/+SvCsWSxauJBRY8bg3tqdxIRE2rbzrFVXcmISLq6u2NrZkZ5ebcuIUSM5fuwYFhYWDPvwQzZt3MjcBfNxa9WKc5Hnakzef3A57jJ29vZY2Vhz4vhxpFIpFuYWxN+8WUOukXkjOnXuTHfvHkRHRdXZ\/\/369+fI4cOoVKoa7e\/\/n\/9w6ODBWvKr165FU6xJZWUliYkJLPvpJ347cgRbOzsGDRnCg+xsRowayeqVq+qs7w+cnJxQKBUkJyXj5OxMZWUlKbdv4+LqSkV5OampqXi2a0daWho5Dx7U0HV2cUFbWxt7O3uysrI4dzaSI0ePEnn2LHtD9vxlC4V\/Es2aNWPewgUUFBTw5aLFzAwOQl\/fAC0tLebPmYtv3764tnDlp2XLmTx1Kunp6Xy95EvKysretul1ErJrN3JFFQ9LSsjKfoBMJqNp06YYGxtTWFRIfl4+xcXFTJ0+jYXz5hM067Ma+l8t+RJzc3M0NDVRVFaSlpGOUqGkabNmiMWaCARCUlNT8enZky2bNmHv8GQb9t69e4Ts2k1OTg5aYjFNmjdDX8+AgoJ80tPTEAgENGvaHA\/Pdvy6fgMzgmb+JW1WT+DOLi40adqkTqGnN\/cvXbzI1atX1Z8fVVQAIBKJ8PbpUUOvSl7FmfDw51ZuroL+z5u7RCIk9nZkjhhLVfYDFAUFNBg8EPmdu2oRLbeWVMRdQezggCzpFqWHf0PPuxsCiQSRoSFCLQnye\/cB0LS0QKVSIXGwpzz6PDkLFgMgz8xEUVREaqduaLd2xzRoBsaf+lF+PhZNSwsE2tpUpqZV94ODA+XR53kYHoHRqE9QKZRoNmkCKhXpvv1BBYriYgCM\/cZQdT8LXa9Oag9c4uhAxeUr6HbxQs+nOxXnL6J63H\/PY40Inj+9vxwH9u2nvKJc7eEBbNq4kY2bN1FQUFBD9r33\/0tU1Dnu3r3Le++\/R\/jp0wT4f8q1a1eJuXCBJYsXUVhQyPXr1xg8dAi2trYkJyXXWW9CfDw+3b3p7t2dDwYPxt3dnWGDh9Qp+zRmZmY8eJCNUChk3sIFWFtbI5PJ+HD4cBqZN6KiolztDRQUFNTwrgyNjCjIL6gVJhMIBBgYGPDw8eBzJjycGTMDEYvFPMh5Mhn07uPLWL9xuLi6cv36NcaMG4ujk5Tvvv5GLZObm8u2rVsZ8uEw9u\/bS1tPT4yMjAG4EHOePSF7mB4YyMYNv9LDxwctbW3y8\/MxbGBYq61JSYm0cndHqVSgVFZPzL+sXcdYv3F06NCRsNBQHmRnc2D\/ft7t14+xo8fU2WeX4+Lo3ccXmUxGfHw83j49SEiIp7KyZoSsdZs2NG\/enHv37rF18+Za5fTs1YuxfuNwbeHK5cuXGes3DmcXF65du8qYcWNxkDrW6AuAI4cPU1xcTMCkiTjYO7BuzVpGjxlDh04dOXTgIA+ys4k6d47VK1eqdfT09Ch5\/FuB6vBk0KxZgIplP\/7I5ClTUSoVLP9xGVOmTUOhqGLDL+sJmDSRoqIiJgdMrNG2T0aO4FFFBTt3bCchPp4J\/v507uJFt+7dWbFqJcOH1V6s\/psRCAT4B0zA2NiYGVOnkZeXh0\/Pnqz8+WeuXb3CqDFjuHLlCiqVimNhYZwJD2fT1q2sWruGjz8c\/rc84PbB4EF\/KpOdnc2ypUtZtGQJMpmsRl7wMxN6XVy6eJGYmBgmBASoD8ABWFlZMWXa1BfqFhYWsn7tOsaNH4+Ojs6f1vUyqH27zl6d8Rs\/vs7nclwc6WlppKel06t3b2YGBakfP39\/ZDIZ6WnpTJ8RWOOZMDHghZWPUsDz\/Hfx48VE2cnTPLp2HXnmPRQFhWi1aolALEbiYI\/RiI8o2rwNiaM95dExFG3dwcOz51DJZCgrKkAkQquFKyJDQ6y3b0LrnRZIpI7IEhKRZ9xBnnEHZdlDGodsR7\/fu5Sfj+XR1WvqRYLY0YHK1FRUj7cMJI4OlBw4RNGW7VTeSkElkyGROlKZloE8vbo8RV4eWu+0QMvFGZVSicRZikajhtXevIM9svhEtJydqEzLQLOxDbLH3n1dnBPCjTf0vgH279\/Prh07iTwbqU4rLioi\/HQ477SscYsQJ2dnzpwO51hoKHb29jRo0IDy8oeUFJdQKZfTtFkzAiZN5Ohvv3Pt6tUa++fP4tu3D127dWPzxk0snDf\/Tw+J\/EFlZSVGRsYolUrS09LQ1tbmYmwsaWlpiMUS4i7FqWX19PRQoXpKV4axiXGtMjt07IBCqSQ1NVWdtmH9erp271ZD7uyZCExMTEm5fZuzZyIwMzPj9q2a35HqqYjJswOZ8nHes+kGBgYoVbWXYkmJSbz\/\/vukpKSo05Z89SUxUdFseTzBCgQCXF1d0dXVpWmTJggEArSfGQAux8XRpWtX0lJSSU5KxtvbmyuXq2+SSCQSNDSq1+qHDx2im1cXhg8dRn5+PpqammhqPrneEBl5FkMjI1JTUzl7JgIjY2NSbt8mMqJ6++HZvoDqCXzbli1kZ2Vja2fHV998TcSZM+zcvl0tU\/HMQtW9dWuuPHVAKjMzk9KSEoqLi7l8KY6yslKKioq4cvkyjx5VUJBfQNS5c4CAzMzMWguToBmBdPPqwpJFi9HQ0OC7pT8QdymOObOqb9S87Lv3b0GlUjFz+gx+Xv4Tm7dt44NBgwg\/fRqJRIJ769ZoijXJz8ujUiZjyLChhOzbS+TZCMaOGv23nLxfhtTUVLZv3cqiJUteS\/\/G9eucfzx5vyq5ubkcCwujb\/9+mFuYv1b9daH2wH9Zt45f1294ofC40aOfm\/dev36vVLGzCtq\/wLWUSB2R3boNT52SLf09FJNJE3BIvAoiDXIXf8Wj6zcw+yxQvf+s2dgGRVERypJSSo8cpcnBEACKQ\/ZRFnYcE\/9xaLdtg9GoTwC4N\/ZTKuIuY\/H9V5gFTgWxmDv9Bzy2wUEdPkcoROzwJJyu2diaspOnkEgdkTg5Yp9QPRgVbd6GsIEBBevWk\/f9MkQGBtgnXkXT2gpNG2tkSckI9fUo2X+QRgvmULSj7qt3VcDGWhscr8eeffvUk8ewwYPV6evWrKkVRo+7dJFx4\/0oLi7meNgxTE1N+faH77l29Sq3b93mdvIt1q1fj5W1NW08PFi08Ivn1ns\/8x7ffPcdrdxb4ezs\/NInLlNTUun3eBvn2tVrxF6IRVNTk7hLlzgfE4NYLObRo0cAWFlbkZ6WptYtKiyiSl6lPmlqZW1F+NkILK2s+Pbrr2sM\/EcOH2bajBk8jUQiYeKECejq6iKRSPh0vD96erovZfeLsLS0JC01rVb63Tt30Nc3IDEhUb01JRaL6dqtG64tXImJjsG7Rw8aNmrEqhUrmRE0k0ULFvL7sTCc7J+E8HJycigpKSE5OYnbt26hr6+vXugs\/\/lnoqLO1WnX9MBAtLQkzJ87T93+yQET0dfXV\/+to6PzVF\/o1Spj284dAGhraxMTHc3U6dPx9ulBSzc3zpw+XWe9Uicp63\/5pUbanpAQRKLqFWvIrt0IhUIEAgE7tm1HKBSioaHBz8uX\/el1n6qqKvT19dmybSspKSlInaRcuHCeUWOeP379WzkWFkZ0VBTBs2ZhbWNDfHw8FRUVJCclExMTQ2cvL3r7+jIpIID0tPS3be4bEX769GtNvlC94Dl39hyfvqZ+cmISDg4Of9m5kz8Q2DZpqgL4+rtvGTBw4J\/JvzKuUif1YPsHQuAHed0nz9Uy+noItbVr7HcDiIyM0GrhQmVKqjo8rmFhjrK4BGV5OSIjIwQaIqpy8xBoaqDj6UlVTg6y5McTr6UFPOVxVGU\/QCWTod22DQKhkIq4K6geD\/Kix1fmFIWFIBSiaWON\/G4mKJVomJujLH+IQEMD4VMnsZVFxQj19ajKzUP1OESj2aQxipwcRA0bIr9zF83GNsgz76FpaVFd\/1OHAv8gRFR9eO1NEGmI8PHpWSPt9KlTdO\/hzYljx5HL5XTs1JGMjDtk3q2OOlSfXv4AHR1ddu7YQUV5OT179aJps6bs27OXvLw8pFIpPXpWXyN79mBLw4YNaW5rqw4vtW7Thk6dO3PnTga\/HT6inkB7+\/pyJjy8lmcG1Sdid4Ts5t3evn\/axv8OGIBN48YsW7pUnfbN99\/x2+Ej3Lh+Xb3vnJebqz7o5tWlCwnx8eTm5uLi6opAIHjudbVn0dXVxbOdJ6dOnqJT507cvHkTY2MTxGIxDx8+xMjQsDqE3aMHoUeP0tbTk\/T0dHx8fDAxNWX5jz+qy\/L26cHFC7G0dHMjOTkJGxsbsrMfYGJiQvsOHTh54jgNGzairKwMuVzOnYwMOnl1JiryHG09PTl+7FgN2zzaenAv8x7379+nu3d3Yi\/EUlpaSit3d\/Lz89HSkiAWS2q01VHqiFAgJCEh4aXa\/yy9+\/giEAiQV8q5cvkyeXl5tPFoQxuPtpw6eQJTUzPu3r2LsbFxjStJbq1aqSMEb0pnLy8SExLIzX0yVujp6fHBoEFItLQ4eeIEt5KTad+hAykpKbX2z+uppn2HDnw2exYH9h+gqLCQkaNHsWrlSo7+9vvf3uv+t94DV0\/ghoaG\/y\/XBbKzs2t9+VqA9O\/9Prx1EgXw6M\/F\/rF8sWQxmzdu4lZy3fvrf\/DTihUs+uILHmQ\/ObHu4urK8I+G81lQ8P+3mS\/Nxi2bCQqcWcPOeur5u6Gto8PkKVMQiYQs\/3EZpaWlb9ukel6AoP5\/odfzd8TIyFikqakhyMnJeeH\/53N0dJQkJSXJnk2XSqWSxMTEWulvi7+bPfXUU8\/\/Pv8Hsn0MPM9KTmEAAAAASUVORK5CYII=\" alt=\"Markalama G\u00f6rseli\" class=\"marking-image\" title=\"\">\n              <\/div>\n<div>\n<table cellpadding=\"0\" cellspacing=\"0\" style=\"width: 100%\">\n<tr>\n<td style=\"width: 120px;font-weight: bold;\">\n            Norm\n          <\/td>\n<td style=\"width: 400px;text-align: left;\">\n                    EN 853 1ST<br \/>\n                    DIN EN 853 1ST<br \/>\n                    SAE 100 R1A<br \/>\n                    TS 6387 \n                    <\/td>\n<td style=\"width: 120px;font-weight: bold\">\n            Colour\n          <\/td>\n<td style=\"width: 400px;\">\n<div class = \"color-icons\">\n                                          <img decoding=\"async\" src=\"data:image\/svg+xml;base64,PHN2ZyB2aWV3Qm94PSIwIDAgMTAwIDEwMCIgeG1sbnM9Imh0dHA6Ly93d3cudzMub3JnLzIwMDAvc3ZnIj4KICA8Y2lyY2xlIGN4PSI1MCIgY3k9IjUwIiByPSI0OSIgZmlsbD0iIzAwMDAwMCIgc3Ryb2tlPSJibGFjayIgc3Ryb2tlLXdpZHRoPSIwLjUiLz4KICA8Y2lyY2xlIGN4PSI1MCIgY3k9IjUwIiByPSIzOCIgZmlsbD0id2hpdGUiIHN0cm9rZT0iYmxhY2siIHN0cm9rZS13aWR0aD0iMC41Ii8+CiAgPGNpcmNsZSBjeD0iNTAiIGN5PSI1MCIgcj0iMzMiIGZpbGw9IiMwMDAwMDAiIHN0cm9rZT0iYmxhY2siIHN0cm9rZS13aWR0aD0iMC41Ii8+CiAgPGNpcmNsZSBjeD0iNTAiIGN5PSI1MCIgcj0iMjIiIGZpbGw9IndoaXRlIiBzdHJva2U9ImJsYWNrIiBzdHJva2Utd2lkdGg9IjAuNSIvPgo8L3N2Zz4=\" alt=\"\" title=\"\">\n                                      <\/div>\n<\/td>\n<\/tr>\n<\/table><\/div>\n<\/p><\/div>\n<\/p><\/div>","protected":false},"excerpt":{"rendered":"<p>\u00dcr\u00fcn Ad\u0131: FORCESTREAM\u00ae 1ST \u00dcr\u00fcn Kodu: HWB312 Standart: SAE 100 R1 A\/DIN-EN 853 1ST Tek Kat \u00c7elik Tel \u00d6rg\u00fc Kullanim Alan\u0131 : Sanayi ve tar\u0131mda d\u00fc\u015f\u00fck-orta bas\u0131n\u00e7l\u0131 hidrolik sistemler i\u00e7in. Alt Katman : Mineral, Bitkisel ve Hidrolik Ya\u011fa Dayan\u0131kl\u0131 \u00d6zel Sentetik Kau\u00e7uk Takviye Katman\u0131 : Tek Kat Y\u00fcksek Mukavemetli \u00c7elik Tel \u00d6rg\u00fc \u00dcst Katman : [&#8230;]\n","protected":false},"featured_media":20879,"comment_status":"open","ping_status":"closed","template":"","meta":{"jetpack_post_was_ever_published":false},"product_brand":[],"product_cat":[2387],"product_tag":[],"class_list":{"0":"post-20872","1":"product","2":"type-product","3":"status-publish","4":"has-post-thumbnail","6":"product_cat-orgulu_tel_hidrolik","8":"first","9":"instock","10":"taxable","11":"shipping-taxable","12":"product-type-simple"},"jetpack-related-posts":[{"id":20902,"url":"https:\/\/tuzlahortum.com.tr\/en\/product\/forcestreamr17-one-wire\/","url_meta":{"origin":20872,"position":0},"title":"FORCESTREAM\u00aeR17 ONE WIRE","author":"admin","date":"11 August 2025","format":false,"excerpt":"\u00a0 \u00dcr\u00fcn Ad\u0131: FORCESTREAM\u00aeR17 ONE WIRE \u00dcr\u00fcn Kodu: HWBR17\/31C Standart: SAE 100 R17 1 veya 2 Kat \u00c7elik Tel \u00d6rg\u00fc Kullanim Alan\u0131 : End\u00fcstri ve Tar\u0131mda Orta Bas\u0131n\u00e7l\u0131 Hidrolik Sistemler \u0130\u00e7in. Alt Katman : Mineral, bitkisel ve hidrolik ya\u011fa dayan\u0131kl\u0131 \u00f6zel sentetik kau\u00e7uk. Takviye Katman\u0131 : Tek Kat Y\u00fcksek Mukavemetli\u2026","rel":"","context":"Similar post","block_context":{"text":"Similar post","link":""},"img":{"alt_text":"","src":"https:\/\/i0.wp.com\/tuzlahortum.com.tr\/wp-content\/uploads\/2025\/08\/HYD_30-1.png?fit=580%2C580&ssl=1&resize=350%2C200","width":350,"height":200,"srcset":"https:\/\/i0.wp.com\/tuzlahortum.com.tr\/wp-content\/uploads\/2025\/08\/HYD_30-1.png?fit=580%2C580&ssl=1&resize=350%2C200 1x, https:\/\/i0.wp.com\/tuzlahortum.com.tr\/wp-content\/uploads\/2025\/08\/HYD_30-1.png?fit=580%2C580&ssl=1&resize=525%2C300 1.5x"},"classes":[]},{"id":20905,"url":"https:\/\/tuzlahortum.com.tr\/en\/product\/forcestreamr17-two-wires\/","url_meta":{"origin":20872,"position":1},"title":"FORCESTREAM\u00aeR17 TWO WIRES","author":"admin","date":"11 August 2025","format":false,"excerpt":"\u00a0 \u00dcr\u00fcn Ad\u0131: FORCESTREAM\u00aeR17 TWO WIRES \u00dcr\u00fcn Kodu: HWBR17\/32C Standart: SAE 100 R17 1 veya 2 Kat \u00c7elik Tel \u00d6rg\u00fc Kullanim Alan\u0131 : Sanayi ve Tar\u0131mda Orta Bas\u0131n\u00e7l\u0131 Hidrolik Sistemler \u0130\u00e7in Alt Katman : Mineral, Bitkisel ve Hidrolik Ya\u011flara Dayan\u0131kl\u0131 \u00d6zel Sentetik Kau\u00e7uk Takviye Katman\u0131 : \u00c7ift Kat Y\u00fcksek Mukavemetli\u2026","rel":"","context":"Similar post","block_context":{"text":"Similar post","link":""},"img":{"alt_text":"","src":"https:\/\/i0.wp.com\/tuzlahortum.com.tr\/wp-content\/uploads\/2025\/08\/HYD_30-1.png?fit=580%2C580&ssl=1&resize=350%2C200","width":350,"height":200,"srcset":"https:\/\/i0.wp.com\/tuzlahortum.com.tr\/wp-content\/uploads\/2025\/08\/HYD_30-1.png?fit=580%2C580&ssl=1&resize=350%2C200 1x, https:\/\/i0.wp.com\/tuzlahortum.com.tr\/wp-content\/uploads\/2025\/08\/HYD_30-1.png?fit=580%2C580&ssl=1&resize=525%2C300 1.5x"},"classes":[]},{"id":20875,"url":"https:\/\/tuzlahortum.com.tr\/en\/product\/forcestream2a\/","url_meta":{"origin":20872,"position":2},"title":"FORCESTREAM\u00ae2A","author":"admin","date":"11 August 2025","format":false,"excerpt":"\u00a0 \u00dcr\u00fcn Ad\u0131: FORCESTREAM 2ST \u00dcr\u00fcn Kodu: HWB322 Standart: SAE 100 R2 A\/DIN-EN 853 2ST \u00c7ift Kat \u00c7elik Tel \u00d6rg\u00fc Kullanim Alan\u0131 : Sanayi ve Tar\u0131mda D\u00fc\u015f\u00fck-Orta Bas\u0131n\u00e7l\u0131 Hidrolik Sistemler \u0130\u00e7in Alt Katman : Mineral, bitkisel ve hidrolik ya\u011fa dayan\u0131kl\u0131 \u00f6zel sentetik kau\u00e7uk Takviye Katman\u0131 : \u00c7ift Kat Y\u00fcksek Mukavemetli\u2026","rel":"","context":"Similar post","block_context":{"text":"Similar post","link":""},"img":{"alt_text":"","src":"https:\/\/i0.wp.com\/tuzlahortum.com.tr\/wp-content\/uploads\/2025\/08\/HYD_17.png?fit=581%2C581&ssl=1&resize=350%2C200","width":350,"height":200,"srcset":"https:\/\/i0.wp.com\/tuzlahortum.com.tr\/wp-content\/uploads\/2025\/08\/HYD_17.png?fit=581%2C581&ssl=1&resize=350%2C200 1x, https:\/\/i0.wp.com\/tuzlahortum.com.tr\/wp-content\/uploads\/2025\/08\/HYD_17.png?fit=581%2C581&ssl=1&resize=525%2C300 1.5x"},"classes":[]},{"id":20884,"url":"https:\/\/tuzlahortum.com.tr\/en\/product\/forcestream1sc\/","url_meta":{"origin":20872,"position":3},"title":"FORCESTREAM\u00ae1SC","author":"admin","date":"11 August 2025","format":false,"excerpt":"\u00a0 \u00dcr\u00fcn Ad\u0131: FORCESTREAM\u00ae1SC \u00dcr\u00fcn Kodu: HWB315 Standart: EN 857 1SC Tek Kat \u00c7elik Tel \u00d6rg\u00fc Kullanim Alan\u0131 : Hidrolik Ya\u011flar, Mineral ve Bitkisel Ya\u011flay\u0131c\u0131lar Kullanan D\u00fc\u015f\u00fck-Orta Bas\u0131n\u00e7l\u0131 Hidrolik Sistemler \u0130\u00e7in Alt Katman : Mineral, Bitkisel ve Hidrolik Ya\u011fa Dayan\u0131kl\u0131 \u00d6zel Sentetik Kau\u00e7uk Takviye Katman\u0131 : Tek Kat Y\u00fcksek Mukavemetli\u2026","rel":"","context":"Similar post","block_context":{"text":"Similar post","link":""},"img":{"alt_text":"","src":"https:\/\/i0.wp.com\/tuzlahortum.com.tr\/wp-content\/uploads\/2025\/08\/HYD_18-1.png?fit=569%2C569&ssl=1&resize=350%2C200","width":350,"height":200,"srcset":"https:\/\/i0.wp.com\/tuzlahortum.com.tr\/wp-content\/uploads\/2025\/08\/HYD_18-1.png?fit=569%2C569&ssl=1&resize=350%2C200 1x, https:\/\/i0.wp.com\/tuzlahortum.com.tr\/wp-content\/uploads\/2025\/08\/HYD_18-1.png?fit=569%2C569&ssl=1&resize=525%2C300 1.5x"},"classes":[]},{"id":20899,"url":"https:\/\/tuzlahortum.com.tr\/en\/product\/forcestreamr5\/","url_meta":{"origin":20872,"position":4},"title":"FORCESTREAM\u00aeR5","author":"admin","date":"11 August 2025","format":false,"excerpt":"\u00a0 \u00dcr\u00fcn Ad\u0131: FORCESTREAM\u00aeR5 Standart: SAE J517 100 R5 Tek Kat \u00c7elik Tel \u00d6rg\u00fc Kullanim Alan\u0131 : End\u00fcstri ve Tar\u0131mda D\u00fc\u015f\u00fck-Orta Bas\u0131n\u00e7l\u0131 Hidrolik Sistemler \u0130\u00e7in Alt Katman : Mineral, bitkisel ve hidrolik ya\u011fa dayan\u0131kl\u0131 \u00f6zel sentetik kau\u00e7uk. Takviye Katman\u0131 : Sentetik Tekstil ve Tek Kat Y\u00fcksek Mukavemetli \u00c7elik Tel \u00d6rg\u00fc\u2026","rel":"","context":"Similar post","block_context":{"text":"Similar post","link":""},"img":{"alt_text":"","src":"https:\/\/i0.wp.com\/tuzlahortum.com.tr\/wp-content\/uploads\/2025\/08\/HYD_31.png?fit=576%2C576&ssl=1&resize=350%2C200","width":350,"height":200,"srcset":"https:\/\/i0.wp.com\/tuzlahortum.com.tr\/wp-content\/uploads\/2025\/08\/HYD_31.png?fit=576%2C576&ssl=1&resize=350%2C200 1x, https:\/\/i0.wp.com\/tuzlahortum.com.tr\/wp-content\/uploads\/2025\/08\/HYD_31.png?fit=576%2C576&ssl=1&resize=525%2C300 1.5x"},"classes":[]},{"id":20878,"url":"https:\/\/tuzlahortum.com.tr\/en\/product\/forcestream1at\/","url_meta":{"origin":20872,"position":5},"title":"FORCESTREAM\u00ae1AT","author":"admin","date":"11 August 2025","format":false,"excerpt":"\u00a0 \u00dcr\u00fcn Ad\u0131: FORCESTREAM\u00ae 1SN \u00dcr\u00fcn Kodu: HWB313 Standart: EN 853 1SN \/ SAE 100 R1 AT Tek Kat \u00c7elik Tel \u00d6rg\u00fc Kullanim Alan\u0131 : Sanayi ve tar\u0131mda orta\/y\u00fcksek bas\u0131n\u00e7l\u0131 hidrolik sistemler i\u00e7in. Alt Katman : Mineral, Bitkisel ve Hidrolik Ya\u011fa Dayan\u0131kl\u0131 \u00d6zel Sentetik Kau\u00e7uk Takviye Katman\u0131 : Tek Kat\u2026","rel":"","context":"Similar post","block_context":{"text":"Similar post","link":""},"img":{"alt_text":"","src":"https:\/\/i0.wp.com\/tuzlahortum.com.tr\/wp-content\/uploads\/2025\/08\/HYD_18-1.png?fit=569%2C569&ssl=1&resize=350%2C200","width":350,"height":200,"srcset":"https:\/\/i0.wp.com\/tuzlahortum.com.tr\/wp-content\/uploads\/2025\/08\/HYD_18-1.png?fit=569%2C569&ssl=1&resize=350%2C200 1x, https:\/\/i0.wp.com\/tuzlahortum.com.tr\/wp-content\/uploads\/2025\/08\/HYD_18-1.png?fit=569%2C569&ssl=1&resize=525%2C300 1.5x"},"classes":[]}],"jetpack_sharing_enabled":true,"jetpack_likes_enabled":true,"_links":{"self":[{"href":"https:\/\/tuzlahortum.com.tr\/en\/wp-json\/wp\/v2\/product\/20872","targetHints":{"allow":["GET"]}}],"collection":[{"href":"https:\/\/tuzlahortum.com.tr\/en\/wp-json\/wp\/v2\/product"}],"about":[{"href":"https:\/\/tuzlahortum.com.tr\/en\/wp-json\/wp\/v2\/types\/product"}],"replies":[{"embeddable":true,"href":"https:\/\/tuzlahortum.com.tr\/en\/wp-json\/wp\/v2\/comments?post=20872"}],"wp:featuredmedia":[{"embeddable":true,"href":"https:\/\/tuzlahortum.com.tr\/en\/wp-json\/wp\/v2\/media\/20879"}],"wp:attachment":[{"href":"https:\/\/tuzlahortum.com.tr\/en\/wp-json\/wp\/v2\/media?parent=20872"}],"wp:term":[{"taxonomy":"product_brand","embeddable":true,"href":"https:\/\/tuzlahortum.com.tr\/en\/wp-json\/wp\/v2\/product_brand?post=20872"},{"taxonomy":"product_cat","embeddable":true,"href":"https:\/\/tuzlahortum.com.tr\/en\/wp-json\/wp\/v2\/product_cat?post=20872"},{"taxonomy":"product_tag","embeddable":true,"href":"https:\/\/tuzlahortum.com.tr\/en\/wp-json\/wp\/v2\/product_tag?post=20872"}],"curies":[{"name":"wp","href":"https:\/\/api.w.org\/{rel}","templated":true}]}}