{"id":1360,"date":"2019-02-11T14:35:18","date_gmt":"2019-02-11T11:35:18","guid":{"rendered":"http:\/\/hortum.com.tr\/?post_type=product&#038;p=1360"},"modified":"2024-03-21T17:39:23","modified_gmt":"2024-03-21T14:39:23","slug":"paslanmaz-kamlok-kilitleme-kolu","status":"publish","type":"product","link":"https:\/\/tuzlahortum.com.tr\/en\/product\/paslanmaz-kamlok-kilitleme-kolu\/","title":{"rendered":"Stainless Camlock Locking Lever"},"content":{"rendered":"<h2>Stainless Camlock Locking Lever<\/h2>\n<p>https:\/\/www.youtube.com\/watch?v=O8ZlzKEjfEQ<\/p>","protected":false},"excerpt":{"rendered":"<p>Paslanmaz Kamlok Kilitleme Kolu https:\/\/www.youtube.com\/watch?v=O8ZlzKEjfEQ<\/p>","protected":false},"featured_media":8073,"comment_status":"open","ping_status":"closed","template":"","meta":{"jetpack_post_was_ever_published":false},"product_brand":[],"product_cat":[106],"product_tag":[269,744,745,746,742,666,741,743],"class_list":{"0":"post-1360","1":"product","2":"type-product","3":"status-publish","4":"has-post-thumbnail","6":"product_cat-kamlok-aksesuarlari","7":"product_tag-kamlok","8":"product_tag-kamlok-contasi","9":"product_tag-kamlok-kilitleme-kolu","10":"product_tag-kamlok-kolu","11":"product_tag-parca","12":"product_tag-paslanmaz","13":"product_tag-yedek","14":"product_tag-yedek-parca","16":"first","17":"instock","18":"taxable","19":"shipping-taxable","20":"product-type-variable"},"jetpack-related-posts":[{"id":4365,"url":"https:\/\/tuzlahortum.com.tr\/en\/product\/kamlok-kilitleme-kolu\/","url_meta":{"origin":1360,"position":0},"title":"Camlock Locking Lever","author":"\u0130smail \u00c7elik","date":"22 February 2019","format":false,"excerpt":"Kamlok Kilitleme Koluhttps:\/\/www.youtube.com\/watch?v=O8ZlzKEjfEQ","rel":"","context":"Similar post","block_context":{"text":"Similar post","link":""},"img":{"alt_text":"","src":"https:\/\/i0.wp.com\/tuzlahortum.com.tr\/wp-content\/uploads\/2019\/02\/Kollar-ve-Pimler2.jpg?fit=653%2C579&ssl=1&resize=350%2C200","width":350,"height":200,"srcset":"https:\/\/i0.wp.com\/tuzlahortum.com.tr\/wp-content\/uploads\/2019\/02\/Kollar-ve-Pimler2.jpg?fit=653%2C579&ssl=1&resize=350%2C200 1x, https:\/\/i0.wp.com\/tuzlahortum.com.tr\/wp-content\/uploads\/2019\/02\/Kollar-ve-Pimler2.jpg?fit=653%2C579&ssl=1&resize=525%2C300 1.5x"},"classes":[]},{"id":1356,"url":"https:\/\/tuzlahortum.com.tr\/en\/product\/viton-contalar\/","url_meta":{"origin":1360,"position":1},"title":"Viton Gaskets","author":"\u0130smail \u00c7elik","date":"11 February 2019","format":false,"excerpt":"Viton Contalarhttps:\/\/www.youtube.com\/watch?v=O8ZlzKEjfEQ","rel":"","context":"Similar post","block_context":{"text":"Similar post","link":""},"img":{"alt_text":"","src":"https:\/\/i0.wp.com\/tuzlahortum.com.tr\/wp-content\/uploads\/2019\/03\/Viton-Contalar.jpg?fit=700%2C500&ssl=1&resize=350%2C200","width":350,"height":200,"srcset":"https:\/\/i0.wp.com\/tuzlahortum.com.tr\/wp-content\/uploads\/2019\/03\/Viton-Contalar.jpg?fit=700%2C500&ssl=1&resize=350%2C200 1x, https:\/\/i0.wp.com\/tuzlahortum.com.tr\/wp-content\/uploads\/2019\/03\/Viton-Contalar.jpg?fit=700%2C500&ssl=1&resize=525%2C300 1.5x, https:\/\/i0.wp.com\/tuzlahortum.com.tr\/wp-content\/uploads\/2019\/03\/Viton-Contalar.jpg?fit=700%2C500&ssl=1&resize=700%2C400 2x"},"classes":[]},{"id":1358,"url":"https:\/\/tuzlahortum.com.tr\/en\/product\/silikon-contalar\/","url_meta":{"origin":1360,"position":2},"title":"Silicone Gaskets","author":"\u0130smail \u00c7elik","date":"11 February 2019","format":false,"excerpt":"Silikon Contalarhttps:\/\/www.youtube.com\/watch?v=O8ZlzKEjfEQ","rel":"","context":"Similar post","block_context":{"text":"Similar post","link":""},"img":{"alt_text":"","src":"https:\/\/i0.wp.com\/tuzlahortum.com.tr\/wp-content\/uploads\/2019\/03\/Silikon-Contalar.jpg?fit=700%2C500&ssl=1&resize=350%2C200","width":350,"height":200,"srcset":"https:\/\/i0.wp.com\/tuzlahortum.com.tr\/wp-content\/uploads\/2019\/03\/Silikon-Contalar.jpg?fit=700%2C500&ssl=1&resize=350%2C200 1x, https:\/\/i0.wp.com\/tuzlahortum.com.tr\/wp-content\/uploads\/2019\/03\/Silikon-Contalar.jpg?fit=700%2C500&ssl=1&resize=525%2C300 1.5x, https:\/\/i0.wp.com\/tuzlahortum.com.tr\/wp-content\/uploads\/2019\/03\/Silikon-Contalar.jpg?fit=700%2C500&ssl=1&resize=700%2C400 2x"},"classes":[]},{"id":1354,"url":"https:\/\/tuzlahortum.com.tr\/en\/product\/nbr-kaucuk-contalar\/","url_meta":{"origin":1360,"position":3},"title":"NBR Rubber Seals","author":"\u0130smail \u00c7elik","date":"11 February 2019","format":false,"excerpt":"NBR Kau\u00e7uk Contalarhttps:\/\/www.youtube.com\/watch?v=O8ZlzKEjfEQ","rel":"","context":"Similar post","block_context":{"text":"Similar post","link":""},"img":{"alt_text":"","src":"https:\/\/i0.wp.com\/tuzlahortum.com.tr\/wp-content\/uploads\/2019\/03\/NBR-Kaucuk-Contalar.jpg?fit=700%2C500&ssl=1&resize=350%2C200","width":350,"height":200,"srcset":"https:\/\/i0.wp.com\/tuzlahortum.com.tr\/wp-content\/uploads\/2019\/03\/NBR-Kaucuk-Contalar.jpg?fit=700%2C500&ssl=1&resize=350%2C200 1x, https:\/\/i0.wp.com\/tuzlahortum.com.tr\/wp-content\/uploads\/2019\/03\/NBR-Kaucuk-Contalar.jpg?fit=700%2C500&ssl=1&resize=525%2C300 1.5x, https:\/\/i0.wp.com\/tuzlahortum.com.tr\/wp-content\/uploads\/2019\/03\/NBR-Kaucuk-Contalar.jpg?fit=700%2C500&ssl=1&resize=700%2C400 2x"},"classes":[]},{"id":12686,"url":"https:\/\/tuzlahortum.com.tr\/en\/product\/e-tipi-paslanmaz-kamlok-304\/","url_meta":{"origin":1360,"position":4},"title":"E Type Stainless Camlock (304)","author":"admin","date":"13 September 2023","format":false,"excerpt":"E Tipi Paslanmaz Kamlok (304)PASLANMAZ KAMLOK (E T\u0130P\u0130) ERKEK VE HORTUMA GE\u00c7ME \u00a0\u015eEKL\u0130 OLUP EKLEME MODEL\u0130 OLARAK \u00a0M\u00dc\u015eTER\u0130M\u0130ZE SUNMAKTAYIZ KULLANIM ALANLARI K\u0130MYEV\u0130 MADDE AS\u0130T , SOLVENT , PETROL VB T\u00dcM K\u0130MYASALLAR \u0130\u00c7\u0130N DEM\u0130R \u00c7EL\u0130K FABR\u0130KALARINDA SICAK ORTAMLAR DA GEM\u0130 SEKT\u00d6R\u00dc DEN\u0130Z SUYU VB B\u0130R \u00c7OK AMACA UYGUN KULLANIM KOLAYLI\u011eI VE\u2026","rel":"","context":"Similar post","block_context":{"text":"Similar post","link":""},"img":{"alt_text":"","src":"https:\/\/i0.wp.com\/tuzlahortum.com.tr\/wp-content\/uploads\/2019\/02\/316E-1.jpg?fit=1200%2C1187&ssl=1&resize=350%2C200","width":350,"height":200,"srcset":"https:\/\/i0.wp.com\/tuzlahortum.com.tr\/wp-content\/uploads\/2019\/02\/316E-1.jpg?fit=1200%2C1187&ssl=1&resize=350%2C200 1x, https:\/\/i0.wp.com\/tuzlahortum.com.tr\/wp-content\/uploads\/2019\/02\/316E-1.jpg?fit=1200%2C1187&ssl=1&resize=525%2C300 1.5x, https:\/\/i0.wp.com\/tuzlahortum.com.tr\/wp-content\/uploads\/2019\/02\/316E-1.jpg?fit=1200%2C1187&ssl=1&resize=700%2C400 2x, https:\/\/i0.wp.com\/tuzlahortum.com.tr\/wp-content\/uploads\/2019\/02\/316E-1.jpg?fit=1200%2C1187&ssl=1&resize=1050%2C600 3x"},"classes":[]},{"id":12709,"url":"https:\/\/tuzlahortum.com.tr\/en\/product\/f-tipi-paslanmaz-kamlok-304\/","url_meta":{"origin":1360,"position":5},"title":"F Type Stainless Camlock (304)","author":"admin","date":"13 September 2023","format":false,"excerpt":"F Tipi Paslanmaz Kamlok (304)PASLANMAZ KAMLOK \u00a0 ( F T\u0130P\u0130) DI\u015eTAN D\u0130\u015eL\u0130 OLUP GENELL\u0130KLE BSP BORU D\u0130\u015e SE\u00c7ENE\u011e\u0130YLE M\u00dc\u015eTER\u0130M\u0130ZE SUNMAKTAYIZ KULLANIM ALANLARI K\u0130MYEV\u0130 MADDE AS\u0130T , SOLVENT , PETROL VB T\u00dcM K\u0130MYASALLAR \u0130\u00c7\u0130N DEM\u0130R \u00c7EL\u0130K FABR\u0130KALARINDA SICAK ORTAMLAR DA GEM\u0130 SEKT\u00d6R\u00dc DEN\u0130Z SUYU VB B\u0130R \u00c7OK AMACA UYGUN KULLANIM KOLAYLI\u011eI\u2026","rel":"","context":"Similar post","block_context":{"text":"Similar post","link":""},"img":{"alt_text":"","src":"https:\/\/i0.wp.com\/tuzlahortum.com.tr\/wp-content\/uploads\/2019\/02\/316F-1-1.jpg?fit=1200%2C1187&ssl=1&resize=350%2C200","width":350,"height":200,"srcset":"https:\/\/i0.wp.com\/tuzlahortum.com.tr\/wp-content\/uploads\/2019\/02\/316F-1-1.jpg?fit=1200%2C1187&ssl=1&resize=350%2C200 1x, https:\/\/i0.wp.com\/tuzlahortum.com.tr\/wp-content\/uploads\/2019\/02\/316F-1-1.jpg?fit=1200%2C1187&ssl=1&resize=525%2C300 1.5x, https:\/\/i0.wp.com\/tuzlahortum.com.tr\/wp-content\/uploads\/2019\/02\/316F-1-1.jpg?fit=1200%2C1187&ssl=1&resize=700%2C400 2x, https:\/\/i0.wp.com\/tuzlahortum.com.tr\/wp-content\/uploads\/2019\/02\/316F-1-1.jpg?fit=1200%2C1187&ssl=1&resize=1050%2C600 3x"},"classes":[]}],"jetpack_sharing_enabled":true,"jetpack_likes_enabled":true,"_links":{"self":[{"href":"https:\/\/tuzlahortum.com.tr\/en\/wp-json\/wp\/v2\/product\/1360","targetHints":{"allow":["GET"]}}],"collection":[{"href":"https:\/\/tuzlahortum.com.tr\/en\/wp-json\/wp\/v2\/product"}],"about":[{"href":"https:\/\/tuzlahortum.com.tr\/en\/wp-json\/wp\/v2\/types\/product"}],"replies":[{"embeddable":true,"href":"https:\/\/tuzlahortum.com.tr\/en\/wp-json\/wp\/v2\/comments?post=1360"}],"wp:featuredmedia":[{"embeddable":true,"href":"https:\/\/tuzlahortum.com.tr\/en\/wp-json\/wp\/v2\/media\/8073"}],"wp:attachment":[{"href":"https:\/\/tuzlahortum.com.tr\/en\/wp-json\/wp\/v2\/media?parent=1360"}],"wp:term":[{"taxonomy":"product_brand","embeddable":true,"href":"https:\/\/tuzlahortum.com.tr\/en\/wp-json\/wp\/v2\/product_brand?post=1360"},{"taxonomy":"product_cat","embeddable":true,"href":"https:\/\/tuzlahortum.com.tr\/en\/wp-json\/wp\/v2\/product_cat?post=1360"},{"taxonomy":"product_tag","embeddable":true,"href":"https:\/\/tuzlahortum.com.tr\/en\/wp-json\/wp\/v2\/product_tag?post=1360"}],"curies":[{"name":"wp","href":"https:\/\/api.w.org\/{rel}","templated":true}]}}