{"id":13244,"date":"2024-03-28T17:35:48","date_gmt":"2024-03-28T14:35:48","guid":{"rendered":"https:\/\/tuzlahortum.com.tr\/?post_type=product&#038;p=13244"},"modified":"2025-08-20T11:57:53","modified_gmt":"2025-08-20T08:57:53","slug":"flow-jak-musluk-adaptoru","status":"publish","type":"product","link":"https:\/\/tuzlahortum.com.tr\/en\/product\/flow-jak-musluk-adaptoru\/","title":{"rendered":"FLOW JACK TAP ADAPTER"},"content":{"rendered":"<p>FLOW JACK TAP ADAPTER<\/p>\n<p>Designed to make your garden irrigation systems compatible with taps, the FLOW JAK Tap Adapter offers a practical and reliable solution.<\/p>\n<p>Features:<\/p>\n<ol>\n<li><strong>Universal Compatibility<\/strong>: FLOW JAK Faucet Adapter is designed to be compatible with most standard faucets. In this way, you can easily connect your garden irrigation equipment to your taps.<\/li>\n<li><strong>Durable Material<\/strong>: Made of high quality materials, the faucet adapter has a solid structure for long-lasting use. Made from durable materials such as stainless steel or sturdy plastic.<\/li>\n<li><strong>Easy assembling<\/strong>: Thanks to its simple assembly, you can attach the faucet adapter to your faucet quickly and smoothly. It does not require any additional tools or equipment.<\/li>\n<li><strong>Sealing<\/strong>: Thanks to its reliable seals, the tap adapter ensures a leak-proof connection. In this way, it ensures that water flows efficiently and prevents water loss.<\/li>\n<li><strong>Practical Use<\/strong>: With its user-friendly design, FLOW JAK Faucet Adapter makes your garden irrigation works easier. It simply and effectively integrates your taps into your garden irrigation systems.<\/li>\n<\/ol>\n<p>To make irrigation works in your garden more efficient, FLOW JAK Faucet Adapter stands out with its robust structure and useful features.<\/p>","protected":false},"excerpt":{"rendered":"<p>FLOW JAK MUSLUK ADAPT\u00d6R\u00dc Bah\u00e7e sulama sistemlerinizi musluklarla uyumlu hale getirmek i\u00e7in tasarlanan FLOW JAK Musluk Adapt\u00f6r\u00fc, pratik ve g\u00fcvenilir bir \u00e7\u00f6z\u00fcm sunar. \u00d6zellikler: Evrensel Uyumluluk: FLOW JAK Musluk Adapt\u00f6r\u00fc, \u00e7o\u011fu standart muslukla uyumlu olarak tasarlanm\u0131\u015ft\u0131r. Bu sayede bah\u00e7e sulama ekipmanlar\u0131n\u0131z\u0131 musluklar\u0131n\u0131za kolayca ba\u011flayabilirsiniz. Dayan\u0131kl\u0131 Malzeme: Y\u00fcksek kaliteli malzemelerden \u00fcretilmi\u015f olan musluk adapt\u00f6r\u00fc, uzun \u00f6m\u00fcrl\u00fc [&#8230;]\n","protected":false},"featured_media":13273,"comment_status":"open","ping_status":"closed","template":"","meta":{"jetpack_post_was_ever_published":true},"product_brand":[],"product_cat":[2347],"product_tag":[],"class_list":{"0":"post-13244","1":"product","2":"type-product","3":"status-publish","4":"has-post-thumbnail","6":"product_cat-bahce","8":"first","9":"instock","10":"taxable","11":"shipping-taxable","12":"product-type-simple"},"jetpack-related-posts":[{"id":13230,"url":"https:\/\/tuzlahortum.com.tr\/en\/product\/flow-luks-jak-1-2-hortum-govde\/","url_meta":{"origin":13244,"position":0},"title":"FLOW LUXURY JACK 1\/2 HOSE BODY","author":"admin","date":"28 March 2024","format":false,"excerpt":"FLOW L\u00dcKS JAK 1\/2 HORTUM G\u00d6VDE FLOW L\u00dcKS JAK 1\/2 Hortum G\u00f6vdesi, bah\u00e7e sulama sistemlerinizde g\u00fcvenilir bir ba\u011flant\u0131 sa\u011flamak i\u00e7in tasarlanm\u0131\u015ft\u0131r. \u00d6zellikler: Dayan\u0131kl\u0131 Yap\u0131: Y\u00fcksek kaliteli malzemeden \u00fcretilmi\u015ftir ve uzun \u00f6m\u00fcrl\u00fc kullan\u0131m i\u00e7in dayan\u0131kl\u0131 bir yap\u0131ya sahiptir. Paslanmaz \u00e7elik veya sa\u011flam plastik gibi malzemeler kullan\u0131larak g\u00fcvenilir bir ba\u011flant\u0131 sa\u011flar. Evrensel\u2026","rel":"","context":"Similar post","block_context":{"text":"Similar post","link":""},"img":{"alt_text":"","src":"https:\/\/i0.wp.com\/tuzlahortum.com.tr\/wp-content\/uploads\/2024\/03\/jak_luks_hortum_govde_7.jpg?fit=800%2C800&ssl=1&resize=350%2C200","width":350,"height":200,"srcset":"https:\/\/i0.wp.com\/tuzlahortum.com.tr\/wp-content\/uploads\/2024\/03\/jak_luks_hortum_govde_7.jpg?fit=800%2C800&ssl=1&resize=350%2C200 1x, https:\/\/i0.wp.com\/tuzlahortum.com.tr\/wp-content\/uploads\/2024\/03\/jak_luks_hortum_govde_7.jpg?fit=800%2C800&ssl=1&resize=525%2C300 1.5x, https:\/\/i0.wp.com\/tuzlahortum.com.tr\/wp-content\/uploads\/2024\/03\/jak_luks_hortum_govde_7.jpg?fit=800%2C800&ssl=1&resize=700%2C400 2x"},"classes":[]},{"id":13237,"url":"https:\/\/tuzlahortum.com.tr\/en\/product\/flow-eko-jak-1-2-hortum-ekleme\/","url_meta":{"origin":13244,"position":1},"title":"FLOW ECO JACK 1\/2 HOSE ADDING","author":"admin","date":"28 March 2024","format":false,"excerpt":"FLOW EKO JAK 1\/2 HORTUM EKLEME FLOW EKO JAK 1\/2 Hortum Eklemesi, bah\u00e7e sulama sistemlerinizde kullan\u0131m\u0131 kolay ve g\u00fcvenilir bir ba\u011flant\u0131 sa\u011flar. \u00d6zellikler: Evrensel Uyumluluk: Bu hortum eklemesi, \u00e7o\u011fu standart bah\u00e7e sulama ekipman\u0131yla uyumlu olarak tasarlanm\u0131\u015ft\u0131r. Farkl\u0131 \u00e7aplardaki hortumlar\u0131 birle\u015ftirmek i\u00e7in idealdir ve geni\u015f bir uyumluluk sa\u011flar. Dayan\u0131kl\u0131 Malzeme: Y\u00fcksek\u2026","rel":"","context":"Similar post","block_context":{"text":"Similar post","link":""},"img":{"alt_text":"","src":"https:\/\/i0.wp.com\/tuzlahortum.com.tr\/wp-content\/uploads\/2024\/03\/jak_eko_hortum_ekleme_2.jpg?fit=800%2C800&ssl=1&resize=350%2C200","width":350,"height":200,"srcset":"https:\/\/i0.wp.com\/tuzlahortum.com.tr\/wp-content\/uploads\/2024\/03\/jak_eko_hortum_ekleme_2.jpg?fit=800%2C800&ssl=1&resize=350%2C200 1x, https:\/\/i0.wp.com\/tuzlahortum.com.tr\/wp-content\/uploads\/2024\/03\/jak_eko_hortum_ekleme_2.jpg?fit=800%2C800&ssl=1&resize=525%2C300 1.5x, https:\/\/i0.wp.com\/tuzlahortum.com.tr\/wp-content\/uploads\/2024\/03\/jak_eko_hortum_ekleme_2.jpg?fit=800%2C800&ssl=1&resize=700%2C400 2x"},"classes":[]},{"id":13246,"url":"https:\/\/tuzlahortum.com.tr\/en\/product\/flow-luks-jak-3-4-hortum-ekleme\/","url_meta":{"origin":13244,"position":2},"title":"FLOW LUXURY JACK 3\/4 HOSE ADDING","author":"admin","date":"28 March 2024","format":false,"excerpt":"FLOW LUXE JACK 3\/4 HOSE CONNECTOR Designed to ensure compatibility among your garden irrigation equipment, the FLOW LUXE JACK 3\/4 Hose Connector makes your watering tasks easier and more efficient. Features: Universal Compatibility: This jack is compatible with 3\/4\" diameter hoses, allowing you to connect different irrigation equipment to each other. It ensures the smooth operation of your garden's irrigation systems...","rel":"","context":"Similar post","block_context":{"text":"Similar post","link":""},"img":{"alt_text":"","src":"https:\/\/i0.wp.com\/tuzlahortum.com.tr\/wp-content\/uploads\/2024\/03\/jak_luks_hortum_ekleme_2.jpg?fit=800%2C800&ssl=1&resize=350%2C200","width":350,"height":200,"srcset":"https:\/\/i0.wp.com\/tuzlahortum.com.tr\/wp-content\/uploads\/2024\/03\/jak_luks_hortum_ekleme_2.jpg?fit=800%2C800&ssl=1&resize=350%2C200 1x, https:\/\/i0.wp.com\/tuzlahortum.com.tr\/wp-content\/uploads\/2024\/03\/jak_luks_hortum_ekleme_2.jpg?fit=800%2C800&ssl=1&resize=525%2C300 1.5x, https:\/\/i0.wp.com\/tuzlahortum.com.tr\/wp-content\/uploads\/2024\/03\/jak_luks_hortum_ekleme_2.jpg?fit=800%2C800&ssl=1&resize=700%2C400 2x"},"classes":[]},{"id":13236,"url":"https:\/\/tuzlahortum.com.tr\/en\/product\/flow-eko-jak-3-4-hortum-ekleme\/","url_meta":{"origin":13244,"position":3},"title":"FLOW ECO JACK 3\/4 HOSE ADDING","author":"admin","date":"28 March 2024","format":false,"excerpt":"FLOW EKO JAK 3\/4 HORTUM EKLEME FLOW EKO JAK 3\/4 Hortum Eklemesi, bah\u00e7e sulama sistemlerinizde kullan\u0131m\u0131 kolay ve verimli bir ba\u011flant\u0131 sa\u011flar. \u00d6zellikler: Evrensel Uyumluluk: Bu hortum eklemesi, \u00e7o\u011fu standart bah\u00e7e sulama ekipman\u0131yla uyumlu olarak tasarlanm\u0131\u015ft\u0131r. Farkl\u0131 \u00e7aplardaki hortumlar\u0131 birle\u015ftirmek i\u00e7in idealdir ve geni\u015f bir uyumluluk sa\u011flar. Dayan\u0131kl\u0131 Malzeme: Y\u00fcksek\u2026","rel":"","context":"Similar post","block_context":{"text":"Similar post","link":""},"img":{"alt_text":"","src":"https:\/\/i0.wp.com\/tuzlahortum.com.tr\/wp-content\/uploads\/2024\/03\/jak_eko_hortum_ekleme_2.jpg?fit=800%2C800&ssl=1&resize=350%2C200","width":350,"height":200,"srcset":"https:\/\/i0.wp.com\/tuzlahortum.com.tr\/wp-content\/uploads\/2024\/03\/jak_eko_hortum_ekleme_2.jpg?fit=800%2C800&ssl=1&resize=350%2C200 1x, https:\/\/i0.wp.com\/tuzlahortum.com.tr\/wp-content\/uploads\/2024\/03\/jak_eko_hortum_ekleme_2.jpg?fit=800%2C800&ssl=1&resize=525%2C300 1.5x, https:\/\/i0.wp.com\/tuzlahortum.com.tr\/wp-content\/uploads\/2024\/03\/jak_eko_hortum_ekleme_2.jpg?fit=800%2C800&ssl=1&resize=700%2C400 2x"},"classes":[]},{"id":13247,"url":"https:\/\/tuzlahortum.com.tr\/en\/product\/flow-luks-jak-1-2-3-4-hortum-ekleme\/","url_meta":{"origin":13244,"position":4},"title":"FLOW LUXURY JACK 1\/2-3\/4 HOSE ADDING","author":"admin","date":"28 March 2024","format":false,"excerpt":"FLOW L\u00dcKS JAK 1\/2-3\/4 HORTUM EKLEME Bah\u00e7e sulama i\u015flerinizi kolayla\u015ft\u0131ran ve hortumlar\u0131n\u0131z aras\u0131ndaki uyumu sa\u011flayan FLOW L\u00dcKS JAK, bah\u00e7enizin bak\u0131m\u0131n\u0131 daha keyifli hale getirir. \u00d6zellikler: Evrensel Uyumluluk: Bu jak, 1\/2\" ve 3\/4\" hortumlar\u0131 bir araya getirir, b\u00f6ylece farkl\u0131 \u00e7aplardaki hortumlar\u0131 sorunsuzca birbirine ba\u011flayabilirsiniz. Bah\u00e7enizdeki farkl\u0131 sulama ekipmanlar\u0131 aras\u0131nda uyum sa\u011flar.\u2026","rel":"","context":"Similar post","block_context":{"text":"Similar post","link":""},"img":{"alt_text":"","src":"https:\/\/i0.wp.com\/tuzlahortum.com.tr\/wp-content\/uploads\/2024\/03\/jak_luks_hortum_ekleme_dusurucu_2.jpg?fit=800%2C800&ssl=1&resize=350%2C200","width":350,"height":200,"srcset":"https:\/\/i0.wp.com\/tuzlahortum.com.tr\/wp-content\/uploads\/2024\/03\/jak_luks_hortum_ekleme_dusurucu_2.jpg?fit=800%2C800&ssl=1&resize=350%2C200 1x, https:\/\/i0.wp.com\/tuzlahortum.com.tr\/wp-content\/uploads\/2024\/03\/jak_luks_hortum_ekleme_dusurucu_2.jpg?fit=800%2C800&ssl=1&resize=525%2C300 1.5x, https:\/\/i0.wp.com\/tuzlahortum.com.tr\/wp-content\/uploads\/2024\/03\/jak_luks_hortum_ekleme_dusurucu_2.jpg?fit=800%2C800&ssl=1&resize=700%2C400 2x"},"classes":[]},{"id":13235,"url":"https:\/\/tuzlahortum.com.tr\/en\/product\/flow-eko-jak-1-2-3-4-disi-uc\/","url_meta":{"origin":13244,"position":5},"title":"FLOW ECO JACK 1\/2 \u2013 3\/4 FEMALE END","author":"admin","date":"28 March 2024","format":false,"excerpt":"FLOW EKO JAK 1\/2 - 3\/4 D\u0130\u015e\u0130 U\u00c7 FLOW EKO JAK - 1\/2\" - 3\/4\" Di\u015fi U\u00e7, bah\u00e7e sulama sistemlerindeki uyumluluk sorunlar\u0131n\u0131 gidermek ve daha etkili bir sulama deneyimi sunmak i\u00e7in tasarlanm\u0131\u015ft\u0131r. \u00d6zellikler: Evrensel Uyumluluk: Bu di\u015fi u\u00e7, \u00e7o\u011fu standart bah\u00e7e sulama ekipman\u0131yla uyumlu olarak tasarlanm\u0131\u015ft\u0131r. Farkl\u0131 \u00e7aplardaki hortumlar\u0131 ve\u2026","rel":"","context":"Similar post","block_context":{"text":"Similar post","link":""},"img":{"alt_text":"","src":"https:\/\/i0.wp.com\/tuzlahortum.com.tr\/wp-content\/uploads\/2024\/03\/jak_eko_disi_uc_1.jpg?fit=800%2C800&ssl=1&resize=350%2C200","width":350,"height":200,"srcset":"https:\/\/i0.wp.com\/tuzlahortum.com.tr\/wp-content\/uploads\/2024\/03\/jak_eko_disi_uc_1.jpg?fit=800%2C800&ssl=1&resize=350%2C200 1x, https:\/\/i0.wp.com\/tuzlahortum.com.tr\/wp-content\/uploads\/2024\/03\/jak_eko_disi_uc_1.jpg?fit=800%2C800&ssl=1&resize=525%2C300 1.5x, https:\/\/i0.wp.com\/tuzlahortum.com.tr\/wp-content\/uploads\/2024\/03\/jak_eko_disi_uc_1.jpg?fit=800%2C800&ssl=1&resize=700%2C400 2x"},"classes":[]}],"jetpack_sharing_enabled":true,"jetpack_likes_enabled":true,"_links":{"self":[{"href":"https:\/\/tuzlahortum.com.tr\/en\/wp-json\/wp\/v2\/product\/13244","targetHints":{"allow":["GET"]}}],"collection":[{"href":"https:\/\/tuzlahortum.com.tr\/en\/wp-json\/wp\/v2\/product"}],"about":[{"href":"https:\/\/tuzlahortum.com.tr\/en\/wp-json\/wp\/v2\/types\/product"}],"replies":[{"embeddable":true,"href":"https:\/\/tuzlahortum.com.tr\/en\/wp-json\/wp\/v2\/comments?post=13244"}],"wp:featuredmedia":[{"embeddable":true,"href":"https:\/\/tuzlahortum.com.tr\/en\/wp-json\/wp\/v2\/media\/13273"}],"wp:attachment":[{"href":"https:\/\/tuzlahortum.com.tr\/en\/wp-json\/wp\/v2\/media?parent=13244"}],"wp:term":[{"taxonomy":"product_brand","embeddable":true,"href":"https:\/\/tuzlahortum.com.tr\/en\/wp-json\/wp\/v2\/product_brand?post=13244"},{"taxonomy":"product_cat","embeddable":true,"href":"https:\/\/tuzlahortum.com.tr\/en\/wp-json\/wp\/v2\/product_cat?post=13244"},{"taxonomy":"product_tag","embeddable":true,"href":"https:\/\/tuzlahortum.com.tr\/en\/wp-json\/wp\/v2\/product_tag?post=13244"}],"curies":[{"name":"wp","href":"https:\/\/api.w.org\/{rel}","templated":true}]}}