{"id":13243,"date":"2024-03-28T17:35:48","date_gmt":"2024-03-28T14:35:48","guid":{"rendered":"https:\/\/tuzlahortum.com.tr\/?post_type=product&#038;p=13243"},"modified":"2025-08-20T11:57:43","modified_gmt":"2025-08-20T08:57:43","slug":"flow-eko-bahce-sulama-nozul-seti","status":"publish","type":"product","link":"https:\/\/tuzlahortum.com.tr\/en\/product\/flow-eko-bahce-sulama-nozul-seti\/","title":{"rendered":"FLOW ECO GARDEN IRRIGATION NOZZLE SET"},"content":{"rendered":"<p>FLOW ECO GARDEN IRRIGATION NOZZLE SET<\/p>\n<p>Designed to meet your garden irrigation needs, FLOW ECO Garden Watering Nozzle Set offers a practical and effective irrigation solution. The set consists of four parts in total: a nozzle, two hose bodies and a female tip.<\/p>\n<p>Features:<\/p>\n<ol>\n<li><strong>nozzle<\/strong>: The nozzle that is part of the set is designed to meet different irrigation requirements. It offers a variety of irrigation options with adjustable spray modes.<\/li>\n<li><strong>Hose Bodies<\/strong>: Two hose bodies are used to connect the nozzle to the hose. They are made of durable materials and provide long-lasting use.<\/li>\n<li><strong>Female End<\/strong>: The female end, which is a part of the set, is used to connect the hose bodies to the tap. Provides a reliable connection.<\/li>\n<li><strong>Practical Set<\/strong>: With all its parts, FLOW ECO Garden Irrigation Nozzle Set makes your garden irrigation works easier and increases efficiency. It is practical to use with its simple assembly.<\/li>\n<\/ol>\n<p>Ideal to meet the irrigation needs of your garden, FLOW ECO Garden Irrigation Nozzle Set attracts attention with its user-friendly design and effective performance.<\/p>","protected":false},"excerpt":{"rendered":"<p>FLOW EKO BAH\u00c7E SULAMA NOZUL SET\u0130 Bah\u00e7e sulama ihtiya\u00e7lar\u0131n\u0131z\u0131 kar\u015f\u0131lamak i\u00e7in tasarlanan FLOW EKO Bah\u00e7e Sulama Nozul Seti, pratik ve etkili bir sulama \u00e7\u00f6z\u00fcm\u00fc sunar. Set, bir nozul, iki hortum g\u00f6vde ve bir di\u015fi u\u00e7 olmak \u00fczere toplamda d\u00f6rt par\u00e7adan olu\u015fur. \u00d6zellikler: Nozul: Setin bir par\u00e7as\u0131 olan nozul, farkl\u0131 sulama gereksinimlerini kar\u015f\u0131lamak i\u00e7in tasarlanm\u0131\u015ft\u0131r. Ayarlanabilir [&#8230;]\n","protected":false},"featured_media":13311,"comment_status":"open","ping_status":"closed","template":"","meta":{"jetpack_post_was_ever_published":false},"product_brand":[],"product_cat":[2347],"product_tag":[],"class_list":{"0":"post-13243","1":"product","2":"type-product","3":"status-publish","4":"has-post-thumbnail","6":"product_cat-bahce","8":"first","9":"instock","10":"taxable","11":"shipping-taxable","12":"product-type-simple"},"jetpack-related-posts":[],"jetpack_sharing_enabled":true,"jetpack_likes_enabled":true,"_links":{"self":[{"href":"https:\/\/tuzlahortum.com.tr\/en\/wp-json\/wp\/v2\/product\/13243","targetHints":{"allow":["GET"]}}],"collection":[{"href":"https:\/\/tuzlahortum.com.tr\/en\/wp-json\/wp\/v2\/product"}],"about":[{"href":"https:\/\/tuzlahortum.com.tr\/en\/wp-json\/wp\/v2\/types\/product"}],"replies":[{"embeddable":true,"href":"https:\/\/tuzlahortum.com.tr\/en\/wp-json\/wp\/v2\/comments?post=13243"}],"wp:featuredmedia":[{"embeddable":true,"href":"https:\/\/tuzlahortum.com.tr\/en\/wp-json\/wp\/v2\/media\/13311"}],"wp:attachment":[{"href":"https:\/\/tuzlahortum.com.tr\/en\/wp-json\/wp\/v2\/media?parent=13243"}],"wp:term":[{"taxonomy":"product_brand","embeddable":true,"href":"https:\/\/tuzlahortum.com.tr\/en\/wp-json\/wp\/v2\/product_brand?post=13243"},{"taxonomy":"product_cat","embeddable":true,"href":"https:\/\/tuzlahortum.com.tr\/en\/wp-json\/wp\/v2\/product_cat?post=13243"},{"taxonomy":"product_tag","embeddable":true,"href":"https:\/\/tuzlahortum.com.tr\/en\/wp-json\/wp\/v2\/product_tag?post=13243"}],"curies":[{"name":"wp","href":"https:\/\/api.w.org\/{rel}","templated":true}]}}