{"id":13242,"date":"2024-03-28T17:35:48","date_gmt":"2024-03-28T14:35:48","guid":{"rendered":"https:\/\/tuzlahortum.com.tr\/?post_type=product&#038;p=13242"},"modified":"2025-08-20T11:57:47","modified_gmt":"2025-08-20T08:57:47","slug":"flow-eko-bahce-sulama-tabancasi-seti","status":"publish","type":"product","link":"https:\/\/tuzlahortum.com.tr\/en\/product\/flow-eko-bahce-sulama-tabancasi-seti\/","title":{"rendered":"FLOW ECO GARDEN WATERING GUN SET"},"content":{"rendered":"<p>FLOW ECO GARDEN WATERING GUN SET<\/p>\n<p>Designed to meet your garden irrigation needs, FLOW ECO Garden Watering Nozzle Set offers a practical and effective irrigation solution. The set consists of four parts in total: a gun, two hose bodies and a female tip.<\/p>\n<p>Features:<\/p>\n<ol>\n<li><strong>Gun<\/strong>: The gun that is part of the set is designed to meet different irrigation requirements. It offers a variety of irrigation options with adjustable spray modes.<\/li>\n<li><strong>Hose Bodies<\/strong>: Two hose bodies are used to connect the gun to the hose. They are made of durable materials and provide long-lasting use.<\/li>\n<li><strong>Female End<\/strong>: The female end, which is part of the set, is used to join the hose bodies and connect the gun to the hose. Provides a reliable connection.<\/li>\n<li><strong>Practical Set<\/strong>: With all its parts, FLOW ECO Garden Watering Gun Set makes your garden irrigation works easier and increases efficiency. It is practical to use with its simple assembly.<\/li>\n<\/ol>\n<p>Ideal to meet the irrigation needs of your garden, FLOW ECO Garden Watering Gun Set attracts attention with its user-friendly design and effective performance.<\/p>\n<p>&nbsp;<\/p>","protected":false},"excerpt":{"rendered":"<p>FLOW EKO BAH\u00c7E SULAMA TABANCASI SET\u0130 Bah\u00e7e sulama ihtiya\u00e7lar\u0131n\u0131z\u0131 kar\u015f\u0131lamak i\u00e7in tasarlanan FLOW EKO Bah\u00e7e Sulama Nozul Seti, pratik ve etkili bir sulama \u00e7\u00f6z\u00fcm\u00fc sunar. Set, bir tabanca, iki hortum g\u00f6vde ve bir di\u015fi u\u00e7 olmak \u00fczere toplamda d\u00f6rt par\u00e7adan olu\u015fur. \u00d6zellikler: Tabanca: Setin bir par\u00e7as\u0131 olan tabanca, farkl\u0131 sulama gereksinimlerini kar\u015f\u0131lamak i\u00e7in tasarlanm\u0131\u015ft\u0131r. Ayarlanabilir [&#8230;]\n","protected":false},"featured_media":13309,"comment_status":"open","ping_status":"closed","template":"","meta":{"jetpack_post_was_ever_published":false},"product_brand":[],"product_cat":[2347],"product_tag":[],"class_list":{"0":"post-13242","1":"product","2":"type-product","3":"status-publish","4":"has-post-thumbnail","6":"product_cat-bahce","8":"first","9":"instock","10":"taxable","11":"shipping-taxable","12":"product-type-simple"},"jetpack-related-posts":[{"id":13243,"url":"https:\/\/tuzlahortum.com.tr\/en\/product\/flow-eko-bahce-sulama-nozul-seti\/","url_meta":{"origin":13242,"position":0},"title":"FLOW ECO GARDEN IRRIGATION NOZZLE SET","author":"admin","date":"28 March 2024","format":false,"excerpt":"FLOW EKO BAH\u00c7E SULAMA NOZUL SET\u0130 Bah\u00e7e sulama ihtiya\u00e7lar\u0131n\u0131z\u0131 kar\u015f\u0131lamak i\u00e7in tasarlanan FLOW EKO Bah\u00e7e Sulama Nozul Seti, pratik ve etkili bir sulama \u00e7\u00f6z\u00fcm\u00fc sunar. Set, bir nozul, iki hortum g\u00f6vde ve bir di\u015fi u\u00e7 olmak \u00fczere toplamda d\u00f6rt par\u00e7adan olu\u015fur. \u00d6zellikler: Nozul: Setin bir par\u00e7as\u0131 olan nozul, farkl\u0131 sulama\u2026","rel":"","context":"Similar post","block_context":{"text":"Similar post","link":""},"img":{"alt_text":"","src":"https:\/\/i0.wp.com\/tuzlahortum.com.tr\/wp-content\/uploads\/2024\/03\/bahce_nozul_seti_3.jpg?fit=800%2C800&ssl=1&resize=350%2C200","width":350,"height":200,"srcset":"https:\/\/i0.wp.com\/tuzlahortum.com.tr\/wp-content\/uploads\/2024\/03\/bahce_nozul_seti_3.jpg?fit=800%2C800&ssl=1&resize=350%2C200 1x, https:\/\/i0.wp.com\/tuzlahortum.com.tr\/wp-content\/uploads\/2024\/03\/bahce_nozul_seti_3.jpg?fit=800%2C800&ssl=1&resize=525%2C300 1.5x, https:\/\/i0.wp.com\/tuzlahortum.com.tr\/wp-content\/uploads\/2024\/03\/bahce_nozul_seti_3.jpg?fit=800%2C800&ssl=1&resize=700%2C400 2x"},"classes":[]},{"id":13225,"url":"https:\/\/tuzlahortum.com.tr\/en\/product\/flow-uzayan-hortum-seti-45-mt\/","url_meta":{"origin":13242,"position":1},"title":"FLOW EXTENDING HOSE SET \u2013 45 MT","author":"admin","date":"28 March 2024","format":false,"excerpt":"FLOW Expanding Hose Set - 45 MT The FLOW Expanding Hose Set - 45 Meters is a product designed to simplify your garden watering tasks. It includes a flexible hose that can extend from 15 meters to 45 meters with water pressure. Additionally, it automatically retracts when the faucet is turned off. Features: Flexible Length: With water pressure, the hose can extend from 10...","rel":"","context":"Similar post","block_context":{"text":"Similar post","link":""},"img":{"alt_text":"FLOW UZAYAN HORTUM SET\u0130 - 45 MT","src":"https:\/\/i0.wp.com\/tuzlahortum.com.tr\/wp-content\/uploads\/2024\/03\/uzayan_hortum_4.jpg?fit=800%2C800&ssl=1&resize=350%2C200","width":350,"height":200,"srcset":"https:\/\/i0.wp.com\/tuzlahortum.com.tr\/wp-content\/uploads\/2024\/03\/uzayan_hortum_4.jpg?fit=800%2C800&ssl=1&resize=350%2C200 1x, https:\/\/i0.wp.com\/tuzlahortum.com.tr\/wp-content\/uploads\/2024\/03\/uzayan_hortum_4.jpg?fit=800%2C800&ssl=1&resize=525%2C300 1.5x, https:\/\/i0.wp.com\/tuzlahortum.com.tr\/wp-content\/uploads\/2024\/03\/uzayan_hortum_4.jpg?fit=800%2C800&ssl=1&resize=700%2C400 2x"},"classes":[]},{"id":13226,"url":"https:\/\/tuzlahortum.com.tr\/en\/product\/flow-uzayan-hortum-seti-30-mt\/","url_meta":{"origin":13242,"position":2},"title":"FLOW EXTENDING HOSE SET \u2013 30 MT","author":"admin","date":"28 March 2024","format":false,"excerpt":"FLOW UZAYAN HORTUM SET\u0130 - 30 MT FLOW Uzayan Hortum Seti - 30 Metre, bah\u00e7e sulama i\u015flerinizi kolayla\u015ft\u0131rmak i\u00e7in tasarlanm\u0131\u015f bir \u00fcr\u00fcnd\u00fcr. Suyun bas\u0131nc\u0131yla 10 metreden 30 metreye kadar uzayabilen esnek bir hortumu i\u00e7erir. Ayr\u0131ca, musluk kapat\u0131ld\u0131\u011f\u0131nda otomatik olarak toplan\u0131r. \u00d6zellikler: Esnek Uzunluk: Suyun bas\u0131nc\u0131yla hortum, kullan\u0131c\u0131 ihtiyac\u0131na g\u00f6re 10\u2026","rel":"","context":"Similar post","block_context":{"text":"Similar post","link":""},"img":{"alt_text":"FLOW UZAYAN HORTUM SET\u0130 - 15 MT","src":"https:\/\/i0.wp.com\/tuzlahortum.com.tr\/wp-content\/uploads\/2024\/03\/uzayan_hortum_1.jpg?fit=800%2C800&ssl=1&resize=350%2C200","width":350,"height":200,"srcset":"https:\/\/i0.wp.com\/tuzlahortum.com.tr\/wp-content\/uploads\/2024\/03\/uzayan_hortum_1.jpg?fit=800%2C800&ssl=1&resize=350%2C200 1x, https:\/\/i0.wp.com\/tuzlahortum.com.tr\/wp-content\/uploads\/2024\/03\/uzayan_hortum_1.jpg?fit=800%2C800&ssl=1&resize=525%2C300 1.5x, https:\/\/i0.wp.com\/tuzlahortum.com.tr\/wp-content\/uploads\/2024\/03\/uzayan_hortum_1.jpg?fit=800%2C800&ssl=1&resize=700%2C400 2x"},"classes":[]},{"id":13227,"url":"https:\/\/tuzlahortum.com.tr\/en\/product\/flow-uzayan-hortum-seti-15-mt\/","url_meta":{"origin":13242,"position":3},"title":"FLOW EXTENDING HOSE SET \u2013 15 MT","author":"admin","date":"28 March 2024","format":false,"excerpt":"FLOW UZAYAN HORTUM SET\u0130 - 15 MT FLOW Uzayan Hortum Seti - 15 Metre, bah\u00e7e sulama i\u015flerinizi kolayla\u015ft\u0131rmak i\u00e7in tasarlanm\u0131\u015f bir \u00fcr\u00fcnd\u00fcr. Suyun bas\u0131nc\u0131yla 5 metreden 15 metreye kadar uzayabilen esnek bir hortumu i\u00e7erir. Ayr\u0131ca, musluk kapat\u0131ld\u0131\u011f\u0131nda otomatik olarak toplan\u0131r. \u00d6zellikler: Esnek Uzunluk: Suyun bas\u0131nc\u0131yla hortum, kullan\u0131c\u0131 ihtiyac\u0131na g\u00f6re 10\u2026","rel":"","context":"Similar post","block_context":{"text":"Similar post","link":""},"img":{"alt_text":"FLOW UZAYAN HORTUM SET\u0130 - 15 MT","src":"https:\/\/i0.wp.com\/tuzlahortum.com.tr\/wp-content\/uploads\/2024\/03\/uzayan_hortum_2.jpg?fit=800%2C800&ssl=1&resize=350%2C200","width":350,"height":200,"srcset":"https:\/\/i0.wp.com\/tuzlahortum.com.tr\/wp-content\/uploads\/2024\/03\/uzayan_hortum_2.jpg?fit=800%2C800&ssl=1&resize=350%2C200 1x, https:\/\/i0.wp.com\/tuzlahortum.com.tr\/wp-content\/uploads\/2024\/03\/uzayan_hortum_2.jpg?fit=800%2C800&ssl=1&resize=525%2C300 1.5x, https:\/\/i0.wp.com\/tuzlahortum.com.tr\/wp-content\/uploads\/2024\/03\/uzayan_hortum_2.jpg?fit=800%2C800&ssl=1&resize=700%2C400 2x"},"classes":[]},{"id":13235,"url":"https:\/\/tuzlahortum.com.tr\/en\/product\/flow-eko-jak-1-2-3-4-disi-uc\/","url_meta":{"origin":13242,"position":4},"title":"FLOW ECO JACK 1\/2 \u2013 3\/4 FEMALE END","author":"admin","date":"28 March 2024","format":false,"excerpt":"FLOW EKO JAK 1\/2 - 3\/4 D\u0130\u015e\u0130 U\u00c7 FLOW EKO JAK - 1\/2\" - 3\/4\" Di\u015fi U\u00e7, bah\u00e7e sulama sistemlerindeki uyumluluk sorunlar\u0131n\u0131 gidermek ve daha etkili bir sulama deneyimi sunmak i\u00e7in tasarlanm\u0131\u015ft\u0131r. \u00d6zellikler: Evrensel Uyumluluk: Bu di\u015fi u\u00e7, \u00e7o\u011fu standart bah\u00e7e sulama ekipman\u0131yla uyumlu olarak tasarlanm\u0131\u015ft\u0131r. Farkl\u0131 \u00e7aplardaki hortumlar\u0131 ve\u2026","rel":"","context":"Similar post","block_context":{"text":"Similar post","link":""},"img":{"alt_text":"","src":"https:\/\/i0.wp.com\/tuzlahortum.com.tr\/wp-content\/uploads\/2024\/03\/jak_eko_disi_uc_1.jpg?fit=800%2C800&ssl=1&resize=350%2C200","width":350,"height":200,"srcset":"https:\/\/i0.wp.com\/tuzlahortum.com.tr\/wp-content\/uploads\/2024\/03\/jak_eko_disi_uc_1.jpg?fit=800%2C800&ssl=1&resize=350%2C200 1x, https:\/\/i0.wp.com\/tuzlahortum.com.tr\/wp-content\/uploads\/2024\/03\/jak_eko_disi_uc_1.jpg?fit=800%2C800&ssl=1&resize=525%2C300 1.5x, https:\/\/i0.wp.com\/tuzlahortum.com.tr\/wp-content\/uploads\/2024\/03\/jak_eko_disi_uc_1.jpg?fit=800%2C800&ssl=1&resize=700%2C400 2x"},"classes":[]},{"id":13234,"url":"https:\/\/tuzlahortum.com.tr\/en\/product\/flow-eko-jak-govde-ekleme-uu\/","url_meta":{"origin":13242,"position":5},"title":"FLOW ECO JACK \u2013 BODY ADD (UU)","author":"admin","date":"28 March 2024","format":false,"excerpt":"FLOW EKO JAK - G\u00d6VDE EKLEME (UU) FLOW EKO JAK - G\u00f6vde Ekleme (UU), bah\u00e7e sulama sistemlerinizdeki uyumluluk sorunlar\u0131n\u0131 \u00e7\u00f6zmek ve daha etkili bir sulama deneyimi sa\u011flamak i\u00e7in tasarlanm\u0131\u015ft\u0131r. \u00d6zellikler: Evrensel Uyumluluk: Bu g\u00f6vde eklemesi, \u00e7o\u011fu standart bah\u00e7e sulama ekipman\u0131yla uyumlu olarak tasarlanm\u0131\u015ft\u0131r. Farkl\u0131 \u00e7ap ve yap\u0131daki hortumlarla sorunsuz bir\u2026","rel":"","context":"Similar post","block_context":{"text":"Similar post","link":""},"img":{"alt_text":"","src":"https:\/\/i0.wp.com\/tuzlahortum.com.tr\/wp-content\/uploads\/2024\/03\/jak_eko_hortum_ekleme_uu.jpg?fit=800%2C800&ssl=1&resize=350%2C200","width":350,"height":200,"srcset":"https:\/\/i0.wp.com\/tuzlahortum.com.tr\/wp-content\/uploads\/2024\/03\/jak_eko_hortum_ekleme_uu.jpg?fit=800%2C800&ssl=1&resize=350%2C200 1x, https:\/\/i0.wp.com\/tuzlahortum.com.tr\/wp-content\/uploads\/2024\/03\/jak_eko_hortum_ekleme_uu.jpg?fit=800%2C800&ssl=1&resize=525%2C300 1.5x, https:\/\/i0.wp.com\/tuzlahortum.com.tr\/wp-content\/uploads\/2024\/03\/jak_eko_hortum_ekleme_uu.jpg?fit=800%2C800&ssl=1&resize=700%2C400 2x"},"classes":[]}],"jetpack_sharing_enabled":true,"jetpack_likes_enabled":true,"_links":{"self":[{"href":"https:\/\/tuzlahortum.com.tr\/en\/wp-json\/wp\/v2\/product\/13242","targetHints":{"allow":["GET"]}}],"collection":[{"href":"https:\/\/tuzlahortum.com.tr\/en\/wp-json\/wp\/v2\/product"}],"about":[{"href":"https:\/\/tuzlahortum.com.tr\/en\/wp-json\/wp\/v2\/types\/product"}],"replies":[{"embeddable":true,"href":"https:\/\/tuzlahortum.com.tr\/en\/wp-json\/wp\/v2\/comments?post=13242"}],"wp:featuredmedia":[{"embeddable":true,"href":"https:\/\/tuzlahortum.com.tr\/en\/wp-json\/wp\/v2\/media\/13309"}],"wp:attachment":[{"href":"https:\/\/tuzlahortum.com.tr\/en\/wp-json\/wp\/v2\/media?parent=13242"}],"wp:term":[{"taxonomy":"product_brand","embeddable":true,"href":"https:\/\/tuzlahortum.com.tr\/en\/wp-json\/wp\/v2\/product_brand?post=13242"},{"taxonomy":"product_cat","embeddable":true,"href":"https:\/\/tuzlahortum.com.tr\/en\/wp-json\/wp\/v2\/product_cat?post=13242"},{"taxonomy":"product_tag","embeddable":true,"href":"https:\/\/tuzlahortum.com.tr\/en\/wp-json\/wp\/v2\/product_tag?post=13242"}],"curies":[{"name":"wp","href":"https:\/\/api.w.org\/{rel}","templated":true}]}}