{"id":13239,"date":"2024-03-28T17:35:48","date_gmt":"2024-03-28T14:35:48","guid":{"rendered":"https:\/\/tuzlahortum.com.tr\/?post_type=product&#038;p=13239"},"modified":"2025-08-20T11:58:02","modified_gmt":"2025-08-20T08:58:02","slug":"flow-ky-metal-govdeli-bahce-tabancasi","status":"publish","type":"product","link":"https:\/\/tuzlahortum.com.tr\/en\/product\/flow-ky-metal-govdeli-bahce-tabancasi\/","title":{"rendered":"FLOW KY METAL BODY GARDEN GUN"},"content":{"rendered":"<p>FLOW KY METAL BODY GARDEN GUN<\/p>\n<p>FLOW KY Metal Body Garden Gun is designed to make your garden irrigation works easier with its durable structure and ease of use.<\/p>\n<p>Features:<\/p>\n<ol>\n<li><strong>Metal Body<\/strong>: The solid metal body of the gun provides long-term and durable use. It is made of stainless steel and is resistant to external factors.<\/li>\n<li><strong>Ergonomic Design<\/strong>: It has a comfortable and user-friendly design. The ergonomically designed grip adapts to your hand and provides comfort even during long-term use.<\/li>\n<li><strong>Various Spray Modes<\/strong>: FLOW KY Garden Gun has various spray modes that can be adjusted to suit different irrigation needs. These modes include options such as jet, rain, conical and mist.<\/li>\n<li><strong>Durable and Stainless Material<\/strong>: High-quality metal material is rust-resistant and provides reliable construction for long-term use.<\/li>\n<li><strong>Easy to Use<\/strong>: Thanks to its simple and easy-to-use control buttons, FLOW KY Garden Gun allows you to do your irrigation work quickly and efficiently.<\/li>\n<\/ol>\n<p>To make your garden irrigation work more efficient and enjoyable, FLOW KY Metal Body Garden Gun is an ideal option with its durable structure and ease of use.<\/p>","protected":false},"excerpt":{"rendered":"<p>FLOW KY METAL G\u00d6VDEL\u0130 BAH\u00c7E TABANCASI FLOW KY Metal G\u00f6vdeli Bah\u00e7e Tabancas\u0131, dayan\u0131kl\u0131 yap\u0131s\u0131 ve kullan\u0131m kolayl\u0131\u011f\u0131 ile bah\u00e7e sulama i\u015flerinizi kolayla\u015ft\u0131rmak i\u00e7in tasarlanm\u0131\u015ft\u0131r. \u00d6zellikler: Metal G\u00f6vde: Tabancan\u0131n sa\u011flam metal g\u00f6vdesi, uzun s\u00fcreli ve dayan\u0131kl\u0131 bir kullan\u0131m sa\u011flar. Paslanmaz \u00e7elikten yap\u0131lm\u0131\u015f olup, d\u0131\u015f etkenlere kar\u015f\u0131 diren\u00e7lidir. Ergonomik Tasar\u0131m: Rahat ve kullan\u0131c\u0131 dostu bir tasar\u0131ma sahiptir. [&#8230;]\n","protected":false},"featured_media":13264,"comment_status":"open","ping_status":"closed","template":"","meta":{"jetpack_post_was_ever_published":true},"product_brand":[],"product_cat":[2347],"product_tag":[],"class_list":{"0":"post-13239","1":"product","2":"type-product","3":"status-publish","4":"has-post-thumbnail","6":"product_cat-bahce","8":"first","9":"instock","10":"taxable","11":"shipping-taxable","12":"product-type-simple"},"jetpack-related-posts":[{"id":13240,"url":"https:\/\/tuzlahortum.com.tr\/en\/product\/flow-fy-metal-govdeli-bahce-tabancasi\/","url_meta":{"origin":13239,"position":0},"title":"FLOW FY GARDEN GUN WITH METAL BODY","author":"admin","date":"28 March 2024","format":false,"excerpt":"FLOW FY METAL G\u00d6VDEL\u0130 BAH\u00c7E TABANCASI Bah\u00e7enizin sulama ihtiya\u00e7lar\u0131n\u0131 kar\u015f\u0131lamak i\u00e7in tasarlanan FLOW FY Metal G\u00f6vdeli Bah\u00e7e Tabancas\u0131, dayan\u0131kl\u0131 yap\u0131s\u0131 ve kullan\u0131m kolayl\u0131\u011f\u0131 ile dikkat \u00e7eker. \u00d6zellikler: Metal G\u00f6vde: Tabancan\u0131n g\u00f6vdesi y\u00fcksek kaliteli metalden imal edilmi\u015ftir. Bu sayede dayan\u0131kl\u0131 ve uzun \u00f6m\u00fcrl\u00fc bir kullan\u0131m sa\u011flar. Ergonomik Tasar\u0131m: Rahat ve uzun\u2026","rel":"","context":"Similar post","block_context":{"text":"Similar post","link":""},"img":{"alt_text":"","src":"https:\/\/i0.wp.com\/tuzlahortum.com.tr\/wp-content\/uploads\/2024\/03\/fy_metal_govdeli_bahce_tabancasi_2.jpg?fit=800%2C800&ssl=1&resize=350%2C200","width":350,"height":200,"srcset":"https:\/\/i0.wp.com\/tuzlahortum.com.tr\/wp-content\/uploads\/2024\/03\/fy_metal_govdeli_bahce_tabancasi_2.jpg?fit=800%2C800&ssl=1&resize=350%2C200 1x, https:\/\/i0.wp.com\/tuzlahortum.com.tr\/wp-content\/uploads\/2024\/03\/fy_metal_govdeli_bahce_tabancasi_2.jpg?fit=800%2C800&ssl=1&resize=525%2C300 1.5x, https:\/\/i0.wp.com\/tuzlahortum.com.tr\/wp-content\/uploads\/2024\/03\/fy_metal_govdeli_bahce_tabancasi_2.jpg?fit=800%2C800&ssl=1&resize=700%2C400 2x"},"classes":[]},{"id":13238,"url":"https:\/\/tuzlahortum.com.tr\/en\/product\/flow-gr-komple-metal-bahce-tabancasi\/","url_meta":{"origin":13239,"position":1},"title":"FLOW GR COMPLETE METAL GARDEN GUN","author":"admin","date":"28 March 2024","format":false,"excerpt":"FLOW GR KOMPLE METAL BAH\u00c7E TABANCASI FLOW GR Komple Metal Bah\u00e7e Tabancas\u0131, sa\u011flam metal yap\u0131s\u0131 ve kullan\u0131m\u0131 kolay \u00f6zellikleriyle bah\u00e7e sulama i\u015flerinizi etkili bir \u015fekilde yerine getirmenizi sa\u011flar. \u00d6zellikler: Dayan\u0131kl\u0131 Metal Yap\u0131: Tabancan\u0131n tamam\u0131 y\u00fcksek kaliteli metal malzemeden \u00fcretilmi\u015ftir. Bu sayede uzun s\u00fcreli kullan\u0131ma dayan\u0131kl\u0131d\u0131r ve d\u0131\u015f etkenlere kar\u015f\u0131 diren\u00e7lidir.\u2026","rel":"","context":"Similar post","block_context":{"text":"Similar post","link":""},"img":{"alt_text":"","src":"https:\/\/i0.wp.com\/tuzlahortum.com.tr\/wp-content\/uploads\/2024\/03\/gr_komple_metal_bahce_tabancasi_4.jpg?fit=800%2C800&ssl=1&resize=350%2C200","width":350,"height":200,"srcset":"https:\/\/i0.wp.com\/tuzlahortum.com.tr\/wp-content\/uploads\/2024\/03\/gr_komple_metal_bahce_tabancasi_4.jpg?fit=800%2C800&ssl=1&resize=350%2C200 1x, https:\/\/i0.wp.com\/tuzlahortum.com.tr\/wp-content\/uploads\/2024\/03\/gr_komple_metal_bahce_tabancasi_4.jpg?fit=800%2C800&ssl=1&resize=525%2C300 1.5x, https:\/\/i0.wp.com\/tuzlahortum.com.tr\/wp-content\/uploads\/2024\/03\/gr_komple_metal_bahce_tabancasi_4.jpg?fit=800%2C800&ssl=1&resize=700%2C400 2x"},"classes":[]},{"id":13241,"url":"https:\/\/tuzlahortum.com.tr\/en\/product\/flow-ss-plastik-bahce-tabancasi\/","url_meta":{"origin":13239,"position":2},"title":"FLOW SS PLASTIC GARDEN GUN","author":"admin","date":"28 March 2024","format":false,"excerpt":"FLOW SS PLAST\u0130K BAH\u00c7E TABANCASI Bah\u00e7e sulama i\u015fleriniz i\u00e7in ideal olan FLOW SS Plastik Bah\u00e7e Tabancas\u0131, kullan\u0131m\u0131 kolay ve dayan\u0131kl\u0131 bir \u00e7\u00f6z\u00fcm sunar. \u00d6zellikler: Y\u00fcksek Kaliteli Plastik Malzeme: FLOW SS Bah\u00e7e Tabancas\u0131, dayan\u0131kl\u0131 ve sa\u011flam plastik malzemeden \u00fcretilmi\u015ftir. Uzun \u00f6m\u00fcrl\u00fc kullan\u0131m i\u00e7in tasarlanm\u0131\u015ft\u0131r ve d\u0131\u015f etkilere kar\u015f\u0131 dayan\u0131kl\u0131d\u0131r. Ergonomik Tasar\u0131m:\u2026","rel":"","context":"Similar post","block_context":{"text":"Similar post","link":""},"img":{"alt_text":"","src":"https:\/\/i0.wp.com\/tuzlahortum.com.tr\/wp-content\/uploads\/2024\/03\/ss_plastik_bahce_tabancasi_3.jpg?fit=800%2C800&ssl=1&resize=350%2C200","width":350,"height":200,"srcset":"https:\/\/i0.wp.com\/tuzlahortum.com.tr\/wp-content\/uploads\/2024\/03\/ss_plastik_bahce_tabancasi_3.jpg?fit=800%2C800&ssl=1&resize=350%2C200 1x, https:\/\/i0.wp.com\/tuzlahortum.com.tr\/wp-content\/uploads\/2024\/03\/ss_plastik_bahce_tabancasi_3.jpg?fit=800%2C800&ssl=1&resize=525%2C300 1.5x, https:\/\/i0.wp.com\/tuzlahortum.com.tr\/wp-content\/uploads\/2024\/03\/ss_plastik_bahce_tabancasi_3.jpg?fit=800%2C800&ssl=1&resize=700%2C400 2x"},"classes":[]},{"id":13248,"url":"https:\/\/tuzlahortum.com.tr\/en\/product\/flow-mt-komple-metal-bahce-tabancasi\/","url_meta":{"origin":13239,"position":3},"title":"FLOW MT COMPLETE METAL GARDEN GUN","author":"admin","date":"28 March 2024","format":false,"excerpt":"FLOW MT Komple Metal Bah\u00e7e Tabancas\u0131 Standart 1\/2\" - 3\/4\" hortuma kolayca ba\u011flanabilen, t\u00fcm standart bah\u00e7e hortumlar\u0131na uygun. G\u00fc\u00e7l\u00fc, Dayan\u0131kl\u0131, \u00c7izilmeye Kar\u015f\u0131 Diren\u00e7li ve Donma \/Hasar\u0131na Kar\u015f\u0131 Dayan\u0131kl\u0131. %100 metalden yap\u0131lm\u0131\u015f ve \u015fok diren\u00e7li lastikle \u00e7evrili bir kadran\u0131 bulunmaktad\u0131r. Yenilenmi\u015f sa\u011flam p\u00fcsk\u00fcrtme ucu ve \u00e7inko ala\u015f\u0131ml\u0131 p\u00fcsk\u00fcrt\u00fcc\u00fc g\u00f6vdesi mevcuttur. Metal\u2026","rel":"","context":"Similar post","block_context":{"text":"Similar post","link":""},"img":{"alt_text":"","src":"https:\/\/i0.wp.com\/tuzlahortum.com.tr\/wp-content\/uploads\/2024\/03\/komple_metal_bahce_tabancasi_1.jpg?fit=800%2C800&ssl=1&resize=350%2C200","width":350,"height":200,"srcset":"https:\/\/i0.wp.com\/tuzlahortum.com.tr\/wp-content\/uploads\/2024\/03\/komple_metal_bahce_tabancasi_1.jpg?fit=800%2C800&ssl=1&resize=350%2C200 1x, https:\/\/i0.wp.com\/tuzlahortum.com.tr\/wp-content\/uploads\/2024\/03\/komple_metal_bahce_tabancasi_1.jpg?fit=800%2C800&ssl=1&resize=525%2C300 1.5x, https:\/\/i0.wp.com\/tuzlahortum.com.tr\/wp-content\/uploads\/2024\/03\/komple_metal_bahce_tabancasi_1.jpg?fit=800%2C800&ssl=1&resize=700%2C400 2x"},"classes":[]},{"id":13242,"url":"https:\/\/tuzlahortum.com.tr\/en\/product\/flow-eko-bahce-sulama-tabancasi-seti\/","url_meta":{"origin":13239,"position":4},"title":"FLOW ECO GARDEN WATERING GUN SET","author":"admin","date":"28 March 2024","format":false,"excerpt":"FLOW EKO BAH\u00c7E SULAMA TABANCASI SET\u0130 Bah\u00e7e sulama ihtiya\u00e7lar\u0131n\u0131z\u0131 kar\u015f\u0131lamak i\u00e7in tasarlanan FLOW EKO Bah\u00e7e Sulama Nozul Seti, pratik ve etkili bir sulama \u00e7\u00f6z\u00fcm\u00fc sunar. Set, bir tabanca, iki hortum g\u00f6vde ve bir di\u015fi u\u00e7 olmak \u00fczere toplamda d\u00f6rt par\u00e7adan olu\u015fur. \u00d6zellikler: Tabanca: Setin bir par\u00e7as\u0131 olan tabanca, farkl\u0131 sulama\u2026","rel":"","context":"Similar post","block_context":{"text":"Similar post","link":""},"img":{"alt_text":"","src":"https:\/\/i0.wp.com\/tuzlahortum.com.tr\/wp-content\/uploads\/2024\/03\/bahce_tabanca_seti_2.jpg?fit=800%2C800&ssl=1&resize=350%2C200","width":350,"height":200,"srcset":"https:\/\/i0.wp.com\/tuzlahortum.com.tr\/wp-content\/uploads\/2024\/03\/bahce_tabanca_seti_2.jpg?fit=800%2C800&ssl=1&resize=350%2C200 1x, https:\/\/i0.wp.com\/tuzlahortum.com.tr\/wp-content\/uploads\/2024\/03\/bahce_tabanca_seti_2.jpg?fit=800%2C800&ssl=1&resize=525%2C300 1.5x, https:\/\/i0.wp.com\/tuzlahortum.com.tr\/wp-content\/uploads\/2024\/03\/bahce_tabanca_seti_2.jpg?fit=800%2C800&ssl=1&resize=700%2C400 2x"},"classes":[]},{"id":13221,"url":"https:\/\/tuzlahortum.com.tr\/en\/product\/flow-kelebek-dairesel-fiskiye\/","url_meta":{"origin":13239,"position":5},"title":"FLOW BUTTERFLY CIRCULAR FOUNTAIN","author":"admin","date":"28 March 2024","format":false,"excerpt":"FLOW BUTTERFLY CIRCULAR SPRINKLER FLOW Butterfly Circular Sprinkler is designed to water the plants in your garden regularly and effectively. It helps plants grow healthy by distributing the water it sprays evenly over a wide area. Features: Circular Watering Area: Thanks to its butterfly-shaped design, the sprinkler distributes the water it sprays in a 360-degree rotating motion. This way\u2026","rel":"","context":"Similar post","block_context":{"text":"Similar post","link":""},"img":{"alt_text":"FLOW KELEBEK DA\u0130RESEL FISK\u0130YE","src":"https:\/\/i0.wp.com\/tuzlahortum.com.tr\/wp-content\/uploads\/2024\/03\/bahce_fiskiyekelebekli_2.jpg?fit=800%2C800&ssl=1&resize=350%2C200","width":350,"height":200,"srcset":"https:\/\/i0.wp.com\/tuzlahortum.com.tr\/wp-content\/uploads\/2024\/03\/bahce_fiskiyekelebekli_2.jpg?fit=800%2C800&ssl=1&resize=350%2C200 1x, https:\/\/i0.wp.com\/tuzlahortum.com.tr\/wp-content\/uploads\/2024\/03\/bahce_fiskiyekelebekli_2.jpg?fit=800%2C800&ssl=1&resize=525%2C300 1.5x, https:\/\/i0.wp.com\/tuzlahortum.com.tr\/wp-content\/uploads\/2024\/03\/bahce_fiskiyekelebekli_2.jpg?fit=800%2C800&ssl=1&resize=700%2C400 2x"},"classes":[]}],"jetpack_sharing_enabled":true,"jetpack_likes_enabled":true,"_links":{"self":[{"href":"https:\/\/tuzlahortum.com.tr\/en\/wp-json\/wp\/v2\/product\/13239","targetHints":{"allow":["GET"]}}],"collection":[{"href":"https:\/\/tuzlahortum.com.tr\/en\/wp-json\/wp\/v2\/product"}],"about":[{"href":"https:\/\/tuzlahortum.com.tr\/en\/wp-json\/wp\/v2\/types\/product"}],"replies":[{"embeddable":true,"href":"https:\/\/tuzlahortum.com.tr\/en\/wp-json\/wp\/v2\/comments?post=13239"}],"wp:featuredmedia":[{"embeddable":true,"href":"https:\/\/tuzlahortum.com.tr\/en\/wp-json\/wp\/v2\/media\/13264"}],"wp:attachment":[{"href":"https:\/\/tuzlahortum.com.tr\/en\/wp-json\/wp\/v2\/media?parent=13239"}],"wp:term":[{"taxonomy":"product_brand","embeddable":true,"href":"https:\/\/tuzlahortum.com.tr\/en\/wp-json\/wp\/v2\/product_brand?post=13239"},{"taxonomy":"product_cat","embeddable":true,"href":"https:\/\/tuzlahortum.com.tr\/en\/wp-json\/wp\/v2\/product_cat?post=13239"},{"taxonomy":"product_tag","embeddable":true,"href":"https:\/\/tuzlahortum.com.tr\/en\/wp-json\/wp\/v2\/product_tag?post=13239"}],"curies":[{"name":"wp","href":"https:\/\/api.w.org\/{rel}","templated":true}]}}