{"id":13236,"date":"2024-03-28T17:33:42","date_gmt":"2024-03-28T14:33:42","guid":{"rendered":"https:\/\/tuzlahortum.com.tr\/?post_type=product&#038;p=13236"},"modified":"2024-03-29T16:39:21","modified_gmt":"2024-03-29T13:39:21","slug":"flow-eko-jak-3-4-hortum-ekleme","status":"publish","type":"product","link":"https:\/\/tuzlahortum.com.tr\/en\/product\/flow-eko-jak-3-4-hortum-ekleme\/","title":{"rendered":"FLOW ECO JACK 3\/4 HOSE ADDING"},"content":{"rendered":"<p>FLOW ECO JACK 3\/4 HOSE ADDING<\/p>\n<p>FLOW ECO JACK 3\/4 Hose Attachment provides an easy-to-use and efficient connection to your garden irrigation systems.<\/p>\n<p>Features:<\/p>\n<ol>\n<li><strong>Universal Compatibility<\/strong>: This hose attachment is designed to be compatible with most standard garden watering equipment. It is ideal for combining hoses of different diameters and provides wide compatibility.<\/li>\n<li><strong>Durable Material<\/strong>: It is made of high quality material and has a durable structure for long-lasting use. It ensures a reliable connection using materials such as stainless steel or sturdy plastic.<\/li>\n<li><strong>Easy assembling<\/strong>: Thanks to its simple plug-in feature, it can be easily connected and replaced with other irrigation equipment. It does not require any additional tools or equipment.<\/li>\n<li><strong>Reasonable price<\/strong>: It attracts attention with its economical and affordable price. It is a cost-effective option for updating or expanding your garden irrigation systems.<\/li>\n<li><strong>Efficient Irrigation Experience<\/strong>: FLOW ECO JACK 3\/4 Hose Attachment makes your irrigation work more efficient and makes the maintenance of your garden easier. Every irrigation process takes place more effectively.<\/li>\n<\/ol>\n<p>FLOW ECO JAK 3\/4 Hose Attachment is an ideal option to update your garden&#039;s irrigation systems and experience a more effective irrigation experience.<\/p>","protected":false},"excerpt":{"rendered":"<p>FLOW EKO JAK 3\/4 HORTUM EKLEME FLOW EKO JAK 3\/4 Hortum Eklemesi, bah\u00e7e sulama sistemlerinizde kullan\u0131m\u0131 kolay ve verimli bir ba\u011flant\u0131 sa\u011flar. \u00d6zellikler: Evrensel Uyumluluk: Bu hortum eklemesi, \u00e7o\u011fu standart bah\u00e7e sulama ekipman\u0131yla uyumlu olarak tasarlanm\u0131\u015ft\u0131r. Farkl\u0131 \u00e7aplardaki hortumlar\u0131 birle\u015ftirmek i\u00e7in idealdir ve geni\u015f bir uyumluluk sa\u011flar. Dayan\u0131kl\u0131 Malzeme: Y\u00fcksek kaliteli malzemeden \u00fcretilmi\u015f olup, uzun [&#8230;]\n","protected":false},"featured_media":13287,"comment_status":"open","ping_status":"closed","template":"","meta":{"jetpack_post_was_ever_published":false},"product_brand":[],"product_cat":[2347],"product_tag":[],"class_list":{"0":"post-13236","1":"product","2":"type-product","3":"status-publish","4":"has-post-thumbnail","6":"product_cat-bahce","8":"first","9":"instock","10":"taxable","11":"shipping-taxable","12":"product-type-simple"},"jetpack-related-posts":[{"id":13237,"url":"https:\/\/tuzlahortum.com.tr\/en\/product\/flow-eko-jak-1-2-hortum-ekleme\/","url_meta":{"origin":13236,"position":0},"title":"FLOW ECO JACK 1\/2 HOSE ADDING","author":"admin","date":"28 March 2024","format":false,"excerpt":"FLOW EKO JAK 1\/2 HORTUM EKLEME FLOW EKO JAK 1\/2 Hortum Eklemesi, bah\u00e7e sulama sistemlerinizde kullan\u0131m\u0131 kolay ve g\u00fcvenilir bir ba\u011flant\u0131 sa\u011flar. \u00d6zellikler: Evrensel Uyumluluk: Bu hortum eklemesi, \u00e7o\u011fu standart bah\u00e7e sulama ekipman\u0131yla uyumlu olarak tasarlanm\u0131\u015ft\u0131r. Farkl\u0131 \u00e7aplardaki hortumlar\u0131 birle\u015ftirmek i\u00e7in idealdir ve geni\u015f bir uyumluluk sa\u011flar. Dayan\u0131kl\u0131 Malzeme: Y\u00fcksek\u2026","rel":"","context":"Similar post","block_context":{"text":"Similar post","link":""},"img":{"alt_text":"","src":"https:\/\/i0.wp.com\/tuzlahortum.com.tr\/wp-content\/uploads\/2024\/03\/jak_eko_hortum_ekleme_2.jpg?fit=800%2C800&ssl=1&resize=350%2C200","width":350,"height":200,"srcset":"https:\/\/i0.wp.com\/tuzlahortum.com.tr\/wp-content\/uploads\/2024\/03\/jak_eko_hortum_ekleme_2.jpg?fit=800%2C800&ssl=1&resize=350%2C200 1x, https:\/\/i0.wp.com\/tuzlahortum.com.tr\/wp-content\/uploads\/2024\/03\/jak_eko_hortum_ekleme_2.jpg?fit=800%2C800&ssl=1&resize=525%2C300 1.5x, https:\/\/i0.wp.com\/tuzlahortum.com.tr\/wp-content\/uploads\/2024\/03\/jak_eko_hortum_ekleme_2.jpg?fit=800%2C800&ssl=1&resize=700%2C400 2x"},"classes":[]},{"id":13234,"url":"https:\/\/tuzlahortum.com.tr\/en\/product\/flow-eko-jak-govde-ekleme-uu\/","url_meta":{"origin":13236,"position":1},"title":"FLOW ECO JACK \u2013 BODY ADD (UU)","author":"admin","date":"28 March 2024","format":false,"excerpt":"FLOW EKO JAK - G\u00d6VDE EKLEME (UU) FLOW EKO JAK - G\u00f6vde Ekleme (UU), bah\u00e7e sulama sistemlerinizdeki uyumluluk sorunlar\u0131n\u0131 \u00e7\u00f6zmek ve daha etkili bir sulama deneyimi sa\u011flamak i\u00e7in tasarlanm\u0131\u015ft\u0131r. \u00d6zellikler: Evrensel Uyumluluk: Bu g\u00f6vde eklemesi, \u00e7o\u011fu standart bah\u00e7e sulama ekipman\u0131yla uyumlu olarak tasarlanm\u0131\u015ft\u0131r. Farkl\u0131 \u00e7ap ve yap\u0131daki hortumlarla sorunsuz bir\u2026","rel":"","context":"Similar post","block_context":{"text":"Similar post","link":""},"img":{"alt_text":"","src":"https:\/\/i0.wp.com\/tuzlahortum.com.tr\/wp-content\/uploads\/2024\/03\/jak_eko_hortum_ekleme_uu.jpg?fit=800%2C800&ssl=1&resize=350%2C200","width":350,"height":200,"srcset":"https:\/\/i0.wp.com\/tuzlahortum.com.tr\/wp-content\/uploads\/2024\/03\/jak_eko_hortum_ekleme_uu.jpg?fit=800%2C800&ssl=1&resize=350%2C200 1x, https:\/\/i0.wp.com\/tuzlahortum.com.tr\/wp-content\/uploads\/2024\/03\/jak_eko_hortum_ekleme_uu.jpg?fit=800%2C800&ssl=1&resize=525%2C300 1.5x, https:\/\/i0.wp.com\/tuzlahortum.com.tr\/wp-content\/uploads\/2024\/03\/jak_eko_hortum_ekleme_uu.jpg?fit=800%2C800&ssl=1&resize=700%2C400 2x"},"classes":[]},{"id":13246,"url":"https:\/\/tuzlahortum.com.tr\/en\/product\/flow-luks-jak-3-4-hortum-ekleme\/","url_meta":{"origin":13236,"position":2},"title":"FLOW LUXURY JACK 3\/4 HOSE ADDING","author":"admin","date":"28 March 2024","format":false,"excerpt":"FLOW LUXE JACK 3\/4 HOSE CONNECTOR Designed to ensure compatibility among your garden irrigation equipment, the FLOW LUXE JACK 3\/4 Hose Connector makes your watering tasks easier and more efficient. Features: Universal Compatibility: This jack is compatible with 3\/4\" diameter hoses, allowing you to connect different irrigation equipment to each other. It ensures the smooth operation of your garden's irrigation systems...","rel":"","context":"Similar post","block_context":{"text":"Similar post","link":""},"img":{"alt_text":"","src":"https:\/\/i0.wp.com\/tuzlahortum.com.tr\/wp-content\/uploads\/2024\/03\/jak_luks_hortum_ekleme_2.jpg?fit=800%2C800&ssl=1&resize=350%2C200","width":350,"height":200,"srcset":"https:\/\/i0.wp.com\/tuzlahortum.com.tr\/wp-content\/uploads\/2024\/03\/jak_luks_hortum_ekleme_2.jpg?fit=800%2C800&ssl=1&resize=350%2C200 1x, https:\/\/i0.wp.com\/tuzlahortum.com.tr\/wp-content\/uploads\/2024\/03\/jak_luks_hortum_ekleme_2.jpg?fit=800%2C800&ssl=1&resize=525%2C300 1.5x, https:\/\/i0.wp.com\/tuzlahortum.com.tr\/wp-content\/uploads\/2024\/03\/jak_luks_hortum_ekleme_2.jpg?fit=800%2C800&ssl=1&resize=700%2C400 2x"},"classes":[]},{"id":13228,"url":"https:\/\/tuzlahortum.com.tr\/en\/product\/flow-luks-jak-1-2-hortum-ekleme\/","url_meta":{"origin":13236,"position":3},"title":"FLOW LUXURY JACK \u2013 1\/2 HOSE ADDING","author":"admin","date":"28 March 2024","format":false,"excerpt":"FLOW L\u00dcKS JAK - 1\/2 HORTUM EKLEME FLOW L\u00dcKS JAK - 1\/2\" Hortum Eklemesi, bah\u00e7e sulama sistemlerinizdeki uyumluluk sorunlar\u0131n\u0131 \u00e7\u00f6zmek ve su ak\u0131\u015f\u0131n\u0131 daha etkili bir \u015fekilde y\u00f6nlendirmek i\u00e7in tasarlanm\u0131\u015ft\u0131r. \u00d6zellikler: 1. **Dayan\u0131kl\u0131 Malzeme**: Y\u00fcksek kaliteli malzemeden \u00fcretilmi\u015ftir ve uzun \u00f6m\u00fcrl\u00fc kullan\u0131m i\u00e7in dayan\u0131kl\u0131 bir yap\u0131ya sahiptir. Paslanmaz \u00e7elik veya\u2026","rel":"","context":"Similar post","block_context":{"text":"Similar post","link":""},"img":{"alt_text":"","src":"https:\/\/i0.wp.com\/tuzlahortum.com.tr\/wp-content\/uploads\/2024\/03\/jak_luks_hortum_ekleme_2.jpg?fit=800%2C800&ssl=1&resize=350%2C200","width":350,"height":200,"srcset":"https:\/\/i0.wp.com\/tuzlahortum.com.tr\/wp-content\/uploads\/2024\/03\/jak_luks_hortum_ekleme_2.jpg?fit=800%2C800&ssl=1&resize=350%2C200 1x, https:\/\/i0.wp.com\/tuzlahortum.com.tr\/wp-content\/uploads\/2024\/03\/jak_luks_hortum_ekleme_2.jpg?fit=800%2C800&ssl=1&resize=525%2C300 1.5x, https:\/\/i0.wp.com\/tuzlahortum.com.tr\/wp-content\/uploads\/2024\/03\/jak_luks_hortum_ekleme_2.jpg?fit=800%2C800&ssl=1&resize=700%2C400 2x"},"classes":[]},{"id":13235,"url":"https:\/\/tuzlahortum.com.tr\/en\/product\/flow-eko-jak-1-2-3-4-disi-uc\/","url_meta":{"origin":13236,"position":4},"title":"FLOW ECO JACK 1\/2 \u2013 3\/4 FEMALE END","author":"admin","date":"28 March 2024","format":false,"excerpt":"FLOW EKO JAK 1\/2 - 3\/4 D\u0130\u015e\u0130 U\u00c7 FLOW EKO JAK - 1\/2\" - 3\/4\" Di\u015fi U\u00e7, bah\u00e7e sulama sistemlerindeki uyumluluk sorunlar\u0131n\u0131 gidermek ve daha etkili bir sulama deneyimi sunmak i\u00e7in tasarlanm\u0131\u015ft\u0131r. \u00d6zellikler: Evrensel Uyumluluk: Bu di\u015fi u\u00e7, \u00e7o\u011fu standart bah\u00e7e sulama ekipman\u0131yla uyumlu olarak tasarlanm\u0131\u015ft\u0131r. Farkl\u0131 \u00e7aplardaki hortumlar\u0131 ve\u2026","rel":"","context":"Similar post","block_context":{"text":"Similar post","link":""},"img":{"alt_text":"","src":"https:\/\/i0.wp.com\/tuzlahortum.com.tr\/wp-content\/uploads\/2024\/03\/jak_eko_disi_uc_1.jpg?fit=800%2C800&ssl=1&resize=350%2C200","width":350,"height":200,"srcset":"https:\/\/i0.wp.com\/tuzlahortum.com.tr\/wp-content\/uploads\/2024\/03\/jak_eko_disi_uc_1.jpg?fit=800%2C800&ssl=1&resize=350%2C200 1x, https:\/\/i0.wp.com\/tuzlahortum.com.tr\/wp-content\/uploads\/2024\/03\/jak_eko_disi_uc_1.jpg?fit=800%2C800&ssl=1&resize=525%2C300 1.5x, https:\/\/i0.wp.com\/tuzlahortum.com.tr\/wp-content\/uploads\/2024\/03\/jak_eko_disi_uc_1.jpg?fit=800%2C800&ssl=1&resize=700%2C400 2x"},"classes":[]},{"id":13219,"url":"https:\/\/tuzlahortum.com.tr\/en\/product\/flow-eko-jak-3-4-disi-govde\/","url_meta":{"origin":13236,"position":5},"title":"FLOW ECO JACK \u2013 3\/4 FEMALE BODY","author":"admin","date":"28 March 2024","format":false,"excerpt":"FLOW EKO JAK - 3\/4 D\u0130\u015e\u0130 G\u00d6VDE FLOW EKO JAK - 3\/4 Di\u015fi G\u00f6vde, bah\u00e7e sulama sistemlerinde su ak\u0131\u015f\u0131n\u0131 y\u00f6nlendirmek ve ba\u011flant\u0131lar\u0131 g\u00fcvenilir bir \u015fekilde sa\u011flamak i\u00e7in \u00f6zel olarak tasarlanm\u0131\u015ft\u0131r. \u00d6zellikler: Dayan\u0131kl\u0131 Malzeme: Y\u00fcksek kaliteli malzemeden \u00fcretilmi\u015ftir ve uzun \u00f6m\u00fcrl\u00fc kullan\u0131m i\u00e7in dayan\u0131kl\u0131 bir yap\u0131ya sahiptir. Paslanmaz \u00e7elik veya sa\u011flam\u2026","rel":"","context":"Similar post","block_context":{"text":"Similar post","link":""},"img":{"alt_text":"","src":"https:\/\/i0.wp.com\/tuzlahortum.com.tr\/wp-content\/uploads\/2024\/03\/jak_eko_disi_govde_2.jpg?fit=800%2C800&ssl=1&resize=350%2C200","width":350,"height":200,"srcset":"https:\/\/i0.wp.com\/tuzlahortum.com.tr\/wp-content\/uploads\/2024\/03\/jak_eko_disi_govde_2.jpg?fit=800%2C800&ssl=1&resize=350%2C200 1x, https:\/\/i0.wp.com\/tuzlahortum.com.tr\/wp-content\/uploads\/2024\/03\/jak_eko_disi_govde_2.jpg?fit=800%2C800&ssl=1&resize=525%2C300 1.5x, https:\/\/i0.wp.com\/tuzlahortum.com.tr\/wp-content\/uploads\/2024\/03\/jak_eko_disi_govde_2.jpg?fit=800%2C800&ssl=1&resize=700%2C400 2x"},"classes":[]}],"jetpack_sharing_enabled":true,"jetpack_likes_enabled":true,"_links":{"self":[{"href":"https:\/\/tuzlahortum.com.tr\/en\/wp-json\/wp\/v2\/product\/13236","targetHints":{"allow":["GET"]}}],"collection":[{"href":"https:\/\/tuzlahortum.com.tr\/en\/wp-json\/wp\/v2\/product"}],"about":[{"href":"https:\/\/tuzlahortum.com.tr\/en\/wp-json\/wp\/v2\/types\/product"}],"replies":[{"embeddable":true,"href":"https:\/\/tuzlahortum.com.tr\/en\/wp-json\/wp\/v2\/comments?post=13236"}],"wp:featuredmedia":[{"embeddable":true,"href":"https:\/\/tuzlahortum.com.tr\/en\/wp-json\/wp\/v2\/media\/13287"}],"wp:attachment":[{"href":"https:\/\/tuzlahortum.com.tr\/en\/wp-json\/wp\/v2\/media?parent=13236"}],"wp:term":[{"taxonomy":"product_brand","embeddable":true,"href":"https:\/\/tuzlahortum.com.tr\/en\/wp-json\/wp\/v2\/product_brand?post=13236"},{"taxonomy":"product_cat","embeddable":true,"href":"https:\/\/tuzlahortum.com.tr\/en\/wp-json\/wp\/v2\/product_cat?post=13236"},{"taxonomy":"product_tag","embeddable":true,"href":"https:\/\/tuzlahortum.com.tr\/en\/wp-json\/wp\/v2\/product_tag?post=13236"}],"curies":[{"name":"wp","href":"https:\/\/api.w.org\/{rel}","templated":true}]}}