{"id":13233,"date":"2024-03-28T17:33:41","date_gmt":"2024-03-28T14:33:41","guid":{"rendered":"https:\/\/tuzlahortum.com.tr\/?post_type=product&#038;p=13233"},"modified":"2025-08-20T12:02:30","modified_gmt":"2025-08-20T09:02:30","slug":"flow-eko-2li-kollektor","status":"publish","type":"product","link":"https:\/\/tuzlahortum.com.tr\/en\/product\/flow-eko-2li-kollektor\/","title":{"rendered":"FLOW ECO 2-PIECE COLLECTOR"},"content":{"rendered":"<div>FLOW ECO 2-PIECE COLLECTOR<\/div>\n<div><\/div>\n<div>FLOW ECO 2-Collector is designed to manage water flow more efficiently in your garden irrigation systems and distribute water to multiple areas.<\/div>\n<div><\/div>\n<div>Features:<\/div>\n<div><\/div>\n<div>1. **Durable Material**: Made of high quality material and has a durable construction for long-term use. It ensures a reliable connection using materials such as stainless steel or sturdy plastic.<\/div>\n<div><\/div>\n<div>2. **2-Way Design**: It has two separate outlets, so you can direct water flow to two different irrigation zones at the same time.<\/div>\n<div><\/div>\n<div>3. **Easy Installation**: Thanks to its simple plug-in feature, it can be easily connected and replaced with other irrigation equipment. It does not require any additional tools or equipment.<\/div>\n<div><\/div>\n<div>4. **Universal Compatibility**: Compatible with standard garden hoses and can be used with most irrigation systems.<\/div>\n<div><\/div>\n<div>5. **Efficient Irrigation Experience**: FLOW ECO 2-Collector makes your irrigation work more efficient and makes the maintenance of your garden easier. Every irrigation process takes place more effectively.<\/div>\n<div><\/div>\n<div>FLOW ECO 2-Way Collector is an ideal option to update your garden&#039;s irrigation systems and experience a more effective irrigation experience.<\/div>","protected":false},"excerpt":{"rendered":"<p>FLOW EKO 2&#8217;L\u0130 KOLLEKT\u00d6R FLOW EKO 2&#8217;li Kollekt\u00f6r, bah\u00e7e sulama sistemlerinizde su ak\u0131\u015f\u0131n\u0131 daha verimli bir \u015fekilde y\u00f6netmek ve birden fazla b\u00f6lgeye su da\u011f\u0131tmak i\u00e7in tasarlanm\u0131\u015ft\u0131r. \u00d6zellikler: 1. **Dayan\u0131kl\u0131 Malzeme**: Y\u00fcksek kaliteli malzemeden \u00fcretilmi\u015ftir ve uzun s\u00fcreli kullan\u0131m i\u00e7in dayan\u0131kl\u0131 bir yap\u0131ya sahiptir. Paslanmaz \u00e7elik veya sa\u011flam plastik gibi malzemeler kullan\u0131larak g\u00fcvenilir bir ba\u011flant\u0131 sa\u011flar. [&#8230;]\n","protected":false},"featured_media":13310,"comment_status":"open","ping_status":"closed","template":"","meta":{"jetpack_post_was_ever_published":false},"product_brand":[],"product_cat":[2347],"product_tag":[],"class_list":{"0":"post-13233","1":"product","2":"type-product","3":"status-publish","4":"has-post-thumbnail","6":"product_cat-bahce","8":"first","9":"instock","10":"taxable","11":"shipping-taxable","12":"product-type-simple"},"jetpack-related-posts":[],"jetpack_sharing_enabled":true,"jetpack_likes_enabled":true,"_links":{"self":[{"href":"https:\/\/tuzlahortum.com.tr\/en\/wp-json\/wp\/v2\/product\/13233","targetHints":{"allow":["GET"]}}],"collection":[{"href":"https:\/\/tuzlahortum.com.tr\/en\/wp-json\/wp\/v2\/product"}],"about":[{"href":"https:\/\/tuzlahortum.com.tr\/en\/wp-json\/wp\/v2\/types\/product"}],"replies":[{"embeddable":true,"href":"https:\/\/tuzlahortum.com.tr\/en\/wp-json\/wp\/v2\/comments?post=13233"}],"wp:featuredmedia":[{"embeddable":true,"href":"https:\/\/tuzlahortum.com.tr\/en\/wp-json\/wp\/v2\/media\/13310"}],"wp:attachment":[{"href":"https:\/\/tuzlahortum.com.tr\/en\/wp-json\/wp\/v2\/media?parent=13233"}],"wp:term":[{"taxonomy":"product_brand","embeddable":true,"href":"https:\/\/tuzlahortum.com.tr\/en\/wp-json\/wp\/v2\/product_brand?post=13233"},{"taxonomy":"product_cat","embeddable":true,"href":"https:\/\/tuzlahortum.com.tr\/en\/wp-json\/wp\/v2\/product_cat?post=13233"},{"taxonomy":"product_tag","embeddable":true,"href":"https:\/\/tuzlahortum.com.tr\/en\/wp-json\/wp\/v2\/product_tag?post=13233"}],"curies":[{"name":"wp","href":"https:\/\/api.w.org\/{rel}","templated":true}]}}