{"id":13228,"date":"2024-03-28T17:33:40","date_gmt":"2024-03-28T14:33:40","guid":{"rendered":"https:\/\/tuzlahortum.com.tr\/?post_type=product&#038;p=13228"},"modified":"2025-08-20T12:02:32","modified_gmt":"2025-08-20T09:02:32","slug":"flow-luks-jak-1-2-hortum-ekleme","status":"publish","type":"product","link":"https:\/\/tuzlahortum.com.tr\/en\/product\/flow-luks-jak-1-2-hortum-ekleme\/","title":{"rendered":"FLOW LUXURY JACK \u2013 1\/2 HOSE ADDING"},"content":{"rendered":"<div>FLOW LUXURY JACK \u2013 1\/2 HOSE ADDING<\/div>\n<div><\/div>\n<div>FLOW LUXURY JACK \u2013 1\/2\u2033 Hose Insert is designed to solve compatibility issues in your garden irrigation systems and direct water flow more effectively.<\/div>\n<div><\/div>\n<div>Features:<\/div>\n<div><\/div>\n<div>1. **Durable Material**: Made of high quality material and has durable construction for long-lasting use. It ensures a reliable connection using materials such as stainless steel or sturdy plastic.<\/div>\n<div><\/div>\n<div>2. **Easy Installation**: Thanks to its simple plug-in feature, it can be easily connected and replaced with other irrigation equipment. It does not require any additional tools or equipment.<\/div>\n<div><\/div>\n<div>3. **Universal Compatibility**: Compatible with standard 1\/2\u2033 hoses and can be used with most irrigation systems.<\/div>\n<div><\/div>\n<div>4. **Efficient Watering Experience**: FLOW LUXURY JACK \u2013 1\/2\u2033 Hose Attachment makes your watering jobs more efficient and makes maintaining your garden easier. It allows you to direct the water flow in the direction you want.<\/div>\n<div><\/div>\n<div>FLOW LUXURY JACK \u2013 1\/2\u2033 Hose Attachment is an ideal option to update your garden&#039;s irrigation systems and experience a more effective watering experience.<\/div>","protected":false},"excerpt":{"rendered":"<p>FLOW L\u00dcKS JAK &#8211; 1\/2 HORTUM EKLEME FLOW L\u00dcKS JAK &#8211; 1\/2&#8243; Hortum Eklemesi, bah\u00e7e sulama sistemlerinizdeki uyumluluk sorunlar\u0131n\u0131 \u00e7\u00f6zmek ve su ak\u0131\u015f\u0131n\u0131 daha etkili bir \u015fekilde y\u00f6nlendirmek i\u00e7in tasarlanm\u0131\u015ft\u0131r. \u00d6zellikler: 1. **Dayan\u0131kl\u0131 Malzeme**: Y\u00fcksek kaliteli malzemeden \u00fcretilmi\u015ftir ve uzun \u00f6m\u00fcrl\u00fc kullan\u0131m i\u00e7in dayan\u0131kl\u0131 bir yap\u0131ya sahiptir. Paslanmaz \u00e7elik veya sa\u011flam plastik gibi malzemeler kullan\u0131larak [&#8230;]\n","protected":false},"featured_media":13281,"comment_status":"open","ping_status":"closed","template":"","meta":{"jetpack_post_was_ever_published":false},"product_brand":[],"product_cat":[2347],"product_tag":[],"class_list":{"0":"post-13228","1":"product","2":"type-product","3":"status-publish","4":"has-post-thumbnail","6":"product_cat-bahce","8":"first","9":"instock","10":"taxable","11":"shipping-taxable","12":"product-type-simple"},"jetpack-related-posts":[{"id":13246,"url":"https:\/\/tuzlahortum.com.tr\/en\/product\/flow-luks-jak-3-4-hortum-ekleme\/","url_meta":{"origin":13228,"position":0},"title":"FLOW LUXURY JACK 3\/4 HOSE ADDING","author":"admin","date":"28 March 2024","format":false,"excerpt":"FLOW LUXE JACK 3\/4 HOSE CONNECTOR Designed to ensure compatibility among your garden irrigation equipment, the FLOW LUXE JACK 3\/4 Hose Connector makes your watering tasks easier and more efficient. Features: Universal Compatibility: This jack is compatible with 3\/4\" diameter hoses, allowing you to connect different irrigation equipment to each other. It ensures the smooth operation of your garden's irrigation systems...","rel":"","context":"Similar post","block_context":{"text":"Similar post","link":""},"img":{"alt_text":"","src":"https:\/\/i0.wp.com\/tuzlahortum.com.tr\/wp-content\/uploads\/2024\/03\/jak_luks_hortum_ekleme_2.jpg?fit=800%2C800&ssl=1&resize=350%2C200","width":350,"height":200,"srcset":"https:\/\/i0.wp.com\/tuzlahortum.com.tr\/wp-content\/uploads\/2024\/03\/jak_luks_hortum_ekleme_2.jpg?fit=800%2C800&ssl=1&resize=350%2C200 1x, https:\/\/i0.wp.com\/tuzlahortum.com.tr\/wp-content\/uploads\/2024\/03\/jak_luks_hortum_ekleme_2.jpg?fit=800%2C800&ssl=1&resize=525%2C300 1.5x, https:\/\/i0.wp.com\/tuzlahortum.com.tr\/wp-content\/uploads\/2024\/03\/jak_luks_hortum_ekleme_2.jpg?fit=800%2C800&ssl=1&resize=700%2C400 2x"},"classes":[]},{"id":13230,"url":"https:\/\/tuzlahortum.com.tr\/en\/product\/flow-luks-jak-1-2-hortum-govde\/","url_meta":{"origin":13228,"position":1},"title":"FLOW LUXURY JACK 1\/2 HOSE BODY","author":"admin","date":"28 March 2024","format":false,"excerpt":"FLOW L\u00dcKS JAK 1\/2 HORTUM G\u00d6VDE FLOW L\u00dcKS JAK 1\/2 Hortum G\u00f6vdesi, bah\u00e7e sulama sistemlerinizde g\u00fcvenilir bir ba\u011flant\u0131 sa\u011flamak i\u00e7in tasarlanm\u0131\u015ft\u0131r. \u00d6zellikler: Dayan\u0131kl\u0131 Yap\u0131: Y\u00fcksek kaliteli malzemeden \u00fcretilmi\u015ftir ve uzun \u00f6m\u00fcrl\u00fc kullan\u0131m i\u00e7in dayan\u0131kl\u0131 bir yap\u0131ya sahiptir. Paslanmaz \u00e7elik veya sa\u011flam plastik gibi malzemeler kullan\u0131larak g\u00fcvenilir bir ba\u011flant\u0131 sa\u011flar. Evrensel\u2026","rel":"","context":"Similar post","block_context":{"text":"Similar post","link":""},"img":{"alt_text":"","src":"https:\/\/i0.wp.com\/tuzlahortum.com.tr\/wp-content\/uploads\/2024\/03\/jak_luks_hortum_govde_7.jpg?fit=800%2C800&ssl=1&resize=350%2C200","width":350,"height":200,"srcset":"https:\/\/i0.wp.com\/tuzlahortum.com.tr\/wp-content\/uploads\/2024\/03\/jak_luks_hortum_govde_7.jpg?fit=800%2C800&ssl=1&resize=350%2C200 1x, https:\/\/i0.wp.com\/tuzlahortum.com.tr\/wp-content\/uploads\/2024\/03\/jak_luks_hortum_govde_7.jpg?fit=800%2C800&ssl=1&resize=525%2C300 1.5x, https:\/\/i0.wp.com\/tuzlahortum.com.tr\/wp-content\/uploads\/2024\/03\/jak_luks_hortum_govde_7.jpg?fit=800%2C800&ssl=1&resize=700%2C400 2x"},"classes":[]},{"id":13237,"url":"https:\/\/tuzlahortum.com.tr\/en\/product\/flow-eko-jak-1-2-hortum-ekleme\/","url_meta":{"origin":13228,"position":2},"title":"FLOW ECO JACK 1\/2 HOSE ADDING","author":"admin","date":"28 March 2024","format":false,"excerpt":"FLOW EKO JAK 1\/2 HORTUM EKLEME FLOW EKO JAK 1\/2 Hortum Eklemesi, bah\u00e7e sulama sistemlerinizde kullan\u0131m\u0131 kolay ve g\u00fcvenilir bir ba\u011flant\u0131 sa\u011flar. \u00d6zellikler: Evrensel Uyumluluk: Bu hortum eklemesi, \u00e7o\u011fu standart bah\u00e7e sulama ekipman\u0131yla uyumlu olarak tasarlanm\u0131\u015ft\u0131r. Farkl\u0131 \u00e7aplardaki hortumlar\u0131 birle\u015ftirmek i\u00e7in idealdir ve geni\u015f bir uyumluluk sa\u011flar. Dayan\u0131kl\u0131 Malzeme: Y\u00fcksek\u2026","rel":"","context":"Similar post","block_context":{"text":"Similar post","link":""},"img":{"alt_text":"","src":"https:\/\/i0.wp.com\/tuzlahortum.com.tr\/wp-content\/uploads\/2024\/03\/jak_eko_hortum_ekleme_2.jpg?fit=800%2C800&ssl=1&resize=350%2C200","width":350,"height":200,"srcset":"https:\/\/i0.wp.com\/tuzlahortum.com.tr\/wp-content\/uploads\/2024\/03\/jak_eko_hortum_ekleme_2.jpg?fit=800%2C800&ssl=1&resize=350%2C200 1x, https:\/\/i0.wp.com\/tuzlahortum.com.tr\/wp-content\/uploads\/2024\/03\/jak_eko_hortum_ekleme_2.jpg?fit=800%2C800&ssl=1&resize=525%2C300 1.5x, https:\/\/i0.wp.com\/tuzlahortum.com.tr\/wp-content\/uploads\/2024\/03\/jak_eko_hortum_ekleme_2.jpg?fit=800%2C800&ssl=1&resize=700%2C400 2x"},"classes":[]},{"id":13247,"url":"https:\/\/tuzlahortum.com.tr\/en\/product\/flow-luks-jak-1-2-3-4-hortum-ekleme\/","url_meta":{"origin":13228,"position":3},"title":"FLOW LUXURY JACK 1\/2-3\/4 HOSE ADDING","author":"admin","date":"28 March 2024","format":false,"excerpt":"FLOW L\u00dcKS JAK 1\/2-3\/4 HORTUM EKLEME Bah\u00e7e sulama i\u015flerinizi kolayla\u015ft\u0131ran ve hortumlar\u0131n\u0131z aras\u0131ndaki uyumu sa\u011flayan FLOW L\u00dcKS JAK, bah\u00e7enizin bak\u0131m\u0131n\u0131 daha keyifli hale getirir. \u00d6zellikler: Evrensel Uyumluluk: Bu jak, 1\/2\" ve 3\/4\" hortumlar\u0131 bir araya getirir, b\u00f6ylece farkl\u0131 \u00e7aplardaki hortumlar\u0131 sorunsuzca birbirine ba\u011flayabilirsiniz. Bah\u00e7enizdeki farkl\u0131 sulama ekipmanlar\u0131 aras\u0131nda uyum sa\u011flar.\u2026","rel":"","context":"Similar post","block_context":{"text":"Similar post","link":""},"img":{"alt_text":"","src":"https:\/\/i0.wp.com\/tuzlahortum.com.tr\/wp-content\/uploads\/2024\/03\/jak_luks_hortum_ekleme_dusurucu_2.jpg?fit=800%2C800&ssl=1&resize=350%2C200","width":350,"height":200,"srcset":"https:\/\/i0.wp.com\/tuzlahortum.com.tr\/wp-content\/uploads\/2024\/03\/jak_luks_hortum_ekleme_dusurucu_2.jpg?fit=800%2C800&ssl=1&resize=350%2C200 1x, https:\/\/i0.wp.com\/tuzlahortum.com.tr\/wp-content\/uploads\/2024\/03\/jak_luks_hortum_ekleme_dusurucu_2.jpg?fit=800%2C800&ssl=1&resize=525%2C300 1.5x, https:\/\/i0.wp.com\/tuzlahortum.com.tr\/wp-content\/uploads\/2024\/03\/jak_luks_hortum_ekleme_dusurucu_2.jpg?fit=800%2C800&ssl=1&resize=700%2C400 2x"},"classes":[]},{"id":13229,"url":"https:\/\/tuzlahortum.com.tr\/en\/product\/flow-luks-jak-3-4-hortum-govde\/","url_meta":{"origin":13228,"position":4},"title":"FLOW LUXURY JACK 3\/4 HOSE BODY","author":"admin","date":"28 March 2024","format":false,"excerpt":"FLOW L\u00dcKS JAK 3\/4 HORTUM G\u00d6VDE FLOW L\u00dcKS JAK - 3\/4\" Hortum G\u00f6vdesi, bah\u00e7e sulama sistemlerinizde su ak\u0131\u015f\u0131n\u0131 y\u00f6nlendirmek ve g\u00fcvenilir bir ba\u011flant\u0131 sa\u011flamak i\u00e7in \u00f6zel olarak tasarlanm\u0131\u015ft\u0131r. \u00d6zellikler: Dayan\u0131kl\u0131 Malzeme: Y\u00fcksek kaliteli malzemeden \u00fcretilmi\u015ftir ve uzun s\u00fcreli kullan\u0131m i\u00e7in sa\u011flam bir yap\u0131ya sahiptir. Paslanmaz \u00e7elik veya sa\u011flam plastik gibi\u2026","rel":"","context":"Similar post","block_context":{"text":"Similar post","link":""},"img":{"alt_text":"","src":"https:\/\/i0.wp.com\/tuzlahortum.com.tr\/wp-content\/uploads\/2024\/03\/jak_luks_hortum_govde_1.jpg?fit=800%2C800&ssl=1&resize=350%2C200","width":350,"height":200,"srcset":"https:\/\/i0.wp.com\/tuzlahortum.com.tr\/wp-content\/uploads\/2024\/03\/jak_luks_hortum_govde_1.jpg?fit=800%2C800&ssl=1&resize=350%2C200 1x, https:\/\/i0.wp.com\/tuzlahortum.com.tr\/wp-content\/uploads\/2024\/03\/jak_luks_hortum_govde_1.jpg?fit=800%2C800&ssl=1&resize=525%2C300 1.5x, https:\/\/i0.wp.com\/tuzlahortum.com.tr\/wp-content\/uploads\/2024\/03\/jak_luks_hortum_govde_1.jpg?fit=800%2C800&ssl=1&resize=700%2C400 2x"},"classes":[]},{"id":13236,"url":"https:\/\/tuzlahortum.com.tr\/en\/product\/flow-eko-jak-3-4-hortum-ekleme\/","url_meta":{"origin":13228,"position":5},"title":"FLOW ECO JACK 3\/4 HOSE ADDING","author":"admin","date":"28 March 2024","format":false,"excerpt":"FLOW EKO JAK 3\/4 HORTUM EKLEME FLOW EKO JAK 3\/4 Hortum Eklemesi, bah\u00e7e sulama sistemlerinizde kullan\u0131m\u0131 kolay ve verimli bir ba\u011flant\u0131 sa\u011flar. \u00d6zellikler: Evrensel Uyumluluk: Bu hortum eklemesi, \u00e7o\u011fu standart bah\u00e7e sulama ekipman\u0131yla uyumlu olarak tasarlanm\u0131\u015ft\u0131r. Farkl\u0131 \u00e7aplardaki hortumlar\u0131 birle\u015ftirmek i\u00e7in idealdir ve geni\u015f bir uyumluluk sa\u011flar. Dayan\u0131kl\u0131 Malzeme: Y\u00fcksek\u2026","rel":"","context":"Similar post","block_context":{"text":"Similar post","link":""},"img":{"alt_text":"","src":"https:\/\/i0.wp.com\/tuzlahortum.com.tr\/wp-content\/uploads\/2024\/03\/jak_eko_hortum_ekleme_2.jpg?fit=800%2C800&ssl=1&resize=350%2C200","width":350,"height":200,"srcset":"https:\/\/i0.wp.com\/tuzlahortum.com.tr\/wp-content\/uploads\/2024\/03\/jak_eko_hortum_ekleme_2.jpg?fit=800%2C800&ssl=1&resize=350%2C200 1x, https:\/\/i0.wp.com\/tuzlahortum.com.tr\/wp-content\/uploads\/2024\/03\/jak_eko_hortum_ekleme_2.jpg?fit=800%2C800&ssl=1&resize=525%2C300 1.5x, https:\/\/i0.wp.com\/tuzlahortum.com.tr\/wp-content\/uploads\/2024\/03\/jak_eko_hortum_ekleme_2.jpg?fit=800%2C800&ssl=1&resize=700%2C400 2x"},"classes":[]}],"jetpack_sharing_enabled":true,"jetpack_likes_enabled":true,"_links":{"self":[{"href":"https:\/\/tuzlahortum.com.tr\/en\/wp-json\/wp\/v2\/product\/13228","targetHints":{"allow":["GET"]}}],"collection":[{"href":"https:\/\/tuzlahortum.com.tr\/en\/wp-json\/wp\/v2\/product"}],"about":[{"href":"https:\/\/tuzlahortum.com.tr\/en\/wp-json\/wp\/v2\/types\/product"}],"replies":[{"embeddable":true,"href":"https:\/\/tuzlahortum.com.tr\/en\/wp-json\/wp\/v2\/comments?post=13228"}],"wp:featuredmedia":[{"embeddable":true,"href":"https:\/\/tuzlahortum.com.tr\/en\/wp-json\/wp\/v2\/media\/13281"}],"wp:attachment":[{"href":"https:\/\/tuzlahortum.com.tr\/en\/wp-json\/wp\/v2\/media?parent=13228"}],"wp:term":[{"taxonomy":"product_brand","embeddable":true,"href":"https:\/\/tuzlahortum.com.tr\/en\/wp-json\/wp\/v2\/product_brand?post=13228"},{"taxonomy":"product_cat","embeddable":true,"href":"https:\/\/tuzlahortum.com.tr\/en\/wp-json\/wp\/v2\/product_cat?post=13228"},{"taxonomy":"product_tag","embeddable":true,"href":"https:\/\/tuzlahortum.com.tr\/en\/wp-json\/wp\/v2\/product_tag?post=13228"}],"curies":[{"name":"wp","href":"https:\/\/api.w.org\/{rel}","templated":true}]}}