{"id":13088,"date":"2024-03-16T19:39:16","date_gmt":"2024-03-16T16:39:16","guid":{"rendered":"https:\/\/tuzlahortum.com.tr\/?post_type=product&#038;p=13088"},"modified":"2025-08-20T12:03:12","modified_gmt":"2025-08-20T09:03:12","slug":"zva-breakaway-3-4-disi","status":"publish","type":"product","link":"https:\/\/tuzlahortum.com.tr\/en\/product\/zva-breakaway-3-4-disi\/","title":{"rendered":"ZVA Breakaway 3\/4 Female"},"content":{"rendered":"<h2>ZVA Breakaway 3\/4 Female<\/h2>\n<p>Cast aluminum body and brackets increase the durability and longevity of the station. The use of double O-rings for perfect sealing prevents fuel leaks from the station and ensures safety. Teflon bearing is resistant to all types of fuel and has a long life for continuous use.<\/p>\n<p>Thanks to smart and practical solutions, it eliminates the need for short hoses, so users have a more comfortable experience. It offers an ideal solution for roller pumps and ensures safety with a breaking value between 80 and 150 kg. Having a test pressure of 4 bar indicates that high quality materials are used and reliability is prioritized.<\/p>\n<p>It attracts attention with its original design and the ability to easily rotate 360\u00b0 on the gun connection provides users with more flexibility during operation. BSP 1\u2033 thread type options are offered to meet different connection requirements and adapt to various areas of use.<\/p>","protected":false},"excerpt":{"rendered":"<p>ZVA Breakaway 3\/4 Di\u015fi Al\u00fcminyum d\u00f6k\u00fcm g\u00f6vde ve dirsekler, istasyonun dayan\u0131kl\u0131l\u0131\u011f\u0131n\u0131 ve uzun \u00f6m\u00fcrl\u00fcl\u00fc\u011f\u00fcn\u00fc art\u0131r\u0131r. M\u00fckemmel s\u0131zd\u0131rmazl\u0131k i\u00e7in \u00e7ift O-ring kullan\u0131m\u0131, istasyonun akaryak\u0131t ka\u00e7aklar\u0131n\u0131 \u00f6nler ve g\u00fcvenli\u011fi sa\u011flar. Teflon yataklama, her t\u00fcrl\u00fc akaryak\u0131ta dayan\u0131kl\u0131d\u0131r ve s\u00fcrekli kullan\u0131m i\u00e7in uzun \u00f6m\u00fcrl\u00fcd\u00fcr. Ak\u0131ll\u0131 ve pratik \u00e7\u00f6z\u00fcmler sayesinde k\u0131sa hortum ihtiyac\u0131n\u0131 giderir, b\u00f6ylece kullan\u0131c\u0131lar daha rahat bir deneyim [&#8230;]\n","protected":false},"featured_media":13117,"comment_status":"open","ping_status":"closed","template":"","meta":{"jetpack_post_was_ever_published":false},"product_brand":[],"product_cat":[2340,2342,2345],"product_tag":[],"class_list":{"0":"post-13088","1":"product","2":"type-product","3":"status-publish","4":"has-post-thumbnail","6":"product_cat-akaryakit","7":"product_cat-akaryakit-mafsallar","8":"product_cat-akaryakit-zva-urunler","10":"first","11":"instock","12":"taxable","13":"shipping-taxable","14":"product-type-simple"},"jetpack-related-posts":[],"jetpack_sharing_enabled":true,"jetpack_likes_enabled":true,"_links":{"self":[{"href":"https:\/\/tuzlahortum.com.tr\/en\/wp-json\/wp\/v2\/product\/13088","targetHints":{"allow":["GET"]}}],"collection":[{"href":"https:\/\/tuzlahortum.com.tr\/en\/wp-json\/wp\/v2\/product"}],"about":[{"href":"https:\/\/tuzlahortum.com.tr\/en\/wp-json\/wp\/v2\/types\/product"}],"replies":[{"embeddable":true,"href":"https:\/\/tuzlahortum.com.tr\/en\/wp-json\/wp\/v2\/comments?post=13088"}],"wp:featuredmedia":[{"embeddable":true,"href":"https:\/\/tuzlahortum.com.tr\/en\/wp-json\/wp\/v2\/media\/13117"}],"wp:attachment":[{"href":"https:\/\/tuzlahortum.com.tr\/en\/wp-json\/wp\/v2\/media?parent=13088"}],"wp:term":[{"taxonomy":"product_brand","embeddable":true,"href":"https:\/\/tuzlahortum.com.tr\/en\/wp-json\/wp\/v2\/product_brand?post=13088"},{"taxonomy":"product_cat","embeddable":true,"href":"https:\/\/tuzlahortum.com.tr\/en\/wp-json\/wp\/v2\/product_cat?post=13088"},{"taxonomy":"product_tag","embeddable":true,"href":"https:\/\/tuzlahortum.com.tr\/en\/wp-json\/wp\/v2\/product_tag?post=13088"}],"curies":[{"name":"wp","href":"https:\/\/api.w.org\/{rel}","templated":true}]}}