{"id":13084,"date":"2024-03-16T19:35:59","date_gmt":"2024-03-16T16:35:59","guid":{"rendered":"https:\/\/tuzlahortum.com.tr\/?post_type=product&#038;p=13084"},"modified":"2025-08-20T12:09:41","modified_gmt":"2025-08-20T09:09:41","slug":"zva-donusturucu-3-4-x-3-4","status":"publish","type":"product","link":"https:\/\/tuzlahortum.com.tr\/en\/product\/zva-donusturucu-3-4-x-3-4\/","title":{"rendered":"ZVA Converter 3\/4 x 3\/4"},"content":{"rendered":"<h2>ZVA Converter 3\/4 x 3\/4<\/h2>","protected":false},"excerpt":{"rendered":"<p>ZVA Converter 3\/4 x 3\/4<\/p>","protected":false},"featured_media":13129,"comment_status":"open","ping_status":"closed","template":"","meta":[],"product_brand":[],"product_cat":[2340,2342,2345],"product_tag":[],"class_list":{"0":"post-13084","1":"product","2":"type-product","3":"status-publish","4":"has-post-thumbnail","6":"product_cat-akaryakit","7":"product_cat-akaryakit-mafsallar","8":"product_cat-akaryakit-zva-urunler","10":"first","11":"instock","12":"taxable","13":"shipping-taxable","14":"product-type-simple"},"jetpack-related-posts":[{"id":13085,"url":"https:\/\/tuzlahortum.com.tr\/en\/product\/zva-donusturucu-3-4-x-1\/","url_meta":{"origin":13084,"position":0},"title":"ZVA Converter 3\/4 x 1 Inch","author":"admin","date":"16 March 2024","format":false,"excerpt":"ZVA D\u00f6n\u00fc\u015ft\u00fcr\u00fcc\u00fc 3\/4 x 1 Inch ZVA D\u00f6n\u00fc\u015ft\u00fcr\u00fcc\u00fc 3\/4 x 1 Inch","rel":"","context":"Similar post","block_context":{"text":"Similar post","link":""},"img":{"alt_text":"","src":"https:\/\/i0.wp.com\/tuzlahortum.com.tr\/wp-content\/uploads\/2024\/03\/ZVA_Donusturucu_1inchx3-4inch_1.jpg?fit=1200%2C1200&ssl=1&resize=350%2C200","width":350,"height":200,"srcset":"https:\/\/i0.wp.com\/tuzlahortum.com.tr\/wp-content\/uploads\/2024\/03\/ZVA_Donusturucu_1inchx3-4inch_1.jpg?fit=1200%2C1200&ssl=1&resize=350%2C200 1x, https:\/\/i0.wp.com\/tuzlahortum.com.tr\/wp-content\/uploads\/2024\/03\/ZVA_Donusturucu_1inchx3-4inch_1.jpg?fit=1200%2C1200&ssl=1&resize=525%2C300 1.5x, https:\/\/i0.wp.com\/tuzlahortum.com.tr\/wp-content\/uploads\/2024\/03\/ZVA_Donusturucu_1inchx3-4inch_1.jpg?fit=1200%2C1200&ssl=1&resize=700%2C400 2x, https:\/\/i0.wp.com\/tuzlahortum.com.tr\/wp-content\/uploads\/2024\/03\/ZVA_Donusturucu_1inchx3-4inch_1.jpg?fit=1200%2C1200&ssl=1&resize=1050%2C600 3x"},"classes":[]},{"id":13089,"url":"https:\/\/tuzlahortum.com.tr\/en\/product\/zva-breakaway-donusturucu-3-4\/","url_meta":{"origin":13084,"position":1},"title":"ZVA Breakaway Converter 3\/4","author":"admin","date":"16 March 2024","format":false,"excerpt":"ZVA Breakaway Converter 3\/4","rel":"","context":"Similar post","block_context":{"text":"Similar post","link":""},"img":{"alt_text":"","src":"https:\/\/i0.wp.com\/tuzlahortum.com.tr\/wp-content\/uploads\/2024\/03\/ZVA_Breakaway_Donusturucu_3-4inch_1.jpg?fit=1200%2C1200&ssl=1&resize=350%2C200","width":350,"height":200,"srcset":"https:\/\/i0.wp.com\/tuzlahortum.com.tr\/wp-content\/uploads\/2024\/03\/ZVA_Breakaway_Donusturucu_3-4inch_1.jpg?fit=1200%2C1200&ssl=1&resize=350%2C200 1x, https:\/\/i0.wp.com\/tuzlahortum.com.tr\/wp-content\/uploads\/2024\/03\/ZVA_Breakaway_Donusturucu_3-4inch_1.jpg?fit=1200%2C1200&ssl=1&resize=525%2C300 1.5x, https:\/\/i0.wp.com\/tuzlahortum.com.tr\/wp-content\/uploads\/2024\/03\/ZVA_Breakaway_Donusturucu_3-4inch_1.jpg?fit=1200%2C1200&ssl=1&resize=700%2C400 2x, https:\/\/i0.wp.com\/tuzlahortum.com.tr\/wp-content\/uploads\/2024\/03\/ZVA_Breakaway_Donusturucu_3-4inch_1.jpg?fit=1200%2C1200&ssl=1&resize=1050%2C600 3x"},"classes":[]},{"id":13086,"url":"https:\/\/tuzlahortum.com.tr\/en\/product\/zva-donusturucu-1-x-1\/","url_meta":{"origin":13084,"position":2},"title":"ZVA Converter 1 Inch x 1 Inch","author":"admin","date":"16 March 2024","format":false,"excerpt":"ZVA Converter 1 Inch x 1 Inch","rel":"","context":"Similar post","block_context":{"text":"Similar post","link":""},"img":{"alt_text":"","src":"https:\/\/i0.wp.com\/tuzlahortum.com.tr\/wp-content\/uploads\/2024\/03\/ZVA_Donusturucu_1inch_1.jpg?fit=1200%2C1200&ssl=1&resize=350%2C200","width":350,"height":200,"srcset":"https:\/\/i0.wp.com\/tuzlahortum.com.tr\/wp-content\/uploads\/2024\/03\/ZVA_Donusturucu_1inch_1.jpg?fit=1200%2C1200&ssl=1&resize=350%2C200 1x, https:\/\/i0.wp.com\/tuzlahortum.com.tr\/wp-content\/uploads\/2024\/03\/ZVA_Donusturucu_1inch_1.jpg?fit=1200%2C1200&ssl=1&resize=525%2C300 1.5x, https:\/\/i0.wp.com\/tuzlahortum.com.tr\/wp-content\/uploads\/2024\/03\/ZVA_Donusturucu_1inch_1.jpg?fit=1200%2C1200&ssl=1&resize=700%2C400 2x, https:\/\/i0.wp.com\/tuzlahortum.com.tr\/wp-content\/uploads\/2024\/03\/ZVA_Donusturucu_1inch_1.jpg?fit=1200%2C1200&ssl=1&resize=1050%2C600 3x"},"classes":[]},{"id":13071,"url":"https:\/\/tuzlahortum.com.tr\/en\/product\/3-4-zva-kalin-tabanca-ucu\/","url_meta":{"origin":13084,"position":3},"title":"ZVA Thick Gun Tip 3\/4","author":"admin","date":"16 March 2024","format":false,"excerpt":"ZVA Kal\u0131n Tabanca Ucu 3\/4 Otomatik yak\u0131t kesme sistemi, istasyondan ayr\u0131ld\u0131ktan sonra ak\u0131\u015f\u0131 otomatik olarak durduran bir mekanizmad\u0131r. Bu sistem, kullan\u0131c\u0131n\u0131n i\u015flemi tamamlad\u0131ktan sonra yak\u0131t\u0131n akmas\u0131n\u0131 otomatik olarak keserek g\u00fcvenli\u011fi sa\u011flar. Dizel ve kur\u015funlu akaryak\u0131tta kullan\u0131ma uygun olmas\u0131, geni\u015f bir yak\u0131t yelpazesine uyum sa\u011flar. Bu \u00f6zellik, istasyonun farkl\u0131 yak\u0131t tipleri\u2026","rel":"","context":"Similar post","block_context":{"text":"Similar post","link":""},"img":{"alt_text":"","src":"https:\/\/i0.wp.com\/tuzlahortum.com.tr\/wp-content\/uploads\/2024\/03\/ZVA_Tabanca_Ucu_3.jpg?fit=1200%2C1199&ssl=1&resize=350%2C200","width":350,"height":200,"srcset":"https:\/\/i0.wp.com\/tuzlahortum.com.tr\/wp-content\/uploads\/2024\/03\/ZVA_Tabanca_Ucu_3.jpg?fit=1200%2C1199&ssl=1&resize=350%2C200 1x, https:\/\/i0.wp.com\/tuzlahortum.com.tr\/wp-content\/uploads\/2024\/03\/ZVA_Tabanca_Ucu_3.jpg?fit=1200%2C1199&ssl=1&resize=525%2C300 1.5x, https:\/\/i0.wp.com\/tuzlahortum.com.tr\/wp-content\/uploads\/2024\/03\/ZVA_Tabanca_Ucu_3.jpg?fit=1200%2C1199&ssl=1&resize=700%2C400 2x, https:\/\/i0.wp.com\/tuzlahortum.com.tr\/wp-content\/uploads\/2024\/03\/ZVA_Tabanca_Ucu_3.jpg?fit=1200%2C1199&ssl=1&resize=1050%2C600 3x"},"classes":[]},{"id":13072,"url":"https:\/\/tuzlahortum.com.tr\/en\/product\/3-4-zva-ince-tabanca-ucu\/","url_meta":{"origin":13084,"position":4},"title":"ZVA Fine Gun Tip 3\/4","author":"admin","date":"16 March 2024","format":false,"excerpt":"ZVA \u0130nce Tabanca Ucu 3\/4 Otomatik yak\u0131t kesme sistemi, istasyondan ayr\u0131ld\u0131ktan sonra ak\u0131\u015f\u0131 otomatik olarak durduran bir mekanizmad\u0131r. Bu sistem, kullan\u0131c\u0131n\u0131n i\u015flemi tamamlad\u0131ktan sonra yak\u0131t\u0131n akmas\u0131n\u0131 otomatik olarak keserek g\u00fcvenli\u011fi sa\u011flar. Dizel ve kur\u015funlu akaryak\u0131tta kullan\u0131ma uygun olmas\u0131, geni\u015f bir yak\u0131t yelpazesine uyum sa\u011flar. Bu \u00f6zellik, istasyonun farkl\u0131 yak\u0131t tipleri\u2026","rel":"","context":"Similar post","block_context":{"text":"Similar post","link":""},"img":{"alt_text":"","src":"https:\/\/i0.wp.com\/tuzlahortum.com.tr\/wp-content\/uploads\/2024\/03\/ZVA_Tabanca_Ucu_2.jpg?fit=1200%2C1047&ssl=1&resize=350%2C200","width":350,"height":200,"srcset":"https:\/\/i0.wp.com\/tuzlahortum.com.tr\/wp-content\/uploads\/2024\/03\/ZVA_Tabanca_Ucu_2.jpg?fit=1200%2C1047&ssl=1&resize=350%2C200 1x, https:\/\/i0.wp.com\/tuzlahortum.com.tr\/wp-content\/uploads\/2024\/03\/ZVA_Tabanca_Ucu_2.jpg?fit=1200%2C1047&ssl=1&resize=525%2C300 1.5x, https:\/\/i0.wp.com\/tuzlahortum.com.tr\/wp-content\/uploads\/2024\/03\/ZVA_Tabanca_Ucu_2.jpg?fit=1200%2C1047&ssl=1&resize=700%2C400 2x, https:\/\/i0.wp.com\/tuzlahortum.com.tr\/wp-content\/uploads\/2024\/03\/ZVA_Tabanca_Ucu_2.jpg?fit=1200%2C1047&ssl=1&resize=1050%2C600 3x"},"classes":[]},{"id":13073,"url":"https:\/\/tuzlahortum.com.tr\/en\/product\/3-4-zva-2-kalin-tabanca-ucu\/","url_meta":{"origin":13084,"position":5},"title":"ZVA 2 Thick Gun Tip 3\/4","author":"admin","date":"16 March 2024","format":false,"excerpt":"ZVA 2 Kal\u0131n Tabanca Ucu 3\/4 Otomatik yak\u0131t kesme sistemi, istasyondan ayr\u0131ld\u0131ktan sonra ak\u0131\u015f\u0131 otomatik olarak durduran bir mekanizmad\u0131r. Bu sistem, kullan\u0131c\u0131n\u0131n i\u015flemi tamamlad\u0131ktan sonra yak\u0131t\u0131n akmas\u0131n\u0131 otomatik olarak keserek g\u00fcvenli\u011fi sa\u011flar. Dizel ve kur\u015funlu akaryak\u0131tta kullan\u0131ma uygun olmas\u0131, geni\u015f bir yak\u0131t yelpazesine uyum sa\u011flar. Bu \u00f6zellik, istasyonun farkl\u0131 yak\u0131t\u2026","rel":"","context":"Similar post","block_context":{"text":"Similar post","link":""},"img":{"alt_text":"","src":"https:\/\/i0.wp.com\/tuzlahortum.com.tr\/wp-content\/uploads\/2024\/03\/ZVA2_Motorin_Tabanca_Ucu_3.jpg?fit=1200%2C1200&ssl=1&resize=350%2C200","width":350,"height":200,"srcset":"https:\/\/i0.wp.com\/tuzlahortum.com.tr\/wp-content\/uploads\/2024\/03\/ZVA2_Motorin_Tabanca_Ucu_3.jpg?fit=1200%2C1200&ssl=1&resize=350%2C200 1x, https:\/\/i0.wp.com\/tuzlahortum.com.tr\/wp-content\/uploads\/2024\/03\/ZVA2_Motorin_Tabanca_Ucu_3.jpg?fit=1200%2C1200&ssl=1&resize=525%2C300 1.5x, https:\/\/i0.wp.com\/tuzlahortum.com.tr\/wp-content\/uploads\/2024\/03\/ZVA2_Motorin_Tabanca_Ucu_3.jpg?fit=1200%2C1200&ssl=1&resize=700%2C400 2x, https:\/\/i0.wp.com\/tuzlahortum.com.tr\/wp-content\/uploads\/2024\/03\/ZVA2_Motorin_Tabanca_Ucu_3.jpg?fit=1200%2C1200&ssl=1&resize=1050%2C600 3x"},"classes":[]}],"jetpack_sharing_enabled":true,"jetpack_likes_enabled":true,"_links":{"self":[{"href":"https:\/\/tuzlahortum.com.tr\/en\/wp-json\/wp\/v2\/product\/13084","targetHints":{"allow":["GET"]}}],"collection":[{"href":"https:\/\/tuzlahortum.com.tr\/en\/wp-json\/wp\/v2\/product"}],"about":[{"href":"https:\/\/tuzlahortum.com.tr\/en\/wp-json\/wp\/v2\/types\/product"}],"replies":[{"embeddable":true,"href":"https:\/\/tuzlahortum.com.tr\/en\/wp-json\/wp\/v2\/comments?post=13084"}],"wp:featuredmedia":[{"embeddable":true,"href":"https:\/\/tuzlahortum.com.tr\/en\/wp-json\/wp\/v2\/media\/13129"}],"wp:attachment":[{"href":"https:\/\/tuzlahortum.com.tr\/en\/wp-json\/wp\/v2\/media?parent=13084"}],"wp:term":[{"taxonomy":"product_brand","embeddable":true,"href":"https:\/\/tuzlahortum.com.tr\/en\/wp-json\/wp\/v2\/product_brand?post=13084"},{"taxonomy":"product_cat","embeddable":true,"href":"https:\/\/tuzlahortum.com.tr\/en\/wp-json\/wp\/v2\/product_cat?post=13084"},{"taxonomy":"product_tag","embeddable":true,"href":"https:\/\/tuzlahortum.com.tr\/en\/wp-json\/wp\/v2\/product_tag?post=13084"}],"curies":[{"name":"wp","href":"https:\/\/api.w.org\/{rel}","templated":true}]}}