{"id":13070,"date":"2024-03-16T19:26:01","date_gmt":"2024-03-16T16:26:01","guid":{"rendered":"https:\/\/tuzlahortum.com.tr\/?post_type=product&#038;p=13070"},"modified":"2025-08-20T12:10:09","modified_gmt":"2025-08-20T09:10:09","slug":"11a-kalin-tabanca-ucu","status":"publish","type":"product","link":"https:\/\/tuzlahortum.com.tr\/en\/product\/11a-kalin-tabanca-ucu\/","title":{"rendered":"11A Thick Gun Tip"},"content":{"rendered":"<h2>11A Kal\u0131n Tabanca Ucu<\/h2>\n<div class=\"flex-shrink-0 flex flex-col relative items-end\">\n<div>\n<div class=\"pt-0.5\">\n<div class=\"gizmo-shadow-stroke flex h-6 w-6 items-center justify-center overflow-hidden rounded-full\">\n<div class=\"relative p-1 rounded-sm h-9 w-9 text-white flex items-center justify-center\">ChatGPT<\/div>\n<\/div>\n<\/div>\n<\/div>\n<\/div>\n<div class=\"relative flex w-full flex-col agent-turn\">\n<div class=\"flex-col gap-1 md:gap-3\">\n<div class=\"flex flex-grow flex-col max-w-full\">\n<div class=\"min-h-[20px] text-message flex flex-col items-start gap-3 whitespace-pre-wrap break-words [.text-message+&amp;]:mt-5 overflow-x-auto\" data-message-author-role=\"assistant\" data-message-id=\"9aa8b4b0-3a62-4077-9b74-a4b6c9b70d25\">\n<div class=\"markdown prose w-full break-words dark:prose-invert dark\">\n<p>Al\u00fcminyum boru ve zamak popet kafas\u0131, istasyonun hafif olmas\u0131n\u0131 sa\u011flar ve dayan\u0131kl\u0131 bir yap\u0131 sunar. Pirin\u00e7 popet yata\u011f\u0131, istasyonun uzun \u00f6m\u00fcrl\u00fc olmas\u0131n\u0131 sa\u011flar ve sorunsuz \u00e7al\u0131\u015fmas\u0131n\u0131 destekler.<\/p>\n<p>Otomatik yak\u0131t kesme sistemi, kullan\u0131c\u0131n\u0131n istasyondan ayr\u0131ld\u0131ktan sonra ak\u0131\u015f\u0131 otomatik olarak durdurarak g\u00fcvenli\u011fi art\u0131r\u0131r. Bu sistem, yak\u0131t s\u0131z\u0131nt\u0131lar\u0131n\u0131 ve at\u0131klar\u0131n\u0131 minimize eder.<\/p>\n<p>Dizel ve kur\u015funlu akaryak\u0131tlarda kullan\u0131ma uygun olmas\u0131, istasyonun geni\u015f bir kullan\u0131m yelpazesine hitap etti\u011fini g\u00f6sterir.<\/p>\n<p>11A tipi tabancalara uygun olarak \u00fcretilmi\u015f olmas\u0131, standart tabanca modelleri ile uyumlulu\u011funu garanti eder ve kullan\u0131c\u0131lar\u0131n kolayl\u0131kla istasyonu kullanmas\u0131n\u0131 sa\u011flar.<\/p>\n<\/div>\n<\/div>\n<\/div>\n<\/div>\n<\/div>\n","protected":false},"excerpt":{"rendered":"<p>11A Kal\u0131n Tabanca Ucu ChatGPT Al\u00fcminyum boru ve zamak popet kafas\u0131, istasyonun hafif olmas\u0131n\u0131 sa\u011flar ve dayan\u0131kl\u0131 bir yap\u0131 sunar. Pirin\u00e7 popet yata\u011f\u0131, istasyonun uzun \u00f6m\u00fcrl\u00fc olmas\u0131n\u0131 sa\u011flar ve sorunsuz \u00e7al\u0131\u015fmas\u0131n\u0131 destekler. Otomatik yak\u0131t kesme sistemi, kullan\u0131c\u0131n\u0131n istasyondan ayr\u0131ld\u0131ktan sonra ak\u0131\u015f\u0131 otomatik olarak durdurarak g\u00fcvenli\u011fi art\u0131r\u0131r. Bu sistem, yak\u0131t s\u0131z\u0131nt\u0131lar\u0131n\u0131 ve at\u0131klar\u0131n\u0131 minimize eder. Dizel [&#8230;]\n","protected":false},"featured_media":13163,"comment_status":"open","ping_status":"closed","template":"","meta":[],"product_brand":[],"product_cat":[2340,2343],"product_tag":[],"class_list":{"0":"post-13070","1":"product","2":"type-product","3":"status-publish","4":"has-post-thumbnail","6":"product_cat-akaryakit","7":"product_cat-akaryakit-tabacalari","9":"first","10":"instock","11":"taxable","12":"shipping-taxable","13":"product-type-simple"},"jetpack-related-posts":[{"id":13069,"url":"https:\/\/tuzlahortum.com.tr\/en\/product\/11a-ince-tabanca-ucu\/","url_meta":{"origin":13070,"position":0},"title":"11A Fine Gun Tip","author":"admin","date":"16 March 2024","format":false,"excerpt":"11A \u0130nce Tabanca Ucu Al\u00fcminyum boru ve zamak popet kafas\u0131, istasyonun hafif olmas\u0131n\u0131 sa\u011flar ve dayan\u0131kl\u0131 bir yap\u0131 sunar. Pirin\u00e7 popet yata\u011f\u0131, istasyonun uzun \u00f6m\u00fcrl\u00fc olmas\u0131n\u0131 sa\u011flar ve sorunsuz \u00e7al\u0131\u015fmas\u0131n\u0131 destekler. Otomatik yak\u0131t kesme sistemi, kullan\u0131c\u0131n\u0131n istasyondan ayr\u0131ld\u0131ktan sonra ak\u0131\u015f\u0131 otomatik olarak durdurarak g\u00fcvenli\u011fi art\u0131r\u0131r. Bu sistem, yak\u0131t s\u0131z\u0131nt\u0131lar\u0131n\u0131 ve\u2026","rel":"","context":"Similar post","block_context":{"text":"Similar post","link":""},"img":{"alt_text":"","src":"https:\/\/i0.wp.com\/tuzlahortum.com.tr\/wp-content\/uploads\/2024\/03\/11A_Ince_Tabanca_Ucu_3.jpg?fit=1200%2C1200&ssl=1&resize=350%2C200","width":350,"height":200,"srcset":"https:\/\/i0.wp.com\/tuzlahortum.com.tr\/wp-content\/uploads\/2024\/03\/11A_Ince_Tabanca_Ucu_3.jpg?fit=1200%2C1200&ssl=1&resize=350%2C200 1x, https:\/\/i0.wp.com\/tuzlahortum.com.tr\/wp-content\/uploads\/2024\/03\/11A_Ince_Tabanca_Ucu_3.jpg?fit=1200%2C1200&ssl=1&resize=525%2C300 1.5x, https:\/\/i0.wp.com\/tuzlahortum.com.tr\/wp-content\/uploads\/2024\/03\/11A_Ince_Tabanca_Ucu_3.jpg?fit=1200%2C1200&ssl=1&resize=700%2C400 2x, https:\/\/i0.wp.com\/tuzlahortum.com.tr\/wp-content\/uploads\/2024\/03\/11A_Ince_Tabanca_Ucu_3.jpg?fit=1200%2C1200&ssl=1&resize=1050%2C600 3x"},"classes":[]},{"id":13071,"url":"https:\/\/tuzlahortum.com.tr\/en\/product\/3-4-zva-kalin-tabanca-ucu\/","url_meta":{"origin":13070,"position":1},"title":"ZVA Thick Gun Tip 3\/4","author":"admin","date":"16 March 2024","format":false,"excerpt":"ZVA Kal\u0131n Tabanca Ucu 3\/4 Otomatik yak\u0131t kesme sistemi, istasyondan ayr\u0131ld\u0131ktan sonra ak\u0131\u015f\u0131 otomatik olarak durduran bir mekanizmad\u0131r. Bu sistem, kullan\u0131c\u0131n\u0131n i\u015flemi tamamlad\u0131ktan sonra yak\u0131t\u0131n akmas\u0131n\u0131 otomatik olarak keserek g\u00fcvenli\u011fi sa\u011flar. Dizel ve kur\u015funlu akaryak\u0131tta kullan\u0131ma uygun olmas\u0131, geni\u015f bir yak\u0131t yelpazesine uyum sa\u011flar. Bu \u00f6zellik, istasyonun farkl\u0131 yak\u0131t tipleri\u2026","rel":"","context":"Similar post","block_context":{"text":"Similar post","link":""},"img":{"alt_text":"","src":"https:\/\/i0.wp.com\/tuzlahortum.com.tr\/wp-content\/uploads\/2024\/03\/ZVA_Tabanca_Ucu_3.jpg?fit=1200%2C1199&ssl=1&resize=350%2C200","width":350,"height":200,"srcset":"https:\/\/i0.wp.com\/tuzlahortum.com.tr\/wp-content\/uploads\/2024\/03\/ZVA_Tabanca_Ucu_3.jpg?fit=1200%2C1199&ssl=1&resize=350%2C200 1x, https:\/\/i0.wp.com\/tuzlahortum.com.tr\/wp-content\/uploads\/2024\/03\/ZVA_Tabanca_Ucu_3.jpg?fit=1200%2C1199&ssl=1&resize=525%2C300 1.5x, https:\/\/i0.wp.com\/tuzlahortum.com.tr\/wp-content\/uploads\/2024\/03\/ZVA_Tabanca_Ucu_3.jpg?fit=1200%2C1199&ssl=1&resize=700%2C400 2x, https:\/\/i0.wp.com\/tuzlahortum.com.tr\/wp-content\/uploads\/2024\/03\/ZVA_Tabanca_Ucu_3.jpg?fit=1200%2C1199&ssl=1&resize=1050%2C600 3x"},"classes":[]},{"id":13073,"url":"https:\/\/tuzlahortum.com.tr\/en\/product\/3-4-zva-2-kalin-tabanca-ucu\/","url_meta":{"origin":13070,"position":2},"title":"ZVA 2 Thick Gun Tip 3\/4","author":"admin","date":"16 March 2024","format":false,"excerpt":"ZVA 2 Kal\u0131n Tabanca Ucu 3\/4 Otomatik yak\u0131t kesme sistemi, istasyondan ayr\u0131ld\u0131ktan sonra ak\u0131\u015f\u0131 otomatik olarak durduran bir mekanizmad\u0131r. Bu sistem, kullan\u0131c\u0131n\u0131n i\u015flemi tamamlad\u0131ktan sonra yak\u0131t\u0131n akmas\u0131n\u0131 otomatik olarak keserek g\u00fcvenli\u011fi sa\u011flar. Dizel ve kur\u015funlu akaryak\u0131tta kullan\u0131ma uygun olmas\u0131, geni\u015f bir yak\u0131t yelpazesine uyum sa\u011flar. Bu \u00f6zellik, istasyonun farkl\u0131 yak\u0131t\u2026","rel":"","context":"Similar post","block_context":{"text":"Similar post","link":""},"img":{"alt_text":"","src":"https:\/\/i0.wp.com\/tuzlahortum.com.tr\/wp-content\/uploads\/2024\/03\/ZVA2_Motorin_Tabanca_Ucu_3.jpg?fit=1200%2C1200&ssl=1&resize=350%2C200","width":350,"height":200,"srcset":"https:\/\/i0.wp.com\/tuzlahortum.com.tr\/wp-content\/uploads\/2024\/03\/ZVA2_Motorin_Tabanca_Ucu_3.jpg?fit=1200%2C1200&ssl=1&resize=350%2C200 1x, https:\/\/i0.wp.com\/tuzlahortum.com.tr\/wp-content\/uploads\/2024\/03\/ZVA2_Motorin_Tabanca_Ucu_3.jpg?fit=1200%2C1200&ssl=1&resize=525%2C300 1.5x, https:\/\/i0.wp.com\/tuzlahortum.com.tr\/wp-content\/uploads\/2024\/03\/ZVA2_Motorin_Tabanca_Ucu_3.jpg?fit=1200%2C1200&ssl=1&resize=700%2C400 2x, https:\/\/i0.wp.com\/tuzlahortum.com.tr\/wp-content\/uploads\/2024\/03\/ZVA2_Motorin_Tabanca_Ucu_3.jpg?fit=1200%2C1200&ssl=1&resize=1050%2C600 3x"},"classes":[]},{"id":13072,"url":"https:\/\/tuzlahortum.com.tr\/en\/product\/3-4-zva-ince-tabanca-ucu\/","url_meta":{"origin":13070,"position":3},"title":"ZVA Fine Gun Tip 3\/4","author":"admin","date":"16 March 2024","format":false,"excerpt":"ZVA \u0130nce Tabanca Ucu 3\/4 Otomatik yak\u0131t kesme sistemi, istasyondan ayr\u0131ld\u0131ktan sonra ak\u0131\u015f\u0131 otomatik olarak durduran bir mekanizmad\u0131r. Bu sistem, kullan\u0131c\u0131n\u0131n i\u015flemi tamamlad\u0131ktan sonra yak\u0131t\u0131n akmas\u0131n\u0131 otomatik olarak keserek g\u00fcvenli\u011fi sa\u011flar. Dizel ve kur\u015funlu akaryak\u0131tta kullan\u0131ma uygun olmas\u0131, geni\u015f bir yak\u0131t yelpazesine uyum sa\u011flar. Bu \u00f6zellik, istasyonun farkl\u0131 yak\u0131t tipleri\u2026","rel":"","context":"Similar post","block_context":{"text":"Similar post","link":""},"img":{"alt_text":"","src":"https:\/\/i0.wp.com\/tuzlahortum.com.tr\/wp-content\/uploads\/2024\/03\/ZVA_Tabanca_Ucu_2.jpg?fit=1200%2C1047&ssl=1&resize=350%2C200","width":350,"height":200,"srcset":"https:\/\/i0.wp.com\/tuzlahortum.com.tr\/wp-content\/uploads\/2024\/03\/ZVA_Tabanca_Ucu_2.jpg?fit=1200%2C1047&ssl=1&resize=350%2C200 1x, https:\/\/i0.wp.com\/tuzlahortum.com.tr\/wp-content\/uploads\/2024\/03\/ZVA_Tabanca_Ucu_2.jpg?fit=1200%2C1047&ssl=1&resize=525%2C300 1.5x, https:\/\/i0.wp.com\/tuzlahortum.com.tr\/wp-content\/uploads\/2024\/03\/ZVA_Tabanca_Ucu_2.jpg?fit=1200%2C1047&ssl=1&resize=700%2C400 2x, https:\/\/i0.wp.com\/tuzlahortum.com.tr\/wp-content\/uploads\/2024\/03\/ZVA_Tabanca_Ucu_2.jpg?fit=1200%2C1047&ssl=1&resize=1050%2C600 3x"},"classes":[]},{"id":13109,"url":"https:\/\/tuzlahortum.com.tr\/en\/product\/11a-otomatik-akaryakit-tabancasi-3-4-ince\/","url_meta":{"origin":13070,"position":4},"title":"11A Automatic Thin Fuel Gun \u2013 3\/4","author":"admin","date":"18 March 2024","format":false,"excerpt":"11A Otomatik \u0130nce Akaryak\u0131t Tabancas\u0131 - 3\/4 Bas\u0131nca duyarl\u0131 \u00e7al\u0131\u015fma prensibine sahip olan bu self servis veya \u00f6n \u00f6demeli istasyonlar, kullan\u0131c\u0131lar\u0131n kolay ve verimli bir \u015fekilde akaryak\u0131t almas\u0131n\u0131 sa\u011flamak i\u00e7in tasarlanm\u0131\u015ft\u0131r. \u0130\u015fleyi\u015f prensibi, tabancan\u0131n bas\u0131n\u00e7la \u00e7al\u0131\u015fmas\u0131 ve bas\u0131n\u00e7 ortadan kalkt\u0131\u011f\u0131nda otomatik olarak atmas\u0131 \u00fczerine kuruludur. Otomatik atma \u00f6zelli\u011fi, kullan\u0131c\u0131lar\u0131n i\u015flemi\u2026","rel":"","context":"Similar post","block_context":{"text":"Similar post","link":""},"img":{"alt_text":"11A Otomatik","src":"https:\/\/i0.wp.com\/tuzlahortum.com.tr\/wp-content\/uploads\/2024\/03\/11A_Ince_Akaryakit_Tabanca_2.jpg?fit=1200%2C1200&ssl=1&resize=350%2C200","width":350,"height":200,"srcset":"https:\/\/i0.wp.com\/tuzlahortum.com.tr\/wp-content\/uploads\/2024\/03\/11A_Ince_Akaryakit_Tabanca_2.jpg?fit=1200%2C1200&ssl=1&resize=350%2C200 1x, https:\/\/i0.wp.com\/tuzlahortum.com.tr\/wp-content\/uploads\/2024\/03\/11A_Ince_Akaryakit_Tabanca_2.jpg?fit=1200%2C1200&ssl=1&resize=525%2C300 1.5x, https:\/\/i0.wp.com\/tuzlahortum.com.tr\/wp-content\/uploads\/2024\/03\/11A_Ince_Akaryakit_Tabanca_2.jpg?fit=1200%2C1200&ssl=1&resize=700%2C400 2x, https:\/\/i0.wp.com\/tuzlahortum.com.tr\/wp-content\/uploads\/2024\/03\/11A_Ince_Akaryakit_Tabanca_2.jpg?fit=1200%2C1200&ssl=1&resize=1050%2C600 3x"},"classes":[]},{"id":13074,"url":"https:\/\/tuzlahortum.com.tr\/en\/product\/3-4-zva-2-ince-tabanca-ucu\/","url_meta":{"origin":13070,"position":5},"title":"ZVA 2 Fine Gun Tip 3\/4","author":"admin","date":"16 March 2024","format":false,"excerpt":"ZVA 2 \u0130nce Tabanca Ucu 3\/4 Otomatik yak\u0131t kesme sistemi, kullan\u0131c\u0131lar\u0131n i\u015flemi tamamlad\u0131ktan sonra ak\u0131\u015f\u0131 otomatik olarak durduran bir mekanizmad\u0131r. Bu sistem, kullan\u0131c\u0131n\u0131n i\u015flemi tamamlad\u0131ktan sonra yak\u0131t ak\u0131\u015f\u0131n\u0131 otomatik olarak keserek g\u00fcvenli\u011fi art\u0131r\u0131r ve yak\u0131t s\u0131z\u0131nt\u0131lar\u0131n\u0131 minimize eder. Dizel ve kuru\u015funlu akaryak\u0131tta kullan\u0131ma uygun olmas\u0131, geni\u015f bir yak\u0131t yelpazesine uyum\u2026","rel":"","context":"Similar post","block_context":{"text":"Similar post","link":""},"img":{"alt_text":"","src":"https:\/\/i0.wp.com\/tuzlahortum.com.tr\/wp-content\/uploads\/2024\/03\/ZVA2_Benzin_Tabanca_Ucu_1.jpg?fit=1197%2C1200&ssl=1&resize=350%2C200","width":350,"height":200,"srcset":"https:\/\/i0.wp.com\/tuzlahortum.com.tr\/wp-content\/uploads\/2024\/03\/ZVA2_Benzin_Tabanca_Ucu_1.jpg?fit=1197%2C1200&ssl=1&resize=350%2C200 1x, https:\/\/i0.wp.com\/tuzlahortum.com.tr\/wp-content\/uploads\/2024\/03\/ZVA2_Benzin_Tabanca_Ucu_1.jpg?fit=1197%2C1200&ssl=1&resize=525%2C300 1.5x, https:\/\/i0.wp.com\/tuzlahortum.com.tr\/wp-content\/uploads\/2024\/03\/ZVA2_Benzin_Tabanca_Ucu_1.jpg?fit=1197%2C1200&ssl=1&resize=700%2C400 2x, https:\/\/i0.wp.com\/tuzlahortum.com.tr\/wp-content\/uploads\/2024\/03\/ZVA2_Benzin_Tabanca_Ucu_1.jpg?fit=1197%2C1200&ssl=1&resize=1050%2C600 3x"},"classes":[]}],"jetpack_sharing_enabled":true,"jetpack_likes_enabled":true,"_links":{"self":[{"href":"https:\/\/tuzlahortum.com.tr\/en\/wp-json\/wp\/v2\/product\/13070","targetHints":{"allow":["GET"]}}],"collection":[{"href":"https:\/\/tuzlahortum.com.tr\/en\/wp-json\/wp\/v2\/product"}],"about":[{"href":"https:\/\/tuzlahortum.com.tr\/en\/wp-json\/wp\/v2\/types\/product"}],"replies":[{"embeddable":true,"href":"https:\/\/tuzlahortum.com.tr\/en\/wp-json\/wp\/v2\/comments?post=13070"}],"wp:featuredmedia":[{"embeddable":true,"href":"https:\/\/tuzlahortum.com.tr\/en\/wp-json\/wp\/v2\/media\/13163"}],"wp:attachment":[{"href":"https:\/\/tuzlahortum.com.tr\/en\/wp-json\/wp\/v2\/media?parent=13070"}],"wp:term":[{"taxonomy":"product_brand","embeddable":true,"href":"https:\/\/tuzlahortum.com.tr\/en\/wp-json\/wp\/v2\/product_brand?post=13070"},{"taxonomy":"product_cat","embeddable":true,"href":"https:\/\/tuzlahortum.com.tr\/en\/wp-json\/wp\/v2\/product_cat?post=13070"},{"taxonomy":"product_tag","embeddable":true,"href":"https:\/\/tuzlahortum.com.tr\/en\/wp-json\/wp\/v2\/product_tag?post=13070"}],"curies":[{"name":"wp","href":"https:\/\/api.w.org\/{rel}","templated":true}]}}