{"id":13067,"date":"2024-03-16T19:23:44","date_gmt":"2024-03-16T16:23:44","guid":{"rendered":"https:\/\/tuzlahortum.com.tr\/?post_type=product&#038;p=13067"},"modified":"2024-03-29T17:36:32","modified_gmt":"2024-03-29T14:36:32","slug":"z-mafsal-1","status":"publish","type":"product","link":"https:\/\/tuzlahortum.com.tr\/en\/product\/z-mafsal-1\/","title":{"rendered":"Z Joint 1"},"content":{"rendered":"<h2>Z Joint 1<\/h2>\n<p>The combination of aluminum die-cast body elbow and brass nipple stands out with its durability and functionality. These materials provide long-lasting and reliable performance.<\/p>\n<p>Double O-Rings are used for perfect sealing. This ensures a safe and secure connection, thus minimizing the risk of leaks.<\/p>\n<p>Teflon bearing, resistant to all types of fuel, provides superior performance and reliability. This feature allows the product to adapt to a wide range of applications.<\/p>\n<p>ATEX approved, this product offers assurance that it meets safety and quality standards. This makes it an ideal choice for industrial use.<\/p>\n<p>This product, which draws attention with its original design, offers a unique and functional solution. The ability to easily rotate 360\u00b0 in the gun and hose connection provides ease of use and flexibility. This feature provides users with a more comfortable experience and improves work efficiency.<\/p>","protected":false},"excerpt":{"rendered":"<p>Z Mafsal 1 Al\u00fcminyum d\u00f6k\u00fcm g\u00f6vdeli dirsek ve pirin\u00e7 nipel kombinasyonu, dayan\u0131kl\u0131l\u0131\u011f\u0131 ve i\u015flevselli\u011fiyle \u00f6ne \u00e7\u0131kar. Bu malzemeler, uzun \u00f6m\u00fcrl\u00fc ve g\u00fcvenilir bir performans sa\u011flar. M\u00fckemmel s\u0131zd\u0131rmazl\u0131k i\u00e7in \u00e7ift O-Ring kullan\u0131l\u0131r. Bu, g\u00fcvenli ve sa\u011flam bir ba\u011flant\u0131 sa\u011flar, b\u00f6ylece s\u0131z\u0131nt\u0131 riskini en aza indirir. Her t\u00fcrl\u00fc akaryak\u0131ta dayan\u0131kl\u0131 teflon yataklama, \u00fcst\u00fcn performans ve g\u00fcvenilirlik sa\u011flar. [&#8230;]\n","protected":false},"featured_media":13096,"comment_status":"open","ping_status":"closed","template":"","meta":[],"product_brand":[],"product_cat":[2340,2342],"product_tag":[],"class_list":{"0":"post-13067","1":"product","2":"type-product","3":"status-publish","4":"has-post-thumbnail","6":"product_cat-akaryakit","7":"product_cat-akaryakit-mafsallar","9":"first","10":"instock","11":"taxable","12":"shipping-taxable","13":"product-type-simple"},"jetpack-related-posts":[{"id":13068,"url":"https:\/\/tuzlahortum.com.tr\/en\/product\/z-mafsal-3-4\/","url_meta":{"origin":13067,"position":0},"title":"Z Joint 3\/4","author":"admin","date":"16 March 2024","format":false,"excerpt":"Z Mafsal 3\/4 Al\u00fcminyum d\u00f6k\u00fcm g\u00f6vdeli dirsek ve pirin\u00e7 nipel kombinasyonu, dayan\u0131kl\u0131l\u0131\u011f\u0131 ve i\u015flevselli\u011fiyle \u00f6ne \u00e7\u0131kar. Bu malzemeler, uzun \u00f6m\u00fcrl\u00fc ve g\u00fcvenilir bir performans sa\u011flar. M\u00fckemmel s\u0131zd\u0131rmazl\u0131k i\u00e7in \u00e7ift O-Ring kullan\u0131l\u0131r. Bu, g\u00fcvenli ve sa\u011flam bir ba\u011flant\u0131 sa\u011flar, b\u00f6ylece s\u0131z\u0131nt\u0131 riskini en aza indirir. Her t\u00fcrl\u00fc akaryak\u0131ta dayan\u0131kl\u0131 teflon yataklama,\u2026","rel":"","context":"Similar post","block_context":{"text":"Similar post","link":""},"img":{"alt_text":"","src":"https:\/\/i0.wp.com\/tuzlahortum.com.tr\/wp-content\/uploads\/2024\/03\/Z_Mafsal_3-4inch_3.jpg?fit=1200%2C1200&ssl=1&resize=350%2C200","width":350,"height":200,"srcset":"https:\/\/i0.wp.com\/tuzlahortum.com.tr\/wp-content\/uploads\/2024\/03\/Z_Mafsal_3-4inch_3.jpg?fit=1200%2C1200&ssl=1&resize=350%2C200 1x, https:\/\/i0.wp.com\/tuzlahortum.com.tr\/wp-content\/uploads\/2024\/03\/Z_Mafsal_3-4inch_3.jpg?fit=1200%2C1200&ssl=1&resize=525%2C300 1.5x, https:\/\/i0.wp.com\/tuzlahortum.com.tr\/wp-content\/uploads\/2024\/03\/Z_Mafsal_3-4inch_3.jpg?fit=1200%2C1200&ssl=1&resize=700%2C400 2x, https:\/\/i0.wp.com\/tuzlahortum.com.tr\/wp-content\/uploads\/2024\/03\/Z_Mafsal_3-4inch_3.jpg?fit=1200%2C1200&ssl=1&resize=1050%2C600 3x"},"classes":[]},{"id":13064,"url":"https:\/\/tuzlahortum.com.tr\/en\/product\/v66-breakaway-1\/","url_meta":{"origin":13067,"position":1},"title":"V66 Breakaway 1 Inch","author":"admin","date":"16 March 2024","format":false,"excerpt":"V66 Breakaway 1 Inch Dizel, benzin ve %10'a kadar ethanol katk\u0131lar\u0131yla uyumlu olan bu \u00fcr\u00fcn, geni\u015f bir yak\u0131t yelpazesine uygunlu\u011fuyla dikkat \u00e7eker. BSP di\u015f se\u00e7ene\u011fi, kolay ba\u011flant\u0131 imkan\u0131 sunar ve \u00e7e\u015fitli kullan\u0131m senaryolar\u0131na uyum sa\u011flar. 3\/4\u201d ve 1\u201d \u00f6l\u00e7\u00fclerinde temin edilebilen bu \u00fcr\u00fcn, farkl\u0131 uygulama gereksinimlerini kar\u015f\u0131lamak i\u00e7in \u00e7e\u015fitlilik sunar.\u2026","rel":"","context":"Similar post","block_context":{"text":"Similar post","link":""},"img":{"alt_text":"","src":"https:\/\/i0.wp.com\/tuzlahortum.com.tr\/wp-content\/uploads\/2024\/03\/Breakaway_V66_1inch_1.jpg?fit=1200%2C1200&ssl=1&resize=350%2C200","width":350,"height":200,"srcset":"https:\/\/i0.wp.com\/tuzlahortum.com.tr\/wp-content\/uploads\/2024\/03\/Breakaway_V66_1inch_1.jpg?fit=1200%2C1200&ssl=1&resize=350%2C200 1x, https:\/\/i0.wp.com\/tuzlahortum.com.tr\/wp-content\/uploads\/2024\/03\/Breakaway_V66_1inch_1.jpg?fit=1200%2C1200&ssl=1&resize=525%2C300 1.5x, https:\/\/i0.wp.com\/tuzlahortum.com.tr\/wp-content\/uploads\/2024\/03\/Breakaway_V66_1inch_1.jpg?fit=1200%2C1200&ssl=1&resize=700%2C400 2x, https:\/\/i0.wp.com\/tuzlahortum.com.tr\/wp-content\/uploads\/2024\/03\/Breakaway_V66_1inch_1.jpg?fit=1200%2C1200&ssl=1&resize=1050%2C600 3x"},"classes":[]},{"id":13063,"url":"https:\/\/tuzlahortum.com.tr\/en\/product\/v66-breakaway-3-4\/","url_meta":{"origin":13067,"position":2},"title":"V66 Breakaway 3\/4","author":"admin","date":"16 March 2024","format":false,"excerpt":"V66 Breakaway 3\/4 Dizel, benzin ve %10'a kadar ethanol katk\u0131lar\u0131yla uyumlu olan bu \u00fcr\u00fcn, geni\u015f bir yak\u0131t yelpazesine uygunlu\u011fuyla dikkat \u00e7eker. BSP di\u015f se\u00e7ene\u011fi, kolay ba\u011flant\u0131 imkan\u0131 sunar ve \u00e7e\u015fitli kullan\u0131m senaryolar\u0131na uyum sa\u011flar. 3\/4\u201d ve 1\u201d \u00f6l\u00e7\u00fclerinde temin edilebilen bu \u00fcr\u00fcn, farkl\u0131 uygulama gereksinimlerini kar\u015f\u0131lamak i\u00e7in \u00e7e\u015fitlilik sunar. \u00c7ift\u2026","rel":"","context":"Similar post","block_context":{"text":"Similar post","link":""},"img":{"alt_text":"","src":"https:\/\/i0.wp.com\/tuzlahortum.com.tr\/wp-content\/uploads\/2024\/03\/Breakaway_V66_3-4inch_2.jpg?fit=1200%2C1200&ssl=1&resize=350%2C200","width":350,"height":200,"srcset":"https:\/\/i0.wp.com\/tuzlahortum.com.tr\/wp-content\/uploads\/2024\/03\/Breakaway_V66_3-4inch_2.jpg?fit=1200%2C1200&ssl=1&resize=350%2C200 1x, https:\/\/i0.wp.com\/tuzlahortum.com.tr\/wp-content\/uploads\/2024\/03\/Breakaway_V66_3-4inch_2.jpg?fit=1200%2C1200&ssl=1&resize=525%2C300 1.5x, https:\/\/i0.wp.com\/tuzlahortum.com.tr\/wp-content\/uploads\/2024\/03\/Breakaway_V66_3-4inch_2.jpg?fit=1200%2C1200&ssl=1&resize=700%2C400 2x, https:\/\/i0.wp.com\/tuzlahortum.com.tr\/wp-content\/uploads\/2024\/03\/Breakaway_V66_3-4inch_2.jpg?fit=1200%2C1200&ssl=1&resize=1050%2C600 3x"},"classes":[]},{"id":13087,"url":"https:\/\/tuzlahortum.com.tr\/en\/product\/zva-breakaway-3-4-erkek\/","url_meta":{"origin":13067,"position":3},"title":"ZVA Breakaway 3\/4 Men","author":"admin","date":"16 March 2024","format":false,"excerpt":"ZVA Breakaway 3\/4 Erkek Al\u00fcminyum d\u00f6k\u00fcm g\u00f6vde ve dirsekler, istasyonun dayan\u0131kl\u0131l\u0131\u011f\u0131n\u0131 ve uzun \u00f6m\u00fcrl\u00fcl\u00fc\u011f\u00fcn\u00fc art\u0131r\u0131r. M\u00fckemmel s\u0131zd\u0131rmazl\u0131k i\u00e7in \u00e7ift O-ring kullan\u0131m\u0131, istasyonun akaryak\u0131t ka\u00e7aklar\u0131n\u0131 \u00f6nler ve g\u00fcvenli\u011fi sa\u011flar. Teflon yataklama, her t\u00fcrl\u00fc akaryak\u0131ta dayan\u0131kl\u0131d\u0131r ve s\u00fcrekli kullan\u0131m i\u00e7in uzun \u00f6m\u00fcrl\u00fcd\u00fcr. Ak\u0131ll\u0131 ve pratik \u00e7\u00f6z\u00fcmler sayesinde k\u0131sa hortum ihtiyac\u0131n\u0131 giderir, b\u00f6ylece\u2026","rel":"","context":"Similar post","block_context":{"text":"Similar post","link":""},"img":{"alt_text":"","src":"https:\/\/i0.wp.com\/tuzlahortum.com.tr\/wp-content\/uploads\/2024\/03\/ZVA_Breakaway_Erkek_3-4inch_1.jpg?fit=1200%2C1200&ssl=1&resize=350%2C200","width":350,"height":200,"srcset":"https:\/\/i0.wp.com\/tuzlahortum.com.tr\/wp-content\/uploads\/2024\/03\/ZVA_Breakaway_Erkek_3-4inch_1.jpg?fit=1200%2C1200&ssl=1&resize=350%2C200 1x, https:\/\/i0.wp.com\/tuzlahortum.com.tr\/wp-content\/uploads\/2024\/03\/ZVA_Breakaway_Erkek_3-4inch_1.jpg?fit=1200%2C1200&ssl=1&resize=525%2C300 1.5x, https:\/\/i0.wp.com\/tuzlahortum.com.tr\/wp-content\/uploads\/2024\/03\/ZVA_Breakaway_Erkek_3-4inch_1.jpg?fit=1200%2C1200&ssl=1&resize=700%2C400 2x, https:\/\/i0.wp.com\/tuzlahortum.com.tr\/wp-content\/uploads\/2024\/03\/ZVA_Breakaway_Erkek_3-4inch_1.jpg?fit=1200%2C1200&ssl=1&resize=1050%2C600 3x"},"classes":[]},{"id":13088,"url":"https:\/\/tuzlahortum.com.tr\/en\/product\/zva-breakaway-3-4-disi\/","url_meta":{"origin":13067,"position":4},"title":"ZVA Breakaway 3\/4 Female","author":"admin","date":"16 March 2024","format":false,"excerpt":"ZVA Breakaway 3\/4 Di\u015fi Al\u00fcminyum d\u00f6k\u00fcm g\u00f6vde ve dirsekler, istasyonun dayan\u0131kl\u0131l\u0131\u011f\u0131n\u0131 ve uzun \u00f6m\u00fcrl\u00fcl\u00fc\u011f\u00fcn\u00fc art\u0131r\u0131r. M\u00fckemmel s\u0131zd\u0131rmazl\u0131k i\u00e7in \u00e7ift O-ring kullan\u0131m\u0131, istasyonun akaryak\u0131t ka\u00e7aklar\u0131n\u0131 \u00f6nler ve g\u00fcvenli\u011fi sa\u011flar. Teflon yataklama, her t\u00fcrl\u00fc akaryak\u0131ta dayan\u0131kl\u0131d\u0131r ve s\u00fcrekli kullan\u0131m i\u00e7in uzun \u00f6m\u00fcrl\u00fcd\u00fcr. Ak\u0131ll\u0131 ve pratik \u00e7\u00f6z\u00fcmler sayesinde k\u0131sa hortum ihtiyac\u0131n\u0131 giderir, b\u00f6ylece\u2026","rel":"","context":"Similar post","block_context":{"text":"Similar post","link":""},"img":{"alt_text":"","src":"https:\/\/i0.wp.com\/tuzlahortum.com.tr\/wp-content\/uploads\/2024\/03\/ZVA_Breakaway_Disi_3-4inch_1.jpg?fit=1200%2C1200&ssl=1&resize=350%2C200","width":350,"height":200,"srcset":"https:\/\/i0.wp.com\/tuzlahortum.com.tr\/wp-content\/uploads\/2024\/03\/ZVA_Breakaway_Disi_3-4inch_1.jpg?fit=1200%2C1200&ssl=1&resize=350%2C200 1x, https:\/\/i0.wp.com\/tuzlahortum.com.tr\/wp-content\/uploads\/2024\/03\/ZVA_Breakaway_Disi_3-4inch_1.jpg?fit=1200%2C1200&ssl=1&resize=525%2C300 1.5x, https:\/\/i0.wp.com\/tuzlahortum.com.tr\/wp-content\/uploads\/2024\/03\/ZVA_Breakaway_Disi_3-4inch_1.jpg?fit=1200%2C1200&ssl=1&resize=700%2C400 2x, https:\/\/i0.wp.com\/tuzlahortum.com.tr\/wp-content\/uploads\/2024\/03\/ZVA_Breakaway_Disi_3-4inch_1.jpg?fit=1200%2C1200&ssl=1&resize=1050%2C600 3x"},"classes":[]},{"id":13080,"url":"https:\/\/tuzlahortum.com.tr\/en\/product\/c-mafsal-1\/","url_meta":{"origin":13067,"position":5},"title":"C Joint 1 Inch","author":"admin","date":"16 March 2024","format":false,"excerpt":"C Mafsal 1 Inch Bu tabanca, geni\u015f bir yak\u0131t yelpazesine uyum sa\u011flar ve \u00e7e\u015fitli akaryak\u0131t t\u00fcrlerinde kullan\u0131labilir. Dizel, benzin ve %10'a kadar etanol katk\u0131lar\u0131yla uyumlu olmas\u0131, istasyonun farkl\u0131 m\u00fc\u015fteri gereksinimlerini kar\u015f\u0131layabilmesini sa\u011flar. BSP 1\" di\u015f se\u00e7enekleri, farkl\u0131 ba\u011flant\u0131 gereksinimlerine uyum sa\u011flar ve \u00e7e\u015fitli kurulum senaryolar\u0131na adapte olabilir. \u00c7ift eksen hareketiyle\u2026","rel":"","context":"Similar post","block_context":{"text":"Similar post","link":""},"img":{"alt_text":"","src":"https:\/\/i0.wp.com\/tuzlahortum.com.tr\/wp-content\/uploads\/2024\/03\/C_Mafsal_1inch_2.jpg?fit=1200%2C1200&ssl=1&resize=350%2C200","width":350,"height":200,"srcset":"https:\/\/i0.wp.com\/tuzlahortum.com.tr\/wp-content\/uploads\/2024\/03\/C_Mafsal_1inch_2.jpg?fit=1200%2C1200&ssl=1&resize=350%2C200 1x, https:\/\/i0.wp.com\/tuzlahortum.com.tr\/wp-content\/uploads\/2024\/03\/C_Mafsal_1inch_2.jpg?fit=1200%2C1200&ssl=1&resize=525%2C300 1.5x, https:\/\/i0.wp.com\/tuzlahortum.com.tr\/wp-content\/uploads\/2024\/03\/C_Mafsal_1inch_2.jpg?fit=1200%2C1200&ssl=1&resize=700%2C400 2x, https:\/\/i0.wp.com\/tuzlahortum.com.tr\/wp-content\/uploads\/2024\/03\/C_Mafsal_1inch_2.jpg?fit=1200%2C1200&ssl=1&resize=1050%2C600 3x"},"classes":[]}],"jetpack_sharing_enabled":true,"jetpack_likes_enabled":true,"_links":{"self":[{"href":"https:\/\/tuzlahortum.com.tr\/en\/wp-json\/wp\/v2\/product\/13067","targetHints":{"allow":["GET"]}}],"collection":[{"href":"https:\/\/tuzlahortum.com.tr\/en\/wp-json\/wp\/v2\/product"}],"about":[{"href":"https:\/\/tuzlahortum.com.tr\/en\/wp-json\/wp\/v2\/types\/product"}],"replies":[{"embeddable":true,"href":"https:\/\/tuzlahortum.com.tr\/en\/wp-json\/wp\/v2\/comments?post=13067"}],"wp:featuredmedia":[{"embeddable":true,"href":"https:\/\/tuzlahortum.com.tr\/en\/wp-json\/wp\/v2\/media\/13096"}],"wp:attachment":[{"href":"https:\/\/tuzlahortum.com.tr\/en\/wp-json\/wp\/v2\/media?parent=13067"}],"wp:term":[{"taxonomy":"product_brand","embeddable":true,"href":"https:\/\/tuzlahortum.com.tr\/en\/wp-json\/wp\/v2\/product_brand?post=13067"},{"taxonomy":"product_cat","embeddable":true,"href":"https:\/\/tuzlahortum.com.tr\/en\/wp-json\/wp\/v2\/product_cat?post=13067"},{"taxonomy":"product_tag","embeddable":true,"href":"https:\/\/tuzlahortum.com.tr\/en\/wp-json\/wp\/v2\/product_tag?post=13067"}],"curies":[{"name":"wp","href":"https:\/\/api.w.org\/{rel}","templated":true}]}}