{"id":12156,"date":"2020-10-07T08:39:16","date_gmt":"2020-10-07T05:39:16","guid":{"rendered":"https:\/\/tuzlahortum.com.tr\/?post_type=product&#038;p=12156"},"modified":"2024-03-21T17:38:27","modified_gmt":"2024-03-21T14:38:27","slug":"telli-seffaf-hortumlar-kopya","status":"publish","type":"product","link":"https:\/\/tuzlahortum.com.tr\/en\/product\/telli-seffaf-hortumlar-kopya\/","title":{"rendered":"Wire Transparent Hose Olive Oil"},"content":{"rendered":"<h2>Wire Transparent Hose Olive Oil<\/h2>\n<p>Spiral PU hose with steel wire for suction and delivery of food liquids and vegetable oils.<\/p>\n<p>European Union EU 10\/2011 ABC D2 Norms and vegetable oils,<\/p>\n<p>It is used to absorb and transmit industrial oils and is odorless.<\/p>\n<p>It is suitable for use in the transfer of light chemicals.<\/p>\n<div class=\"video video-fit mb\" style=\"padding-top:56.25%;\"><p><iframe loading=\"lazy\" title=\"Measurement Confusion (Inch, Finger, Haze, Millimeter)\" width=\"1020\" height=\"574\" src=\"https:\/\/www.youtube.com\/embed\/uKk6AG_AZls?feature=oembed\" frameborder=\"0\" allow=\"accelerometer; autoplay; clipboard-write; encrypted-media; gyroscope; picture-in-picture\" allowfullscreen><\/iframe><\/p>\n<\/div>\n<div class=\"video video-fit mb\" style=\"padding-top:56.25%;\"><p>https:\/\/www.youtube.com\/watch?v=O8ZlzKEjfEQ%20<\/p>\n<\/div>","protected":false},"excerpt":{"rendered":"<p>Transparent Hose with Wire Olive Oil Spiraled PU hose with steel wire for suction and delivery of food liquids and vegetable oils. It complies with European Union EU 10\/2011 A B C D2 Norms and is used for suction and delivery of vegetable oils, industrial oils and is odorless. Suitable for the transfer of light chemicals.<\/p>","protected":false},"featured_media":12221,"comment_status":"open","ping_status":"closed","template":"","meta":[],"product_brand":[],"product_cat":[170,172],"product_tag":[646,1204,402,526,1190,387,290,1019,549,1203,572,573],"class_list":{"0":"post-12156","1":"product","2":"type-product","3":"status-publish","4":"has-post-thumbnail","6":"product_cat-seffaf-hortumlar","7":"product_cat-telli-seffaf-hortumlar","8":"product_tag-celik","9":"product_tag-celik-telli-seffaf-hortum","10":"product_tag-gida","11":"product_tag-gida-isleme","12":"product_tag-gida-urunleri","13":"product_tag-gidaya-uygun","14":"product_tag-hortum","15":"product_tag-seffaf","16":"product_tag-sivi-gida","17":"product_tag-telli","18":"product_tag-yagli-gida","19":"product_tag-zeytinyag","21":"first","22":"instock","23":"taxable","24":"shipping-taxable","25":"product-type-variable"},"jetpack-related-posts":[{"id":930,"url":"https:\/\/tuzlahortum.com.tr\/en\/product\/telli-seffaf-hortumlar\/","url_meta":{"origin":12156,"position":0},"title":"Wire Transparent Hoses","author":"admin","date":"6 February 2019","format":false,"excerpt":"Clear Hose\nFeatures:\n\u2022 Can be used as suction and discharge hose\n\u2022 Maximum flexibility and highly resistant to kinking.\n\u2022 -20\u00b0C and +65\u00b0C Static\n\u2022 -5\u00b0C and +43\u00b0C In Motion\n\nApplications:\n\u2022 For all kinds of liquid food transfer in suction and discharge operations, in suction pumps, in the food and agricultural industry, etc.","rel":"","context":"Similar post","block_context":{"text":"Similar post","link":""},"img":{"alt_text":"Telli \u015eeffaf Hortumlar","src":"https:\/\/i0.wp.com\/tuzlahortum.com.tr\/wp-content\/uploads\/2019\/02\/pvcflex.jpg?fit=510%2C433&ssl=1&resize=350%2C200","width":350,"height":200},"classes":[]},{"id":880,"url":"https:\/\/tuzlahortum.com.tr\/en\/product\/tpu52-heavy\/","url_meta":{"origin":12156,"position":1},"title":"TPU52 Heavy","author":"admin","date":"6 February 2019","format":false,"excerpt":"TPU52 Heavy Steel Wire Transparent Hose Features : -Suction and transfer of cutting materials - Transfer of small particles - As a protection hose against mechanical pressure - Suction and transfer of parts in the paper and textile industry - Transfer of gaseous and liquid materials - Silo loading - Transfer of abrasive fluids &amp; powders - Transfer of granules...","rel":"","context":"Similar post","block_context":{"text":"Similar post","link":""},"img":{"alt_text":"TPU52 Heavy","src":"https:\/\/i0.wp.com\/tuzlahortum.com.tr\/wp-content\/uploads\/2019\/02\/tPU52h-600x315.jpg?fit=600%2C315&ssl=1&resize=350%2C200","width":350,"height":200,"srcset":"https:\/\/i0.wp.com\/tuzlahortum.com.tr\/wp-content\/uploads\/2019\/02\/tPU52h-600x315.jpg?fit=600%2C315&ssl=1&resize=350%2C200 1x, https:\/\/i0.wp.com\/tuzlahortum.com.tr\/wp-content\/uploads\/2019\/02\/tPU52h-600x315.jpg?fit=600%2C315&ssl=1&resize=525%2C300 1.5x"},"classes":[]},{"id":5256,"url":"https:\/\/tuzlahortum.com.tr\/en\/product\/telli-karbon-ufleme-hortumu\/","url_meta":{"origin":12156,"position":2},"title":"Wired Carbon Blow Hose","author":"\u0130smail \u00c7elik","date":"27 February 2019","format":false,"excerpt":"Telli Karbon \u00dcfleme HortumuKULLANIM ALANLARI : Demir \u00c7elik Fabrikalar\u0131nda a\u015f\u0131nd\u0131r\u0131c\u0131 madde tozlar\u0131 ve k\u00f6m\u00fcr tozu emi\u015f ve bo\u015falt\u0131m\u0131nda kullan\u0131lan \u00f6zel hortumlard\u0131r. 10 BAR -30\u00b0C+85\u00b0C","rel":"","context":"Similar post","block_context":{"text":"Similar post","link":""},"img":{"alt_text":"","src":"https:\/\/i0.wp.com\/tuzlahortum.com.tr\/wp-content\/uploads\/urunler\/kaucuk\/superlas-telli-spiral-hortum.jpg?fit=360%2C270&ssl=1&resize=350%2C200","width":350,"height":200},"classes":[]},{"id":622,"url":"https:\/\/tuzlahortum.com.tr\/en\/product\/poliuretan-hortum\/","url_meta":{"origin":12156,"position":3},"title":"Polyurethane Hose","author":"admin","date":"6 February 2019","format":false,"excerpt":"Poli\u00fcretan HortumMATERYAL: Kuma\u015f Duvar\u0131 : \u00d6zel Premium ester-poli\u00fcretan \u2022 \u00a0Duvar Kal\u0131nl\u0131\u011f\u0131 : \u00a00,7 mm \u2022 \u00a0Standart Uzunluk : 10 mt. \u2022 Renk : \u00a0Transparent D\u0131\u015f Spiral : Bak\u0131r Spiral Tel -20 C \/ +90 C\u00a0 UYGULAMALAR: \u2022 \u00a0 A\u015f\u0131nd\u0131r\u0131c\u0131 materyallerin emilmesi ve transferi \u2022 \u00a0 K\u00fc\u00e7\u00fck tanecikli par\u00e7alar\u0131n transferi \u2022\u2026","rel":"","context":"Similar post","block_context":{"text":"Similar post","link":""},"img":{"alt_text":"","src":"https:\/\/i0.wp.com\/tuzlahortum.com.tr\/wp-content\/uploads\/2019\/02\/POL%C4%B0%C3%9CRETAN-2.jpg?fit=505%2C502&ssl=1&resize=350%2C200","width":350,"height":200},"classes":[]},{"id":813,"url":"https:\/\/tuzlahortum.com.tr\/en\/product\/orgulu-seffaf-hortum-ekonomik\/","url_meta":{"origin":12156,"position":4},"title":"Braided Transparent Hose (ECONOMIC)","author":"admin","date":"6 February 2019","format":false,"excerpt":"Braided Transparent Hose (ECONOMIC) Features Manufactured with transparent PVC and high strength polyester yarn on the bottom layer and abrasion resistant transparent PVC on the top layer. Operating Temperature -10\u00b0C to +50\u00b0C Areas of Use Used for irrigation and drainage works in home, garden, field, industry and construction sector.","rel":"","context":"Similar post","block_context":{"text":"Similar post","link":""},"img":{"alt_text":"","src":"https:\/\/i0.wp.com\/tuzlahortum.com.tr\/wp-content\/uploads\/kategoriler\/orguluseffaf.png?fit=498%2C335&ssl=1&resize=350%2C200","width":350,"height":200},"classes":[]},{"id":814,"url":"https:\/\/tuzlahortum.com.tr\/en\/product\/orgulu-seffaf-hortum-standart\/","url_meta":{"origin":12156,"position":5},"title":"Braided Transparent Hose (STANDARD)","author":"admin","date":"6 February 2019","format":false,"excerpt":"Braided Transparent Hose (STANDARD) Features Manufactured with transparent PVC and high strength polyester yarn on the bottom layer and abrasion resistant transparent PVC on the top layer. Operating Temperature -10\u00b0C to +50\u00b0C Areas of Use Used for irrigation and drainage works in home, garden, field, industry and construction sector.","rel":"","context":"Similar post","block_context":{"text":"Similar post","link":""},"img":{"alt_text":"","src":"https:\/\/i0.wp.com\/tuzlahortum.com.tr\/wp-content\/uploads\/kategoriler\/orguluseffaf.png?fit=498%2C335&ssl=1&resize=350%2C200","width":350,"height":200},"classes":[]}],"jetpack_sharing_enabled":true,"jetpack_likes_enabled":true,"_links":{"self":[{"href":"https:\/\/tuzlahortum.com.tr\/en\/wp-json\/wp\/v2\/product\/12156","targetHints":{"allow":["GET"]}}],"collection":[{"href":"https:\/\/tuzlahortum.com.tr\/en\/wp-json\/wp\/v2\/product"}],"about":[{"href":"https:\/\/tuzlahortum.com.tr\/en\/wp-json\/wp\/v2\/types\/product"}],"replies":[{"embeddable":true,"href":"https:\/\/tuzlahortum.com.tr\/en\/wp-json\/wp\/v2\/comments?post=12156"}],"wp:featuredmedia":[{"embeddable":true,"href":"https:\/\/tuzlahortum.com.tr\/en\/wp-json\/wp\/v2\/media\/12221"}],"wp:attachment":[{"href":"https:\/\/tuzlahortum.com.tr\/en\/wp-json\/wp\/v2\/media?parent=12156"}],"wp:term":[{"taxonomy":"product_brand","embeddable":true,"href":"https:\/\/tuzlahortum.com.tr\/en\/wp-json\/wp\/v2\/product_brand?post=12156"},{"taxonomy":"product_cat","embeddable":true,"href":"https:\/\/tuzlahortum.com.tr\/en\/wp-json\/wp\/v2\/product_cat?post=12156"},{"taxonomy":"product_tag","embeddable":true,"href":"https:\/\/tuzlahortum.com.tr\/en\/wp-json\/wp\/v2\/product_tag?post=12156"}],"curies":[{"name":"wp","href":"https:\/\/api.w.org\/{rel}","templated":true}]}}