{"id":1014,"date":"2019-02-07T00:04:25","date_gmt":"2019-02-06T21:04:25","guid":{"rendered":"http:\/\/hortum.com.tr\/product\/import-placeholder-for-384\/"},"modified":"2024-03-21T17:39:27","modified_gmt":"2024-03-21T14:39:27","slug":"semiafs-c","status":"publish","type":"product","link":"https:\/\/tuzlahortum.com.tr\/en\/product\/semiafs-c\/","title":{"rendered":"SEMIAFS.C"},"content":{"rendered":"<h2>SEMIAFS.C<\/h2>\n<div>Semi-flexible aluminum air ducts<\/div>\n<div>\n<h4>General features<\/h4>\n<\/div>\n<table class=\"table table-hover table-bordered\">\n<tbody>\n<tr>\n<th class=\"urunDetayth\">Flexible Channel Construction<\/th>\n<td>1 layer of Aluminum (corrugated)<\/td>\n<\/tr>\n<tr>\n<th class=\"urunDetayth\">Flexible Duct Nominal Thickness<\/th>\n<td>90 micron<\/td>\n<\/tr>\n<tr>\n<th class=\"urunDetayth\">Operating Temperature Range<\/th>\n<td>-25 \u00b0C \/ +250 \u00b0C<\/td>\n<\/tr>\n<tr>\n<th class=\"urunDetayth\">Air Flow Rate<\/th>\n<td>30 m\/s (maximum)<\/td>\n<\/tr>\n<tr>\n<th class=\"urunDetayth\">Operating pressure<\/th>\n<td>3000 Pa (maximum)<\/td>\n<\/tr>\n<tr>\n<th class=\"urunDetayth\">Standard Length<\/th>\n<td>1.5m \/ 3.0m \/ 6.0m<\/td>\n<\/tr>\n<tr>\n<th class=\"urunDetayth\">Packaging<\/th>\n<td>Nylon bag \/ Multi-cartoning<\/td>\n<\/tr>\n<tr>\n<th class=\"urunDetayth\">Reaction to Fire<\/th>\n<td>Fireproof<\/td>\n<\/tr>\n<\/tbody>\n<\/table>\n<div><\/div>\n<div>\n<div><div class=\"video video-fit mb\" style=\"padding-top:56.25%;\"><p><iframe loading=\"lazy\" title=\"Measurement Confusion (Inch, Finger, Haze, Millimeter)\" width=\"1020\" height=\"574\" src=\"https:\/\/www.youtube.com\/embed\/uKk6AG_AZls?feature=oembed\" frameborder=\"0\" allow=\"accelerometer; autoplay; clipboard-write; encrypted-media; gyroscope; picture-in-picture; web-share\" referrerpolicy=\"strict-origin-when-cross-origin\" allowfullscreen><\/iframe><\/p>\n<\/div><\/div>\n<div><\/div>\n<div class=\"txt\"><strong>SEMIAFS.C<\/strong>\u00a0aluminum semi-flexible air ducts, low and medium pressure air transfer<\/div>\n<div class=\"txt\">systems, \u2013 for waste gas applications and especially for applications where mechanical strength is required,<\/div>\n<div class=\"txt\">It is a specially designed, \u2013 multi-purpose semi-flexible air duct. SEMIAFS.C can be bent, folded,<\/div>\n<div class=\"txt\">It has the ability to stretch and stretch. At oval and round joints - SEMIAFS.C aluminum<\/div>\n<div class=\"txt\">semi-flexible air ducts are sealed. In the INTERLOCK clamp system, as the material is stretched, the clamp<\/div>\n<div class=\"txt\">gets stronger. During bending, bending, elongation and stretching - strips of pure metal aluminum are separated from each other.<\/div>\n<div class=\"txt\">There is no separation and\/or deformation.<\/div>\n<h4>Features and Benefits<\/h4>\n<div class=\"wrp clearfix\">\n<div class=\"tripleContent\">\n<p><b>PURE METAL ALUMINUM CONSTRUCTION<\/b><\/p>\n<div class=\"txt\">\u00a0 100% non-flammability, UV rays, High resistance to UV rays, Chemical resistance<\/div>\n<\/div>\n<div class=\"tripleContent\">\n<p><b>SEMI-FLEXIBLE &amp; INTERLOCK CONSTRUCTION<\/b><\/p>\n<div class=\"txt\">\u00a0 &lt;span 1.6em;&rdquo;=&quot;&rdquo;&rdquo;&quot;&gt;Easy transport and storage Easy and practical assembly Mechanical strength Sealing<\/div>\n<div class=\"txt\">Energy efficiency Low maintenance and labor costs<\/div>\n<\/div>\n<\/div>\n<\/div>","protected":false},"excerpt":{"rendered":"<p>SEMIAFS.C Yar\u0131 esnek aliminyum hava kanallar\u0131 Genel \u00d6zellikler Flexible Kanal Konstr\u00fcksiyonu 1 kat Al\u00fcminyum (koruge) Flexible Kanal Nominal Kal\u0131nl\u0131\u011f\u0131 90 mikron \u00c7al\u0131\u015fma S\u0131cakl\u0131\u011f\u0131 Aral\u0131\u011f\u0131 -25 \u00b0C \/ +250 \u00b0C Hava Ak\u0131\u015f H\u0131z\u0131 30 m\/s (maksimum) \u00c7al\u0131\u015fma Bas\u0131nc\u0131 3000 Pa (maksimum) Standart Uzunluk 1.5 m \/ 3.0 m \/ 6.0 m Paketleme Nylon po\u015fet \/ \u00c7oklu [&#8230;]\n","protected":false},"featured_media":6930,"comment_status":"open","ping_status":"closed","template":"","meta":{"jetpack_post_was_ever_published":false},"product_brand":[],"product_cat":[140],"product_tag":[265,1311,264,268,1312,1205,1310],"class_list":{"0":"post-1014","1":"product","2":"type-product","3":"status-publish","4":"has-post-thumbnail","6":"product_cat-yari-esnek-flexible-hava-kanali","7":"product_tag-bukulme","8":"product_tag-dusuk-bakim-ve-iscilik-giderleri","9":"product_tag-esneme","10":"product_tag-kimyasal-direnc","11":"product_tag-kivrilabilme","12":"product_tag-sizdirmazlik","13":"product_tag-yanmazlik","15":"first","16":"instock","17":"taxable","18":"shipping-taxable","19":"product-type-variable"},"jetpack-related-posts":[{"id":1012,"url":"https:\/\/tuzlahortum.com.tr\/en\/product\/semiafs\/","url_meta":{"origin":1014,"position":0},"title":"SEMIAFS","author":"admin","date":"7 February 2019","format":false,"excerpt":"SEMIAFSAl\u00fcminyum yar\u0131 esnek hava kanallar\u0131 Genel \u00d6zellikler Flexible Kanal Konstr\u00fcksiyonu 1 kat Al\u00fcminyum (koruge) Flexible Kanal Nominal Kal\u0131nl\u0131\u011f\u0131 90 mikron \u00c7ap Aral\u0131\u011f\u0131 80 mm - 800 mm \u00c7al\u0131\u015fma S\u0131cakl\u0131\u011f\u0131 Aral\u0131\u011f\u0131 -25 \u00b0C \/ +250 \u00b0C Hava Ak\u0131\u015f H\u0131z\u0131 30 m\/s (maksimum) \u00c7al\u0131\u015fma Bas\u0131nc\u0131 3000 Pa (maksimum) Standart Uzunluk 1.5 m\u2026","rel":"","context":"Similar post","block_context":{"text":"Similar post","link":""},"img":{"alt_text":"","src":"https:\/\/i0.wp.com\/tuzlahortum.com.tr\/wp-content\/uploads\/urunler\/afs\/SEMIAFS.png?fit=550%2C410&ssl=1&resize=350%2C200","width":350,"height":200,"srcset":"https:\/\/i0.wp.com\/tuzlahortum.com.tr\/wp-content\/uploads\/urunler\/afs\/SEMIAFS.png?fit=550%2C410&ssl=1&resize=350%2C200 1x, https:\/\/i0.wp.com\/tuzlahortum.com.tr\/wp-content\/uploads\/urunler\/afs\/SEMIAFS.png?fit=550%2C410&ssl=1&resize=525%2C300 1.5x"},"classes":[]},{"id":581,"url":"https:\/\/tuzlahortum.com.tr\/en\/product\/aluafs-70-green\/","url_meta":{"origin":1014,"position":1},"title":"ALUAFS.70 GREEN","author":"admin","date":"6 February 2019","format":false,"excerpt":"ALUAFS.70 GREEN Flexible Kanal Konstr\u00fcksiyonu 3 kat Al\u00fcminyum + 2 kat Polyester Flexible Kanal Nominal Kal\u0131nl\u0131\u011f\u0131 70 mikron \u00c7ap Aral\u0131\u011f\u0131 52 mm - 800 mm \u00c7al\u0131\u015fma S\u0131cakl\u0131\u011f\u0131 Aral\u0131\u011f\u0131 -30 \u00b0C \/ +150 \u00b0C Hava Ak\u0131\u015f H\u0131z\u0131 30 m\/s (maksimum) \u00c7al\u0131\u015fma Bas\u0131nc\u0131 3000 Pa (maksimum) Standart Uzunluk 10 m Paketleme Tekli\u2026","rel":"","context":"Similar post","block_context":{"text":"Similar post","link":""},"img":{"alt_text":"","src":"https:\/\/i0.wp.com\/tuzlahortum.com.tr\/wp-content\/uploads\/2019\/03\/ALUAFS.70-GREEN.png?fit=800%2C800&ssl=1&resize=350%2C200","width":350,"height":200,"srcset":"https:\/\/i0.wp.com\/tuzlahortum.com.tr\/wp-content\/uploads\/2019\/03\/ALUAFS.70-GREEN.png?fit=800%2C800&ssl=1&resize=350%2C200 1x, https:\/\/i0.wp.com\/tuzlahortum.com.tr\/wp-content\/uploads\/2019\/03\/ALUAFS.70-GREEN.png?fit=800%2C800&ssl=1&resize=525%2C300 1.5x, https:\/\/i0.wp.com\/tuzlahortum.com.tr\/wp-content\/uploads\/2019\/03\/ALUAFS.70-GREEN.png?fit=800%2C800&ssl=1&resize=700%2C400 2x"},"classes":[]},{"id":588,"url":"https:\/\/tuzlahortum.com.tr\/en\/product\/aluafs-hijyen-green\/","url_meta":{"origin":1014,"position":2},"title":"ALUAFS HYGIENE GREEN","author":"admin","date":"6 February 2019","format":false,"excerpt":"ALUAFS H\u0130JYEN GREENGreenguard sertifikal\u0131, izolesiz, hijyen al\u00fcminyum flexible hava kanallar\u0131 Genel \u00d6zellikler Flexible Kanal Konstr\u00fcksiyonu 3 kat Al\u00fcminyum + 2 kat Polyester + Hijyen Kaplama Flexible Kanal Nominal Kal\u0131nl\u0131\u011f\u0131 70 mikron + Hijyen Kaplama \u00c7ap Aral\u0131\u011f\u0131 82 mm - 800 mm \u00c7al\u0131\u015fma S\u0131cakl\u0131\u011f\u0131 Aral\u0131\u011f\u0131 -30 \u00b0C \/ +150 \u00b0C Hava\u2026","rel":"","context":"Similar post","block_context":{"text":"Similar post","link":""},"img":{"alt_text":"","src":"https:\/\/i0.wp.com\/tuzlahortum.com.tr\/wp-content\/uploads\/2019\/03\/ALUAFS-HYGIENE-GREEN.png?fit=800%2C800&ssl=1&resize=350%2C200","width":350,"height":200,"srcset":"https:\/\/i0.wp.com\/tuzlahortum.com.tr\/wp-content\/uploads\/2019\/03\/ALUAFS-HYGIENE-GREEN.png?fit=800%2C800&ssl=1&resize=350%2C200 1x, https:\/\/i0.wp.com\/tuzlahortum.com.tr\/wp-content\/uploads\/2019\/03\/ALUAFS-HYGIENE-GREEN.png?fit=800%2C800&ssl=1&resize=525%2C300 1.5x, https:\/\/i0.wp.com\/tuzlahortum.com.tr\/wp-content\/uploads\/2019\/03\/ALUAFS-HYGIENE-GREEN.png?fit=800%2C800&ssl=1&resize=700%2C400 2x"},"classes":[]},{"id":590,"url":"https:\/\/tuzlahortum.com.tr\/en\/product\/isoafs-alu-green\/","url_meta":{"origin":1014,"position":3},"title":"ISOAFS-ALU GREEN","author":"admin","date":"6 February 2019","format":false,"excerpt":"ISOAFS-ALU GREENGreenguard Sertifikal\u0131 Is\u0131 \u0130zoleli Al\u00fcminyum Flexible Hava Kanallar\u0131 Tipler ISOAFS-ALU.70 GREEN ISOAFS-ALU F GREEN Genel \u00d6zellikler Flexible Kanal Konstr\u00fcksiyonu 3 kat Al\u00fcminyum + 1 kat Polyester Flexible Kanal Nominal Kal\u0131nl\u0131\u011f\u0131 74 mikron Ceket Kontr\u00fcksiyonu 1 kat Al\u00fcminyum + 2 kat Polyester Ceket Nominal Kal\u0131nl\u0131\u011f\u0131 45 mikron \u0130zolasyon - Kal\u0131nl\u0131k\u2026","rel":"","context":"Similar post","block_context":{"text":"Similar post","link":""},"img":{"alt_text":"","src":"https:\/\/i0.wp.com\/tuzlahortum.com.tr\/wp-content\/uploads\/2019\/03\/ISOAFS-ALU.70-GREEN.png?fit=800%2C800&ssl=1&resize=350%2C200","width":350,"height":200,"srcset":"https:\/\/i0.wp.com\/tuzlahortum.com.tr\/wp-content\/uploads\/2019\/03\/ISOAFS-ALU.70-GREEN.png?fit=800%2C800&ssl=1&resize=350%2C200 1x, https:\/\/i0.wp.com\/tuzlahortum.com.tr\/wp-content\/uploads\/2019\/03\/ISOAFS-ALU.70-GREEN.png?fit=800%2C800&ssl=1&resize=525%2C300 1.5x, https:\/\/i0.wp.com\/tuzlahortum.com.tr\/wp-content\/uploads\/2019\/03\/ISOAFS-ALU.70-GREEN.png?fit=800%2C800&ssl=1&resize=700%2C400 2x"},"classes":[]},{"id":583,"url":"https:\/\/tuzlahortum.com.tr\/en\/product\/isoafs-alu-forte-green\/","url_meta":{"origin":1014,"position":4},"title":"ISOAFS-ALU FORTE GREEN","author":"admin","date":"6 February 2019","format":false,"excerpt":"ISOAFS-ALU FORTE GREENGreenguard Sertifikal\u0131 Is\u0131 \u0130zoleli Al\u00fcminyum Y\u00fcksek Mukavemetli Flexible Hava Kanallar\u0131 Tipler ISOAFS-ALU.F FORTE GREEN Genel \u00d6zellikler Flexible Kanal Konstr\u00fcksiyonu 3 kat Al\u00fcminyum + 2 kat Polyester Flexible Kanal Nominal Kal\u0131nl\u0131\u011f\u0131 70 mikron Ceket Kontr\u00fcksiyonu 1 kat Al\u00fcminyum + 2 kat Polyester Ceket Nominal Kal\u0131nl\u0131\u011f\u0131 45 mikron \u0130zolasyon -\u2026","rel":"","context":"Similar post","block_context":{"text":"Similar post","link":""},"img":{"alt_text":"","src":"https:\/\/i0.wp.com\/tuzlahortum.com.tr\/wp-content\/uploads\/2019\/03\/ISOAFS-ALU.70-FORTE-GREEN.png?fit=800%2C800&ssl=1&resize=350%2C200","width":350,"height":200,"srcset":"https:\/\/i0.wp.com\/tuzlahortum.com.tr\/wp-content\/uploads\/2019\/03\/ISOAFS-ALU.70-FORTE-GREEN.png?fit=800%2C800&ssl=1&resize=350%2C200 1x, https:\/\/i0.wp.com\/tuzlahortum.com.tr\/wp-content\/uploads\/2019\/03\/ISOAFS-ALU.70-FORTE-GREEN.png?fit=800%2C800&ssl=1&resize=525%2C300 1.5x, https:\/\/i0.wp.com\/tuzlahortum.com.tr\/wp-content\/uploads\/2019\/03\/ISOAFS-ALU.70-FORTE-GREEN.png?fit=800%2C800&ssl=1&resize=700%2C400 2x"},"classes":[]},{"id":585,"url":"https:\/\/tuzlahortum.com.tr\/en\/product\/sonoafs-alu-green\/","url_meta":{"origin":1014,"position":5},"title":"SONOAFS-ALU GREEN","author":"admin","date":"6 February 2019","format":false,"excerpt":"SONOAFS-ALU GREENGreenguard Sertifikal\u0131 Is\u0131 ve Ses \u0130zoleli Al\u00fcminyum Flexible Hava Kanallar\u0131 Flexible Kanal Konstr\u00fcksiyonu [3 kat Al\u00fcminyum + 2 kat Polyester] (Perfore) \/ Bariyer Flexible Kanal Nominal Kal\u0131nl\u0131\u011f\u0131 70 mikron Ceket Kontr\u00fcksiyonu 1 kat Al\u00fcminyum + 2 kat Polyester Ceket Nominal Kal\u0131nl\u0131\u011f\u0131 45 mikron \u0130zolasyon - Kal\u0131nl\u0131k - Yo\u011funluk Cam\u2026","rel":"","context":"Similar post","block_context":{"text":"Similar post","link":""},"img":{"alt_text":"","src":"https:\/\/i0.wp.com\/tuzlahortum.com.tr\/wp-content\/uploads\/2019\/03\/SONOAFS-ALU.70B-GREEN.png?fit=800%2C800&ssl=1&resize=350%2C200","width":350,"height":200,"srcset":"https:\/\/i0.wp.com\/tuzlahortum.com.tr\/wp-content\/uploads\/2019\/03\/SONOAFS-ALU.70B-GREEN.png?fit=800%2C800&ssl=1&resize=350%2C200 1x, https:\/\/i0.wp.com\/tuzlahortum.com.tr\/wp-content\/uploads\/2019\/03\/SONOAFS-ALU.70B-GREEN.png?fit=800%2C800&ssl=1&resize=525%2C300 1.5x, https:\/\/i0.wp.com\/tuzlahortum.com.tr\/wp-content\/uploads\/2019\/03\/SONOAFS-ALU.70B-GREEN.png?fit=800%2C800&ssl=1&resize=700%2C400 2x"},"classes":[]}],"jetpack_sharing_enabled":true,"jetpack_likes_enabled":true,"_links":{"self":[{"href":"https:\/\/tuzlahortum.com.tr\/en\/wp-json\/wp\/v2\/product\/1014","targetHints":{"allow":["GET"]}}],"collection":[{"href":"https:\/\/tuzlahortum.com.tr\/en\/wp-json\/wp\/v2\/product"}],"about":[{"href":"https:\/\/tuzlahortum.com.tr\/en\/wp-json\/wp\/v2\/types\/product"}],"replies":[{"embeddable":true,"href":"https:\/\/tuzlahortum.com.tr\/en\/wp-json\/wp\/v2\/comments?post=1014"}],"wp:featuredmedia":[{"embeddable":true,"href":"https:\/\/tuzlahortum.com.tr\/en\/wp-json\/wp\/v2\/media\/6930"}],"wp:attachment":[{"href":"https:\/\/tuzlahortum.com.tr\/en\/wp-json\/wp\/v2\/media?parent=1014"}],"wp:term":[{"taxonomy":"product_brand","embeddable":true,"href":"https:\/\/tuzlahortum.com.tr\/en\/wp-json\/wp\/v2\/product_brand?post=1014"},{"taxonomy":"product_cat","embeddable":true,"href":"https:\/\/tuzlahortum.com.tr\/en\/wp-json\/wp\/v2\/product_cat?post=1014"},{"taxonomy":"product_tag","embeddable":true,"href":"https:\/\/tuzlahortum.com.tr\/en\/wp-json\/wp\/v2\/product_tag?post=1014"}],"curies":[{"name":"wp","href":"https:\/\/api.w.org\/{rel}","templated":true}]}}