{"id":1012,"date":"2019-02-07T00:04:25","date_gmt":"2019-02-06T21:04:25","guid":{"rendered":"http:\/\/hortum.com.tr\/product\/import-placeholder-for-382\/"},"modified":"2024-03-21T17:39:29","modified_gmt":"2024-03-21T14:39:29","slug":"semiafs","status":"publish","type":"product","link":"https:\/\/tuzlahortum.com.tr\/en\/product\/semiafs\/","title":{"rendered":"SEMIAFS"},"content":{"rendered":"<h2>SEMIAFS<\/h2>\n<div>Aluminum semi-flexible air ducts<\/div>\n<div>\n<h4>General features<\/h4>\n<table class=\"table table-hover table-bordered\">\n<tbody>\n<tr>\n<th class=\"urunDetayth\">Flexible Channel Construction<\/th>\n<td>1 layer of Aluminum (corrugated)<\/td>\n<\/tr>\n<tr>\n<th class=\"urunDetayth\">Flexible Duct Nominal Thickness<\/th>\n<td>90 micron<\/td>\n<\/tr>\n<tr>\n<th class=\"urunDetayth\">Diameter Range<\/th>\n<td>80mm \u2013 800mm<\/td>\n<\/tr>\n<tr>\n<th class=\"urunDetayth\">Operating Temperature Range<\/th>\n<td>-25 \u00b0C \/ +250 \u00b0C<\/td>\n<\/tr>\n<tr>\n<th class=\"urunDetayth\">Air Flow Rate<\/th>\n<td>30 m\/s (maximum)<\/td>\n<\/tr>\n<tr>\n<th class=\"urunDetayth\">Operating pressure<\/th>\n<td>3000 Pa (maximum)<\/td>\n<\/tr>\n<tr>\n<th class=\"urunDetayth\">Standard Length<\/th>\n<td>1.5m \/ 3.0m \/ 6.0m<\/td>\n<\/tr>\n<tr>\n<th class=\"urunDetayth\">Packaging<\/th>\n<td>Nylon bag \/ Multi-cartoning<\/td>\n<\/tr>\n<tr>\n<th class=\"urunDetayth\">Reaction to Fire<\/th>\n<td>Fireproof<\/td>\n<\/tr>\n<\/tbody>\n<\/table>\n<div><\/div>\n<\/div>\n<div><div class=\"video video-fit mb\" style=\"padding-top:56.25%;\"><p><iframe loading=\"lazy\" title=\"Measurement Confusion (Inch, Finger, Haze, Millimeter)\" width=\"1020\" height=\"574\" src=\"https:\/\/www.youtube.com\/embed\/uKk6AG_AZls?feature=oembed\" frameborder=\"0\" allow=\"accelerometer; autoplay; clipboard-write; encrypted-media; gyroscope; picture-in-picture; web-share\" referrerpolicy=\"strict-origin-when-cross-origin\" allowfullscreen><\/iframe><\/p>\n<\/div><\/div>\n<div><\/div>\n<div>\n<div class=\"txt\"><strong>SEMIAFS<\/strong>\u00a0aluminum semi-flexible air ducts, low and medium pressure air<\/div>\n<div class=\"txt\">transmission systems, \u2013 waste gas applications and especially where mechanical strength is required<\/div>\n<div class=\"txt\">It is a multi-purpose semi-flexible air duct specially designed for applications.<\/div>\n<div class=\"txt\">SEMIAFS has the ability to bend, bend, elongate and stretch. oval and<\/div>\n<div class=\"txt\">at round joints - SEMIAFS aluminum semi-flexible air ducts are sealed.<\/div>\n<div class=\"txt\">In the INTERLOCK clamp system, the clamp gets stronger as the material is stretched. bending, twisting,<\/div>\n<div class=\"txt\">during elongation and flexing - strips of pure metal aluminum<\/div>\n<div class=\"txt\">There is no separation and\/or deformation.<\/div>\n<h4>Features and Benefits<\/h4>\n<div class=\"wrp clearfix\">\n<div class=\"tripleContent\">\n<p><b>PURE METAL ALUMINUM CONSTRUCTION<\/b><\/p>\n<div class=\"txt\">\u00a0 100% non-flammability, UV rays, High resistance to UV rays, Chemical resistance<\/div>\n<\/div>\n<div class=\"tripleContent\">\n<p><b>SEMI-FLEXIBLE &amp; INTERLOCK CONSTRUCTION<\/b><\/p>\n<div class=\"txt\">\u00a0 Easy transport and storage Easy and practical assembly Mechanical strength Sealing Energy efficiency<\/div>\n<div class=\"txt\">Low maintenance and labor costs<\/div>\n<\/div>\n<\/div>\n<\/div>","protected":false},"excerpt":{"rendered":"<p>SEMIAFS Al\u00fcminyum yar\u0131 esnek hava kanallar\u0131 Genel \u00d6zellikler Flexible Kanal Konstr\u00fcksiyonu 1 kat Al\u00fcminyum (koruge) Flexible Kanal Nominal Kal\u0131nl\u0131\u011f\u0131 90 mikron \u00c7ap Aral\u0131\u011f\u0131 80 mm &#8211; 800 mm \u00c7al\u0131\u015fma S\u0131cakl\u0131\u011f\u0131 Aral\u0131\u011f\u0131 -25 \u00b0C \/ +250 \u00b0C Hava Ak\u0131\u015f H\u0131z\u0131 30 m\/s (maksimum) \u00c7al\u0131\u015fma Bas\u0131nc\u0131 3000 Pa (maksimum) Standart Uzunluk 1.5 m \/ 3.0 m \/ [&#8230;]\n","protected":false},"featured_media":1575,"comment_status":"open","ping_status":"closed","template":"","meta":{"jetpack_post_was_ever_published":false},"product_brand":[],"product_cat":[140],"product_tag":[265,1311,264,268,1312,1205,1310],"class_list":{"0":"post-1012","1":"product","2":"type-product","3":"status-publish","4":"has-post-thumbnail","6":"product_cat-yari-esnek-flexible-hava-kanali","7":"product_tag-bukulme","8":"product_tag-dusuk-bakim-ve-iscilik-giderleri","9":"product_tag-esneme","10":"product_tag-kimyasal-direnc","11":"product_tag-kivrilabilme","12":"product_tag-sizdirmazlik","13":"product_tag-yanmazlik","15":"first","16":"instock","17":"taxable","18":"shipping-taxable","19":"product-type-variable"},"jetpack-related-posts":[],"jetpack_sharing_enabled":true,"jetpack_likes_enabled":true,"_links":{"self":[{"href":"https:\/\/tuzlahortum.com.tr\/en\/wp-json\/wp\/v2\/product\/1012","targetHints":{"allow":["GET"]}}],"collection":[{"href":"https:\/\/tuzlahortum.com.tr\/en\/wp-json\/wp\/v2\/product"}],"about":[{"href":"https:\/\/tuzlahortum.com.tr\/en\/wp-json\/wp\/v2\/types\/product"}],"replies":[{"embeddable":true,"href":"https:\/\/tuzlahortum.com.tr\/en\/wp-json\/wp\/v2\/comments?post=1012"}],"wp:featuredmedia":[{"embeddable":true,"href":"https:\/\/tuzlahortum.com.tr\/en\/wp-json\/wp\/v2\/media\/1575"}],"wp:attachment":[{"href":"https:\/\/tuzlahortum.com.tr\/en\/wp-json\/wp\/v2\/media?parent=1012"}],"wp:term":[{"taxonomy":"product_brand","embeddable":true,"href":"https:\/\/tuzlahortum.com.tr\/en\/wp-json\/wp\/v2\/product_brand?post=1012"},{"taxonomy":"product_cat","embeddable":true,"href":"https:\/\/tuzlahortum.com.tr\/en\/wp-json\/wp\/v2\/product_cat?post=1012"},{"taxonomy":"product_tag","embeddable":true,"href":"https:\/\/tuzlahortum.com.tr\/en\/wp-json\/wp\/v2\/product_tag?post=1012"}],"curies":[{"name":"wp","href":"https:\/\/api.w.org\/{rel}","templated":true}]}}