{"id":1010,"date":"2019-02-07T00:04:24","date_gmt":"2019-02-06T21:04:24","guid":{"rendered":"http:\/\/hortum.com.tr\/product\/import-placeholder-for-379\/"},"modified":"2024-03-21T17:39:29","modified_gmt":"2024-03-21T14:39:29","slug":"acoustic-semiafs","status":"publish","type":"product","link":"https:\/\/tuzlahortum.com.tr\/en\/product\/acoustic-semiafs\/","title":{"rendered":"ACOUSTIC SEMIAFS"},"content":{"rendered":"<h2>ACOUSTIC SEMIAFS<\/h2>\n<div>Heat and sound insulated semi-flexible air ducts<\/div>\n<div>\n<h4>General features<\/h4>\n<table class=\"table table-hover table-bordered\">\n<tbody>\n<tr>\n<th class=\"urunDetayth\">Flexible Channel Construction<\/th>\n<td>1 layer of Aluminum (corrugated) (Perforated)<\/td>\n<\/tr>\n<tr>\n<th class=\"urunDetayth\">Flexible Duct Nominal Thickness<\/th>\n<td>90 micron<\/td>\n<\/tr>\n<tr>\n<th class=\"urunDetayth\">Jacket Construction<\/th>\n<td>1 layer of Aluminum + 2 layers of Polyester<\/td>\n<\/tr>\n<tr>\n<th class=\"urunDetayth\">Jacket Nominal Thickness<\/th>\n<td>45 micron<\/td>\n<\/tr>\n<tr>\n<th class=\"urunDetayth\">Insulation - Thickness - Density<\/th>\n<td>Glass Wool 25 mm \u2013 16 kg\/m\u00b3<\/td>\n<\/tr>\n<tr>\n<th class=\"urunDetayth\">Diameter Range<\/th>\n<td>80mm \u2013 400mm<\/td>\n<\/tr>\n<tr>\n<th class=\"urunDetayth\">Operating Temperature Range<\/th>\n<td>-25 \u00b0C \/ +250 \u00b0C<\/td>\n<\/tr>\n<tr>\n<th class=\"urunDetayth\">Standard Length<\/th>\n<td>1m \/ 2m \/ 3m<\/td>\n<\/tr>\n<tr>\n<th class=\"urunDetayth\">Packaging<\/th>\n<td>Multi-boxing<\/td>\n<\/tr>\n<tr>\n<th class=\"urunDetayth\">Reaction to Fire<\/th>\n<td>No Flame<\/td>\n<\/tr>\n<\/tbody>\n<\/table>\n<div><\/div>\n<\/div>\n<div><div class=\"video video-fit mb\" style=\"padding-top:56.25%;\"><p><iframe loading=\"lazy\" title=\"Measurement Confusion (Inch, Finger, Haze, Millimeter)\" width=\"1020\" height=\"574\" src=\"https:\/\/www.youtube.com\/embed\/uKk6AG_AZls?feature=oembed\" frameborder=\"0\" allow=\"accelerometer; autoplay; clipboard-write; encrypted-media; gyroscope; picture-in-picture; web-share\" referrerpolicy=\"strict-origin-when-cross-origin\" allowfullscreen><\/iframe><\/p>\n<\/div><\/div>\n<div><\/div>\n<div>\n<div class=\"txt\"><strong>ACOUSTIC SEMIAFS<\/strong>\u00a0aluminum semi-flexible air ducts, low and medium pressure<\/div>\n<div class=\"txt\">A multi-purpose semi-flexible specially designed for air handling systems operating<\/div>\n<div class=\"txt\">is the air channel. Pure metal aluminum strips are shrunk with a special production technique.<\/div>\n<div class=\"txt\">SEMIAFS aluminum semi-flexible air ducts produced by interlocking<\/div>\n<div class=\"txt\">It is produced by insulating with glass wool after being perforated. Insulation<\/div>\n<div class=\"txt\">An aluminum jacket, that is, a moisture barrier, is dressed on the material. ACOUSTIC SEMIAFS<\/div>\n<div class=\"txt\">Inner half with jacket to reduce installation time in aluminum semi-flexible air ducts<\/div>\n<div class=\"txt\">flexible air duct is combined with aluminum tape. ACOUSTIC SEMIAFS aluminum<\/div>\n<div class=\"txt\">semi-flexible air ducts are sealed. ACOUSTIC SEMIAFS aluminum semi-flexible air<\/div>\n<div class=\"txt\">The clamp system used in the canals is &quot;INTERLOCK&quot;, that is, the double clamp system. INTERLOCK<\/div>\n<div class=\"txt\">As the material is stretched in the clamp system, the clamp gets stronger. Twisting, bending, elongation and stretching<\/div>\n<div class=\"txt\">separation and\/or deformation of the pure metal aluminum strips during<\/div>\n<div class=\"txt\">no damage is possible.<\/div>\n<h4>Features and Benefits<\/h4>\n<div class=\"wrp clearfix\">\n<div class=\"tripleContent\">\n<p><b>SEMI-FLEXIBLE &amp; INTERLOCK CONSTRUCTION<\/b><\/p>\n<div class=\"txt\">\n<ul>\n<li>Easy transport and storage<\/li>\n<li>Easy and practical assembly<\/li>\n<li>mechanical strength<\/li>\n<li>Sealing<\/li>\n<li>Energy efficiency<\/li>\n<li>Low maintenance and labor costs<\/li>\n<\/ul>\n<\/div>\n<\/div>\n<div class=\"tripleContent\">\n<p><b>GLASS WOOL INSULATION<\/b><\/p>\n<div class=\"txt\">\n<ul>\n<li>% 100 Non-Flammability (Certified, EN 13501-1, Class A1)<\/li>\n<li>UL 723, Flame Spread Index = 0, Smoke Development Index = 0<\/li>\n<li>No fiber erosion<\/li>\n<li>Energy efficiency<\/li>\n<li>Excellent insulation characteristic<\/li>\n<li>Condensation prevention<\/li>\n<\/ul>\n<\/div>\n<\/div>\n<div class=\"tripleContent\">\n<p><b>ALUMINUM LAMINATED JACKET<\/b><\/p>\n<div class=\"txt\">\n<ul>\n<li>Fire resistance (certified)<\/li>\n<li>High resistance to tearing and impacts<\/li>\n<li>Does not pass UV rays<\/li>\n<li>High resistance to UV rays<\/li>\n<li>% 98 reflective feature<\/li>\n<li>chemical resistance<\/li>\n<\/ul>\n<\/div>\n<\/div>\n<\/div>\n<div class=\"wrp clearfix\">\n<div class=\"tripleContent\">\n<p><b>PURE METAL ALUMINUM CONSTRUCTION<\/b><\/p>\n<div class=\"txt\">\n<ul>\n<li>% 100 fireproof<\/li>\n<li>chemical resistance<\/li>\n<\/ul>\n<\/div>\n<\/div>\n<\/div>\n<\/div>","protected":false},"excerpt":{"rendered":"<p>ACOUSTIC SEMIAFS Is\u0131 ve ses izoleli yar\u0131 esnek hava kanallar\u0131 Genel \u00d6zellikler Flexible Kanal Konstr\u00fcksiyonu 1 kat Al\u00fcminyum (koruge) (Perfore) Flexible Kanal Nominal Kal\u0131nl\u0131\u011f\u0131 90 mikron Ceket Kontr\u00fcksiyonu 1 kat Al\u00fcminyum + 2 kat Polyester Ceket Nominal Kal\u0131nl\u0131\u011f\u0131 45 mikron \u0130zolasyon &#8211; Kal\u0131nl\u0131k &#8211; Yo\u011funluk Cam Y\u00fcn\u00fc 25 mm &#8211; 16 kg\/m\u00b3 \u00c7ap Aral\u0131\u011f\u0131 80 [&#8230;]\n","protected":false},"featured_media":6929,"comment_status":"open","ping_status":"closed","template":"","meta":{"jetpack_post_was_ever_published":false},"product_brand":[],"product_cat":[140],"product_tag":[1303,1302,251,1309,1308,1307,1306,1304,1305],"class_list":{"0":"post-1010","1":"product","2":"type-product","3":"status-publish","4":"has-post-thumbnail","6":"product_cat-yari-esnek-flexible-hava-kanali","7":"product_tag-acoustic","8":"product_tag-acoustic-semiafs","9":"product_tag-aluminyum","10":"product_tag-cok-amacli-yari-esnek","11":"product_tag-hava-aktarim-sistemi","12":"product_tag-hava-aktarimi","13":"product_tag-hava-kanali","14":"product_tag-semiafs","15":"product_tag-yari-esnek","17":"first","18":"instock","19":"taxable","20":"shipping-taxable","21":"product-type-variable"},"jetpack-related-posts":[],"jetpack_sharing_enabled":true,"jetpack_likes_enabled":true,"_links":{"self":[{"href":"https:\/\/tuzlahortum.com.tr\/en\/wp-json\/wp\/v2\/product\/1010","targetHints":{"allow":["GET"]}}],"collection":[{"href":"https:\/\/tuzlahortum.com.tr\/en\/wp-json\/wp\/v2\/product"}],"about":[{"href":"https:\/\/tuzlahortum.com.tr\/en\/wp-json\/wp\/v2\/types\/product"}],"replies":[{"embeddable":true,"href":"https:\/\/tuzlahortum.com.tr\/en\/wp-json\/wp\/v2\/comments?post=1010"}],"wp:featuredmedia":[{"embeddable":true,"href":"https:\/\/tuzlahortum.com.tr\/en\/wp-json\/wp\/v2\/media\/6929"}],"wp:attachment":[{"href":"https:\/\/tuzlahortum.com.tr\/en\/wp-json\/wp\/v2\/media?parent=1010"}],"wp:term":[{"taxonomy":"product_brand","embeddable":true,"href":"https:\/\/tuzlahortum.com.tr\/en\/wp-json\/wp\/v2\/product_brand?post=1010"},{"taxonomy":"product_cat","embeddable":true,"href":"https:\/\/tuzlahortum.com.tr\/en\/wp-json\/wp\/v2\/product_cat?post=1010"},{"taxonomy":"product_tag","embeddable":true,"href":"https:\/\/tuzlahortum.com.tr\/en\/wp-json\/wp\/v2\/product_tag?post=1010"}],"curies":[{"name":"wp","href":"https:\/\/api.w.org\/{rel}","templated":true}]}}