{"id":1009,"date":"2019-02-07T00:04:24","date_gmt":"2019-02-06T21:04:24","guid":{"rendered":"http:\/\/hortum.com.tr\/product\/import-placeholder-for-330\/"},"modified":"2024-03-21T17:39:30","modified_gmt":"2024-03-21T14:39:30","slug":"yangin-vanasi","status":"publish","type":"product","link":"https:\/\/tuzlahortum.com.tr\/en\/product\/yangin-vanasi\/","title":{"rendered":"Fire Valve"},"content":{"rendered":"<h2>Fire Valve<\/h2>","protected":false},"excerpt":{"rendered":"<p>Fire Valve<\/p>","protected":false},"featured_media":1200,"comment_status":"open","ping_status":"closed","template":"","meta":{"jetpack_post_was_ever_published":false},"product_brand":[],"product_cat":[122],"product_tag":[331,256,959],"class_list":{"0":"post-1009","1":"product","2":"type-product","3":"status-publish","4":"has-post-thumbnail","6":"product_cat-yangin-vanasi","7":"product_tag-vana","8":"product_tag-yangin","9":"product_tag-yangin-vanasi","11":"first","12":"instock","13":"taxable","14":"shipping-taxable","15":"product-type-variable"},"jetpack-related-posts":[{"id":779,"url":"https:\/\/tuzlahortum.com.tr\/en\/product\/cift-kapi-siva-alti-sac-kapakli-kuru-sistem\/","url_meta":{"origin":1009,"position":0},"title":"Double Door \u2013 Recessed Sheet Cover (Dry System) (65\u00d785)","author":"admin","date":"6 February 2019","format":false,"excerpt":"\u00c7ift Kap\u0131 - S\u0131va Alt\u0131 Sa\u00e7 Kapakl\u0131 (Kuru Sistem)(65x85)\u00d6L\u00c7\u00dc 65*852\" bez yang\u0131n hortumu (30 AT\u00dc)2\" yang\u0131n vanas\u0131(rakorlu)2\" jet lans(rakorlu)20 MT25 MT30 MTP\u0130-300P\u0130-301P\u0130-302","rel":"","context":"Similar post","block_context":{"text":"Similar post","link":""},"img":{"alt_text":"","src":"https:\/\/i0.wp.com\/tuzlahortum.com.tr\/wp-content\/uploads\/2019\/03\/%C3%87ift-Kap%C4%B1-S%C4%B1va-Alt%C4%B1-Sa%C3%A7-Kapakl%C4%B1-Kuru-Sistem.jpg?fit=388%2C412&ssl=1&resize=350%2C200","width":350,"height":200},"classes":[]},{"id":781,"url":"https:\/\/tuzlahortum.com.tr\/en\/product\/tek-kapi-siva-alti-sac-kapakli-kuru-sistem\/","url_meta":{"origin":1009,"position":1},"title":"Single Door \u2013 Recessed Metal Cover (Dry System) (56\u00d758)","author":"admin","date":"6 February 2019","format":false,"excerpt":"Tek Kap\u0131 - S\u0131va Alt\u0131 Sa\u00e7 Kapakl\u0131 (Kuru Sistem)(56x58)\u00d6L\u00c7\u00dc 56*582\" bez yang\u0131n hortumu (30 AT\u00dc)2\" yang\u0131n vanas\u0131(rakorlu)2\" jet lans(rakorlu)20 MT25 MT30 MTP\u0130-280P\u0130-281P\u0130-282","rel":"","context":"Similar post","block_context":{"text":"Similar post","link":""},"img":{"alt_text":"","src":"https:\/\/i0.wp.com\/tuzlahortum.com.tr\/wp-content\/uploads\/2019\/03\/Tek-Kap%C4%B1-S%C4%B1va-Alt%C4%B1-Sa%C3%A7-Kapakl%C4%B1-Kuru-Sistem.jpg?fit=405%2C491&ssl=1&resize=350%2C200","width":350,"height":200},"classes":[]},{"id":957,"url":"https:\/\/tuzlahortum.com.tr\/en\/product\/cift-kapi-siva-ustu-sac-kapakli-kuru-sistem\/","url_meta":{"origin":1009,"position":2},"title":"Double Door \u2013 Surface Mounted with Sheet Cover (Dry System) (65\u00d785)","author":"admin","date":"6 February 2019","format":false,"excerpt":"\u00c7ift Kap\u0131 - S\u0131va \u00dcst\u00fc Sa\u00e7 Kapakl\u0131 (Kuru Sistem)(65x85)\u00d6L\u00c7\u00dc 65*85 2\" bez yang\u0131n hortumu (30 AT\u00dc) 2\" yang\u0131n vanas\u0131(rakorlu) 2\" jet lans(rakorlu) 20 MT 25 MT 30 MT P\u0130-290 P\u0130-291 P\u0130-292","rel":"","context":"Similar post","block_context":{"text":"Similar post","link":""},"img":{"alt_text":"","src":"https:\/\/i0.wp.com\/tuzlahortum.com.tr\/wp-content\/uploads\/2019\/03\/%C3%87ift-Kap%C4%B1-S%C4%B1va-%C3%9Cst%C3%BC-Sa%C3%A7-Kapakl%C4%B1-Kuru-Sistem.jpg?fit=382%2C360&ssl=1&resize=350%2C200","width":350,"height":200},"classes":[]},{"id":1008,"url":"https:\/\/tuzlahortum.com.tr\/en\/product\/itfaiye-baglanti-agzi\/","url_meta":{"origin":1009,"position":3},"title":"Fire Brigade Connection Mouth","author":"admin","date":"7 February 2019","format":false,"excerpt":"Fire Brigade Connection Mouth","rel":"","context":"Similar post","block_context":{"text":"Similar post","link":""},"img":{"alt_text":"","src":"https:\/\/i0.wp.com\/tuzlahortum.com.tr\/wp-content\/uploads\/2019\/02\/%C4%B0tfaiye-Ba%C4%9Flant%C4%B1-A%C4%9Fz%C4%B1.jpg?fit=431%2C431&ssl=1&resize=350%2C200","width":350,"height":200},"classes":[]},{"id":780,"url":"https:\/\/tuzlahortum.com.tr\/en\/product\/tek-kapi-siva-ustu-sac-kapakli-kuru-sistem\/","url_meta":{"origin":1009,"position":4},"title":"Single Door \u2013 Surface Mounted with Sheet Cover (Dry System) (70\u00d765)","author":"admin","date":"6 February 2019","format":false,"excerpt":"Tek Kap\u0131 - S\u0131va \u00dcst\u00fc Sa\u00e7 Kapakl\u0131 (Kuru Sistem)(70x65)\u00d6L\u00c7\u00dc 70*65 1\" TS EN 694 yar\u0131 sert kau\u00e7uk yang\u0131n hortumu 1\" jet sprey lans(nozul) 20 MT 25 MT 30 MT 1\" TSE K\u00fcresel Vanal\u0131 P\u0130-110 P\u0130-111 P\u0130-112 2\" Yang\u0131n Vanal\u0131 ( 2>1'e D\u00f6n\u00fc\u015ft\u00fcr\u00fcc\u00fcl\u00fc ) P\u0130-210 P\u0130-211 P\u0130-212 \u00a0","rel":"","context":"Similar post","block_context":{"text":"Similar post","link":""},"img":{"alt_text":"","src":"https:\/\/i0.wp.com\/tuzlahortum.com.tr\/wp-content\/uploads\/2019\/03\/Tek-Kap%C4%B1-S%C4%B1va-%C3%9Cst%C3%BC-Sa%C3%A7-Kapakl%C4%B1-Kuru-Sistem.jpg?fit=417%2C486&ssl=1&resize=350%2C200","width":350,"height":200},"classes":[]},{"id":2859,"url":"https:\/\/tuzlahortum.com.tr\/en\/product\/dogalgaz-vanasi-mop-5-20-kopya\/","url_meta":{"origin":1009,"position":5},"title":"Butterfly Gas Valve","author":"\u0130smail \u00c7elik","date":"14 February 2019","format":false,"excerpt":"Kelebek Do\u011falgaz Vanas\u0131TS CEN\/EN 331\/A1 T\u00fcrk Standartlar\u0131 Enstit\u00fcs\u00fc Onay\u0131.ISO 9001 Kalite Sistem Sertfikas\u0131.MOP5 \u00e7al\u0131\u015fma bas\u0131nc\u0131.Maksimum ak\u0131\u015fkanl\u0131k i\u00e7in tam ge\u00e7i\u015f.Daha uzun \u00f6m\u00fcr i\u00e7in kurum kaplama k\u00fcre.ISO 228 Di\u015fi X Di\u015fi ba\u011flant\u0131.Maksimum g\u00fcvenlik i\u00e7in PTFE conta ve EPDM O-ring.Do\u011falgaz sistemlerinde kullan\u0131lmak \u00fczere geni\u015f kullan\u0131m alan\u0131.Kal\u0131n PVC kapl\u0131 \u00e7elik kol.S\u0131cakl\u0131k -10\u00b0C + 120\u00b0CANMA\u2026","rel":"","context":"Similar post","block_context":{"text":"Similar post","link":""},"img":{"alt_text":"","src":"https:\/\/i0.wp.com\/tuzlahortum.com.tr\/wp-content\/uploads\/2019\/02\/Kelebek-Do%C4%9Fal-gaz-vanas%C4%B1.jpg?fit=520%2C350&ssl=1&resize=350%2C200","width":350,"height":200},"classes":[]}],"jetpack_sharing_enabled":true,"jetpack_likes_enabled":true,"_links":{"self":[{"href":"https:\/\/tuzlahortum.com.tr\/en\/wp-json\/wp\/v2\/product\/1009","targetHints":{"allow":["GET"]}}],"collection":[{"href":"https:\/\/tuzlahortum.com.tr\/en\/wp-json\/wp\/v2\/product"}],"about":[{"href":"https:\/\/tuzlahortum.com.tr\/en\/wp-json\/wp\/v2\/types\/product"}],"replies":[{"embeddable":true,"href":"https:\/\/tuzlahortum.com.tr\/en\/wp-json\/wp\/v2\/comments?post=1009"}],"wp:featuredmedia":[{"embeddable":true,"href":"https:\/\/tuzlahortum.com.tr\/en\/wp-json\/wp\/v2\/media\/1200"}],"wp:attachment":[{"href":"https:\/\/tuzlahortum.com.tr\/en\/wp-json\/wp\/v2\/media?parent=1009"}],"wp:term":[{"taxonomy":"product_brand","embeddable":true,"href":"https:\/\/tuzlahortum.com.tr\/en\/wp-json\/wp\/v2\/product_brand?post=1009"},{"taxonomy":"product_cat","embeddable":true,"href":"https:\/\/tuzlahortum.com.tr\/en\/wp-json\/wp\/v2\/product_cat?post=1009"},{"taxonomy":"product_tag","embeddable":true,"href":"https:\/\/tuzlahortum.com.tr\/en\/wp-json\/wp\/v2\/product_tag?post=1009"}],"curies":[{"name":"wp","href":"https:\/\/api.w.org\/{rel}","templated":true}]}}