{"id":86,"date":"2013-08-11T19:06:15","date_gmt":"2013-08-11T16:06:15","guid":{"rendered":"http:\/\/localhost:8888\/test\/?page_id=520"},"modified":"2024-12-09T12:54:47","modified_gmt":"2024-12-09T09:54:47","slug":"hakkimizda","status":"publish","type":"page","link":"https:\/\/tuzlahortum.com.tr\/en\/hakkimizda\/","title":{"rendered":"ABOUT US"},"content":{"rendered":"<div class=\"banner has-hover has-parallax\" id=\"banner-2072692718\">\n          <div class=\"banner-inner fill\">\n        <div class=\"banner-bg fill\" data-parallax=\"-2\" data-parallax-container=\".banner\" data-parallax-background>\n                                    <div class=\"overlay\"><\/div>            \n                    <\/div>\n\t\t\n        <div class=\"banner-layers container\">\n            <div class=\"fill banner-link\"><\/div>            \n\n   <div id=\"text-box-1606031218\" class=\"text-box banner-layer x50 md-x50 lg-x50 y80 md-y80 lg-y80 res-text\">\n                                <div class=\"text-box-content text dark\">\n              \n              <div class=\"text-inner text-center\">\n                  \n\n<h1 class=\"lead\">About Us<\/h1>\n<p class=\"lead\">The only thing we care more about than our customers, <br \/>community health and safety.<\/p>\n\n              <\/div>\n           <\/div>\n                            \n<style>\n#text-box-1606031218 {\n  width: 60%;\n}\n#text-box-1606031218 .text-box-content {\n  font-size: 100%;\n}\n<\/style>\n    <\/div>\n \n\n        <\/div>\n      <\/div>\n\n            \n<style>\n#banner-2072692718 {\n  padding-top: 250px;\n}\n#banner-2072692718 .overlay {\n  background-color: rgba(0, 0, 0, 0.49);\n}\n<\/style>\n  <\/div>\n\n\n<div class=\"row\"  id=\"row-676641139\">\n\n\n\t<div id=\"col-214713376\" class=\"col small-12 large-12\"  >\n\t\t\t\t<div class=\"col-inner\"  >\n\t\t\t\n\t\t\t\n\n\t<div id=\"text-70491338\" class=\"text\">\n\t\t\n\n<p><b>About Tuzla Hose<\/b><\/p>\n<p>Founded in 1992 by Osman Ta\u015fk\u0131no\u011flu in Tuzla Shipyard Region, Tuzla Hortum has become a brand that supplies hose types and fittings to all over Turkey. We are proud to be one of the leading companies in the sector with our experience and customer-oriented approach.<\/p>\n<p>Tuzla Hortum not only offers quality products but also pioneers the sector by digitalizing business processes. Our company has completely digitalized its way of doing business, automated all steps of the operation and developed an infrastructure that manages all channels simultaneously. The fact that the software used was developed in-house is the most concrete indicator of the importance we attach to innovation. Thanks to these technology investments, we manage processes such as order management, logistics, customer service and inventory control in perfect harmony.<\/p>\n<p>Our services aim to provide products that meet the needs of industrial, agricultural, automotive and individual use. Our product range combines durability and quality to help your business run more efficiently. Thanks to digitalization, we quickly meet the needs of our customers and quickly adapt to innovations in the industry.<\/p>\n<p>As Tuzla Hortum, it is our priority to understand the needs of our customers in the best way and offer them the most suitable solutions. Our professional team supports businesses to reduce their costs and improve their business processes by providing guidance on the right product selection. At the same time, we contribute to the long-term success of your business with the free consultancy services we offer.<\/p>\n<p>Our commitment to quality, combined with the durability and long-lasting performance of our products, enables our customers to keep their business processes running smoothly. Our solutions are not just a product, but a reliable business partnership.<\/p>\n<p>Tuzla Hortum continues to make a difference in the sector with its investments in digitalization and innovation. With its wide product range, fast and reliable supply processes and technological infrastructure, we are always at your side to offer the most suitable solutions for your business needs and optimize your business processes.<\/p>\n\n\t\t\n<style>\n#text-70491338 {\n  line-height: 1.4;\n}\n<\/style>\n\t<\/div>\n\t\n<div class=\"text-center\"><div class=\"is-divider divider clearfix\" ><\/div><\/div>\n\n\n\t\t<\/div>\n\t\t\t\t\t<\/div>\n\n\t\n\n\t<div id=\"col-67115442\" class=\"col medium-6 small-12 large-6\"  >\n\t\t\t\t<div class=\"col-inner\"  >\n\t\t\t\n\t\t\t\n\n    <div class=\"box has-hover has-hover box-text-bottom\" >\n\n                  <div class=\"box-image\" style=\"width:80%;\">\n           <div class=\"box-image-inner image-cover\" style=\"border-radius:100%;padding-top:100%;\">\n              <img data-recalc-dims=\"1\" loading=\"lazy\" decoding=\"async\" width=\"500\" height=\"557\" src=\"https:\/\/i0.wp.com\/tuzlahortum.com.tr\/wp-content\/uploads\/2024\/12\/OsmanTaskinoglu.jpg?resize=500%2C557&#038;ssl=1\" class=\"attachment- size-\" alt=\"\" srcset=\"https:\/\/i0.wp.com\/tuzlahortum.com.tr\/wp-content\/uploads\/2024\/12\/OsmanTaskinoglu.jpg?w=500&amp;ssl=1 500w, https:\/\/i0.wp.com\/tuzlahortum.com.tr\/wp-content\/uploads\/2024\/12\/OsmanTaskinoglu.jpg?resize=359%2C400&amp;ssl=1 359w, https:\/\/i0.wp.com\/tuzlahortum.com.tr\/wp-content\/uploads\/2024\/12\/OsmanTaskinoglu.jpg?resize=11%2C12&amp;ssl=1 11w\" sizes=\"auto, (max-width: 500px) 100vw, 500px\" title=\"\">                         <\/div>\n          <\/div>\n         \n          <div class=\"box-text text-center\" >\n                <div class=\"box-text-inner\">\n                  <h4 class=\"uppercase\">\n                    <span class=\"person-name\">Osman Taskinoglu<\/span><br\/>\n                    <span class=\"person-title is-small thin-font op-7\">\n                      Founder (1948-2021)                    <\/span>\n                  <\/h4>\n\t\t\t\t\t<div class=\"social-icons follow-icons\" ><a href=\"#\" target=\"_blank\" data-label=\"Facebook\" class=\"icon button circle is-outline tooltip facebook\" title=\"Follow on Facebook\" aria-label=\"Follow on Facebook\" rel=\"noopener nofollow\"><i class=\"icon-facebook\" aria-hidden=\"true\"><\/i><\/a><a href=\"#\" data-label=\"Twitter\" target=\"_blank\" class=\"icon button circle is-outline tooltip twitter\" title=\"Follow on Twitter\" aria-label=\"Follow on Twitter\" rel=\"noopener nofollow\"><i class=\"icon-twitter\" aria-hidden=\"true\"><\/i><\/a><a href=\"mailto:#\" data-label=\"E-mail\" target=\"_blank\" class=\"icon button circle is-outline tooltip email\" title=\"Send us an email\" aria-label=\"Send us an email\" rel=\"nofollow noopener\"><i class=\"icon-envelop\" aria-hidden=\"true\"><\/i><\/a><a href=\"#\" data-label=\"Pinterest\" target=\"_blank\" class=\"icon button circle is-outline tooltip pinterest\" title=\"Follow on Pinterest\" aria-label=\"Follow on Pinterest\" rel=\"noopener nofollow\"><i class=\"icon-pinterest\" aria-hidden=\"true\"><\/i><\/a><a href=\"#\" data-label=\"LinkedIn\" target=\"_blank\" class=\"icon button circle is-outline tooltip linkedin\" title=\"Follow on LinkedIn\" aria-label=\"Follow on LinkedIn\" rel=\"noopener nofollow\"><i class=\"icon-linkedin\" aria-hidden=\"true\"><\/i><\/a><\/div>\n\n<p>Osman Taskinoglu <\/p>\n\n                <\/div>\n          <\/div>\n    <\/div>\n\n\t\n    \n\n\t\t<\/div>\n\t\t\t\t\t<\/div>\n\n\t\n\n\t<div id=\"col-1949804936\" class=\"col medium-6 small-12 large-6\"  >\n\t\t\t\t<div class=\"col-inner\"  >\n\t\t\t\n\t\t\t\n\n    <div class=\"box has-hover has-hover box-text-bottom\" >\n\n                  <div class=\"box-image\" style=\"width:80%;\">\n           <div class=\"box-image-inner image-cover\" style=\"border-radius:100%;padding-top:100%;\">\n              <img data-recalc-dims=\"1\" loading=\"lazy\" decoding=\"async\" width=\"1000\" height=\"667\" src=\"https:\/\/i0.wp.com\/tuzlahortum.com.tr\/wp-content\/uploads\/2019\/02\/ilker2019.jpg?resize=1000%2C667&#038;ssl=1\" class=\"attachment- size-\" alt=\"\" srcset=\"https:\/\/i0.wp.com\/tuzlahortum.com.tr\/wp-content\/uploads\/2019\/02\/ilker2019.jpg?w=1000&amp;ssl=1 1000w, https:\/\/i0.wp.com\/tuzlahortum.com.tr\/wp-content\/uploads\/2019\/02\/ilker2019.jpg?resize=600%2C400&amp;ssl=1 600w, https:\/\/i0.wp.com\/tuzlahortum.com.tr\/wp-content\/uploads\/2019\/02\/ilker2019.jpg?resize=768%2C512&amp;ssl=1 768w\" sizes=\"auto, (max-width: 1000px) 100vw, 1000px\" title=\"\">                         <\/div>\n          <\/div>\n         \n          <div class=\"box-text text-center\" >\n                <div class=\"box-text-inner\">\n                  <h4 class=\"uppercase\">\n                    <span class=\"person-name\">Ilker Taskinoglu<\/span><br\/>\n                    <span class=\"person-title is-small thin-font op-7\">\n                      General manager                    <\/span>\n                  <\/h4>\n\t\t\t\t\t<div class=\"social-icons follow-icons\" ><a href=\"mailto:ilker@tuzlahortum.com.tr\" data-label=\"E-mail\" target=\"_blank\" class=\"icon button circle is-outline tooltip email\" title=\"Send us an email\" aria-label=\"Send us an email\" rel=\"nofollow noopener\"><i class=\"icon-envelop\" aria-hidden=\"true\"><\/i><\/a><a href=\"tel:+905443351441\" data-label=\"Phone\" target=\"_blank\" class=\"icon button circle is-outline tooltip phone\" title=\"Call us\" aria-label=\"Call us\" rel=\"nofollow noopener\"><i class=\"icon-phone\" aria-hidden=\"true\"><\/i><\/a><a href=\"https:\/\/www.linkedin.com\/in\/taskinogluilker\/\" data-label=\"LinkedIn\" target=\"_blank\" class=\"icon button circle is-outline tooltip linkedin\" title=\"Follow on LinkedIn\" aria-label=\"Follow on LinkedIn\" rel=\"noopener nofollow\"><i class=\"icon-linkedin\" aria-hidden=\"true\"><\/i><\/a><\/div>\n\n<p>Your health, safety, comfort, family\u2026 <br \/>In short, don&#039;t let your life flow.<\/p>\n\n                <\/div>\n          <\/div>\n    <\/div>\n\n\t\n    \n\n\t\t<\/div>\n\t\t\t\t\t<\/div>\n\n\t\n\n<\/div>","protected":false},"excerpt":{"rendered":"","protected":false},"author":1,"featured_media":0,"parent":0,"menu_order":0,"comment_status":"closed","ping_status":"closed","template":"","meta":{"jetpack_post_was_ever_published":false,"footnotes":""},"class_list":["post-86","page","type-page","status-publish","hentry"],"jetpack-related-posts":[{"id":23019,"url":"https:\/\/tuzlahortum.com.tr\/en\/kalite-politikamiz\/","url_meta":{"origin":86,"position":0},"title":"Our Quality Policy","author":"admin","date":"30 September 2025","format":false,"excerpt":"Kalite Politikam\u0131z Tuzla Hortum olarak kalite politikas\u0131 ve vaatleri a\u015fa\u011f\u0131daki gibidir: T\u00fcm \u00e7al\u0131\u015fanlar\u0131m\u0131z\u0131n kat\u0131l\u0131m\u0131 ve gayretiyle, payda\u015flar\u0131m\u0131z\u0131n ihtiya\u00e7 ve beklentilerini kar\u015f\u0131lamak, \u00c7evresel fakt\u00f6rleri ve i\u015f g\u00fcvenli\u011fi kurallar\u0131n\u0131 dikkate alarak kalite y\u00f6netim sistemi \u015fartlar\u0131na uymak ve s\u00fcrekli iyile\u015ftirmeyi sa\u011flamak, Kalite standartlar\u0131m\u0131z\u0131 en \u00fcst d\u00fczeyde tutarak, yasal gereklilikleri yerine getirmek; ulusal ve\u2026","rel":"","context":"Similar post","block_context":{"text":"Similar post","link":""},"img":{"alt_text":"","src":"","width":0,"height":0},"classes":[]},{"id":84,"url":"https:\/\/tuzlahortum.com.tr\/en\/iletisim2\/","url_meta":{"origin":86,"position":1},"title":"Communication 2","author":"admin","date":"11 August 2013","format":false,"excerpt":"\u00a0","rel":"","context":"Similar post","block_context":{"text":"Similar post","link":""},"img":{"alt_text":"","src":"","width":0,"height":0},"classes":[]},{"id":94,"url":"https:\/\/tuzlahortum.com.tr\/en\/","url_meta":{"origin":86,"position":2},"title":"Flood Hoses","author":"admin","date":"6 August 2013","format":false,"excerpt":"","rel":"","context":"Similar post","block_context":{"text":"Similar post","link":""},"img":{"alt_text":"","src":"","width":0,"height":0},"classes":[]},{"id":12928,"url":"https:\/\/tuzlahortum.com.tr\/en\/qr-welcome\/","url_meta":{"origin":86,"position":3},"title":"Q.R.","author":"admin","date":"29 September 2023","format":false,"excerpt":"","rel":"","context":"Similar post","block_context":{"text":"Similar post","link":""},"img":{"alt_text":"","src":"","width":0,"height":0},"classes":[]},{"id":29,"url":"https:\/\/tuzlahortum.com.tr\/en\/elements\/video\/","url_meta":{"origin":86,"position":4},"title":"Video","author":"admin","date":"29 June 2016","format":false,"excerpt":"","rel":"","context":"Similar post","block_context":{"text":"Similar post","link":""},"img":{"alt_text":"","src":"","width":0,"height":0},"classes":[]},{"id":3,"url":"https:\/\/tuzlahortum.com.tr\/en\/gizlilik-politikasi\/","url_meta":{"origin":86,"position":5},"title":"Privacy Policy","author":"admin","date":"5 February 2019","format":false,"excerpt":"Biz kimiz Web sitemizin adresi: http:\/\/hortum.com.tr. Hangi ki\u015fisel bilgileri ne ama\u00e7la topluyoruz Yorumlar Ziyaret\u00e7iler sitede yorum b\u0131rakt\u0131\u011f\u0131nda yorum formunda g\u00f6sterilen verileri ve ayr\u0131ca istenmeyen yorum tespitine yard\u0131mc\u0131 olmak i\u00e7in ziyaret\u00e7inin IP adresi ve taray\u0131c\u0131 bilgisi metnini de toplar\u0131z. E-posta adresinizden olu\u015fturulmu\u015f anonimle\u015ftirilmi\u015f bir metin (hash olarak da adland\u0131r\u0131l\u0131r) Gravatar hizmetine,\u2026","rel":"","context":"Similar post","block_context":{"text":"Similar post","link":""},"img":{"alt_text":"","src":"","width":0,"height":0},"classes":[]}],"jetpack_sharing_enabled":true,"jetpack_likes_enabled":true,"_links":{"self":[{"href":"https:\/\/tuzlahortum.com.tr\/en\/wp-json\/wp\/v2\/pages\/86","targetHints":{"allow":["GET"]}}],"collection":[{"href":"https:\/\/tuzlahortum.com.tr\/en\/wp-json\/wp\/v2\/pages"}],"about":[{"href":"https:\/\/tuzlahortum.com.tr\/en\/wp-json\/wp\/v2\/types\/page"}],"author":[{"embeddable":true,"href":"https:\/\/tuzlahortum.com.tr\/en\/wp-json\/wp\/v2\/users\/1"}],"replies":[{"embeddable":true,"href":"https:\/\/tuzlahortum.com.tr\/en\/wp-json\/wp\/v2\/comments?post=86"}],"version-history":[{"count":0,"href":"https:\/\/tuzlahortum.com.tr\/en\/wp-json\/wp\/v2\/pages\/86\/revisions"}],"wp:attachment":[{"href":"https:\/\/tuzlahortum.com.tr\/en\/wp-json\/wp\/v2\/media?parent=86"}],"curies":[{"name":"wp","href":"https:\/\/api.w.org\/{rel}","templated":true}]}}