{"id":4493,"date":"2019-02-25T09:33:00","date_gmt":"2019-02-25T06:33:00","guid":{"rendered":"http:\/\/hortum.com.tr\/?page_id=4493"},"modified":"2026-02-25T13:10:13","modified_gmt":"2026-02-25T10:10:13","slug":"hesaplar","status":"publish","type":"page","link":"https:\/\/tuzlahortum.com.tr\/en\/hesaplar\/","title":{"rendered":"bank accounts"},"content":{"rendered":"<hr class=\"wp-block-separator has-alpha-channel-opacity\"\/>\n\n\n\n<p>You can pay via QNBPay system with the help of the link below.<\/p>\n\n\n\n<div class=\"wp-block-buttons is-content-justification-center is-layout-flex wp-container-core-buttons-is-layout-16018d1d wp-block-buttons-is-layout-flex\">\n<div class=\"wp-block-button is-style-fill\"><a class=\"wp-block-button__link has-black-color has-luminous-vivid-amber-background-color has-text-color has-background wp-element-button\" href=\"https:\/\/tahsilat.tuzlahortum.com.tr\/\" target=\"_blank\" rel=\"noreferrer noopener\">With credit card <strong>Online Payment<\/strong> Click to do<\/a><\/div>\n<\/div>\n\n\n\n<hr class=\"wp-block-separator has-alpha-channel-opacity\"\/>\n\n\n\n<h5 class=\"wp-block-heading\"><span style=\"font-weight: bold; font-family: Verdana; color: #000000;\">What you can do with the icons you will see when you hover over the bank logos;<\/span><\/h5>\n\n\n\n<ul class=\"wp-block-list\">\n<li><strong>Envelope Icon&nbsp;<\/strong>You can have the account information about your account sent to you via e-mail.<\/li>\n\n\n\n<li><strong>Phone Icon<\/strong>&nbsp;You can have the account information about the account sent to you via SMS.<\/li>\n\n\n\n<li><strong>Magnifier Icon<\/strong> You can view account information about<\/li>\n\n\n\n<li><strong>QR(Square) Code Icon<\/strong> With the barcode reader application of your mobile phone, you can view the account numbers on your phone.<\/li>\n\n\n\n<li><strong>NOTIFY PAYMENT<\/strong> You can report your money transfer to our accounting department with the button.<\/li>\n<\/ul>\n\n\n\n<p><span style=\"font-family: Verdana;\">Tax Office : Tuzla<\/span><\/p>\n\n\n\n<p><span style=\"font-family: Verdana;\">Tax No: 8721308491<\/span><\/p>\n\n\n\n<figure><iframe loading=\"lazy\" height=\"1000\" width=\"100%\" src=\"\/\/hesapno.com\/uzk_hesap?kul_id=1530b2589f4fb8921b5af3d85d6bc181&amp;arkaplan=ffffff&amp;sol=10%&amp;ust=2%\" style=\"border:1px #e4e4e4 solid;\" name=\"hesapno.com\" scrolling=\"no\"><\/iframe><\/figure>","protected":false},"excerpt":{"rendered":"<p>A\u015fa\u011f\u0131daki link yard\u0131m\u0131 ile QNBPay sistemi \u00fczerinden \u00f6deme yapabilirsiniz. Banka logolar\u0131 \u00fczerine geldi\u011finizde g\u00f6rece\u011finiz simgelerle yapabilecekleriniz; Vergi Dairesi : Tuzla Vergi No : 8721308491<\/p>","protected":false},"author":1,"featured_media":0,"parent":0,"menu_order":0,"comment_status":"closed","ping_status":"closed","template":"","meta":{"jetpack_post_was_ever_published":false,"footnotes":""},"class_list":["post-4493","page","type-page","status-publish","hentry"],"jetpack-related-posts":[{"id":58,"url":"https:\/\/tuzlahortum.com.tr\/en\/odeme\/","url_meta":{"origin":4493,"position":0},"title":"\u00d6deme","author":"admin","date":"19 November 2015","format":false,"excerpt":"","rel":"","context":"Similar post","block_context":{"text":"Similar post","link":""},"img":{"alt_text":"","src":"","width":0,"height":0},"classes":[]}],"jetpack_sharing_enabled":true,"jetpack_likes_enabled":true,"_links":{"self":[{"href":"https:\/\/tuzlahortum.com.tr\/en\/wp-json\/wp\/v2\/pages\/4493","targetHints":{"allow":["GET"]}}],"collection":[{"href":"https:\/\/tuzlahortum.com.tr\/en\/wp-json\/wp\/v2\/pages"}],"about":[{"href":"https:\/\/tuzlahortum.com.tr\/en\/wp-json\/wp\/v2\/types\/page"}],"author":[{"embeddable":true,"href":"https:\/\/tuzlahortum.com.tr\/en\/wp-json\/wp\/v2\/users\/1"}],"replies":[{"embeddable":true,"href":"https:\/\/tuzlahortum.com.tr\/en\/wp-json\/wp\/v2\/comments?post=4493"}],"version-history":[{"count":4,"href":"https:\/\/tuzlahortum.com.tr\/en\/wp-json\/wp\/v2\/pages\/4493\/revisions"}],"predecessor-version":[{"id":23556,"href":"https:\/\/tuzlahortum.com.tr\/en\/wp-json\/wp\/v2\/pages\/4493\/revisions\/23556"}],"wp:attachment":[{"href":"https:\/\/tuzlahortum.com.tr\/en\/wp-json\/wp\/v2\/media?parent=4493"}],"curies":[{"name":"wp","href":"https:\/\/api.w.org\/{rel}","templated":true}]}}