{"id":29,"date":"2016-06-29T08:39:48","date_gmt":"2016-06-29T08:39:48","guid":{"rendered":"http:\/\/flatsome.dev\/?page_id=7921"},"modified":"2020-06-18T15:50:55","modified_gmt":"2020-06-18T12:50:55","slug":"video","status":"publish","type":"page","link":"https:\/\/tuzlahortum.com.tr\/en\/elements\/video\/","title":{"rendered":"Video"},"content":{"rendered":"<div class=\"row\"  id=\"row-1556182909\">\n\n\n\t<div id=\"col-1867385156\" class=\"col medium-4 small-12 large-4\"  >\n\t\t\t\t<div class=\"col-inner\"  >\n\t\t\t\n\t\t\t\n\n<div class=\"video video-fit mb\" style=\"padding-top:56.25%;\"><iframe loading=\"lazy\" title=\"Choosing the Right Product - Hose\" width=\"1020\" height=\"574\" src=\"https:\/\/www.youtube.com\/embed\/T8D69YsgW7o?feature=oembed\" frameborder=\"0\" allow=\"accelerometer; autoplay; clipboard-write; encrypted-media; gyroscope; picture-in-picture\" allowfullscreen><\/iframe><\/div>\n\n<h3>Choosing the Right Product \u2013 Hose<\/h3>\n<p>Hose selection is a process that industrial enterprises often make mistakes. Sometimes, when choosing the right product, there may be wrong use. Our goal in this video is to provide you with the necessary information to determine exactly what you need at the product purchase stage.<\/p>\n\n\t\t<\/div>\n\t\t\t\t\t<\/div>\n\n\t\n\n\t<div id=\"col-768583491\" class=\"col medium-4 small-12 large-4\"  >\n\t\t\t\t<div class=\"col-inner\"  >\n\t\t\t\n\t\t\t\n\n<div class=\"video video-fit mb\" style=\"padding-top:56.25%;\"><p><iframe loading=\"lazy\" title=\"Reasons for the difference in hose prices\" width=\"1020\" height=\"574\" src=\"https:\/\/www.youtube.com\/embed\/xHATLQVUEJU?feature=oembed\" frameborder=\"0\" allow=\"accelerometer; autoplay; clipboard-write; encrypted-media; gyroscope; picture-in-picture\" allowfullscreen><\/iframe><\/p>\n<\/div>\n\n<h3>Why Prices Are High<\/h3>\n<p>What is the difference in prices of hoses, the secret hero of industrial life, which is used to transfer almost all kinds of substances. What should you pay attention to when purchasing?<\/p>\n\n\t\t<\/div>\n\t\t\t\t\t<\/div>\n\n\t\n\n\t<div id=\"col-1362959310\" class=\"col medium-4 small-12 large-4\"  >\n\t\t\t\t<div class=\"col-inner\"  >\n\t\t\t\n\t\t\t\n\n<div class=\"video video-fit mb\" style=\"padding-top:56.25%;\"><p><iframe loading=\"lazy\" title=\"Measurement Confusion (Inch, Finger, Haze, Millimeter)\" width=\"1020\" height=\"574\" src=\"https:\/\/www.youtube.com\/embed\/uKk6AG_AZls?feature=oembed\" frameborder=\"0\" allow=\"accelerometer; autoplay; clipboard-write; encrypted-media; gyroscope; picture-in-picture\" allowfullscreen><\/iframe><\/p>\n<\/div>\n\n<h3>Measurement Confusion<\/h3>\n<p>Tornado and Mars, even space\u2026 What&#039;s the matter?<\/p>\n<p>The negative effects of the use of different measurement units in the world are manifested in almost many areas. Hose is one of the subjects that gets its share from this issue quite a lot. <\/p>\n\n\t\t<\/div>\n\t\t\t\t\t<\/div>\n\n\t\n\n<\/div>\n<div class=\"row\"  id=\"row-1516449011\">\n\n\n\t<div id=\"col-755243752\" class=\"col medium-4 small-12 large-4\"  >\n\t\t\t\t<div class=\"col-inner\"  >\n\t\t\t\n\t\t\t\n\n<div class=\"video video-fit mb\" style=\"padding-top:56.25%;\"><p><iframe loading=\"lazy\" title=\"Air Jacks\" width=\"1020\" height=\"574\" src=\"https:\/\/www.youtube.com\/embed\/YFDzAoEaZfM?feature=oembed\" frameborder=\"0\" allow=\"accelerometer; autoplay; clipboard-write; encrypted-media; gyroscope; picture-in-picture\" allowfullscreen><\/iframe><\/p>\n<\/div>\n\n<h3>Air Jacks<\/h3>\n<p>Air jacks and variants that allow you to remove and install hoses with one hand in compressed air circuits in all industries. What should you pay attention to when ordering?<\/p>\n\n\t\t<\/div>\n\t\t\t\t\t<\/div>\n\n\t\n\n\t<div id=\"col-1533319484\" class=\"col medium-4 small-12 large-4\"  >\n\t\t\t\t<div class=\"col-inner\"  >\n\t\t\t\n\t\t\t\n\n<div class=\"video video-fit mb\" style=\"padding-top:56.25%;\"><p><iframe loading=\"lazy\" title=\"Spring Valve\" width=\"1020\" height=\"574\" src=\"https:\/\/www.youtube.com\/embed\/G3hkxWOl9dU?feature=oembed\" frameborder=\"0\" allow=\"accelerometer; autoplay; clipboard-write; encrypted-media; gyroscope; picture-in-picture\" allowfullscreen><\/iframe><\/p>\n<\/div>\n\n<h3>Spring Valve<\/h3>\n<p>It is a kind of check valve used to prevent the remaining part of the water drawn by the pump from escaping back in the hose for use in industrial, plumbing and irrigation systems. In our video, we explain the working principle using the product section.<\/p>\n\n\t\t<\/div>\n\t\t\t\t\t<\/div>\n\n\t\n\n\t<div id=\"col-2015446998\" class=\"col medium-4 small-12 large-4\"  >\n\t\t\t\t<div class=\"col-inner\"  >\n\t\t\t\n\t\t\t\n\n<div class=\"video video-fit mb\" style=\"padding-top:56.25%;\"><p><iframe loading=\"lazy\" title=\"Which Food Hose should we choose?\" width=\"1020\" height=\"574\" src=\"https:\/\/www.youtube.com\/embed\/1RIgy8WF1Ao?feature=oembed\" frameborder=\"0\" allow=\"accelerometer; autoplay; clipboard-write; encrypted-media; gyroscope; picture-in-picture\" allowfullscreen><\/iframe><\/p>\n<\/div>\n\n<h3>Which Food Hose should we choose?<\/h3>\n<p>Food production is one of the subjects that I am most sensitive to. How should the products be in food hoses, how does the certification work, and is there an audit on this subject in our country?<\/p>\n\n\t\t<\/div>\n\t\t\t\t\t<\/div>\n\n\t\n\n<\/div>","protected":false},"excerpt":{"rendered":"","protected":false},"author":1,"featured_media":0,"parent":93,"menu_order":10,"comment_status":"closed","ping_status":"closed","template":"","meta":{"jetpack_post_was_ever_published":false,"footnotes":""},"class_list":["post-29","page","type-page","status-publish","hentry"],"jetpack-related-posts":[{"id":49,"url":"https:\/\/tuzlahortum.com.tr\/en\/elements\/images\/","url_meta":{"origin":29,"position":0},"title":"Images","author":"admin","date":"15 February 2016","format":false,"excerpt":"","rel":"","context":"Similar post","block_context":{"text":"Similar post","link":""},"img":{"alt_text":"","src":"","width":0,"height":0},"classes":[]},{"id":23246,"url":"https:\/\/tuzlahortum.com.tr\/en\/turkiyenin-ilk-mobil-hortum-katalogu\/","url_meta":{"origin":29,"position":1},"title":"Turkey's first Mobile Hose Catalog","author":"admin","date":"27 October 2025","format":false,"excerpt":"Ak\u0131ll\u0131 arama, teknik filtreler ve interaktif katalog yap\u0131s\u0131yla hortum d\u00fcnyas\u0131 dijitalle\u015fti.T\u00fcm \u00fcr\u00fcn verilerine, standartlara ve g\u00f6rsellere an\u0131nda ula\u015f\u0131n.Tuzla Hortum uygulamas\u0131n\u0131 hemen indirin.","rel":"","context":"Similar post","block_context":{"text":"Similar post","link":""},"img":{"alt_text":"","src":"","width":0,"height":0},"classes":[]},{"id":30,"url":"https:\/\/tuzlahortum.com.tr\/en\/elements\/video-button\/","url_meta":{"origin":29,"position":2},"title":"Video Button","author":"admin","date":"15 June 2016","format":false,"excerpt":"","rel":"","context":"Similar post","block_context":{"text":"Similar post","link":""},"img":{"alt_text":"","src":"","width":0,"height":0},"classes":[]},{"id":1217,"url":"https:\/\/tuzlahortum.com.tr\/en\/satis-danismanlarimiz\/","url_meta":{"origin":29,"position":3},"title":"Our Sales Consultants","author":"admin","date":"7 February 2019","format":false,"excerpt":"Our sales consultants All our consultants will do their best to provide you with the best service. If you request, your company can be visited or your facility can be examined and consultancy can be provided on the use of the right product. Tel: 0 216 493 53 53 (pbx)","rel":"","context":"Similar post","block_context":{"text":"Similar post","link":""},"img":{"alt_text":"","src":"","width":0,"height":0},"classes":[]},{"id":41,"url":"https:\/\/tuzlahortum.com.tr\/en\/elements\/logo\/","url_meta":{"origin":29,"position":4},"title":"Logo","author":"admin","date":"31 March 2016","format":false,"excerpt":"","rel":"","context":"Similar post","block_context":{"text":"Similar post","link":""},"img":{"alt_text":"","src":"","width":0,"height":0},"classes":[]},{"id":12928,"url":"https:\/\/tuzlahortum.com.tr\/en\/qr-welcome\/","url_meta":{"origin":29,"position":5},"title":"Q.R.","author":"admin","date":"29 September 2023","format":false,"excerpt":"","rel":"","context":"Similar post","block_context":{"text":"Similar post","link":""},"img":{"alt_text":"","src":"","width":0,"height":0},"classes":[]}],"jetpack_sharing_enabled":true,"jetpack_likes_enabled":true,"_links":{"self":[{"href":"https:\/\/tuzlahortum.com.tr\/en\/wp-json\/wp\/v2\/pages\/29","targetHints":{"allow":["GET"]}}],"collection":[{"href":"https:\/\/tuzlahortum.com.tr\/en\/wp-json\/wp\/v2\/pages"}],"about":[{"href":"https:\/\/tuzlahortum.com.tr\/en\/wp-json\/wp\/v2\/types\/page"}],"author":[{"embeddable":true,"href":"https:\/\/tuzlahortum.com.tr\/en\/wp-json\/wp\/v2\/users\/1"}],"replies":[{"embeddable":true,"href":"https:\/\/tuzlahortum.com.tr\/en\/wp-json\/wp\/v2\/comments?post=29"}],"version-history":[{"count":0,"href":"https:\/\/tuzlahortum.com.tr\/en\/wp-json\/wp\/v2\/pages\/29\/revisions"}],"up":[{"embeddable":true,"href":"https:\/\/tuzlahortum.com.tr\/en\/wp-json\/wp\/v2\/pages\/93"}],"wp:attachment":[{"href":"https:\/\/tuzlahortum.com.tr\/en\/wp-json\/wp\/v2\/media?parent=29"}],"curies":[{"name":"wp","href":"https:\/\/api.w.org\/{rel}","templated":true}]}}