{"id":23074,"date":"2025-09-30T17:30:39","date_gmt":"2025-09-30T14:30:39","guid":{"rendered":"https:\/\/tuzlahortum.com.tr\/?page_id=23074"},"modified":"2025-09-30T17:34:16","modified_gmt":"2025-09-30T14:34:16","slug":"cok-yakinda","status":"publish","type":"page","link":"https:\/\/tuzlahortum.com.tr\/en\/cok-yakinda\/","title":{"rendered":"Coming soon"},"content":{"rendered":"<p>Be the first to know. Leave your email<\/p>\n\n\n\n\n<div class=\"wpcf7 no-js\" id=\"wpcf7-f23053-o1\" lang=\"en-US\" dir=\"ltr\" data-wpcf7-id=\"23053\">\n<div class=\"screen-reader-response\"><p role=\"status\" aria-live=\"polite\" aria-atomic=\"true\"><\/p> <ul><\/ul><\/div>\n<form action=\"\/en\/wp-json\/wp\/v2\/pages\/23074#wpcf7-f23053-o1\" method=\"post\" class=\"wpcf7-form init\" aria-label=\"contact form\" novalidate=\"novalidate\" data-status=\"init\" data-trp-original-action=\"\/en\/wp-json\/wp\/v2\/pages\/23074#wpcf7-f23053-o1\">\n<fieldset class=\"hidden-fields-container\"><input type=\"hidden\" name=\"_wpcf7\" value=\"23053\" \/><input type=\"hidden\" name=\"_wpcf7_version\" value=\"6.1.5\" \/><input type=\"hidden\" name=\"_wpcf7_locale\" value=\"en_US\" \/><input type=\"hidden\" name=\"_wpcf7_unit_tag\" value=\"wpcf7-f23053-o1\" \/><input type=\"hidden\" name=\"_wpcf7_container_post\" value=\"0\" \/><input type=\"hidden\" name=\"_wpcf7_posted_data_hash\" value=\"\" \/><input type=\"hidden\" name=\"_wpcf7_recaptcha_response\" value=\"\" \/>\n<\/fieldset>\n<p><span class=\"wpcf7-form-control-wrap\" data-name=\"your-name\"><input size=\"40\" maxlength=\"400\" class=\"wpcf7-form-control wpcf7-text wpcf7-validates-as-required\" aria-required=\"true\" aria-invalid=\"false\" placeholder=\"Your Name\" value=\"\" type=\"text\" name=\"your-name\" \/><\/span><br \/>\n<span class=\"wpcf7-form-control-wrap\" data-name=\"your-email\"><input size=\"40\" maxlength=\"400\" class=\"wpcf7-form-control wpcf7-email wpcf7-validates-as-required wpcf7-text wpcf7-validates-as-email\" aria-required=\"true\" aria-invalid=\"false\" placeholder=\"Your e-mail address\" value=\"\" type=\"email\" name=\"your-email\" \/><\/span><br \/>\n<span class=\"wpcf7-form-control-wrap\" data-name=\"acceptance\"><span class=\"wpcf7-form-control wpcf7-checkbox wpcf7-validates-as-required\"><span class=\"wpcf7-list-item first last\"><label><input type=\"checkbox\" name=\"acceptance[]\" value=\"KVKK\/GDPR ileti almay\u0131 kabul ediyorum.\" \/><span class=\"wpcf7-list-item-label\">I agree to receive KVKK\/GDPR messages.<\/span><\/label><\/span><\/span><\/span><br \/>\n<input class=\"wpcf7-form-control wpcf7-submit has-spinner\" type=\"submit\" value=\"Keep Informed\" \/>\n<\/p><p style=\"display: none !important;\" class=\"akismet-fields-container\" data-prefix=\"_wpcf7_ak_\"><label>\u0394<textarea name=\"_wpcf7_ak_hp_textarea\" cols=\"45\" rows=\"8\" maxlength=\"100\"><\/textarea><\/label><input type=\"hidden\" id=\"ak_js_1\" name=\"_wpcf7_ak_js\" value=\"38\"\/><script data-jetpack-boost=\"ignore\">document.getElementById( \"ak_js_1\" ).setAttribute( \"value\", ( new Date() ).getTime() );<\/script><\/p><div class=\"wpcf7-response-output\" aria-hidden=\"true\"><\/div>\n<input type=\"hidden\" name=\"trp-form-language\" value=\"en\"\/><\/form>\n<\/div>\n\n\n\n\n<p><\/p>","protected":false},"excerpt":{"rendered":"<p>Be the first to know. Leave your email<\/p>","protected":false},"author":1,"featured_media":0,"parent":0,"menu_order":0,"comment_status":"closed","ping_status":"closed","template":"","meta":{"jetpack_post_was_ever_published":false,"footnotes":""},"class_list":["post-23074","page","type-page","status-publish","hentry"],"jetpack-related-posts":[{"id":36,"url":"https:\/\/tuzlahortum.com.tr\/en\/elements\/forms\/","url_meta":{"origin":23074,"position":0},"title":"Forms","author":"admin","date":"31 March 2016","format":false,"excerpt":"","rel":"","context":"Similar post","block_context":{"text":"Similar post","link":""},"img":{"alt_text":"","src":"","width":0,"height":0},"classes":[]},{"id":11112,"url":"https:\/\/tuzlahortum.com.tr\/en\/hortum-secimi\/","url_meta":{"origin":23074,"position":1},"title":"Hose Selection","author":"admin","date":"22 April 2020","format":false,"excerpt":"","rel":"","context":"Similar post","block_context":{"text":"Similar post","link":""},"img":{"alt_text":"","src":"","width":0,"height":0},"classes":[]},{"id":84,"url":"https:\/\/tuzlahortum.com.tr\/en\/iletisim2\/","url_meta":{"origin":23074,"position":2},"title":"Communication 2","author":"admin","date":"11 August 2013","format":false,"excerpt":"\u00a0","rel":"","context":"Similar post","block_context":{"text":"Similar post","link":""},"img":{"alt_text":"","src":"","width":0,"height":0},"classes":[]},{"id":87,"url":"https:\/\/tuzlahortum.com.tr\/en\/elements\/map\/","url_meta":{"origin":23074,"position":3},"title":"Map","author":"admin","date":"11 August 2013","format":false,"excerpt":"","rel":"","context":"Similar post","block_context":{"text":"Similar post","link":""},"img":{"alt_text":"","src":"","width":0,"height":0},"classes":[]},{"id":44,"url":"https:\/\/tuzlahortum.com.tr\/en\/elements\/scroll-to\/","url_meta":{"origin":23074,"position":4},"title":"Scroll To","author":"admin","date":"31 March 2016","format":false,"excerpt":"","rel":"","context":"Similar post","block_context":{"text":"Similar post","link":""},"img":{"alt_text":"","src":"","width":0,"height":0},"classes":[]},{"id":23246,"url":"https:\/\/tuzlahortum.com.tr\/en\/turkiyenin-ilk-mobil-hortum-katalogu\/","url_meta":{"origin":23074,"position":5},"title":"Turkey's first Mobile Hose Catalog","author":"admin","date":"27 October 2025","format":false,"excerpt":"Ak\u0131ll\u0131 arama, teknik filtreler ve interaktif katalog yap\u0131s\u0131yla hortum d\u00fcnyas\u0131 dijitalle\u015fti.T\u00fcm \u00fcr\u00fcn verilerine, standartlara ve g\u00f6rsellere an\u0131nda ula\u015f\u0131n.Tuzla Hortum uygulamas\u0131n\u0131 hemen indirin.","rel":"","context":"Similar post","block_context":{"text":"Similar post","link":""},"img":{"alt_text":"","src":"","width":0,"height":0},"classes":[]}],"jetpack_sharing_enabled":true,"jetpack_likes_enabled":true,"_links":{"self":[{"href":"https:\/\/tuzlahortum.com.tr\/en\/wp-json\/wp\/v2\/pages\/23074","targetHints":{"allow":["GET"]}}],"collection":[{"href":"https:\/\/tuzlahortum.com.tr\/en\/wp-json\/wp\/v2\/pages"}],"about":[{"href":"https:\/\/tuzlahortum.com.tr\/en\/wp-json\/wp\/v2\/types\/page"}],"author":[{"embeddable":true,"href":"https:\/\/tuzlahortum.com.tr\/en\/wp-json\/wp\/v2\/users\/1"}],"replies":[{"embeddable":true,"href":"https:\/\/tuzlahortum.com.tr\/en\/wp-json\/wp\/v2\/comments?post=23074"}],"version-history":[{"count":2,"href":"https:\/\/tuzlahortum.com.tr\/en\/wp-json\/wp\/v2\/pages\/23074\/revisions"}],"predecessor-version":[{"id":23076,"href":"https:\/\/tuzlahortum.com.tr\/en\/wp-json\/wp\/v2\/pages\/23074\/revisions\/23076"}],"wp:attachment":[{"href":"https:\/\/tuzlahortum.com.tr\/en\/wp-json\/wp\/v2\/media?parent=23074"}],"curies":[{"name":"wp","href":"https:\/\/api.w.org\/{rel}","templated":true}]}}