{"id":23019,"date":"2025-09-30T10:07:02","date_gmt":"2025-09-30T07:07:02","guid":{"rendered":"https:\/\/tuzlahortum.com.tr\/?page_id=23019"},"modified":"2025-09-30T16:15:40","modified_gmt":"2025-09-30T13:15:40","slug":"kalite-politikamiz","status":"publish","type":"page","link":"https:\/\/tuzlahortum.com.tr\/en\/kalite-politikamiz\/","title":{"rendered":"Our Quality Policy"},"content":{"rendered":"<h2 class=\"wp-block-heading\">Our Quality Policy<\/h2>\n\n\n\n<p><em>Tuzla Hose <\/em><em>o<\/em><em>as <\/em><em>k<\/em><em>ality policy and promises are as follows:<\/em><\/p>\n\n\n\n<ul class=\"wp-block-list\">\n<li><em>To meet the needs and expectations of our stakeholders with the participation and efforts of all our employees,<\/em><\/li>\n\n\n\n<li><em>To comply with the requirements of the quality management system by taking into account environmental factors and occupational safety rules and to ensure continuous improvement,<\/em><\/li>\n\n\n\n<li><em>To fulfill legal requirements by keeping our quality standards at the highest level; to be a pioneering and innovative company by providing services in accordance with national and international standards,<\/em><\/li>\n\n\n\n<li><em>To maximize the satisfaction of both our employees and beneficiaries while providing services within the framework of the legislation,<\/em><\/li>\n\n\n\n<li><em>To ensure that our employees receive trainings that will improve the quality of the services they provide and develop their personal skills,<\/em><\/li>\n\n\n\n<li><em>To meet customer needs in accordance with all relevant primary and secondary legislation requirements,<\/em><\/li>\n\n\n\n<li><em>To continuously increase customer satisfaction by managing risks and opportunities that may affect the delivery and appropriateness of services,<\/em><\/li>\n\n\n\n<li><em>To ensure that customer satisfaction is increased and sustained,<\/em><\/li>\n\n\n\n<li><em>To support environmental sustainability, to continue to work against climate change in an environmentally sensitive and socially responsible manner,<\/em><\/li>\n\n\n\n<li><em>To prefer environmentally friendly products in our activities and to pay attention to the use of recyclable products,<\/em><\/li>\n\n\n\n<li><em>It is the most important duty of all of us to achieve total quality in the most economical, fast and reliable way, to gain the trust of all segments we serve, to make this trust sustainable and to continuously improve it.<\/em><\/li>\n<\/ul>","protected":false},"excerpt":{"rendered":"<p>Our Quality Policy As Tuzla Hose, our quality policy and promises are as follows:<\/p>","protected":false},"author":1,"featured_media":0,"parent":0,"menu_order":0,"comment_status":"closed","ping_status":"closed","template":"","meta":{"jetpack_post_was_ever_published":false,"footnotes":""},"class_list":["post-23019","page","type-page","status-publish","hentry"],"jetpack-related-posts":[{"id":12928,"url":"https:\/\/tuzlahortum.com.tr\/en\/qr-welcome\/","url_meta":{"origin":23019,"position":0},"title":"Q.R.","author":"admin","date":"29 September 2023","format":false,"excerpt":"","rel":"","context":"Similar post","block_context":{"text":"Similar post","link":""},"img":{"alt_text":"","src":"","width":0,"height":0},"classes":[]},{"id":23246,"url":"https:\/\/tuzlahortum.com.tr\/en\/turkiyenin-ilk-mobil-hortum-katalogu\/","url_meta":{"origin":23019,"position":1},"title":"Turkey's first Mobile Hose Catalog","author":"admin","date":"27 October 2025","format":false,"excerpt":"Ak\u0131ll\u0131 arama, teknik filtreler ve interaktif katalog yap\u0131s\u0131yla hortum d\u00fcnyas\u0131 dijitalle\u015fti.T\u00fcm \u00fcr\u00fcn verilerine, standartlara ve g\u00f6rsellere an\u0131nda ula\u015f\u0131n.Tuzla Hortum uygulamas\u0131n\u0131 hemen indirin.","rel":"","context":"Similar post","block_context":{"text":"Similar post","link":""},"img":{"alt_text":"","src":"","width":0,"height":0},"classes":[]},{"id":94,"url":"https:\/\/tuzlahortum.com.tr\/en\/","url_meta":{"origin":23019,"position":2},"title":"Flood Hoses","author":"admin","date":"6 August 2013","format":false,"excerpt":"","rel":"","context":"Similar post","block_context":{"text":"Similar post","link":""},"img":{"alt_text":"","src":"","width":0,"height":0},"classes":[]},{"id":86,"url":"https:\/\/tuzlahortum.com.tr\/en\/hakkimizda\/","url_meta":{"origin":23019,"position":3},"title":"ABOUT US","author":"admin","date":"11 August 2013","format":false,"excerpt":"","rel":"","context":"Similar post","block_context":{"text":"Similar post","link":""},"img":{"alt_text":"","src":"","width":0,"height":0},"classes":[]},{"id":1217,"url":"https:\/\/tuzlahortum.com.tr\/en\/satis-danismanlarimiz\/","url_meta":{"origin":23019,"position":4},"title":"Our Sales Consultants","author":"admin","date":"7 February 2019","format":false,"excerpt":"Our sales consultants All our consultants will do their best to provide you with the best service. If you request, your company can be visited or your facility can be examined and consultancy can be provided on the use of the right product. Tel: 0 216 493 53 53 (pbx)","rel":"","context":"Similar post","block_context":{"text":"Similar post","link":""},"img":{"alt_text":"","src":"","width":0,"height":0},"classes":[]},{"id":3,"url":"https:\/\/tuzlahortum.com.tr\/en\/gizlilik-politikasi\/","url_meta":{"origin":23019,"position":5},"title":"Privacy Policy","author":"admin","date":"5 February 2019","format":false,"excerpt":"Biz kimiz Web sitemizin adresi: http:\/\/hortum.com.tr. Hangi ki\u015fisel bilgileri ne ama\u00e7la topluyoruz Yorumlar Ziyaret\u00e7iler sitede yorum b\u0131rakt\u0131\u011f\u0131nda yorum formunda g\u00f6sterilen verileri ve ayr\u0131ca istenmeyen yorum tespitine yard\u0131mc\u0131 olmak i\u00e7in ziyaret\u00e7inin IP adresi ve taray\u0131c\u0131 bilgisi metnini de toplar\u0131z. E-posta adresinizden olu\u015fturulmu\u015f anonimle\u015ftirilmi\u015f bir metin (hash olarak da adland\u0131r\u0131l\u0131r) Gravatar hizmetine,\u2026","rel":"","context":"Similar post","block_context":{"text":"Similar post","link":""},"img":{"alt_text":"","src":"","width":0,"height":0},"classes":[]}],"jetpack_sharing_enabled":true,"jetpack_likes_enabled":true,"_links":{"self":[{"href":"https:\/\/tuzlahortum.com.tr\/en\/wp-json\/wp\/v2\/pages\/23019","targetHints":{"allow":["GET"]}}],"collection":[{"href":"https:\/\/tuzlahortum.com.tr\/en\/wp-json\/wp\/v2\/pages"}],"about":[{"href":"https:\/\/tuzlahortum.com.tr\/en\/wp-json\/wp\/v2\/types\/page"}],"author":[{"embeddable":true,"href":"https:\/\/tuzlahortum.com.tr\/en\/wp-json\/wp\/v2\/users\/1"}],"replies":[{"embeddable":true,"href":"https:\/\/tuzlahortum.com.tr\/en\/wp-json\/wp\/v2\/comments?post=23019"}],"version-history":[{"count":3,"href":"https:\/\/tuzlahortum.com.tr\/en\/wp-json\/wp\/v2\/pages\/23019\/revisions"}],"predecessor-version":[{"id":23043,"href":"https:\/\/tuzlahortum.com.tr\/en\/wp-json\/wp\/v2\/pages\/23019\/revisions\/23043"}],"wp:attachment":[{"href":"https:\/\/tuzlahortum.com.tr\/en\/wp-json\/wp\/v2\/media?parent=23019"}],"curies":[{"name":"wp","href":"https:\/\/api.w.org\/{rel}","templated":true}]}}