{"id":2,"date":"2019-02-05T15:07:59","date_gmt":"2019-02-05T12:07:59","guid":{"rendered":"http:\/\/hortum.com.tr\/?page_id=2"},"modified":"2019-02-05T15:07:59","modified_gmt":"2019-02-05T12:07:59","slug":"ornek-sayfa","status":"publish","type":"page","link":"https:\/\/tuzlahortum.com.tr\/en\/ornek-sayfa\/","title":{"rendered":"\u00d6rnek sayfa"},"content":{"rendered":"<p>This is an example page. It&#039;s different from a blog post because it stays fixed in a certain place and your theme&#039;s title is displayed in your navigation menu (most themes support it). Many people use an About page to welcome their potential visitors. A page that looks like this:<\/p>\n\n\n\n<blockquote class=\"wp-block-quote is-layout-flow wp-block-quote-is-layout-flow\"><p>Hello! I&#039;m a bike courier by day and an aspiring actor by night, and this is my site. I live in Istanbul, I have a wonderful dog named B\u0131d\u0131k, and I love drinking pi\u00f1a coladas. (And getting caught in the rain.)<\/p><\/blockquote>\n\n\n\n<p>\u2026or something like this:<\/p>\n\n\n\n<blockquote class=\"wp-block-quote is-layout-flow wp-block-quote-is-layout-flow\"><p>Company XYZ was founded in 1971 and has been producing quality items since its inception. XYZ company, located in Gotham City, is trying to do everything best for Gotham City with its more than 2,000 employees.<\/p><\/blockquote>\n\n\n\n<p>As a new WordPress user, first of all <a href=\"http:\/\/hortum.com.tr\/wp-admin\/\" target=\"_blank\" rel=\"noopener\">to the start page<\/a> You should go to delete this page and create your own pages. Enjoy!<\/p>","protected":false},"excerpt":{"rendered":"<p>Bu \u00f6rnek bir sayfad\u0131r. Bir blog yaz\u0131s\u0131ndan farkl\u0131d\u0131r \u00e7\u00fcnk\u00fc belirli bir yerde sabit olarak kal\u0131r ve teman\u0131z\u0131n dola\u015f\u0131m men\u00fcs\u00fcnde ba\u015fl\u0131\u011f\u0131 g\u00f6r\u00fcnt\u00fclenir(\u00e7o\u011fu tema destekler). Bir \u00e7ok insan potansiyel ziyaret\u00e7ilerini kar\u015f\u0131lamak ad\u0131na bir Hakk\u0131nda sayfas\u0131 kullan\u0131r. \u015euna benzeyen bir sayfa: Merhaba! G\u00fcnd\u00fczleri bisikletli kurye, geceleri ise hevesli bir akt\u00f6r\u00fcm, buras\u0131 da benim sitem. \u0130stanbul&#8217;da ya\u015f\u0131yorum, B\u0131d\u0131k isminde [&#8230;]\n","protected":false},"author":1,"featured_media":0,"parent":0,"menu_order":0,"comment_status":"closed","ping_status":"open","template":"","meta":{"jetpack_post_was_ever_published":false,"footnotes":""},"class_list":["post-2","page","type-page","status-publish","hentry"],"jetpack-related-posts":[{"id":70,"url":"https:\/\/tuzlahortum.com.tr\/en\/elements\/lightbox\/","url_meta":{"origin":2,"position":0},"title":"Lightbox","author":"admin","date":"20 December 2013","format":false,"excerpt":"","rel":"","context":"Similar post","block_context":{"text":"Similar post","link":""},"img":{"alt_text":"","src":"","width":0,"height":0},"classes":[]},{"id":91,"url":"https:\/\/tuzlahortum.com.tr\/en\/elements\/blog-posts\/","url_meta":{"origin":2,"position":1},"title":"Blog Posts","author":"admin","date":"11 August 2013","format":false,"excerpt":"","rel":"","context":"Similar post","block_context":{"text":"Similar post","link":""},"img":{"alt_text":"","src":"","width":0,"height":0},"classes":[]},{"id":43,"url":"https:\/\/tuzlahortum.com.tr\/en\/elements\/pages\/","url_meta":{"origin":2,"position":2},"title":"Pages","author":"admin","date":"31 March 2016","format":false,"excerpt":"","rel":"","context":"Similar post","block_context":{"text":"Similar post","link":""},"img":{"alt_text":"","src":"","width":0,"height":0},"classes":[]},{"id":41,"url":"https:\/\/tuzlahortum.com.tr\/en\/elements\/logo\/","url_meta":{"origin":2,"position":3},"title":"Logo","author":"admin","date":"31 March 2016","format":false,"excerpt":"","rel":"","context":"Similar post","block_context":{"text":"Similar post","link":""},"img":{"alt_text":"","src":"","width":0,"height":0},"classes":[]},{"id":75,"url":"https:\/\/tuzlahortum.com.tr\/en\/elements\/products\/","url_meta":{"origin":2,"position":4},"title":"Products","author":"admin","date":"18 August 2013","format":false,"excerpt":"","rel":"","context":"Similar post","block_context":{"text":"Similar post","link":""},"img":{"alt_text":"","src":"","width":0,"height":0},"classes":[]},{"id":30,"url":"https:\/\/tuzlahortum.com.tr\/en\/elements\/video-button\/","url_meta":{"origin":2,"position":5},"title":"Video Button","author":"admin","date":"15 June 2016","format":false,"excerpt":"","rel":"","context":"Similar post","block_context":{"text":"Similar post","link":""},"img":{"alt_text":"","src":"","width":0,"height":0},"classes":[]}],"jetpack_sharing_enabled":true,"jetpack_likes_enabled":true,"_links":{"self":[{"href":"https:\/\/tuzlahortum.com.tr\/en\/wp-json\/wp\/v2\/pages\/2","targetHints":{"allow":["GET"]}}],"collection":[{"href":"https:\/\/tuzlahortum.com.tr\/en\/wp-json\/wp\/v2\/pages"}],"about":[{"href":"https:\/\/tuzlahortum.com.tr\/en\/wp-json\/wp\/v2\/types\/page"}],"author":[{"embeddable":true,"href":"https:\/\/tuzlahortum.com.tr\/en\/wp-json\/wp\/v2\/users\/1"}],"replies":[{"embeddable":true,"href":"https:\/\/tuzlahortum.com.tr\/en\/wp-json\/wp\/v2\/comments?post=2"}],"version-history":[{"count":0,"href":"https:\/\/tuzlahortum.com.tr\/en\/wp-json\/wp\/v2\/pages\/2\/revisions"}],"wp:attachment":[{"href":"https:\/\/tuzlahortum.com.tr\/en\/wp-json\/wp\/v2\/media?parent=2"}],"curies":[{"name":"wp","href":"https:\/\/api.w.org\/{rel}","templated":true}]}}