{"id":992,"date":"2019-02-07T00:04:11","date_gmt":"2019-02-06T21:04:11","guid":{"rendered":"http:\/\/hortum.com.tr\/product\/import-placeholder-for-434\/"},"modified":"2024-03-21T17:39:43","modified_gmt":"2024-03-21T14:39:43","slug":"amerikan-disi-rekorlar","status":"publish","type":"product","link":"https:\/\/tuzlahortum.com.tr\/ar\/product\/amerikan-disi-rekorlar\/","title":{"rendered":"\u0633\u062c\u0644\u0627\u062a \u0627\u0644\u0625\u0646\u0627\u062b \u0627\u0644\u0623\u0645\u0631\u064a\u0643\u064a\u0629"},"content":{"rendered":"<h2>\u0633\u062c\u0644\u0627\u062a \u0627\u0644\u0625\u0646\u0627\u062b \u0627\u0644\u0623\u0645\u0631\u064a\u0643\u064a\u0629<\/h2>","protected":false},"excerpt":{"rendered":"<p>\u0633\u062c\u0644\u0627\u062a \u0627\u0644\u0625\u0646\u0627\u062b \u0627\u0644\u0623\u0645\u0631\u064a\u0643\u064a\u0629<\/p>","protected":false},"featured_media":3012,"comment_status":"open","ping_status":"closed","template":"","meta":[],"product_brand":[],"product_cat":[125],"product_tag":[289,1275,257,252,256,254],"class_list":{"0":"post-992","1":"product","2":"type-product","3":"status-publish","4":"has-post-thumbnail","6":"product_cat-amerikan-tip-yangin-rekorlari","7":"product_tag-amerikan","8":"product_tag-amerikan-disi-rekor","9":"product_tag-disi","10":"product_tag-rekor","11":"product_tag-yangin","12":"product_tag-yangin-rekoru","14":"first","15":"instock","16":"taxable","17":"shipping-taxable","18":"product-type-variable"},"jetpack-related-posts":[{"id":523,"url":"https:\/\/tuzlahortum.com.tr\/ar\/product\/alman-aluminyum-tipi-disi-rekor\/","url_meta":{"origin":992,"position":0},"title":"\u0627\u062a\u062d\u0627\u062f \u0646\u0633\u0627\u0626\u064a \u0623\u0644\u0645\u0646\u064a\u0648\u0645 \u0645\u0646 \u0627\u0644\u0646\u0648\u0639 \u0627\u0644\u0623\u0644\u0645\u0627\u0646\u064a","author":"admin","date":"6 \u0641\u0628\u0631\u0627\u064a\u0631 2019","format":false,"excerpt":"\u0627\u062a\u062d\u0627\u062f \u0646\u0633\u0627\u0626\u064a \u0623\u0644\u0645\u0646\u064a\u0648\u0645 \u0645\u0646 \u0627\u0644\u0646\u0648\u0639 \u0627\u0644\u0623\u0644\u0645\u0627\u0646\u064a","rel":"","context":"\u062a\u062f\u0648\u064a\u0646\u0629 \u0645\u0634\u0627\u0628\u0647\u0629","block_context":{"text":"\u062a\u062f\u0648\u064a\u0646\u0629 \u0645\u0634\u0627\u0628\u0647\u0629","link":""},"img":{"alt_text":"","src":"https:\/\/i0.wp.com\/tuzlahortum.com.tr\/wp-content\/uploads\/2019\/02\/Alman-Al%C3%BCminyum-Di%C5%9Fli-Rekorlar.jpg?fit=800%2C600&ssl=1&resize=350%2C200","width":350,"height":200,"srcset":"https:\/\/i0.wp.com\/tuzlahortum.com.tr\/wp-content\/uploads\/2019\/02\/Alman-Al%C3%BCminyum-Di%C5%9Fli-Rekorlar.jpg?fit=800%2C600&ssl=1&resize=350%2C200 1x, https:\/\/i0.wp.com\/tuzlahortum.com.tr\/wp-content\/uploads\/2019\/02\/Alman-Al%C3%BCminyum-Di%C5%9Fli-Rekorlar.jpg?fit=800%2C600&ssl=1&resize=525%2C300 1.5x, https:\/\/i0.wp.com\/tuzlahortum.com.tr\/wp-content\/uploads\/2019\/02\/Alman-Al%C3%BCminyum-Di%C5%9Fli-Rekorlar.jpg?fit=800%2C600&ssl=1&resize=700%2C400 2x"},"classes":[]},{"id":875,"url":"https:\/\/tuzlahortum.com.tr\/ar\/product\/hava-jak-cesitleri-erkek-disigovde-uc\/","url_meta":{"origin":992,"position":1},"title":"\u0623\u0646\u0648\u0627\u0639 \u062c\u0627\u0643 \u0627\u0644\u0647\u0648\u0627\u0621 (\u0630\u0643\u0631 - \u0623\u0646\u062b\u0649 \u060c \u0637\u0631\u0641 \u0627\u0644\u062c\u0633\u0645)","author":"admin","date":"6 \u0641\u0628\u0631\u0627\u064a\u0631 2019","format":false,"excerpt":"Hava Jak \u00c7e\u015fitleri (Erkek-Di\u015fi,G\u00f6vde-U\u00e7)PN25 Serisi Pn\u00f6matik Otomatik Rekorlar bas\u0131n\u00e7 alt\u0131nda tek elle s\u00f6k\u00fcl\u00fcp tak\u0131labilme \u00f6zelli\u011fine sahiptir. PN25 serisinde yaylar krom nikeldir.\u00a0 Pn25 Serisi Pn\u00f6matik Otomatik Rekorlar, sa\u011flam ve dayan\u0131kl\u0131 yap\u0131lar\u0131, y\u00fcksek hava ak\u0131m kapasiteleri ve kullan\u0131m kolayl\u0131\u011f\u0131 sayesinde t\u00fcm sanayide bas\u0131n\u00e7l\u0131 hava hatlar\u0131nda g\u00fcvenle kullan\u0131lmaktad\u0131r. Uyumluluk Rectus 26 (Avrupa Standard\u0131)\u2026","rel":"","context":"\u062a\u062f\u0648\u064a\u0646\u0629 \u0645\u0634\u0627\u0628\u0647\u0629","block_context":{"text":"\u062a\u062f\u0648\u064a\u0646\u0629 \u0645\u0634\u0627\u0628\u0647\u0629","link":""},"img":{"alt_text":"","src":"https:\/\/i0.wp.com\/tuzlahortum.com.tr\/wp-content\/uploads\/2019\/03\/hava-jak-%C3%A7e%C5%9Fitleri.jpg?fit=502%2C570&ssl=1&resize=350%2C200","width":350,"height":200},"classes":[]},{"id":7222,"url":"https:\/\/tuzlahortum.com.tr\/ar\/product\/hava-jak-cesitleri-hortumgovde-uc\/","url_meta":{"origin":992,"position":2},"title":"\u0623\u0646\u0648\u0627\u0639 \u062c\u0627\u0643 \u0627\u0644\u0647\u0648\u0627\u0621 (\u062e\u0631\u0637\u0648\u0645 \u060c \u0646\u0647\u0627\u064a\u0629 \u0627\u0644\u062c\u0633\u0645)","author":"\u0130smail \u00c7elik","date":"8 \u0645\u0627\u0631\u0633 2019","format":false,"excerpt":"Hava Jak \u00c7e\u015fitleri (Hortum,G\u00f6vde-U\u00e7)PN25 Serisi Pn\u00f6matik Otomatik Rekorlar bas\u0131n\u00e7 alt\u0131nda tek elle s\u00f6k\u00fcl\u00fcp tak\u0131labilme \u00f6zelli\u011fine sahiptir. PN25 serisinde yaylar krom nikeldir.\u00a0 Pn25 Serisi Pn\u00f6matik Otomatik Rekorlar, sa\u011flam ve dayan\u0131kl\u0131 yap\u0131lar\u0131, y\u00fcksek hava ak\u0131m kapasiteleri ve kullan\u0131m kolayl\u0131\u011f\u0131 sayesinde t\u00fcm sanayide bas\u0131n\u00e7l\u0131 hava hatlar\u0131nda g\u00fcvenle kullan\u0131lmaktad\u0131r. Uyumluluk Rectus 26 (Avrupa Standard\u0131)\u2026","rel":"","context":"\u062a\u062f\u0648\u064a\u0646\u0629 \u0645\u0634\u0627\u0628\u0647\u0629","block_context":{"text":"\u062a\u062f\u0648\u064a\u0646\u0629 \u0645\u0634\u0627\u0628\u0647\u0629","link":""},"img":{"alt_text":"","src":"https:\/\/i0.wp.com\/tuzlahortum.com.tr\/wp-content\/uploads\/2019\/03\/hava-jak-%C3%A7e%C5%9Fitleri.jpg?fit=502%2C570&ssl=1&resize=350%2C200","width":350,"height":200},"classes":[]},{"id":991,"url":"https:\/\/tuzlahortum.com.tr\/ar\/product\/rus-erkek-rekorlar\/","url_meta":{"origin":992,"position":3},"title":"\u0633\u062c\u0644\u0627\u062a \u0627\u0644\u0631\u062c\u0627\u0644 \u0627\u0644\u0631\u0648\u0633\u064a\u0629","author":"admin","date":"7 \u0641\u0628\u0631\u0627\u064a\u0631 2019","format":false,"excerpt":"\u0633\u062c\u0644\u0627\u062a \u0627\u0644\u0631\u062c\u0627\u0644 \u0627\u0644\u0631\u0648\u0633\u064a\u0629","rel":"","context":"\u062a\u062f\u0648\u064a\u0646\u0629 \u0645\u0634\u0627\u0628\u0647\u0629","block_context":{"text":"\u062a\u062f\u0648\u064a\u0646\u0629 \u0645\u0634\u0627\u0628\u0647\u0629","link":""},"img":{"alt_text":"","src":"https:\/\/i0.wp.com\/tuzlahortum.com.tr\/wp-content\/uploads\/2019\/02\/rus-erkek-rekorlar.jpg?fit=500%2C500&ssl=1&resize=350%2C200","width":350,"height":200},"classes":[]},{"id":601,"url":"https:\/\/tuzlahortum.com.tr\/ar\/product\/disi-pompa-basligi\/","url_meta":{"origin":992,"position":4},"title":"\u062a\u0648\u0635\u064a\u0644 \u0631\u0623\u0633 \u0627\u0644\u0645\u0636\u062e\u0629","author":"admin","date":"6 \u0641\u0628\u0631\u0627\u064a\u0631 2019","format":false,"excerpt":"\u062a\u0648\u0635\u064a\u0644 \u0631\u0623\u0633 \u0627\u0644\u0645\u0636\u062e\u0629","rel":"","context":"\u062a\u062f\u0648\u064a\u0646\u0629 \u0645\u0634\u0627\u0628\u0647\u0629","block_context":{"text":"\u062a\u062f\u0648\u064a\u0646\u0629 \u0645\u0634\u0627\u0628\u0647\u0629","link":""},"img":{"alt_text":"","src":"https:\/\/i0.wp.com\/tuzlahortum.com.tr\/wp-content\/uploads\/2019\/02\/Di%C5%9Fi-Pompa-Ba%C5%9Fl%C4%B1%C4%9F%C4%B1-300x300.jpg?fit=300%2C300&ssl=1&resize=350%2C200","width":350,"height":200},"classes":[]},{"id":8043,"url":"https:\/\/tuzlahortum.com.tr\/ar\/product\/disi-kurtagzi\/","url_meta":{"origin":992,"position":5},"title":"\u0623\u0646\u062b\u0649 \u062a\u062a\u0648\u0627\u0641\u0642","author":"\u0130smail \u00c7elik","date":"13 \u0645\u0627\u0631\u0633 2019","format":false,"excerpt":"\u0623\u0646\u062b\u0649 \u062a\u062a\u0648\u0627\u0641\u0642","rel":"","context":"\u062a\u062f\u0648\u064a\u0646\u0629 \u0645\u0634\u0627\u0628\u0647\u0629","block_context":{"text":"\u062a\u062f\u0648\u064a\u0646\u0629 \u0645\u0634\u0627\u0628\u0647\u0629","link":""},"img":{"alt_text":"","src":"https:\/\/i0.wp.com\/tuzlahortum.com.tr\/wp-content\/uploads\/2019\/03\/di%C5%9Fi-kurta%C4%9Fz%C4%B1.jpg?fit=640%2C480&ssl=1&resize=350%2C200","width":350,"height":200,"srcset":"https:\/\/i0.wp.com\/tuzlahortum.com.tr\/wp-content\/uploads\/2019\/03\/di%C5%9Fi-kurta%C4%9Fz%C4%B1.jpg?fit=640%2C480&ssl=1&resize=350%2C200 1x, https:\/\/i0.wp.com\/tuzlahortum.com.tr\/wp-content\/uploads\/2019\/03\/di%C5%9Fi-kurta%C4%9Fz%C4%B1.jpg?fit=640%2C480&ssl=1&resize=525%2C300 1.5x"},"classes":[]}],"jetpack_sharing_enabled":true,"jetpack_likes_enabled":true,"_links":{"self":[{"href":"https:\/\/tuzlahortum.com.tr\/ar\/wp-json\/wp\/v2\/product\/992","targetHints":{"allow":["GET"]}}],"collection":[{"href":"https:\/\/tuzlahortum.com.tr\/ar\/wp-json\/wp\/v2\/product"}],"about":[{"href":"https:\/\/tuzlahortum.com.tr\/ar\/wp-json\/wp\/v2\/types\/product"}],"replies":[{"embeddable":true,"href":"https:\/\/tuzlahortum.com.tr\/ar\/wp-json\/wp\/v2\/comments?post=992"}],"wp:featuredmedia":[{"embeddable":true,"href":"https:\/\/tuzlahortum.com.tr\/ar\/wp-json\/wp\/v2\/media\/3012"}],"wp:attachment":[{"href":"https:\/\/tuzlahortum.com.tr\/ar\/wp-json\/wp\/v2\/media?parent=992"}],"wp:term":[{"taxonomy":"product_brand","embeddable":true,"href":"https:\/\/tuzlahortum.com.tr\/ar\/wp-json\/wp\/v2\/product_brand?post=992"},{"taxonomy":"product_cat","embeddable":true,"href":"https:\/\/tuzlahortum.com.tr\/ar\/wp-json\/wp\/v2\/product_cat?post=992"},{"taxonomy":"product_tag","embeddable":true,"href":"https:\/\/tuzlahortum.com.tr\/ar\/wp-json\/wp\/v2\/product_tag?post=992"}],"curies":[{"name":"\u062f\u0628\u0644\u064a\u0648 \u0628\u064a","href":"https:\/\/api.w.org\/{rel}","templated":true}]}}