{"id":974,"date":"2019-02-07T00:04:06","date_gmt":"2019-02-06T21:04:06","guid":{"rendered":"http:\/\/hortum.com.tr\/product\/import-placeholder-for-322\/"},"modified":"2024-03-21T17:39:49","modified_gmt":"2024-03-21T14:39:49","slug":"yangin-jet-nozulu","status":"publish","type":"product","link":"https:\/\/tuzlahortum.com.tr\/ar\/product\/yangin-jet-nozulu\/","title":{"rendered":"\u0641\u0648\u0647\u0629 \u0627\u0644\u0646\u0627\u0631 \u0627\u0644\u0646\u0641\u0627\u062b\u0629"},"content":{"rendered":"<h2>\u0641\u0648\u0647\u0629 \u0627\u0644\u0646\u0627\u0631 \u0627\u0644\u0646\u0641\u0627\u062b\u0629<\/h2>","protected":false},"excerpt":{"rendered":"<p>\u0641\u0648\u0647\u0629 \u0627\u0644\u0646\u0627\u0631 \u0627\u0644\u0646\u0641\u0627\u062b\u0629<\/p>","protected":false},"featured_media":2936,"comment_status":"open","ping_status":"closed","template":"","meta":{"jetpack_post_was_ever_published":false},"product_brand":[],"product_cat":[120],"product_tag":[1258,924,256,1259],"class_list":{"0":"post-974","1":"product","2":"type-product","3":"status-publish","4":"has-post-thumbnail","6":"product_cat-yangin-lansi","7":"product_tag-jet","8":"product_tag-nozul","9":"product_tag-yangin","10":"product_tag-yangin-jet-nozulu","12":"first","13":"instock","14":"taxable","15":"shipping-taxable","16":"product-type-variable"},"jetpack-related-posts":[{"id":925,"url":"https:\/\/tuzlahortum.com.tr\/ar\/product\/tek-kapi-siva-ustu-cam-kapakli-sulu-sistem\/","url_meta":{"origin":974,"position":0},"title":"\u0628\u0627\u0628 \u0648\u0627\u062d\u062f \u2013 \u0633\u0637\u062d\u064a \u0628\u063a\u0637\u0627\u0621 \u0632\u062c\u0627\u062c\u064a (\u0646\u0638\u0627\u0645 \u0645\u0627\u0626\u064a) (70\u00d765)","author":"admin","date":"6 \u0641\u0628\u0631\u0627\u064a\u0631 2019","format":false,"excerpt":"Tek Kap\u0131 - S\u0131va \u00dcst\u00fc Cam Kapakl\u0131 (Sulu Sistem)(70x65)\u00d6L\u00c7\u00dc 70*651\" TS EN 694 yar\u0131 sert kau\u00e7uk yang\u0131n hortumu1\" jet sprey lans(nozul)\u00a020 MT25 MT30 MT1\" TSE K\u00fcresel Vanal\u0131P\u0130-115P\u0130-116P\u0130-1172\" Yang\u0131n Vanal\u0131 ( 2>1'e D\u00f6n\u00fc\u015ft\u00fcr\u00fcc\u00fcl\u00fc )P\u0130-215P\u0130-216P\u0130-217","rel":"","context":"\u062a\u062f\u0648\u064a\u0646\u0629 \u0645\u0634\u0627\u0628\u0647\u0629","block_context":{"text":"\u062a\u062f\u0648\u064a\u0646\u0629 \u0645\u0634\u0627\u0628\u0647\u0629","link":""},"img":{"alt_text":"","src":"https:\/\/i0.wp.com\/tuzlahortum.com.tr\/wp-content\/uploads\/2019\/03\/s%C4%B1va-alt%C4%B1-cam-kapakl%C4%B1-ekonomik-1.jpg?fit=347%2C408&ssl=1&resize=350%2C200","width":350,"height":200},"classes":[]},{"id":926,"url":"https:\/\/tuzlahortum.com.tr\/ar\/product\/tek-kapi-siva-alti-cam-kapakli-sulu-sistem\/","url_meta":{"origin":974,"position":1},"title":"\u0628\u0627\u0628 \u0648\u0627\u062d\u062f \u2013 \u063a\u0637\u0627\u0621 \u0632\u062c\u0627\u062c\u064a \u063a\u0627\u0626\u0631 (\u0646\u0638\u0627\u0645 \u0627\u0644\u0645\u064a\u0627\u0647) (65\u00d760)","author":"admin","date":"6 \u0641\u0628\u0631\u0627\u064a\u0631 2019","format":false,"excerpt":"\u0628\u0627\u0628 \u0648\u0627\u062d\u062f - \u0645\u0632\u0648\u062f \u0628\u063a\u0637\u0627\u0621 \u0632\u062c\u0627\u062c\u064a \u0645\u062e\u0641\u064a (\u0646\u0638\u0627\u0645 \u0645\u064a\u0627\u0647)(65x60)\n\u0627\u0644\u0645\u0642\u0627\u0633 65*60\n\u062e\u0631\u0637\u0648\u0645 \u062d\u0631\u064a\u0642 \u0645\u0637\u0627\u0637\u064a \u0634\u0628\u0647 \u0635\u0644\u0628 1 \u0628\u0648\u0635\u0629 TS EN 694\n\u0641\u0648\u0647\u0629 \u0631\u0634 1 \u0628\u0648\u0635\u0629 (\u0646\u0627\u0632\u0644)\n20 \u0645\n25 \u0645\n30 \u0645\n\u0635\u0645\u0627\u0645 \u0643\u0631\u0648\u064a 1 \u0628\u0648\u0635\u0629 \u0645\u0639\u062a\u0645\u062f \u0628\u0645\u0648\u0627\u0635\u0641\u0627\u062a \u062a\u0631\u0643\u064a\u0629\nP\u0130-125\nP\u0130-126\nP\u0130-127\n\u0635\u0645\u0627\u0645 \u062d\u0631\u064a\u0642 2 \u0628\u0648\u0635\u0629 (\u0645\u0639 \u0645\u062d\u0648\u0644 \u0645\u0646 2 \u0628\u0648\u0635\u0629 \u0625\u0644\u0649 1 \u0628\u0648\u0635\u0629)\nP\u0130-225\nP\u0130-226\nP\u0130-227","rel":"","context":"\u062a\u062f\u0648\u064a\u0646\u0629 \u0645\u0634\u0627\u0628\u0647\u0629","block_context":{"text":"\u062a\u062f\u0648\u064a\u0646\u0629 \u0645\u0634\u0627\u0628\u0647\u0629","link":""},"img":{"alt_text":"","src":"https:\/\/i0.wp.com\/tuzlahortum.com.tr\/wp-content\/uploads\/2019\/03\/s%C4%B1va-alt%C4%B1-cam-kapakl%C4%B1-ekonomik.jpg?fit=347%2C408&ssl=1&resize=350%2C200","width":350,"height":200},"classes":[]},{"id":952,"url":"https:\/\/tuzlahortum.com.tr\/ar\/product\/tek-kapi-siva-ustu-sac-kapakli-sulu-sistem\/","url_meta":{"origin":974,"position":2},"title":"\u0628\u0627\u0628 \u0648\u0627\u062d\u062f \u2013 \u0633\u0637\u062d\u064a \u0645\u0639 \u063a\u0637\u0627\u0621 (\u0646\u0638\u0627\u0645 \u0645\u0627\u0626\u064a) (70\u00d765)","author":"admin","date":"6 \u0641\u0628\u0631\u0627\u064a\u0631 2019","format":false,"excerpt":"\u0628\u0627\u0628 \u0648\u0627\u062d\u062f - \u0635\u0646\u062f\u0648\u0642 \u062d\u0631\u064a\u0642 \u0633\u0637\u062d\u064a (\u0646\u0638\u0627\u0645 \u0645\u0627\u0626\u064a)(70x65)\u0627\u0644\u0645\u0642\u0627\u0633 70*65\u062e\u0631\u0637\u0648\u0645 \u062d\u0631\u064a\u0642 \u0645\u0637\u0627\u0637\u064a \u0634\u0628\u0647 \u0635\u0644\u0628 1 \u0628\u0648\u0635\u0629 TS EN 694\u0641\u0648\u0647\u0629 \u0631\u0634 \u0646\u0641\u0627\u062b 1 \u0628\u0648\u0635\u062920 \u0645\u062a\u063125 \u0645\u062a\u063130 \u0645\u062a\u0631\u0645\u062d\u0628\u0633 \u0643\u0631\u0648\u064a 1 \u0628\u0648\u0635\u0629 TSE\u0628\u064a-110\u0628\u064a-111\u0628\u064a-112\u0645\u062d \u0628\u0633 \u062d\u0631\u064a\u0642 2 \u0628\u0648\u0635\u0629 (\u0645\u0639 \u0645\u062d\u0648\u0644 2&gt;1)\u0628\u064a-210\u0628\u064a-211\u0628\u064a-212","rel":"","context":"\u062a\u062f\u0648\u064a\u0646\u0629 \u0645\u0634\u0627\u0628\u0647\u0629","block_context":{"text":"\u062a\u062f\u0648\u064a\u0646\u0629 \u0645\u0634\u0627\u0628\u0647\u0629","link":""},"img":{"alt_text":"","src":"https:\/\/i0.wp.com\/tuzlahortum.com.tr\/wp-content\/uploads\/2019\/03\/tek-kap%C4%B1-s%C4%B1va-%C3%BCst%C3%BC-sa%C3%A7-kapakl%C4%B1-sulu.jpg?fit=415%2C489&ssl=1&resize=350%2C200","width":350,"height":200},"classes":[]},{"id":961,"url":"https:\/\/tuzlahortum.com.tr\/ar\/product\/tek-kapi-siva-alti-sac-kapakli-sulu-sistem\/","url_meta":{"origin":974,"position":3},"title":"\u0628\u0627\u0628 \u0648\u0627\u062d\u062f - \u063a\u0637\u0627\u0621 \u0645\u0639\u062f\u0646\u064a \u0645\u062c\u0648\u0641 (\u0646\u0638\u0627\u0645 \u0645\u0627\u0626\u064a) (65\u00d760)","author":"admin","date":"6 \u0641\u0628\u0631\u0627\u064a\u0631 2019","format":false,"excerpt":"Tek Kap\u0131 - S\u0131va Alt\u0131 Sa\u00e7 Kapakl\u0131 (Sulu Sistem)(65x60)\u00d6L\u00c7\u00dc 65*601\" TS EN 694 yar\u0131 sert kau\u00e7uk yang\u0131n hortumu1\" jet sprey lans(nozul)\u00a020 MT25 MT30 MT1\" TSE K\u00fcresel Vanal\u0131P\u0130-120P\u0130-121P\u0130-1222\" Yang\u0131n Vanal\u0131 ( 2>1'e D\u00f6n\u00fc\u015ft\u00fcr\u00fcc\u00fcl\u00fc )P\u0130-220P\u0130-221P\u0130-222","rel":"","context":"\u062a\u062f\u0648\u064a\u0646\u0629 \u0645\u0634\u0627\u0628\u0647\u0629","block_context":{"text":"\u062a\u062f\u0648\u064a\u0646\u0629 \u0645\u0634\u0627\u0628\u0647\u0629","link":""},"img":{"alt_text":"","src":"https:\/\/i0.wp.com\/tuzlahortum.com.tr\/wp-content\/uploads\/2019\/03\/tek-kap%C4%B1-s%C4%B1va-alt%C4%B1-sa%C3%A7-kapakl%C4%B1-sulu.jpg?fit=414%2C475&ssl=1&resize=350%2C200","width":350,"height":200},"classes":[]},{"id":780,"url":"https:\/\/tuzlahortum.com.tr\/ar\/product\/tek-kapi-siva-ustu-sac-kapakli-kuru-sistem\/","url_meta":{"origin":974,"position":4},"title":"\u0628\u0627\u0628 \u0648\u0627\u062d\u062f \u2013 \u0645\u062b\u0628\u062a \u0639\u0644\u0649 \u0627\u0644\u0633\u0637\u062d \u0628\u063a\u0637\u0627\u0621 \u0648\u0631\u0642\u064a (\u0627\u0644\u0646\u0638\u0627\u0645 \u0627\u0644\u062c\u0627\u0641) (70\u00d765)","author":"admin","date":"6 \u0641\u0628\u0631\u0627\u064a\u0631 2019","format":false,"excerpt":"\u0628\u0627\u0628 \u0648\u0627\u062d\u062f - \u0628\u063a\u0637\u0627\u0621 \u0645\u0639\u062f\u0646\u064a \u0645\u0631\u0643\u0628 \u0641\u0648\u0642 \u0627\u0644\u062c\u0635 (\u0646\u0638\u0627\u0645 \u062c\u0627\u0641) (70x65)\n\u0627\u0644\u0645\u0642\u0627\u0633 70*65\n\u062e\u0631\u0637\u0648\u0645 \u062d\u0631\u064a\u0642 \u0645\u0637\u0627\u0637\u064a \u0646\u0635\u0641 \u0635\u0644\u0628 1 \u0628\u0648\u0635\u0629 TS EN 694\n\u0641\u0648\u0647\u0629 \u0628\u062e\u0627\u062e 1 \u0628\u0648\u0635\u0629\n20 \u0645\u062a\u0631 25 \u0645\u062a\u0631 30 \u0645\u062a\u0631\n\u0635\u0645\u0627\u0645 \u0643\u0631\u0648\u064a 1 \u0628\u0648\u0635\u0629 TSE PI-110 PI-111 PI-112\n\u0635\u0645\u0627\u0645 \u062d\u0631\u064a\u0642 2 \u0628\u0648\u0635\u0629 (\u0645\u0639 \u0645\u062d\u0648\u0644 \u0645\u0646 2 \u0625\u0644\u0649 1 \u0628\u0648\u0635\u0629) PI-210 PI-211 PI-212 \u00a0","rel":"","context":"\u062a\u062f\u0648\u064a\u0646\u0629 \u0645\u0634\u0627\u0628\u0647\u0629","block_context":{"text":"\u062a\u062f\u0648\u064a\u0646\u0629 \u0645\u0634\u0627\u0628\u0647\u0629","link":""},"img":{"alt_text":"","src":"https:\/\/i0.wp.com\/tuzlahortum.com.tr\/wp-content\/uploads\/2019\/03\/Tek-Kap%C4%B1-S%C4%B1va-%C3%9Cst%C3%BC-Sa%C3%A7-Kapakl%C4%B1-Kuru-Sistem.jpg?fit=417%2C486&ssl=1&resize=350%2C200","width":350,"height":200},"classes":[]},{"id":973,"url":"https:\/\/tuzlahortum.com.tr\/ar\/product\/plastik-sis-nozulu\/","url_meta":{"origin":974,"position":5},"title":"\u0641\u0648\u0647\u0629 \u0636\u0628\u0627\u0628 \u0628\u0644\u0627\u0633\u062a\u064a\u0643\u064a\u0629 (\u0627\u062a\u062d\u0627\u062f \u0623\u0635\u0641\u0631)","author":"admin","date":"7 \u0641\u0628\u0631\u0627\u064a\u0631 2019","format":false,"excerpt":"\u0641\u0648\u0647\u0629 \u0636\u0628\u0627\u0628 \u0628\u0644\u0627\u0633\u062a\u064a\u0643\u064a\u0629 (\u0627\u062a\u062d\u0627\u062f \u0623\u0635\u0641\u0631)","rel":"","context":"\u062a\u062f\u0648\u064a\u0646\u0629 \u0645\u0634\u0627\u0628\u0647\u0629","block_context":{"text":"\u062a\u062f\u0648\u064a\u0646\u0629 \u0645\u0634\u0627\u0628\u0647\u0629","link":""},"img":{"alt_text":"","src":"https:\/\/i0.wp.com\/tuzlahortum.com.tr\/wp-content\/uploads\/2019\/02\/Plastik-Sis-Nozulu.jpg?fit=300%2C300&ssl=1&resize=350%2C200","width":350,"height":200},"classes":[]}],"jetpack_sharing_enabled":true,"jetpack_likes_enabled":true,"_links":{"self":[{"href":"https:\/\/tuzlahortum.com.tr\/ar\/wp-json\/wp\/v2\/product\/974","targetHints":{"allow":["GET"]}}],"collection":[{"href":"https:\/\/tuzlahortum.com.tr\/ar\/wp-json\/wp\/v2\/product"}],"about":[{"href":"https:\/\/tuzlahortum.com.tr\/ar\/wp-json\/wp\/v2\/types\/product"}],"replies":[{"embeddable":true,"href":"https:\/\/tuzlahortum.com.tr\/ar\/wp-json\/wp\/v2\/comments?post=974"}],"wp:featuredmedia":[{"embeddable":true,"href":"https:\/\/tuzlahortum.com.tr\/ar\/wp-json\/wp\/v2\/media\/2936"}],"wp:attachment":[{"href":"https:\/\/tuzlahortum.com.tr\/ar\/wp-json\/wp\/v2\/media?parent=974"}],"wp:term":[{"taxonomy":"product_brand","embeddable":true,"href":"https:\/\/tuzlahortum.com.tr\/ar\/wp-json\/wp\/v2\/product_brand?post=974"},{"taxonomy":"product_cat","embeddable":true,"href":"https:\/\/tuzlahortum.com.tr\/ar\/wp-json\/wp\/v2\/product_cat?post=974"},{"taxonomy":"product_tag","embeddable":true,"href":"https:\/\/tuzlahortum.com.tr\/ar\/wp-json\/wp\/v2\/product_tag?post=974"}],"curies":[{"name":"\u062f\u0628\u0644\u064a\u0648 \u0628\u064a","href":"https:\/\/api.w.org\/{rel}","templated":true}]}}