{"id":973,"date":"2019-02-07T00:04:06","date_gmt":"2019-02-06T21:04:06","guid":{"rendered":"http:\/\/hortum.com.tr\/product\/import-placeholder-for-326\/"},"modified":"2024-03-21T17:39:50","modified_gmt":"2024-03-21T14:39:50","slug":"plastik-sis-nozulu","status":"publish","type":"product","link":"https:\/\/tuzlahortum.com.tr\/ar\/product\/plastik-sis-nozulu\/","title":{"rendered":"\u0641\u0648\u0647\u0629 \u0636\u0628\u0627\u0628 \u0628\u0644\u0627\u0633\u062a\u064a\u0643\u064a\u0629 (\u0627\u062a\u062d\u0627\u062f \u0623\u0635\u0641\u0631)"},"content":{"rendered":"<h2>\u0641\u0648\u0647\u0629 \u0636\u0628\u0627\u0628 \u0628\u0644\u0627\u0633\u062a\u064a\u0643\u064a\u0629 (\u0627\u062a\u062d\u0627\u062f \u0623\u0635\u0641\u0631)<\/h2>","protected":false},"excerpt":{"rendered":"<p>\u0641\u0648\u0647\u0629 \u0636\u0628\u0627\u0628 \u0628\u0644\u0627\u0633\u062a\u064a\u0643\u064a\u0629 (\u0627\u062a\u062d\u0627\u062f \u0623\u0635\u0641\u0631)<\/p>","protected":false},"featured_media":2935,"comment_status":"open","ping_status":"closed","template":"","meta":{"jetpack_post_was_ever_published":false},"product_brand":[],"product_cat":[120],"product_tag":[1256,945,1257,1255],"class_list":{"0":"post-973","1":"product","2":"type-product","3":"status-publish","4":"has-post-thumbnail","6":"product_cat-yangin-lansi","7":"product_tag-nozulu","8":"product_tag-plastik","9":"product_tag-plastik-sis-nozulu","10":"product_tag-sis","12":"first","13":"instock","14":"taxable","15":"shipping-taxable","16":"product-type-variable"},"jetpack-related-posts":[{"id":775,"url":"https:\/\/tuzlahortum.com.tr\/ar\/product\/plastik-kumlama-nozul-tutucu\/","url_meta":{"origin":973,"position":0},"title":"\u062d\u0627\u0645\u0644 \u0641\u0648\u0647\u0629 \u0627\u0644\u0633\u0641\u0639 \u0627\u0644\u0631\u0645\u0644\u064a \u0627\u0644\u0628\u0644\u0627\u0633\u062a\u064a\u0643\u064a","author":"admin","date":"6 \u0641\u0628\u0631\u0627\u064a\u0631 2019","format":false,"excerpt":"Plastik Kumlama Nozul TutucuKumlama nozulu tutucu ba\u015fl\u0131klar; nozulu esnek ve vidal\u0131 yap\u0131s\u0131yla s\u0131k\u0131ca tutarak kumlama hortumuyla birlikte optimum ba\u011flant\u0131 sa\u011flar. A\u011f\u0131r olmayan hafif yap\u0131s\u0131yla kumlama i\u015fleminde operat\u00f6r\u00fc a\u011f\u0131rl\u0131\u011f\u0131yla yormaz ergonomik kullan\u0131m sa\u011flar. Vidalama deliklerinden kumlama hortumuna veya kumlama borusuna kolay monte edilebilir \u00f6zelliktedir.","rel":"","context":"\u062a\u062f\u0648\u064a\u0646\u0629 \u0645\u0634\u0627\u0628\u0647\u0629","block_context":{"text":"\u062a\u062f\u0648\u064a\u0646\u0629 \u0645\u0634\u0627\u0628\u0647\u0629","link":""},"img":{"alt_text":"","src":"https:\/\/i0.wp.com\/tuzlahortum.com.tr\/wp-content\/uploads\/urunler\/Kumlama\/kumlama-nozul-tutucu.jpg?fit=233%2C216&ssl=1&resize=350%2C200","width":350,"height":200},"classes":[]},{"id":21989,"url":"https:\/\/tuzlahortum.com.tr\/ar\/product\/eden-silver\/","url_meta":{"origin":973,"position":1},"title":"\u0625\u064a\u062f\u0646 - \u0641\u0636\u064a","author":"admin","date":"11 \u0623\u063a\u0633\u0637\u0633 2025","format":false,"excerpt":"\u00a0 \u00dcr\u00fcn Ad\u0131: EDEN - SILVER \u00dcr\u00fcn Kodu: TBG92 3 Katl\u0131 PVC Bah\u00e7e Kullanim Alan\u0131 : Bah\u00e7ecilik, sulama ve genel su tahliyesi. Hafif, \u015feklini korur, esnek, kullan\u0131m\u0131 kolay, orta hizmet tipi sulama uygulamalar\u0131 i\u00e7in uygundur. Alt Katman : Sar\u0131 Plastik Kapl\u0131 PVC. Takviye Katman\u0131 : Y\u00fcksek Mukavemetli Sentetik Tekstil. \u00dcst\u2026","rel":"","context":"\u062a\u062f\u0648\u064a\u0646\u0629 \u0645\u0634\u0627\u0628\u0647\u0629","block_context":{"text":"\u062a\u062f\u0648\u064a\u0646\u0629 \u0645\u0634\u0627\u0628\u0647\u0629","link":""},"img":{"alt_text":"","src":"https:\/\/i0.wp.com\/tuzlahortum.com.tr\/wp-content\/uploads\/2025\/08\/PVC_91.png?fit=577%2C577&ssl=1&resize=350%2C200","width":350,"height":200,"srcset":"https:\/\/i0.wp.com\/tuzlahortum.com.tr\/wp-content\/uploads\/2025\/08\/PVC_91.png?fit=577%2C577&ssl=1&resize=350%2C200 1x, https:\/\/i0.wp.com\/tuzlahortum.com.tr\/wp-content\/uploads\/2025\/08\/PVC_91.png?fit=577%2C577&ssl=1&resize=525%2C300 1.5x"},"classes":[]},{"id":21974,"url":"https:\/\/tuzlahortum.com.tr\/ar\/product\/bodrum\/","url_meta":{"origin":973,"position":2},"title":"\u0628\u0648\u062f\u0631\u0648\u0645","author":"admin","date":"11 \u0623\u063a\u0633\u0637\u0633 2025","format":false,"excerpt":"\u00a0 \u00dcr\u00fcn Ad\u0131: BODRUM \u00dcr\u00fcn Kodu: TBG02 Bah\u00e7e Ye\u015fil Kullanim Alan\u0131 : Bah\u00e7ecilik, Sulama ve Genel Su Tahliyesi. Alt Katman : Sar\u0131 Plastik Kapl\u0131 PVC. Takviye Katman\u0131 : Y\u00fcksek Mukavemetli Sentetik Tekstil. \u00dcst Katman : A\u015f\u0131nmaya, Ozona ve Hava Ko\u015fullar\u0131na Dayan\u0131kl\u0131 Ye\u015fil PVC. -5\u00b0C \/ +60\u00b0C -23\u00b0F \/ +140\u00b0F Markalama\u2026","rel":"","context":"\u062a\u062f\u0648\u064a\u0646\u0629 \u0645\u0634\u0627\u0628\u0647\u0629","block_context":{"text":"\u062a\u062f\u0648\u064a\u0646\u0629 \u0645\u0634\u0627\u0628\u0647\u0629","link":""},"img":{"alt_text":"","src":"https:\/\/i0.wp.com\/tuzlahortum.com.tr\/wp-content\/uploads\/2025\/08\/PVC_86.png?fit=445%2C445&ssl=1&resize=350%2C200","width":350,"height":200},"classes":[]},{"id":21977,"url":"https:\/\/tuzlahortum.com.tr\/ar\/product\/cesme\/","url_meta":{"origin":973,"position":3},"title":"\u0641\u0648\u0646\u062a\u064a\u0646","author":"admin","date":"11 \u0623\u063a\u0633\u0637\u0633 2025","format":false,"excerpt":"\u00a0 \u00dcr\u00fcn Ad\u0131: \u00c7E\u015eME \u00dcr\u00fcn Kodu: TBG03 Bah\u00e7e Turuncu Kullanim Alan\u0131 : Bah\u00e7ecilik, Sulama ve Genel Su Tahliyesi. Alt Katman : Sar\u0131 Plastik Kapl\u0131 PVC. Takviye Katman\u0131 : Y\u00fcksek Mukavemetli Sentetik Tekstil. \u00dcst Katman : A\u015f\u0131nmaya, Ozona ve Hava Ko\u015fullar\u0131na Dayan\u0131kl\u0131 Turuncu PVC. -5\u00b0C \/ +60\u00b0C -23\u00b0F \/ +140\u00b0F Markalama\u2026","rel":"","context":"\u062a\u062f\u0648\u064a\u0646\u0629 \u0645\u0634\u0627\u0628\u0647\u0629","block_context":{"text":"\u062a\u062f\u0648\u064a\u0646\u0629 \u0645\u0634\u0627\u0628\u0647\u0629","link":""},"img":{"alt_text":"","src":"https:\/\/i0.wp.com\/tuzlahortum.com.tr\/wp-content\/uploads\/2025\/08\/PVC_87.png?fit=446%2C446&ssl=1&resize=350%2C200","width":350,"height":200},"classes":[]},{"id":974,"url":"https:\/\/tuzlahortum.com.tr\/ar\/product\/yangin-jet-nozulu\/","url_meta":{"origin":973,"position":4},"title":"\u0641\u0648\u0647\u0629 \u0627\u0644\u0646\u0627\u0631 \u0627\u0644\u0646\u0641\u0627\u062b\u0629","author":"admin","date":"7 \u0641\u0628\u0631\u0627\u064a\u0631 2019","format":false,"excerpt":"\u0641\u0648\u0647\u0629 \u0627\u0644\u0646\u0627\u0631 \u0627\u0644\u0646\u0641\u0627\u062b\u0629","rel":"","context":"\u062a\u062f\u0648\u064a\u0646\u0629 \u0645\u0634\u0627\u0628\u0647\u0629","block_context":{"text":"\u062a\u062f\u0648\u064a\u0646\u0629 \u0645\u0634\u0627\u0628\u0647\u0629","link":""},"img":{"alt_text":"","src":"https:\/\/i0.wp.com\/tuzlahortum.com.tr\/wp-content\/uploads\/2019\/02\/Yang%C4%B1n-Jet-Nozulu.jpg?fit=300%2C300&ssl=1&resize=350%2C200","width":350,"height":200},"classes":[]},{"id":9251,"url":"https:\/\/tuzlahortum.com.tr\/ar\/product\/kumlama-nozulu-gomme-kopya\/","url_meta":{"origin":973,"position":5},"title":"\u0641\u0648\u0647\u0629 \u0627\u0644\u0633\u0641\u0639 \u0627\u0644\u0631\u0645\u0644\u064a - \u063a\u0627\u0626\u0631\u0629 (Kennametal)","author":"\u0130smail \u00c7elik","date":"21 \u064a\u0646\u0627\u064a\u0631 2020","format":false,"excerpt":"\u0641\u0648\u0647\u0629 \u0627\u0644\u0633\u0641\u0639 \u0627\u0644\u0631\u0645\u0644\u064a - \u063a\u0627\u0626\u0631\u0629 (Kennametal)","rel":"","context":"\u062a\u062f\u0648\u064a\u0646\u0629 \u0645\u0634\u0627\u0628\u0647\u0629","block_context":{"text":"\u062a\u062f\u0648\u064a\u0646\u0629 \u0645\u0634\u0627\u0628\u0647\u0629","link":""},"img":{"alt_text":"","src":"https:\/\/i0.wp.com\/tuzlahortum.com.tr\/wp-content\/uploads\/2020\/01\/Kennametal-Nozul-5.jpeg?fit=900%2C1200&ssl=1&resize=350%2C200","width":350,"height":200,"srcset":"https:\/\/i0.wp.com\/tuzlahortum.com.tr\/wp-content\/uploads\/2020\/01\/Kennametal-Nozul-5.jpeg?fit=900%2C1200&ssl=1&resize=350%2C200 1x, https:\/\/i0.wp.com\/tuzlahortum.com.tr\/wp-content\/uploads\/2020\/01\/Kennametal-Nozul-5.jpeg?fit=900%2C1200&ssl=1&resize=525%2C300 1.5x, https:\/\/i0.wp.com\/tuzlahortum.com.tr\/wp-content\/uploads\/2020\/01\/Kennametal-Nozul-5.jpeg?fit=900%2C1200&ssl=1&resize=700%2C400 2x"},"classes":[]}],"jetpack_sharing_enabled":true,"jetpack_likes_enabled":true,"_links":{"self":[{"href":"https:\/\/tuzlahortum.com.tr\/ar\/wp-json\/wp\/v2\/product\/973","targetHints":{"allow":["GET"]}}],"collection":[{"href":"https:\/\/tuzlahortum.com.tr\/ar\/wp-json\/wp\/v2\/product"}],"about":[{"href":"https:\/\/tuzlahortum.com.tr\/ar\/wp-json\/wp\/v2\/types\/product"}],"replies":[{"embeddable":true,"href":"https:\/\/tuzlahortum.com.tr\/ar\/wp-json\/wp\/v2\/comments?post=973"}],"wp:featuredmedia":[{"embeddable":true,"href":"https:\/\/tuzlahortum.com.tr\/ar\/wp-json\/wp\/v2\/media\/2935"}],"wp:attachment":[{"href":"https:\/\/tuzlahortum.com.tr\/ar\/wp-json\/wp\/v2\/media?parent=973"}],"wp:term":[{"taxonomy":"product_brand","embeddable":true,"href":"https:\/\/tuzlahortum.com.tr\/ar\/wp-json\/wp\/v2\/product_brand?post=973"},{"taxonomy":"product_cat","embeddable":true,"href":"https:\/\/tuzlahortum.com.tr\/ar\/wp-json\/wp\/v2\/product_cat?post=973"},{"taxonomy":"product_tag","embeddable":true,"href":"https:\/\/tuzlahortum.com.tr\/ar\/wp-json\/wp\/v2\/product_tag?post=973"}],"curies":[{"name":"\u062f\u0628\u0644\u064a\u0648 \u0628\u064a","href":"https:\/\/api.w.org\/{rel}","templated":true}]}}