{"id":972,"date":"2019-02-07T00:04:06","date_gmt":"2019-02-06T21:04:06","guid":{"rendered":"http:\/\/hortum.com.tr\/product\/import-placeholder-for-327\/"},"modified":"2024-03-21T17:39:51","modified_gmt":"2024-03-21T14:39:51","slug":"kumandali-yangin-lansi","status":"publish","type":"product","link":"https:\/\/tuzlahortum.com.tr\/ar\/product\/kumandali-yangin-lansi\/","title":{"rendered":"\u0644\u063a\u0629 \u0627\u0644\u0646\u064a\u0631\u0627\u0646 \u0627\u0644\u0645\u0633\u064a\u0637\u0631 \u0639\u0644\u064a\u0647\u0627"},"content":{"rendered":"<h2>\u0644\u063a\u0629 \u0627\u0644\u0646\u064a\u0631\u0627\u0646 \u0627\u0644\u0645\u0633\u064a\u0637\u0631 \u0639\u0644\u064a\u0647\u0627<\/h2>\n<p><strong>\u0627\u0644\u0645\u0648\u0627\u0635\u0641\u0627\u062a \u0627\u0644\u0641\u0646\u064a\u0629<\/strong><\/p>\n<ul>\n<li>\u0623\u0646\u0628\u0648\u0628 \u0627\u0644\u0631\u0645\u062d \u0645\u0646 \u0627\u0644\u0623\u0644\u0648\u0645\u0646\u064a\u0648\u0645 \u0648\u0633\u0637\u062d\u0647 \u0627\u0644\u062e\u0627\u0631\u062c\u064a \u0645\u063a\u0637\u0649 \u0628\u0627\u0644\u0645\u0637\u0627\u0637.<\/li>\n<li>\u0644\u0647\u0627 \u0645\u0642\u0628\u0636 \u062a\u062d\u0643\u0645 \u064a\u0645\u0643\u0646 \u0623\u0646 \u064a\u0639\u0645\u0644 \u0641\u064a \u0648\u0636\u0639\u064a\u0646 (\u0645\u063a\u0644\u0642 \u060c \u0645\u0641\u062a\u0648\u062d).<\/li>\n<li>\u062a\u0648\u062c\u062f \u062d\u0634\u064a\u0629 \u0645\u0627\u0646\u0639\u0629 \u0644\u0644\u062a\u0633\u0631\u0628 \u0641\u064a \u062c\u0632\u0621 \u0627\u0644\u062a\u0648\u0635\u064a\u0644 \u0645\u0646 \u0627\u0644\u0648\u062d\u062f\u0629.<\/li>\n<li>\u0635\u0646\u0639 \u0641\u064a \u0627\u0644\u0646\u0648\u0639 \u0627\u0644\u0623\u0644\u0645\u0627\u0646\u064a.<\/li>\n<\/ul>\n<ul>\n<li>\u064a\u0643\u0648\u0646 \u062a\u0633\u0627\u0645\u062d \u0627\u0644\u062a\u0628\u0631\u064a\u062f \u0641\u064a \u0627\u0644\u0636\u0628\u0627\u0628 \u0639\u0646\u062f \u0632\u0648\u0627\u064a\u0627 \u062a\u062a\u0631\u0627\u0648\u062d \u0628\u064a\u0646 0 (\u0635\u0641\u0631) \u062f\u0631\u062c\u0629 \u0648 120 (\u0645\u0627\u0626\u0629 \u0648\u0639\u0634\u0631\u064a\u0646) \u062f\u0631\u062c\u0629.<\/li>\n<\/ul>","protected":false},"excerpt":{"rendered":"<p>KUMANDALI YANGIN LANSI TEKN\u0130K \u00d6ZELL\u0130KLER\u0130 Lans\u0131n borusu al\u00fcminyum olup, d\u0131\u015f y\u00fczeyi kau\u00e7uk kaplamal\u0131d\u0131r. \u0130ki\u00a0 konumda \u00e7al\u0131\u015fabilecek nitelikte (kapal\u0131 ,a\u00e7\u0131k) kumanda koluna sahiptir. Rekora irtibatlama k\u0131sm\u0131nda s\u0131zd\u0131rmazl\u0131k contas\u0131 vard\u0131r. Alman tipte imal edilmi\u015ftir. Lans\u0131n sis halinde su verme tolerans\u0131 , 0 (s\u0131f\u0131r) derece ile 120 (y\u00fczyirmi) derece aras\u0131 a\u00e7\u0131lardad\u0131r.<\/p>","protected":false},"featured_media":1202,"comment_status":"open","ping_status":"closed","template":"","meta":{"jetpack_post_was_ever_published":false},"product_brand":[],"product_cat":[120],"product_tag":[1252,1254,1253,256],"class_list":{"0":"post-972","1":"product","2":"type-product","3":"status-publish","4":"has-post-thumbnail","6":"product_cat-yangin-lansi","7":"product_tag-kumandali","8":"product_tag-kumandali-yangin-lansi","9":"product_tag-lansi","10":"product_tag-yangin","12":"first","13":"instock","14":"taxable","15":"shipping-taxable","16":"product-type-variable"},"jetpack-related-posts":[],"jetpack_sharing_enabled":true,"jetpack_likes_enabled":true,"_links":{"self":[{"href":"https:\/\/tuzlahortum.com.tr\/ar\/wp-json\/wp\/v2\/product\/972","targetHints":{"allow":["GET"]}}],"collection":[{"href":"https:\/\/tuzlahortum.com.tr\/ar\/wp-json\/wp\/v2\/product"}],"about":[{"href":"https:\/\/tuzlahortum.com.tr\/ar\/wp-json\/wp\/v2\/types\/product"}],"replies":[{"embeddable":true,"href":"https:\/\/tuzlahortum.com.tr\/ar\/wp-json\/wp\/v2\/comments?post=972"}],"wp:featuredmedia":[{"embeddable":true,"href":"https:\/\/tuzlahortum.com.tr\/ar\/wp-json\/wp\/v2\/media\/1202"}],"wp:attachment":[{"href":"https:\/\/tuzlahortum.com.tr\/ar\/wp-json\/wp\/v2\/media?parent=972"}],"wp:term":[{"taxonomy":"product_brand","embeddable":true,"href":"https:\/\/tuzlahortum.com.tr\/ar\/wp-json\/wp\/v2\/product_brand?post=972"},{"taxonomy":"product_cat","embeddable":true,"href":"https:\/\/tuzlahortum.com.tr\/ar\/wp-json\/wp\/v2\/product_cat?post=972"},{"taxonomy":"product_tag","embeddable":true,"href":"https:\/\/tuzlahortum.com.tr\/ar\/wp-json\/wp\/v2\/product_tag?post=972"}],"curies":[{"name":"\u062f\u0628\u0644\u064a\u0648 \u0628\u064a","href":"https:\/\/api.w.org\/{rel}","templated":true}]}}