{"id":970,"date":"2019-02-07T00:04:05","date_gmt":"2019-02-06T21:04:05","guid":{"rendered":"http:\/\/hortum.com.tr\/product\/import-placeholder-for-335\/"},"modified":"2024-03-21T17:39:52","modified_gmt":"2024-03-21T14:39:52","slug":"beyaz-yangin-hortumu","status":"publish","type":"product","link":"https:\/\/tuzlahortum.com.tr\/ar\/product\/beyaz-yangin-hortumu\/","title":{"rendered":"\u062e\u0631\u0637\u0648\u0645 \u0627\u0644\u062d\u0631\u064a\u0642 \u0627\u0644\u0623\u0628\u064a\u0636"},"content":{"rendered":"<h2>\u062e\u0631\u0637\u0648\u0645 \u0627\u0644\u062d\u0631\u064a\u0642 \u0627\u0644\u0623\u0628\u064a\u0636<\/h2>\n<p>\u00a0<\/p>\n<p>\u0627\u0644\u0645\u0639\u0627\u064a\u064a\u0631: TSE 9222<\/p>\n<h1><strong>\u0645\u0644\u062d\u0648\u0638\u0629: \u0644\u0627 \u064a\u0648\u062c\u062f 5 -125 \u0645\u0644\u0645 \u0648 6 -125 \u0645\u0644\u0645 \u0634\u0647\u0627\u062f\u0629 TSE.<\/strong><\/h1>\n<ul>\n<li>* \u064a\u062a\u0645 \u0625\u0646\u062a\u0627\u062c\u0647 \u0643\u0628\u0637\u0627\u0646\u0629 \u062f\u0627\u062e\u0644\u064a\u0629 \u0645\u0646 \u0627\u0644\u0645\u0637\u0627\u0637 \u0648\u0641\u0642\u064b\u0627 \u0644\u0645\u0639\u064a\u0627\u0631 TS 9222 \u0636\u0645\u0646 \u0646\u0637\u0627\u0642 DIN EN ISO 9001-2008.<\/li>\n<\/ul>\n<p>* \u062a\u0645 \u0646\u0633\u062c \u0633\u0637\u062d\u0647 \u0627\u0644\u062e\u0627\u0631\u062c\u064a \u062e\u0635\u064a\u0635\u064b\u0627 \u0644\u062c\u0639\u0644\u0647 \u0623\u0643\u062b\u0631 \u0645\u062a\u0627\u0646\u0629 \u0636\u062f \u0627\u0644\u0623\u0631\u0636\u064a\u0627\u062a \u0627\u0644\u0635\u0644\u0628\u0629 \u0648\u0627\u0644\u062e\u0634\u0646\u0629.<\/p>\n<ul>\n<li>* \u0628\u0639\u062f \u0643\u0644 \u0627\u0633\u062a\u062e\u062f\u0627\u0645 \u064a\u062c\u0628 \u062a\u062c\u0641\u064a\u0641\u0647 \u0648\u062a\u0646\u0638\u064a\u0641 \u0627\u0644\u0645\u0648\u0627\u062f \u0627\u0644\u063a\u0631\u064a\u0628\u0629 \u0627\u0644\u0645\u0648\u062c\u0648\u062f\u0629 \u0639\u0644\u064a\u0647.<\/li>\n<li>* \u0645\u0646\u0627\u0633\u0628 \u0644\u0644\u0627\u0633\u062a\u062e\u062f\u0627\u0645 \u0641\u064a \u0623\u0642\u0633\u0627\u0645 \u0645\u0643\u0627\u0641\u062d\u0629 \u0627\u0644\u062d\u0631\u0627\u0626\u0642.<\/li>\n<li>* \u064a\u062a\u0645 \u062a\u0648\u0635\u064a\u0644 \u0627\u0644\u0648\u0635\u0644\u0629 \u0628\u0622\u0644\u0629 \u062e\u0627\u0635\u0629 \u0628\u0633\u0644\u0643 \u0645\u062c\u0644\u0641\u0646 \u063a\u064a\u0631 \u0642\u0627\u0628\u0644 \u0644\u0644\u0635\u062f\u0623.<\/li>\n<li>* \u0636\u063a\u0637 \u0627\u0644\u0639\u0645\u0644 \u0643\u062d\u062f \u0623\u0642\u0635\u0649. 25 \u0628\u0627\u0631<\/li>\n<li>* \u0636\u063a\u0637 \u0627\u0644\u0627\u0646\u0641\u062c\u0627\u0631 \u0628\u062d\u062f \u0623\u0642\u0635\u0649 50 \u0628\u0627\u0631<\/li>\n<\/ul>","protected":false},"excerpt":{"rendered":"<p>Beyaz Yang\u0131n Hortumu \u00a0 Standartlar: TSE 9222 Not: 5&#8243;-125 mm ve 6&#8243;-125 mm TSE Belgesi yoktur. * DIN EN ISO 9001-2008 kapsam\u0131nda, TS 9222 standard\u0131nda i\u00e7 astar\u0131 kau\u00e7uk olarak \u00fcretilmektedir. * D\u0131\u015f y\u00fczeyi sert ve p\u00fcr\u00fczl\u00fc zeminlere kar\u015f\u0131 daha dayan\u0131kl\u0131 olmas\u0131 i\u00e7in \u00f6zel olarak dokunmaktad\u0131r. * Her kullan\u0131mdan sonra kurutulmal\u0131 ve \u00fczerindeki yabanc\u0131 maddeler temizlenmelidir. [&#8230;]\n","protected":false},"featured_media":2932,"comment_status":"open","ping_status":"closed","template":"","meta":{"jetpack_post_was_ever_published":false},"product_brand":[],"product_cat":[119],"product_tag":[1096,2291,720,256,349],"class_list":{"0":"post-970","1":"product","2":"type-product","3":"status-publish","4":"has-post-thumbnail","6":"product_cat-yangin-hortumu","7":"product_tag-beyaz","8":"product_tag-beyaz-yangin-hortumu","9":"product_tag-hortumu","10":"product_tag-yangin","11":"product_tag-yangin-hortumu","13":"first","14":"instock","15":"featured","16":"taxable","17":"shipping-taxable","18":"product-type-variable"},"jetpack-related-posts":[],"jetpack_sharing_enabled":true,"jetpack_likes_enabled":true,"_links":{"self":[{"href":"https:\/\/tuzlahortum.com.tr\/ar\/wp-json\/wp\/v2\/product\/970","targetHints":{"allow":["GET"]}}],"collection":[{"href":"https:\/\/tuzlahortum.com.tr\/ar\/wp-json\/wp\/v2\/product"}],"about":[{"href":"https:\/\/tuzlahortum.com.tr\/ar\/wp-json\/wp\/v2\/types\/product"}],"replies":[{"embeddable":true,"href":"https:\/\/tuzlahortum.com.tr\/ar\/wp-json\/wp\/v2\/comments?post=970"}],"wp:featuredmedia":[{"embeddable":true,"href":"https:\/\/tuzlahortum.com.tr\/ar\/wp-json\/wp\/v2\/media\/2932"}],"wp:attachment":[{"href":"https:\/\/tuzlahortum.com.tr\/ar\/wp-json\/wp\/v2\/media?parent=970"}],"wp:term":[{"taxonomy":"product_brand","embeddable":true,"href":"https:\/\/tuzlahortum.com.tr\/ar\/wp-json\/wp\/v2\/product_brand?post=970"},{"taxonomy":"product_cat","embeddable":true,"href":"https:\/\/tuzlahortum.com.tr\/ar\/wp-json\/wp\/v2\/product_cat?post=970"},{"taxonomy":"product_tag","embeddable":true,"href":"https:\/\/tuzlahortum.com.tr\/ar\/wp-json\/wp\/v2\/product_tag?post=970"}],"curies":[{"name":"\u062f\u0628\u0644\u064a\u0648 \u0628\u064a","href":"https:\/\/api.w.org\/{rel}","templated":true}]}}