{"id":957,"date":"2019-02-06T23:56:17","date_gmt":"2019-02-06T20:56:17","guid":{"rendered":"http:\/\/hortum.com.tr\/product\/import-placeholder-for-401\/"},"modified":"2024-03-21T17:40:04","modified_gmt":"2024-03-21T14:40:04","slug":"cift-kapi-siva-ustu-sac-kapakli-kuru-sistem","status":"publish","type":"product","link":"https:\/\/tuzlahortum.com.tr\/ar\/product\/cift-kapi-siva-ustu-sac-kapakli-kuru-sistem\/","title":{"rendered":"\u0628\u0627\u0628 \u0645\u0632\u062f\u0648\u062c \u2013 \u0645\u062b\u0628\u062a \u0639\u0644\u0649 \u0627\u0644\u0633\u0637\u062d \u0628\u063a\u0637\u0627\u0621 \u0648\u0631\u0642\u064a (\u0627\u0644\u0646\u0638\u0627\u0645 \u0627\u0644\u062c\u0627\u0641) (65\u00d785)"},"content":{"rendered":"<h2>\u0628\u0627\u0628 \u0645\u0632\u062f\u0648\u062c \u2013 \u0645\u062b\u0628\u062a \u0639\u0644\u0649 \u0627\u0644\u0633\u0637\u062d \u0628\u063a\u0637\u0627\u0621 \u0648\u0631\u0642\u064a (\u0627\u0644\u0646\u0638\u0627\u0645 \u0627\u0644\u062c\u0627\u0641) (65\u00d785)<\/h2>\n<h3>\u0645\u0642\u0627\u0633 65 * 85<\/h3>\n<ul class=\"list-style-2\">\n<li class=\"check-list\">2 \u2033 \u062e\u0631\u0637\u0648\u0645 \u062d\u0631\u064a\u0642 \u0645\u0646 \u0627\u0644\u0642\u0645\u0627\u0634 (30 ATU)<\/li>\n<li class=\"check-list\">2 \u060c \u0635\u0645\u0627\u0645 \u062d\u0631\u064a\u0642 (\u0645\u0639 \u0648\u0635\u0644\u0629)<\/li>\n<li class=\"check-list\">2 \u060c \u062c\u064a\u062a \u0644\u0627\u0646\u0633 (\u0645\u0639 \u0627\u0642\u062a\u0631\u0627\u0646)<\/li>\n<\/ul>\n<div class=\"row\">\n<table class=\"table table-bordered span4\">\n<thead>\n<tr>\n<th>20 \u0637\u0646 \u0645\u062a\u0631\u064a<\/th>\n<th>25 \u0637\u0646 \u0645\u062a\u0631\u064a<\/th>\n<th>30 \u0637\u0646 \u0645\u062a\u0631\u064a<\/th>\n<\/tr>\n<\/thead>\n<tbody>\n<tr>\n<td>PI-290<\/td>\n<td>PI-291<\/td>\n<td>PI-292<\/td>\n<\/tr>\n<\/tbody>\n<\/table>\n<\/div>","protected":false},"excerpt":{"rendered":"<p>\u00c7ift Kap\u0131 &#8211; S\u0131va \u00dcst\u00fc Sa\u00e7 Kapakl\u0131 (Kuru Sistem)(65&#215;85) \u00d6L\u00c7\u00dc 65*85 2&#8243; bez yang\u0131n hortumu (30 AT\u00dc) 2&#8243; yang\u0131n vanas\u0131(rakorlu) 2&#8243; jet lans(rakorlu) 20 MT 25 MT 30 MT P\u0130-290 P\u0130-291 P\u0130-292<\/p>","protected":false},"featured_media":7304,"comment_status":"open","ping_status":"closed","template":"","meta":{"jetpack_post_was_ever_published":false},"product_brand":[],"product_cat":[115],"product_tag":[958,957,518,956,348,347,352,349,959],"class_list":{"0":"post-957","1":"product","2":"type-product","3":"status-publish","4":"has-post-thumbnail","6":"product_cat-kuru-sistem-ts-en-671-2","7":"product_tag-cift-kapakli","8":"product_tag-jet-sprey-lans","9":"product_tag-kaucuk","10":"product_tag-kuru-sistem","11":"product_tag-sac-kapak","12":"product_tag-siva-ustu","13":"product_tag-yangin-dolabi","14":"product_tag-yangin-hortumu","15":"product_tag-yangin-vanasi","17":"first","18":"instock","19":"taxable","20":"shipping-taxable","21":"product-type-simple"},"jetpack-related-posts":[],"jetpack_sharing_enabled":true,"jetpack_likes_enabled":true,"_links":{"self":[{"href":"https:\/\/tuzlahortum.com.tr\/ar\/wp-json\/wp\/v2\/product\/957","targetHints":{"allow":["GET"]}}],"collection":[{"href":"https:\/\/tuzlahortum.com.tr\/ar\/wp-json\/wp\/v2\/product"}],"about":[{"href":"https:\/\/tuzlahortum.com.tr\/ar\/wp-json\/wp\/v2\/types\/product"}],"replies":[{"embeddable":true,"href":"https:\/\/tuzlahortum.com.tr\/ar\/wp-json\/wp\/v2\/comments?post=957"}],"wp:featuredmedia":[{"embeddable":true,"href":"https:\/\/tuzlahortum.com.tr\/ar\/wp-json\/wp\/v2\/media\/7304"}],"wp:attachment":[{"href":"https:\/\/tuzlahortum.com.tr\/ar\/wp-json\/wp\/v2\/media?parent=957"}],"wp:term":[{"taxonomy":"product_brand","embeddable":true,"href":"https:\/\/tuzlahortum.com.tr\/ar\/wp-json\/wp\/v2\/product_brand?post=957"},{"taxonomy":"product_cat","embeddable":true,"href":"https:\/\/tuzlahortum.com.tr\/ar\/wp-json\/wp\/v2\/product_cat?post=957"},{"taxonomy":"product_tag","embeddable":true,"href":"https:\/\/tuzlahortum.com.tr\/ar\/wp-json\/wp\/v2\/product_tag?post=957"}],"curies":[{"name":"\u062f\u0628\u0644\u064a\u0648 \u0628\u064a","href":"https:\/\/api.w.org\/{rel}","templated":true}]}}