{"id":952,"date":"2019-02-06T23:56:15","date_gmt":"2019-02-06T20:56:15","guid":{"rendered":"http:\/\/hortum.com.tr\/product\/import-placeholder-for-387\/"},"modified":"2024-03-21T17:40:14","modified_gmt":"2024-03-21T14:40:14","slug":"tek-kapi-siva-ustu-sac-kapakli-sulu-sistem","status":"publish","type":"product","link":"https:\/\/tuzlahortum.com.tr\/ar\/product\/tek-kapi-siva-ustu-sac-kapakli-sulu-sistem\/","title":{"rendered":"\u0628\u0627\u0628 \u0648\u0627\u062d\u062f \u2013 \u0633\u0637\u062d\u064a \u0645\u0639 \u063a\u0637\u0627\u0621 (\u0646\u0638\u0627\u0645 \u0645\u0627\u0626\u064a) (70\u00d765)"},"content":{"rendered":"<h2>\u0628\u0627\u0628 \u0648\u0627\u062d\u062f \u2013 \u0633\u0637\u062d\u064a \u0645\u0639 \u063a\u0637\u0627\u0621 (\u0646\u0638\u0627\u0645 \u0645\u0627\u0626\u064a) (70\u00d765)<\/h2>\n<h3>\u0645\u0642\u0627\u0633 70 * 65<\/h3>\n<ul class=\"list-style-2\">\n<li class=\"check-list\">1 \u2033 TS EN 694 \u062e\u0631\u0637\u0648\u0645 \u062d\u0631\u064a\u0642 \u0645\u0637\u0627\u0637\u064a \u0634\u0628\u0647 \u0635\u0644\u0628<\/li>\n<li class=\"check-list\">1 \u060c \u0631\u0634\u0627\u0634 \u0646\u0641\u0627\u062b (\u0641\u0648\u0647\u0629)<\/li>\n<\/ul>\n<div class=\"row\">\n<table class=\"table table-bordered span5\">\n<thead>\n<tr>\n<th>\u00a0<\/th>\n<th>20 \u0637\u0646 \u0645\u062a\u0631\u064a<\/th>\n<th>25 \u0637\u0646 \u0645\u062a\u0631\u064a<\/th>\n<th>30 \u0637\u0646 \u0645\u062a\u0631\u064a<\/th>\n<\/tr>\n<\/thead>\n<tbody>\n<tr>\n<td><strong>1 \u060c \u0635\u0645\u0627\u0645 \u0627\u0644\u0643\u0631\u0629 TSE<\/strong><\/td>\n<td>\u0628\u064a -110<\/td>\n<td>PI-111<\/td>\n<td>PI-112<\/td>\n<\/tr>\n<tr>\n<td><strong>2 \u060c \u0635\u0645\u0627\u0645 \u0627\u0644\u0646\u0627\u0631 (\u0645\u0639 2&gt; 1 \u0645\u062d\u0648\u0644)<\/strong><\/td>\n<td>PI-210<\/td>\n<td>PI-211<\/td>\n<td>PI-212<\/td>\n<\/tr>\n<\/tbody>\n<\/table>\n<\/div>","protected":false},"excerpt":{"rendered":"<p>Tek Kap\u0131 &#8211; S\u0131va \u00dcst\u00fc Sa\u00e7 Kapakl\u0131 (Sulu Sistem)(70&#215;65) \u00d6L\u00c7\u00dc 70*65 1&#8243; TS EN 694 yar\u0131 sert kau\u00e7uk yang\u0131n hortumu 1&#8243; jet sprey lans(nozul) \u00a0 20 MT 25 MT 30 MT 1&#8243; TSE K\u00fcresel Vanal\u0131 P\u0130-110 P\u0130-111 P\u0130-112 2&#8243; Yang\u0131n Vanal\u0131 ( 2&gt;1&#8217;e D\u00f6n\u00fc\u015ft\u00fcr\u00fcc\u00fcl\u00fc ) P\u0130-210 P\u0130-211 P\u0130-212<\/p>","protected":false},"featured_media":7298,"comment_status":"open","ping_status":"closed","template":"","meta":{"jetpack_post_was_ever_published":false},"product_brand":[],"product_cat":[118],"product_tag":[957,518,1234,347,1202,960,352,349],"class_list":{"0":"post-952","1":"product","2":"type-product","3":"status-publish","4":"has-post-thumbnail","6":"product_cat-sulu-sistem-ts-en-671-1","7":"product_tag-jet-sprey-lans","8":"product_tag-kaucuk","9":"product_tag-sackapak","10":"product_tag-siva-ustu","11":"product_tag-sulu-sistem","12":"product_tag-tek-kapi","13":"product_tag-yangin-dolabi","14":"product_tag-yangin-hortumu","16":"first","17":"instock","18":"taxable","19":"shipping-taxable","20":"product-type-variable"},"jetpack-related-posts":[{"id":925,"url":"https:\/\/tuzlahortum.com.tr\/ar\/product\/tek-kapi-siva-ustu-cam-kapakli-sulu-sistem\/","url_meta":{"origin":952,"position":0},"title":"\u0628\u0627\u0628 \u0648\u0627\u062d\u062f \u2013 \u0633\u0637\u062d\u064a \u0628\u063a\u0637\u0627\u0621 \u0632\u062c\u0627\u062c\u064a (\u0646\u0638\u0627\u0645 \u0645\u0627\u0626\u064a) (70\u00d765)","author":"admin","date":"6 \u0641\u0628\u0631\u0627\u064a\u0631 2019","format":false,"excerpt":"Tek Kap\u0131 - S\u0131va \u00dcst\u00fc Cam Kapakl\u0131 (Sulu Sistem)(70x65)\u00d6L\u00c7\u00dc 70*651\" TS EN 694 yar\u0131 sert kau\u00e7uk yang\u0131n hortumu1\" jet sprey lans(nozul)\u00a020 MT25 MT30 MT1\" TSE K\u00fcresel Vanal\u0131P\u0130-115P\u0130-116P\u0130-1172\" Yang\u0131n Vanal\u0131 ( 2>1'e D\u00f6n\u00fc\u015ft\u00fcr\u00fcc\u00fcl\u00fc )P\u0130-215P\u0130-216P\u0130-217","rel":"","context":"\u062a\u062f\u0648\u064a\u0646\u0629 \u0645\u0634\u0627\u0628\u0647\u0629","block_context":{"text":"\u062a\u062f\u0648\u064a\u0646\u0629 \u0645\u0634\u0627\u0628\u0647\u0629","link":""},"img":{"alt_text":"","src":"https:\/\/i0.wp.com\/tuzlahortum.com.tr\/wp-content\/uploads\/2019\/03\/s%C4%B1va-alt%C4%B1-cam-kapakl%C4%B1-ekonomik-1.jpg?fit=347%2C408&ssl=1&resize=350%2C200","width":350,"height":200},"classes":[]},{"id":780,"url":"https:\/\/tuzlahortum.com.tr\/ar\/product\/tek-kapi-siva-ustu-sac-kapakli-kuru-sistem\/","url_meta":{"origin":952,"position":1},"title":"\u0628\u0627\u0628 \u0648\u0627\u062d\u062f \u2013 \u0645\u062b\u0628\u062a \u0639\u0644\u0649 \u0627\u0644\u0633\u0637\u062d \u0628\u063a\u0637\u0627\u0621 \u0648\u0631\u0642\u064a (\u0627\u0644\u0646\u0638\u0627\u0645 \u0627\u0644\u062c\u0627\u0641) (70\u00d765)","author":"admin","date":"6 \u0641\u0628\u0631\u0627\u064a\u0631 2019","format":false,"excerpt":"\u0628\u0627\u0628 \u0648\u0627\u062d\u062f - \u0628\u063a\u0637\u0627\u0621 \u0645\u0639\u062f\u0646\u064a \u0645\u0631\u0643\u0628 \u0641\u0648\u0642 \u0627\u0644\u062c\u0635 (\u0646\u0638\u0627\u0645 \u062c\u0627\u0641) (70x65)\n\u0627\u0644\u0645\u0642\u0627\u0633 70*65\n\u062e\u0631\u0637\u0648\u0645 \u062d\u0631\u064a\u0642 \u0645\u0637\u0627\u0637\u064a \u0646\u0635\u0641 \u0635\u0644\u0628 1 \u0628\u0648\u0635\u0629 TS EN 694\n\u0641\u0648\u0647\u0629 \u0628\u062e\u0627\u062e 1 \u0628\u0648\u0635\u0629\n20 \u0645\u062a\u0631 25 \u0645\u062a\u0631 30 \u0645\u062a\u0631\n\u0635\u0645\u0627\u0645 \u0643\u0631\u0648\u064a 1 \u0628\u0648\u0635\u0629 TSE PI-110 PI-111 PI-112\n\u0635\u0645\u0627\u0645 \u062d\u0631\u064a\u0642 2 \u0628\u0648\u0635\u0629 (\u0645\u0639 \u0645\u062d\u0648\u0644 \u0645\u0646 2 \u0625\u0644\u0649 1 \u0628\u0648\u0635\u0629) PI-210 PI-211 PI-212 \u00a0","rel":"","context":"\u062a\u062f\u0648\u064a\u0646\u0629 \u0645\u0634\u0627\u0628\u0647\u0629","block_context":{"text":"\u062a\u062f\u0648\u064a\u0646\u0629 \u0645\u0634\u0627\u0628\u0647\u0629","link":""},"img":{"alt_text":"","src":"https:\/\/i0.wp.com\/tuzlahortum.com.tr\/wp-content\/uploads\/2019\/03\/Tek-Kap%C4%B1-S%C4%B1va-%C3%9Cst%C3%BC-Sa%C3%A7-Kapakl%C4%B1-Kuru-Sistem.jpg?fit=417%2C486&ssl=1&resize=350%2C200","width":350,"height":200},"classes":[]},{"id":961,"url":"https:\/\/tuzlahortum.com.tr\/ar\/product\/tek-kapi-siva-alti-sac-kapakli-sulu-sistem\/","url_meta":{"origin":952,"position":2},"title":"\u0628\u0627\u0628 \u0648\u0627\u062d\u062f - \u063a\u0637\u0627\u0621 \u0645\u0639\u062f\u0646\u064a \u0645\u062c\u0648\u0641 (\u0646\u0638\u0627\u0645 \u0645\u0627\u0626\u064a) (65\u00d760)","author":"admin","date":"6 \u0641\u0628\u0631\u0627\u064a\u0631 2019","format":false,"excerpt":"Tek Kap\u0131 - S\u0131va Alt\u0131 Sa\u00e7 Kapakl\u0131 (Sulu Sistem)(65x60)\u00d6L\u00c7\u00dc 65*601\" TS EN 694 yar\u0131 sert kau\u00e7uk yang\u0131n hortumu1\" jet sprey lans(nozul)\u00a020 MT25 MT30 MT1\" TSE K\u00fcresel Vanal\u0131P\u0130-120P\u0130-121P\u0130-1222\" Yang\u0131n Vanal\u0131 ( 2>1'e D\u00f6n\u00fc\u015ft\u00fcr\u00fcc\u00fcl\u00fc )P\u0130-220P\u0130-221P\u0130-222","rel":"","context":"\u062a\u062f\u0648\u064a\u0646\u0629 \u0645\u0634\u0627\u0628\u0647\u0629","block_context":{"text":"\u062a\u062f\u0648\u064a\u0646\u0629 \u0645\u0634\u0627\u0628\u0647\u0629","link":""},"img":{"alt_text":"","src":"https:\/\/i0.wp.com\/tuzlahortum.com.tr\/wp-content\/uploads\/2019\/03\/tek-kap%C4%B1-s%C4%B1va-alt%C4%B1-sa%C3%A7-kapakl%C4%B1-sulu.jpg?fit=414%2C475&ssl=1&resize=350%2C200","width":350,"height":200},"classes":[]},{"id":962,"url":"https:\/\/tuzlahortum.com.tr\/ar\/product\/cift-kapakli-siva-ustu-sac-kapakli-sulu-sistem\/","url_meta":{"origin":952,"position":3},"title":"\u063a\u0637\u0627\u0621 \u0645\u0632\u062f\u0648\u062c \u2013 \u063a\u0637\u0627\u0621 \u0645\u062b\u0628\u062a \u0639\u0644\u0649 \u0627\u0644\u0633\u0637\u062d (\u0646\u0638\u0627\u0645 \u0627\u0644\u0645\u064a\u0627\u0647) (65\u00d785)","author":"admin","date":"6 \u0641\u0628\u0631\u0627\u064a\u0631 2019","format":false,"excerpt":"\u00c7ift Kapakl\u0131 - S\u0131va \u00dcst\u00fc Sa\u00e7 Kapakl\u0131 (Sulu Sistem)(65x85)\u00d6L\u00c7\u00dc 65*85 1\" TS EN 694 yar\u0131 sert kau\u00e7uk yang\u0131n hortumu 1\" jet sprey lans 20 MT 25 MT 30 MT 1\" TSE K\u00fcresel Vanal\u0131 P\u0130-130 P\u0130-131 P\u0130-132 2\" Yang\u0131n Vanal\u0131 ( 2>1'e D\u00f6n\u00fc\u015ft\u00fcr\u00fcc\u00fcl\u00fc ) P\u0130-230 P\u0130-231 P\u0130-232","rel":"","context":"\u062a\u062f\u0648\u064a\u0646\u0629 \u0645\u0634\u0627\u0628\u0647\u0629","block_context":{"text":"\u062a\u062f\u0648\u064a\u0646\u0629 \u0645\u0634\u0627\u0628\u0647\u0629","link":""},"img":{"alt_text":"","src":"https:\/\/i0.wp.com\/tuzlahortum.com.tr\/wp-content\/uploads\/2019\/03\/%C3%A7ift-kapakl%C4%B1-s%C4%B1va-%C3%BCst%C3%BC-sa%C3%A7-kapakl%C4%B1.jpg?fit=494%2C314&ssl=1&resize=350%2C200","width":350,"height":200},"classes":[]},{"id":560,"url":"https:\/\/tuzlahortum.com.tr\/ar\/product\/tek-kapi-siva-ustu-sac-kapakli-ekonomik\/","url_meta":{"origin":952,"position":4},"title":"\u0628\u0627\u0628 \u0648\u0627\u062d\u062f \u2013 \u0633\u0637\u062d\u064a \u0645\u0639 \u063a\u0637\u0627\u0621 (\u0627\u0642\u062a\u0635\u0627\u062f\u064a) (50\u00d760)","author":"admin","date":"6 \u0641\u0628\u0631\u0627\u064a\u0631 2019","format":false,"excerpt":"Tek Kap\u0131 - S\u0131va \u00dcst\u00fc Sa\u00e7 Kapakl\u0131 (Ekonomik)(50x60)\u00d6L\u00c7\u00dc 50*600,80 mm DKP Sa\u00e72\" Ekonomik yang\u0131n hortumu2\" Ekonomik lans20 MT25 MT30 MTP\u0130-330P\u0130-331P\u0130-332","rel":"","context":"\u062a\u062f\u0648\u064a\u0646\u0629 \u0645\u0634\u0627\u0628\u0647\u0629","block_context":{"text":"\u062a\u062f\u0648\u064a\u0646\u0629 \u0645\u0634\u0627\u0628\u0647\u0629","link":""},"img":{"alt_text":"","src":"https:\/\/i0.wp.com\/tuzlahortum.com.tr\/wp-content\/uploads\/2019\/03\/s%C4%B1va-%C3%BCst%C3%BC-sa%C3%A7-kapakl%C4%B1-ekonomik.jpg?fit=350%2C381&ssl=1&resize=350%2C200","width":350,"height":200},"classes":[]},{"id":953,"url":"https:\/\/tuzlahortum.com.tr\/ar\/product\/dik-tip-siva-ustu-sac-kapakli-sulu-sistem\/","url_meta":{"origin":952,"position":5},"title":"\u0627\u0644\u0646\u0648\u0639 \u0627\u0644\u0631\u0623\u0633\u064a \u2013 \u0633\u0637\u062d\u064a \u0645\u0639 \u063a\u0637\u0627\u0621 (\u0646\u0638\u0627\u0645 \u0645\u0627\u0626\u064a) (85\u00d765)","author":"admin","date":"6 \u0641\u0628\u0631\u0627\u064a\u0631 2019","format":false,"excerpt":"Dik Tip - S\u0131va \u00dcst\u00fc Sa\u00e7 Kapakl\u0131 (Sulu Sistem)(85x65)\u00d6L\u00c7\u00dc 85*651\" TS EN 694 yar\u0131 sert kau\u00e7uk yang\u0131n hortumu1\" jet sprey lans\u00a020 MT25 MT30 MT1\" TSE K\u00fcresel Vanal\u0131P\u0130-150P\u0130-151P\u0130-1522\" Yang\u0131n Vanal\u0131 ( 2>1'e D\u00f6n\u00fc\u015ft\u00fcr\u00fcc\u00fcl\u00fc )P\u0130-250P\u0130-251P\u0130-252","rel":"","context":"\u062a\u062f\u0648\u064a\u0646\u0629 \u0645\u0634\u0627\u0628\u0647\u0629","block_context":{"text":"\u062a\u062f\u0648\u064a\u0646\u0629 \u0645\u0634\u0627\u0628\u0647\u0629","link":""},"img":{"alt_text":"","src":"https:\/\/i0.wp.com\/tuzlahortum.com.tr\/wp-content\/uploads\/2019\/03\/tek-kap%C4%B1-s%C4%B1va-%C3%BCst%C3%BC-sa%C3%A7-kapakl%C4%B1-sulu.jpg?fit=415%2C489&ssl=1&resize=350%2C200","width":350,"height":200},"classes":[]}],"jetpack_sharing_enabled":true,"jetpack_likes_enabled":true,"_links":{"self":[{"href":"https:\/\/tuzlahortum.com.tr\/ar\/wp-json\/wp\/v2\/product\/952","targetHints":{"allow":["GET"]}}],"collection":[{"href":"https:\/\/tuzlahortum.com.tr\/ar\/wp-json\/wp\/v2\/product"}],"about":[{"href":"https:\/\/tuzlahortum.com.tr\/ar\/wp-json\/wp\/v2\/types\/product"}],"replies":[{"embeddable":true,"href":"https:\/\/tuzlahortum.com.tr\/ar\/wp-json\/wp\/v2\/comments?post=952"}],"wp:featuredmedia":[{"embeddable":true,"href":"https:\/\/tuzlahortum.com.tr\/ar\/wp-json\/wp\/v2\/media\/7298"}],"wp:attachment":[{"href":"https:\/\/tuzlahortum.com.tr\/ar\/wp-json\/wp\/v2\/media?parent=952"}],"wp:term":[{"taxonomy":"product_brand","embeddable":true,"href":"https:\/\/tuzlahortum.com.tr\/ar\/wp-json\/wp\/v2\/product_brand?post=952"},{"taxonomy":"product_cat","embeddable":true,"href":"https:\/\/tuzlahortum.com.tr\/ar\/wp-json\/wp\/v2\/product_cat?post=952"},{"taxonomy":"product_tag","embeddable":true,"href":"https:\/\/tuzlahortum.com.tr\/ar\/wp-json\/wp\/v2\/product_tag?post=952"}],"curies":[{"name":"\u062f\u0628\u0644\u064a\u0648 \u0628\u064a","href":"https:\/\/api.w.org\/{rel}","templated":true}]}}