{"id":947,"date":"2019-02-06T23:56:14","date_gmt":"2019-02-06T20:56:14","guid":{"rendered":"http:\/\/hortum.com.tr\/product\/import-placeholder-for-520\/"},"modified":"2024-03-21T17:40:19","modified_gmt":"2024-03-21T14:40:19","slug":"trelleborg-hydroeco","status":"publish","type":"product","link":"https:\/\/tuzlahortum.com.tr\/ar\/product\/trelleborg-hydroeco\/","title":{"rendered":"Trelleborg HYDRO&#039;ECO"},"content":{"rendered":"<h2>Trelleborg HYDRO&#039;ECO<\/h2>\n<div>\u0632\u064a\u062a<\/div>\n<div>\u0644\u062a\u0637\u0628\u064a\u0642\u0627\u062a \u0627\u0644\u0633\u064a\u0627\u0631\u0627\u062a \u060c \u0627\u0644\u062f\u064a\u0632\u0644 \u0648\u0627\u0644\u0628\u0646\u0632\u064a\u0646 \u0627\u0644\u0645\u062d\u062a\u0648\u064a \u0639\u0644\u0649 \u0627\u0644\u0631\u0635\u0627\u0635 \u0648\u0627\u0644\u0628\u0646\u0632\u064a\u0646 \u0627\u0644\u062e\u0627\u0644\u064a \u0645\u0646 \u0627\u0644\u0631\u0635\u0627\u0635 RMA (\u0628\u0646\u0632\u064a\u0646 \u0635\u062f\u064a\u0642 \u0644\u0644\u0628\u064a\u0626\u0629)<\/div>\n<div>%50&#8217;nin \u00fczerinde aromatik i\u00e7eri\u011fe kar\u015f\u0131 diren\u00e7li bas\u0131n\u00e7l\u0131 hortum.<\/div>\n<div>\u062e\u0637\u0648\u0637 \u0625\u0631\u062c\u0627\u0639 \u0627\u0644\u0632\u064a\u062a \u0648\u0627\u0644\u0634\u062d\u0648\u0645 \u0641\u064a \u0627\u0644\u0623\u0646\u0638\u0645\u0629 \u0627\u0644\u0647\u064a\u062f\u0631\u0648\u0644\u064a\u0643\u064a\u0629.<\/div>\n<div>\u0645\u0646\u0627\u0633\u0628 \u0623\u064a\u0636\u064b\u0627 \u0644\u0644\u062a\u0637\u0628\u064a\u0642\u0627\u062a \u0627\u0644\u0623\u062e\u0631\u0649 \u0627\u0644\u062a\u064a \u062a\u0633\u062a\u062e\u062f\u0645 \u0627\u0644\u0632\u064a\u062a \u0648\u0627\u0644\u0634\u062d\u0648\u0645 \u0648\u0627\u0644\u0645\u0627\u0621.<\/div>\n<div>\u0645\u0632\u0627\u064a\u0627<\/div>\n<div>* \u0623\u0646\u0628\u0648\u0628 \u062f\u0627\u062e\u0644\u064a \u062e\u0627\u0635 \u0645\u0642\u0627\u0648\u0645 \u0644\u0644\u0632\u064a\u062a \u0648\u0627\u0644\u0628\u0646\u0632\u064a\u0646.<\/div>\n<div>* \u0646\u0635\u0641 \u0642\u0637\u0631 \u062b\u0646\u064a \u0645\u0645\u062a\u0627\u0632.<\/div>\n<div>* \u0627\u0644\u0645\u0631\u0648\u0646\u0629 \u0641\u064a \u062f\u0631\u062c\u0627\u062a \u0627\u0644\u062d\u0631\u0627\u0631\u0629 \u0627\u0644\u0645\u0646\u062e\u0641\u0636\u0629 \u0648\u0627\u0644\u0639\u0627\u0644\u064a\u0629.<\/div>\n<div>* \u0645\u0642\u0627\u0648\u0645\u0629 \u0644\u0644\u062a\u0622\u0643\u0644 \u0648\u0636\u0628\u0627\u0628 \u0627\u0644\u0632\u064a\u062a \u0648\u0627\u0644\u0639\u0648\u0627\u0645\u0644 \u0627\u0644\u062c\u0648\u064a\u0629 \u0648\u0627\u0644\u0623\u0648\u0632\u0648\u0646 \u0648\u0627\u0644\u062a\u0622\u0643\u0644.<\/div>\n<div>\u0627\u0644\u0648\u0635\u0641 \u0627\u0644\u0641\u0646\u064a<\/div>\n<div>\u0627\u0644\u0623\u0646\u0628\u0648\u0628 \u0627\u0644\u062f\u0627\u062e\u0644\u064a: NBR \/ PVC \u060c \u0623\u0633\u0648\u062f \u060c \u0645\u0633\u062a\u0642\u064a\u0645.<\/div>\n<div>\u062a\u0642\u0648\u064a\u0629: \u0646\u0633\u064a\u062c \u062a\u0631\u0643\u064a\u0628\u064a.<\/div>\n<div>\u0637\u0644\u0627\u0621: NBR \/ PVC \u060c \u0623\u0633\u0648\u062f \u060c \u0639\u0627\u062f\u064a.<\/div>\n<div>\u0646\u0637\u0627\u0642 \u062f\u0631\u062c\u0629 \u0627\u0644\u062d\u0631\u0627\u0631\u0629: -30 \u062f\u0631\u062c\u0629 \u0645\u0626\u0648\u064a\u0629 \u0625\u0644\u0649 + 100 \u062f\u0631\u062c\u0629 \u0645\u0626\u0648\u064a\u0629.<\/div>\n<div>\u0645\u0639\u0644\u0648\u0645\u0627\u062a \u0625\u0636\u0627\u0641\u064a\u0629<\/div>\n<div>\u0645\u062a\u0648\u0641\u0631 \u0628\u0623\u0637\u0648\u0627\u0644 \u0623\u0648 \u0639\u0628\u0648\u0627\u062a \u0645\u062e\u062a\u0644\u0641\u0629 \u0639\u0646\u062f \u0627\u0644\u0637\u0644\u0628.<\/div>\n<div>\u064a\u062a\u0645 \u062a\u0633\u0644\u064a\u0645 \u062c\u0645\u064a\u0639 \u0627\u0644\u0645\u0646\u062a\u062c\u0627\u062a \u0627\u0644\u0642\u064a\u0627\u0633\u064a\u0629 \u0641\u064a \u0645\u0644\u0641\u0627\u062a \u0630\u0627\u062a \u062b\u0642\u0648\u0628 \u0628\u0645\u0639\u0631\u0641 55 \u0645\u0645.<\/div>\n<div>\n<div class=\"video video-fit mb\" style=\"padding-top:56.25%;\"><p><iframe loading=\"lazy\" title=\"\u0627\u0631\u062a\u0628\u0627\u0643 \u0627\u0644\u0642\u064a\u0627\u0633 (\u0628\u0648\u0635\u0629\u060c \u0625\u0635\u0628\u0639\u060c \u0636\u0628\u0627\u0628\u060c \u0645\u0644\u0644\u064a\u0645\u062a\u0631)\" width=\"1020\" height=\"574\" src=\"https:\/\/www.youtube.com\/embed\/uKk6AG_AZls?feature=oembed\" frameborder=\"0\" allow=\"accelerometer; autoplay; clipboard-write; encrypted-media; gyroscope; picture-in-picture; web-share\" referrerpolicy=\"strict-origin-when-cross-origin\" allowfullscreen><\/iframe><\/p>\n<\/div>\n<div class=\"video video-fit mb\" style=\"padding-top:56.25%;\"><p>https:\/\/www.youtube.com\/watch?v=O8ZlzKEjfEQ%20<\/p>\n<\/div>\n<\/div>\n<p><img data-recalc-dims=\"1\" loading=\"lazy\" decoding=\"async\" class=\"alignnone size-medium wp-image-2117\" src=\"https:\/\/i0.wp.com\/hortum.com.tr\/wp-content\/uploads\/urunler\/trelleborg\/Trelleborg-HYDROECO-800x163.jpg?resize=800%2C163\" alt=\"\" width=\"800\" height=\"163\" title=\"\" srcset=\"https:\/\/i0.wp.com\/tuzlahortum.com.tr\/wp-content\/uploads\/urunler\/trelleborg\/Trelleborg-HYDROECO.jpg?resize=800%2C163&amp;ssl=1 800w, https:\/\/i0.wp.com\/tuzlahortum.com.tr\/wp-content\/uploads\/urunler\/trelleborg\/Trelleborg-HYDROECO.jpg?resize=768%2C157&amp;ssl=1 768w, https:\/\/i0.wp.com\/tuzlahortum.com.tr\/wp-content\/uploads\/urunler\/trelleborg\/Trelleborg-HYDROECO.jpg?resize=600%2C122&amp;ssl=1 600w, https:\/\/i0.wp.com\/tuzlahortum.com.tr\/wp-content\/uploads\/urunler\/trelleborg\/Trelleborg-HYDROECO.jpg?w=844&amp;ssl=1 844w\" sizes=\"auto, (max-width: 800px) 100vw, 800px\" \/><\/p>","protected":false},"excerpt":{"rendered":"<p>Trelleborg HYDRO&#8217;ECO Ya\u011f Otomotiv uygulamalar\u0131nda, dizel, kur\u015funlu ve kur\u015funsuz petrol, RMA (\u00e7evre dostu benzin) i\u00e7in %50&#8217;nin \u00fczerinde aromatik i\u00e7eri\u011fe kar\u015f\u0131 diren\u00e7li bas\u0131n\u00e7l\u0131 hortum. Hidrolik sistemlerde ya\u011f ve gres d\u00f6n\u00fc\u015f hatlar\u0131. Ya\u011f, gres ve su kullan\u0131lan di\u011fer uygulamalar i\u00e7in de uygundur. Avantajlar *\u00d6zel ya\u011fa ve petrole dayan\u0131kl\u0131 i\u00e7 lastik. *M\u00fckemmel b\u00fckme yar\u0131\u00e7ap\u0131. *D\u00fc\u015f\u00fck ve y\u00fcksek s\u0131cakl\u0131klarda [&#8230;]\n","protected":false},"featured_media":2643,"comment_status":"open","ping_status":"closed","template":"","meta":{"jetpack_post_was_ever_published":false},"product_brand":[],"product_cat":[187],"product_tag":[294,290,421,1229],"class_list":{"0":"post-947","1":"product","2":"type-product","3":"status-publish","4":"has-post-thumbnail","6":"product_cat-yag-ve-petrol-hortumu-uygulamalari","7":"product_tag-dayanikli","8":"product_tag-hortum","9":"product_tag-tekne","10":"product_tag-yakit","12":"first","13":"instock","14":"taxable","15":"shipping-taxable","16":"product-type-variable"},"jetpack-related-posts":[],"jetpack_sharing_enabled":true,"jetpack_likes_enabled":true,"_links":{"self":[{"href":"https:\/\/tuzlahortum.com.tr\/ar\/wp-json\/wp\/v2\/product\/947","targetHints":{"allow":["GET"]}}],"collection":[{"href":"https:\/\/tuzlahortum.com.tr\/ar\/wp-json\/wp\/v2\/product"}],"about":[{"href":"https:\/\/tuzlahortum.com.tr\/ar\/wp-json\/wp\/v2\/types\/product"}],"replies":[{"embeddable":true,"href":"https:\/\/tuzlahortum.com.tr\/ar\/wp-json\/wp\/v2\/comments?post=947"}],"wp:featuredmedia":[{"embeddable":true,"href":"https:\/\/tuzlahortum.com.tr\/ar\/wp-json\/wp\/v2\/media\/2643"}],"wp:attachment":[{"href":"https:\/\/tuzlahortum.com.tr\/ar\/wp-json\/wp\/v2\/media?parent=947"}],"wp:term":[{"taxonomy":"product_brand","embeddable":true,"href":"https:\/\/tuzlahortum.com.tr\/ar\/wp-json\/wp\/v2\/product_brand?post=947"},{"taxonomy":"product_cat","embeddable":true,"href":"https:\/\/tuzlahortum.com.tr\/ar\/wp-json\/wp\/v2\/product_cat?post=947"},{"taxonomy":"product_tag","embeddable":true,"href":"https:\/\/tuzlahortum.com.tr\/ar\/wp-json\/wp\/v2\/product_tag?post=947"}],"curies":[{"name":"\u062f\u0628\u0644\u064a\u0648 \u0628\u064a","href":"https:\/\/api.w.org\/{rel}","templated":true}]}}