{"id":946,"date":"2019-02-06T23:56:14","date_gmt":"2019-02-06T20:56:14","guid":{"rendered":"http:\/\/hortum.com.tr\/product\/import-placeholder-for-519\/"},"modified":"2024-03-21T17:40:20","modified_gmt":"2024-03-21T14:40:20","slug":"trelleborg-boat-fuel-hose-iso-7840-a1","status":"publish","type":"product","link":"https:\/\/tuzlahortum.com.tr\/ar\/product\/trelleborg-boat-fuel-hose-iso-7840-a1\/","title":{"rendered":"\u062a\u0631\u064a\u0644\u0628\u0648\u0631\u062c \u062e\u0631\u0637\u0648\u0645 \u0648\u0642\u0648\u062f \u0627\u0644\u0642\u0627\u0631\u0628 ISO 7840 A1"},"content":{"rendered":"<h2>\u062a\u0631\u064a\u0644\u0628\u0648\u0631\u062c \u062e\u0631\u0637\u0648\u0645 \u0648\u0642\u0648\u062f \u0627\u0644\u0642\u0627\u0631\u0628 ISO 7840 A1<\/h2>\n<div>\u0632\u064a\u062a<\/div>\n<div>\u062e\u0631\u0637\u0648\u0645 \u0648\u0642\u0648\u062f \u0645\u0642\u0627\u0648\u0645 \u0644\u0644\u062d\u0631\u064a\u0642 \u064a\u0633\u062a\u062e\u062f\u0645 \u0641\u064a \u062a\u0637\u0628\u064a\u0642\u0627\u062a \u0627\u0644\u0642\u0648\u0627\u0631\u0628.<\/div>\n<div>\u064a\u062a\u0648\u0627\u0641\u0642 \u0645\u0639 \u0645\u062a\u0637\u0644\u0628\u0627\u062a CEN \u0639\u0644\u0649 \u0627\u0644\u0642\u0648\u0627\u0631\u0628 \u0627\u0644\u0631\u064a\u0627\u0636\u064a\u0629.<\/div>\n<div>\u0645\u0632\u0627\u064a\u0627<\/div>\n<div>* \u064a\u0644\u0628\u064a \u0623\u0639\u0644\u0649 \u0645\u0639\u0627\u064a\u064a\u0631 \u0627\u0644\u0646\u0641\u0627\u0630\u064a\u0629.<\/div>\n<div>* \u0645\u0639\u062a\u0645\u062f \u0645\u0646 \u0627\u0644\u0645\u0639\u0647\u062f \u0627\u0644\u062f\u0648\u0644\u064a \u0644\u0644\u0634\u0647\u0627\u062f\u0627\u062a \u0627\u0644\u0628\u062d\u0631\u064a\u0629.<\/div>\n<div>\u0627\u0644\u0648\u0635\u0641 \u0627\u0644\u0641\u0646\u064a<\/div>\n<div>\u0627\u0644\u0623\u0646\u0628\u0648\u0628 \u0627\u0644\u062f\u0627\u062e\u0644\u064a: NBR \u060c \u0623\u0633\u0648\u062f \u060c \u0645\u0633\u062a\u0642\u064a\u0645.<\/div>\n<div>\u0627\u0644\u062a\u0639\u0632\u064a\u0632: \u062c\u062f\u064a\u0644\u0629 \u0645\u0646 \u0627\u0644\u0646\u0633\u064a\u062c \u0627\u0644\u0635\u0646\u0627\u0639\u064a \u0645\u0639 \u0644\u0648\u0644\u0628 \u0641\u0648\u0644\u0627\u0630\u064a \u0645\u062f\u0645\u062c \u0644\u0640 INS&gt; 25 \u0645\u0645.<\/div>\n<div>\u0627\u0644\u0637\u0644\u0627\u0621: CR \u060c \u0623\u0633\u0648\u062f \u060c \u0639\u0627\u062f\u064a \u0644\u0640 DIA\u226425mm \u060c \u0645\u0638\u0647\u0631 \u0642\u0645\u0627\u0634 \u0646\u0627\u0639\u0645 \u0644\u0640 DIA&gt; 25mm.<\/div>\n<div>\u0646\u0637\u0627\u0642 \u062f\u0631\u062c\u0629 \u0627\u0644\u062d\u0631\u0627\u0631\u0629: -30 \u062f\u0631\u062c\u0629 \u0645\u0626\u0648\u064a\u0629 \u0625\u0644\u0649 + 100 \u062f\u0631\u062c\u0629 \u0645\u0626\u0648\u064a\u0629.<\/div>\n<div>\u0645\u0639\u0644\u0648\u0645\u0627\u062a \u0625\u0636\u0627\u0641\u064a\u0629<\/div>\n<div>\u064a\u062a\u0645 \u0625\u0646\u062a\u0627\u062c \u0623\u062d\u062c\u0627\u0645 \u0645\u062e\u062a\u0644\u0641\u0629 \u0639\u0646\u062f \u0627\u0644\u0637\u0644\u0628.<\/div>\n<div>\u064a\u062a\u0648\u0627\u0641\u0642 \u0645\u0639 SAE J 1527 type B1.<\/div>\n<div>\n<div class=\"video video-fit mb\" style=\"padding-top:56.25%;\"><p><iframe loading=\"lazy\" title=\"\u0627\u0631\u062a\u0628\u0627\u0643 \u0627\u0644\u0642\u064a\u0627\u0633 (\u0628\u0648\u0635\u0629\u060c \u0625\u0635\u0628\u0639\u060c \u0636\u0628\u0627\u0628\u060c \u0645\u0644\u0644\u064a\u0645\u062a\u0631)\" width=\"1020\" height=\"574\" src=\"https:\/\/www.youtube.com\/embed\/uKk6AG_AZls?feature=oembed\" frameborder=\"0\" allow=\"accelerometer; autoplay; clipboard-write; encrypted-media; gyroscope; picture-in-picture; web-share\" referrerpolicy=\"strict-origin-when-cross-origin\" allowfullscreen><\/iframe><\/p>\n<\/div>\n<div class=\"video video-fit mb\" style=\"padding-top:56.25%;\"><p>https:\/\/www.youtube.com\/watch?v=O8ZlzKEjfEQ%20<\/p>\n<\/div>\n<\/div>\n<p><img data-recalc-dims=\"1\" loading=\"lazy\" decoding=\"async\" class=\"alignnone size-medium wp-image-2131\" src=\"https:\/\/i0.wp.com\/hortum.com.tr\/wp-content\/uploads\/urunler\/trelleborg\/Trelleborg-BOAT-FUEL-HOSE-ISO-7840-A1-800x247.jpg?resize=800%2C247\" alt=\"\" width=\"800\" height=\"247\" title=\"\" srcset=\"https:\/\/i0.wp.com\/tuzlahortum.com.tr\/wp-content\/uploads\/urunler\/trelleborg\/Trelleborg-BOAT-FUEL-HOSE-ISO-7840-A1.jpg?resize=800%2C247&amp;ssl=1 800w, https:\/\/i0.wp.com\/tuzlahortum.com.tr\/wp-content\/uploads\/urunler\/trelleborg\/Trelleborg-BOAT-FUEL-HOSE-ISO-7840-A1.jpg?resize=768%2C237&amp;ssl=1 768w, https:\/\/i0.wp.com\/tuzlahortum.com.tr\/wp-content\/uploads\/urunler\/trelleborg\/Trelleborg-BOAT-FUEL-HOSE-ISO-7840-A1.jpg?resize=600%2C186&amp;ssl=1 600w, https:\/\/i0.wp.com\/tuzlahortum.com.tr\/wp-content\/uploads\/urunler\/trelleborg\/Trelleborg-BOAT-FUEL-HOSE-ISO-7840-A1.jpg?w=857&amp;ssl=1 857w\" sizes=\"auto, (max-width: 800px) 100vw, 800px\" \/><\/p>","protected":false},"excerpt":{"rendered":"<p>Trelleborg BOAT FUEL HOSE ISO 7840 A1 Ya\u011f Tekne uygulamalar\u0131nda kullan\u0131lan yanmaya dayan\u0131kl\u0131 yak\u0131t hortumu. Spor teknelerde CEN gerekliliklerine uygun. Avantajlar *Ge\u00e7irim direnci konusunda en y\u00fcksek standard\u0131 kar\u015f\u0131lar. *Uluslararas\u0131 Deniz Belgelendirme Enstit\u00fcs\u00fc taraf\u0131ndan belgelendirilmi\u015ftir. Teknik a\u00e7\u0131klama \u0130\u00e7 t\u00fcp :\u00a0NBR, siyah, d\u00fcz. Takviye :\u00a0\u0130\u00c7&gt;25mm i\u00e7in g\u00f6m\u00fcl\u00fc \u00e7elik helis bulunan sentetik tekstil \u00f6rg\u00fc. Kaplama :\u00a0CR, siyah, \u0130\u00c7\u226425mm [&#8230;]\n","protected":false},"featured_media":2626,"comment_status":"open","ping_status":"closed","template":"","meta":{"jetpack_post_was_ever_published":false},"product_brand":[],"product_cat":[187],"product_tag":[294,290,421,1229],"class_list":{"0":"post-946","1":"product","2":"type-product","3":"status-publish","4":"has-post-thumbnail","6":"product_cat-yag-ve-petrol-hortumu-uygulamalari","7":"product_tag-dayanikli","8":"product_tag-hortum","9":"product_tag-tekne","10":"product_tag-yakit","12":"first","13":"instock","14":"taxable","15":"shipping-taxable","16":"product-type-variable"},"jetpack-related-posts":[],"jetpack_sharing_enabled":true,"jetpack_likes_enabled":true,"_links":{"self":[{"href":"https:\/\/tuzlahortum.com.tr\/ar\/wp-json\/wp\/v2\/product\/946","targetHints":{"allow":["GET"]}}],"collection":[{"href":"https:\/\/tuzlahortum.com.tr\/ar\/wp-json\/wp\/v2\/product"}],"about":[{"href":"https:\/\/tuzlahortum.com.tr\/ar\/wp-json\/wp\/v2\/types\/product"}],"replies":[{"embeddable":true,"href":"https:\/\/tuzlahortum.com.tr\/ar\/wp-json\/wp\/v2\/comments?post=946"}],"wp:featuredmedia":[{"embeddable":true,"href":"https:\/\/tuzlahortum.com.tr\/ar\/wp-json\/wp\/v2\/media\/2626"}],"wp:attachment":[{"href":"https:\/\/tuzlahortum.com.tr\/ar\/wp-json\/wp\/v2\/media?parent=946"}],"wp:term":[{"taxonomy":"product_brand","embeddable":true,"href":"https:\/\/tuzlahortum.com.tr\/ar\/wp-json\/wp\/v2\/product_brand?post=946"},{"taxonomy":"product_cat","embeddable":true,"href":"https:\/\/tuzlahortum.com.tr\/ar\/wp-json\/wp\/v2\/product_cat?post=946"},{"taxonomy":"product_tag","embeddable":true,"href":"https:\/\/tuzlahortum.com.tr\/ar\/wp-json\/wp\/v2\/product_tag?post=946"}],"curies":[{"name":"\u062f\u0628\u0644\u064a\u0648 \u0628\u064a","href":"https:\/\/api.w.org\/{rel}","templated":true}]}}