{"id":944,"date":"2019-02-06T23:56:13","date_gmt":"2019-02-06T20:56:13","guid":{"rendered":"http:\/\/hortum.com.tr\/product\/import-placeholder-for-278\/"},"modified":"2024-03-21T17:40:22","modified_gmt":"2024-03-21T14:40:22","slug":"galvaniz-14-mm-hortum-kelepceleri","status":"publish","type":"product","link":"https:\/\/tuzlahortum.com.tr\/ar\/product\/galvaniz-14-mm-hortum-kelepceleri\/","title":{"rendered":"\u0645\u0634\u0627\u0628\u0643 \u062e\u0631\u0637\u0648\u0645 14 \u0645\u0644\u0645 \u0645\u062c\u0644\u0641\u0646\u0629"},"content":{"rendered":"<h2>\u0645\u0634\u0627\u0628\u0643 \u062e\u0631\u0637\u0648\u0645 14 \u0645\u0644\u0645 \u0645\u062c\u0644\u0641\u0646\u0629<\/h2>\n<p><b>\u0627\u0644\u0645\u0634\u0628\u0643 \u0648\u0627\u0644\u063a\u0637\u0627\u0621<\/b> \u0627\u0644\u0645\u0639\u064a\u0627\u0631 \u0627\u0644\u0642\u064a\u0627\u0633\u064a \u2022 DIN 1623 P2 - \u0627\u0644\u0635\u0644\u0628 \u0627\u0644\u0645\u062f\u0631\u0641\u0644 \u0639\u0644\u0649 \u0627\u0644\u0628\u0627\u0631\u062f. \u2022 DIN EN 10130: 1999 - \u0645\u0646\u0627\u0633\u0628 \u0644\u0639\u0645\u0644\u064a\u0629 \u0627\u0644\u0631\u0633\u0645<\/p>\n<p>\u0627\u0644\u0635\u0644\u0628 \u0627\u0644\u0645\u062f\u0631\u0641\u0644\u0629 \u0639\u0644\u0649 \u0627\u0644\u0628\u0627\u0631\u062f. <b>\u0623\u0646\u0648\u0627\u0639 \u0623\u0634\u0631\u0637\u0629 \u0627\u0644\u0645\u0634\u0628\u0643<\/b> \u2022 W1 (\u0645\u0637\u0644\u064a \u0628\u0627\u0644\u0632\u0646\u0643) - \u0634\u0631\u064a\u0637 \u0645\u062b\u0642\u0648\u0628 \u2022 \u0639\u0631\u0636 \u0627\u0644\u0634\u0631\u064a\u0637 14 \u0645\u0645 \u2022 \u0634\u0631\u064a\u0637 \u0645\u062d\u062f\u0628 \u0622\u0645\u0646<\/p>\n<p>\u064a\u062a\u0645 \u0645\u0646\u0639 \u0627\u0644\u062e\u0631\u0637\u0648\u0645 \u0627\u0644\u0645\u0634\u062f\u0648\u062f \u0628\u062d\u0648\u0627\u0641\u0647 \u0645\u0646 \u0627\u0644\u062a\u0644\u0641. <b>\u0623\u0641\u0633\u062f<\/b> \u0645\u0639\u064a\u0627\u0631 \u0645\u0639\u064a\u0627\u0631\u064a \u2022 \u062c\u0648\u062f\u0629 DIN EN 10263 Cq 15 - \u0644\u0644\u062a\u0634\u0643\u064a\u0644 \u0639\u0644\u0649 \u0627\u0644\u0628\u0627\u0631\u062f<\/p>\n<p>\u0645\u0627\u062f\u0629 \u0645\u0646\u0627\u0633\u0628\u0629 \u0644\u0642\u0636\u064a\u0628 \u0627\u0644\u0623\u0633\u0644\u0627\u0643.<\/p>\n<p><strong>\u0627\u0644\u0645\u0648\u0627\u0635\u0641\u0627\u062a \u0627\u0644\u0641\u0646\u064a\u0629 \u0648\u0642\u0627\u0626\u0645\u0629 \u0627\u0644\u0645\u0642\u0627\u0633\u0627\u062a<\/strong> \u00a0<\/p>\n<table class=\"prod-table prod-table-red\" cellspacing=\"0\" cellpadding=\"0\">\n<tbody>\n<tr>\n<th>\u00a0<\/th>\n<th colspan=\"2\"><span style=\"font-family: Tahoma; font-size: small;\"><strong>\u0642\u0637\u0631 \u0627\u0644\u062f\u0627\u0626\u0631\u0629<\/strong><\/span> \u0647\u0648<\/th>\n<th><span style=\"font-family: Tahoma; font-size: small;\"><strong>\u0639\u0631\u0636 \u0627\u0644\u0646\u0637\u0627\u0642<\/strong><\/span> (\u0628 1)<\/th>\n<th><span style=\"font-family: Tahoma; font-size: small;\"><strong>\u0633\u0645\u0643 \u0627\u0644\u0634\u0631\u064a\u0637<\/strong><\/span> (\u0633)<\/th>\n<th>\u0627\u0644\u0623\u0639\u0644\u0649. \u0639\u0632\u0645 \u0627\u0644\u062f\u0648\u0631\u0627\u0646<\/th>\n<th><span style=\"font-family: Tahoma; font-size: small;\"><strong>\u0643\u0645\u064a\u0629 \u0642\u0637\u0639\u0629 \/ \u0635\u0646\u062f\u0648\u0642<\/strong><\/span><\/th>\n<th><span style=\"font-family: Tahoma; font-size: small;\"><strong>\u0628\u0631\u063a\u064a \u0631\u0626\u064a\u0633 SW<\/strong><\/span><\/th>\n<\/tr>\n<tr class=\"unit\">\n<th>\u00a0<\/th>\n<th>\u0645\u0645<\/th>\n<th>\u0628\u0648\u0635\u0629<\/th>\n<th>\u0645\u0645<\/th>\n<th>\u0645\u0645<\/th>\n<th>\u0646\u0627\u0646\u0648\u0645\u062a\u0631<\/th>\n<th>\u062c\u0647\u0627\u0632 \u0643\u0645\u0628\u064a\u0648\u062a\u0631 \u0634\u062e\u0635\u0649<\/th>\n<th>\u00a0<\/th>\n<\/tr>\n<tr>\n<td>\u00a0<\/td>\n<td>19-26<\/td>\n<td>3\/4\u2033-1 1\/32\u2033<\/td>\n<td>14<\/td>\n<td>0,80<\/td>\n<td>6,0<\/td>\n<td>600<\/td>\n<td>SW8<\/td>\n<\/tr>\n<tr>\n<td>\u00a0<\/td>\n<td>20-30<\/td>\n<td>3\/4\u2033-1 3\/16\u2033<\/td>\n<td>14<\/td>\n<td>0,80<\/td>\n<td>5,0<\/td>\n<td>500<\/td>\n<td>SW8<\/td>\n<\/tr>\n<tr>\n<td>\u00a0<\/td>\n<td>22-36<\/td>\n<td>7\/8\u2033-1 27\/64\u2033<\/td>\n<td>14<\/td>\n<td>0,80<\/td>\n<td>8,5<\/td>\n<td>450<\/td>\n<td>SW8<\/td>\n<\/tr>\n<tr>\n<td>\u00a0<\/td>\n<td>25-42<\/td>\n<td>1\u2033-1 21\/32\u2033<\/td>\n<td>14<\/td>\n<td>0,80<\/td>\n<td>8,5<\/td>\n<td>400<\/td>\n<td>SW8<\/td>\n<\/tr>\n<tr>\n<td>\u00a0<\/td>\n<td>28-48<\/td>\n<td>1 3\/32\u2033-1 7\/8\u2033<\/td>\n<td>14<\/td>\n<td>0,80<\/td>\n<td>9,5<\/td>\n<td>350<\/td>\n<td>SW8<\/td>\n<\/tr>\n<tr>\n<td>\u00a0<\/td>\n<td>32-51<\/td>\n<td>2 1\/4\u2033-2\u2033<\/td>\n<td>14<\/td>\n<td>0,80<\/td>\n<td>9,5<\/td>\n<td>350<\/td>\n<td>SW8<\/td>\n<\/tr>\n<tr>\n<td>\u00a0<\/td>\n<td>38-58<\/td>\n<td>1 1\/2\u2033-1 9\/32\u2033<\/td>\n<td>14<\/td>\n<td>0,80<\/td>\n<td>9,5<\/td>\n<td>300<\/td>\n<td>SW8<\/td>\n<\/tr>\n<tr>\n<td>\u00a0<\/td>\n<td>44-64<\/td>\n<td>1 3\/4\u2033-2 1\/2\u2033<\/td>\n<td>14<\/td>\n<td>0,80<\/td>\n<td>9,5<\/td>\n<td>250<\/td>\n<td>SW8<\/td>\n<\/tr>\n<tr>\n<td>\u00a0<\/td>\n<td>51-72<\/td>\n<td>2\u2033-2 28\/32\u2033<\/td>\n<td>14<\/td>\n<td>0,80<\/td>\n<td>8,5<\/td>\n<td>200<\/td>\n<td>SW8<\/td>\n<\/tr>\n<tr>\n<td>\u00a0<\/td>\n<td>57-76<\/td>\n<td>2 1\/4\u2033-3\u2033<\/td>\n<td>14<\/td>\n<td>0,80<\/td>\n<td>8,5<\/td>\n<td>200<\/td>\n<td>SW8<\/td>\n<\/tr>\n<tr>\n<td>\u00a0<\/td>\n<td>65-82<\/td>\n<td>2 9\/16\u2033-3 15\/64\u2033<\/td>\n<td>14<\/td>\n<td>0,80<\/td>\n<td>8,5<\/td>\n<td>200<\/td>\n<td>SW8<\/td>\n<\/tr>\n<tr>\n<td>\u00a0<\/td>\n<td>76-92<\/td>\n<td>3\u20333 5\/8\u2033<\/td>\n<td>14<\/td>\n<td>0,80<\/td>\n<td>8,5<\/td>\n<td>150<\/td>\n<td>SW8<\/td>\n<\/tr>\n<tr>\n<td>\u00a0<\/td>\n<td>85-103<\/td>\n<td>3 1 1\/2\u2033-4 1\/16\u2033<\/td>\n<td>14<\/td>\n<td>0,80<\/td>\n<td>8,5<\/td>\n<td>125<\/td>\n<td>SW8<\/td>\n<\/tr>\n<tr>\n<td>\u00a0<\/td>\n<td>92-110<\/td>\n<td>3 5\/8\u2033-4 21\/64\u2033<\/td>\n<td>14<\/td>\n<td>0,80<\/td>\n<td>8,5<\/td>\n<td>125<\/td>\n<td>SW8<\/td>\n<\/tr>\n<tr>\n<td>\u00a0<\/td>\n<td>105-121<\/td>\n<td>4 9\/64\u2033-4 49\/64\u2033<\/td>\n<td>14<\/td>\n<td>0,80<\/td>\n<td>8,5<\/td>\n<td>100<\/td>\n<td>SW8<\/td>\n<\/tr>\n<tr>\n<td>\u00a0<\/td>\n<td>115-135<\/td>\n<td>4 17\/32\u2033-5 5\/16\u2033<\/td>\n<td>14<\/td>\n<td>0,80<\/td>\n<td>8,0<\/td>\n<td>100<\/td>\n<td>SW8<\/td>\n<\/tr>\n<tr>\n<td>\u00a0<\/td>\n<td>130-146<\/td>\n<td>5 1\/8\u2033-5 3\/4\u2033<\/td>\n<td>14<\/td>\n<td>0,80<\/td>\n<td>8,0<\/td>\n<td>75<\/td>\n<td>SW8<\/td>\n<\/tr>\n<tr>\n<td>\u00a0<\/td>\n<td>146-164<\/td>\n<td>5 3\/4\u2033-6 29\/64\u2033<\/td>\n<td>14<\/td>\n<td>0,80<\/td>\n<td>8,0<\/td>\n<td>75<\/td>\n<td>SW8<\/td>\n<\/tr>\n<tr>\n<td>\u00a0<\/td>\n<td>150-170<\/td>\n<td>5 7\/8\u2033-6 11\/16\u2033<\/td>\n<td>14<\/td>\n<td>0,80<\/td>\n<td>8,0<\/td>\n<td>50<\/td>\n<td>SW8<\/td>\n<\/tr>\n<tr>\n<td>\u00a0<\/td>\n<td>160-180<\/td>\n<td>6 1\/4\u2033-7 1\/32\u2033<\/td>\n<td>14<\/td>\n<td>0,80<\/td>\n<td>8,0<\/td>\n<td>40<\/td>\n<td>SW8<\/td>\n<\/tr>\n<tr>\n<td>\u00a0<\/td>\n<td>170-190<\/td>\n<td>6 11\/16\u2033-7 31\/64\u2033<\/td>\n<td>14<\/td>\n<td>0,80<\/td>\n<td>8,0<\/td>\n<td>25<\/td>\n<td>SW8<\/td>\n<\/tr>\n<tr>\n<td>\u00a0<\/td>\n<td>180-200<\/td>\n<td>7 1\/32\u2033-7 7\/8\u2033<\/td>\n<td>14<\/td>\n<td>0,80<\/td>\n<td>8,0<\/td>\n<td>25<\/td>\n<td>SW8<\/td>\n<\/tr>\n<tr>\n<td>\u00a0<\/td>\n<td>190-210<\/td>\n<td>7 31\/64\u2033-8 17\/64\u2033<\/td>\n<td>14<\/td>\n<td>0,80<\/td>\n<td>8,0<\/td>\n<td>25<\/td>\n<td>SW8<\/td>\n<\/tr>\n<\/tbody>\n<\/table>\n<p>\u00a0<\/p>","protected":false},"excerpt":{"rendered":"<p>Galvaniz 14 mm Hortum Kelep\u00e7eleri Kelep\u00e7e band &amp; Kapak Norm Standart\u0131 \u2022\u00a0DIN 1623 P2 \u2013 So\u011fuk Haddelenmi\u015f \u00c7elik. \u2022\u00a0DIN EN 10130:1999 \u2013 \u00c7ekme i\u015flemine uygun so\u011fuk haddelenmi\u015f \u00e7elik. Kelep\u00e7e band tipleri \u2022\u00a0W1 (\u00e7inko kaplama) \u2013 delikli band \u2022\u00a0Band geni\u015fli\u011fi 14mm \u2022\u00a0G\u00fcvenli d\u0131\u015f b\u00fckey band kenarlar\u0131yla s\u0131k\u0131lan hortumun zarar g\u00f6rmesi engellenmi\u015ftir. Vida Norm Standard \u2022\u00a0DIN EN [&#8230;]\n","protected":false},"featured_media":4103,"comment_status":"open","ping_status":"closed","template":"","meta":{"jetpack_post_was_ever_published":false},"product_brand":[],"product_cat":[113],"product_tag":[1226,2256,2257,1224,290,852],"class_list":{"0":"post-944","1":"product","2":"type-product","3":"status-publish","4":"has-post-thumbnail","6":"product_cat-vida-surumlu-kelepceler","7":"product_tag-14-mm","8":"product_tag-galvaniz-14-mm-hortum-kelepce","9":"product_tag-galvaniz-14-mm-kelepce","10":"product_tag-galveniz","11":"product_tag-hortum","12":"product_tag-kelepce","14":"first","15":"instock","16":"taxable","17":"shipping-taxable","18":"product-type-variable"},"jetpack-related-posts":[],"jetpack_sharing_enabled":true,"jetpack_likes_enabled":true,"_links":{"self":[{"href":"https:\/\/tuzlahortum.com.tr\/ar\/wp-json\/wp\/v2\/product\/944","targetHints":{"allow":["GET"]}}],"collection":[{"href":"https:\/\/tuzlahortum.com.tr\/ar\/wp-json\/wp\/v2\/product"}],"about":[{"href":"https:\/\/tuzlahortum.com.tr\/ar\/wp-json\/wp\/v2\/types\/product"}],"replies":[{"embeddable":true,"href":"https:\/\/tuzlahortum.com.tr\/ar\/wp-json\/wp\/v2\/comments?post=944"}],"wp:featuredmedia":[{"embeddable":true,"href":"https:\/\/tuzlahortum.com.tr\/ar\/wp-json\/wp\/v2\/media\/4103"}],"wp:attachment":[{"href":"https:\/\/tuzlahortum.com.tr\/ar\/wp-json\/wp\/v2\/media?parent=944"}],"wp:term":[{"taxonomy":"product_brand","embeddable":true,"href":"https:\/\/tuzlahortum.com.tr\/ar\/wp-json\/wp\/v2\/product_brand?post=944"},{"taxonomy":"product_cat","embeddable":true,"href":"https:\/\/tuzlahortum.com.tr\/ar\/wp-json\/wp\/v2\/product_cat?post=944"},{"taxonomy":"product_tag","embeddable":true,"href":"https:\/\/tuzlahortum.com.tr\/ar\/wp-json\/wp\/v2\/product_tag?post=944"}],"curies":[{"name":"\u062f\u0628\u0644\u064a\u0648 \u0628\u064a","href":"https:\/\/api.w.org\/{rel}","templated":true}]}}