{"id":943,"date":"2019-02-06T23:56:13","date_gmt":"2019-02-06T20:56:13","guid":{"rendered":"http:\/\/hortum.com.tr\/product\/import-placeholder-for-277\/"},"modified":"2024-03-21T17:40:22","modified_gmt":"2024-03-21T14:40:22","slug":"galvaniz-10-mm-hortum-kelepceleri","status":"publish","type":"product","link":"https:\/\/tuzlahortum.com.tr\/ar\/product\/galvaniz-10-mm-hortum-kelepceleri\/","title":{"rendered":"\u0645\u0634\u0627\u0628\u0643 \u062e\u0631\u0637\u0648\u0645 10 \u0645\u0644\u0645 \u0645\u062c\u0644\u0641\u0646\u0629"},"content":{"rendered":"<h2>\u0645\u0634\u0627\u0628\u0643 \u062e\u0631\u0637\u0648\u0645 10 \u0645\u0644\u0645 \u0645\u062c\u0644\u0641\u0646\u0629<\/h2>\n<p><b>\u0627\u0644\u0645\u0634\u0628\u0643 \u0648\u0627\u0644\u063a\u0637\u0627\u0621<\/b> \u0627\u0644\u0645\u0639\u064a\u0627\u0631 \u0627\u0644\u0642\u064a\u0627\u0633\u064a \u2022 DIN 1623 P2 - \u0627\u0644\u0635\u0644\u0628 \u0627\u0644\u0645\u062f\u0631\u0641\u0644 \u0639\u0644\u0649 \u0627\u0644\u0628\u0627\u0631\u062f. \u2022 DIN EN 10130: 1999 - \u0645\u0646\u0627\u0633\u0628 \u0644\u0639\u0645\u0644\u064a\u0629 \u0627\u0644\u0631\u0633\u0645<\/p>\n<p>\u0627\u0644\u0635\u0644\u0628 \u0627\u0644\u0645\u062f\u0631\u0641\u0644\u0629 \u0639\u0644\u0649 \u0627\u0644\u0628\u0627\u0631\u062f. <b>\u0623\u0646\u0648\u0627\u0639 \u0623\u0634\u0631\u0637\u0629 \u0627\u0644\u0645\u0634\u0628\u0643<\/b> \u2022 W1 (\u0645\u0637\u0644\u064a \u0628\u0627\u0644\u0632\u0646\u0643) - \u0634\u0631\u064a\u0637 \u0645\u062b\u0642\u0648\u0628 \u2022 \u0639\u0631\u0636 \u0627\u0644\u0634\u0631\u064a\u0637 10 \u0645\u0645 \u2022 \u0634\u0631\u064a\u0637 \u0645\u062d\u062f\u0628 \u0622\u0645\u0646<\/p>\n<p>\u064a\u062a\u0645 \u0645\u0646\u0639 \u0627\u0644\u062e\u0631\u0637\u0648\u0645 \u0627\u0644\u0645\u0634\u062f\u0648\u062f \u0628\u062d\u0648\u0627\u0641\u0647 \u0645\u0646 \u0627\u0644\u062a\u0644\u0641. <b>\u0623\u0641\u0633\u062f<\/b> \u0645\u0639\u064a\u0627\u0631 \u0645\u0639\u064a\u0627\u0631\u064a \u2022 \u062c\u0648\u062f\u0629 DIN EN 10263 Cq 15 - \u0644\u0644\u062a\u0634\u0643\u064a\u0644 \u0639\u0644\u0649 \u0627\u0644\u0628\u0627\u0631\u062f<\/p>\n<p>\u0645\u0627\u062f\u0629 \u0645\u0646\u0627\u0633\u0628\u0629 \u0644\u0642\u0636\u064a\u0628 \u0627\u0644\u0623\u0633\u0644\u0627\u0643.<\/p>\n<p><b>\u0627\u0644\u0645\u0648\u0627\u0635\u0641\u0627\u062a \u0627\u0644\u0641\u0646\u064a\u0629 \u0648\u0642\u0627\u0626\u0645\u0629 \u0627\u0644\u0645\u0642\u0627\u0633\u0627\u062a<\/b><\/p>\n<table class=\"prod-table prod-table-red\" style=\"height: 731px;\" width=\"936\" cellspacing=\"0\" cellpadding=\"0\">\n<tbody>\n<tr>\n<th>\u00a0<\/th>\n<th colspan=\"2\"><span style=\"font-family: Tahoma; font-size: small;\"><strong>\u0642\u0637\u0631 \u0627\u0644\u062f\u0627\u0626\u0631\u0629<\/strong><\/span> \u0647\u0648<\/th>\n<th><span style=\"font-family: Tahoma; font-size: small;\"><strong>\u0639\u0631\u0636 \u0627\u0644\u0646\u0637\u0627\u0642 <\/strong><\/span> (\u0628 1)<\/th>\n<th><span style=\"font-family: Tahoma; font-size: small;\"><strong>\u0633\u0645\u0643 \u0627\u0644\u0634\u0631\u064a\u0637 <\/strong><\/span> (\u0633)<\/th>\n<th>\u0627\u0644\u0623\u0639\u0644\u0649. \u0639\u0632\u0645 \u0627\u0644\u062f\u0648\u0631\u0627\u0646<\/th>\n<th><span style=\"font-family: Tahoma; font-size: small;\"><strong>\u0643\u0645\u064a\u0629 \u0642\u0637\u0639\u0629 \/ \u0635\u0646\u062f\u0648\u0642<\/strong><\/span><\/th>\n<th><span style=\"font-family: Tahoma; font-size: small;\"><strong>\u0628\u0631\u063a\u064a \u0631\u0626\u064a\u0633 SW<\/strong><\/span><\/th>\n<\/tr>\n<tr class=\"unit\">\n<th>\u00a0<\/th>\n<th>\u0645\u0645<\/th>\n<th>\u0628\u0648\u0635\u0629<\/th>\n<th>\u0645\u0645<\/th>\n<th>\u0645\u0645<\/th>\n<th>\u0646\u0627\u0646\u0648\u0645\u062a\u0631<\/th>\n<th>\u062c\u0647\u0627\u0632 \u0643\u0645\u0628\u064a\u0648\u062a\u0631 \u0634\u062e\u0635\u0649<\/th>\n<th>\u00a0<\/th>\n<\/tr>\n<tr>\n<td style=\"text-align: left;\">\u00a0<\/td>\n<td style=\"text-align: left;\">19-26<\/td>\n<td style=\"text-align: left;\">3\/4\u2033 - 1 1\/3\u2033<\/td>\n<td style=\"text-align: left;\">10<\/td>\n<td style=\"text-align: left;\">0,80<\/td>\n<td style=\"text-align: left;\">8,5<\/td>\n<td style=\"text-align: left;\">1.000<\/td>\n<td style=\"text-align: left;\">SW7<\/td>\n<\/tr>\n<tr>\n<td>\u00a0<\/td>\n<td>20-32<\/td>\n<td>3\/4\u2033 - 1 1\/4\u2033<\/td>\n<td>10<\/td>\n<td>0,80<\/td>\n<td>8,5<\/td>\n<td>1.000<\/td>\n<td>SW7<\/td>\n<\/tr>\n<tr>\n<td>\u00a0<\/td>\n<td>23-35<\/td>\n<td>8\/9\u2033 - 1 1\/4\u2033<\/td>\n<td>10<\/td>\n<td>0,80<\/td>\n<td>8,5<\/td>\n<td>1.000<\/td>\n<td>SW7<\/td>\n<\/tr>\n<tr>\n<td>\u00a0<\/td>\n<td>25-40<\/td>\n<td>1\u2033 - 1 5\/8\u2033<\/td>\n<td>10<\/td>\n<td>0,80<\/td>\n<td>9,5<\/td>\n<td>1.000<\/td>\n<td>SW7<\/td>\n<\/tr>\n<tr>\n<td>\u00a0<\/td>\n<td>28-48<\/td>\n<td>1 3\/32\u2033 - 1\u2033<\/td>\n<td>10<\/td>\n<td>0,80<\/td>\n<td>8,5<\/td>\n<td>1.000<\/td>\n<td>SW7<\/td>\n<\/tr>\n<tr>\n<td>\u00a0<\/td>\n<td>30-45<\/td>\n<td>7\/8\u2033<\/td>\n<td>10<\/td>\n<td>0,80<\/td>\n<td>9,5<\/td>\n<td>1.000<\/td>\n<td>SW7<\/td>\n<\/tr>\n<tr>\n<td>\u00a0<\/td>\n<td>32-50<\/td>\n<td>1 1\/6\u2033 - 1 3\/4\u2033<\/td>\n<td>10<\/td>\n<td>0,80<\/td>\n<td>9,5<\/td>\n<td>1.000<\/td>\n<td>SW7<\/td>\n<\/tr>\n<tr>\n<td>\u00a0<\/td>\n<td>40-60<\/td>\n<td>1 1\/4\u2033 - 2\u2033<\/td>\n<td>10<\/td>\n<td>0,80<\/td>\n<td>9,5<\/td>\n<td>1.000<\/td>\n<td>SW7<\/td>\n<\/tr>\n<tr>\n<td>\u00a0<\/td>\n<td>44-64<\/td>\n<td>1 5\/8\u2033 - 2\u2033<\/td>\n<td>10<\/td>\n<td>0,80<\/td>\n<td>9,5<\/td>\n<td>1.000<\/td>\n<td>SW7<\/td>\n<\/tr>\n<tr>\n<td>\u00a0<\/td>\n<td>50-70<\/td>\n<td>3\/8\u2033<\/td>\n<td>10<\/td>\n<td>0,80<\/td>\n<td>8,5<\/td>\n<td>1.000<\/td>\n<td>SW7<\/td>\n<\/tr>\n<tr>\n<td>\u00a0<\/td>\n<td>60-80<\/td>\n<td>1 3\/4\u2033 - 2\u2033<\/td>\n<td>10<\/td>\n<td>0,80<\/td>\n<td>8,5<\/td>\n<td>1.000<\/td>\n<td>SW7<\/td>\n<\/tr>\n<tr>\n<td>\u00a0<\/td>\n<td>70-90<\/td>\n<td>1\/2\u2033<\/td>\n<td>10<\/td>\n<td>0,80<\/td>\n<td>8,5<\/td>\n<td>1.000<\/td>\n<td>SW7<\/td>\n<\/tr>\n<tr>\n<td>\u00a0<\/td>\n<td>80-100<\/td>\n<td>2\u2033 - 2 3\/4\u2033<\/td>\n<td>10<\/td>\n<td>0,80<\/td>\n<td>8,5<\/td>\n<td>1.000<\/td>\n<td>SW7<\/td>\n<\/tr>\n<tr>\n<td>\u00a0<\/td>\n<td>90-110<\/td>\n<td>2 3\/8\u2033 - 3\u2033<\/td>\n<td>10<\/td>\n<td>0,80<\/td>\n<td>8,5<\/td>\n<td>1.000<\/td>\n<td>SW7<\/td>\n<\/tr>\n<tr>\n<td>\u00a0<\/td>\n<td>100-120<\/td>\n<td>1\/8\u2033<\/td>\n<td>10<\/td>\n<td>0,80<\/td>\n<td>8,5<\/td>\n<td>1.000<\/td>\n<td>SW7<\/td>\n<\/tr>\n<tr>\n<td>\u00a0<\/td>\n<td>110-130<\/td>\n<td>2 3\/4\u2033 - 3\u2033<\/td>\n<td>10<\/td>\n<td>0,80<\/td>\n<td>8,5<\/td>\n<td>1.000<\/td>\n<td>SW7<\/td>\n<\/tr>\n<tr>\n<td>\u00a0<\/td>\n<td>120-140<\/td>\n<td>1\/2\u2033<\/td>\n<td>10<\/td>\n<td>0,80<\/td>\n<td>8<\/td>\n<td>1.000<\/td>\n<td>SW7<\/td>\n<\/tr>\n<tr>\n<td>\u00a0<\/td>\n<td>130-150<\/td>\n<td>3 1\/8\u2033 - 4\u2033<\/td>\n<td>10<\/td>\n<td>0,80<\/td>\n<td>8<\/td>\n<td>1.000<\/td>\n<td>SW7<\/td>\n<\/tr>\n<tr>\n<td>\u00a0<\/td>\n<td>140-160<\/td>\n<td>3 1\/2 - 4\u2033<\/td>\n<td>10<\/td>\n<td>0,80<\/td>\n<td>8<\/td>\n<td>1.000<\/td>\n<td>SW7<\/td>\n<\/tr>\n<tr>\n<td>\u00a0<\/td>\n<td>150-170<\/td>\n<td>3\/8\u2033<\/td>\n<td>10<\/td>\n<td>0,80<\/td>\n<td>8<\/td>\n<td>1.000<\/td>\n<td>SW7<\/td>\n<\/tr>\n<tr>\n<td>\u00a0<\/td>\n<td>160-180<\/td>\n<td>4\u2033 - 4 3\/4\u2033<\/td>\n<td>10<\/td>\n<td>0,80<\/td>\n<td>8<\/td>\n<td>1.000<\/td>\n<td>SW7<\/td>\n<\/tr>\n<tr>\n<td>\u00a0<\/td>\n<td>170-190<\/td>\n<td>4 3\/8\u2033 - 5\u2033<\/td>\n<td>10<\/td>\n<td>0,80<\/td>\n<td>8<\/td>\n<td>1.000<\/td>\n<td>SW7<\/td>\n<\/tr>\n<tr>\n<td>\u00a0<\/td>\n<td>180-200<\/td>\n<td>1\/8\u2033<\/td>\n<td>10<\/td>\n<td>0,80<\/td>\n<td>8<\/td>\n<td>1.000<\/td>\n<td>SW7<\/td>\n<\/tr>\n<tr>\n<td>\u00a0<\/td>\n<td>190-210<\/td>\n<td>4 3\/4\u2033 - 5\u2033<\/td>\n<td>10<\/td>\n<td>0,80<\/td>\n<td>8<\/td>\n<td>1.000<\/td>\n<td>SW7<\/td>\n<\/tr>\n<tr>\n<td>\u00a0<\/td>\n<td>200-220<\/td>\n<td>1\/2\u2033<\/td>\n<td>10<\/td>\n<td>0,80<\/td>\n<td>8<\/td>\n<td>1.000<\/td>\n<td>SW7<\/td>\n<\/tr>\n<tr>\n<td>\u00a0<\/td>\n<td>210-230<\/td>\n<td>5 1\/8\u2033 - 5\u2033<\/td>\n<td>10<\/td>\n<td>0,80<\/td>\n<td>8<\/td>\n<td>1.000<\/td>\n<td>SW7<\/td>\n<\/tr>\n<tr>\n<td>\u00a0<\/td>\n<td>220-240<\/td>\n<td>7\/8\u2033<\/td>\n<td>10<\/td>\n<td>0,80<\/td>\n<td>7,5<\/td>\n<td>1.000<\/td>\n<td>SW7<\/td>\n<\/tr>\n<tr>\n<td>\u00a0<\/td>\n<td>230-250<\/td>\n<td>5 1\/2\u2033 - 6\u2033<\/td>\n<td>10<\/td>\n<td>0,80<\/td>\n<td>7,5<\/td>\n<td>1.000<\/td>\n<td>SW7<\/td>\n<\/tr>\n<tr>\n<td>\u00a0<\/td>\n<td>240-260<\/td>\n<td>1\/4\u2033<\/td>\n<td>10<\/td>\n<td>0,80<\/td>\n<td>7,5<\/td>\n<td>1.000<\/td>\n<td>SW7<\/td>\n<\/tr>\n<tr>\n<td style=\"text-align: left;\">\u00a0<\/td>\n<td style=\"text-align: left;\">250-270<\/td>\n<td style=\"text-align: left;\">5 7\/8\u2033 - 6\u2033<\/td>\n<td style=\"text-align: left;\">10<\/td>\n<td style=\"text-align: left;\">0,80<\/td>\n<td style=\"text-align: left;\">7,5<\/td>\n<td style=\"text-align: left;\">1.000<\/td>\n<td style=\"text-align: left;\">SW7<\/td>\n<\/tr>\n<\/tbody>\n<\/table>\n<p>\u00a0<\/p>\n<p>\u00a0<\/p>\n<p>\u00a0<\/p>","protected":false},"excerpt":{"rendered":"<p>Galvaniz 10 mm Hortum Kelep\u00e7eleri Kelep\u00e7e band &amp; Kapak Norm Standart\u0131 \u2022\u00a0DIN 1623 P2 \u2013 So\u011fuk Haddelenmi\u015f \u00c7elik. \u2022\u00a0DIN EN 10130:1999 \u2013 \u00c7ekme i\u015flemine uygun so\u011fuk haddelenmi\u015f \u00e7elik. Kelep\u00e7e band tipleri \u2022\u00a0W1 (\u00e7inko kaplama) \u2013 delikli band \u2022\u00a0Band geni\u015fli\u011fi 10mm \u2022\u00a0G\u00fcvenli d\u0131\u015f b\u00fckey band kenarlar\u0131yla s\u0131k\u0131lan hortumun zarar g\u00f6rmesi engellenmi\u015ftir. Vida Norm Standard \u2022\u00a0DIN EN [&#8230;]\n","protected":false},"featured_media":4103,"comment_status":"open","ping_status":"closed","template":"","meta":[],"product_brand":[],"product_cat":[113],"product_tag":[1225,2258,2259,1224,290,852],"class_list":{"0":"post-943","1":"product","2":"type-product","3":"status-publish","4":"has-post-thumbnail","6":"product_cat-vida-surumlu-kelepceler","7":"product_tag-10-mm","8":"product_tag-galvaniz-10-mm-hortum-kelepce","9":"product_tag-galvaniz-10-mm-kelepce","10":"product_tag-galveniz","11":"product_tag-hortum","12":"product_tag-kelepce","14":"first","15":"instock","16":"taxable","17":"shipping-taxable","18":"product-type-variable"},"jetpack-related-posts":[{"id":942,"url":"https:\/\/tuzlahortum.com.tr\/ar\/product\/galvaniz-8-5-mm-hortum-kelepceleri\/","url_meta":{"origin":943,"position":0},"title":"\u0645\u0634\u0627\u0628\u0643 \u062e\u0631\u0637\u0648\u0645 8.5 \u0645\u0645 \u0645\u062c\u0644\u0641\u0646\u0629","author":"admin","date":"6 \u0641\u0628\u0631\u0627\u064a\u0631 2019","format":false,"excerpt":"Galvaniz 8.5 mm Hortum Kelep\u00e7eleriKelep\u00e7e band & Kapak Norm Standart\u0131 \u2022\u00a0DIN 1623 P2 \u2013 So\u011fuk Haddelenmi\u015f \u00c7elik. \u2022\u00a0DIN EN 10130:1999 \u2013 \u00c7ekme i\u015flemine uygun so\u011fuk haddelenmi\u015f \u00e7elik. Kelep\u00e7e band tipleri \u2022\u00a0W1 (\u00e7inko kaplama) \u2013 delikli band \u2022\u00a0Band geni\u015fli\u011fi 8.5 mm \u2022\u00a0G\u00fcvenli d\u0131\u015f b\u00fckey band kenarlar\u0131yla s\u0131k\u0131lan hortumun zarar g\u00f6rmesi engellenmi\u015ftir.\u2026","rel":"","context":"\u062a\u062f\u0648\u064a\u0646\u0629 \u0645\u0634\u0627\u0628\u0647\u0629","block_context":{"text":"\u062a\u062f\u0648\u064a\u0646\u0629 \u0645\u0634\u0627\u0628\u0647\u0629","link":""},"img":{"alt_text":"","src":"https:\/\/i0.wp.com\/tuzlahortum.com.tr\/wp-content\/uploads\/2019\/02\/tork-kelep%C3%A7e-d.jpg?fit=605%2C601&ssl=1&resize=350%2C200","width":350,"height":200,"srcset":"https:\/\/i0.wp.com\/tuzlahortum.com.tr\/wp-content\/uploads\/2019\/02\/tork-kelep%C3%A7e-d.jpg?fit=605%2C601&ssl=1&resize=350%2C200 1x, https:\/\/i0.wp.com\/tuzlahortum.com.tr\/wp-content\/uploads\/2019\/02\/tork-kelep%C3%A7e-d.jpg?fit=605%2C601&ssl=1&resize=525%2C300 1.5x"},"classes":[]},{"id":944,"url":"https:\/\/tuzlahortum.com.tr\/ar\/product\/galvaniz-14-mm-hortum-kelepceleri\/","url_meta":{"origin":943,"position":1},"title":"\u0645\u0634\u0627\u0628\u0643 \u062e\u0631\u0637\u0648\u0645 14 \u0645\u0644\u0645 \u0645\u062c\u0644\u0641\u0646\u0629","author":"admin","date":"6 \u0641\u0628\u0631\u0627\u064a\u0631 2019","format":false,"excerpt":"Galvaniz 14 mm Hortum Kelep\u00e7eleriKelep\u00e7e band & Kapak Norm Standart\u0131 \u2022\u00a0DIN 1623 P2 \u2013 So\u011fuk Haddelenmi\u015f \u00c7elik. \u2022\u00a0DIN EN 10130:1999 \u2013 \u00c7ekme i\u015flemine uygunso\u011fuk haddelenmi\u015f \u00e7elik. Kelep\u00e7e band tipleri \u2022\u00a0W1 (\u00e7inko kaplama) \u2013 delikli band \u2022\u00a0Band geni\u015fli\u011fi 14mm \u2022\u00a0G\u00fcvenli d\u0131\u015f b\u00fckey bandkenarlar\u0131yla s\u0131k\u0131lan hortumun zarar g\u00f6rmesi engellenmi\u015ftir. Vida Norm Standard\u2026","rel":"","context":"\u062a\u062f\u0648\u064a\u0646\u0629 \u0645\u0634\u0627\u0628\u0647\u0629","block_context":{"text":"\u062a\u062f\u0648\u064a\u0646\u0629 \u0645\u0634\u0627\u0628\u0647\u0629","link":""},"img":{"alt_text":"","src":"https:\/\/i0.wp.com\/tuzlahortum.com.tr\/wp-content\/uploads\/2019\/02\/tork-kelep%C3%A7e-d.jpg?fit=605%2C601&ssl=1&resize=350%2C200","width":350,"height":200,"srcset":"https:\/\/i0.wp.com\/tuzlahortum.com.tr\/wp-content\/uploads\/2019\/02\/tork-kelep%C3%A7e-d.jpg?fit=605%2C601&ssl=1&resize=350%2C200 1x, https:\/\/i0.wp.com\/tuzlahortum.com.tr\/wp-content\/uploads\/2019\/02\/tork-kelep%C3%A7e-d.jpg?fit=605%2C601&ssl=1&resize=525%2C300 1.5x"},"classes":[]},{"id":931,"url":"https:\/\/tuzlahortum.com.tr\/ar\/product\/band-buckle-kelepce\/","url_meta":{"origin":943,"position":2},"title":"\u0645\u0634\u0628\u0643 \u062d\u0632\u0627\u0645 \u0648\u0645\u0634\u0628\u0643","author":"admin","date":"6 \u0641\u0628\u0631\u0627\u064a\u0631 2019","format":false,"excerpt":"Band & Buckle Kelep\u00e7eBand & Buckle paslanmaz \u00e7elik serbest boy kelep\u00e7e modelleri standartlar\u0131n \u00fczerindeki \u00e7aplarda s\u0131zd\u0131rmazl\u0131k ve sabitleme ama\u00e7l\u0131 tasarlanm\u0131\u015flard\u0131r. Bu serbest boy kelep\u00e7elerin korozyon diren\u00e7leri y\u00fcksektir. DIN 1.4301 (AISI 304) malzemeden \u00fcretilmektedir. \u0130stenilen \u00e7ap i\u00e7in uygulanmas\u0131 olduk\u00e7a basit olan bu serbest boy paslanmaz hortum kelep\u00e7esi modelleri bir s\u0131kma aparat\u0131\u2026","rel":"","context":"\u062a\u062f\u0648\u064a\u0646\u0629 \u0645\u0634\u0627\u0628\u0647\u0629","block_context":{"text":"\u062a\u062f\u0648\u064a\u0646\u0629 \u0645\u0634\u0627\u0628\u0647\u0629","link":""},"img":{"alt_text":"","src":"https:\/\/i0.wp.com\/tuzlahortum.com.tr\/wp-content\/uploads\/urunler\/kelepceler\/bandbucklekelepce.jpg?fit=500%2C350&ssl=1&resize=350%2C200","width":350,"height":200},"classes":[]},{"id":745,"url":"https:\/\/tuzlahortum.com.tr\/ar\/product\/12mm-vida-surumlu-kelepceler\/","url_meta":{"origin":943,"position":3},"title":"12mm \u0628\u0631\u063a\u064a \u0646\u0633\u062e\u0629 \u0627\u0644\u0645\u0634\u0627\u0628\u0643","author":"admin","date":"6 \u0641\u0628\u0631\u0627\u064a\u0631 2019","format":false,"excerpt":"12mm Vida S\u00fcr\u00fcml\u00fc Kelep\u00e7eler 12mm bant geni\u015fli\u011finde\u00a0DIN 3017\u00a0normuna g\u00f6re \u00fcretilen Kale vida s\u00fcr\u00fcml\u00fc hortum kelep\u00e7esi modelleri, geni\u015f \u00e7ap se\u00e7enekleri ile bir \u00e7ok sekt\u00f6rde rahatl\u0131kla kullan\u0131lmaktad\u0131r. KALE vida s\u00fcr\u00fcml\u00fc hortum kelep\u00e7esi modelleri, bant\/yuva\/vida malzeme kombinasyonlar\u0131 (W2B, W2, W3, W4, W5), 7mm alt\u0131gen vida ba\u015f\u0131 (y\u0131ld\u0131z ve d\u00fcz tornavida a\u011f\u0131zl\u0131) se\u00e7enekleri ile\u2026","rel":"","context":"\u062a\u062f\u0648\u064a\u0646\u0629 \u0645\u0634\u0627\u0628\u0647\u0629","block_context":{"text":"\u062a\u062f\u0648\u064a\u0646\u0629 \u0645\u0634\u0627\u0628\u0647\u0629","link":""},"img":{"alt_text":"","src":"https:\/\/i0.wp.com\/tuzlahortum.com.tr\/wp-content\/uploads\/2019\/02\/12-MM-V%C4%B0DA-S%C3%9CR%C3%9CML%C3%9C-KELEP%C3%87E.jpg?fit=691%2C725&ssl=1&resize=350%2C200","width":350,"height":200,"srcset":"https:\/\/i0.wp.com\/tuzlahortum.com.tr\/wp-content\/uploads\/2019\/02\/12-MM-V%C4%B0DA-S%C3%9CR%C3%9CML%C3%9C-KELEP%C3%87E.jpg?fit=691%2C725&ssl=1&resize=350%2C200 1x, https:\/\/i0.wp.com\/tuzlahortum.com.tr\/wp-content\/uploads\/2019\/02\/12-MM-V%C4%B0DA-S%C3%9CR%C3%9CML%C3%9C-KELEP%C3%87E.jpg?fit=691%2C725&ssl=1&resize=525%2C300 1.5x"},"classes":[]},{"id":945,"url":"https:\/\/tuzlahortum.com.tr\/ar\/product\/9mm-vida-surumlu-kelepceler\/","url_meta":{"origin":943,"position":4},"title":"9mm \u0628\u0631\u063a\u064a \u0646\u0633\u062e\u0629 \u0627\u0644\u0645\u0634\u0627\u0628\u0643","author":"admin","date":"6 \u0641\u0628\u0631\u0627\u064a\u0631 2019","format":false,"excerpt":"9mm Vida S\u00fcr\u00fcml\u00fc Kelep\u00e7eler 9mm bant geni\u015fli\u011finde\u00a0DIN 3017\u00a0normuna g\u00f6re \u00fcretilen Kale vida s\u00fcr\u00fcml\u00fc hortum kelep\u00e7esi modelleri, geni\u015f \u00e7ap se\u00e7enekleri ile bir \u00e7ok sekt\u00f6rde rahatl\u0131kla kullan\u0131lmaktad\u0131r. KALE vida s\u00fcr\u00fcml\u00fc hortum kelep\u00e7esi modelleri, bant\/yuva\/vida malzeme kombinasyonlar\u0131 (W2B, W2, W3, W4, W5), 7mm alt\u0131gen vida ba\u015f\u0131 (y\u0131ld\u0131z ve d\u00fcz tornavida a\u011f\u0131zl\u0131) se\u00e7enekleri ile\u2026","rel":"","context":"\u062a\u062f\u0648\u064a\u0646\u0629 \u0645\u0634\u0627\u0628\u0647\u0629","block_context":{"text":"\u062a\u062f\u0648\u064a\u0646\u0629 \u0645\u0634\u0627\u0628\u0647\u0629","link":""},"img":{"alt_text":"","src":"https:\/\/i0.wp.com\/tuzlahortum.com.tr\/wp-content\/uploads\/2019\/02\/9-MM-V%C4%B0DA-S%C3%9CR%C3%9CML%C3%9C-KELEP%C3%87E.jpg?fit=699%2C753&ssl=1&resize=350%2C200","width":350,"height":200,"srcset":"https:\/\/i0.wp.com\/tuzlahortum.com.tr\/wp-content\/uploads\/2019\/02\/9-MM-V%C4%B0DA-S%C3%9CR%C3%9CML%C3%9C-KELEP%C3%87E.jpg?fit=699%2C753&ssl=1&resize=350%2C200 1x, https:\/\/i0.wp.com\/tuzlahortum.com.tr\/wp-content\/uploads\/2019\/02\/9-MM-V%C4%B0DA-S%C3%9CR%C3%9CML%C3%9C-KELEP%C3%87E.jpg?fit=699%2C753&ssl=1&resize=525%2C300 1.5x"},"classes":[]},{"id":742,"url":"https:\/\/tuzlahortum.com.tr\/ar\/product\/strip-steel-serit-kelepce\/","url_meta":{"origin":943,"position":5},"title":"\u0642\u0637\u0627\u0639 \u0627\u0644\u0635\u0644\u0628 - \u0634\u0631\u064a\u0637 \u0627\u0644\u0645\u0634\u0628\u0643","author":"admin","date":"6 \u0641\u0628\u0631\u0627\u064a\u0631 2019","format":false,"excerpt":"Strip Steel - \u015eerit Kelep\u00e7eStrip-Steel Serbest Boy Paslanmaz kelep\u00e7eler 30 metrelik rulolar halindedir. Klipsleri sayesinde uygulama noktas\u0131nda istenilen \u00e7apta kullan\u0131ma olanak sa\u011flarlar. BANT MALZEMES\u0130 PASLANMAZ \u00c7EL\u0130K (W2- 430 KAL\u0130TE) BANT KALINLI\u011eI 0,60 mm BANT GEN\u0130\u015eL\u0130\u011e\u0130 9 mm BANT UZUNLU\u011eU 30 mt","rel":"","context":"\u062a\u062f\u0648\u064a\u0646\u0629 \u0645\u0634\u0627\u0628\u0647\u0629","block_context":{"text":"\u062a\u062f\u0648\u064a\u0646\u0629 \u0645\u0634\u0627\u0628\u0647\u0629","link":""},"img":{"alt_text":"","src":"https:\/\/i0.wp.com\/tuzlahortum.com.tr\/wp-content\/uploads\/urunler\/kelepceler\/st-strip-steel-kelepce.jpg?fit=500%2C300&ssl=1&resize=350%2C200","width":350,"height":200},"classes":[]}],"jetpack_sharing_enabled":true,"jetpack_likes_enabled":true,"_links":{"self":[{"href":"https:\/\/tuzlahortum.com.tr\/ar\/wp-json\/wp\/v2\/product\/943","targetHints":{"allow":["GET"]}}],"collection":[{"href":"https:\/\/tuzlahortum.com.tr\/ar\/wp-json\/wp\/v2\/product"}],"about":[{"href":"https:\/\/tuzlahortum.com.tr\/ar\/wp-json\/wp\/v2\/types\/product"}],"replies":[{"embeddable":true,"href":"https:\/\/tuzlahortum.com.tr\/ar\/wp-json\/wp\/v2\/comments?post=943"}],"wp:featuredmedia":[{"embeddable":true,"href":"https:\/\/tuzlahortum.com.tr\/ar\/wp-json\/wp\/v2\/media\/4103"}],"wp:attachment":[{"href":"https:\/\/tuzlahortum.com.tr\/ar\/wp-json\/wp\/v2\/media?parent=943"}],"wp:term":[{"taxonomy":"product_brand","embeddable":true,"href":"https:\/\/tuzlahortum.com.tr\/ar\/wp-json\/wp\/v2\/product_brand?post=943"},{"taxonomy":"product_cat","embeddable":true,"href":"https:\/\/tuzlahortum.com.tr\/ar\/wp-json\/wp\/v2\/product_cat?post=943"},{"taxonomy":"product_tag","embeddable":true,"href":"https:\/\/tuzlahortum.com.tr\/ar\/wp-json\/wp\/v2\/product_tag?post=943"}],"curies":[{"name":"\u062f\u0628\u0644\u064a\u0648 \u0628\u064a","href":"https:\/\/api.w.org\/{rel}","templated":true}]}}