{"id":942,"date":"2019-02-06T23:56:12","date_gmt":"2019-02-06T20:56:12","guid":{"rendered":"http:\/\/hortum.com.tr\/product\/import-placeholder-for-276\/"},"modified":"2024-03-21T17:40:23","modified_gmt":"2024-03-21T14:40:23","slug":"galvaniz-8-5-mm-hortum-kelepceleri","status":"publish","type":"product","link":"https:\/\/tuzlahortum.com.tr\/ar\/product\/galvaniz-8-5-mm-hortum-kelepceleri\/","title":{"rendered":"\u0645\u0634\u0627\u0628\u0643 \u062e\u0631\u0637\u0648\u0645 8.5 \u0645\u0645 \u0645\u062c\u0644\u0641\u0646\u0629"},"content":{"rendered":"<h2>\u0645\u0634\u0627\u0628\u0643 \u062e\u0631\u0637\u0648\u0645 8.5 \u0645\u0645 \u0645\u062c\u0644\u0641\u0646\u0629<\/h2>\n<p><b>\u0627\u0644\u0645\u0634\u0628\u0643 \u0648\u0627\u0644\u063a\u0637\u0627\u0621<\/b> \u0627\u0644\u0645\u0639\u064a\u0627\u0631 \u0627\u0644\u0642\u064a\u0627\u0633\u064a \u2022 DIN 1623 P2 - \u0627\u0644\u0635\u0644\u0628 \u0627\u0644\u0645\u062f\u0631\u0641\u0644 \u0639\u0644\u0649 \u0627\u0644\u0628\u0627\u0631\u062f. \u2022 DIN EN 10130: 1999 - \u0644\u0644\u0631\u0633\u0645<\/p>\n<p>\u0627\u0644\u0641\u0648\u0644\u0627\u0630 \u0627\u0644\u0645\u062f\u0644\u0641\u0646 \u0639\u0644\u0649 \u0627\u0644\u0628\u0627\u0631\u062f \u0627\u0644\u0645\u0646\u0627\u0633\u0628. <b>\u0623\u0646\u0648\u0627\u0639 \u0623\u0634\u0631\u0637\u0629 \u0627\u0644\u0645\u0634\u0628\u0643<\/b> \u2022 W1 (\u0645\u0637\u0644\u064a \u0628\u0627\u0644\u0632\u0646\u0643) - \u0634\u0631\u064a\u0637 \u0645\u062b\u0642\u0648\u0628 \u2022 \u0639\u0631\u0636 \u0627\u0644\u062d\u0632\u0627\u0645 8.5 \u0645\u0645 \u2022 \u062a\u0623\u0645\u064a\u0646 \u0627\u0644\u062c\u0632\u0621 \u0627\u0644\u062e\u0627\u0631\u062c\u064a<\/p>\n<p>\u064a\u062a\u0645 \u0645\u0646\u0639 \u0627\u0644\u062e\u0631\u0637\u0648\u0645 \u0627\u0644\u0645\u0634\u062f\u0648\u062f \u0628\u062d\u0648\u0627\u0641 \u0627\u0644\u0634\u0631\u064a\u0637 \u0627\u0644\u0645\u062d\u062f\u0628 \u0645\u0646 \u0627\u0644\u062a\u0644\u0641. <b>\u0623\u0641\u0633\u062f<\/b> \u0645\u0639\u064a\u0627\u0631 \u0642\u064a\u0627\u0633\u064a \u2022 DIN EN 10263 \u062c\u0648\u062f\u0629 Cq 15 - \u0628\u0627\u0631\u062f<\/p>\n<p>\u0645\u0627\u062f\u0629 \u0642\u0636\u0628\u0627\u0646 \u0627\u0644\u0623\u0633\u0644\u0627\u0643 \u0645\u0646\u0627\u0633\u0628\u0629 \u0644\u0644\u062a\u0634\u0643\u064a\u0644. \u2022 \u0627\u0644\u0645\u0633\u0627\u0641\u0629 \u0628\u064a\u0646 \u0627\u0644\u062d\u0648\u0627\u0641 \u0627\u0644\u0645\u0633\u062a\u0642\u064a\u0645\u0629 \u0627\u0644\u0645\u062a\u0642\u0627\u0628\u0644\u0629 (SW) \u0644\u062c\u0645\u064a\u0639 \u0627\u0644\u0645\u0646\u062a\u062c\u0627\u062a \u0647\u064a 7 \u0645\u0645.<\/p>\n<p><b>\u0627\u0644\u0645\u0648\u0627\u0635\u0641\u0627\u062a \u0627\u0644\u0641\u0646\u064a\u0629 \u0648\u0642\u0627\u0626\u0645\u0629 \u0627\u0644\u0645\u0642\u0627\u0633\u0627\u062a<\/b><\/p>\n<table class=\"prod-table prod-table-red\" style=\"height: 241px;\" width=\"888\" cellspacing=\"0\" cellpadding=\"0\">\n<tbody>\n<tr>\n<th><\/th>\n<th colspan=\"2\"><span style=\"font-family: Tahoma; font-size: small;\"><strong>\u0642\u0637\u0631 \u0627\u0644\u062f\u0627\u0626\u0631\u0629<\/strong><\/span> \u0647\u0648<\/th>\n<th><span style=\"font-family: Tahoma; font-size: small;\"><strong>\u0639\u0631\u0636 \u0627\u0644\u0646\u0637\u0627\u0642 <\/strong><\/span> (\u0628 1)<\/th>\n<th><span style=\"font-family: Tahoma; font-size: small;\"><strong>\u0633\u0645\u0643 \u0627\u0644\u0634\u0631\u064a\u0637 <\/strong><\/span> (\u0633)<\/th>\n<th>\u0627\u0644\u0623\u0639\u0644\u0649. \u0639\u0632\u0645 \u0627\u0644\u062f\u0648\u0631\u0627\u0646<\/th>\n<th><span style=\"font-family: Tahoma; font-size: small;\"><strong>\u0643\u0645\u064a\u0629 \u0642\u0637\u0639\u0629 \/ \u0635\u0646\u062f\u0648\u0642<\/strong><\/span><\/th>\n<th><span style=\"font-family: Tahoma; font-size: small;\"><strong>\u0628\u0631\u063a\u064a \u0631\u0626\u064a\u0633 SW<\/strong><\/span><\/th>\n<\/tr>\n<tr class=\"unit\">\n<th><\/th>\n<th>\u0645\u0645<\/th>\n<th>\u0628\u0648\u0635\u0629<\/th>\n<th>\u0645\u0645<\/th>\n<th>\u0645\u0645<\/th>\n<th>\u0646\u0627\u0646\u0648\u0645\u062a\u0631<\/th>\n<th>\u062c\u0647\u0627\u0632 \u0643\u0645\u0628\u064a\u0648\u062a\u0631 \u0634\u062e\u0635\u0649<\/th>\n<th><\/th>\n<\/tr>\n<tr>\n<td style=\"text-align: left;\"><\/td>\n<td style=\"text-align: left;\">8-12<\/td>\n<td style=\"text-align: left;\">5\/16\u2033-1\/2\u2033<\/td>\n<td style=\"text-align: left;\">8.5<\/td>\n<td style=\"text-align: left;\">0,60<\/td>\n<td style=\"text-align: left;\">5,5<\/td>\n<td style=\"text-align: left;\">1.000<\/td>\n<td style=\"text-align: left;\">SW7<\/td>\n<\/tr>\n<tr>\n<td><\/td>\n<td>10-16<\/td>\n<td>3\/8\u2033 - 5\/8\u2033<\/td>\n<td>8.5<\/td>\n<td>0,60<\/td>\n<td>5,5<\/td>\n<td>1.000<\/td>\n<td>SW7<\/td>\n<\/tr>\n<tr>\n<td><\/td>\n<td>12-20<\/td>\n<td>1\/2\u2033 - 3\/4\u2033<\/td>\n<td>8.5<\/td>\n<td>0,70<\/td>\n<td>6<\/td>\n<td>1.000<\/td>\n<td>SW7<\/td>\n<\/tr>\n<tr>\n<td><\/td>\n<td>13-19<\/td>\n<td>1\/2\u2033 - 3\/4\u2033<\/td>\n<td>8.5<\/td>\n<td>0,70<\/td>\n<td>6<\/td>\n<td>1.000<\/td>\n<td>SW7<\/td>\n<\/tr>\n<tr>\n<td><\/td>\n<td>16-25<\/td>\n<td>5\/8\u2033 - 1\u2033<\/td>\n<td>8.5<\/td>\n<td>0,70<\/td>\n<td>6<\/td>\n<td>1.000<\/td>\n<td>SW7<\/td>\n<\/tr>\n<tr>\n<td><\/td>\n<td><\/td>\n<td><\/td>\n<td><\/td>\n<td><\/td>\n<td><\/td>\n<td><\/td>\n<td><\/td>\n<\/tr>\n<tr>\n<td><\/td>\n<td><\/td>\n<td><\/td>\n<td><\/td>\n<td><\/td>\n<td><\/td>\n<td><\/td>\n<td><\/td>\n<\/tr>\n<tr>\n<td><\/td>\n<td><\/td>\n<td><\/td>\n<td><\/td>\n<td><\/td>\n<td><\/td>\n<td><\/td>\n<td><\/td>\n<\/tr>\n<\/tbody>\n<\/table>\n<p><img data-recalc-dims=\"1\" loading=\"lazy\" decoding=\"async\" class=\"alignnone size-full wp-image-10443\" src=\"https:\/\/i0.wp.com\/tuzlahortum.com.tr\/wp-content\/uploads\/2019\/02\/TORK-8.5-10.jpg?resize=599%2C285&#038;ssl=1\" alt=\"\" width=\"599\" height=\"285\" title=\"\"><\/p>\n<p>&nbsp;<\/p>\n<p><img data-recalc-dims=\"1\" loading=\"lazy\" decoding=\"async\" class=\"alignnone size-full wp-image-10445\" src=\"https:\/\/i0.wp.com\/tuzlahortum.com.tr\/wp-content\/uploads\/2019\/02\/TORK-8.5-10-3.jpg?resize=872%2C134&#038;ssl=1\" alt=\"\" width=\"872\" height=\"134\" title=\"\" srcset=\"https:\/\/i0.wp.com\/tuzlahortum.com.tr\/wp-content\/uploads\/2019\/02\/TORK-8.5-10-3.jpg?w=872&amp;ssl=1 872w, https:\/\/i0.wp.com\/tuzlahortum.com.tr\/wp-content\/uploads\/2019\/02\/TORK-8.5-10-3.jpg?resize=800%2C123&amp;ssl=1 800w, https:\/\/i0.wp.com\/tuzlahortum.com.tr\/wp-content\/uploads\/2019\/02\/TORK-8.5-10-3.jpg?resize=768%2C118&amp;ssl=1 768w, https:\/\/i0.wp.com\/tuzlahortum.com.tr\/wp-content\/uploads\/2019\/02\/TORK-8.5-10-3.jpg?resize=600%2C92&amp;ssl=1 600w\" sizes=\"auto, (max-width: 872px) 100vw, 872px\" \/><\/p>","protected":false},"excerpt":{"rendered":"<p>Galvaniz 8.5 mm Hortum Kelep\u00e7eleri Kelep\u00e7e band &amp; Kapak Norm Standart\u0131 \u2022\u00a0DIN 1623 P2 \u2013 So\u011fuk Haddelenmi\u015f \u00c7elik. \u2022\u00a0DIN EN 10130:1999 \u2013 \u00c7ekme i\u015flemine uygun so\u011fuk haddelenmi\u015f \u00e7elik. Kelep\u00e7e band tipleri \u2022\u00a0W1 (\u00e7inko kaplama) \u2013 delikli band \u2022\u00a0Band geni\u015fli\u011fi 8.5 mm \u2022\u00a0G\u00fcvenli d\u0131\u015f b\u00fckey band kenarlar\u0131yla s\u0131k\u0131lan hortumun zarar g\u00f6rmesi engellenmi\u015ftir. Vida Norm Standard \u2022\u00a0DIN [&#8230;]\n","protected":false},"featured_media":4103,"comment_status":"open","ping_status":"closed","template":"","meta":{"jetpack_post_was_ever_published":false},"product_brand":[],"product_cat":[113],"product_tag":[1223,456,2260,2261,290,852],"class_list":{"0":"post-942","1":"product","2":"type-product","3":"status-publish","4":"has-post-thumbnail","6":"product_cat-vida-surumlu-kelepceler","7":"product_tag-8-5mm","8":"product_tag-galvaniz","9":"product_tag-galvaniz-8-5-mm-hortum-kelepce","10":"product_tag-galvaniz-8-5-mm-kelepce","11":"product_tag-hortum","12":"product_tag-kelepce","14":"first","15":"instock","16":"taxable","17":"shipping-taxable","18":"product-type-variable"},"jetpack-related-posts":[],"jetpack_sharing_enabled":true,"jetpack_likes_enabled":true,"_links":{"self":[{"href":"https:\/\/tuzlahortum.com.tr\/ar\/wp-json\/wp\/v2\/product\/942","targetHints":{"allow":["GET"]}}],"collection":[{"href":"https:\/\/tuzlahortum.com.tr\/ar\/wp-json\/wp\/v2\/product"}],"about":[{"href":"https:\/\/tuzlahortum.com.tr\/ar\/wp-json\/wp\/v2\/types\/product"}],"replies":[{"embeddable":true,"href":"https:\/\/tuzlahortum.com.tr\/ar\/wp-json\/wp\/v2\/comments?post=942"}],"wp:featuredmedia":[{"embeddable":true,"href":"https:\/\/tuzlahortum.com.tr\/ar\/wp-json\/wp\/v2\/media\/4103"}],"wp:attachment":[{"href":"https:\/\/tuzlahortum.com.tr\/ar\/wp-json\/wp\/v2\/media?parent=942"}],"wp:term":[{"taxonomy":"product_brand","embeddable":true,"href":"https:\/\/tuzlahortum.com.tr\/ar\/wp-json\/wp\/v2\/product_brand?post=942"},{"taxonomy":"product_cat","embeddable":true,"href":"https:\/\/tuzlahortum.com.tr\/ar\/wp-json\/wp\/v2\/product_cat?post=942"},{"taxonomy":"product_tag","embeddable":true,"href":"https:\/\/tuzlahortum.com.tr\/ar\/wp-json\/wp\/v2\/product_tag?post=942"}],"curies":[{"name":"\u062f\u0628\u0644\u064a\u0648 \u0628\u064a","href":"https:\/\/api.w.org\/{rel}","templated":true}]}}