{"id":933,"date":"2019-02-06T23:55:52","date_gmt":"2019-02-06T20:55:52","guid":{"rendered":"http:\/\/hortum.com.tr\/product\/import-placeholder-for-542\/"},"modified":"2024-03-21T17:40:30","modified_gmt":"2024-03-21T14:40:30","slug":"trelleborg-altiplus","status":"publish","type":"product","link":"https:\/\/tuzlahortum.com.tr\/ar\/product\/trelleborg-altiplus\/","title":{"rendered":"\u062a\u0631\u064a\u0644\u0628\u0648\u0631\u062c ALTIPLUS"},"content":{"rendered":"<h2>\u062a\u0631\u064a\u0644\u0628\u0648\u0631\u062c ALTIPLUS<\/h2>\n<div>\u0627\u0644\u0632\u0631\u0627\u0639\u0629 \/ \u0627\u0644\u0631\u0634<\/div>\n<div>\u0627\u0644\u0631\u0634 \u0627\u0644\u0632\u0631\u0627\u0639\u064a \u0639\u0627\u0644\u064a \u0627\u0644\u0636\u063a\u0637 (\u0645\u0628\u064a\u062f\u0627\u062a \u0627\u0644\u0641\u0637\u0631\u064a\u0627\u062a \u060c \u0645\u0628\u064a\u062f\u0627\u062a \u0627\u0644\u062d\u0634\u0627\u0626\u0634 \u060c \u0645\u0628\u064a\u062f\u0627\u062a \u0627\u0644\u0622\u0641\u0627\u062a \u060c \u0625\u0644\u062e).<\/div>\n<div>\u0625\u0646\u0647\u0627 \u0645\u0646\u0627\u0633\u0628\u0629 \u0623\u064a\u0636\u064b\u0627 \u0644\u0631\u0634 \u0627\u0644\u0637\u0644\u0627\u0621 \u0648\u062a\u0637\u0647\u064a\u0631 \u0627\u0644\u0645\u0628\u0627\u0646\u064a \u0648\u0625\u062e\u0644\u0627\u0621 \u0627\u0644\u0645\u064a\u0627\u0647 \u0628\u0627\u0644\u0636\u063a\u0637 \u0627\u0644\u0639\u0627\u0644\u064a.<\/div>\n<div>\u0645\u0632\u0627\u064a\u0627<\/div>\n<div>* \u062e\u0631\u0637\u0648\u0645 \u0639\u0627\u0644\u064a \u0627\u0644\u0623\u062f\u0627\u0621 \u0645\u0646\u0627\u0633\u0628 \u0644\u0638\u0631\u0648\u0641 \u0627\u0644\u0639\u0645\u0644 \u0627\u0644\u0634\u0627\u0642\u0629 \u0627\u0644\u0625\u0636\u0627\u0641\u064a\u0629.<\/div>\n<div>* \u0642\u0628\u0636\u0629 \u062a\u062b\u0628\u064a\u062a \u0645\u0645\u062a\u0627\u0632\u0629.<\/div>\n<div>* \u0645\u062c\u0645\u0648\u0639\u0629 \u0645\u062a\u0646\u0648\u0639\u0629 \u0645\u0646 \u0627\u0644\u0623\u0642\u0637\u0627\u0631.<\/div>\n<div>* \u0637\u0644\u0627\u0621 \u0644\u0627 \u064a\u062a\u0631\u0643 \u0623\u062b\u0631\u0627.<\/div>\n<div>* \u0645\u0642\u0627\u0648\u0645\u0629 \u062c\u064a\u062f\u0629 \u0644\u0644\u0634\u064a\u062e\u0648\u062e\u0629 \u0648\u0627\u0644\u062a\u0622\u0643\u0644.<\/div>\n<div>\u0627\u0644\u0648\u0635\u0641 \u0627\u0644\u0641\u0646\u064a<\/div>\n<div>\u0627\u0644\u0623\u0646\u0628\u0648\u0628 \u0627\u0644\u062f\u0627\u062e\u0644\u064a: SBR \u060c \u0623\u0633\u0648\u062f \u060c \u0645\u0633\u062a\u0642\u064a\u0645.<\/div>\n<div>\u062a\u0642\u0648\u064a\u0629: \u0646\u0633\u064a\u062c \u062a\u0631\u0643\u064a\u0628\u064a.<\/div>\n<div>\u0637\u0644\u0627\u0621: SBR \u060c \u0628\u064a\u062c \u060c \u0645\u062c\u0645\u0648\u0639\u062a\u064a\u0646 \u0645\u0646 \u062b\u0644\u0627\u062b \u0636\u0644\u0648\u0639.<\/div>\n<div>\u0646\u0637\u0627\u0642 \u062f\u0631\u062c\u0629 \u0627\u0644\u062d\u0631\u0627\u0631\u0629: -30 \u062f\u0631\u062c\u0629 \u0645\u0626\u0648\u064a\u0629 \u0625\u0644\u0649 +70 \u062f\u0631\u062c\u0629 \u0645\u0626\u0648\u064a\u0629.<\/div>\n<div>\u0627\u0644\u0645\u0639\u064a\u0627\u0631 \/ \u0627\u0644\u0645\u0648\u0627\u0641\u0642\u0629: EN ISO 1401 \u060c \u0627\u0644\u0646\u0648\u0639 C \u0644\u0644\u0645\u0639\u0631\u0641 &lt;16 \u0645\u0645 \u060c \u0627\u0644\u0646\u0648\u0639 B \u0644\u0644\u0645\u0639\u0631\u0641 16 \u0645\u0645.<\/div>\n<div>\u0645\u0639\u0644\u0648\u0645\u0627\u062a \u0625\u0636\u0627\u0641\u064a\u0629<\/div>\n<div>Her teslimat hacminin %50&#8217;si rastgele uzunluklarda olacak, en k\u0131sa uzunluk 10m, en az %50<\/div>\n<div>\u064a\u062c\u0628 \u0623\u0646 \u064a\u0643\u0648\u0646 \u0628\u0637\u0648\u0644 \u062b\u0627\u0628\u062a \u0645\u062d\u062f\u062f \u0641\u064a \u0627\u0644\u062c\u062f\u0648\u0644.<\/div>\n<div><\/div>\n<div>\n<div class=\"video video-fit mb\" style=\"padding-top:56.25%;\"><p><iframe loading=\"lazy\" title=\"\u0623\u064a \u062e\u0631\u0637\u0648\u0645 \u0637\u0639\u0627\u0645 \u064a\u062c\u0628 \u0623\u0646 \u0646\u062e\u062a\u0627\u0631\u061f\" width=\"1020\" height=\"574\" src=\"https:\/\/www.youtube.com\/embed\/1RIgy8WF1Ao?feature=oembed\" frameborder=\"0\" allow=\"accelerometer; autoplay; clipboard-write; encrypted-media; gyroscope; picture-in-picture; web-share\" referrerpolicy=\"strict-origin-when-cross-origin\" allowfullscreen><\/iframe><\/p>\n<\/div>\n<div class=\"video video-fit mb\" style=\"padding-top:56.25%;\"><p><iframe loading=\"lazy\" title=\"\u0627\u0631\u062a\u0628\u0627\u0643 \u0627\u0644\u0642\u064a\u0627\u0633 (\u0628\u0648\u0635\u0629\u060c \u0625\u0635\u0628\u0639\u060c \u0636\u0628\u0627\u0628\u060c \u0645\u0644\u0644\u064a\u0645\u062a\u0631)\" width=\"1020\" height=\"574\" src=\"https:\/\/www.youtube.com\/embed\/uKk6AG_AZls?feature=oembed\" frameborder=\"0\" allow=\"accelerometer; autoplay; clipboard-write; encrypted-media; gyroscope; picture-in-picture; web-share\" referrerpolicy=\"strict-origin-when-cross-origin\" allowfullscreen><\/iframe><\/p>\n<\/div>\n<\/div>\n<p><img data-recalc-dims=\"1\" loading=\"lazy\" decoding=\"async\" class=\"alignnone size-medium wp-image-2138\" src=\"https:\/\/i0.wp.com\/hortum.com.tr\/wp-content\/uploads\/urunler\/trelleborg\/Trelleborg-ALTIPLUS-800x166.jpg?resize=800%2C166\" alt=\"\" width=\"800\" height=\"166\" title=\"\" srcset=\"https:\/\/i0.wp.com\/tuzlahortum.com.tr\/wp-content\/uploads\/urunler\/trelleborg\/Trelleborg-ALTIPLUS.jpg?resize=800%2C166&amp;ssl=1 800w, https:\/\/i0.wp.com\/tuzlahortum.com.tr\/wp-content\/uploads\/urunler\/trelleborg\/Trelleborg-ALTIPLUS.jpg?resize=768%2C159&amp;ssl=1 768w, https:\/\/i0.wp.com\/tuzlahortum.com.tr\/wp-content\/uploads\/urunler\/trelleborg\/Trelleborg-ALTIPLUS.jpg?resize=600%2C124&amp;ssl=1 600w, https:\/\/i0.wp.com\/tuzlahortum.com.tr\/wp-content\/uploads\/urunler\/trelleborg\/Trelleborg-ALTIPLUS.jpg?w=834&amp;ssl=1 834w\" sizes=\"auto, (max-width: 800px) 100vw, 800px\" \/><\/p>","protected":false},"excerpt":{"rendered":"<p>Trelleborg ALTIPLUS Tar\u0131m\/P\u00fcsk\u00fcrtme Y\u00fcksek bas\u0131n\u00e7ta tar\u0131msal p\u00fcsk\u00fcrtme (fungisit, yabani ot \u00f6ld\u00fcr\u00fcc\u00fcler, b\u00f6cek ila\u00e7lar\u0131, vs.). Ayn\u0131 zamanda boya p\u00fcsk\u00fcrtme ve binalar\u0131n dezenfeksiyonu ve y\u00fcksek bas\u0131n\u00e7ta su tahliyesi\u00a0i\u00e7in uygundur. Avantajlar *Ekstra a\u011f\u0131r \u00e7al\u0131\u015fma ko\u015fullar\u0131na uygun y\u00fcksek performans hortumu. *M\u00fckemmel ba\u011flant\u0131 par\u00e7as\u0131 tutu\u015fu. *Geni\u015f \u00e7e\u015fitlilikte \u00e7aplar. *\u0130z b\u0131rakmayan kaplama. * \u0130yi eskime ve a\u015f\u0131nma dayan\u0131m\u0131. Teknik a\u00e7\u0131klama \u0130\u00e7 [&#8230;]\n","protected":false},"featured_media":2618,"comment_status":"open","ping_status":"closed","template":"","meta":{"jetpack_post_was_ever_published":false},"product_brand":[],"product_cat":[195],"product_tag":[558,290,559,652,557],"class_list":{"0":"post-933","1":"product","2":"type-product","3":"status-publish","4":"has-post-thumbnail","6":"product_cat-tarim-puskurtme-hortumu","7":"product_tag-basinc","8":"product_tag-hortum","9":"product_tag-puskurtme","10":"product_tag-tarim","11":"product_tag-yuksek","13":"first","14":"instock","15":"taxable","16":"shipping-taxable","17":"product-type-variable"},"jetpack-related-posts":[{"id":920,"url":"https:\/\/tuzlahortum.com.tr\/ar\/product\/trelleborg-trelljet-560\/","url_meta":{"origin":933,"position":0},"title":"560 \u0645\u0634\u0631\u0648\u0639 \u0632\u0631\u0627\u0639\u0629 \u0646\u0628\u0627\u062a\u0627\u062a \u0627\u0644\u0633\u064a\u0644\u0648\u0644\u064a\u062a 560","author":"admin","date":"6 \u0641\u0628\u0631\u0627\u064a\u0631 2019","format":false,"excerpt":"Trelleborg TRELLJET 560Su\/Y\u00fcksek bas\u0131n\u00e7l\u0131 p\u00fcsk\u00fcrtme \u00d6zel olarak profesyonel ve end\u00fcstriyel y\u00fcksek bas\u0131n\u00e7l\u0131 temizlik i\u00e7in tasarlanm\u0131\u015ft\u0131r. Makineler, ara\u00e7lar, zeminler, kamu alanlar\u0131, cepheler, vs. i\u00e7in etkilidir. Mobil bas\u0131n\u00e7l\u0131 y\u0131kay\u0131c\u0131lar, sabit tesisatlar ve tekerlek \u00fczerine monte uygulamalar i\u00e7in uygundur. Avantajlar *D\u00fcz kaplama. *Ya\u011fa, deterjana, a\u015f\u0131nmaya ve eskimeye dayan\u0131kl\u0131. *Y\u00fcksek \u00e7al\u0131\u015fma bas\u0131nc\u0131. *Y\u00fcksek s\u0131cakl\u0131k\u2026","rel":"","context":"\u062a\u062f\u0648\u064a\u0646\u0629 \u0645\u0634\u0627\u0628\u0647\u0629","block_context":{"text":"\u062a\u062f\u0648\u064a\u0646\u0629 \u0645\u0634\u0627\u0628\u0647\u0629","link":""},"img":{"alt_text":"","src":"https:\/\/i0.wp.com\/tuzlahortum.com.tr\/wp-content\/uploads\/2019\/02\/TRELLJET-560.jpg?fit=800%2C800&ssl=1&resize=350%2C200","width":350,"height":200,"srcset":"https:\/\/i0.wp.com\/tuzlahortum.com.tr\/wp-content\/uploads\/2019\/02\/TRELLJET-560.jpg?fit=800%2C800&ssl=1&resize=350%2C200 1x, https:\/\/i0.wp.com\/tuzlahortum.com.tr\/wp-content\/uploads\/2019\/02\/TRELLJET-560.jpg?fit=800%2C800&ssl=1&resize=525%2C300 1.5x, https:\/\/i0.wp.com\/tuzlahortum.com.tr\/wp-content\/uploads\/2019\/02\/TRELLJET-560.jpg?fit=800%2C800&ssl=1&resize=700%2C400 2x"},"classes":[]},{"id":921,"url":"https:\/\/tuzlahortum.com.tr\/ar\/product\/trelleborg-trelljet-561\/","url_meta":{"origin":933,"position":1},"title":"561 \u0645\u0634\u0631\u0648\u0639 \u0645\u062d\u0644 \u0628\u064a\u0639 \u0627\u0644\u062d\u0628\u0648\u0628 561","author":"admin","date":"6 \u0641\u0628\u0631\u0627\u064a\u0631 2019","format":false,"excerpt":"Trelleborg TRELLJET 561Su\/Y\u00fcksek bas\u0131n\u00e7l\u0131 p\u00fcsk\u00fcrtme \u00d6zel olarak profesyonel ve end\u00fcstriyel y\u00fcksek bas\u0131n\u00e7l\u0131 temizlik i\u00e7in tasarlanm\u0131\u015ft\u0131r. Makineler, ara\u00e7lar, zeminler, kamu alanlar\u0131, cepheler, vs. i\u00e7in etkilidir. Mobil bas\u0131n\u00e7l\u0131 y\u0131kay\u0131c\u0131lar, sabit tesisatlar ve tekerlek \u00fczerine monte uygulamalar i\u00e7in uygundur. Avantajlar *D\u00fcz kaplama. *Ya\u011fa, deterjana, a\u015f\u0131nmaya ve eskimeye dayan\u0131kl\u0131. *Y\u00fcksek s\u0131cakl\u0131k dayan\u0131m\u0131. *Hafif, esnek\u2026","rel":"","context":"\u062a\u062f\u0648\u064a\u0646\u0629 \u0645\u0634\u0627\u0628\u0647\u0629","block_context":{"text":"\u062a\u062f\u0648\u064a\u0646\u0629 \u0645\u0634\u0627\u0628\u0647\u0629","link":""},"img":{"alt_text":"","src":"https:\/\/i0.wp.com\/tuzlahortum.com.tr\/wp-content\/uploads\/2019\/02\/TRELLJET-561.jpg?fit=800%2C800&ssl=1&resize=350%2C200","width":350,"height":200,"srcset":"https:\/\/i0.wp.com\/tuzlahortum.com.tr\/wp-content\/uploads\/2019\/02\/TRELLJET-561.jpg?fit=800%2C800&ssl=1&resize=350%2C200 1x, https:\/\/i0.wp.com\/tuzlahortum.com.tr\/wp-content\/uploads\/2019\/02\/TRELLJET-561.jpg?fit=800%2C800&ssl=1&resize=525%2C300 1.5x, https:\/\/i0.wp.com\/tuzlahortum.com.tr\/wp-content\/uploads\/2019\/02\/TRELLJET-561.jpg?fit=800%2C800&ssl=1&resize=700%2C400 2x"},"classes":[]},{"id":922,"url":"https:\/\/tuzlahortum.com.tr\/ar\/product\/trelleborg-trelljet-580\/","url_meta":{"origin":933,"position":2},"title":"580 \u0645\u0634\u0631\u0648\u0639 \u0627\u0646\u062a\u0627\u062c \u0627\u0644\u0643\u0628\u0631\u064a\u062a 580","author":"admin","date":"6 \u0641\u0628\u0631\u0627\u064a\u0631 2019","format":false,"excerpt":"Trelleborg TRELLJET 580Su\/Y\u00fcksek bas\u0131n\u00e7l\u0131 p\u00fcsk\u00fcrtme \u00d6zel olarak profesyonel ve end\u00fcstriyel y\u00fcksek bas\u0131n\u00e7l\u0131 temizlik i\u00e7in tasarlanm\u0131\u015ft\u0131r. Makineler, ara\u00e7lar, zeminler, kamu alanlar\u0131, cepheler, vs. i\u00e7in etkilidir. Leke tutmayan kaplama ayn\u0131 zamanda g\u0131da end\u00fcstrisi ve umuma a\u00e7\u0131k banyolarda kullan\u0131m a\u00e7\u0131s\u0131ndan avantajl\u0131d\u0131r. Mobil bas\u0131n\u00e7l\u0131 y\u0131kay\u0131c\u0131lar, sabit tesisatlar ve tekerlek \u00fczerine monte uygulamalar i\u00e7in uygundur.\u2026","rel":"","context":"\u062a\u062f\u0648\u064a\u0646\u0629 \u0645\u0634\u0627\u0628\u0647\u0629","block_context":{"text":"\u062a\u062f\u0648\u064a\u0646\u0629 \u0645\u0634\u0627\u0628\u0647\u0629","link":""},"img":{"alt_text":"","src":"https:\/\/i0.wp.com\/tuzlahortum.com.tr\/wp-content\/uploads\/2019\/02\/TRELLJET-580.jpg?fit=800%2C800&ssl=1&resize=350%2C200","width":350,"height":200,"srcset":"https:\/\/i0.wp.com\/tuzlahortum.com.tr\/wp-content\/uploads\/2019\/02\/TRELLJET-580.jpg?fit=800%2C800&ssl=1&resize=350%2C200 1x, https:\/\/i0.wp.com\/tuzlahortum.com.tr\/wp-content\/uploads\/2019\/02\/TRELLJET-580.jpg?fit=800%2C800&ssl=1&resize=525%2C300 1.5x, https:\/\/i0.wp.com\/tuzlahortum.com.tr\/wp-content\/uploads\/2019\/02\/TRELLJET-580.jpg?fit=800%2C800&ssl=1&resize=700%2C400 2x"},"classes":[]},{"id":923,"url":"https:\/\/tuzlahortum.com.tr\/ar\/product\/trelleborg-trelljet-581\/","url_meta":{"origin":933,"position":3},"title":"581 \u0645\u0634\u0631\u0648\u0639 \u0645\u062d\u0644 \u0645\u0644\u0627\u0628\u0633 581","author":"admin","date":"6 \u0641\u0628\u0631\u0627\u064a\u0631 2019","format":false,"excerpt":"Trelleborg TRELLJET 581Su\/Y\u00fcksek bas\u0131n\u00e7l\u0131 p\u00fcsk\u00fcrtme \u00d6zel olarak profesyonel ve end\u00fcstriyel y\u00fcksek bas\u0131n\u00e7l\u0131 temizlik i\u00e7in tasarlanm\u0131\u015ft\u0131r. Makineler, ara\u00e7lar, zeminler, kamu alanlar\u0131, cepheler, vs. i\u00e7in etkilidir. Leke tutmayan kaplama ayn\u0131 zamanda g\u0131da end\u00fcstrisi ve umuma a\u00e7\u0131k banyolarda kullan\u0131m\u00a0a\u00e7\u0131s\u0131ndan avantajl\u0131d\u0131r. Mobil bas\u0131n\u00e7l\u0131 y\u0131kay\u0131c\u0131lar, sabit tesisatlar ve tekerlek \u00fczerine monte uygulamalar i\u00e7in uygundur. Avantajlar\u2026","rel":"","context":"\u062a\u062f\u0648\u064a\u0646\u0629 \u0645\u0634\u0627\u0628\u0647\u0629","block_context":{"text":"\u062a\u062f\u0648\u064a\u0646\u0629 \u0645\u0634\u0627\u0628\u0647\u0629","link":""},"img":{"alt_text":"","src":"https:\/\/i0.wp.com\/tuzlahortum.com.tr\/wp-content\/uploads\/2019\/02\/TRELLJET-581.jpg?fit=800%2C800&ssl=1&resize=350%2C200","width":350,"height":200,"srcset":"https:\/\/i0.wp.com\/tuzlahortum.com.tr\/wp-content\/uploads\/2019\/02\/TRELLJET-581.jpg?fit=800%2C800&ssl=1&resize=350%2C200 1x, https:\/\/i0.wp.com\/tuzlahortum.com.tr\/wp-content\/uploads\/2019\/02\/TRELLJET-581.jpg?fit=800%2C800&ssl=1&resize=525%2C300 1.5x, https:\/\/i0.wp.com\/tuzlahortum.com.tr\/wp-content\/uploads\/2019\/02\/TRELLJET-581.jpg?fit=800%2C800&ssl=1&resize=700%2C400 2x"},"classes":[]},{"id":645,"url":"https:\/\/tuzlahortum.com.tr\/ar\/product\/trelleborg-trelljet-681-antimicrobial-protection\/","url_meta":{"origin":933,"position":4},"title":"Trelleborg TRELLJET 681 \u062d\u0645\u0627\u064a\u0629 \u0636\u062f \u0627\u0644\u0645\u064a\u0643\u0631\u0648\u0628\u0627\u062a","author":"admin","date":"6 \u0641\u0628\u0631\u0627\u064a\u0631 2019","format":false,"excerpt":"Trelleborg TRELLJET 681 Antimicrobial ProtectionG\u0131da End\u00fcstrisi\/Y\u00fcksek bas\u0131n\u00e7l\u0131 p\u00fcsk\u00fcrtme \u00d6zel olarak profesyonel ve end\u00fcstriyel y\u00fcksek bas\u0131n\u00e7l\u0131 temizlik i\u00e7in tasarlanm\u0131\u015ft\u0131r. Antimikrobiyel TRELLJET 681 bakteri \u00fcremesinin s\u00f6z konusu oldu\u011fu t\u00fcm ortamlar i\u00e7in uygundur: temizlik \u015firketleri, g\u0131da end\u00fcstrileri, farmas\u00f6tik, ambalajlama\/\u015fi\u015feleme, sa\u011fl\u0131k tesisleri, okullar, vs. Mobil bas\u0131n\u00e7l\u0131 y\u0131kay\u0131c\u0131lar, sabit tesisatlar ve tekerle\u011fe monte uygulamalar\u00a0i\u00e7in uygundur.\u2026","rel":"","context":"\u062a\u062f\u0648\u064a\u0646\u0629 \u0645\u0634\u0627\u0628\u0647\u0629","block_context":{"text":"\u062a\u062f\u0648\u064a\u0646\u0629 \u0645\u0634\u0627\u0628\u0647\u0629","link":""},"img":{"alt_text":"","src":"https:\/\/i0.wp.com\/tuzlahortum.com.tr\/wp-content\/uploads\/2019\/02\/TRELLJET-681-AP.jpg?fit=800%2C800&ssl=1&resize=350%2C200","width":350,"height":200,"srcset":"https:\/\/i0.wp.com\/tuzlahortum.com.tr\/wp-content\/uploads\/2019\/02\/TRELLJET-681-AP.jpg?fit=800%2C800&ssl=1&resize=350%2C200 1x, https:\/\/i0.wp.com\/tuzlahortum.com.tr\/wp-content\/uploads\/2019\/02\/TRELLJET-681-AP.jpg?fit=800%2C800&ssl=1&resize=525%2C300 1.5x, https:\/\/i0.wp.com\/tuzlahortum.com.tr\/wp-content\/uploads\/2019\/02\/TRELLJET-681-AP.jpg?fit=800%2C800&ssl=1&resize=700%2C400 2x"},"classes":[]},{"id":561,"url":"https:\/\/tuzlahortum.com.tr\/ar\/product\/trelleborg-kuka-hortumu-kanal-acma\/","url_meta":{"origin":933,"position":5},"title":"\u062e\u0631\u0637\u0648\u0645 \u0643\u0648\u0643\u0627 \u062a\u0631\u064a\u0644\u0628\u0648\u0631\u062c (\u0643\u0627\u0646\u0627\u0644\u0643\u0631 250 \u0633)","author":"admin","date":"6 \u0641\u0628\u0631\u0627\u064a\u0631 2019","format":false,"excerpt":"Trelleborg Kuka Hortumu (CANALKLER 250 S )Drenaj ve kanalizasyon temizli\u011fi Kanalizasyon bas\u0131n\u00e7l\u0131 su p\u00fcsk\u00fcrtme ve a\u011f\u0131r hizmet ko\u015fullar\u0131nda, y\u00fcksek bas\u0131n\u00e7l\u0131 suyla temizlik. Avantajlar Daha y\u00fcksek temizlik verimi, temizlik s\u00fcresinden tasarruf, dolay\u0131s\u0131yla yak\u0131t t\u00fcketiminde azalma sa\u011flayan \u00e7ok d\u00fc\u015f\u00fck kayma direnci. Daha y\u00fcksek a\u015f\u0131nma dayan\u0131m\u0131na sahip \u00f6zel kaplama bile\u015fi\u011fi sayesinde daha uzun\u2026","rel":"","context":"\u062a\u062f\u0648\u064a\u0646\u0629 \u0645\u0634\u0627\u0628\u0647\u0629","block_context":{"text":"\u062a\u062f\u0648\u064a\u0646\u0629 \u0645\u0634\u0627\u0628\u0647\u0629","link":""},"img":{"alt_text":"","src":"https:\/\/i0.wp.com\/tuzlahortum.com.tr\/wp-content\/uploads\/2019\/02\/CANALKLER-250-S-ASSEMBLY.jpg?fit=800%2C800&ssl=1&resize=350%2C200","width":350,"height":200,"srcset":"https:\/\/i0.wp.com\/tuzlahortum.com.tr\/wp-content\/uploads\/2019\/02\/CANALKLER-250-S-ASSEMBLY.jpg?fit=800%2C800&ssl=1&resize=350%2C200 1x, https:\/\/i0.wp.com\/tuzlahortum.com.tr\/wp-content\/uploads\/2019\/02\/CANALKLER-250-S-ASSEMBLY.jpg?fit=800%2C800&ssl=1&resize=525%2C300 1.5x, https:\/\/i0.wp.com\/tuzlahortum.com.tr\/wp-content\/uploads\/2019\/02\/CANALKLER-250-S-ASSEMBLY.jpg?fit=800%2C800&ssl=1&resize=700%2C400 2x"},"classes":[]}],"jetpack_sharing_enabled":true,"jetpack_likes_enabled":true,"_links":{"self":[{"href":"https:\/\/tuzlahortum.com.tr\/ar\/wp-json\/wp\/v2\/product\/933","targetHints":{"allow":["GET"]}}],"collection":[{"href":"https:\/\/tuzlahortum.com.tr\/ar\/wp-json\/wp\/v2\/product"}],"about":[{"href":"https:\/\/tuzlahortum.com.tr\/ar\/wp-json\/wp\/v2\/types\/product"}],"replies":[{"embeddable":true,"href":"https:\/\/tuzlahortum.com.tr\/ar\/wp-json\/wp\/v2\/comments?post=933"}],"wp:featuredmedia":[{"embeddable":true,"href":"https:\/\/tuzlahortum.com.tr\/ar\/wp-json\/wp\/v2\/media\/2618"}],"wp:attachment":[{"href":"https:\/\/tuzlahortum.com.tr\/ar\/wp-json\/wp\/v2\/media?parent=933"}],"wp:term":[{"taxonomy":"product_brand","embeddable":true,"href":"https:\/\/tuzlahortum.com.tr\/ar\/wp-json\/wp\/v2\/product_brand?post=933"},{"taxonomy":"product_cat","embeddable":true,"href":"https:\/\/tuzlahortum.com.tr\/ar\/wp-json\/wp\/v2\/product_cat?post=933"},{"taxonomy":"product_tag","embeddable":true,"href":"https:\/\/tuzlahortum.com.tr\/ar\/wp-json\/wp\/v2\/product_tag?post=933"}],"curies":[{"name":"\u062f\u0628\u0644\u064a\u0648 \u0628\u064a","href":"https:\/\/api.w.org\/{rel}","templated":true}]}}