{"id":931,"date":"2019-02-06T23:55:52","date_gmt":"2019-02-06T20:55:52","guid":{"rendered":"http:\/\/hortum.com.tr\/product\/import-placeholder-for-136\/"},"modified":"2024-03-21T17:40:31","modified_gmt":"2024-03-21T14:40:31","slug":"band-buckle-kelepce","status":"publish","type":"product","link":"https:\/\/tuzlahortum.com.tr\/ar\/product\/band-buckle-kelepce\/","title":{"rendered":"\u0645\u0634\u0628\u0643 \u062d\u0632\u0627\u0645 \u0648\u0645\u0634\u0628\u0643"},"content":{"rendered":"<h2>\u0645\u0634\u0628\u0643 \u062d\u0632\u0627\u0645 \u0648\u0645\u0634\u0628\u0643<\/h2>\n<p class=\"ptext-circle-bullet\">\u062a\u0645 \u062a\u0635\u0645\u064a\u0645 \u0646\u0645\u0627\u0630\u062c \u0627\u0644\u0645\u0634\u0627\u0628\u0643 \u0630\u0627\u062a \u0627\u0644\u0637\u0648\u0644 \u0627\u0644\u062e\u0627\u0644\u064a \u0645\u0646 \u0627\u0644\u0641\u0648\u0644\u0627\u0630 \u0627\u0644\u0645\u0642\u0627\u0648\u0645 \u0644\u0644\u0635\u062f\u0623 Band &amp; Buckle \u0645\u0646 \u0623\u062c\u0644 \u0627\u0644\u062e\u062a\u0645 \u0648\u0627\u0644\u062a\u062b\u0628\u064a\u062a \u0628\u0623\u0642\u0637\u0627\u0631 \u0623\u0639\u0644\u0649 \u0645\u0646 \u0627\u0644\u0645\u0639\u0627\u064a\u064a\u0631.<\/p>\n<p class=\"ptext-circle-bullet\">\u062a\u062a\u0645\u064a\u0632 \u0647\u0630\u0647 \u0627\u0644\u0645\u0634\u0627\u0628\u0643 \u0630\u0627\u062a \u0627\u0644\u0637\u0648\u0644 \u0627\u0644\u062d\u0631 \u0628\u0645\u0642\u0627\u0648\u0645\u0629 \u0639\u0627\u0644\u064a\u0629 \u0644\u0644\u062a\u0622\u0643\u0644. \u064a\u062a\u0645 \u0625\u0646\u062a\u0627\u062c\u0647 \u0645\u0646 \u0645\u0627\u062f\u0629 DIN 1.4301 (AISI 304).<\/p>\n<p class=\"ptext-circle-bullet\">\u062a\u064f\u0633\u062a\u062e\u062f\u0645 \u0646\u0645\u0627\u0630\u062c \u0645\u0634\u0627\u0628\u0643 \u0627\u0644\u062e\u0631\u0627\u0637\u064a\u0645 \u063a\u064a\u0631 \u0627\u0644\u0642\u0627\u0628\u0644 \u0644\u0644\u0635\u062f\u0623 \u0630\u0627\u062a \u0627\u0644\u062d\u062c\u0645 \u0627\u0644\u062d\u0631 \u060c \u0648\u0627\u0644\u062a\u064a \u064a\u0633\u0647\u0644 \u062a\u0637\u0628\u064a\u0642\u0647\u0627 \u0639\u0644\u0649 \u0627\u0644\u0642\u0637\u0631 \u0627\u0644\u0645\u0637\u0644\u0648\u0628 \u060c \u0645\u0639 \u062c\u0647\u0627\u0632 \u0644\u0642\u0637. \u0644\u0630\u0644\u0643 \u060c \u0641\u0625\u0646 \u0648\u0642\u062a \u0627\u0644\u062a\u062c\u0645\u064a\u0639 \u0623\u0642\u0635\u0631.<\/p>\n<p class=\"ptext-circle-bullet\">\u0628\u0641\u0636\u0644 \u0627\u0644\u0628\u0643\u0631\u0629 \u0627\u0644\u0628\u0644\u0627\u0633\u062a\u064a\u0643\u064a\u0629 \u0627\u0644\u0645\u062a\u064a\u0646\u0629 \u060c \u064a\u062a\u0645 \u0627\u0644\u062d\u0641\u0627\u0638 \u0639\u0644\u0649 \u0645\u0639\u062f\u0644 \u0627\u0644\u0645\u0648\u0627\u062f \u0627\u0644\u0645\u0641\u0642\u0648\u062f\u0629 \u0639\u0646\u062f \u0627\u0644\u062d\u062f \u0627\u0644\u0623\u062f\u0646\u0649.<\/p>\n<p class=\"ptext-circle-bullet\">\u064a\u0645\u0643\u0646 \u062a\u0648\u0641\u064a\u0631\u0647 \u0641\u064a \u0639\u0628\u0648\u0627\u062a 30.5 \u0645.<\/p>\n<p><img data-recalc-dims=\"1\" loading=\"lazy\" decoding=\"async\" class=\"alignnone  wp-image-10403\" src=\"https:\/\/i0.wp.com\/tuzlahortum.com.tr\/wp-content\/uploads\/2019\/02\/CleanShot-2020-03-27-at-10.48.54%402x.png?resize=525%2C200&#038;ssl=1\" alt=\"\" width=\"525\" height=\"200\" title=\"\" srcset=\"https:\/\/i0.wp.com\/tuzlahortum.com.tr\/wp-content\/uploads\/2019\/02\/CleanShot-2020-03-27-at-10.48.54%402x.png?resize=800%2C305&amp;ssl=1 800w, https:\/\/i0.wp.com\/tuzlahortum.com.tr\/wp-content\/uploads\/2019\/02\/CleanShot-2020-03-27-at-10.48.54%402x.png?resize=1400%2C535&amp;ssl=1 1400w, https:\/\/i0.wp.com\/tuzlahortum.com.tr\/wp-content\/uploads\/2019\/02\/CleanShot-2020-03-27-at-10.48.54%402x.png?resize=768%2C293&amp;ssl=1 768w, https:\/\/i0.wp.com\/tuzlahortum.com.tr\/wp-content\/uploads\/2019\/02\/CleanShot-2020-03-27-at-10.48.54%402x.png?resize=600%2C229&amp;ssl=1 600w, https:\/\/i0.wp.com\/tuzlahortum.com.tr\/wp-content\/uploads\/2019\/02\/CleanShot-2020-03-27-at-10.48.54%402x.png?w=1456&amp;ssl=1 1456w\" sizes=\"auto, (max-width: 525px) 100vw, 525px\" \/><\/p>","protected":false},"excerpt":{"rendered":"<p>Band &#038; Buckle Kelep\u00e7e Band &amp; Buckle paslanmaz \u00e7elik serbest boy kelep\u00e7e modelleri standartlar\u0131n \u00fczerindeki \u00e7aplarda s\u0131zd\u0131rmazl\u0131k ve sabitleme ama\u00e7l\u0131 tasarlanm\u0131\u015flard\u0131r. Bu serbest boy kelep\u00e7elerin korozyon diren\u00e7leri y\u00fcksektir. DIN 1.4301 (AISI 304) malzemeden \u00fcretilmektedir. \u0130stenilen \u00e7ap i\u00e7in uygulanmas\u0131 olduk\u00e7a basit olan bu serbest boy paslanmaz hortum kelep\u00e7esi modelleri bir s\u0131kma aparat\u0131 ile kullan\u0131l\u0131rlar. Dolay\u0131s\u0131 ile [&#8230;]\n","protected":false},"featured_media":1770,"comment_status":"open","ping_status":"closed","template":"","meta":{"jetpack_post_was_ever_published":false},"product_brand":[],"product_cat":[112],"product_tag":[1207,2263,2264,857,1003,856,1206,1205],"class_list":{"0":"post-931","1":"product","2":"type-product","3":"status-publish","4":"has-post-thumbnail","6":"product_cat-seritli-kelepceler","7":"product_tag-band","8":"product_tag-band-buckle","9":"product_tag-band-buckle-kelepce","10":"product_tag-hortum-kelepcesi","11":"product_tag-korozyon","12":"product_tag-paslanmaz-celik","13":"product_tag-sabitleme","14":"product_tag-sizdirmazlik","16":"first","17":"instock","18":"featured","19":"taxable","20":"shipping-taxable","21":"product-type-variable"},"jetpack-related-posts":[],"jetpack_sharing_enabled":true,"jetpack_likes_enabled":true,"_links":{"self":[{"href":"https:\/\/tuzlahortum.com.tr\/ar\/wp-json\/wp\/v2\/product\/931","targetHints":{"allow":["GET"]}}],"collection":[{"href":"https:\/\/tuzlahortum.com.tr\/ar\/wp-json\/wp\/v2\/product"}],"about":[{"href":"https:\/\/tuzlahortum.com.tr\/ar\/wp-json\/wp\/v2\/types\/product"}],"replies":[{"embeddable":true,"href":"https:\/\/tuzlahortum.com.tr\/ar\/wp-json\/wp\/v2\/comments?post=931"}],"wp:featuredmedia":[{"embeddable":true,"href":"https:\/\/tuzlahortum.com.tr\/ar\/wp-json\/wp\/v2\/media\/1770"}],"wp:attachment":[{"href":"https:\/\/tuzlahortum.com.tr\/ar\/wp-json\/wp\/v2\/media?parent=931"}],"wp:term":[{"taxonomy":"product_brand","embeddable":true,"href":"https:\/\/tuzlahortum.com.tr\/ar\/wp-json\/wp\/v2\/product_brand?post=931"},{"taxonomy":"product_cat","embeddable":true,"href":"https:\/\/tuzlahortum.com.tr\/ar\/wp-json\/wp\/v2\/product_cat?post=931"},{"taxonomy":"product_tag","embeddable":true,"href":"https:\/\/tuzlahortum.com.tr\/ar\/wp-json\/wp\/v2\/product_tag?post=931"}],"curies":[{"name":"\u062f\u0628\u0644\u064a\u0648 \u0628\u064a","href":"https:\/\/api.w.org\/{rel}","templated":true}]}}