{"id":930,"date":"2019-02-06T23:55:51","date_gmt":"2019-02-06T20:55:51","guid":{"rendered":"http:\/\/hortum.com.tr\/product\/import-placeholder-for-129\/"},"modified":"2024-03-21T17:40:32","modified_gmt":"2024-03-21T14:40:32","slug":"telli-seffaf-hortumlar","status":"publish","type":"product","link":"https:\/\/tuzlahortum.com.tr\/ar\/product\/telli-seffaf-hortumlar\/","title":{"rendered":"\u062e\u0631\u0627\u0637\u064a\u0645 \u0633\u0644\u0643\u064a\u0629 \u0634\u0641\u0627\u0641\u0629"},"content":{"rendered":"<h2>\u062e\u0631\u0627\u0637\u064a\u0645 \u0633\u0644\u0643\u064a\u0629 \u0634\u0641\u0627\u0641\u0629<\/h2>\n<p><span class=\"footer_baslik\">\u0633\u0645\u0627\u062a :<\/span><br \/>\n<span class=\"haberlink\">\u2022 \u064a\u0645\u0643\u0646 \u0627\u0633\u062a\u062e\u062f\u0627\u0645\u0647\u0627 \u0643\u0645\u0645\u062a\u0635 \u0648\u0628\u0627\u0639\u062b<br \/>\n\u2022 \u0645\u0631\u0648\u0646\u0629 \u0642\u0635\u0648\u0649 \u0648\u0645\u0642\u0627\u0648\u0645\u0629 \u0634\u062f\u064a\u062f\u0629 \u0644\u0644\u0643\u0633\u0631.<br \/>\n\u2022 -20 \u062f\u0631\u062c\u0629 \u0645\u0626\u0648\u064a\u0629 \u0648 +65 \u062f\u0631\u062c\u0629 \u0645\u0626\u0648\u064a\u0629 \u0641\u064a \u062d\u0627\u0644\u0629 \u062b\u0627\u0628\u062a\u0629<br \/>\n\u2022 -5 \u062f\u0631\u062c\u0629 \u0645\u0626\u0648\u064a\u0629 \u0648 +43 \u062f\u0631\u062c\u0629 \u0645\u0626\u0648\u064a\u0629 \u0623\u062b\u0646\u0627\u0621 \u0627\u0644\u062d\u0631\u0643\u0629\u00a0<\/span><span class=\"footer_baslik\"><br \/>\n\u0645\u062c\u0627\u0644\u0627\u062a \u0627\u0644\u0627\u0633\u062a\u062e\u062f\u0627\u0645:<\/span><br \/>\n<span class=\"haberlink\">\u2022 \u064a\u062a\u0645 \u0627\u0633\u062a\u062e\u062f\u0627\u0645\u0647 \u0641\u064a \u062c\u0645\u064a\u0639 \u0623\u0646\u0648\u0627\u0639 \u0646\u0642\u0644 \u0627\u0644\u0623\u063a\u0630\u064a\u0629 \u0627\u0644\u0633\u0627\u0626\u0644\u0629 \u060c \u0648\u0623\u0639\u0645\u0627\u0644 \u0627\u0644\u0634\u0641\u0637 \u0648\u0627\u0644\u062a\u0641\u0631\u064a\u063a \u060c \u0648\u0645\u0636\u062e\u0627\u062a \u0627\u0644\u0634\u0641\u0637 \u060c \u0648\u0635\u0646\u0627\u0639\u0629 \u0627\u0644\u0623\u063a\u0630\u064a\u0629 \u0648\u0627\u0644\u0632\u0631\u0627\u0639\u0629 \u060c \u0625\u0644\u062e. \u0627\u0644\u0645\u0633\u062a\u062e\u062f\u0645\u0629 \u0641\u064a \u0627\u0644\u062d\u0642\u0648\u0644.<\/span><\/p>\n<div class=\"video video-fit mb\" style=\"padding-top:56.25%;\"><p><iframe loading=\"lazy\" title=\"\u0627\u0631\u062a\u0628\u0627\u0643 \u0627\u0644\u0642\u064a\u0627\u0633 (\u0628\u0648\u0635\u0629\u060c \u0625\u0635\u0628\u0639\u060c \u0636\u0628\u0627\u0628\u060c \u0645\u0644\u0644\u064a\u0645\u062a\u0631)\" width=\"1020\" height=\"574\" src=\"https:\/\/www.youtube.com\/embed\/uKk6AG_AZls?feature=oembed\" frameborder=\"0\" allow=\"accelerometer; autoplay; clipboard-write; encrypted-media; gyroscope; picture-in-picture\" allowfullscreen><\/iframe><\/p>\n<\/div>\n<div class=\"video video-fit mb\" style=\"padding-top:56.25%;\"><p>https:\/\/www.youtube.com\/watch?v=O8ZlzKEjfEQ%20<\/p>\n<\/div>\n<p><img data-recalc-dims=\"1\" loading=\"lazy\" decoding=\"async\" class=\"size-full wp-image-1977 alignleft\" src=\"https:\/\/i0.wp.com\/hortum.com.tr\/wp-content\/uploads\/urunler\/plastik\/celik-Telli-S%CC%A7effaf-Hortum.jpg?resize=732%2C371\" alt=\"\" width=\"732\" height=\"371\" title=\"\" srcset=\"https:\/\/i0.wp.com\/tuzlahortum.com.tr\/wp-content\/uploads\/urunler\/plastik\/celik-Telli-S%CC%A7effaf-Hortum.jpg?w=732&amp;ssl=1 732w, https:\/\/i0.wp.com\/tuzlahortum.com.tr\/wp-content\/uploads\/urunler\/plastik\/celik-Telli-S%CC%A7effaf-Hortum.jpg?resize=600%2C304&amp;ssl=1 600w\" sizes=\"auto, (max-width: 732px) 100vw, 732px\" \/><\/p>","protected":false},"excerpt":{"rendered":"<p>Telli \u015eeffaf Hortumlar \u00d6zellikler : \u2022 Emici ve verici olarak kullan\u0131labilir \u2022 Maksimum esneklik ve k\u0131r\u0131lmaya kar\u015f\u0131 son derece dayan\u0131kl\u0131d\u0131r. \u2022 -20\u00b0C and +65\u00b0C Dura\u011fan Halde \u2022 -5\u00b0C and +43\u00b0C Hareketli Halde\u00a0 Kullan\u0131m Alanlar\u0131 : \u2022 Hert\u00fcrl\u00fc s\u0131v\u0131 g\u0131da transferinde emme ve tahliye i\u015flerinde, emi\u015f pompalar\u0131nda, g\u0131da ve tar\u0131m sanayinde vb. alanlarda kullan\u0131l\u0131r.<\/p>","protected":false},"featured_media":448,"comment_status":"open","ping_status":"closed","template":"","meta":[],"product_brand":[],"product_cat":[170,172],"product_tag":[646,1204,290,1019,1203],"class_list":{"0":"post-930","1":"product","2":"type-product","3":"status-publish","4":"has-post-thumbnail","6":"product_cat-seffaf-hortumlar","7":"product_cat-telli-seffaf-hortumlar","8":"product_tag-celik","9":"product_tag-celik-telli-seffaf-hortum","10":"product_tag-hortum","11":"product_tag-seffaf","12":"product_tag-telli","14":"first","15":"instock","16":"taxable","17":"shipping-taxable","18":"product-type-variable"},"jetpack-related-posts":[{"id":12156,"url":"https:\/\/tuzlahortum.com.tr\/ar\/product\/telli-seffaf-hortumlar-kopya\/","url_meta":{"origin":930,"position":0},"title":"\u062e\u0631\u0637\u0648\u0645 \u0632\u064a\u062a \u0632\u064a\u062a\u0648\u0646 \u0633\u0644\u0643 \u0634\u0641\u0627\u0641","author":"\u0130smail \u00c7elik","date":"7 \u0623\u0643\u062a\u0648\u0628\u0631 2020","format":false,"excerpt":"Telli \u015eeffaf Hortum Zeytinya\u011f\u0131G\u0131da s\u0131v\u0131lar\u0131n\u0131n ve bitkisel ya\u011flar\u0131n\u0131n emilmesi ve iletilmesi i\u00e7in\u00a0 \u00e7elik telli spiralli PU hortum. Avrupa Birli\u011fi EU 10\/2011 A B C\u00a0 D2\u00a0 Normlar\u0131na uygun\u00a0 ve bitkisel ya\u011flar\u0131n, End\u00fcstriyel ya\u011flar\u0131n emilmesi ve iletilmesi kullan\u0131l\u0131r ve kokusuzdur. Hafif kimyasallar\u0131n transferlerinde kullan\u0131ma uygundur.","rel":"","context":"\u062a\u062f\u0648\u064a\u0646\u0629 \u0645\u0634\u0627\u0628\u0647\u0629","block_context":{"text":"\u062a\u062f\u0648\u064a\u0646\u0629 \u0645\u0634\u0627\u0628\u0647\u0629","link":""},"img":{"alt_text":"","src":"https:\/\/i0.wp.com\/tuzlahortum.com.tr\/wp-content\/uploads\/2020\/10\/TELLI-SEFFAF-ZEYTINYAGI-HORTUMU-5.jpeg?fit=1200%2C900&ssl=1&resize=350%2C200","width":350,"height":200,"srcset":"https:\/\/i0.wp.com\/tuzlahortum.com.tr\/wp-content\/uploads\/2020\/10\/TELLI-SEFFAF-ZEYTINYAGI-HORTUMU-5.jpeg?fit=1200%2C900&ssl=1&resize=350%2C200 1x, https:\/\/i0.wp.com\/tuzlahortum.com.tr\/wp-content\/uploads\/2020\/10\/TELLI-SEFFAF-ZEYTINYAGI-HORTUMU-5.jpeg?fit=1200%2C900&ssl=1&resize=525%2C300 1.5x, https:\/\/i0.wp.com\/tuzlahortum.com.tr\/wp-content\/uploads\/2020\/10\/TELLI-SEFFAF-ZEYTINYAGI-HORTUMU-5.jpeg?fit=1200%2C900&ssl=1&resize=700%2C400 2x, https:\/\/i0.wp.com\/tuzlahortum.com.tr\/wp-content\/uploads\/2020\/10\/TELLI-SEFFAF-ZEYTINYAGI-HORTUMU-5.jpeg?fit=1200%2C900&ssl=1&resize=1050%2C600 3x"},"classes":[]},{"id":912,"url":"https:\/\/tuzlahortum.com.tr\/ar\/product\/trelleborg-osl\/","url_meta":{"origin":930,"position":1},"title":"Trelleborg OSL","author":"admin","date":"6 \u0641\u0628\u0631\u0627\u064a\u0631 2019","format":false,"excerpt":"Trelleborg OSLSu\/Vakum uygulamalar\u0131 Su, g\u0131da \u00fcr\u00fcnleri (ya\u011fl\u0131 s\u00fct \u00fcr\u00fcnleri hari\u00e7), p\u00fcsk\u00fcrtme sol\u00fcsyonlar, kum, at\u0131k su ve kimyasal \u00fcr\u00fcnlerin \u00e7ekilmesi ve tahliyesi (PVC i\u00e7in kimyasal dayan\u0131m tablosuna bak\u0131n\u0131z). Avantajlar *D\u00fczg\u00fcn u\u00e7. *\u0130ste\u011fe g\u00f6re \u00e7e\u015fitli uzunluklarda kesilerek teslim edilebilir. *Geni\u015f \u00e7e\u015fitlilikte \u00e7aplar. *Avrupa direktifine uygun g\u0131da kalitesinde. Teknik a\u00e7\u0131klama \u0130\u00e7 t\u00fcp :\u00a0PVC,\u2026","rel":"","context":"\u062a\u062f\u0648\u064a\u0646\u0629 \u0645\u0634\u0627\u0628\u0647\u0629","block_context":{"text":"\u062a\u062f\u0648\u064a\u0646\u0629 \u0645\u0634\u0627\u0628\u0647\u0629","link":""},"img":{"alt_text":"","src":"https:\/\/i0.wp.com\/tuzlahortum.com.tr\/wp-content\/uploads\/2019\/02\/OSL.jpg?fit=800%2C800&ssl=1&resize=350%2C200","width":350,"height":200,"srcset":"https:\/\/i0.wp.com\/tuzlahortum.com.tr\/wp-content\/uploads\/2019\/02\/OSL.jpg?fit=800%2C800&ssl=1&resize=350%2C200 1x, https:\/\/i0.wp.com\/tuzlahortum.com.tr\/wp-content\/uploads\/2019\/02\/OSL.jpg?fit=800%2C800&ssl=1&resize=525%2C300 1.5x, https:\/\/i0.wp.com\/tuzlahortum.com.tr\/wp-content\/uploads\/2019\/02\/OSL.jpg?fit=800%2C800&ssl=1&resize=700%2C400 2x"},"classes":[]},{"id":859,"url":"https:\/\/tuzlahortum.com.tr\/ar\/product\/vidanjor-hortumu\/","url_meta":{"origin":930,"position":2},"title":"\u062e\u0631\u0637\u0648\u0645 \u0641\u0631\u0627\u063a","author":"admin","date":"6 \u0641\u0628\u0631\u0627\u064a\u0631 2019","format":false,"excerpt":"Vidanj\u00f6r hortumu\u00d6zellikler Emici ve verici olarak kullan\u0131labilir. Esnek \u015feffaf PVC, y\u00fcksek mukavemetli, k\u0131r\u0131lmaya kar\u015f\u0131 maksimum dayan\u0131kl\u0131 sert PVC takviyesiyle \u00fcretilmektedir. \u00c7al\u0131\u015fma S\u0131cakl\u0131\u011f\u0131 -5\u00b0C ile +60\u00b0C aras\u0131 Kullan\u0131m Alanlar\u0131 Vidanj\u00f6rlerde a\u011f\u0131r hizmetlerde her t\u00fcrl\u00fc \u00a0likit ve sair malzeme naklinde kullan\u0131labilir. \u00c7ap (inch) \u00c7ap (mm) Uzunluk (mt) 4\" 102 mm 15","rel":"","context":"\u062a\u062f\u0648\u064a\u0646\u0629 \u0645\u0634\u0627\u0628\u0647\u0629","block_context":{"text":"\u062a\u062f\u0648\u064a\u0646\u0629 \u0645\u0634\u0627\u0628\u0647\u0629","link":""},"img":{"alt_text":"","src":"https:\/\/i0.wp.com\/tuzlahortum.com.tr\/wp-content\/uploads\/urunler\/plastik\/VI%CC%87DANJO%CC%88R-HORTUMU.jpg?fit=640%2C480&ssl=1&resize=350%2C200","width":350,"height":200,"srcset":"https:\/\/i0.wp.com\/tuzlahortum.com.tr\/wp-content\/uploads\/urunler\/plastik\/VI%CC%87DANJO%CC%88R-HORTUMU.jpg?fit=640%2C480&ssl=1&resize=350%2C200 1x, https:\/\/i0.wp.com\/tuzlahortum.com.tr\/wp-content\/uploads\/urunler\/plastik\/VI%CC%87DANJO%CC%88R-HORTUMU.jpg?fit=640%2C480&ssl=1&resize=525%2C300 1.5x"},"classes":[]},{"id":825,"url":"https:\/\/tuzlahortum.com.tr\/ar\/product\/v-tipi-sari-verici-hortum-standart\/","url_meta":{"origin":930,"position":3},"title":"\u062e\u0631\u0637\u0648\u0645 \u0627\u0644\u0625\u0631\u0633\u0627\u0644 \u0627\u0644\u0623\u0635\u0641\u0631 \u0645\u0646 \u0627\u0644\u0646\u0648\u0639 V (\u0642\u064a\u0627\u0633\u064a)","author":"admin","date":"6 \u0641\u0628\u0631\u0627\u064a\u0631 2019","format":false,"excerpt":"V Tipi Sar\u0131 Verici Hortum (STANDART)\u00d6zellikler Emici ve verici olarak kullan\u0131labilir. Esnek \u015feffaf PVC, y\u00fcksek mukavemetli, k\u0131r\u0131lmaya kar\u015f\u0131 maksimum dayan\u0131kl\u0131 sert PVC takviyesiyle \u00fcretilmektedir. \u0130\u00e7 ve d\u0131\u015f y\u00fczey d\u00fczd\u00fcr. \u00c7al\u0131\u015fma S\u0131cakl\u0131\u011f\u0131 -5\u00b0C ile +60\u00b0C aras\u0131 Kullan\u0131m Alanlar\u0131 Tar\u0131m, sanayi ve in\u015faat sekt\u00f6r\u00fcnde , pompa emi\u015flerinde, likit ve sair malzeme naklinde\u00a0\u2026","rel":"","context":"\u062a\u062f\u0648\u064a\u0646\u0629 \u0645\u0634\u0627\u0628\u0647\u0629","block_context":{"text":"\u062a\u062f\u0648\u064a\u0646\u0629 \u0645\u0634\u0627\u0628\u0647\u0629","link":""},"img":{"alt_text":"","src":"https:\/\/i0.wp.com\/tuzlahortum.com.tr\/wp-content\/uploads\/urunler\/plastik\/39.jpg?fit=456%2C232&ssl=1&resize=350%2C200","width":350,"height":200},"classes":[]},{"id":917,"url":"https:\/\/tuzlahortum.com.tr\/ar\/product\/trelleborg-osx\/","url_meta":{"origin":930,"position":4},"title":"Trelleborg OSX","author":"admin","date":"6 \u0641\u0628\u0631\u0627\u064a\u0631 2019","format":false,"excerpt":"Trelleborg OSXSu\/Vakum uygulamalar\u0131 \u00c7e\u015fitli s\u0131v\u0131lar ve genel end\u00fcstride kullan\u0131lan orta derecede a\u015f\u0131nd\u0131r\u0131c\u0131 kat\u0131lar\u0131n \u00e7ekilmesi ve\u00a0tahliyesi. Tohum ekme, drenaj, kanalizasyon ve su ta\u015f\u0131ma gibi tar\u0131msal uygulamalar Ayr\u0131ca itfaiye ve tesis ekipman\u0131nda (yeralt\u0131 suyunun pompalanmas\u0131) i\u00e7in kullan\u0131l\u0131r. Avantajlar *\u015eeffaf PVC, y\u00fcksek \u00e7ekme dayan\u0131m\u0131na sahip \u00e7elik helisli \u00e7ekme ve tahliye hortumu. *D\u00fczg\u00fcn u\u00e7.\u2026","rel":"","context":"\u062a\u062f\u0648\u064a\u0646\u0629 \u0645\u0634\u0627\u0628\u0647\u0629","block_context":{"text":"\u062a\u062f\u0648\u064a\u0646\u0629 \u0645\u0634\u0627\u0628\u0647\u0629","link":""},"img":{"alt_text":"","src":"https:\/\/i0.wp.com\/tuzlahortum.com.tr\/wp-content\/uploads\/2019\/02\/OSX.jpg?fit=800%2C800&ssl=1&resize=350%2C200","width":350,"height":200,"srcset":"https:\/\/i0.wp.com\/tuzlahortum.com.tr\/wp-content\/uploads\/2019\/02\/OSX.jpg?fit=800%2C800&ssl=1&resize=350%2C200 1x, https:\/\/i0.wp.com\/tuzlahortum.com.tr\/wp-content\/uploads\/2019\/02\/OSX.jpg?fit=800%2C800&ssl=1&resize=525%2C300 1.5x, https:\/\/i0.wp.com\/tuzlahortum.com.tr\/wp-content\/uploads\/2019\/02\/OSX.jpg?fit=800%2C800&ssl=1&resize=700%2C400 2x"},"classes":[]},{"id":864,"url":"https:\/\/tuzlahortum.com.tr\/ar\/product\/lls-tipi-seffaf-spiralli-lavabo-sifon-hortumu-standart\/","url_meta":{"origin":930,"position":5},"title":"LLS \u0646\u0648\u0639 \u0634\u0641\u0627\u0641 \u0644\u0648\u0644\u0628\u064a\u0629 \u062e\u0631\u0637\u0648\u0645 \u0633\u064a\u0641\u0648\u0646 \u0628\u0627\u0644\u0648\u0639\u0629 (\u0642\u064a\u0627\u0633\u064a)","author":"admin","date":"6 \u0641\u0628\u0631\u0627\u064a\u0631 2019","format":false,"excerpt":"LLS Tipi \u015eeffaf Spiralli Lavabo Sifon Hortumu (STANDART)LS ve LLS Tipi hortumlar\u0131n i\u00e7 y\u00fczeyinin d\u00fczg\u00fcn olu\u015fu su ak\u0131\u015f\u0131n\u0131 kolayla\u015ft\u0131ran en \u00f6nemli \u00f6zelli\u011fidir. \u00d6zellikler Verici olarak kullan\u0131labilir. Esnek \u015feffaf PVC, y\u00fcksek mukavemetli, k\u0131r\u0131lmaya kar\u015f\u0131 maksimum dayan\u0131kl\u0131 sert PVC takviyesiyle \u00fcretilmektedir. \u0130\u00e7 y\u00fczey d\u00fcz, d\u0131\u015f y\u00fczey bo\u011fumludur. \u00c7al\u0131\u015fma S\u0131cakl\u0131\u011f\u0131 -5\u00b0C ile +60\u00b0C\u2026","rel":"","context":"\u062a\u062f\u0648\u064a\u0646\u0629 \u0645\u0634\u0627\u0628\u0647\u0629","block_context":{"text":"\u062a\u062f\u0648\u064a\u0646\u0629 \u0645\u0634\u0627\u0628\u0647\u0629","link":""},"img":{"alt_text":"","src":"https:\/\/i0.wp.com\/tuzlahortum.com.tr\/wp-content\/uploads\/urunler\/plastik\/LLS-TI%CC%87PI%CC%87-S%CC%A7EFFAF-SPI%CC%87RALLI%CC%87-LAVABO-SI%CC%87FON-HORTUMU-ORTA-1.jpg?fit=640%2C480&ssl=1&resize=350%2C200","width":350,"height":200,"srcset":"https:\/\/i0.wp.com\/tuzlahortum.com.tr\/wp-content\/uploads\/urunler\/plastik\/LLS-TI%CC%87PI%CC%87-S%CC%A7EFFAF-SPI%CC%87RALLI%CC%87-LAVABO-SI%CC%87FON-HORTUMU-ORTA-1.jpg?fit=640%2C480&ssl=1&resize=350%2C200 1x, https:\/\/i0.wp.com\/tuzlahortum.com.tr\/wp-content\/uploads\/urunler\/plastik\/LLS-TI%CC%87PI%CC%87-S%CC%A7EFFAF-SPI%CC%87RALLI%CC%87-LAVABO-SI%CC%87FON-HORTUMU-ORTA-1.jpg?fit=640%2C480&ssl=1&resize=525%2C300 1.5x"},"classes":[]}],"jetpack_sharing_enabled":true,"jetpack_likes_enabled":true,"_links":{"self":[{"href":"https:\/\/tuzlahortum.com.tr\/ar\/wp-json\/wp\/v2\/product\/930","targetHints":{"allow":["GET"]}}],"collection":[{"href":"https:\/\/tuzlahortum.com.tr\/ar\/wp-json\/wp\/v2\/product"}],"about":[{"href":"https:\/\/tuzlahortum.com.tr\/ar\/wp-json\/wp\/v2\/types\/product"}],"replies":[{"embeddable":true,"href":"https:\/\/tuzlahortum.com.tr\/ar\/wp-json\/wp\/v2\/comments?post=930"}],"wp:featuredmedia":[{"embeddable":true,"href":"https:\/\/tuzlahortum.com.tr\/ar\/wp-json\/wp\/v2\/media\/448"}],"wp:attachment":[{"href":"https:\/\/tuzlahortum.com.tr\/ar\/wp-json\/wp\/v2\/media?parent=930"}],"wp:term":[{"taxonomy":"product_brand","embeddable":true,"href":"https:\/\/tuzlahortum.com.tr\/ar\/wp-json\/wp\/v2\/product_brand?post=930"},{"taxonomy":"product_cat","embeddable":true,"href":"https:\/\/tuzlahortum.com.tr\/ar\/wp-json\/wp\/v2\/product_cat?post=930"},{"taxonomy":"product_tag","embeddable":true,"href":"https:\/\/tuzlahortum.com.tr\/ar\/wp-json\/wp\/v2\/product_tag?post=930"}],"curies":[{"name":"\u062f\u0628\u0644\u064a\u0648 \u0628\u064a","href":"https:\/\/api.w.org\/{rel}","templated":true}]}}