{"id":928,"date":"2019-02-06T23:55:51","date_gmt":"2019-02-06T20:55:51","guid":{"rendered":"http:\/\/hortum.com.tr\/product\/import-placeholder-for-395\/"},"modified":"2024-03-21T17:40:33","modified_gmt":"2024-03-21T14:40:33","slug":"cift-kapakli-siva-alti-sac-kapakli-sulu-sistem","status":"publish","type":"product","link":"https:\/\/tuzlahortum.com.tr\/ar\/product\/cift-kapakli-siva-alti-sac-kapakli-sulu-sistem\/","title":{"rendered":"\u063a\u0637\u0627\u0621 \u0645\u0632\u062f\u0648\u062c - \u063a\u0637\u0627\u0621 \u0645\u0639\u062f\u0646\u064a \u0645\u062c\u0648\u0641 (\u0646\u0638\u0627\u0645 \u0627\u0644\u0645\u064a\u0627\u0647) (60\u00d780)"},"content":{"rendered":"<h2>\u063a\u0637\u0627\u0621 \u0645\u0632\u062f\u0648\u062c - \u063a\u0637\u0627\u0621 \u0645\u0639\u062f\u0646\u064a \u0645\u062c\u0648\u0641 (\u0646\u0638\u0627\u0645 \u0627\u0644\u0645\u064a\u0627\u0647) (60\u00d780)<\/h2>\n<h3>\u0645\u0642\u0627\u0633 60 * 80<\/h3>\n<ul class=\"list-style-2\">\n<li class=\"check-list\">1 \u2033 TS EN 694 \u062e\u0631\u0637\u0648\u0645 \u062d\u0631\u064a\u0642 \u0645\u0637\u0627\u0637\u064a \u0634\u0628\u0647 \u0635\u0644\u0628<\/li>\n<li class=\"check-list\">1 \u060c \u0631\u0634\u0627\u0634 \u0646\u0641\u0627\u062b<\/li>\n<\/ul>\n<div class=\"row\">\n<table class=\"table table-bordered span5\">\n<thead>\n<tr>\n<th>\u00a0<\/th>\n<th>20 \u0637\u0646 \u0645\u062a\u0631\u064a<\/th>\n<th>25 \u0637\u0646 \u0645\u062a\u0631\u064a<\/th>\n<th>30 \u0637\u0646 \u0645\u062a\u0631\u064a<\/th>\n<\/tr>\n<\/thead>\n<tbody>\n<tr>\n<td><strong>1 \u060c \u0635\u0645\u0627\u0645 \u0627\u0644\u0643\u0631\u0629 TSE<\/strong><\/td>\n<td>\u0628\u064a -140<\/td>\n<td>PI-141<\/td>\n<td>PI-142<\/td>\n<\/tr>\n<tr>\n<td><strong>2 \u060c \u0635\u0645\u0627\u0645 \u0627\u0644\u0646\u0627\u0631 (\u0645\u0639 2&gt; 1 \u0645\u062d\u0648\u0644)<\/strong><\/td>\n<td>\u0628\u064a -240<\/td>\n<td>PI-241<\/td>\n<td>PI-242<\/td>\n<\/tr>\n<\/tbody>\n<\/table>\n<\/div>","protected":false},"excerpt":{"rendered":"<p>\u00c7ift Kapakl\u0131 &#8211; S\u0131va Alt\u0131 Sa\u00e7 Kapakl\u0131 (Sulu Sistem)(60&#215;80) \u00d6L\u00c7\u00dc 60*80 1&#8243; TS EN 694 yar\u0131 sert kau\u00e7uk yang\u0131n hortumu 1&#8243; jet sprey lans \u00a0 20 MT 25 MT 30 MT 1&#8243; TSE K\u00fcresel Vanal\u0131 P\u0130-140 P\u0130-141 P\u0130-142 2&#8243; Yang\u0131n Vanal\u0131 ( 2&gt;1&#8217;e D\u00f6n\u00fc\u015ft\u00fcr\u00fcc\u00fcl\u00fc ) P\u0130-240 P\u0130-241 P\u0130-242<\/p>","protected":false},"featured_media":7294,"comment_status":"open","ping_status":"closed","template":"","meta":{"jetpack_post_was_ever_published":false},"product_brand":[],"product_cat":[118],"product_tag":[958,957,518,348,955,1202,352,349],"class_list":{"0":"post-928","1":"product","2":"type-product","3":"status-publish","4":"has-post-thumbnail","6":"product_cat-sulu-sistem-ts-en-671-1","7":"product_tag-cift-kapakli","8":"product_tag-jet-sprey-lans","9":"product_tag-kaucuk","10":"product_tag-sac-kapak","11":"product_tag-siva-alti","12":"product_tag-sulu-sistem","13":"product_tag-yangin-dolabi","14":"product_tag-yangin-hortumu","16":"first","17":"instock","18":"taxable","19":"shipping-taxable","20":"product-type-variable"},"jetpack-related-posts":[],"jetpack_sharing_enabled":true,"jetpack_likes_enabled":true,"_links":{"self":[{"href":"https:\/\/tuzlahortum.com.tr\/ar\/wp-json\/wp\/v2\/product\/928","targetHints":{"allow":["GET"]}}],"collection":[{"href":"https:\/\/tuzlahortum.com.tr\/ar\/wp-json\/wp\/v2\/product"}],"about":[{"href":"https:\/\/tuzlahortum.com.tr\/ar\/wp-json\/wp\/v2\/types\/product"}],"replies":[{"embeddable":true,"href":"https:\/\/tuzlahortum.com.tr\/ar\/wp-json\/wp\/v2\/comments?post=928"}],"wp:featuredmedia":[{"embeddable":true,"href":"https:\/\/tuzlahortum.com.tr\/ar\/wp-json\/wp\/v2\/media\/7294"}],"wp:attachment":[{"href":"https:\/\/tuzlahortum.com.tr\/ar\/wp-json\/wp\/v2\/media?parent=928"}],"wp:term":[{"taxonomy":"product_brand","embeddable":true,"href":"https:\/\/tuzlahortum.com.tr\/ar\/wp-json\/wp\/v2\/product_brand?post=928"},{"taxonomy":"product_cat","embeddable":true,"href":"https:\/\/tuzlahortum.com.tr\/ar\/wp-json\/wp\/v2\/product_cat?post=928"},{"taxonomy":"product_tag","embeddable":true,"href":"https:\/\/tuzlahortum.com.tr\/ar\/wp-json\/wp\/v2\/product_tag?post=928"}],"curies":[{"name":"\u062f\u0628\u0644\u064a\u0648 \u0628\u064a","href":"https:\/\/api.w.org\/{rel}","templated":true}]}}